{"id":21816,"date":"2024-06-25T13:56:36","date_gmt":"2024-06-25T11:56:36","guid":{"rendered":"https:\/\/revolutionpadelstore.com\/siux-electra-st3-stupa-pro\/"},"modified":"2026-04-10T02:05:38","modified_gmt":"2026-04-10T00:05:38","slug":"siux-electra-st3-stupa-pro-3","status":"publish","type":"product","link":"https:\/\/revolutionpadelstore.com\/fr\/produit\/siux-electra-st3-stupa-pro-3\/","title":{"rendered":"SIUX ELECTRA ST3 STUPA PRO"},"content":{"rendered":"<h2>Siux Electra ST3 Stupa Pro, bonne maniabilit\u00e9<\/h2>\n<p>La Siux Electra ST3 Stupa Pro est une raquette hybride au toucher moyen qui fait partie de la s\u00e9rie Pro de Siux. Elle est con\u00e7ue pour les joueurs de padel avanc\u00e9s ou professionnels et est la raquette officielle du joueur <strong>Franco Stupaczuk.<\/strong><\/p>\n<p>Elle pr\u00e9sente une forme hybride avec un \u00e9quilibre moyen, ce qui en fait une raquette tr\u00e8s \u00e9quilibr\u00e9e qui conf\u00e8re puissance dans les frappes offensives et contr\u00f4le dans les jeux d\u00e9fensifs. Il vous offre une combinaison parfaite de puissance et de contr\u00f4le.<\/p>\n<p>D&#8217;autre part, il a un poids compris entre <strong>355 et 375 grammes<\/strong>, ce qui signifie que vous pouvez le manipuler tr\u00e8s facilement gr\u00e2ce \u00e0 sa l\u00e9g\u00e8ret\u00e9 et que vous pouvez vous d\u00e9placer sur la piste sans aucun type de limitation.<\/p>\n<h2>Polyvalence et bonne adaptabilit\u00e9<\/h2>\n<p>Les faces de cette raquette Siux pour hommes sont fabriqu\u00e9es en Carbone Textreme 15K 20*40, un tissu de carbone de haute qualit\u00e9 avec un motif de 20 fils par 40 fils, qui offre rigidit\u00e9, r\u00e9sistance et un excellent \u00e9quilibre entre contr\u00f4le et puissance. De plus, les appartements ont une finition brillante et sabl\u00e9e, ce qui permet \u00e0 la balle de tourner avec plus de vitesse et d&#8217;effets.<\/p>\n<p>Le cadre tubulaire est compos\u00e9 de<strong>Carbone 3K et d&#8217;Aramide<\/strong>, qui conf\u00e8rent \u00e0 la raquette une r\u00e9sistance \u00e0 l&#8217;usure, un contr\u00f4le et une durabilit\u00e9 sup\u00e9rieurs. De plus, les vibrations sont r\u00e9duites tandis que le confort augmente. Du <strong>caoutchouc EVA dur<\/strong> a \u00e9t\u00e9 incorpor\u00e9 dans le noyau interne, ce qui offre une bonne sortie de balle et un bon rebond.<\/p>\n<h3>Style unique<\/h3>\n<p>Si l&#8217;on se concentre sur son design, on peut souligner la combinaison de la simplicit\u00e9 du corps de la lame avec les d\u00e9tails m\u00e9talliques et le jaune m\u00e9tallique du pont, ce qui permet d&#8217;obtenir un contraste harmonieux et unique.<\/p>\n<p>Concernant ses technologies, il int\u00e8gre le <em>Dual Pro Grip<\/em>, qui offre une adh\u00e9rence plus confortable et naturelle car il est fabriqu\u00e9 en caoutchouc FOAM. Vous pourrez tenir la pagaie plus fermement et en toute s\u00e9curit\u00e9.<\/p>\n<p>De m\u00eame, pour r\u00e9duire le risque de blessures aux coudes et aux poignets, il comprend des Dampeners, un syst\u00e8me qui r\u00e9duit les vibrations apr\u00e8s un impact.<\/p>\n<h2>Siux Electra ST3 Stupa Pro, buena manejabilidad<\/h2>\n","protected":false},"excerpt":{"rendered":"<p>Siux Electra ST3 Stupa Pro, bonne maniabilit\u00e9 La Siux Electra ST3 Stupa Pro est une raquette hybride au toucher moyen qui fait partie de la s\u00e9rie Pro de Siux. Elle est con\u00e7ue pour les joueurs de padel avanc\u00e9s ou professionnels et est la raquette officielle du joueur Franco Stupaczuk. Elle pr\u00e9sente une forme hybride avec [&hellip;]<\/p>\n","protected":false},"featured_media":266425,"comment_status":"open","ping_status":"closed","template":"","meta":{"_acf_changed":false,"_joinchat":[]},"acabado":[1082,1097],"balance":[1142],"dureza":[1157],"forma":[1177],"jugador":[1192,1202],"marca":[1307],"nivel-de-juego":[1337],"superficie":[1362],"tipo-de-juego":[1392,1387],"product_brand":[],"product_cat":[302],"product_tag":[],"class_list":{"0":"post-21816","1":"product","2":"type-product","3":"status-publish","4":"has-post-thumbnail","6":"acabado-luminosite","7":"acabado-sable","8":"balance-moyen","9":"dureza-media-fr","10":"forma-hybride","11":"jugador-homme","12":"jugador-polivalente-fr","13":"marca-siux-fr","14":"superficie-rugosa-fr","15":"tipo-de-juego-avanzado-competicion-fr","16":"tipo-de-juego-polivalente-fr","17":"product_cat-palas-de-padel-fr","19":"first","20":"instock","21":"sale","22":"taxable","23":"shipping-taxable","24":"purchasable","25":"product-type-simple"},"acf":[],"yoast_head":"<!-- This site is optimized with the Yoast SEO plugin v27.4 - https:\/\/yoast.com\/product\/yoast-seo-wordpress\/ -->\n<title>SIUX ELECTRA ST3 STUPA PRO - Revolution Padel Store<\/title>\n<meta name=\"description\" content=\"Siux Electra ST3 Stupa Pro, pala h\u00edbrida con balance medio para jugadores avanzados. N\u00facleo de EVA Hard, marco de Carbono 3K y Aramida y caras de Carbono 15K 20*40 Textreme.\" \/>\n<meta name=\"robots\" content=\"index, follow, max-snippet:-1, max-image-preview:large, max-video-preview:-1\" \/>\n<link rel=\"canonical\" href=\"https:\/\/revolutionpadelstore.com\/fr\/produit\/siux-electra-st3-stupa-pro-3\/\" \/>\n<meta property=\"og:locale\" content=\"fr_FR\" \/>\n<meta property=\"og:type\" content=\"article\" \/>\n<meta property=\"og:title\" content=\"COMPRAR SIUX ELECTRA ST3 STUPA PRO\" \/>\n<meta property=\"og:description\" content=\"Siux Electra ST3 Stupa Pro, pala h\u00edbrida con balance medio para jugadores avanzados. N\u00facleo de EVA Hard, marco de Carbono 3K y Aramida y caras de Carbono 15K 20*40 Textreme.\" \/>\n<meta property=\"og:url\" content=\"https:\/\/revolutionpadelstore.com\/fr\/produit\/siux-electra-st3-stupa-pro-3\/\" \/>\n<meta property=\"og:site_name\" content=\"Revolution Padel Store\" \/>\n<meta property=\"article:modified_time\" content=\"2026-04-10T00:05:38+00:00\" \/>\n<meta property=\"og:image\" content=\"https:\/\/revolutionpadelstore.com\/wp-content\/uploads\/2024\/06\/109477-siux-electra-stupa-pro-st3-1500x1500-vista1.webp\" \/>\n\t<meta property=\"og:image:width\" content=\"1500\" \/>\n\t<meta property=\"og:image:height\" content=\"1500\" \/>\n\t<meta property=\"og:image:type\" content=\"image\/webp\" \/>\n<meta name=\"twitter:card\" content=\"summary_large_image\" \/>\n<meta name=\"twitter:label1\" content=\"Dur\u00e9e de lecture estim\u00e9e\" \/>\n\t<meta name=\"twitter:data1\" content=\"2 minutes\" \/>\n<script type=\"application\/ld+json\" class=\"yoast-schema-graph\">{\"@context\":\"https:\\\/\\\/schema.org\",\"@graph\":[{\"@type\":\"WebPage\",\"@id\":\"https:\\\/\\\/revolutionpadelstore.com\\\/fr\\\/produit\\\/siux-electra-st3-stupa-pro-3\\\/\",\"url\":\"https:\\\/\\\/revolutionpadelstore.com\\\/fr\\\/produit\\\/siux-electra-st3-stupa-pro-3\\\/\",\"name\":\"SIUX ELECTRA ST3 STUPA PRO - Revolution Padel Store\",\"isPartOf\":{\"@id\":\"https:\\\/\\\/revolutionpadelstore.com\\\/fr\\\/#website\"},\"primaryImageOfPage\":{\"@id\":\"https:\\\/\\\/revolutionpadelstore.com\\\/fr\\\/produit\\\/siux-electra-st3-stupa-pro-3\\\/#primaryimage\"},\"image\":{\"@id\":\"https:\\\/\\\/revolutionpadelstore.com\\\/fr\\\/produit\\\/siux-electra-st3-stupa-pro-3\\\/#primaryimage\"},\"thumbnailUrl\":\"https:\\\/\\\/revolutionpadelstore.com\\\/wp-content\\\/uploads\\\/2024\\\/06\\\/109477-siux-electra-stupa-pro-st3-1500x1500-vista1.webp\",\"datePublished\":\"2024-06-25T11:56:36+00:00\",\"dateModified\":\"2026-04-10T00:05:38+00:00\",\"description\":\"Siux Electra ST3 Stupa Pro, pala h\u00edbrida con balance medio para jugadores avanzados. N\u00facleo de EVA Hard, marco de Carbono 3K y Aramida y caras de Carbono 15K 20*40 Textreme.\",\"breadcrumb\":{\"@id\":\"https:\\\/\\\/revolutionpadelstore.com\\\/fr\\\/produit\\\/siux-electra-st3-stupa-pro-3\\\/#breadcrumb\"},\"inLanguage\":\"fr-FR\",\"potentialAction\":[{\"@type\":\"ReadAction\",\"target\":[\"https:\\\/\\\/revolutionpadelstore.com\\\/fr\\\/produit\\\/siux-electra-st3-stupa-pro-3\\\/\"]}]},{\"@type\":\"ImageObject\",\"inLanguage\":\"fr-FR\",\"@id\":\"https:\\\/\\\/revolutionpadelstore.com\\\/fr\\\/produit\\\/siux-electra-st3-stupa-pro-3\\\/#primaryimage\",\"url\":\"https:\\\/\\\/revolutionpadelstore.com\\\/wp-content\\\/uploads\\\/2024\\\/06\\\/109477-siux-electra-stupa-pro-st3-1500x1500-vista1.webp\",\"contentUrl\":\"https:\\\/\\\/revolutionpadelstore.com\\\/wp-content\\\/uploads\\\/2024\\\/06\\\/109477-siux-electra-stupa-pro-st3-1500x1500-vista1.webp\",\"width\":1500,\"height\":1500},{\"@type\":\"BreadcrumbList\",\"@id\":\"https:\\\/\\\/revolutionpadelstore.com\\\/fr\\\/produit\\\/siux-electra-st3-stupa-pro-3\\\/#breadcrumb\",\"itemListElement\":[{\"@type\":\"ListItem\",\"position\":1,\"name\":\"Portada\",\"item\":\"https:\\\/\\\/revolutionpadelstore.com\\\/fr\\\/\"},{\"@type\":\"ListItem\",\"position\":2,\"name\":\"Boutique\",\"item\":\"https:\\\/\\\/revolutionpadelstore.com\\\/fr\\\/tienda\\\/\"},{\"@type\":\"ListItem\",\"position\":3,\"name\":\"SIUX ELECTRA ST3 STUPA PRO\"}]},{\"@type\":\"WebSite\",\"@id\":\"https:\\\/\\\/revolutionpadelstore.com\\\/fr\\\/#website\",\"url\":\"https:\\\/\\\/revolutionpadelstore.com\\\/fr\\\/\",\"name\":\"Revolution Padel Store\",\"description\":\"\",\"publisher\":{\"@id\":\"https:\\\/\\\/revolutionpadelstore.com\\\/fr\\\/#organization\"},\"potentialAction\":[{\"@type\":\"SearchAction\",\"target\":{\"@type\":\"EntryPoint\",\"urlTemplate\":\"https:\\\/\\\/revolutionpadelstore.com\\\/fr\\\/?s={search_term_string}\"},\"query-input\":{\"@type\":\"PropertyValueSpecification\",\"valueRequired\":true,\"valueName\":\"search_term_string\"}}],\"inLanguage\":\"fr-FR\"},{\"@type\":\"Organization\",\"@id\":\"https:\\\/\\\/revolutionpadelstore.com\\\/fr\\\/#organization\",\"name\":\"Revolution Padel Store\",\"url\":\"https:\\\/\\\/revolutionpadelstore.com\\\/fr\\\/\",\"logo\":{\"@type\":\"ImageObject\",\"inLanguage\":\"fr-FR\",\"@id\":\"https:\\\/\\\/revolutionpadelstore.com\\\/fr\\\/#\\\/schema\\\/logo\\\/image\\\/\",\"url\":\"https:\\\/\\\/revolutionpadelstore.com\\\/wp-content\\\/uploads\\\/2026\\\/02\\\/revolution-padel-store.jpg\",\"contentUrl\":\"https:\\\/\\\/revolutionpadelstore.com\\\/wp-content\\\/uploads\\\/2026\\\/02\\\/revolution-padel-store.jpg\",\"width\":2000,\"height\":2000,\"caption\":\"Revolution Padel Store\"},\"image\":{\"@id\":\"https:\\\/\\\/revolutionpadelstore.com\\\/fr\\\/#\\\/schema\\\/logo\\\/image\\\/\"},\"sameAs\":[\"https:\\\/\\\/www.instagram.com\\\/revolutionpadelstore\\\/\"]}]}<\/script>\n<!-- \/ Yoast SEO plugin. -->","yoast_head_json":{"title":"SIUX ELECTRA ST3 STUPA PRO - Revolution Padel Store","description":"Siux Electra ST3 Stupa Pro, pala h\u00edbrida con balance medio para jugadores avanzados. N\u00facleo de EVA Hard, marco de Carbono 3K y Aramida y caras de Carbono 15K 20*40 Textreme.","robots":{"index":"index","follow":"follow","max-snippet":"max-snippet:-1","max-image-preview":"max-image-preview:large","max-video-preview":"max-video-preview:-1"},"canonical":"https:\/\/revolutionpadelstore.com\/fr\/produit\/siux-electra-st3-stupa-pro-3\/","og_locale":"fr_FR","og_type":"article","og_title":"COMPRAR SIUX ELECTRA ST3 STUPA PRO","og_description":"Siux Electra ST3 Stupa Pro, pala h\u00edbrida con balance medio para jugadores avanzados. N\u00facleo de EVA Hard, marco de Carbono 3K y Aramida y caras de Carbono 15K 20*40 Textreme.","og_url":"https:\/\/revolutionpadelstore.com\/fr\/produit\/siux-electra-st3-stupa-pro-3\/","og_site_name":"Revolution Padel Store","article_modified_time":"2026-04-10T00:05:38+00:00","og_image":[{"width":1500,"height":1500,"url":"https:\/\/revolutionpadelstore.com\/wp-content\/uploads\/2024\/06\/109477-siux-electra-stupa-pro-st3-1500x1500-vista1.webp","type":"image\/webp"}],"twitter_card":"summary_large_image","twitter_misc":{"Dur\u00e9e de lecture estim\u00e9e":"2 minutes"},"schema":{"@context":"https:\/\/schema.org","@graph":[{"@type":"WebPage","@id":"https:\/\/revolutionpadelstore.com\/fr\/produit\/siux-electra-st3-stupa-pro-3\/","url":"https:\/\/revolutionpadelstore.com\/fr\/produit\/siux-electra-st3-stupa-pro-3\/","name":"SIUX ELECTRA ST3 STUPA PRO - Revolution Padel Store","isPartOf":{"@id":"https:\/\/revolutionpadelstore.com\/fr\/#website"},"primaryImageOfPage":{"@id":"https:\/\/revolutionpadelstore.com\/fr\/produit\/siux-electra-st3-stupa-pro-3\/#primaryimage"},"image":{"@id":"https:\/\/revolutionpadelstore.com\/fr\/produit\/siux-electra-st3-stupa-pro-3\/#primaryimage"},"thumbnailUrl":"https:\/\/revolutionpadelstore.com\/wp-content\/uploads\/2024\/06\/109477-siux-electra-stupa-pro-st3-1500x1500-vista1.webp","datePublished":"2024-06-25T11:56:36+00:00","dateModified":"2026-04-10T00:05:38+00:00","description":"Siux Electra ST3 Stupa Pro, pala h\u00edbrida con balance medio para jugadores avanzados. N\u00facleo de EVA Hard, marco de Carbono 3K y Aramida y caras de Carbono 15K 20*40 Textreme.","breadcrumb":{"@id":"https:\/\/revolutionpadelstore.com\/fr\/produit\/siux-electra-st3-stupa-pro-3\/#breadcrumb"},"inLanguage":"fr-FR","potentialAction":[{"@type":"ReadAction","target":["https:\/\/revolutionpadelstore.com\/fr\/produit\/siux-electra-st3-stupa-pro-3\/"]}]},{"@type":"ImageObject","inLanguage":"fr-FR","@id":"https:\/\/revolutionpadelstore.com\/fr\/produit\/siux-electra-st3-stupa-pro-3\/#primaryimage","url":"https:\/\/revolutionpadelstore.com\/wp-content\/uploads\/2024\/06\/109477-siux-electra-stupa-pro-st3-1500x1500-vista1.webp","contentUrl":"https:\/\/revolutionpadelstore.com\/wp-content\/uploads\/2024\/06\/109477-siux-electra-stupa-pro-st3-1500x1500-vista1.webp","width":1500,"height":1500},{"@type":"BreadcrumbList","@id":"https:\/\/revolutionpadelstore.com\/fr\/produit\/siux-electra-st3-stupa-pro-3\/#breadcrumb","itemListElement":[{"@type":"ListItem","position":1,"name":"Portada","item":"https:\/\/revolutionpadelstore.com\/fr\/"},{"@type":"ListItem","position":2,"name":"Boutique","item":"https:\/\/revolutionpadelstore.com\/fr\/tienda\/"},{"@type":"ListItem","position":3,"name":"SIUX ELECTRA ST3 STUPA PRO"}]},{"@type":"WebSite","@id":"https:\/\/revolutionpadelstore.com\/fr\/#website","url":"https:\/\/revolutionpadelstore.com\/fr\/","name":"Revolution Padel Store","description":"","publisher":{"@id":"https:\/\/revolutionpadelstore.com\/fr\/#organization"},"potentialAction":[{"@type":"SearchAction","target":{"@type":"EntryPoint","urlTemplate":"https:\/\/revolutionpadelstore.com\/fr\/?s={search_term_string}"},"query-input":{"@type":"PropertyValueSpecification","valueRequired":true,"valueName":"search_term_string"}}],"inLanguage":"fr-FR"},{"@type":"Organization","@id":"https:\/\/revolutionpadelstore.com\/fr\/#organization","name":"Revolution Padel Store","url":"https:\/\/revolutionpadelstore.com\/fr\/","logo":{"@type":"ImageObject","inLanguage":"fr-FR","@id":"https:\/\/revolutionpadelstore.com\/fr\/#\/schema\/logo\/image\/","url":"https:\/\/revolutionpadelstore.com\/wp-content\/uploads\/2026\/02\/revolution-padel-store.jpg","contentUrl":"https:\/\/revolutionpadelstore.com\/wp-content\/uploads\/2026\/02\/revolution-padel-store.jpg","width":2000,"height":2000,"caption":"Revolution Padel Store"},"image":{"@id":"https:\/\/revolutionpadelstore.com\/fr\/#\/schema\/logo\/image\/"},"sameAs":["https:\/\/www.instagram.com\/revolutionpadelstore\/"]}]}},"_links":{"self":[{"href":"https:\/\/revolutionpadelstore.com\/fr\/wp-json\/wp\/v2\/product\/21816","targetHints":{"allow":["GET"]}}],"collection":[{"href":"https:\/\/revolutionpadelstore.com\/fr\/wp-json\/wp\/v2\/product"}],"about":[{"href":"https:\/\/revolutionpadelstore.com\/fr\/wp-json\/wp\/v2\/types\/product"}],"replies":[{"embeddable":true,"href":"https:\/\/revolutionpadelstore.com\/fr\/wp-json\/wp\/v2\/comments?post=21816"}],"wp:featuredmedia":[{"embeddable":true,"href":"https:\/\/revolutionpadelstore.com\/fr\/wp-json\/wp\/v2\/media\/266425"}],"wp:attachment":[{"href":"https:\/\/revolutionpadelstore.com\/fr\/wp-json\/wp\/v2\/media?parent=21816"}],"wp:term":[{"taxonomy":"acabado","embeddable":true,"href":"https:\/\/revolutionpadelstore.com\/fr\/wp-json\/wp\/v2\/acabado?post=21816"},{"taxonomy":"balance","embeddable":true,"href":"https:\/\/revolutionpadelstore.com\/fr\/wp-json\/wp\/v2\/balance?post=21816"},{"taxonomy":"dureza","embeddable":true,"href":"https:\/\/revolutionpadelstore.com\/fr\/wp-json\/wp\/v2\/dureza?post=21816"},{"taxonomy":"forma","embeddable":true,"href":"https:\/\/revolutionpadelstore.com\/fr\/wp-json\/wp\/v2\/forma?post=21816"},{"taxonomy":"jugador","embeddable":true,"href":"https:\/\/revolutionpadelstore.com\/fr\/wp-json\/wp\/v2\/jugador?post=21816"},{"taxonomy":"marca","embeddable":true,"href":"https:\/\/revolutionpadelstore.com\/fr\/wp-json\/wp\/v2\/marca?post=21816"},{"taxonomy":"nivel-de-juego","embeddable":true,"href":"https:\/\/revolutionpadelstore.com\/fr\/wp-json\/wp\/v2\/nivel-de-juego?post=21816"},{"taxonomy":"superficie","embeddable":true,"href":"https:\/\/revolutionpadelstore.com\/fr\/wp-json\/wp\/v2\/superficie?post=21816"},{"taxonomy":"tipo-de-juego","embeddable":true,"href":"https:\/\/revolutionpadelstore.com\/fr\/wp-json\/wp\/v2\/tipo-de-juego?post=21816"},{"taxonomy":"product_brand","embeddable":true,"href":"https:\/\/revolutionpadelstore.com\/fr\/wp-json\/wp\/v2\/product_brand?post=21816"},{"taxonomy":"product_cat","embeddable":true,"href":"https:\/\/revolutionpadelstore.com\/fr\/wp-json\/wp\/v2\/product_cat?post=21816"},{"taxonomy":"product_tag","embeddable":true,"href":"https:\/\/revolutionpadelstore.com\/fr\/wp-json\/wp\/v2\/product_tag?post=21816"}],"curies":[{"name":"wp","href":"https:\/\/api.w.org\/{rel}","templated":true}]}}