{"id":217695,"date":"2025-04-11T20:42:20","date_gmt":"2025-04-11T18:42:20","guid":{"rendered":"https:\/\/revolutionpadelstore.com\/nox-ml10-pro-cup-silver-2025\/"},"modified":"2026-04-01T02:17:05","modified_gmt":"2026-04-01T00:17:05","slug":"nox-ml10-pro-cup-silver-2025-3","status":"publish","type":"product","link":"https:\/\/revolutionpadelstore.com\/fr\/produit\/nox-ml10-pro-cup-silver-2025-3\/","title":{"rendered":"NOX ML10 PRO CUP SILVER 2025"},"content":{"rendered":"<p><H2> NOX ML10 Pro Cup Silver 2025-Ligerez<br \/>\nJ&#8217;ai d\u00e9couvert le nouveau <strong> NOX ML10 Pro Cup Silver 2025 <\/strong>, une \u00e9volution du classique les plus appr\u00e9ci\u00e9s par les joueurs de tous niveaux. Con\u00e7u \u00e0 c\u00f4t\u00e9 du charismatique <strong> Miguel Lamperti <\/strong>, cette pelle ronde offre un \u00e9quilibre parfait entre <strong> contr\u00f4le, puissance et maniabilit\u00e9 <\/strong>, avec une construction plus l\u00e9g\u00e8re et plus agile que son pr\u00e9d\u00e9cesseur. Id\u00e9al pour ceux qui recherchent la pr\u00e9cision sans renoncer \u00e0 des sensations solides dans chaque coup.<\/p>\n<h2> Pourquoi choisir le NOX ML10 Pro Cup Silver 2025?<br \/>\n&lt;p style = &quot;padding-left: 40px;&quot;<\/p>\n<p style=\"padding-left: 40px\"> <strong>-tact interm\u00e9diaire<br \/>\n&lt;P style = &quot;padding-left: 40px;&quot;<br \/>\n&lt;P style = &quot;padding-left: 40px;&quot;<br \/>\n&lt;P style = &quot;padding-left: 40px;&quot;<\/p>\n<h2> Caract\u00e9ristiques techniques <\/h2>\n<p style=\"padding-left: 40px\"> <strong> -forma <\/strong>: rond <\/p>\n<p> <strong> -Grosor <\/strong>: 38 mm <\/p>\n<p> <strong> -nucocle <\/strong>: hr3 <\/p>\n<p><P> <strong> -marco <\/strong>: carbone <\/p>\n<p style=\"padding-left: 40px\"> <strong> -cara <\/strong>: argent en fibre de verre <\/p>\n<p><P> <strong> -Control <\/strong>: 95\/100 <\/p>\n<p>&lt;p style = &quot;padding-left: 40px;&quot;<\/p>\n<h2> Technologies exceptionnelles <\/h2>\n<p>&lt;p style = &quot;padding-left: 40px;&quot;<\/p>\n<p> <strong> -hr3 Core <\/strong>: caoutchouc haute densit\u00e9 avec excellente m\u00e9moire pour maximiser la puissance.<\/p>\n<p> <strong> -carbon Cadre <\/strong>: Structure du carbone pour une pelle ferme et durable.<br \/>\n&lt;p style = &quot;padding-left: 40px;&quot;<\/p>\n<h2> une pelle pour tous les types de joueurs <\/h2>\n<p>Que vous fassiez vos premiers pas et si vous cherchez \u00e0 rivaliser \u00e0 un niveau \u00e9lev\u00e9, le <strong> ml10 pro Cup Silver 2025 <\/strong> est une pelle qui ne vous \u00e9chouera pas. Son \u00e9quilibre, sa g\u00e9rabilit\u00e9 et son pouvoir en font l&#8217;une des <strong> meilleures pelles de paddle <\/strong> disponibles aujourd&#8217;hui, id\u00e9ales pour ceux qui appr\u00e9cient les performances sans renforcer le confort.<\/p>\n<h2> Sentez l&#8217;h\u00e9ritage Lamperti \u00e0 chaque point!<br \/>\nNe restez pas sans essayer l&#8217;une des lames les plus embl\u00e9matiques du march\u00e9. Disponible maintenant dans notre boutique en ligne <a href=\"https:\/\/www.revolutionpadelstore.com\/\"> www.revolutionpadelstore.com <\/a>, probablement <strong> au meilleur prix de march\u00e9 <\/strong>.<\/p>\n<h2>Nox ML10 Pro Cup Silver 2025-Ligereza, control y el legado de un icono: la pala m\u00e1s vers\u00e1til de Nox<\/h2>\n","protected":false},"excerpt":{"rendered":"<p>J&#8217;ai d\u00e9couvert le nouveau <strong> NOX ML10 Pro Cup Silver 2025 <\/strong>, une \u00e9volution du classique les plus appr\u00e9ci\u00e9s par les joueurs de tous niveaux. Con\u00e7u \u00e0 c\u00f4t\u00e9 du charismatique <strong> Miguel Lamperti <\/strong>, cette pelle ronde offre un \u00e9quilibre parfait entre <strong> contr\u00f4le, puissance et maniabilit\u00e9 <\/strong>, avec une construction plus l\u00e9g\u00e8re et plus agile que son pr\u00e9d\u00e9cesseur.<strong>Nox ML10 Pro Cup Silver 2025<\/strong><\/p>\n","protected":false},"featured_media":217654,"comment_status":"open","ping_status":"closed","template":"","meta":{"_acf_changed":false,"_joinchat":[]},"acabado":[1082],"balance":[1147],"dureza":[1157],"forma":[1182],"jugador":[1197],"marca":[1262],"nivel-de-juego":[1342],"superficie":[1357],"tipo-de-juego":[1372,1387],"product_brand":[],"product_cat":[302],"product_tag":[],"class_list":{"0":"post-217695","1":"product","2":"type-product","3":"status-publish","4":"has-post-thumbnail","6":"acabado-luminosite","7":"balance-faible","8":"dureza-media-fr","9":"forma-rond","10":"jugador-mujer-fr","11":"marca-nox-fr","12":"superficie-lise","13":"tipo-de-juego-control-fr","14":"tipo-de-juego-polivalente-fr","15":"product_cat-palas-de-padel-fr","17":"first","18":"instock","19":"sale","20":"taxable","21":"shipping-taxable","22":"purchasable","23":"product-type-simple"},"acf":[],"yoast_head":"<!-- This site is optimized with the Yoast SEO plugin v27.3 - https:\/\/yoast.com\/product\/yoast-seo-wordpress\/ -->\n<title>NOX ML10 PRO CUP SILVER 2025 - Revolution Padel Store<\/title>\n<meta name=\"description\" content=\"Descubr\u00ed la Nox ML10 Pro Cup Silver 2025: pala redonda, ligera y potente, con n\u00facleo HR3, marco de carbono y tecnolog\u00eda Smartstrap. Ideal para todo tipo de jugadores. \u00a1Ya en Revolution Padel Store al mejor precio!\" \/>\n<meta name=\"robots\" content=\"index, follow, max-snippet:-1, max-image-preview:large, max-video-preview:-1\" \/>\n<link rel=\"canonical\" href=\"https:\/\/revolutionpadelstore.com\/fr\/produit\/nox-ml10-pro-cup-silver-2025-3\/\" \/>\n<meta property=\"og:locale\" content=\"fr_FR\" \/>\n<meta property=\"og:type\" content=\"article\" \/>\n<meta property=\"og:title\" content=\"NOX ML10 PRO CUP SILVER 2025 - Revolution Padel Store\" \/>\n<meta property=\"og:description\" content=\"Descubr\u00ed la Nox ML10 Pro Cup Silver 2025: pala redonda, ligera y potente, con n\u00facleo HR3, marco de carbono y tecnolog\u00eda Smartstrap. Ideal para todo tipo de jugadores. \u00a1Ya en Revolution Padel Store al mejor precio!\" \/>\n<meta property=\"og:url\" content=\"https:\/\/revolutionpadelstore.com\/fr\/produit\/nox-ml10-pro-cup-silver-2025-3\/\" \/>\n<meta property=\"og:site_name\" content=\"Revolution Padel Store\" \/>\n<meta property=\"article:modified_time\" content=\"2026-04-01T00:17:05+00:00\" \/>\n<meta property=\"og:image\" content=\"https:\/\/revolutionpadelstore.com\/wp-content\/uploads\/2025\/04\/222.png\" \/>\n\t<meta property=\"og:image:width\" content=\"1500\" \/>\n\t<meta property=\"og:image:height\" content=\"1500\" \/>\n\t<meta property=\"og:image:type\" content=\"image\/png\" \/>\n<meta name=\"twitter:card\" content=\"summary_large_image\" \/>\n<meta name=\"twitter:label1\" content=\"Dur\u00e9e de lecture estim\u00e9e\" \/>\n\t<meta name=\"twitter:data1\" content=\"2 minutes\" \/>\n<script type=\"application\/ld+json\" class=\"yoast-schema-graph\">{\"@context\":\"https:\\\/\\\/schema.org\",\"@graph\":[{\"@type\":\"WebPage\",\"@id\":\"https:\\\/\\\/revolutionpadelstore.com\\\/fr\\\/produit\\\/nox-ml10-pro-cup-silver-2025-3\\\/\",\"url\":\"https:\\\/\\\/revolutionpadelstore.com\\\/fr\\\/produit\\\/nox-ml10-pro-cup-silver-2025-3\\\/\",\"name\":\"NOX ML10 PRO CUP SILVER 2025 - Revolution Padel Store\",\"isPartOf\":{\"@id\":\"https:\\\/\\\/revolutionpadelstore.com\\\/fr\\\/#website\"},\"primaryImageOfPage\":{\"@id\":\"https:\\\/\\\/revolutionpadelstore.com\\\/fr\\\/produit\\\/nox-ml10-pro-cup-silver-2025-3\\\/#primaryimage\"},\"image\":{\"@id\":\"https:\\\/\\\/revolutionpadelstore.com\\\/fr\\\/produit\\\/nox-ml10-pro-cup-silver-2025-3\\\/#primaryimage\"},\"thumbnailUrl\":\"https:\\\/\\\/revolutionpadelstore.com\\\/wp-content\\\/uploads\\\/2025\\\/04\\\/222.png\",\"datePublished\":\"2025-04-11T18:42:20+00:00\",\"dateModified\":\"2026-04-01T00:17:05+00:00\",\"description\":\"Descubr\u00ed la Nox ML10 Pro Cup Silver 2025: pala redonda, ligera y potente, con n\u00facleo HR3, marco de carbono y tecnolog\u00eda Smartstrap. Ideal para todo tipo de jugadores. \u00a1Ya en Revolution Padel Store al mejor precio!\",\"breadcrumb\":{\"@id\":\"https:\\\/\\\/revolutionpadelstore.com\\\/fr\\\/produit\\\/nox-ml10-pro-cup-silver-2025-3\\\/#breadcrumb\"},\"inLanguage\":\"fr-FR\",\"potentialAction\":[{\"@type\":\"ReadAction\",\"target\":[\"https:\\\/\\\/revolutionpadelstore.com\\\/fr\\\/produit\\\/nox-ml10-pro-cup-silver-2025-3\\\/\"]}]},{\"@type\":\"ImageObject\",\"inLanguage\":\"fr-FR\",\"@id\":\"https:\\\/\\\/revolutionpadelstore.com\\\/fr\\\/produit\\\/nox-ml10-pro-cup-silver-2025-3\\\/#primaryimage\",\"url\":\"https:\\\/\\\/revolutionpadelstore.com\\\/wp-content\\\/uploads\\\/2025\\\/04\\\/222.png\",\"contentUrl\":\"https:\\\/\\\/revolutionpadelstore.com\\\/wp-content\\\/uploads\\\/2025\\\/04\\\/222.png\",\"width\":1500,\"height\":1500},{\"@type\":\"BreadcrumbList\",\"@id\":\"https:\\\/\\\/revolutionpadelstore.com\\\/fr\\\/produit\\\/nox-ml10-pro-cup-silver-2025-3\\\/#breadcrumb\",\"itemListElement\":[{\"@type\":\"ListItem\",\"position\":1,\"name\":\"Portada\",\"item\":\"https:\\\/\\\/revolutionpadelstore.com\\\/fr\\\/\"},{\"@type\":\"ListItem\",\"position\":2,\"name\":\"Boutique\",\"item\":\"https:\\\/\\\/revolutionpadelstore.com\\\/fr\\\/tienda\\\/\"},{\"@type\":\"ListItem\",\"position\":3,\"name\":\"NOX ML10 PRO CUP SILVER 2025\"}]},{\"@type\":\"WebSite\",\"@id\":\"https:\\\/\\\/revolutionpadelstore.com\\\/fr\\\/#website\",\"url\":\"https:\\\/\\\/revolutionpadelstore.com\\\/fr\\\/\",\"name\":\"Revolution Padel Store\",\"description\":\"\",\"publisher\":{\"@id\":\"https:\\\/\\\/revolutionpadelstore.com\\\/fr\\\/#organization\"},\"potentialAction\":[{\"@type\":\"SearchAction\",\"target\":{\"@type\":\"EntryPoint\",\"urlTemplate\":\"https:\\\/\\\/revolutionpadelstore.com\\\/fr\\\/?s={search_term_string}\"},\"query-input\":{\"@type\":\"PropertyValueSpecification\",\"valueRequired\":true,\"valueName\":\"search_term_string\"}}],\"inLanguage\":\"fr-FR\"},{\"@type\":\"Organization\",\"@id\":\"https:\\\/\\\/revolutionpadelstore.com\\\/fr\\\/#organization\",\"name\":\"Revolution Padel Store\",\"url\":\"https:\\\/\\\/revolutionpadelstore.com\\\/fr\\\/\",\"logo\":{\"@type\":\"ImageObject\",\"inLanguage\":\"fr-FR\",\"@id\":\"https:\\\/\\\/revolutionpadelstore.com\\\/fr\\\/#\\\/schema\\\/logo\\\/image\\\/\",\"url\":\"https:\\\/\\\/revolutionpadelstore.com\\\/wp-content\\\/uploads\\\/2026\\\/02\\\/revolution-padel-store.jpg\",\"contentUrl\":\"https:\\\/\\\/revolutionpadelstore.com\\\/wp-content\\\/uploads\\\/2026\\\/02\\\/revolution-padel-store.jpg\",\"width\":2000,\"height\":2000,\"caption\":\"Revolution Padel Store\"},\"image\":{\"@id\":\"https:\\\/\\\/revolutionpadelstore.com\\\/fr\\\/#\\\/schema\\\/logo\\\/image\\\/\"},\"sameAs\":[\"https:\\\/\\\/www.instagram.com\\\/revolutionpadelstore\\\/\"]}]}<\/script>\n<!-- \/ Yoast SEO plugin. -->","yoast_head_json":{"title":"NOX ML10 PRO CUP SILVER 2025 - Revolution Padel Store","description":"Descubr\u00ed la Nox ML10 Pro Cup Silver 2025: pala redonda, ligera y potente, con n\u00facleo HR3, marco de carbono y tecnolog\u00eda Smartstrap. Ideal para todo tipo de jugadores. \u00a1Ya en Revolution Padel Store al mejor precio!","robots":{"index":"index","follow":"follow","max-snippet":"max-snippet:-1","max-image-preview":"max-image-preview:large","max-video-preview":"max-video-preview:-1"},"canonical":"https:\/\/revolutionpadelstore.com\/fr\/produit\/nox-ml10-pro-cup-silver-2025-3\/","og_locale":"fr_FR","og_type":"article","og_title":"NOX ML10 PRO CUP SILVER 2025 - Revolution Padel Store","og_description":"Descubr\u00ed la Nox ML10 Pro Cup Silver 2025: pala redonda, ligera y potente, con n\u00facleo HR3, marco de carbono y tecnolog\u00eda Smartstrap. Ideal para todo tipo de jugadores. \u00a1Ya en Revolution Padel Store al mejor precio!","og_url":"https:\/\/revolutionpadelstore.com\/fr\/produit\/nox-ml10-pro-cup-silver-2025-3\/","og_site_name":"Revolution Padel Store","article_modified_time":"2026-04-01T00:17:05+00:00","og_image":[{"width":1500,"height":1500,"url":"https:\/\/revolutionpadelstore.com\/wp-content\/uploads\/2025\/04\/222.png","type":"image\/png"}],"twitter_card":"summary_large_image","twitter_misc":{"Dur\u00e9e de lecture estim\u00e9e":"2 minutes"},"schema":{"@context":"https:\/\/schema.org","@graph":[{"@type":"WebPage","@id":"https:\/\/revolutionpadelstore.com\/fr\/produit\/nox-ml10-pro-cup-silver-2025-3\/","url":"https:\/\/revolutionpadelstore.com\/fr\/produit\/nox-ml10-pro-cup-silver-2025-3\/","name":"NOX ML10 PRO CUP SILVER 2025 - Revolution Padel Store","isPartOf":{"@id":"https:\/\/revolutionpadelstore.com\/fr\/#website"},"primaryImageOfPage":{"@id":"https:\/\/revolutionpadelstore.com\/fr\/produit\/nox-ml10-pro-cup-silver-2025-3\/#primaryimage"},"image":{"@id":"https:\/\/revolutionpadelstore.com\/fr\/produit\/nox-ml10-pro-cup-silver-2025-3\/#primaryimage"},"thumbnailUrl":"https:\/\/revolutionpadelstore.com\/wp-content\/uploads\/2025\/04\/222.png","datePublished":"2025-04-11T18:42:20+00:00","dateModified":"2026-04-01T00:17:05+00:00","description":"Descubr\u00ed la Nox ML10 Pro Cup Silver 2025: pala redonda, ligera y potente, con n\u00facleo HR3, marco de carbono y tecnolog\u00eda Smartstrap. Ideal para todo tipo de jugadores. \u00a1Ya en Revolution Padel Store al mejor precio!","breadcrumb":{"@id":"https:\/\/revolutionpadelstore.com\/fr\/produit\/nox-ml10-pro-cup-silver-2025-3\/#breadcrumb"},"inLanguage":"fr-FR","potentialAction":[{"@type":"ReadAction","target":["https:\/\/revolutionpadelstore.com\/fr\/produit\/nox-ml10-pro-cup-silver-2025-3\/"]}]},{"@type":"ImageObject","inLanguage":"fr-FR","@id":"https:\/\/revolutionpadelstore.com\/fr\/produit\/nox-ml10-pro-cup-silver-2025-3\/#primaryimage","url":"https:\/\/revolutionpadelstore.com\/wp-content\/uploads\/2025\/04\/222.png","contentUrl":"https:\/\/revolutionpadelstore.com\/wp-content\/uploads\/2025\/04\/222.png","width":1500,"height":1500},{"@type":"BreadcrumbList","@id":"https:\/\/revolutionpadelstore.com\/fr\/produit\/nox-ml10-pro-cup-silver-2025-3\/#breadcrumb","itemListElement":[{"@type":"ListItem","position":1,"name":"Portada","item":"https:\/\/revolutionpadelstore.com\/fr\/"},{"@type":"ListItem","position":2,"name":"Boutique","item":"https:\/\/revolutionpadelstore.com\/fr\/tienda\/"},{"@type":"ListItem","position":3,"name":"NOX ML10 PRO CUP SILVER 2025"}]},{"@type":"WebSite","@id":"https:\/\/revolutionpadelstore.com\/fr\/#website","url":"https:\/\/revolutionpadelstore.com\/fr\/","name":"Revolution Padel Store","description":"","publisher":{"@id":"https:\/\/revolutionpadelstore.com\/fr\/#organization"},"potentialAction":[{"@type":"SearchAction","target":{"@type":"EntryPoint","urlTemplate":"https:\/\/revolutionpadelstore.com\/fr\/?s={search_term_string}"},"query-input":{"@type":"PropertyValueSpecification","valueRequired":true,"valueName":"search_term_string"}}],"inLanguage":"fr-FR"},{"@type":"Organization","@id":"https:\/\/revolutionpadelstore.com\/fr\/#organization","name":"Revolution Padel Store","url":"https:\/\/revolutionpadelstore.com\/fr\/","logo":{"@type":"ImageObject","inLanguage":"fr-FR","@id":"https:\/\/revolutionpadelstore.com\/fr\/#\/schema\/logo\/image\/","url":"https:\/\/revolutionpadelstore.com\/wp-content\/uploads\/2026\/02\/revolution-padel-store.jpg","contentUrl":"https:\/\/revolutionpadelstore.com\/wp-content\/uploads\/2026\/02\/revolution-padel-store.jpg","width":2000,"height":2000,"caption":"Revolution Padel Store"},"image":{"@id":"https:\/\/revolutionpadelstore.com\/fr\/#\/schema\/logo\/image\/"},"sameAs":["https:\/\/www.instagram.com\/revolutionpadelstore\/"]}]}},"_links":{"self":[{"href":"https:\/\/revolutionpadelstore.com\/fr\/wp-json\/wp\/v2\/product\/217695","targetHints":{"allow":["GET"]}}],"collection":[{"href":"https:\/\/revolutionpadelstore.com\/fr\/wp-json\/wp\/v2\/product"}],"about":[{"href":"https:\/\/revolutionpadelstore.com\/fr\/wp-json\/wp\/v2\/types\/product"}],"replies":[{"embeddable":true,"href":"https:\/\/revolutionpadelstore.com\/fr\/wp-json\/wp\/v2\/comments?post=217695"}],"wp:featuredmedia":[{"embeddable":true,"href":"https:\/\/revolutionpadelstore.com\/fr\/wp-json\/wp\/v2\/media\/217654"}],"wp:attachment":[{"href":"https:\/\/revolutionpadelstore.com\/fr\/wp-json\/wp\/v2\/media?parent=217695"}],"wp:term":[{"taxonomy":"acabado","embeddable":true,"href":"https:\/\/revolutionpadelstore.com\/fr\/wp-json\/wp\/v2\/acabado?post=217695"},{"taxonomy":"balance","embeddable":true,"href":"https:\/\/revolutionpadelstore.com\/fr\/wp-json\/wp\/v2\/balance?post=217695"},{"taxonomy":"dureza","embeddable":true,"href":"https:\/\/revolutionpadelstore.com\/fr\/wp-json\/wp\/v2\/dureza?post=217695"},{"taxonomy":"forma","embeddable":true,"href":"https:\/\/revolutionpadelstore.com\/fr\/wp-json\/wp\/v2\/forma?post=217695"},{"taxonomy":"jugador","embeddable":true,"href":"https:\/\/revolutionpadelstore.com\/fr\/wp-json\/wp\/v2\/jugador?post=217695"},{"taxonomy":"marca","embeddable":true,"href":"https:\/\/revolutionpadelstore.com\/fr\/wp-json\/wp\/v2\/marca?post=217695"},{"taxonomy":"nivel-de-juego","embeddable":true,"href":"https:\/\/revolutionpadelstore.com\/fr\/wp-json\/wp\/v2\/nivel-de-juego?post=217695"},{"taxonomy":"superficie","embeddable":true,"href":"https:\/\/revolutionpadelstore.com\/fr\/wp-json\/wp\/v2\/superficie?post=217695"},{"taxonomy":"tipo-de-juego","embeddable":true,"href":"https:\/\/revolutionpadelstore.com\/fr\/wp-json\/wp\/v2\/tipo-de-juego?post=217695"},{"taxonomy":"product_brand","embeddable":true,"href":"https:\/\/revolutionpadelstore.com\/fr\/wp-json\/wp\/v2\/product_brand?post=217695"},{"taxonomy":"product_cat","embeddable":true,"href":"https:\/\/revolutionpadelstore.com\/fr\/wp-json\/wp\/v2\/product_cat?post=217695"},{"taxonomy":"product_tag","embeddable":true,"href":"https:\/\/revolutionpadelstore.com\/fr\/wp-json\/wp\/v2\/product_tag?post=217695"}],"curies":[{"name":"wp","href":"https:\/\/api.w.org\/{rel}","templated":true}]}}