{"id":217647,"date":"2025-04-11T20:21:59","date_gmt":"2025-04-11T18:21:59","guid":{"rendered":"https:\/\/revolutionpadelstore.com\/nox-ml10-pro-cup-coorp-by-miguel-lamperti\/"},"modified":"2026-04-01T02:17:28","modified_gmt":"2026-04-01T00:17:28","slug":"nox-ml10-pro-cup-coorp-by-miguel-lamperti-3","status":"publish","type":"product","link":"https:\/\/revolutionpadelstore.com\/fr\/produit\/nox-ml10-pro-cup-coorp-by-miguel-lamperti-3\/","title":{"rendered":"NOX ML10 PRO CUP COORP BY MIGUEL LAMPERTI"},"content":{"rendered":"<p>&lt;Il<br \/>\nLe NOX ML10 Pro Cup Coorp 2025 est bien plus qu&#039;une pelle \u00e0 palette: c&#039;est une ic\u00f4ne renouvel\u00e9e qui maintient l&#039;essence de sa version originale, con\u00e7ue en collaboration avec le grand Miguel Lamperti. Si vous recherchez une pelle \u00e9quilibr\u00e9e et confortable et avec une performance exceptionnelle \u00e0 chaque point, c&#039;est votre meilleure option.<\/p>\n<h2> <strong> Caract\u00e9ristiques techniques pro\u00e9minentes <\/strong> <\/h2>\n<p style=\"padding-left: 40px\"> &#8211; forme ronde avec un large point sucr\u00e9 pour un plus grand contr\u00f4le <\/p>\n<p style=\"padding-left: 40px\"> &#8211; poids entre 360-375 grammes: g\u00e9rable sans perdre de puissance ou de r\u00e9sistance <\/p>\n<p style=\"padding-left: 40px\"> &#8211; noyau HR3: mousse haute densit\u00e9 avec effet de m\u00e9moire <\/p>\n<p><P> &#8211; Plans en fibre de verre argent\u00e9: am\u00e9liorer la rigidit\u00e9 et le toucher <\/p>\n<p> &#8211; Cadre de carbone Marco: Structure en carbone qui fournit la durabilit\u00e9 <\/p>\n<p> &#8211; Syst\u00e8me SmartP: Cordon de s\u00e9curit\u00e9 interchangeable, hygi\u00e9nique et pratique <\/p>\n<h2> <strong> Avantages pour le joueur <\/strong> <\/h2>\n<p> &#8211; Contr\u00f4le exceptionnel de n&#8217;importe quelle zone de la piste <\/p>\n<p style=\"padding-left: 40px\"> &#8211; puissance remarquable pour d\u00e9finir pr\u00e9cis\u00e9ment <\/p>\n<p style=\"padding-left: 40px\"> &#8211; confort et absorption des vibrations pour \u00e9viter les blessures <\/p>\n<p> &#8211; Grande polyvalence \u00e0 la fois en d\u00e9fense et en attaque <\/p>\n<h2> <strong> Qui est l&#8217;id\u00e9al ML10 Pro Cup Coorp 2025?<br \/>\nCette pelle est con\u00e7ue pour les joueurs polyvalents, de l&#8217;interm\u00e9diaire au niveau professionnel, \u00e0 la recherche de l&#8217;\u00e9quilibre et de la confiance dans chaque coup. Si vous \u00eates un joueur technique, d\u00e9fensif ou agressif, le ML10 Pro COP s&#8217;adapte parfaitement \u00e0 votre style de jeu.<\/p>\n<h2> <strong> technologie haute performance <\/strong> <\/h2>\n<p>Gr\u00e2ce \u00e0 sa combinaison de mat\u00e9riaux et de technologies, la ML10 Pro Cup 2025 est l&#8217;une des lames les plus compl\u00e8tes du march\u00e9. Son excellente durabilit\u00e9, ses performances constantes et son soutien \u00e0 un joueur comme Lamperti en font un pari s\u00fbr.<\/p>\n<h2> <strong> domine la piste avec style et performances <\/strong> <\/h2>\n<p>Le NOX ML10 Pro Cup Coorp 2025 vous offre le contr\u00f4le, la puissance et le confort afin de prendre le meilleur de vous dans chaque jeu. Une pelle \u00e0 palette professionnelle avec laquelle vous pouvez vous d\u00e9marquer du premier coup.<\/p>\n<p>Disponible dans notre boutique en ligne <a href=\"http:\/\/www.revolutionpadelstore.com\/\"> www.revolutionpadelstore.com <\/a>, probablement au meilleur prix du march\u00e9.<\/p>\n<h2><strong>Nox ML10 Pro Cup Coorp 2025 \u2013 La pala de Miguel Lamperti<\/strong><\/p>\n","protected":false},"excerpt":{"rendered":"<p>Le NOX ML10 Pro Cup 2025 se distingue par son \u00e9quilibre entre le contr\u00f4le, la puissance et la durabilit\u00e9. Gr\u00e2ce \u00e0 des innovations telles que le noyau HR3 et le syst\u00e8me SmartPS, il s&#8217;adapte aux joueurs de tous niveaux. C&#8217;est la pelle utilis\u00e9e par le joueur professionnel Miguel Lamperti.<\/p>\n","protected":false},"featured_media":217606,"comment_status":"open","ping_status":"closed","template":"","meta":{"_acf_changed":false,"_joinchat":[]},"acabado":[1082],"balance":[1147],"dureza":[1157],"forma":[1182],"jugador":[1192,1202],"marca":[1262],"nivel-de-juego":[1342],"superficie":[1357],"tipo-de-juego":[1372,1387],"product_brand":[],"product_cat":[302],"product_tag":[],"class_list":{"0":"post-217647","1":"product","2":"type-product","3":"status-publish","4":"has-post-thumbnail","6":"acabado-luminosite","7":"balance-faible","8":"dureza-media-fr","9":"forma-rond","10":"jugador-homme","11":"jugador-polivalente-fr","12":"marca-nox-fr","13":"superficie-lise","14":"tipo-de-juego-control-fr","15":"tipo-de-juego-polivalente-fr","16":"product_cat-palas-de-padel-fr","18":"first","19":"instock","20":"sale","21":"taxable","22":"shipping-taxable","23":"purchasable","24":"product-type-simple"},"acf":[],"yoast_head":"<!-- This site is optimized with the Yoast SEO plugin v27.3 - https:\/\/yoast.com\/product\/yoast-seo-wordpress\/ -->\n<title>NOX ML10 PRO CUP COORP BY MIGUEL LAMPERTI - Revolution Padel Store<\/title>\n<meta name=\"description\" content=\"La Nox ML10 Pro Cup Coorp 2025, pala oficial de Miguel Lamperti, combina control, potencia y confort. Ideal para jugadores vers\u00e1tiles. \u00a1Cons\u00edguela al mejor precio en Revolution Padel Store!\" \/>\n<meta name=\"robots\" content=\"index, follow, max-snippet:-1, max-image-preview:large, max-video-preview:-1\" \/>\n<link rel=\"canonical\" href=\"https:\/\/revolutionpadelstore.com\/fr\/produit\/nox-ml10-pro-cup-coorp-by-miguel-lamperti-3\/\" \/>\n<meta property=\"og:locale\" content=\"fr_FR\" \/>\n<meta property=\"og:type\" content=\"article\" \/>\n<meta property=\"og:title\" content=\"NOX ML10 PRO CUP COORP BY MIGUEL LAMPERTI - Revolution Padel Store\" \/>\n<meta property=\"og:description\" content=\"La Nox ML10 Pro Cup Coorp 2025, pala oficial de Miguel Lamperti, combina control, potencia y confort. Ideal para jugadores vers\u00e1tiles. \u00a1Cons\u00edguela al mejor precio en Revolution Padel Store!\" \/>\n<meta property=\"og:url\" content=\"https:\/\/revolutionpadelstore.com\/fr\/produit\/nox-ml10-pro-cup-coorp-by-miguel-lamperti-3\/\" \/>\n<meta property=\"og:site_name\" content=\"Revolution Padel Store\" \/>\n<meta property=\"article:modified_time\" content=\"2026-04-01T00:17:28+00:00\" \/>\n<meta property=\"og:image\" content=\"https:\/\/revolutionpadelstore.com\/wp-content\/uploads\/2025\/04\/117963-pala-nox-ml10-pro-cup-coorp-by-miguel-lamperti-pml10pcoor25-1500x1500-1.webp\" \/>\n\t<meta property=\"og:image:width\" content=\"1500\" \/>\n\t<meta property=\"og:image:height\" content=\"1500\" \/>\n\t<meta property=\"og:image:type\" content=\"image\/webp\" \/>\n<meta name=\"twitter:card\" content=\"summary_large_image\" \/>\n<meta name=\"twitter:label1\" content=\"Dur\u00e9e de lecture estim\u00e9e\" \/>\n\t<meta name=\"twitter:data1\" content=\"2 minutes\" \/>\n<script type=\"application\/ld+json\" class=\"yoast-schema-graph\">{\"@context\":\"https:\\\/\\\/schema.org\",\"@graph\":[{\"@type\":\"WebPage\",\"@id\":\"https:\\\/\\\/revolutionpadelstore.com\\\/fr\\\/produit\\\/nox-ml10-pro-cup-coorp-by-miguel-lamperti-3\\\/\",\"url\":\"https:\\\/\\\/revolutionpadelstore.com\\\/fr\\\/produit\\\/nox-ml10-pro-cup-coorp-by-miguel-lamperti-3\\\/\",\"name\":\"NOX ML10 PRO CUP COORP BY MIGUEL LAMPERTI - Revolution Padel Store\",\"isPartOf\":{\"@id\":\"https:\\\/\\\/revolutionpadelstore.com\\\/fr\\\/#website\"},\"primaryImageOfPage\":{\"@id\":\"https:\\\/\\\/revolutionpadelstore.com\\\/fr\\\/produit\\\/nox-ml10-pro-cup-coorp-by-miguel-lamperti-3\\\/#primaryimage\"},\"image\":{\"@id\":\"https:\\\/\\\/revolutionpadelstore.com\\\/fr\\\/produit\\\/nox-ml10-pro-cup-coorp-by-miguel-lamperti-3\\\/#primaryimage\"},\"thumbnailUrl\":\"https:\\\/\\\/revolutionpadelstore.com\\\/wp-content\\\/uploads\\\/2025\\\/04\\\/117963-pala-nox-ml10-pro-cup-coorp-by-miguel-lamperti-pml10pcoor25-1500x1500-1.webp\",\"datePublished\":\"2025-04-11T18:21:59+00:00\",\"dateModified\":\"2026-04-01T00:17:28+00:00\",\"description\":\"La Nox ML10 Pro Cup Coorp 2025, pala oficial de Miguel Lamperti, combina control, potencia y confort. Ideal para jugadores vers\u00e1tiles. \u00a1Cons\u00edguela al mejor precio en Revolution Padel Store!\",\"breadcrumb\":{\"@id\":\"https:\\\/\\\/revolutionpadelstore.com\\\/fr\\\/produit\\\/nox-ml10-pro-cup-coorp-by-miguel-lamperti-3\\\/#breadcrumb\"},\"inLanguage\":\"fr-FR\",\"potentialAction\":[{\"@type\":\"ReadAction\",\"target\":[\"https:\\\/\\\/revolutionpadelstore.com\\\/fr\\\/produit\\\/nox-ml10-pro-cup-coorp-by-miguel-lamperti-3\\\/\"]}]},{\"@type\":\"ImageObject\",\"inLanguage\":\"fr-FR\",\"@id\":\"https:\\\/\\\/revolutionpadelstore.com\\\/fr\\\/produit\\\/nox-ml10-pro-cup-coorp-by-miguel-lamperti-3\\\/#primaryimage\",\"url\":\"https:\\\/\\\/revolutionpadelstore.com\\\/wp-content\\\/uploads\\\/2025\\\/04\\\/117963-pala-nox-ml10-pro-cup-coorp-by-miguel-lamperti-pml10pcoor25-1500x1500-1.webp\",\"contentUrl\":\"https:\\\/\\\/revolutionpadelstore.com\\\/wp-content\\\/uploads\\\/2025\\\/04\\\/117963-pala-nox-ml10-pro-cup-coorp-by-miguel-lamperti-pml10pcoor25-1500x1500-1.webp\",\"width\":1500,\"height\":1500},{\"@type\":\"BreadcrumbList\",\"@id\":\"https:\\\/\\\/revolutionpadelstore.com\\\/fr\\\/produit\\\/nox-ml10-pro-cup-coorp-by-miguel-lamperti-3\\\/#breadcrumb\",\"itemListElement\":[{\"@type\":\"ListItem\",\"position\":1,\"name\":\"Portada\",\"item\":\"https:\\\/\\\/revolutionpadelstore.com\\\/fr\\\/\"},{\"@type\":\"ListItem\",\"position\":2,\"name\":\"Boutique\",\"item\":\"https:\\\/\\\/revolutionpadelstore.com\\\/fr\\\/tienda\\\/\"},{\"@type\":\"ListItem\",\"position\":3,\"name\":\"NOX ML10 PRO CUP COORP BY MIGUEL LAMPERTI\"}]},{\"@type\":\"WebSite\",\"@id\":\"https:\\\/\\\/revolutionpadelstore.com\\\/fr\\\/#website\",\"url\":\"https:\\\/\\\/revolutionpadelstore.com\\\/fr\\\/\",\"name\":\"Revolution Padel Store\",\"description\":\"\",\"publisher\":{\"@id\":\"https:\\\/\\\/revolutionpadelstore.com\\\/fr\\\/#organization\"},\"potentialAction\":[{\"@type\":\"SearchAction\",\"target\":{\"@type\":\"EntryPoint\",\"urlTemplate\":\"https:\\\/\\\/revolutionpadelstore.com\\\/fr\\\/?s={search_term_string}\"},\"query-input\":{\"@type\":\"PropertyValueSpecification\",\"valueRequired\":true,\"valueName\":\"search_term_string\"}}],\"inLanguage\":\"fr-FR\"},{\"@type\":\"Organization\",\"@id\":\"https:\\\/\\\/revolutionpadelstore.com\\\/fr\\\/#organization\",\"name\":\"Revolution Padel Store\",\"url\":\"https:\\\/\\\/revolutionpadelstore.com\\\/fr\\\/\",\"logo\":{\"@type\":\"ImageObject\",\"inLanguage\":\"fr-FR\",\"@id\":\"https:\\\/\\\/revolutionpadelstore.com\\\/fr\\\/#\\\/schema\\\/logo\\\/image\\\/\",\"url\":\"https:\\\/\\\/revolutionpadelstore.com\\\/wp-content\\\/uploads\\\/2026\\\/02\\\/revolution-padel-store.jpg\",\"contentUrl\":\"https:\\\/\\\/revolutionpadelstore.com\\\/wp-content\\\/uploads\\\/2026\\\/02\\\/revolution-padel-store.jpg\",\"width\":2000,\"height\":2000,\"caption\":\"Revolution Padel Store\"},\"image\":{\"@id\":\"https:\\\/\\\/revolutionpadelstore.com\\\/fr\\\/#\\\/schema\\\/logo\\\/image\\\/\"},\"sameAs\":[\"https:\\\/\\\/www.instagram.com\\\/revolutionpadelstore\\\/\"]}]}<\/script>\n<!-- \/ Yoast SEO plugin. -->","yoast_head_json":{"title":"NOX ML10 PRO CUP COORP BY MIGUEL LAMPERTI - Revolution Padel Store","description":"La Nox ML10 Pro Cup Coorp 2025, pala oficial de Miguel Lamperti, combina control, potencia y confort. Ideal para jugadores vers\u00e1tiles. \u00a1Cons\u00edguela al mejor precio en Revolution Padel Store!","robots":{"index":"index","follow":"follow","max-snippet":"max-snippet:-1","max-image-preview":"max-image-preview:large","max-video-preview":"max-video-preview:-1"},"canonical":"https:\/\/revolutionpadelstore.com\/fr\/produit\/nox-ml10-pro-cup-coorp-by-miguel-lamperti-3\/","og_locale":"fr_FR","og_type":"article","og_title":"NOX ML10 PRO CUP COORP BY MIGUEL LAMPERTI - Revolution Padel Store","og_description":"La Nox ML10 Pro Cup Coorp 2025, pala oficial de Miguel Lamperti, combina control, potencia y confort. Ideal para jugadores vers\u00e1tiles. \u00a1Cons\u00edguela al mejor precio en Revolution Padel Store!","og_url":"https:\/\/revolutionpadelstore.com\/fr\/produit\/nox-ml10-pro-cup-coorp-by-miguel-lamperti-3\/","og_site_name":"Revolution Padel Store","article_modified_time":"2026-04-01T00:17:28+00:00","og_image":[{"width":1500,"height":1500,"url":"https:\/\/revolutionpadelstore.com\/wp-content\/uploads\/2025\/04\/117963-pala-nox-ml10-pro-cup-coorp-by-miguel-lamperti-pml10pcoor25-1500x1500-1.webp","type":"image\/webp"}],"twitter_card":"summary_large_image","twitter_misc":{"Dur\u00e9e de lecture estim\u00e9e":"2 minutes"},"schema":{"@context":"https:\/\/schema.org","@graph":[{"@type":"WebPage","@id":"https:\/\/revolutionpadelstore.com\/fr\/produit\/nox-ml10-pro-cup-coorp-by-miguel-lamperti-3\/","url":"https:\/\/revolutionpadelstore.com\/fr\/produit\/nox-ml10-pro-cup-coorp-by-miguel-lamperti-3\/","name":"NOX ML10 PRO CUP COORP BY MIGUEL LAMPERTI - Revolution Padel Store","isPartOf":{"@id":"https:\/\/revolutionpadelstore.com\/fr\/#website"},"primaryImageOfPage":{"@id":"https:\/\/revolutionpadelstore.com\/fr\/produit\/nox-ml10-pro-cup-coorp-by-miguel-lamperti-3\/#primaryimage"},"image":{"@id":"https:\/\/revolutionpadelstore.com\/fr\/produit\/nox-ml10-pro-cup-coorp-by-miguel-lamperti-3\/#primaryimage"},"thumbnailUrl":"https:\/\/revolutionpadelstore.com\/wp-content\/uploads\/2025\/04\/117963-pala-nox-ml10-pro-cup-coorp-by-miguel-lamperti-pml10pcoor25-1500x1500-1.webp","datePublished":"2025-04-11T18:21:59+00:00","dateModified":"2026-04-01T00:17:28+00:00","description":"La Nox ML10 Pro Cup Coorp 2025, pala oficial de Miguel Lamperti, combina control, potencia y confort. Ideal para jugadores vers\u00e1tiles. \u00a1Cons\u00edguela al mejor precio en Revolution Padel Store!","breadcrumb":{"@id":"https:\/\/revolutionpadelstore.com\/fr\/produit\/nox-ml10-pro-cup-coorp-by-miguel-lamperti-3\/#breadcrumb"},"inLanguage":"fr-FR","potentialAction":[{"@type":"ReadAction","target":["https:\/\/revolutionpadelstore.com\/fr\/produit\/nox-ml10-pro-cup-coorp-by-miguel-lamperti-3\/"]}]},{"@type":"ImageObject","inLanguage":"fr-FR","@id":"https:\/\/revolutionpadelstore.com\/fr\/produit\/nox-ml10-pro-cup-coorp-by-miguel-lamperti-3\/#primaryimage","url":"https:\/\/revolutionpadelstore.com\/wp-content\/uploads\/2025\/04\/117963-pala-nox-ml10-pro-cup-coorp-by-miguel-lamperti-pml10pcoor25-1500x1500-1.webp","contentUrl":"https:\/\/revolutionpadelstore.com\/wp-content\/uploads\/2025\/04\/117963-pala-nox-ml10-pro-cup-coorp-by-miguel-lamperti-pml10pcoor25-1500x1500-1.webp","width":1500,"height":1500},{"@type":"BreadcrumbList","@id":"https:\/\/revolutionpadelstore.com\/fr\/produit\/nox-ml10-pro-cup-coorp-by-miguel-lamperti-3\/#breadcrumb","itemListElement":[{"@type":"ListItem","position":1,"name":"Portada","item":"https:\/\/revolutionpadelstore.com\/fr\/"},{"@type":"ListItem","position":2,"name":"Boutique","item":"https:\/\/revolutionpadelstore.com\/fr\/tienda\/"},{"@type":"ListItem","position":3,"name":"NOX ML10 PRO CUP COORP BY MIGUEL LAMPERTI"}]},{"@type":"WebSite","@id":"https:\/\/revolutionpadelstore.com\/fr\/#website","url":"https:\/\/revolutionpadelstore.com\/fr\/","name":"Revolution Padel Store","description":"","publisher":{"@id":"https:\/\/revolutionpadelstore.com\/fr\/#organization"},"potentialAction":[{"@type":"SearchAction","target":{"@type":"EntryPoint","urlTemplate":"https:\/\/revolutionpadelstore.com\/fr\/?s={search_term_string}"},"query-input":{"@type":"PropertyValueSpecification","valueRequired":true,"valueName":"search_term_string"}}],"inLanguage":"fr-FR"},{"@type":"Organization","@id":"https:\/\/revolutionpadelstore.com\/fr\/#organization","name":"Revolution Padel Store","url":"https:\/\/revolutionpadelstore.com\/fr\/","logo":{"@type":"ImageObject","inLanguage":"fr-FR","@id":"https:\/\/revolutionpadelstore.com\/fr\/#\/schema\/logo\/image\/","url":"https:\/\/revolutionpadelstore.com\/wp-content\/uploads\/2026\/02\/revolution-padel-store.jpg","contentUrl":"https:\/\/revolutionpadelstore.com\/wp-content\/uploads\/2026\/02\/revolution-padel-store.jpg","width":2000,"height":2000,"caption":"Revolution Padel Store"},"image":{"@id":"https:\/\/revolutionpadelstore.com\/fr\/#\/schema\/logo\/image\/"},"sameAs":["https:\/\/www.instagram.com\/revolutionpadelstore\/"]}]}},"_links":{"self":[{"href":"https:\/\/revolutionpadelstore.com\/fr\/wp-json\/wp\/v2\/product\/217647","targetHints":{"allow":["GET"]}}],"collection":[{"href":"https:\/\/revolutionpadelstore.com\/fr\/wp-json\/wp\/v2\/product"}],"about":[{"href":"https:\/\/revolutionpadelstore.com\/fr\/wp-json\/wp\/v2\/types\/product"}],"replies":[{"embeddable":true,"href":"https:\/\/revolutionpadelstore.com\/fr\/wp-json\/wp\/v2\/comments?post=217647"}],"wp:featuredmedia":[{"embeddable":true,"href":"https:\/\/revolutionpadelstore.com\/fr\/wp-json\/wp\/v2\/media\/217606"}],"wp:attachment":[{"href":"https:\/\/revolutionpadelstore.com\/fr\/wp-json\/wp\/v2\/media?parent=217647"}],"wp:term":[{"taxonomy":"acabado","embeddable":true,"href":"https:\/\/revolutionpadelstore.com\/fr\/wp-json\/wp\/v2\/acabado?post=217647"},{"taxonomy":"balance","embeddable":true,"href":"https:\/\/revolutionpadelstore.com\/fr\/wp-json\/wp\/v2\/balance?post=217647"},{"taxonomy":"dureza","embeddable":true,"href":"https:\/\/revolutionpadelstore.com\/fr\/wp-json\/wp\/v2\/dureza?post=217647"},{"taxonomy":"forma","embeddable":true,"href":"https:\/\/revolutionpadelstore.com\/fr\/wp-json\/wp\/v2\/forma?post=217647"},{"taxonomy":"jugador","embeddable":true,"href":"https:\/\/revolutionpadelstore.com\/fr\/wp-json\/wp\/v2\/jugador?post=217647"},{"taxonomy":"marca","embeddable":true,"href":"https:\/\/revolutionpadelstore.com\/fr\/wp-json\/wp\/v2\/marca?post=217647"},{"taxonomy":"nivel-de-juego","embeddable":true,"href":"https:\/\/revolutionpadelstore.com\/fr\/wp-json\/wp\/v2\/nivel-de-juego?post=217647"},{"taxonomy":"superficie","embeddable":true,"href":"https:\/\/revolutionpadelstore.com\/fr\/wp-json\/wp\/v2\/superficie?post=217647"},{"taxonomy":"tipo-de-juego","embeddable":true,"href":"https:\/\/revolutionpadelstore.com\/fr\/wp-json\/wp\/v2\/tipo-de-juego?post=217647"},{"taxonomy":"product_brand","embeddable":true,"href":"https:\/\/revolutionpadelstore.com\/fr\/wp-json\/wp\/v2\/product_brand?post=217647"},{"taxonomy":"product_cat","embeddable":true,"href":"https:\/\/revolutionpadelstore.com\/fr\/wp-json\/wp\/v2\/product_cat?post=217647"},{"taxonomy":"product_tag","embeddable":true,"href":"https:\/\/revolutionpadelstore.com\/fr\/wp-json\/wp\/v2\/product_tag?post=217647"}],"curies":[{"name":"wp","href":"https:\/\/api.w.org\/{rel}","templated":true}]}}