{"id":217551,"date":"2025-04-11T19:49:16","date_gmt":"2025-04-11T17:49:16","guid":{"rendered":"https:\/\/revolutionpadelstore.com\/nox-nextgen-pro-hybrid-3k-2025\/"},"modified":"2026-04-01T02:18:10","modified_gmt":"2026-04-01T00:18:10","slug":"nox-nextgen-pro-hybrid-3k-2025-3","status":"publish","type":"product","link":"https:\/\/revolutionpadelstore.com\/fr\/produit\/nox-nextgen-pro-hybrid-3k-2025-3\/","title":{"rendered":"NOX NEXTGEN PRO HYBRID 3K 2025"},"content":{"rendered":"<h2> <strong> NOX NEXTGEN PRO HYBRID 3K 2025 &#8211; PUISSANCE ET CONTR\u00d4LE pour ma\u00eetriser la piste <\/strong> <\/h2>\n<p>Le NOX Nextgen Pro Hybrid 3K 2025 est une pelle \u00e0 palette polyvalente qui offre un \u00e9quilibre parfait entre la puissance et le contr\u00f4le, con\u00e7u pour exiger les joueurs qui cherchent \u00e0 se d\u00e9marquer \u00e0 chaque point. Sa forme de d\u00e9chirure favorise un \u00e9quilibre moyen-\u00e9lev\u00e9, permettant des transitions fluides entre la d\u00e9fense et l&#8217;attaque avec une pr\u00e9cision extraordinaire.<\/p>\n<p>Avec un poids comprise entre 360 \u200b\u200bet 375 grammes et un cadre en carbone ultra r\u00e9sistant, cette pelle garantit une durabilit\u00e9 sup\u00e9rieure et une structure solide qui r\u00e9pond de mani\u00e8re fiable dans chaque coup. De plus, sa surface rugueuse avec du carbone 3K am\u00e9liore l&#8217;effet sur le ballon, offrant un gameplay professionnel.<\/p>\n<h2> <strong> Utilis\u00e9 par les futures \u00e9toiles de paddle <\/strong> <\/h2>\n<p>Le NextGen Pro Hybrid 3K est id\u00e9al pour les joueurs polyvalents \u00e0 la recherche de confiance, de contr\u00f4le et d&#8217;explosivit\u00e9 dans chaque action. Ce fut le choix de jeunes promesses telles que Dylan Neck et Rama Valenzuela, qui s&#8217;affrontent d\u00e9j\u00e0 dans le circuit professionnel. Sa composition avanc\u00e9e vous permet de dominer \u00e0 la fois un jeu tactique et offensant.<\/p>\n<h2> <strong> Technologies et caract\u00e9ristiques cl\u00e9s <\/strong> <\/h2>\n<p><P> &#8211; Carbone de fibre 3K: carbone entrelac\u00e9 qui am\u00e9liore la r\u00e9sistance, la pr\u00e9cision et la durabilit\u00e9. <\/p>\n<p> &#8211; HR3 EVA Couleur: caoutchouc haute densit\u00e9 qui fournit une prise de balle exceptionnelle. <\/p>\n<p> &#8211; DCS (structure composite dynamique): am\u00e9liore la distribution des mat\u00e9riaux pour prolonger la dur\u00e9e de vie utile de la pelle. <\/p>\n<\/p>\n<p> &#8211; Smartap: syst\u00e8me de cordon interchangeable qui vous permet de personnaliser la poign\u00e9e. <\/p>\n<p> &#8211; Cadre en carbone: Cadre de carbone \u00e0 100% qui offre une rigidit\u00e9 et une consistance maximales. <\/p>\n<p> &#8211; Syst\u00e8me anti-vibration: r\u00e9duit les vibrations et am\u00e9liore le confort pendant le jeu.<\/p>\n<h2> <strong> augmentez vos performances avec une pelle d&#8217;\u00e9lite <\/strong> <\/h2>\n<p>Si vous cherchez \u00e0 am\u00e9liorer votre technique et \u00e0 augmenter votre niveau de jeu, le NOX NEXTGEN PRO HYBRID 3K 2025 est votre meilleure option. Il int\u00e8gre des technologies innovantes et des mat\u00e9riaux de niveau sup\u00e9rieur pour vous offrir des performances plus \u00e9lev\u00e9es dans chaque partie. Une pelle professionnelle qui r\u00e9pond aux besoins du joueur moderne.<\/p>\n<p>D\u00e9j\u00e0 disponible dans notre boutique en ligne <a href=\"http:\/\/www.revolutionpadelstore.com\/\"> www.revolutionpadelstore.com <\/a>, probablement au meilleur prix du march\u00e9.<\/p>\n<h2><strong>Nox NextGen Pro Hybrid 3K 2025 \u2013 Potencia y control para dominar la pista<\/strong><\/p>\n","protected":false},"excerpt":{"rendered":"<p>Le NOX Nextgen Pro Hybrid 3K combine la puissance et le contr\u00f4le dans une pelle \u00e9lev\u00e9e. Cr\u00e9\u00e9 pour les joueurs polyvalents, il incorpore l&#8217;\u00e9tat de la technologie-art, un \u00e9quilibre id\u00e9al et une performance exceptionnelle dans chaque coup.<\/p>\n","protected":false},"featured_media":217510,"comment_status":"open","ping_status":"closed","template":"","meta":{"_acf_changed":false,"_joinchat":[]},"acabado":[1107],"balance":[1142],"dureza":[1157],"forma":[1187],"jugador":[1192,1202],"marca":[1262],"nivel-de-juego":[1337,1342],"superficie":[],"tipo-de-juego":[1387],"product_brand":[],"product_cat":[302],"product_tag":[],"class_list":{"0":"post-217551","1":"product","2":"type-product","3":"status-publish","4":"has-post-thumbnail","6":"acabado-brut","7":"balance-moyen","8":"dureza-media-fr","9":"forma-lagrima-fr","10":"jugador-homme","11":"jugador-polivalente-fr","12":"marca-nox-fr","13":"tipo-de-juego-polivalente-fr","14":"product_cat-palas-de-padel-fr","16":"first","17":"instock","18":"sale","19":"taxable","20":"shipping-taxable","21":"purchasable","22":"product-type-simple"},"acf":[],"yoast_head":"<!-- This site is optimized with the Yoast SEO plugin v27.3 - https:\/\/yoast.com\/product\/yoast-seo-wordpress\/ -->\n<title>NOX NEXTGEN PRO HYBRID 3K 2025 - Revolution Padel Store<\/title>\n<meta name=\"description\" content=\"Pala Nox NextGen Pro Hybrid 3K 2025: control, potencia y tecnolog\u00eda profesional. Carbono 3K, HR3 EVA y sistema antivibraci\u00f3n. \u00a1C\u00f3mprala al mejor precio online!\" \/>\n<meta name=\"robots\" content=\"index, follow, max-snippet:-1, max-image-preview:large, max-video-preview:-1\" \/>\n<link rel=\"canonical\" href=\"https:\/\/revolutionpadelstore.com\/fr\/produit\/nox-nextgen-pro-hybrid-3k-2025-3\/\" \/>\n<meta property=\"og:locale\" content=\"fr_FR\" \/>\n<meta property=\"og:type\" content=\"article\" \/>\n<meta property=\"og:title\" content=\"NOX NEXTGEN PRO HYBRID 3K 2025 - Revolution Padel Store\" \/>\n<meta property=\"og:description\" content=\"Pala Nox NextGen Pro Hybrid 3K 2025: control, potencia y tecnolog\u00eda profesional. Carbono 3K, HR3 EVA y sistema antivibraci\u00f3n. \u00a1C\u00f3mprala al mejor precio online!\" \/>\n<meta property=\"og:url\" content=\"https:\/\/revolutionpadelstore.com\/fr\/produit\/nox-nextgen-pro-hybrid-3k-2025-3\/\" \/>\n<meta property=\"og:site_name\" content=\"Revolution Padel Store\" \/>\n<meta property=\"article:modified_time\" content=\"2026-04-01T00:18:10+00:00\" \/>\n<meta property=\"og:image\" content=\"https:\/\/revolutionpadelstore.com\/wp-content\/uploads\/2025\/04\/117967-pala-nox-nextgen-pro-hybrid-3k-nfa-series-pnfanghyb-1500x1500-1.webp\" \/>\n\t<meta property=\"og:image:width\" content=\"1500\" \/>\n\t<meta property=\"og:image:height\" content=\"1500\" \/>\n\t<meta property=\"og:image:type\" content=\"image\/webp\" \/>\n<meta name=\"twitter:card\" content=\"summary_large_image\" \/>\n<meta name=\"twitter:label1\" content=\"Dur\u00e9e de lecture estim\u00e9e\" \/>\n\t<meta name=\"twitter:data1\" content=\"2 minutes\" \/>\n<script type=\"application\/ld+json\" class=\"yoast-schema-graph\">{\"@context\":\"https:\\\/\\\/schema.org\",\"@graph\":[{\"@type\":\"WebPage\",\"@id\":\"https:\\\/\\\/revolutionpadelstore.com\\\/fr\\\/produit\\\/nox-nextgen-pro-hybrid-3k-2025-3\\\/\",\"url\":\"https:\\\/\\\/revolutionpadelstore.com\\\/fr\\\/produit\\\/nox-nextgen-pro-hybrid-3k-2025-3\\\/\",\"name\":\"NOX NEXTGEN PRO HYBRID 3K 2025 - Revolution Padel Store\",\"isPartOf\":{\"@id\":\"https:\\\/\\\/revolutionpadelstore.com\\\/fr\\\/#website\"},\"primaryImageOfPage\":{\"@id\":\"https:\\\/\\\/revolutionpadelstore.com\\\/fr\\\/produit\\\/nox-nextgen-pro-hybrid-3k-2025-3\\\/#primaryimage\"},\"image\":{\"@id\":\"https:\\\/\\\/revolutionpadelstore.com\\\/fr\\\/produit\\\/nox-nextgen-pro-hybrid-3k-2025-3\\\/#primaryimage\"},\"thumbnailUrl\":\"https:\\\/\\\/revolutionpadelstore.com\\\/wp-content\\\/uploads\\\/2025\\\/04\\\/117967-pala-nox-nextgen-pro-hybrid-3k-nfa-series-pnfanghyb-1500x1500-1.webp\",\"datePublished\":\"2025-04-11T17:49:16+00:00\",\"dateModified\":\"2026-04-01T00:18:10+00:00\",\"description\":\"Pala Nox NextGen Pro Hybrid 3K 2025: control, potencia y tecnolog\u00eda profesional. Carbono 3K, HR3 EVA y sistema antivibraci\u00f3n. \u00a1C\u00f3mprala al mejor precio online!\",\"breadcrumb\":{\"@id\":\"https:\\\/\\\/revolutionpadelstore.com\\\/fr\\\/produit\\\/nox-nextgen-pro-hybrid-3k-2025-3\\\/#breadcrumb\"},\"inLanguage\":\"fr-FR\",\"potentialAction\":[{\"@type\":\"ReadAction\",\"target\":[\"https:\\\/\\\/revolutionpadelstore.com\\\/fr\\\/produit\\\/nox-nextgen-pro-hybrid-3k-2025-3\\\/\"]}]},{\"@type\":\"ImageObject\",\"inLanguage\":\"fr-FR\",\"@id\":\"https:\\\/\\\/revolutionpadelstore.com\\\/fr\\\/produit\\\/nox-nextgen-pro-hybrid-3k-2025-3\\\/#primaryimage\",\"url\":\"https:\\\/\\\/revolutionpadelstore.com\\\/wp-content\\\/uploads\\\/2025\\\/04\\\/117967-pala-nox-nextgen-pro-hybrid-3k-nfa-series-pnfanghyb-1500x1500-1.webp\",\"contentUrl\":\"https:\\\/\\\/revolutionpadelstore.com\\\/wp-content\\\/uploads\\\/2025\\\/04\\\/117967-pala-nox-nextgen-pro-hybrid-3k-nfa-series-pnfanghyb-1500x1500-1.webp\",\"width\":1500,\"height\":1500},{\"@type\":\"BreadcrumbList\",\"@id\":\"https:\\\/\\\/revolutionpadelstore.com\\\/fr\\\/produit\\\/nox-nextgen-pro-hybrid-3k-2025-3\\\/#breadcrumb\",\"itemListElement\":[{\"@type\":\"ListItem\",\"position\":1,\"name\":\"Portada\",\"item\":\"https:\\\/\\\/revolutionpadelstore.com\\\/fr\\\/\"},{\"@type\":\"ListItem\",\"position\":2,\"name\":\"Boutique\",\"item\":\"https:\\\/\\\/revolutionpadelstore.com\\\/fr\\\/tienda\\\/\"},{\"@type\":\"ListItem\",\"position\":3,\"name\":\"NOX NEXTGEN PRO HYBRID 3K 2025\"}]},{\"@type\":\"WebSite\",\"@id\":\"https:\\\/\\\/revolutionpadelstore.com\\\/fr\\\/#website\",\"url\":\"https:\\\/\\\/revolutionpadelstore.com\\\/fr\\\/\",\"name\":\"Revolution Padel Store\",\"description\":\"\",\"publisher\":{\"@id\":\"https:\\\/\\\/revolutionpadelstore.com\\\/fr\\\/#organization\"},\"potentialAction\":[{\"@type\":\"SearchAction\",\"target\":{\"@type\":\"EntryPoint\",\"urlTemplate\":\"https:\\\/\\\/revolutionpadelstore.com\\\/fr\\\/?s={search_term_string}\"},\"query-input\":{\"@type\":\"PropertyValueSpecification\",\"valueRequired\":true,\"valueName\":\"search_term_string\"}}],\"inLanguage\":\"fr-FR\"},{\"@type\":\"Organization\",\"@id\":\"https:\\\/\\\/revolutionpadelstore.com\\\/fr\\\/#organization\",\"name\":\"Revolution Padel Store\",\"url\":\"https:\\\/\\\/revolutionpadelstore.com\\\/fr\\\/\",\"logo\":{\"@type\":\"ImageObject\",\"inLanguage\":\"fr-FR\",\"@id\":\"https:\\\/\\\/revolutionpadelstore.com\\\/fr\\\/#\\\/schema\\\/logo\\\/image\\\/\",\"url\":\"https:\\\/\\\/revolutionpadelstore.com\\\/wp-content\\\/uploads\\\/2026\\\/02\\\/revolution-padel-store.jpg\",\"contentUrl\":\"https:\\\/\\\/revolutionpadelstore.com\\\/wp-content\\\/uploads\\\/2026\\\/02\\\/revolution-padel-store.jpg\",\"width\":2000,\"height\":2000,\"caption\":\"Revolution Padel Store\"},\"image\":{\"@id\":\"https:\\\/\\\/revolutionpadelstore.com\\\/fr\\\/#\\\/schema\\\/logo\\\/image\\\/\"},\"sameAs\":[\"https:\\\/\\\/www.instagram.com\\\/revolutionpadelstore\\\/\"]}]}<\/script>\n<!-- \/ Yoast SEO plugin. -->","yoast_head_json":{"title":"NOX NEXTGEN PRO HYBRID 3K 2025 - Revolution Padel Store","description":"Pala Nox NextGen Pro Hybrid 3K 2025: control, potencia y tecnolog\u00eda profesional. Carbono 3K, HR3 EVA y sistema antivibraci\u00f3n. \u00a1C\u00f3mprala al mejor precio online!","robots":{"index":"index","follow":"follow","max-snippet":"max-snippet:-1","max-image-preview":"max-image-preview:large","max-video-preview":"max-video-preview:-1"},"canonical":"https:\/\/revolutionpadelstore.com\/fr\/produit\/nox-nextgen-pro-hybrid-3k-2025-3\/","og_locale":"fr_FR","og_type":"article","og_title":"NOX NEXTGEN PRO HYBRID 3K 2025 - Revolution Padel Store","og_description":"Pala Nox NextGen Pro Hybrid 3K 2025: control, potencia y tecnolog\u00eda profesional. Carbono 3K, HR3 EVA y sistema antivibraci\u00f3n. \u00a1C\u00f3mprala al mejor precio online!","og_url":"https:\/\/revolutionpadelstore.com\/fr\/produit\/nox-nextgen-pro-hybrid-3k-2025-3\/","og_site_name":"Revolution Padel Store","article_modified_time":"2026-04-01T00:18:10+00:00","og_image":[{"width":1500,"height":1500,"url":"https:\/\/revolutionpadelstore.com\/wp-content\/uploads\/2025\/04\/117967-pala-nox-nextgen-pro-hybrid-3k-nfa-series-pnfanghyb-1500x1500-1.webp","type":"image\/webp"}],"twitter_card":"summary_large_image","twitter_misc":{"Dur\u00e9e de lecture estim\u00e9e":"2 minutes"},"schema":{"@context":"https:\/\/schema.org","@graph":[{"@type":"WebPage","@id":"https:\/\/revolutionpadelstore.com\/fr\/produit\/nox-nextgen-pro-hybrid-3k-2025-3\/","url":"https:\/\/revolutionpadelstore.com\/fr\/produit\/nox-nextgen-pro-hybrid-3k-2025-3\/","name":"NOX NEXTGEN PRO HYBRID 3K 2025 - Revolution Padel Store","isPartOf":{"@id":"https:\/\/revolutionpadelstore.com\/fr\/#website"},"primaryImageOfPage":{"@id":"https:\/\/revolutionpadelstore.com\/fr\/produit\/nox-nextgen-pro-hybrid-3k-2025-3\/#primaryimage"},"image":{"@id":"https:\/\/revolutionpadelstore.com\/fr\/produit\/nox-nextgen-pro-hybrid-3k-2025-3\/#primaryimage"},"thumbnailUrl":"https:\/\/revolutionpadelstore.com\/wp-content\/uploads\/2025\/04\/117967-pala-nox-nextgen-pro-hybrid-3k-nfa-series-pnfanghyb-1500x1500-1.webp","datePublished":"2025-04-11T17:49:16+00:00","dateModified":"2026-04-01T00:18:10+00:00","description":"Pala Nox NextGen Pro Hybrid 3K 2025: control, potencia y tecnolog\u00eda profesional. Carbono 3K, HR3 EVA y sistema antivibraci\u00f3n. \u00a1C\u00f3mprala al mejor precio online!","breadcrumb":{"@id":"https:\/\/revolutionpadelstore.com\/fr\/produit\/nox-nextgen-pro-hybrid-3k-2025-3\/#breadcrumb"},"inLanguage":"fr-FR","potentialAction":[{"@type":"ReadAction","target":["https:\/\/revolutionpadelstore.com\/fr\/produit\/nox-nextgen-pro-hybrid-3k-2025-3\/"]}]},{"@type":"ImageObject","inLanguage":"fr-FR","@id":"https:\/\/revolutionpadelstore.com\/fr\/produit\/nox-nextgen-pro-hybrid-3k-2025-3\/#primaryimage","url":"https:\/\/revolutionpadelstore.com\/wp-content\/uploads\/2025\/04\/117967-pala-nox-nextgen-pro-hybrid-3k-nfa-series-pnfanghyb-1500x1500-1.webp","contentUrl":"https:\/\/revolutionpadelstore.com\/wp-content\/uploads\/2025\/04\/117967-pala-nox-nextgen-pro-hybrid-3k-nfa-series-pnfanghyb-1500x1500-1.webp","width":1500,"height":1500},{"@type":"BreadcrumbList","@id":"https:\/\/revolutionpadelstore.com\/fr\/produit\/nox-nextgen-pro-hybrid-3k-2025-3\/#breadcrumb","itemListElement":[{"@type":"ListItem","position":1,"name":"Portada","item":"https:\/\/revolutionpadelstore.com\/fr\/"},{"@type":"ListItem","position":2,"name":"Boutique","item":"https:\/\/revolutionpadelstore.com\/fr\/tienda\/"},{"@type":"ListItem","position":3,"name":"NOX NEXTGEN PRO HYBRID 3K 2025"}]},{"@type":"WebSite","@id":"https:\/\/revolutionpadelstore.com\/fr\/#website","url":"https:\/\/revolutionpadelstore.com\/fr\/","name":"Revolution Padel Store","description":"","publisher":{"@id":"https:\/\/revolutionpadelstore.com\/fr\/#organization"},"potentialAction":[{"@type":"SearchAction","target":{"@type":"EntryPoint","urlTemplate":"https:\/\/revolutionpadelstore.com\/fr\/?s={search_term_string}"},"query-input":{"@type":"PropertyValueSpecification","valueRequired":true,"valueName":"search_term_string"}}],"inLanguage":"fr-FR"},{"@type":"Organization","@id":"https:\/\/revolutionpadelstore.com\/fr\/#organization","name":"Revolution Padel Store","url":"https:\/\/revolutionpadelstore.com\/fr\/","logo":{"@type":"ImageObject","inLanguage":"fr-FR","@id":"https:\/\/revolutionpadelstore.com\/fr\/#\/schema\/logo\/image\/","url":"https:\/\/revolutionpadelstore.com\/wp-content\/uploads\/2026\/02\/revolution-padel-store.jpg","contentUrl":"https:\/\/revolutionpadelstore.com\/wp-content\/uploads\/2026\/02\/revolution-padel-store.jpg","width":2000,"height":2000,"caption":"Revolution Padel Store"},"image":{"@id":"https:\/\/revolutionpadelstore.com\/fr\/#\/schema\/logo\/image\/"},"sameAs":["https:\/\/www.instagram.com\/revolutionpadelstore\/"]}]}},"_links":{"self":[{"href":"https:\/\/revolutionpadelstore.com\/fr\/wp-json\/wp\/v2\/product\/217551","targetHints":{"allow":["GET"]}}],"collection":[{"href":"https:\/\/revolutionpadelstore.com\/fr\/wp-json\/wp\/v2\/product"}],"about":[{"href":"https:\/\/revolutionpadelstore.com\/fr\/wp-json\/wp\/v2\/types\/product"}],"replies":[{"embeddable":true,"href":"https:\/\/revolutionpadelstore.com\/fr\/wp-json\/wp\/v2\/comments?post=217551"}],"wp:featuredmedia":[{"embeddable":true,"href":"https:\/\/revolutionpadelstore.com\/fr\/wp-json\/wp\/v2\/media\/217510"}],"wp:attachment":[{"href":"https:\/\/revolutionpadelstore.com\/fr\/wp-json\/wp\/v2\/media?parent=217551"}],"wp:term":[{"taxonomy":"acabado","embeddable":true,"href":"https:\/\/revolutionpadelstore.com\/fr\/wp-json\/wp\/v2\/acabado?post=217551"},{"taxonomy":"balance","embeddable":true,"href":"https:\/\/revolutionpadelstore.com\/fr\/wp-json\/wp\/v2\/balance?post=217551"},{"taxonomy":"dureza","embeddable":true,"href":"https:\/\/revolutionpadelstore.com\/fr\/wp-json\/wp\/v2\/dureza?post=217551"},{"taxonomy":"forma","embeddable":true,"href":"https:\/\/revolutionpadelstore.com\/fr\/wp-json\/wp\/v2\/forma?post=217551"},{"taxonomy":"jugador","embeddable":true,"href":"https:\/\/revolutionpadelstore.com\/fr\/wp-json\/wp\/v2\/jugador?post=217551"},{"taxonomy":"marca","embeddable":true,"href":"https:\/\/revolutionpadelstore.com\/fr\/wp-json\/wp\/v2\/marca?post=217551"},{"taxonomy":"nivel-de-juego","embeddable":true,"href":"https:\/\/revolutionpadelstore.com\/fr\/wp-json\/wp\/v2\/nivel-de-juego?post=217551"},{"taxonomy":"superficie","embeddable":true,"href":"https:\/\/revolutionpadelstore.com\/fr\/wp-json\/wp\/v2\/superficie?post=217551"},{"taxonomy":"tipo-de-juego","embeddable":true,"href":"https:\/\/revolutionpadelstore.com\/fr\/wp-json\/wp\/v2\/tipo-de-juego?post=217551"},{"taxonomy":"product_brand","embeddable":true,"href":"https:\/\/revolutionpadelstore.com\/fr\/wp-json\/wp\/v2\/product_brand?post=217551"},{"taxonomy":"product_cat","embeddable":true,"href":"https:\/\/revolutionpadelstore.com\/fr\/wp-json\/wp\/v2\/product_cat?post=217551"},{"taxonomy":"product_tag","embeddable":true,"href":"https:\/\/revolutionpadelstore.com\/fr\/wp-json\/wp\/v2\/product_tag?post=217551"}],"curies":[{"name":"wp","href":"https:\/\/api.w.org\/{rel}","templated":true}]}}