{"id":217502,"date":"2025-04-11T19:36:12","date_gmt":"2025-04-11T17:36:12","guid":{"rendered":"https:\/\/revolutionpadelstore.com\/nox-nextgen-pro-attack-3k\/"},"modified":"2026-04-01T02:18:32","modified_gmt":"2026-04-01T00:18:32","slug":"nox-nextgen-pro-attack-3k-2025-3","status":"publish","type":"product","link":"https:\/\/revolutionpadelstore.com\/fr\/produit\/nox-nextgen-pro-attack-3k-2025-3\/","title":{"rendered":"NOX NEXTGEN PRO ATTACK 3K 2025"},"content":{"rendered":"<h2> <strong> NOX NEXTGEN PRO ATTAQUE 3K 2025 &#8211; PUISSANCE SANS LIMITES POUR LES JOUEURS OFFENSIONS <\/strong> <\/h2>\n<p>La NOX Nextgen Pro Attack 3K 2025 est une pelle \u00e0 palette haute performance, cr\u00e9\u00e9e pour des joueurs agressifs cherchant \u00e0 dominer le r\u00e9seau avec puissance et pr\u00e9cision. Gr\u00e2ce \u00e0 sa forme de diamant et \u00e0 son \u00e9quilibre \u00e9lev\u00e9, cette pelle g\u00e9n\u00e8re une \u00e9norme puissance dans les ench\u00e8res, parfaite pour ceux qui veulent faire une diff\u00e9rence \u00e0 chaque point.<\/p>\n<p>Avec un poids qui varie entre 360 \u200b\u200bet 375 grammes, il offre une combinaison id\u00e9ale de puissance, d&#8217;agilit\u00e9 et de maniabilit\u00e9. Sa construction avec cadre en carbone assure une rigidit\u00e9 et une durabilit\u00e9 maximales, tandis que le noyau EVA noir HR3 fournit une excellente prise de balle. De plus, la surface rugueuse avec une finition sablonneuse permet un plus grand effet sur les coups, am\u00e9liorant le contr\u00f4le dans des situations exigeantes.<\/p>\n<h2> <strong> Caract\u00e9ristiques principales <\/strong> <\/h2>\n<p> &#8211; Form: Diamond <\/p>\n<p style=\"padding-left: 40px\"> &#8211; poids: 360-375 grammes <\/p>\n<p style=\"padding-left: 40px\"> &#8211; \u00e9quilibre: \u00e9lev\u00e9 <\/p>\n<p> &#8211; Cadre: 100% carbone <\/p>\n<p> &#8211; Nucleus: HR3 Black Eva <\/p>\n<p style=\"padding-left: 40px\"> &#8211; Surface: rugueux avec sable <\/p>\n<h2> <strong> technologies pro\u00e9minentes <\/strong> <\/h2>\n<p> &#8211; Fibre Carbon 3K: puissance suppl\u00e9mentaire gr\u00e2ce \u00e0 son tissu en carbone de haute qualit\u00e9. <\/p>\n<p> &#8211; HR3 EVA Couleur: caoutchouc haute densit\u00e9 avec effet m\u00e9moire pour des coups plus explosifs. <\/p>\n<p style=\"padding-left: 40px\"> &#8211; Structure composite dynamique (DCS): am\u00e9liore la r\u00e9sistance structurelle de la lame.<\/p>\n<p> &#8211; Smartap: Cordon de s\u00e9curit\u00e9 interchangeable, plus confortable et hygi\u00e9nique. <\/p>\n<p> &#8211; Syst\u00e8me anti-vibration: r\u00e9duit les vibrations pour un plus grand confort dans le jeu. <\/p>\n<h2> <strong> Con\u00e7u pour le jeu professionnel <\/strong> <\/h2>\n<p>Utilis\u00e9 par les jeunes talents de la Nox Future Academy tels que Dylan Neck, Rama Valenzuela et Facu Dehnike, cette pelle est le choix de ceux qui rivalisent dans des circuits tels que le Premier Premier Padel et recherchent une arme de confiance pour faire face au meilleur au monde.<\/p>\n<h2> <strong> Qui devrait choisir cette pelle? <\/strong> <\/h2>\n<p>Il est id\u00e9al pour les joueurs avanc\u00e9s ou les professionnels avec un style de jeu offensif. Si le v\u00f4tre doit dominer le r\u00e9seau et d\u00e9finir des points avec des ench\u00e8res \u00e9mouss\u00e9es, le NOX Nextgen Pro Attack 3K 2025 est votre alli\u00e9 parfait.<\/p>\n<h2> <strong> Obtenez le v\u00f4tre au meilleur prix <\/strong> <\/h2>\n<p>Le NOX Nextgen Pro Attack 3K 2025 est disponible dans notre boutique en ligne <a href=\"http:\/\/www.revolutionpadelstore.com\/\"> www.revolutionpadelstore.com <\/a>, probablement au meilleur prix de march\u00e9. Ne manquez pas l&#8217;occasion de jouer avec une pelle con\u00e7ue pour les champions.<\/p>\n<h2><strong>Nox Nextgen Pro Attack 3K 2025 \u2013 Potencia sin l\u00edmites para jugadores ofensivos<\/strong><\/p>\n","protected":false},"excerpt":{"rendered":"<p>Le NOX Nextgen Pro Attack 3K est une pelle con\u00e7ue pour les joueurs offensifs \u00e0 la recherche de performances \u00e9lev\u00e9es, incorporant des technologies innovantes telles que Fiber Carbon 3K et un syst\u00e8me anti-vibration qui am\u00e9liore la puissance et le confort pendant le jeu.<\/p>\n","protected":false},"featured_media":217461,"comment_status":"open","ping_status":"closed","template":"","meta":{"_acf_changed":false,"_joinchat":[]},"acabado":[1097],"balance":[1137],"dureza":[1157],"forma":[1172],"jugador":[1192,1202],"marca":[1262],"nivel-de-juego":[1337,1342],"superficie":[1362],"tipo-de-juego":[1377],"product_brand":[],"product_cat":[302],"product_tag":[],"class_list":{"0":"post-217502","1":"product","2":"type-product","3":"status-publish","4":"has-post-thumbnail","6":"acabado-sable","7":"balance-eleve","8":"dureza-media-fr","9":"forma-diamant","10":"jugador-homme","11":"jugador-polivalente-fr","12":"marca-nox-fr","13":"superficie-rugosa-fr","14":"tipo-de-juego-puissance","15":"product_cat-palas-de-padel-fr","17":"first","18":"instock","19":"sale","20":"taxable","21":"shipping-taxable","22":"purchasable","23":"product-type-simple"},"acf":[],"yoast_head":"<!-- This site is optimized with the Yoast SEO plugin v27.3 - https:\/\/yoast.com\/product\/yoast-seo-wordpress\/ -->\n<title>NOX NEXTGEN PRO ATTACK 3K 2025 - Revolution Padel Store<\/title>\n<meta name=\"description\" content=\"Compra la Nox Nextgen Pro Attack 3K 2025 en Revolution Padel Store. M\u00e1xima potencia, control y tecnolog\u00edas de vanguardia para jugadores ofensivos. \u00a1Cons\u00edguela online al mejor precio!\" \/>\n<meta name=\"robots\" content=\"index, follow, max-snippet:-1, max-image-preview:large, max-video-preview:-1\" \/>\n<link rel=\"canonical\" href=\"https:\/\/revolutionpadelstore.com\/fr\/produit\/nox-nextgen-pro-attack-3k-2025-3\/\" \/>\n<meta property=\"og:locale\" content=\"fr_FR\" \/>\n<meta property=\"og:type\" content=\"article\" \/>\n<meta property=\"og:title\" content=\"NOX NEXTGEN PRO ATTACK 3K 2025 - Revolution Padel Store\" \/>\n<meta property=\"og:description\" content=\"Compra la Nox Nextgen Pro Attack 3K 2025 en Revolution Padel Store. M\u00e1xima potencia, control y tecnolog\u00edas de vanguardia para jugadores ofensivos. \u00a1Cons\u00edguela online al mejor precio!\" \/>\n<meta property=\"og:url\" content=\"https:\/\/revolutionpadelstore.com\/fr\/produit\/nox-nextgen-pro-attack-3k-2025-3\/\" \/>\n<meta property=\"og:site_name\" content=\"Revolution Padel Store\" \/>\n<meta property=\"article:modified_time\" content=\"2026-04-01T00:18:32+00:00\" \/>\n<meta property=\"og:image\" content=\"https:\/\/revolutionpadelstore.com\/wp-content\/uploads\/2025\/04\/117966-pala-nox-nextgen-pro-attack-3k-nfa-series-pnfangatt-1500x1500-1.webp\" \/>\n\t<meta property=\"og:image:width\" content=\"1500\" \/>\n\t<meta property=\"og:image:height\" content=\"1500\" \/>\n\t<meta property=\"og:image:type\" content=\"image\/webp\" \/>\n<meta name=\"twitter:card\" content=\"summary_large_image\" \/>\n<meta name=\"twitter:label1\" content=\"Dur\u00e9e de lecture estim\u00e9e\" \/>\n\t<meta name=\"twitter:data1\" content=\"2 minutes\" \/>\n<script type=\"application\/ld+json\" class=\"yoast-schema-graph\">{\"@context\":\"https:\\\/\\\/schema.org\",\"@graph\":[{\"@type\":\"WebPage\",\"@id\":\"https:\\\/\\\/revolutionpadelstore.com\\\/fr\\\/produit\\\/nox-nextgen-pro-attack-3k-2025-3\\\/\",\"url\":\"https:\\\/\\\/revolutionpadelstore.com\\\/fr\\\/produit\\\/nox-nextgen-pro-attack-3k-2025-3\\\/\",\"name\":\"NOX NEXTGEN PRO ATTACK 3K 2025 - Revolution Padel Store\",\"isPartOf\":{\"@id\":\"https:\\\/\\\/revolutionpadelstore.com\\\/fr\\\/#website\"},\"primaryImageOfPage\":{\"@id\":\"https:\\\/\\\/revolutionpadelstore.com\\\/fr\\\/produit\\\/nox-nextgen-pro-attack-3k-2025-3\\\/#primaryimage\"},\"image\":{\"@id\":\"https:\\\/\\\/revolutionpadelstore.com\\\/fr\\\/produit\\\/nox-nextgen-pro-attack-3k-2025-3\\\/#primaryimage\"},\"thumbnailUrl\":\"https:\\\/\\\/revolutionpadelstore.com\\\/wp-content\\\/uploads\\\/2025\\\/04\\\/117966-pala-nox-nextgen-pro-attack-3k-nfa-series-pnfangatt-1500x1500-1.webp\",\"datePublished\":\"2025-04-11T17:36:12+00:00\",\"dateModified\":\"2026-04-01T00:18:32+00:00\",\"description\":\"Compra la Nox Nextgen Pro Attack 3K 2025 en Revolution Padel Store. M\u00e1xima potencia, control y tecnolog\u00edas de vanguardia para jugadores ofensivos. \u00a1Cons\u00edguela online al mejor precio!\",\"breadcrumb\":{\"@id\":\"https:\\\/\\\/revolutionpadelstore.com\\\/fr\\\/produit\\\/nox-nextgen-pro-attack-3k-2025-3\\\/#breadcrumb\"},\"inLanguage\":\"fr-FR\",\"potentialAction\":[{\"@type\":\"ReadAction\",\"target\":[\"https:\\\/\\\/revolutionpadelstore.com\\\/fr\\\/produit\\\/nox-nextgen-pro-attack-3k-2025-3\\\/\"]}]},{\"@type\":\"ImageObject\",\"inLanguage\":\"fr-FR\",\"@id\":\"https:\\\/\\\/revolutionpadelstore.com\\\/fr\\\/produit\\\/nox-nextgen-pro-attack-3k-2025-3\\\/#primaryimage\",\"url\":\"https:\\\/\\\/revolutionpadelstore.com\\\/wp-content\\\/uploads\\\/2025\\\/04\\\/117966-pala-nox-nextgen-pro-attack-3k-nfa-series-pnfangatt-1500x1500-1.webp\",\"contentUrl\":\"https:\\\/\\\/revolutionpadelstore.com\\\/wp-content\\\/uploads\\\/2025\\\/04\\\/117966-pala-nox-nextgen-pro-attack-3k-nfa-series-pnfangatt-1500x1500-1.webp\",\"width\":1500,\"height\":1500},{\"@type\":\"BreadcrumbList\",\"@id\":\"https:\\\/\\\/revolutionpadelstore.com\\\/fr\\\/produit\\\/nox-nextgen-pro-attack-3k-2025-3\\\/#breadcrumb\",\"itemListElement\":[{\"@type\":\"ListItem\",\"position\":1,\"name\":\"Portada\",\"item\":\"https:\\\/\\\/revolutionpadelstore.com\\\/fr\\\/\"},{\"@type\":\"ListItem\",\"position\":2,\"name\":\"Boutique\",\"item\":\"https:\\\/\\\/revolutionpadelstore.com\\\/fr\\\/tienda\\\/\"},{\"@type\":\"ListItem\",\"position\":3,\"name\":\"NOX NEXTGEN PRO ATTACK 3K 2025\"}]},{\"@type\":\"WebSite\",\"@id\":\"https:\\\/\\\/revolutionpadelstore.com\\\/fr\\\/#website\",\"url\":\"https:\\\/\\\/revolutionpadelstore.com\\\/fr\\\/\",\"name\":\"Revolution Padel Store\",\"description\":\"\",\"publisher\":{\"@id\":\"https:\\\/\\\/revolutionpadelstore.com\\\/fr\\\/#organization\"},\"potentialAction\":[{\"@type\":\"SearchAction\",\"target\":{\"@type\":\"EntryPoint\",\"urlTemplate\":\"https:\\\/\\\/revolutionpadelstore.com\\\/fr\\\/?s={search_term_string}\"},\"query-input\":{\"@type\":\"PropertyValueSpecification\",\"valueRequired\":true,\"valueName\":\"search_term_string\"}}],\"inLanguage\":\"fr-FR\"},{\"@type\":\"Organization\",\"@id\":\"https:\\\/\\\/revolutionpadelstore.com\\\/fr\\\/#organization\",\"name\":\"Revolution Padel Store\",\"url\":\"https:\\\/\\\/revolutionpadelstore.com\\\/fr\\\/\",\"logo\":{\"@type\":\"ImageObject\",\"inLanguage\":\"fr-FR\",\"@id\":\"https:\\\/\\\/revolutionpadelstore.com\\\/fr\\\/#\\\/schema\\\/logo\\\/image\\\/\",\"url\":\"https:\\\/\\\/revolutionpadelstore.com\\\/wp-content\\\/uploads\\\/2026\\\/02\\\/revolution-padel-store.jpg\",\"contentUrl\":\"https:\\\/\\\/revolutionpadelstore.com\\\/wp-content\\\/uploads\\\/2026\\\/02\\\/revolution-padel-store.jpg\",\"width\":2000,\"height\":2000,\"caption\":\"Revolution Padel Store\"},\"image\":{\"@id\":\"https:\\\/\\\/revolutionpadelstore.com\\\/fr\\\/#\\\/schema\\\/logo\\\/image\\\/\"},\"sameAs\":[\"https:\\\/\\\/www.instagram.com\\\/revolutionpadelstore\\\/\"]}]}<\/script>\n<!-- \/ Yoast SEO plugin. -->","yoast_head_json":{"title":"NOX NEXTGEN PRO ATTACK 3K 2025 - Revolution Padel Store","description":"Compra la Nox Nextgen Pro Attack 3K 2025 en Revolution Padel Store. M\u00e1xima potencia, control y tecnolog\u00edas de vanguardia para jugadores ofensivos. \u00a1Cons\u00edguela online al mejor precio!","robots":{"index":"index","follow":"follow","max-snippet":"max-snippet:-1","max-image-preview":"max-image-preview:large","max-video-preview":"max-video-preview:-1"},"canonical":"https:\/\/revolutionpadelstore.com\/fr\/produit\/nox-nextgen-pro-attack-3k-2025-3\/","og_locale":"fr_FR","og_type":"article","og_title":"NOX NEXTGEN PRO ATTACK 3K 2025 - Revolution Padel Store","og_description":"Compra la Nox Nextgen Pro Attack 3K 2025 en Revolution Padel Store. M\u00e1xima potencia, control y tecnolog\u00edas de vanguardia para jugadores ofensivos. \u00a1Cons\u00edguela online al mejor precio!","og_url":"https:\/\/revolutionpadelstore.com\/fr\/produit\/nox-nextgen-pro-attack-3k-2025-3\/","og_site_name":"Revolution Padel Store","article_modified_time":"2026-04-01T00:18:32+00:00","og_image":[{"width":1500,"height":1500,"url":"https:\/\/revolutionpadelstore.com\/wp-content\/uploads\/2025\/04\/117966-pala-nox-nextgen-pro-attack-3k-nfa-series-pnfangatt-1500x1500-1.webp","type":"image\/webp"}],"twitter_card":"summary_large_image","twitter_misc":{"Dur\u00e9e de lecture estim\u00e9e":"2 minutes"},"schema":{"@context":"https:\/\/schema.org","@graph":[{"@type":"WebPage","@id":"https:\/\/revolutionpadelstore.com\/fr\/produit\/nox-nextgen-pro-attack-3k-2025-3\/","url":"https:\/\/revolutionpadelstore.com\/fr\/produit\/nox-nextgen-pro-attack-3k-2025-3\/","name":"NOX NEXTGEN PRO ATTACK 3K 2025 - Revolution Padel Store","isPartOf":{"@id":"https:\/\/revolutionpadelstore.com\/fr\/#website"},"primaryImageOfPage":{"@id":"https:\/\/revolutionpadelstore.com\/fr\/produit\/nox-nextgen-pro-attack-3k-2025-3\/#primaryimage"},"image":{"@id":"https:\/\/revolutionpadelstore.com\/fr\/produit\/nox-nextgen-pro-attack-3k-2025-3\/#primaryimage"},"thumbnailUrl":"https:\/\/revolutionpadelstore.com\/wp-content\/uploads\/2025\/04\/117966-pala-nox-nextgen-pro-attack-3k-nfa-series-pnfangatt-1500x1500-1.webp","datePublished":"2025-04-11T17:36:12+00:00","dateModified":"2026-04-01T00:18:32+00:00","description":"Compra la Nox Nextgen Pro Attack 3K 2025 en Revolution Padel Store. M\u00e1xima potencia, control y tecnolog\u00edas de vanguardia para jugadores ofensivos. \u00a1Cons\u00edguela online al mejor precio!","breadcrumb":{"@id":"https:\/\/revolutionpadelstore.com\/fr\/produit\/nox-nextgen-pro-attack-3k-2025-3\/#breadcrumb"},"inLanguage":"fr-FR","potentialAction":[{"@type":"ReadAction","target":["https:\/\/revolutionpadelstore.com\/fr\/produit\/nox-nextgen-pro-attack-3k-2025-3\/"]}]},{"@type":"ImageObject","inLanguage":"fr-FR","@id":"https:\/\/revolutionpadelstore.com\/fr\/produit\/nox-nextgen-pro-attack-3k-2025-3\/#primaryimage","url":"https:\/\/revolutionpadelstore.com\/wp-content\/uploads\/2025\/04\/117966-pala-nox-nextgen-pro-attack-3k-nfa-series-pnfangatt-1500x1500-1.webp","contentUrl":"https:\/\/revolutionpadelstore.com\/wp-content\/uploads\/2025\/04\/117966-pala-nox-nextgen-pro-attack-3k-nfa-series-pnfangatt-1500x1500-1.webp","width":1500,"height":1500},{"@type":"BreadcrumbList","@id":"https:\/\/revolutionpadelstore.com\/fr\/produit\/nox-nextgen-pro-attack-3k-2025-3\/#breadcrumb","itemListElement":[{"@type":"ListItem","position":1,"name":"Portada","item":"https:\/\/revolutionpadelstore.com\/fr\/"},{"@type":"ListItem","position":2,"name":"Boutique","item":"https:\/\/revolutionpadelstore.com\/fr\/tienda\/"},{"@type":"ListItem","position":3,"name":"NOX NEXTGEN PRO ATTACK 3K 2025"}]},{"@type":"WebSite","@id":"https:\/\/revolutionpadelstore.com\/fr\/#website","url":"https:\/\/revolutionpadelstore.com\/fr\/","name":"Revolution Padel Store","description":"","publisher":{"@id":"https:\/\/revolutionpadelstore.com\/fr\/#organization"},"potentialAction":[{"@type":"SearchAction","target":{"@type":"EntryPoint","urlTemplate":"https:\/\/revolutionpadelstore.com\/fr\/?s={search_term_string}"},"query-input":{"@type":"PropertyValueSpecification","valueRequired":true,"valueName":"search_term_string"}}],"inLanguage":"fr-FR"},{"@type":"Organization","@id":"https:\/\/revolutionpadelstore.com\/fr\/#organization","name":"Revolution Padel Store","url":"https:\/\/revolutionpadelstore.com\/fr\/","logo":{"@type":"ImageObject","inLanguage":"fr-FR","@id":"https:\/\/revolutionpadelstore.com\/fr\/#\/schema\/logo\/image\/","url":"https:\/\/revolutionpadelstore.com\/wp-content\/uploads\/2026\/02\/revolution-padel-store.jpg","contentUrl":"https:\/\/revolutionpadelstore.com\/wp-content\/uploads\/2026\/02\/revolution-padel-store.jpg","width":2000,"height":2000,"caption":"Revolution Padel Store"},"image":{"@id":"https:\/\/revolutionpadelstore.com\/fr\/#\/schema\/logo\/image\/"},"sameAs":["https:\/\/www.instagram.com\/revolutionpadelstore\/"]}]}},"_links":{"self":[{"href":"https:\/\/revolutionpadelstore.com\/fr\/wp-json\/wp\/v2\/product\/217502","targetHints":{"allow":["GET"]}}],"collection":[{"href":"https:\/\/revolutionpadelstore.com\/fr\/wp-json\/wp\/v2\/product"}],"about":[{"href":"https:\/\/revolutionpadelstore.com\/fr\/wp-json\/wp\/v2\/types\/product"}],"replies":[{"embeddable":true,"href":"https:\/\/revolutionpadelstore.com\/fr\/wp-json\/wp\/v2\/comments?post=217502"}],"wp:featuredmedia":[{"embeddable":true,"href":"https:\/\/revolutionpadelstore.com\/fr\/wp-json\/wp\/v2\/media\/217461"}],"wp:attachment":[{"href":"https:\/\/revolutionpadelstore.com\/fr\/wp-json\/wp\/v2\/media?parent=217502"}],"wp:term":[{"taxonomy":"acabado","embeddable":true,"href":"https:\/\/revolutionpadelstore.com\/fr\/wp-json\/wp\/v2\/acabado?post=217502"},{"taxonomy":"balance","embeddable":true,"href":"https:\/\/revolutionpadelstore.com\/fr\/wp-json\/wp\/v2\/balance?post=217502"},{"taxonomy":"dureza","embeddable":true,"href":"https:\/\/revolutionpadelstore.com\/fr\/wp-json\/wp\/v2\/dureza?post=217502"},{"taxonomy":"forma","embeddable":true,"href":"https:\/\/revolutionpadelstore.com\/fr\/wp-json\/wp\/v2\/forma?post=217502"},{"taxonomy":"jugador","embeddable":true,"href":"https:\/\/revolutionpadelstore.com\/fr\/wp-json\/wp\/v2\/jugador?post=217502"},{"taxonomy":"marca","embeddable":true,"href":"https:\/\/revolutionpadelstore.com\/fr\/wp-json\/wp\/v2\/marca?post=217502"},{"taxonomy":"nivel-de-juego","embeddable":true,"href":"https:\/\/revolutionpadelstore.com\/fr\/wp-json\/wp\/v2\/nivel-de-juego?post=217502"},{"taxonomy":"superficie","embeddable":true,"href":"https:\/\/revolutionpadelstore.com\/fr\/wp-json\/wp\/v2\/superficie?post=217502"},{"taxonomy":"tipo-de-juego","embeddable":true,"href":"https:\/\/revolutionpadelstore.com\/fr\/wp-json\/wp\/v2\/tipo-de-juego?post=217502"},{"taxonomy":"product_brand","embeddable":true,"href":"https:\/\/revolutionpadelstore.com\/fr\/wp-json\/wp\/v2\/product_brand?post=217502"},{"taxonomy":"product_cat","embeddable":true,"href":"https:\/\/revolutionpadelstore.com\/fr\/wp-json\/wp\/v2\/product_cat?post=217502"},{"taxonomy":"product_tag","embeddable":true,"href":"https:\/\/revolutionpadelstore.com\/fr\/wp-json\/wp\/v2\/product_tag?post=217502"}],"curies":[{"name":"wp","href":"https:\/\/api.w.org\/{rel}","templated":true}]}}