{"id":217400,"date":"2025-04-11T19:22:39","date_gmt":"2025-04-11T17:22:39","guid":{"rendered":"https:\/\/revolutionpadelstore.com\/?post_type=product&#038;p=217400"},"modified":"2026-04-01T02:18:53","modified_gmt":"2026-04-01T00:18:53","slug":"nox-vk10-quantum-3k-aranzazu-osoro-3","status":"publish","type":"product","link":"https:\/\/revolutionpadelstore.com\/fr\/produit\/nox-vk10-quantum-3k-aranzazu-osoro-3\/","title":{"rendered":"NOX VK10 QUANTUM 3K ARANZAZU OSORO"},"content":{"rendered":"<p><H2> NOX VK10 Quantum 3K Aranzazu Osoro 2025 &#8211; Pr\u00e9cision, style et performances dans chaque coup d&#8217;\u00c9tat <\/h2>\n<p>D\u00e9couvrez le <strong> NOX VK10 Quantum 3K 2025 <\/strong>, la pelle officielle de <strong> aranzazu osoro <\/strong>, surnomm\u00e9e &#8220;La Vikinga&#8221;, une joueuse d&#8217;\u00e9lite qui inspire avec son pouvoir, sa pr\u00e9cision et son esprit de combat. Sur la base de l&#8217;embl\u00e9matique <strong> ML10 Quantum 3K par Miguel Lamperti <\/strong>, cette pelle est pr\u00e9sent\u00e9e avec un format rond et un poids l\u00e9ger (350-365G), id\u00e9al pour ceux qui recherchent maximum la gestion, le contr\u00f4le et la vitesse de r\u00e9action.<\/p>\n<p>Con\u00e7ue pour les joueurs interm\u00e9diaires et avanc\u00e9s <\/strong> <\/strong>, cette pelle se distingue par son excellent <strong> point sucr\u00e9 <\/strong>, son design innovant avec <strong> finition rugous exclusive Spin <\/strong>, et sa technologie esth\u00e9tique unique gr\u00e2ce \u00e0 la technologie exclusive de peinture photochromique, qui change la couleur en fonction de la couleur et de la lumi\u00e8re int\u00e9rieure. Un spectacle visuel et technique sur la piste.<\/p>\n<h2> Technologies avanc\u00e9es du NOX VK10 Quantum 3K 2025 <\/H2><\/p>\n<p> <strong> -Carbon 3K <\/strong>: fibre de carbone entrelac\u00e9e qui fournit une structure r\u00e9sistante et durable.<br \/>\n&lt;p style = &quot;padding-left: 40px;&quot;<br \/>\n&lt;p style = &quot;padding-left: 40px;&quot;<br \/>\n&lt;p style = &quot;padding-left: 40px;&quot;<\/p>\n<p style=\"padding-left: 40px\"> <strong> &#8211; spin exclusive <\/strong>: surface rugueuse avec double texture pour un plus grand effet sur chaque coup.<\/p>\n<p> <strong> -Pulse System <\/strong>: technologie de r\u00e9duction des vibrations qui prot\u00e8ge les joints.<\/p>\n<p> <strong> -eos rabat <\/strong>: perforations strat\u00e9giques pour am\u00e9liorer la distribution du poids et augmenter l&#8217;agilit\u00e9.<br \/>\n&lt;p style = &quot;padding-left: 40px;&quot;<\/p>\n<h2> <strong> Qui est le VK10 Quantum 3K? <\/strong> <\/h2>\n<p>Cette pelle est parfaite pour les joueurs interm\u00e9diaires <strong> qui souhaitent \u00e9voluer <\/strong> votre jeu sans abandonner le contr\u00f4le et le confort. Il est \u00e9galement id\u00e9al pour ceux qui recherchent une pelle professionnelle <strong> \u00e9quilibr\u00e9e <\/strong>, avec des technologies innovantes qui maximisent les performances et minimisent le risque de blessures.<\/p>\n<h2> Avantages en suspens <\/h2>\n<p> &#8211; Excellente combinaison entre <strong> Control et Power <\/strong>. <\/p>\n<p> &#8211; Parfait pour <strong> les joueurs \u00e0 la recherche de pr\u00e9cision <\/strong> sans perdre de vitesse. <\/p>\n<p> &#8211; R\u00e9duction des vibrations pour <strong> jeux les plus confortables et s\u00fbrs <\/strong>. <\/p>\n<p> &#8211; esth\u00e9tique exclusive avec <strong> changement de technologie des couleurs <\/strong>. <\/p>\n<p><P style=\"padding-left: 40px\"> &#8211; Construction de <strong> gamme haute avec mat\u00e9riaux durables <\/strong>. <\/p>\n<h2> Obtenez la pelle Aranzazu Osoro <\/h2>\n<p>Si vous recherchez un polyvalent, professionnel et avec caract\u00e8re, le <strong> NOX VK10 Quantum 3K 2025 <\/strong> est votre meilleur alli\u00e9 pour ma\u00eetriser chaque point. Disponible maintenant dans notre boutique en ligne <a href=\"https:\/\/www.revolutionpadelstore.com\/\"> www.revolutionpadelstore.com <\/a>, probablement <strong> au meilleur prix de march\u00e9 <\/strong>. Ne manquez pas cette opportunit\u00e9!<\/p>\n<h2>Nox VK10 Quantum 3K Aranzazu Osoro 2025 \u2013 Precisi\u00f3n, estilo y rendimiento en cada golpe<\/h2>\n","protected":false},"excerpt":{"rendered":"<p>Le NOX VK10 Quantum 3K Aranzazu Osoro 2025 est la pelle officielle d&#8217;Aranzazu Osoro, con\u00e7ue pour les joueurs interm\u00e9diaires \u00e0 avanc\u00e9s \u00e0 la recherche d&#8217;une combinaison \u00e9quilibr\u00e9e entre le contr\u00f4le et le pouvoir.<\/p>\n","protected":false},"featured_media":217406,"comment_status":"open","ping_status":"closed","template":"","meta":{"_acf_changed":false,"_joinchat":[]},"acabado":[1092],"balance":[1147],"dureza":[1157],"forma":[1182],"jugador":[1197],"marca":[1262],"nivel-de-juego":[1337,1342],"superficie":[1362],"tipo-de-juego":[1372],"product_brand":[],"product_cat":[302],"product_tag":[],"class_list":{"0":"post-217400","1":"product","2":"type-product","3":"status-publish","4":"has-post-thumbnail","6":"acabado-soulager-la-3d","7":"balance-faible","8":"dureza-media-fr","9":"forma-rond","10":"jugador-mujer-fr","11":"marca-nox-fr","12":"superficie-rugosa-fr","13":"tipo-de-juego-control-fr","14":"product_cat-palas-de-padel-fr","16":"first","17":"instock","18":"sale","19":"taxable","20":"shipping-taxable","21":"purchasable","22":"product-type-simple"},"acf":[],"yoast_head":"<!-- This site is optimized with the Yoast SEO plugin v27.3 - https:\/\/yoast.com\/product\/yoast-seo-wordpress\/ -->\n<title>NOX VK10 QUANTUM 3K ARANZAZU OSORO - Revolution Padel Store<\/title>\n<meta name=\"description\" content=\"Compra la Nox VK10 Quantum 3K Aranzazu Osoro 2025, pala profesional con formato redondo, carbono 3K, acabado rugoso y dise\u00f1o exclusivo. Ideal para jugadores intermedios y avanzados.\" \/>\n<meta name=\"robots\" content=\"index, follow, max-snippet:-1, max-image-preview:large, max-video-preview:-1\" \/>\n<link rel=\"canonical\" href=\"https:\/\/revolutionpadelstore.com\/fr\/produit\/nox-vk10-quantum-3k-aranzazu-osoro-3\/\" \/>\n<meta property=\"og:locale\" content=\"fr_FR\" \/>\n<meta property=\"og:type\" content=\"article\" \/>\n<meta property=\"og:title\" content=\"NOX VK10 QUANTUM 3K ARANZAZU OSORO - Revolution Padel Store\" \/>\n<meta property=\"og:description\" content=\"Compra la Nox VK10 Quantum 3K Aranzazu Osoro 2025, pala profesional con formato redondo, carbono 3K, acabado rugoso y dise\u00f1o exclusivo. Ideal para jugadores intermedios y avanzados.\" \/>\n<meta property=\"og:url\" content=\"https:\/\/revolutionpadelstore.com\/fr\/produit\/nox-vk10-quantum-3k-aranzazu-osoro-3\/\" \/>\n<meta property=\"og:site_name\" content=\"Revolution Padel Store\" \/>\n<meta property=\"article:modified_time\" content=\"2026-04-01T00:18:53+00:00\" \/>\n<meta property=\"og:image\" content=\"https:\/\/revolutionpadelstore.com\/wp-content\/uploads\/2025\/04\/117970-pala-nox-vk10-quantum-3k-by-aranzazu-osoro-pvk10luxq25-1500x1500-1.webp\" \/>\n\t<meta property=\"og:image:width\" content=\"1500\" \/>\n\t<meta property=\"og:image:height\" content=\"1500\" \/>\n\t<meta property=\"og:image:type\" content=\"image\/webp\" \/>\n<meta name=\"twitter:card\" content=\"summary_large_image\" \/>\n<meta name=\"twitter:label1\" content=\"Dur\u00e9e de lecture estim\u00e9e\" \/>\n\t<meta name=\"twitter:data1\" content=\"2 minutes\" \/>\n<script type=\"application\/ld+json\" class=\"yoast-schema-graph\">{\"@context\":\"https:\\\/\\\/schema.org\",\"@graph\":[{\"@type\":\"WebPage\",\"@id\":\"https:\\\/\\\/revolutionpadelstore.com\\\/fr\\\/produit\\\/nox-vk10-quantum-3k-aranzazu-osoro-3\\\/\",\"url\":\"https:\\\/\\\/revolutionpadelstore.com\\\/fr\\\/produit\\\/nox-vk10-quantum-3k-aranzazu-osoro-3\\\/\",\"name\":\"NOX VK10 QUANTUM 3K ARANZAZU OSORO - Revolution Padel Store\",\"isPartOf\":{\"@id\":\"https:\\\/\\\/revolutionpadelstore.com\\\/fr\\\/#website\"},\"primaryImageOfPage\":{\"@id\":\"https:\\\/\\\/revolutionpadelstore.com\\\/fr\\\/produit\\\/nox-vk10-quantum-3k-aranzazu-osoro-3\\\/#primaryimage\"},\"image\":{\"@id\":\"https:\\\/\\\/revolutionpadelstore.com\\\/fr\\\/produit\\\/nox-vk10-quantum-3k-aranzazu-osoro-3\\\/#primaryimage\"},\"thumbnailUrl\":\"https:\\\/\\\/revolutionpadelstore.com\\\/wp-content\\\/uploads\\\/2025\\\/04\\\/117970-pala-nox-vk10-quantum-3k-by-aranzazu-osoro-pvk10luxq25-1500x1500-1.webp\",\"datePublished\":\"2025-04-11T17:22:39+00:00\",\"dateModified\":\"2026-04-01T00:18:53+00:00\",\"description\":\"Compra la Nox VK10 Quantum 3K Aranzazu Osoro 2025, pala profesional con formato redondo, carbono 3K, acabado rugoso y dise\u00f1o exclusivo. Ideal para jugadores intermedios y avanzados.\",\"breadcrumb\":{\"@id\":\"https:\\\/\\\/revolutionpadelstore.com\\\/fr\\\/produit\\\/nox-vk10-quantum-3k-aranzazu-osoro-3\\\/#breadcrumb\"},\"inLanguage\":\"fr-FR\",\"potentialAction\":[{\"@type\":\"ReadAction\",\"target\":[\"https:\\\/\\\/revolutionpadelstore.com\\\/fr\\\/produit\\\/nox-vk10-quantum-3k-aranzazu-osoro-3\\\/\"]}]},{\"@type\":\"ImageObject\",\"inLanguage\":\"fr-FR\",\"@id\":\"https:\\\/\\\/revolutionpadelstore.com\\\/fr\\\/produit\\\/nox-vk10-quantum-3k-aranzazu-osoro-3\\\/#primaryimage\",\"url\":\"https:\\\/\\\/revolutionpadelstore.com\\\/wp-content\\\/uploads\\\/2025\\\/04\\\/117970-pala-nox-vk10-quantum-3k-by-aranzazu-osoro-pvk10luxq25-1500x1500-1.webp\",\"contentUrl\":\"https:\\\/\\\/revolutionpadelstore.com\\\/wp-content\\\/uploads\\\/2025\\\/04\\\/117970-pala-nox-vk10-quantum-3k-by-aranzazu-osoro-pvk10luxq25-1500x1500-1.webp\",\"width\":1500,\"height\":1500},{\"@type\":\"BreadcrumbList\",\"@id\":\"https:\\\/\\\/revolutionpadelstore.com\\\/fr\\\/produit\\\/nox-vk10-quantum-3k-aranzazu-osoro-3\\\/#breadcrumb\",\"itemListElement\":[{\"@type\":\"ListItem\",\"position\":1,\"name\":\"Portada\",\"item\":\"https:\\\/\\\/revolutionpadelstore.com\\\/fr\\\/\"},{\"@type\":\"ListItem\",\"position\":2,\"name\":\"Boutique\",\"item\":\"https:\\\/\\\/revolutionpadelstore.com\\\/fr\\\/tienda\\\/\"},{\"@type\":\"ListItem\",\"position\":3,\"name\":\"NOX VK10 QUANTUM 3K ARANZAZU OSORO\"}]},{\"@type\":\"WebSite\",\"@id\":\"https:\\\/\\\/revolutionpadelstore.com\\\/fr\\\/#website\",\"url\":\"https:\\\/\\\/revolutionpadelstore.com\\\/fr\\\/\",\"name\":\"Revolution Padel Store\",\"description\":\"\",\"publisher\":{\"@id\":\"https:\\\/\\\/revolutionpadelstore.com\\\/fr\\\/#organization\"},\"potentialAction\":[{\"@type\":\"SearchAction\",\"target\":{\"@type\":\"EntryPoint\",\"urlTemplate\":\"https:\\\/\\\/revolutionpadelstore.com\\\/fr\\\/?s={search_term_string}\"},\"query-input\":{\"@type\":\"PropertyValueSpecification\",\"valueRequired\":true,\"valueName\":\"search_term_string\"}}],\"inLanguage\":\"fr-FR\"},{\"@type\":\"Organization\",\"@id\":\"https:\\\/\\\/revolutionpadelstore.com\\\/fr\\\/#organization\",\"name\":\"Revolution Padel Store\",\"url\":\"https:\\\/\\\/revolutionpadelstore.com\\\/fr\\\/\",\"logo\":{\"@type\":\"ImageObject\",\"inLanguage\":\"fr-FR\",\"@id\":\"https:\\\/\\\/revolutionpadelstore.com\\\/fr\\\/#\\\/schema\\\/logo\\\/image\\\/\",\"url\":\"https:\\\/\\\/revolutionpadelstore.com\\\/wp-content\\\/uploads\\\/2026\\\/02\\\/revolution-padel-store.jpg\",\"contentUrl\":\"https:\\\/\\\/revolutionpadelstore.com\\\/wp-content\\\/uploads\\\/2026\\\/02\\\/revolution-padel-store.jpg\",\"width\":2000,\"height\":2000,\"caption\":\"Revolution Padel Store\"},\"image\":{\"@id\":\"https:\\\/\\\/revolutionpadelstore.com\\\/fr\\\/#\\\/schema\\\/logo\\\/image\\\/\"},\"sameAs\":[\"https:\\\/\\\/www.instagram.com\\\/revolutionpadelstore\\\/\"]}]}<\/script>\n<!-- \/ Yoast SEO plugin. -->","yoast_head_json":{"title":"NOX VK10 QUANTUM 3K ARANZAZU OSORO - Revolution Padel Store","description":"Compra la Nox VK10 Quantum 3K Aranzazu Osoro 2025, pala profesional con formato redondo, carbono 3K, acabado rugoso y dise\u00f1o exclusivo. Ideal para jugadores intermedios y avanzados.","robots":{"index":"index","follow":"follow","max-snippet":"max-snippet:-1","max-image-preview":"max-image-preview:large","max-video-preview":"max-video-preview:-1"},"canonical":"https:\/\/revolutionpadelstore.com\/fr\/produit\/nox-vk10-quantum-3k-aranzazu-osoro-3\/","og_locale":"fr_FR","og_type":"article","og_title":"NOX VK10 QUANTUM 3K ARANZAZU OSORO - Revolution Padel Store","og_description":"Compra la Nox VK10 Quantum 3K Aranzazu Osoro 2025, pala profesional con formato redondo, carbono 3K, acabado rugoso y dise\u00f1o exclusivo. Ideal para jugadores intermedios y avanzados.","og_url":"https:\/\/revolutionpadelstore.com\/fr\/produit\/nox-vk10-quantum-3k-aranzazu-osoro-3\/","og_site_name":"Revolution Padel Store","article_modified_time":"2026-04-01T00:18:53+00:00","og_image":[{"width":1500,"height":1500,"url":"https:\/\/revolutionpadelstore.com\/wp-content\/uploads\/2025\/04\/117970-pala-nox-vk10-quantum-3k-by-aranzazu-osoro-pvk10luxq25-1500x1500-1.webp","type":"image\/webp"}],"twitter_card":"summary_large_image","twitter_misc":{"Dur\u00e9e de lecture estim\u00e9e":"2 minutes"},"schema":{"@context":"https:\/\/schema.org","@graph":[{"@type":"WebPage","@id":"https:\/\/revolutionpadelstore.com\/fr\/produit\/nox-vk10-quantum-3k-aranzazu-osoro-3\/","url":"https:\/\/revolutionpadelstore.com\/fr\/produit\/nox-vk10-quantum-3k-aranzazu-osoro-3\/","name":"NOX VK10 QUANTUM 3K ARANZAZU OSORO - Revolution Padel Store","isPartOf":{"@id":"https:\/\/revolutionpadelstore.com\/fr\/#website"},"primaryImageOfPage":{"@id":"https:\/\/revolutionpadelstore.com\/fr\/produit\/nox-vk10-quantum-3k-aranzazu-osoro-3\/#primaryimage"},"image":{"@id":"https:\/\/revolutionpadelstore.com\/fr\/produit\/nox-vk10-quantum-3k-aranzazu-osoro-3\/#primaryimage"},"thumbnailUrl":"https:\/\/revolutionpadelstore.com\/wp-content\/uploads\/2025\/04\/117970-pala-nox-vk10-quantum-3k-by-aranzazu-osoro-pvk10luxq25-1500x1500-1.webp","datePublished":"2025-04-11T17:22:39+00:00","dateModified":"2026-04-01T00:18:53+00:00","description":"Compra la Nox VK10 Quantum 3K Aranzazu Osoro 2025, pala profesional con formato redondo, carbono 3K, acabado rugoso y dise\u00f1o exclusivo. Ideal para jugadores intermedios y avanzados.","breadcrumb":{"@id":"https:\/\/revolutionpadelstore.com\/fr\/produit\/nox-vk10-quantum-3k-aranzazu-osoro-3\/#breadcrumb"},"inLanguage":"fr-FR","potentialAction":[{"@type":"ReadAction","target":["https:\/\/revolutionpadelstore.com\/fr\/produit\/nox-vk10-quantum-3k-aranzazu-osoro-3\/"]}]},{"@type":"ImageObject","inLanguage":"fr-FR","@id":"https:\/\/revolutionpadelstore.com\/fr\/produit\/nox-vk10-quantum-3k-aranzazu-osoro-3\/#primaryimage","url":"https:\/\/revolutionpadelstore.com\/wp-content\/uploads\/2025\/04\/117970-pala-nox-vk10-quantum-3k-by-aranzazu-osoro-pvk10luxq25-1500x1500-1.webp","contentUrl":"https:\/\/revolutionpadelstore.com\/wp-content\/uploads\/2025\/04\/117970-pala-nox-vk10-quantum-3k-by-aranzazu-osoro-pvk10luxq25-1500x1500-1.webp","width":1500,"height":1500},{"@type":"BreadcrumbList","@id":"https:\/\/revolutionpadelstore.com\/fr\/produit\/nox-vk10-quantum-3k-aranzazu-osoro-3\/#breadcrumb","itemListElement":[{"@type":"ListItem","position":1,"name":"Portada","item":"https:\/\/revolutionpadelstore.com\/fr\/"},{"@type":"ListItem","position":2,"name":"Boutique","item":"https:\/\/revolutionpadelstore.com\/fr\/tienda\/"},{"@type":"ListItem","position":3,"name":"NOX VK10 QUANTUM 3K ARANZAZU OSORO"}]},{"@type":"WebSite","@id":"https:\/\/revolutionpadelstore.com\/fr\/#website","url":"https:\/\/revolutionpadelstore.com\/fr\/","name":"Revolution Padel Store","description":"","publisher":{"@id":"https:\/\/revolutionpadelstore.com\/fr\/#organization"},"potentialAction":[{"@type":"SearchAction","target":{"@type":"EntryPoint","urlTemplate":"https:\/\/revolutionpadelstore.com\/fr\/?s={search_term_string}"},"query-input":{"@type":"PropertyValueSpecification","valueRequired":true,"valueName":"search_term_string"}}],"inLanguage":"fr-FR"},{"@type":"Organization","@id":"https:\/\/revolutionpadelstore.com\/fr\/#organization","name":"Revolution Padel Store","url":"https:\/\/revolutionpadelstore.com\/fr\/","logo":{"@type":"ImageObject","inLanguage":"fr-FR","@id":"https:\/\/revolutionpadelstore.com\/fr\/#\/schema\/logo\/image\/","url":"https:\/\/revolutionpadelstore.com\/wp-content\/uploads\/2026\/02\/revolution-padel-store.jpg","contentUrl":"https:\/\/revolutionpadelstore.com\/wp-content\/uploads\/2026\/02\/revolution-padel-store.jpg","width":2000,"height":2000,"caption":"Revolution Padel Store"},"image":{"@id":"https:\/\/revolutionpadelstore.com\/fr\/#\/schema\/logo\/image\/"},"sameAs":["https:\/\/www.instagram.com\/revolutionpadelstore\/"]}]}},"_links":{"self":[{"href":"https:\/\/revolutionpadelstore.com\/fr\/wp-json\/wp\/v2\/product\/217400","targetHints":{"allow":["GET"]}}],"collection":[{"href":"https:\/\/revolutionpadelstore.com\/fr\/wp-json\/wp\/v2\/product"}],"about":[{"href":"https:\/\/revolutionpadelstore.com\/fr\/wp-json\/wp\/v2\/types\/product"}],"replies":[{"embeddable":true,"href":"https:\/\/revolutionpadelstore.com\/fr\/wp-json\/wp\/v2\/comments?post=217400"}],"wp:featuredmedia":[{"embeddable":true,"href":"https:\/\/revolutionpadelstore.com\/fr\/wp-json\/wp\/v2\/media\/217406"}],"wp:attachment":[{"href":"https:\/\/revolutionpadelstore.com\/fr\/wp-json\/wp\/v2\/media?parent=217400"}],"wp:term":[{"taxonomy":"acabado","embeddable":true,"href":"https:\/\/revolutionpadelstore.com\/fr\/wp-json\/wp\/v2\/acabado?post=217400"},{"taxonomy":"balance","embeddable":true,"href":"https:\/\/revolutionpadelstore.com\/fr\/wp-json\/wp\/v2\/balance?post=217400"},{"taxonomy":"dureza","embeddable":true,"href":"https:\/\/revolutionpadelstore.com\/fr\/wp-json\/wp\/v2\/dureza?post=217400"},{"taxonomy":"forma","embeddable":true,"href":"https:\/\/revolutionpadelstore.com\/fr\/wp-json\/wp\/v2\/forma?post=217400"},{"taxonomy":"jugador","embeddable":true,"href":"https:\/\/revolutionpadelstore.com\/fr\/wp-json\/wp\/v2\/jugador?post=217400"},{"taxonomy":"marca","embeddable":true,"href":"https:\/\/revolutionpadelstore.com\/fr\/wp-json\/wp\/v2\/marca?post=217400"},{"taxonomy":"nivel-de-juego","embeddable":true,"href":"https:\/\/revolutionpadelstore.com\/fr\/wp-json\/wp\/v2\/nivel-de-juego?post=217400"},{"taxonomy":"superficie","embeddable":true,"href":"https:\/\/revolutionpadelstore.com\/fr\/wp-json\/wp\/v2\/superficie?post=217400"},{"taxonomy":"tipo-de-juego","embeddable":true,"href":"https:\/\/revolutionpadelstore.com\/fr\/wp-json\/wp\/v2\/tipo-de-juego?post=217400"},{"taxonomy":"product_brand","embeddable":true,"href":"https:\/\/revolutionpadelstore.com\/fr\/wp-json\/wp\/v2\/product_brand?post=217400"},{"taxonomy":"product_cat","embeddable":true,"href":"https:\/\/revolutionpadelstore.com\/fr\/wp-json\/wp\/v2\/product_cat?post=217400"},{"taxonomy":"product_tag","embeddable":true,"href":"https:\/\/revolutionpadelstore.com\/fr\/wp-json\/wp\/v2\/product_tag?post=217400"}],"curies":[{"name":"wp","href":"https:\/\/api.w.org\/{rel}","templated":true}]}}