{"id":217394,"date":"2025-04-11T19:11:09","date_gmt":"2025-04-11T17:11:09","guid":{"rendered":"https:\/\/revolutionpadelstore.com\/nox-quantum-carbon-12k-2\/"},"modified":"2026-04-01T02:19:35","modified_gmt":"2026-04-01T00:19:35","slug":"nox-quantum-carbon-12k-4","status":"publish","type":"product","link":"https:\/\/revolutionpadelstore.com\/fr\/produit\/nox-quantum-carbon-12k-4\/","title":{"rendered":"NOX QUANTUM CARBON 12K"},"content":{"rendered":"<p><H2> NOX Quantum 12K Carbon &#8211; Vitesse et contr\u00f4le en une seule pelle<\/p>\n<h2> \u00e9quilibre parfait, vitesse imparable <\/h2>\n<p>Le <strong> carbone quantum 12k <\/strong> est con\u00e7u pour ceux qui recherchent une pelle <\/strong> rapide, pr\u00e9cise et a\u00e9rodynamiquement optimis\u00e9e. Sa conception int\u00e8gre la technologie innovante <strong> EOS FLAP <\/strong>, certaines perforations lat\u00e9rales qui am\u00e9liorent la gestion et redistribuent les poids, atteignant un coup agile et mortel \u00e0 chaque point.<\/p>\n<h2> carbone 12K et noyau HR3: confort avec confort <\/h2>\n<p>Fabriqu\u00e9 avec <strong> fibre de carbone 12k <\/strong> et noyau <strong> HR3 Color Eva <\/strong>, cette pelle offre un \u00e9quilibre unique entre <strong> puissance, confort et contr\u00f4le <\/strong>. Sa duret\u00e9 interm\u00e9diaire Touch garantit une r\u00e9ponse solide sans perdre la sensibilit\u00e9 dans le coup.<br \/>\n<H2> Double finition rugueuse Spin exclusif <\/h2>\n<p>Gr\u00e2ce au syst\u00e8me de spin <strong> exclusif <\/strong>, vous profiterez d&#8217;une double finition rugueuse: une texture 3D hexagonale dans la zone centrale et une finition sablonneuse dans le reste du visage. Cette combinaison am\u00e9liore l&#8217;effet <strong> sur chaque coup <\/strong> et am\u00e9liore le contr\u00f4le sur la balle dans les jeux exigeants.<\/p>\n<h2> Moins de vibrations, plus de confort <\/h2>\n<p>Int\u00e8gre le <strong> NOX GRIP\u00ae <\/strong> (certificat PADEL certifi\u00e9) et <strong> Press System <\/strong>, ce qui r\u00e9duit consid\u00e9rablement les vibrations pour minimiser la fatigue articulaire. De plus, votre <strong> cordon de s\u00e9curit\u00e9 rempla\u00e7able SmartP\u00ae <\/strong> offre une plus grande hygi\u00e8ne, une s\u00e9curit\u00e9 et une personnalisation.<\/p>\n<h2> Caract\u00e9ristiques techniques <\/h2>\n<p> <strong> -form: <\/strong> Drop invers\u00e9 <\/p>\n<p><P style=\"padding-left: 40px\"> <strong> -peso: <\/strong> environ 360\u2013375 g <\/p>\n<p> <strong> -marco: <\/strong> 100% carbone <\/p>\n<p style=\"padding-left: 40px\"> <strong> -Cas: <\/strong> 12k fibre de carbone <\/p>\n<p>&lt;P style = &quot;padding-left: 40px;&quot;<\/p>\n<p> <strong> -superficie: <\/strong> rugueux avec double texture (3d + sable)<br \/>\n&lt;p style = &quot;padding-left: 40px;&quot;<\/p>\n<h2> Pourquoi choisir le carbone quantique 12K?<\/p>\n<p> &#8211; Performance maximale pour les joueurs exigeants <\/p>\n<p> &#8211; technologie avanc\u00e9e qui am\u00e9liore la maniabilit\u00e9 <\/p>\n<p style=\"padding-left: 40px\"> &#8211; combinaison parfaite de contr\u00f4le, de puissance et d&#8217;effets <\/p>\n<p style=\"padding-left: 40px\"> &#8211; id\u00e9al pour les joueurs de niveau interm\u00e9diaire au professionnel <\/p>\n<p><strong> Faites votre jeu le plus mortel avec le carbone quantique 12K de Nox. D\u00e9couvrez maintenant dans notre boutique en ligne <a href=\"http:\/\/www.revolutionpadelstore.com\/\"> www.revolutionpadelstore.com<\/p>\n<h2>NOX QUANTUM 12K CARBON \u2013 Velocidad y Control en una Sola Pala<\/h2>\n","protected":false},"excerpt":{"rendered":"<p>La pelle en carbone est renouvel\u00e9e avec un design moderne, des mat\u00e9riaux en technologie haute et la peinture photromatique innovante. Sa forme de diamant le rend id\u00e9al pour les joueurs qui veulent maximiser leurs coups offensifs.<\/p>\n","protected":false},"featured_media":217353,"comment_status":"open","ping_status":"closed","template":"","meta":{"_acf_changed":false,"_joinchat":[]},"acabado":[1092],"balance":[1137],"dureza":[1157],"forma":[1172],"jugador":[1192,1202],"marca":[1262],"nivel-de-juego":[1337],"superficie":[1362],"tipo-de-juego":[1377],"product_brand":[],"product_cat":[302],"product_tag":[],"class_list":{"0":"post-217394","1":"product","2":"type-product","3":"status-publish","4":"has-post-thumbnail","6":"acabado-soulager-la-3d","7":"balance-eleve","8":"dureza-media-fr","9":"forma-diamant","10":"jugador-homme","11":"jugador-polivalente-fr","12":"marca-nox-fr","13":"superficie-rugosa-fr","14":"tipo-de-juego-puissance","15":"product_cat-palas-de-padel-fr","17":"first","18":"instock","19":"sale","20":"taxable","21":"shipping-taxable","22":"purchasable","23":"product-type-simple"},"acf":[],"yoast_head":"<!-- This site is optimized with the Yoast SEO plugin v27.3 - https:\/\/yoast.com\/product\/yoast-seo-wordpress\/ -->\n<title>NOX QUANTUM CARBON 12K - Revolution Padel Store<\/title>\n<meta name=\"description\" content=\"Descubre la pala Quantum 12K CARBON de NOX en Revolution Padel Store. Alta potencia, control y efectos con tecnolog\u00eda EOS Flap y acabado rugoso EXCLUSIVE SPIN. \u00a1Compra al mejor precio online!\" \/>\n<meta name=\"robots\" content=\"index, follow, max-snippet:-1, max-image-preview:large, max-video-preview:-1\" \/>\n<link rel=\"canonical\" href=\"https:\/\/revolutionpadelstore.com\/fr\/produit\/nox-quantum-carbon-12k-4\/\" \/>\n<meta property=\"og:locale\" content=\"fr_FR\" \/>\n<meta property=\"og:type\" content=\"article\" \/>\n<meta property=\"og:title\" content=\"NOX QUANTUM CARBON 12K - Revolution Padel Store\" \/>\n<meta property=\"og:description\" content=\"Descubre la pala Quantum 12K CARBON de NOX en Revolution Padel Store. Alta potencia, control y efectos con tecnolog\u00eda EOS Flap y acabado rugoso EXCLUSIVE SPIN. \u00a1Compra al mejor precio online!\" \/>\n<meta property=\"og:url\" content=\"https:\/\/revolutionpadelstore.com\/fr\/produit\/nox-quantum-carbon-12k-4\/\" \/>\n<meta property=\"og:site_name\" content=\"Revolution Padel Store\" \/>\n<meta property=\"article:modified_time\" content=\"2026-04-01T00:19:35+00:00\" \/>\n<meta property=\"og:image\" content=\"https:\/\/revolutionpadelstore.com\/wp-content\/uploads\/2025\/04\/215.png\" \/>\n\t<meta property=\"og:image:width\" content=\"1500\" \/>\n\t<meta property=\"og:image:height\" content=\"1500\" \/>\n\t<meta property=\"og:image:type\" content=\"image\/png\" \/>\n<meta name=\"twitter:card\" content=\"summary_large_image\" \/>\n<meta name=\"twitter:label1\" content=\"Dur\u00e9e de lecture estim\u00e9e\" \/>\n\t<meta name=\"twitter:data1\" content=\"2 minutes\" \/>\n<script type=\"application\/ld+json\" class=\"yoast-schema-graph\">{\"@context\":\"https:\\\/\\\/schema.org\",\"@graph\":[{\"@type\":\"WebPage\",\"@id\":\"https:\\\/\\\/revolutionpadelstore.com\\\/fr\\\/produit\\\/nox-quantum-carbon-12k-4\\\/\",\"url\":\"https:\\\/\\\/revolutionpadelstore.com\\\/fr\\\/produit\\\/nox-quantum-carbon-12k-4\\\/\",\"name\":\"NOX QUANTUM CARBON 12K - Revolution Padel Store\",\"isPartOf\":{\"@id\":\"https:\\\/\\\/revolutionpadelstore.com\\\/fr\\\/#website\"},\"primaryImageOfPage\":{\"@id\":\"https:\\\/\\\/revolutionpadelstore.com\\\/fr\\\/produit\\\/nox-quantum-carbon-12k-4\\\/#primaryimage\"},\"image\":{\"@id\":\"https:\\\/\\\/revolutionpadelstore.com\\\/fr\\\/produit\\\/nox-quantum-carbon-12k-4\\\/#primaryimage\"},\"thumbnailUrl\":\"https:\\\/\\\/revolutionpadelstore.com\\\/wp-content\\\/uploads\\\/2025\\\/04\\\/215.png\",\"datePublished\":\"2025-04-11T17:11:09+00:00\",\"dateModified\":\"2026-04-01T00:19:35+00:00\",\"description\":\"Descubre la pala Quantum 12K CARBON de NOX en Revolution Padel Store. Alta potencia, control y efectos con tecnolog\u00eda EOS Flap y acabado rugoso EXCLUSIVE SPIN. \u00a1Compra al mejor precio online!\",\"breadcrumb\":{\"@id\":\"https:\\\/\\\/revolutionpadelstore.com\\\/fr\\\/produit\\\/nox-quantum-carbon-12k-4\\\/#breadcrumb\"},\"inLanguage\":\"fr-FR\",\"potentialAction\":[{\"@type\":\"ReadAction\",\"target\":[\"https:\\\/\\\/revolutionpadelstore.com\\\/fr\\\/produit\\\/nox-quantum-carbon-12k-4\\\/\"]}]},{\"@type\":\"ImageObject\",\"inLanguage\":\"fr-FR\",\"@id\":\"https:\\\/\\\/revolutionpadelstore.com\\\/fr\\\/produit\\\/nox-quantum-carbon-12k-4\\\/#primaryimage\",\"url\":\"https:\\\/\\\/revolutionpadelstore.com\\\/wp-content\\\/uploads\\\/2025\\\/04\\\/215.png\",\"contentUrl\":\"https:\\\/\\\/revolutionpadelstore.com\\\/wp-content\\\/uploads\\\/2025\\\/04\\\/215.png\",\"width\":1500,\"height\":1500},{\"@type\":\"BreadcrumbList\",\"@id\":\"https:\\\/\\\/revolutionpadelstore.com\\\/fr\\\/produit\\\/nox-quantum-carbon-12k-4\\\/#breadcrumb\",\"itemListElement\":[{\"@type\":\"ListItem\",\"position\":1,\"name\":\"Portada\",\"item\":\"https:\\\/\\\/revolutionpadelstore.com\\\/fr\\\/\"},{\"@type\":\"ListItem\",\"position\":2,\"name\":\"Boutique\",\"item\":\"https:\\\/\\\/revolutionpadelstore.com\\\/fr\\\/tienda\\\/\"},{\"@type\":\"ListItem\",\"position\":3,\"name\":\"NOX QUANTUM CARBON 12K\"}]},{\"@type\":\"WebSite\",\"@id\":\"https:\\\/\\\/revolutionpadelstore.com\\\/fr\\\/#website\",\"url\":\"https:\\\/\\\/revolutionpadelstore.com\\\/fr\\\/\",\"name\":\"Revolution Padel Store\",\"description\":\"\",\"publisher\":{\"@id\":\"https:\\\/\\\/revolutionpadelstore.com\\\/fr\\\/#organization\"},\"potentialAction\":[{\"@type\":\"SearchAction\",\"target\":{\"@type\":\"EntryPoint\",\"urlTemplate\":\"https:\\\/\\\/revolutionpadelstore.com\\\/fr\\\/?s={search_term_string}\"},\"query-input\":{\"@type\":\"PropertyValueSpecification\",\"valueRequired\":true,\"valueName\":\"search_term_string\"}}],\"inLanguage\":\"fr-FR\"},{\"@type\":\"Organization\",\"@id\":\"https:\\\/\\\/revolutionpadelstore.com\\\/fr\\\/#organization\",\"name\":\"Revolution Padel Store\",\"url\":\"https:\\\/\\\/revolutionpadelstore.com\\\/fr\\\/\",\"logo\":{\"@type\":\"ImageObject\",\"inLanguage\":\"fr-FR\",\"@id\":\"https:\\\/\\\/revolutionpadelstore.com\\\/fr\\\/#\\\/schema\\\/logo\\\/image\\\/\",\"url\":\"https:\\\/\\\/revolutionpadelstore.com\\\/wp-content\\\/uploads\\\/2026\\\/02\\\/revolution-padel-store.jpg\",\"contentUrl\":\"https:\\\/\\\/revolutionpadelstore.com\\\/wp-content\\\/uploads\\\/2026\\\/02\\\/revolution-padel-store.jpg\",\"width\":2000,\"height\":2000,\"caption\":\"Revolution Padel Store\"},\"image\":{\"@id\":\"https:\\\/\\\/revolutionpadelstore.com\\\/fr\\\/#\\\/schema\\\/logo\\\/image\\\/\"},\"sameAs\":[\"https:\\\/\\\/www.instagram.com\\\/revolutionpadelstore\\\/\"]}]}<\/script>\n<!-- \/ Yoast SEO plugin. -->","yoast_head_json":{"title":"NOX QUANTUM CARBON 12K - Revolution Padel Store","description":"Descubre la pala Quantum 12K CARBON de NOX en Revolution Padel Store. Alta potencia, control y efectos con tecnolog\u00eda EOS Flap y acabado rugoso EXCLUSIVE SPIN. \u00a1Compra al mejor precio online!","robots":{"index":"index","follow":"follow","max-snippet":"max-snippet:-1","max-image-preview":"max-image-preview:large","max-video-preview":"max-video-preview:-1"},"canonical":"https:\/\/revolutionpadelstore.com\/fr\/produit\/nox-quantum-carbon-12k-4\/","og_locale":"fr_FR","og_type":"article","og_title":"NOX QUANTUM CARBON 12K - Revolution Padel Store","og_description":"Descubre la pala Quantum 12K CARBON de NOX en Revolution Padel Store. Alta potencia, control y efectos con tecnolog\u00eda EOS Flap y acabado rugoso EXCLUSIVE SPIN. \u00a1Compra al mejor precio online!","og_url":"https:\/\/revolutionpadelstore.com\/fr\/produit\/nox-quantum-carbon-12k-4\/","og_site_name":"Revolution Padel Store","article_modified_time":"2026-04-01T00:19:35+00:00","og_image":[{"width":1500,"height":1500,"url":"https:\/\/revolutionpadelstore.com\/wp-content\/uploads\/2025\/04\/215.png","type":"image\/png"}],"twitter_card":"summary_large_image","twitter_misc":{"Dur\u00e9e de lecture estim\u00e9e":"2 minutes"},"schema":{"@context":"https:\/\/schema.org","@graph":[{"@type":"WebPage","@id":"https:\/\/revolutionpadelstore.com\/fr\/produit\/nox-quantum-carbon-12k-4\/","url":"https:\/\/revolutionpadelstore.com\/fr\/produit\/nox-quantum-carbon-12k-4\/","name":"NOX QUANTUM CARBON 12K - Revolution Padel Store","isPartOf":{"@id":"https:\/\/revolutionpadelstore.com\/fr\/#website"},"primaryImageOfPage":{"@id":"https:\/\/revolutionpadelstore.com\/fr\/produit\/nox-quantum-carbon-12k-4\/#primaryimage"},"image":{"@id":"https:\/\/revolutionpadelstore.com\/fr\/produit\/nox-quantum-carbon-12k-4\/#primaryimage"},"thumbnailUrl":"https:\/\/revolutionpadelstore.com\/wp-content\/uploads\/2025\/04\/215.png","datePublished":"2025-04-11T17:11:09+00:00","dateModified":"2026-04-01T00:19:35+00:00","description":"Descubre la pala Quantum 12K CARBON de NOX en Revolution Padel Store. Alta potencia, control y efectos con tecnolog\u00eda EOS Flap y acabado rugoso EXCLUSIVE SPIN. \u00a1Compra al mejor precio online!","breadcrumb":{"@id":"https:\/\/revolutionpadelstore.com\/fr\/produit\/nox-quantum-carbon-12k-4\/#breadcrumb"},"inLanguage":"fr-FR","potentialAction":[{"@type":"ReadAction","target":["https:\/\/revolutionpadelstore.com\/fr\/produit\/nox-quantum-carbon-12k-4\/"]}]},{"@type":"ImageObject","inLanguage":"fr-FR","@id":"https:\/\/revolutionpadelstore.com\/fr\/produit\/nox-quantum-carbon-12k-4\/#primaryimage","url":"https:\/\/revolutionpadelstore.com\/wp-content\/uploads\/2025\/04\/215.png","contentUrl":"https:\/\/revolutionpadelstore.com\/wp-content\/uploads\/2025\/04\/215.png","width":1500,"height":1500},{"@type":"BreadcrumbList","@id":"https:\/\/revolutionpadelstore.com\/fr\/produit\/nox-quantum-carbon-12k-4\/#breadcrumb","itemListElement":[{"@type":"ListItem","position":1,"name":"Portada","item":"https:\/\/revolutionpadelstore.com\/fr\/"},{"@type":"ListItem","position":2,"name":"Boutique","item":"https:\/\/revolutionpadelstore.com\/fr\/tienda\/"},{"@type":"ListItem","position":3,"name":"NOX QUANTUM CARBON 12K"}]},{"@type":"WebSite","@id":"https:\/\/revolutionpadelstore.com\/fr\/#website","url":"https:\/\/revolutionpadelstore.com\/fr\/","name":"Revolution Padel Store","description":"","publisher":{"@id":"https:\/\/revolutionpadelstore.com\/fr\/#organization"},"potentialAction":[{"@type":"SearchAction","target":{"@type":"EntryPoint","urlTemplate":"https:\/\/revolutionpadelstore.com\/fr\/?s={search_term_string}"},"query-input":{"@type":"PropertyValueSpecification","valueRequired":true,"valueName":"search_term_string"}}],"inLanguage":"fr-FR"},{"@type":"Organization","@id":"https:\/\/revolutionpadelstore.com\/fr\/#organization","name":"Revolution Padel Store","url":"https:\/\/revolutionpadelstore.com\/fr\/","logo":{"@type":"ImageObject","inLanguage":"fr-FR","@id":"https:\/\/revolutionpadelstore.com\/fr\/#\/schema\/logo\/image\/","url":"https:\/\/revolutionpadelstore.com\/wp-content\/uploads\/2026\/02\/revolution-padel-store.jpg","contentUrl":"https:\/\/revolutionpadelstore.com\/wp-content\/uploads\/2026\/02\/revolution-padel-store.jpg","width":2000,"height":2000,"caption":"Revolution Padel Store"},"image":{"@id":"https:\/\/revolutionpadelstore.com\/fr\/#\/schema\/logo\/image\/"},"sameAs":["https:\/\/www.instagram.com\/revolutionpadelstore\/"]}]}},"_links":{"self":[{"href":"https:\/\/revolutionpadelstore.com\/fr\/wp-json\/wp\/v2\/product\/217394","targetHints":{"allow":["GET"]}}],"collection":[{"href":"https:\/\/revolutionpadelstore.com\/fr\/wp-json\/wp\/v2\/product"}],"about":[{"href":"https:\/\/revolutionpadelstore.com\/fr\/wp-json\/wp\/v2\/types\/product"}],"replies":[{"embeddable":true,"href":"https:\/\/revolutionpadelstore.com\/fr\/wp-json\/wp\/v2\/comments?post=217394"}],"wp:featuredmedia":[{"embeddable":true,"href":"https:\/\/revolutionpadelstore.com\/fr\/wp-json\/wp\/v2\/media\/217353"}],"wp:attachment":[{"href":"https:\/\/revolutionpadelstore.com\/fr\/wp-json\/wp\/v2\/media?parent=217394"}],"wp:term":[{"taxonomy":"acabado","embeddable":true,"href":"https:\/\/revolutionpadelstore.com\/fr\/wp-json\/wp\/v2\/acabado?post=217394"},{"taxonomy":"balance","embeddable":true,"href":"https:\/\/revolutionpadelstore.com\/fr\/wp-json\/wp\/v2\/balance?post=217394"},{"taxonomy":"dureza","embeddable":true,"href":"https:\/\/revolutionpadelstore.com\/fr\/wp-json\/wp\/v2\/dureza?post=217394"},{"taxonomy":"forma","embeddable":true,"href":"https:\/\/revolutionpadelstore.com\/fr\/wp-json\/wp\/v2\/forma?post=217394"},{"taxonomy":"jugador","embeddable":true,"href":"https:\/\/revolutionpadelstore.com\/fr\/wp-json\/wp\/v2\/jugador?post=217394"},{"taxonomy":"marca","embeddable":true,"href":"https:\/\/revolutionpadelstore.com\/fr\/wp-json\/wp\/v2\/marca?post=217394"},{"taxonomy":"nivel-de-juego","embeddable":true,"href":"https:\/\/revolutionpadelstore.com\/fr\/wp-json\/wp\/v2\/nivel-de-juego?post=217394"},{"taxonomy":"superficie","embeddable":true,"href":"https:\/\/revolutionpadelstore.com\/fr\/wp-json\/wp\/v2\/superficie?post=217394"},{"taxonomy":"tipo-de-juego","embeddable":true,"href":"https:\/\/revolutionpadelstore.com\/fr\/wp-json\/wp\/v2\/tipo-de-juego?post=217394"},{"taxonomy":"product_brand","embeddable":true,"href":"https:\/\/revolutionpadelstore.com\/fr\/wp-json\/wp\/v2\/product_brand?post=217394"},{"taxonomy":"product_cat","embeddable":true,"href":"https:\/\/revolutionpadelstore.com\/fr\/wp-json\/wp\/v2\/product_cat?post=217394"},{"taxonomy":"product_tag","embeddable":true,"href":"https:\/\/revolutionpadelstore.com\/fr\/wp-json\/wp\/v2\/product_tag?post=217394"}],"curies":[{"name":"wp","href":"https:\/\/api.w.org\/{rel}","templated":true}]}}