{"id":21713,"date":"2024-03-05T15:01:19","date_gmt":"2024-03-05T14:01:19","guid":{"rendered":"https:\/\/revolutionpadelstore.com\/adidas-metalbone-youth-3-3-2024\/"},"modified":"2026-04-22T02:00:07","modified_gmt":"2026-04-22T00:00:07","slug":"adidas-metalbone-youth-3-3-2024-3","status":"publish","type":"product","link":"https:\/\/revolutionpadelstore.com\/fr\/produit\/adidas-metalbone-youth-3-3-2024-3\/","title":{"rendered":"ADIDAS METALBONE YOUTH 3.3 2024"},"content":{"rendered":"<h2>Adidas Metalbone Youth 3.3 2024, raquette polyvalente pour jeunes joueurs prometteurs<\/h2>\n<p><strong>Adidas Metalbone Youth 3.3<\/strong>, raquette de padel pour les plus jeunes joueurs dans leur \u00e9tape de croissance la plus importante. Une raquette de la collection <strong>2024<\/strong>. Cette raquette au corps en forme de losange <em>oversize<\/em><\/strong><em> <\/em>a un sweet spot \u00e9lev\u00e9 pour pouvoir finir.<\/p>\n<p>Ce mod\u00e8le de pelle est<em><strong>l\u00e9ger<\/strong><\/em>. Le poids de la pagaie est bien inf\u00e9rieur au poids standard d\u2019une pagaie adulte. Il p\u00e8se environ 330-345 grammes pour que les jeunes joueurs de padel puissent le manipuler facilement.<\/p>\n<h2>Lame diamant\u00e9e en fibre de verre, puissance et confort<\/h2>\n<p>Pouvoir travailler les finitions avec puissance tout en ressentant des tirs confortables. La sensation de cette raquette est souple et douce. Le cadre et les faces ont \u00e9t\u00e9 r\u00e9alis\u00e9s en <strong>fibre de verre<\/strong>.<\/p>\n<p>Le noyau de la raquette est en <strong>caoutchouc EVA <em>Soft Performance<\/em><\/strong><em>.<\/em> Un caoutchouc de faible densit\u00e9 pour amortir et faire rebondir la balle. Cela vous permet de mieux jouer les tirs de l&#8217;adversaire qui ont une vitesse plus faible.<\/p>\n<p>Gr\u00e2ce \u00e0 la technologie <em><strong>Smart Holes Curve <\/strong><\/em>, une meilleure manipulation et un meilleur jeu de rotation de la balle sont obtenus. Ceci est obtenu gr\u00e2ce \u00e0 la r\u00e9partition sp\u00e9cifique des matrices suivant des lignes courbes sur les plans.<\/p>\n<h3>Des technologies con\u00e7ues pour une raquette solide et r\u00e9sistante<\/h3>\n<p>Pour r\u00e9sister aux torsions pendant le jeu, la raquette a \u00e9t\u00e9 con\u00e7ue avec la technologie de <em>Structural Reinforcement<\/em>. La structure de la lame est renforc\u00e9e sur le p\u00e9rim\u00e8tre. Et pour avoir une plus grande rigidit\u00e9, il poss\u00e8de une<em><strong>Structure Octogonale<\/strong><\/em>, une structure tubulaire de forme octogonale.<\/p>\n<p>Une raquette au design jeune et sportif en noir avec des d\u00e9tails rouges vifs et le logo Adidas en blanc sur les faces. Si vous souhaitez que votre jeune joueur de padel soit le joueur le plus marquant sur le terrain, n&#8217;h\u00e9sitez pas \u00e0 lui acheter cette raquette.<\/p>\n<h2>Adidas Metalbone Youth 3.3 2024, pala polivalente para las j\u00f3venes promesas<\/h2>\n","protected":false},"excerpt":{"rendered":"<p>Raquette polyvalente pour les jeunes joueurs de padel. Avec fibre de verre et caoutchouc EVA Soft. Raquette Adidas Metalbone Youth 3.3, 2024 avec une forme de diamant surdimensionn\u00e9e.<\/p>\n","protected":false},"featured_media":62168,"comment_status":"open","ping_status":"closed","template":"","meta":{"_acf_changed":false,"_joinchat":[]},"acabado":[1087],"balance":[1137],"dureza":[1152],"forma":[1172],"jugador":[1207],"marca":[1232],"nivel-de-juego":[1352],"superficie":[1357],"tipo-de-juego":[1387],"product_brand":[],"product_cat":[302],"product_tag":[],"class_list":{"0":"post-21713","1":"product","2":"type-product","3":"status-publish","4":"has-post-thumbnail","6":"acabado-mon-pote","7":"balance-eleve","8":"dureza-blanda-fr","9":"forma-diamant","10":"jugador-jeunes","11":"marca-adidas-fr","12":"superficie-lise","13":"tipo-de-juego-polivalente-fr","14":"product_cat-palas-de-padel-fr","16":"first","17":"instock","18":"sale","19":"taxable","20":"shipping-taxable","21":"purchasable","22":"product-type-simple"},"acf":[],"yoast_head":"<!-- This site is optimized with the Yoast SEO plugin v27.4 - https:\/\/yoast.com\/product\/yoast-seo-wordpress\/ -->\n<title>ADIDAS METALBONE YOUTH 3.3 2024 - Revolution Padel Store<\/title>\n<meta name=\"description\" content=\"Pala polivalente para jugadores j\u00f3venes de p\u00e1del. Con fibra de vidrio y goma EVA Soft. Adidas Metalbone Youth 3.3, pala de p\u00e1del 2024 con forma de diamante oversize.\u00a0\" \/>\n<meta name=\"robots\" content=\"index, follow, max-snippet:-1, max-image-preview:large, max-video-preview:-1\" \/>\n<link rel=\"canonical\" href=\"https:\/\/revolutionpadelstore.com\/fr\/produit\/adidas-metalbone-youth-3-3-2024-3\/\" \/>\n<meta property=\"og:locale\" content=\"fr_FR\" \/>\n<meta property=\"og:type\" content=\"article\" \/>\n<meta property=\"og:title\" content=\"ADIDAS METALBONE YOUTH 3.3 2024\" \/>\n<meta property=\"og:description\" content=\"Pala polivalente para jugadores j\u00f3venes de p\u00e1del. Con fibra de vidrio y goma EVA Soft. Adidas Metalbone Youth 3.3, pala de p\u00e1del 2024 con forma de diamante oversize.\u00a0\" \/>\n<meta property=\"og:url\" content=\"https:\/\/revolutionpadelstore.com\/fr\/produit\/adidas-metalbone-youth-3-3-2024-3\/\" \/>\n<meta property=\"og:site_name\" content=\"Revolution Padel Store\" \/>\n<meta property=\"article:modified_time\" content=\"2026-04-22T00:00:07+00:00\" \/>\n<meta property=\"og:image\" content=\"https:\/\/revolutionpadelstore.com\/wp-content\/uploads\/2024\/03\/110148_padel_webs_padel_y_grupo_pala_adidas_metalbone_youth_3_3_adrk4aa0u0116f__d3bd.webp\" \/>\n\t<meta property=\"og:image:width\" content=\"1500\" \/>\n\t<meta property=\"og:image:height\" content=\"1500\" \/>\n\t<meta property=\"og:image:type\" content=\"image\/webp\" \/>\n<meta name=\"twitter:card\" content=\"summary_large_image\" \/>\n<meta name=\"twitter:label1\" content=\"Dur\u00e9e de lecture estim\u00e9e\" \/>\n\t<meta name=\"twitter:data1\" content=\"2 minutes\" \/>\n<script type=\"application\/ld+json\" class=\"yoast-schema-graph\">{\"@context\":\"https:\\\/\\\/schema.org\",\"@graph\":[{\"@type\":\"WebPage\",\"@id\":\"https:\\\/\\\/revolutionpadelstore.com\\\/fr\\\/produit\\\/adidas-metalbone-youth-3-3-2024-3\\\/\",\"url\":\"https:\\\/\\\/revolutionpadelstore.com\\\/fr\\\/produit\\\/adidas-metalbone-youth-3-3-2024-3\\\/\",\"name\":\"ADIDAS METALBONE YOUTH 3.3 2024 - Revolution Padel Store\",\"isPartOf\":{\"@id\":\"https:\\\/\\\/revolutionpadelstore.com\\\/fr\\\/#website\"},\"primaryImageOfPage\":{\"@id\":\"https:\\\/\\\/revolutionpadelstore.com\\\/fr\\\/produit\\\/adidas-metalbone-youth-3-3-2024-3\\\/#primaryimage\"},\"image\":{\"@id\":\"https:\\\/\\\/revolutionpadelstore.com\\\/fr\\\/produit\\\/adidas-metalbone-youth-3-3-2024-3\\\/#primaryimage\"},\"thumbnailUrl\":\"https:\\\/\\\/revolutionpadelstore.com\\\/wp-content\\\/uploads\\\/2024\\\/03\\\/110148_padel_webs_padel_y_grupo_pala_adidas_metalbone_youth_3_3_adrk4aa0u0116f__d3bd.webp\",\"datePublished\":\"2024-03-05T14:01:19+00:00\",\"dateModified\":\"2026-04-22T00:00:07+00:00\",\"description\":\"Pala polivalente para jugadores j\u00f3venes de p\u00e1del. Con fibra de vidrio y goma EVA Soft. Adidas Metalbone Youth 3.3, pala de p\u00e1del 2024 con forma de diamante oversize.\u00a0\",\"breadcrumb\":{\"@id\":\"https:\\\/\\\/revolutionpadelstore.com\\\/fr\\\/produit\\\/adidas-metalbone-youth-3-3-2024-3\\\/#breadcrumb\"},\"inLanguage\":\"fr-FR\",\"potentialAction\":[{\"@type\":\"ReadAction\",\"target\":[\"https:\\\/\\\/revolutionpadelstore.com\\\/fr\\\/produit\\\/adidas-metalbone-youth-3-3-2024-3\\\/\"]}]},{\"@type\":\"ImageObject\",\"inLanguage\":\"fr-FR\",\"@id\":\"https:\\\/\\\/revolutionpadelstore.com\\\/fr\\\/produit\\\/adidas-metalbone-youth-3-3-2024-3\\\/#primaryimage\",\"url\":\"https:\\\/\\\/revolutionpadelstore.com\\\/wp-content\\\/uploads\\\/2024\\\/03\\\/110148_padel_webs_padel_y_grupo_pala_adidas_metalbone_youth_3_3_adrk4aa0u0116f__d3bd.webp\",\"contentUrl\":\"https:\\\/\\\/revolutionpadelstore.com\\\/wp-content\\\/uploads\\\/2024\\\/03\\\/110148_padel_webs_padel_y_grupo_pala_adidas_metalbone_youth_3_3_adrk4aa0u0116f__d3bd.webp\",\"width\":1500,\"height\":1500},{\"@type\":\"BreadcrumbList\",\"@id\":\"https:\\\/\\\/revolutionpadelstore.com\\\/fr\\\/produit\\\/adidas-metalbone-youth-3-3-2024-3\\\/#breadcrumb\",\"itemListElement\":[{\"@type\":\"ListItem\",\"position\":1,\"name\":\"Portada\",\"item\":\"https:\\\/\\\/revolutionpadelstore.com\\\/fr\\\/\"},{\"@type\":\"ListItem\",\"position\":2,\"name\":\"Boutique\",\"item\":\"https:\\\/\\\/revolutionpadelstore.com\\\/fr\\\/tienda\\\/\"},{\"@type\":\"ListItem\",\"position\":3,\"name\":\"ADIDAS METALBONE YOUTH 3.3 2024\"}]},{\"@type\":\"WebSite\",\"@id\":\"https:\\\/\\\/revolutionpadelstore.com\\\/fr\\\/#website\",\"url\":\"https:\\\/\\\/revolutionpadelstore.com\\\/fr\\\/\",\"name\":\"Revolution Padel Store\",\"description\":\"\",\"publisher\":{\"@id\":\"https:\\\/\\\/revolutionpadelstore.com\\\/fr\\\/#organization\"},\"potentialAction\":[{\"@type\":\"SearchAction\",\"target\":{\"@type\":\"EntryPoint\",\"urlTemplate\":\"https:\\\/\\\/revolutionpadelstore.com\\\/fr\\\/?s={search_term_string}\"},\"query-input\":{\"@type\":\"PropertyValueSpecification\",\"valueRequired\":true,\"valueName\":\"search_term_string\"}}],\"inLanguage\":\"fr-FR\"},{\"@type\":\"Organization\",\"@id\":\"https:\\\/\\\/revolutionpadelstore.com\\\/fr\\\/#organization\",\"name\":\"Revolution Padel Store\",\"url\":\"https:\\\/\\\/revolutionpadelstore.com\\\/fr\\\/\",\"logo\":{\"@type\":\"ImageObject\",\"inLanguage\":\"fr-FR\",\"@id\":\"https:\\\/\\\/revolutionpadelstore.com\\\/fr\\\/#\\\/schema\\\/logo\\\/image\\\/\",\"url\":\"https:\\\/\\\/revolutionpadelstore.com\\\/wp-content\\\/uploads\\\/2026\\\/02\\\/revolution-padel-store.jpg\",\"contentUrl\":\"https:\\\/\\\/revolutionpadelstore.com\\\/wp-content\\\/uploads\\\/2026\\\/02\\\/revolution-padel-store.jpg\",\"width\":2000,\"height\":2000,\"caption\":\"Revolution Padel Store\"},\"image\":{\"@id\":\"https:\\\/\\\/revolutionpadelstore.com\\\/fr\\\/#\\\/schema\\\/logo\\\/image\\\/\"},\"sameAs\":[\"https:\\\/\\\/www.instagram.com\\\/revolutionpadelstore\\\/\"]}]}<\/script>\n<!-- \/ Yoast SEO plugin. -->","yoast_head_json":{"title":"ADIDAS METALBONE YOUTH 3.3 2024 - Revolution Padel Store","description":"Pala polivalente para jugadores j\u00f3venes de p\u00e1del. Con fibra de vidrio y goma EVA Soft. Adidas Metalbone Youth 3.3, pala de p\u00e1del 2024 con forma de diamante oversize.\u00a0","robots":{"index":"index","follow":"follow","max-snippet":"max-snippet:-1","max-image-preview":"max-image-preview:large","max-video-preview":"max-video-preview:-1"},"canonical":"https:\/\/revolutionpadelstore.com\/fr\/produit\/adidas-metalbone-youth-3-3-2024-3\/","og_locale":"fr_FR","og_type":"article","og_title":"ADIDAS METALBONE YOUTH 3.3 2024","og_description":"Pala polivalente para jugadores j\u00f3venes de p\u00e1del. Con fibra de vidrio y goma EVA Soft. Adidas Metalbone Youth 3.3, pala de p\u00e1del 2024 con forma de diamante oversize.\u00a0","og_url":"https:\/\/revolutionpadelstore.com\/fr\/produit\/adidas-metalbone-youth-3-3-2024-3\/","og_site_name":"Revolution Padel Store","article_modified_time":"2026-04-22T00:00:07+00:00","og_image":[{"width":1500,"height":1500,"url":"https:\/\/revolutionpadelstore.com\/wp-content\/uploads\/2024\/03\/110148_padel_webs_padel_y_grupo_pala_adidas_metalbone_youth_3_3_adrk4aa0u0116f__d3bd.webp","type":"image\/webp"}],"twitter_card":"summary_large_image","twitter_misc":{"Dur\u00e9e de lecture estim\u00e9e":"2 minutes"},"schema":{"@context":"https:\/\/schema.org","@graph":[{"@type":"WebPage","@id":"https:\/\/revolutionpadelstore.com\/fr\/produit\/adidas-metalbone-youth-3-3-2024-3\/","url":"https:\/\/revolutionpadelstore.com\/fr\/produit\/adidas-metalbone-youth-3-3-2024-3\/","name":"ADIDAS METALBONE YOUTH 3.3 2024 - Revolution Padel Store","isPartOf":{"@id":"https:\/\/revolutionpadelstore.com\/fr\/#website"},"primaryImageOfPage":{"@id":"https:\/\/revolutionpadelstore.com\/fr\/produit\/adidas-metalbone-youth-3-3-2024-3\/#primaryimage"},"image":{"@id":"https:\/\/revolutionpadelstore.com\/fr\/produit\/adidas-metalbone-youth-3-3-2024-3\/#primaryimage"},"thumbnailUrl":"https:\/\/revolutionpadelstore.com\/wp-content\/uploads\/2024\/03\/110148_padel_webs_padel_y_grupo_pala_adidas_metalbone_youth_3_3_adrk4aa0u0116f__d3bd.webp","datePublished":"2024-03-05T14:01:19+00:00","dateModified":"2026-04-22T00:00:07+00:00","description":"Pala polivalente para jugadores j\u00f3venes de p\u00e1del. Con fibra de vidrio y goma EVA Soft. Adidas Metalbone Youth 3.3, pala de p\u00e1del 2024 con forma de diamante oversize.\u00a0","breadcrumb":{"@id":"https:\/\/revolutionpadelstore.com\/fr\/produit\/adidas-metalbone-youth-3-3-2024-3\/#breadcrumb"},"inLanguage":"fr-FR","potentialAction":[{"@type":"ReadAction","target":["https:\/\/revolutionpadelstore.com\/fr\/produit\/adidas-metalbone-youth-3-3-2024-3\/"]}]},{"@type":"ImageObject","inLanguage":"fr-FR","@id":"https:\/\/revolutionpadelstore.com\/fr\/produit\/adidas-metalbone-youth-3-3-2024-3\/#primaryimage","url":"https:\/\/revolutionpadelstore.com\/wp-content\/uploads\/2024\/03\/110148_padel_webs_padel_y_grupo_pala_adidas_metalbone_youth_3_3_adrk4aa0u0116f__d3bd.webp","contentUrl":"https:\/\/revolutionpadelstore.com\/wp-content\/uploads\/2024\/03\/110148_padel_webs_padel_y_grupo_pala_adidas_metalbone_youth_3_3_adrk4aa0u0116f__d3bd.webp","width":1500,"height":1500},{"@type":"BreadcrumbList","@id":"https:\/\/revolutionpadelstore.com\/fr\/produit\/adidas-metalbone-youth-3-3-2024-3\/#breadcrumb","itemListElement":[{"@type":"ListItem","position":1,"name":"Portada","item":"https:\/\/revolutionpadelstore.com\/fr\/"},{"@type":"ListItem","position":2,"name":"Boutique","item":"https:\/\/revolutionpadelstore.com\/fr\/tienda\/"},{"@type":"ListItem","position":3,"name":"ADIDAS METALBONE YOUTH 3.3 2024"}]},{"@type":"WebSite","@id":"https:\/\/revolutionpadelstore.com\/fr\/#website","url":"https:\/\/revolutionpadelstore.com\/fr\/","name":"Revolution Padel Store","description":"","publisher":{"@id":"https:\/\/revolutionpadelstore.com\/fr\/#organization"},"potentialAction":[{"@type":"SearchAction","target":{"@type":"EntryPoint","urlTemplate":"https:\/\/revolutionpadelstore.com\/fr\/?s={search_term_string}"},"query-input":{"@type":"PropertyValueSpecification","valueRequired":true,"valueName":"search_term_string"}}],"inLanguage":"fr-FR"},{"@type":"Organization","@id":"https:\/\/revolutionpadelstore.com\/fr\/#organization","name":"Revolution Padel Store","url":"https:\/\/revolutionpadelstore.com\/fr\/","logo":{"@type":"ImageObject","inLanguage":"fr-FR","@id":"https:\/\/revolutionpadelstore.com\/fr\/#\/schema\/logo\/image\/","url":"https:\/\/revolutionpadelstore.com\/wp-content\/uploads\/2026\/02\/revolution-padel-store.jpg","contentUrl":"https:\/\/revolutionpadelstore.com\/wp-content\/uploads\/2026\/02\/revolution-padel-store.jpg","width":2000,"height":2000,"caption":"Revolution Padel Store"},"image":{"@id":"https:\/\/revolutionpadelstore.com\/fr\/#\/schema\/logo\/image\/"},"sameAs":["https:\/\/www.instagram.com\/revolutionpadelstore\/"]}]}},"_links":{"self":[{"href":"https:\/\/revolutionpadelstore.com\/fr\/wp-json\/wp\/v2\/product\/21713","targetHints":{"allow":["GET"]}}],"collection":[{"href":"https:\/\/revolutionpadelstore.com\/fr\/wp-json\/wp\/v2\/product"}],"about":[{"href":"https:\/\/revolutionpadelstore.com\/fr\/wp-json\/wp\/v2\/types\/product"}],"replies":[{"embeddable":true,"href":"https:\/\/revolutionpadelstore.com\/fr\/wp-json\/wp\/v2\/comments?post=21713"}],"wp:featuredmedia":[{"embeddable":true,"href":"https:\/\/revolutionpadelstore.com\/fr\/wp-json\/wp\/v2\/media\/62168"}],"wp:attachment":[{"href":"https:\/\/revolutionpadelstore.com\/fr\/wp-json\/wp\/v2\/media?parent=21713"}],"wp:term":[{"taxonomy":"acabado","embeddable":true,"href":"https:\/\/revolutionpadelstore.com\/fr\/wp-json\/wp\/v2\/acabado?post=21713"},{"taxonomy":"balance","embeddable":true,"href":"https:\/\/revolutionpadelstore.com\/fr\/wp-json\/wp\/v2\/balance?post=21713"},{"taxonomy":"dureza","embeddable":true,"href":"https:\/\/revolutionpadelstore.com\/fr\/wp-json\/wp\/v2\/dureza?post=21713"},{"taxonomy":"forma","embeddable":true,"href":"https:\/\/revolutionpadelstore.com\/fr\/wp-json\/wp\/v2\/forma?post=21713"},{"taxonomy":"jugador","embeddable":true,"href":"https:\/\/revolutionpadelstore.com\/fr\/wp-json\/wp\/v2\/jugador?post=21713"},{"taxonomy":"marca","embeddable":true,"href":"https:\/\/revolutionpadelstore.com\/fr\/wp-json\/wp\/v2\/marca?post=21713"},{"taxonomy":"nivel-de-juego","embeddable":true,"href":"https:\/\/revolutionpadelstore.com\/fr\/wp-json\/wp\/v2\/nivel-de-juego?post=21713"},{"taxonomy":"superficie","embeddable":true,"href":"https:\/\/revolutionpadelstore.com\/fr\/wp-json\/wp\/v2\/superficie?post=21713"},{"taxonomy":"tipo-de-juego","embeddable":true,"href":"https:\/\/revolutionpadelstore.com\/fr\/wp-json\/wp\/v2\/tipo-de-juego?post=21713"},{"taxonomy":"product_brand","embeddable":true,"href":"https:\/\/revolutionpadelstore.com\/fr\/wp-json\/wp\/v2\/product_brand?post=21713"},{"taxonomy":"product_cat","embeddable":true,"href":"https:\/\/revolutionpadelstore.com\/fr\/wp-json\/wp\/v2\/product_cat?post=21713"},{"taxonomy":"product_tag","embeddable":true,"href":"https:\/\/revolutionpadelstore.com\/fr\/wp-json\/wp\/v2\/product_tag?post=21713"}],"curies":[{"name":"wp","href":"https:\/\/api.w.org\/{rel}","templated":true}]}}