{"id":217100,"date":"2025-03-31T20:39:58","date_gmt":"2025-03-31T18:39:58","guid":{"rendered":"https:\/\/revolutionpadelstore.com\/siux-trilogy-pro-5\/"},"modified":"2026-04-01T02:26:11","modified_gmt":"2026-04-01T00:26:11","slug":"siux-trilogy-go-5-3","status":"publish","type":"product","link":"https:\/\/revolutionpadelstore.com\/fr\/produit\/siux-trilogy-go-5-3\/","title":{"rendered":"SIUX TRILOGY GO 5"},"content":{"rendered":"<h2> Trilogie Siux GO 5 &#8211; Contr\u00f4le maximum dans chaque coup <\/h2>\n<p>Dominez la piste avec la nouvelle trilogie <strong> Siux Go 5 <\/strong>, une pelle \u00e0 palette con\u00e7ue pour offrir un contr\u00f4le <strong> exceptionnel et une grande gestion <\/strong>. Gr\u00e2ce \u00e0 sa forme <strong> ronde et \u00e0 son basse balance <\/strong>, cette pelle fournit un large point sucr\u00e9 et permet des coups plus pr\u00e9cis de pratiquement n&#8217;importe quel point \u00e0 la surface.<\/p>\n<h2> puissance contr\u00f4l\u00e9e avec des mat\u00e9riaux de haute qualit\u00e9 <\/h2>\n<p>&lt;p style = &quot;padding-left: 40px;&quot;<br \/>\n&lt;P style = &quot;padding-left: 40px;&quot;<br \/>\n&lt;p style = &quot;padding-left: 40px;&quot;<\/p>\n<h2> Qui est la trilogie Siux GO 5?<br \/>\nIl est con\u00e7u pour les joueurs de niveau interm\u00e9diaire <strong> <\/strong> qui cherchent \u00e0 am\u00e9liorer leurs performances gr\u00e2ce \u00e0 une pelle \u00e9quilibr\u00e9e, qui <strong> favorise la pr\u00e9cision sans abandonner le pouvoir ou le confort <\/strong>. Si votre objectif est d&#8217;avancer dans votre jeu et de ma\u00eetriser le rythme du jeu, cette pelle sera votre meilleur alli\u00e9.<\/p>\n<h2> Avantages cl\u00e9s <\/h2>\n<p style=\"padding-left: 40px\"> &#8211; grand point doux pour une plus grande tol\u00e9rance dans les coups.<\/p>\n<p> &#8211; Contr\u00f4le optimal dans chaque situation de jeu. <\/p>\n<p> &#8211; Excellente relation entre le confort et les performances. <\/p>\n<p> &#8211; Striking and Professional Design. <\/p>\n<p><P> &#8211; Fabriqu\u00e9 par <strong> siux <\/strong>, l&#8217;une des principales marques de march\u00e9.<br \/>\nObtenez avec la Trilogie <strong> Siux Go 5 <\/strong>, l&#8217;une des meilleures pelles de paddle interm\u00e9diaires <\/strong> du moment et am\u00e9liorez votre jeu \u00e0 chaque coup.<\/p>\n<p>Disponible dans notre boutique en ligne <strong> <a href=\"https:\/\/www.revolutionpadelstore.com\/\"> www.revolutionpadelstore.com <\/a> <\/strong>, probablement au meilleur prix du march\u00e9.<\/p>\n<h2>Siux Trilogy Go 5 \u2013 M\u00e1ximo control en cada golpe<\/h2>\n","protected":false},"excerpt":{"rendered":"<p>La trilogie Siux GO 5 est la pelle parfaite pour les joueurs de niveau interm\u00e9diaire qui veulent un \u00e9quilibre entre le contr\u00f4le et la puissance, r\u00e9alisant des coups plus stables et pr\u00e9cis pendant le jeu.<\/p>\n","protected":false},"featured_media":217106,"comment_status":"open","ping_status":"closed","template":"","meta":{"_acf_changed":false,"_joinchat":[]},"acabado":[],"balance":[1147],"dureza":[1157],"forma":[1182],"jugador":[1192,1202],"marca":[1307],"nivel-de-juego":[1342,1352],"superficie":[1357],"tipo-de-juego":[1372,1377],"product_brand":[],"product_cat":[302],"product_tag":[],"class_list":{"0":"post-217100","1":"product","2":"type-product","3":"status-publish","4":"has-post-thumbnail","6":"balance-faible","7":"dureza-media-fr","8":"forma-rond","9":"jugador-homme","10":"jugador-polivalente-fr","11":"marca-siux-fr","12":"superficie-lise","13":"tipo-de-juego-control-fr","14":"tipo-de-juego-puissance","15":"product_cat-palas-de-padel-fr","17":"first","18":"instock","19":"sale","20":"taxable","21":"shipping-taxable","22":"purchasable","23":"product-type-simple"},"acf":[],"yoast_head":"<!-- This site is optimized with the Yoast SEO plugin v27.3 - https:\/\/yoast.com\/product\/yoast-seo-wordpress\/ -->\n<title>SIUX TRILOGY GO 5 - Revolution Padel Store<\/title>\n<meta name=\"description\" content=\"Descubre la pala Siux Trilogy Go 5, ideal para jugadores intermedios. M\u00e1ximo control, n\u00facleo EVA y superficie 3K Alumesh. \u00a1Compra en Revolution Padel Store al mejor precio!\" \/>\n<meta name=\"robots\" content=\"index, follow, max-snippet:-1, max-image-preview:large, max-video-preview:-1\" \/>\n<link rel=\"canonical\" href=\"https:\/\/revolutionpadelstore.com\/fr\/produit\/siux-trilogy-go-5-3\/\" \/>\n<meta property=\"og:locale\" content=\"fr_FR\" \/>\n<meta property=\"og:type\" content=\"article\" \/>\n<meta property=\"og:title\" content=\"SIUX TRILOGY GO 5 - Revolution Padel Store\" \/>\n<meta property=\"og:description\" content=\"Descubre la pala Siux Trilogy Go 5, ideal para jugadores intermedios. M\u00e1ximo control, n\u00facleo EVA y superficie 3K Alumesh. \u00a1Compra en Revolution Padel Store al mejor precio!\" \/>\n<meta property=\"og:url\" content=\"https:\/\/revolutionpadelstore.com\/fr\/produit\/siux-trilogy-go-5-3\/\" \/>\n<meta property=\"og:site_name\" content=\"Revolution Padel Store\" \/>\n<meta property=\"article:modified_time\" content=\"2026-04-01T00:26:11+00:00\" \/>\n<meta property=\"og:image\" content=\"https:\/\/revolutionpadelstore.com\/wp-content\/uploads\/2025\/03\/112651-siux-trilogy-go-5-1500x1500-1.webp\" \/>\n\t<meta property=\"og:image:width\" content=\"1500\" \/>\n\t<meta property=\"og:image:height\" content=\"1500\" \/>\n\t<meta property=\"og:image:type\" content=\"image\/webp\" \/>\n<meta name=\"twitter:card\" content=\"summary_large_image\" \/>\n<meta name=\"twitter:label1\" content=\"Dur\u00e9e de lecture estim\u00e9e\" \/>\n\t<meta name=\"twitter:data1\" content=\"2 minutes\" \/>\n<script type=\"application\/ld+json\" class=\"yoast-schema-graph\">{\"@context\":\"https:\\\/\\\/schema.org\",\"@graph\":[{\"@type\":\"WebPage\",\"@id\":\"https:\\\/\\\/revolutionpadelstore.com\\\/fr\\\/produit\\\/siux-trilogy-go-5-3\\\/\",\"url\":\"https:\\\/\\\/revolutionpadelstore.com\\\/fr\\\/produit\\\/siux-trilogy-go-5-3\\\/\",\"name\":\"SIUX TRILOGY GO 5 - Revolution Padel Store\",\"isPartOf\":{\"@id\":\"https:\\\/\\\/revolutionpadelstore.com\\\/fr\\\/#website\"},\"primaryImageOfPage\":{\"@id\":\"https:\\\/\\\/revolutionpadelstore.com\\\/fr\\\/produit\\\/siux-trilogy-go-5-3\\\/#primaryimage\"},\"image\":{\"@id\":\"https:\\\/\\\/revolutionpadelstore.com\\\/fr\\\/produit\\\/siux-trilogy-go-5-3\\\/#primaryimage\"},\"thumbnailUrl\":\"https:\\\/\\\/revolutionpadelstore.com\\\/wp-content\\\/uploads\\\/2025\\\/03\\\/112651-siux-trilogy-go-5-1500x1500-1.webp\",\"datePublished\":\"2025-03-31T18:39:58+00:00\",\"dateModified\":\"2026-04-01T00:26:11+00:00\",\"description\":\"Descubre la pala Siux Trilogy Go 5, ideal para jugadores intermedios. M\u00e1ximo control, n\u00facleo EVA y superficie 3K Alumesh. \u00a1Compra en Revolution Padel Store al mejor precio!\",\"breadcrumb\":{\"@id\":\"https:\\\/\\\/revolutionpadelstore.com\\\/fr\\\/produit\\\/siux-trilogy-go-5-3\\\/#breadcrumb\"},\"inLanguage\":\"fr-FR\",\"potentialAction\":[{\"@type\":\"ReadAction\",\"target\":[\"https:\\\/\\\/revolutionpadelstore.com\\\/fr\\\/produit\\\/siux-trilogy-go-5-3\\\/\"]}]},{\"@type\":\"ImageObject\",\"inLanguage\":\"fr-FR\",\"@id\":\"https:\\\/\\\/revolutionpadelstore.com\\\/fr\\\/produit\\\/siux-trilogy-go-5-3\\\/#primaryimage\",\"url\":\"https:\\\/\\\/revolutionpadelstore.com\\\/wp-content\\\/uploads\\\/2025\\\/03\\\/112651-siux-trilogy-go-5-1500x1500-1.webp\",\"contentUrl\":\"https:\\\/\\\/revolutionpadelstore.com\\\/wp-content\\\/uploads\\\/2025\\\/03\\\/112651-siux-trilogy-go-5-1500x1500-1.webp\",\"width\":1500,\"height\":1500},{\"@type\":\"BreadcrumbList\",\"@id\":\"https:\\\/\\\/revolutionpadelstore.com\\\/fr\\\/produit\\\/siux-trilogy-go-5-3\\\/#breadcrumb\",\"itemListElement\":[{\"@type\":\"ListItem\",\"position\":1,\"name\":\"Portada\",\"item\":\"https:\\\/\\\/revolutionpadelstore.com\\\/fr\\\/\"},{\"@type\":\"ListItem\",\"position\":2,\"name\":\"Boutique\",\"item\":\"https:\\\/\\\/revolutionpadelstore.com\\\/fr\\\/tienda\\\/\"},{\"@type\":\"ListItem\",\"position\":3,\"name\":\"SIUX TRILOGY GO 5\"}]},{\"@type\":\"WebSite\",\"@id\":\"https:\\\/\\\/revolutionpadelstore.com\\\/fr\\\/#website\",\"url\":\"https:\\\/\\\/revolutionpadelstore.com\\\/fr\\\/\",\"name\":\"Revolution Padel Store\",\"description\":\"\",\"publisher\":{\"@id\":\"https:\\\/\\\/revolutionpadelstore.com\\\/fr\\\/#organization\"},\"potentialAction\":[{\"@type\":\"SearchAction\",\"target\":{\"@type\":\"EntryPoint\",\"urlTemplate\":\"https:\\\/\\\/revolutionpadelstore.com\\\/fr\\\/?s={search_term_string}\"},\"query-input\":{\"@type\":\"PropertyValueSpecification\",\"valueRequired\":true,\"valueName\":\"search_term_string\"}}],\"inLanguage\":\"fr-FR\"},{\"@type\":\"Organization\",\"@id\":\"https:\\\/\\\/revolutionpadelstore.com\\\/fr\\\/#organization\",\"name\":\"Revolution Padel Store\",\"url\":\"https:\\\/\\\/revolutionpadelstore.com\\\/fr\\\/\",\"logo\":{\"@type\":\"ImageObject\",\"inLanguage\":\"fr-FR\",\"@id\":\"https:\\\/\\\/revolutionpadelstore.com\\\/fr\\\/#\\\/schema\\\/logo\\\/image\\\/\",\"url\":\"https:\\\/\\\/revolutionpadelstore.com\\\/wp-content\\\/uploads\\\/2026\\\/02\\\/revolution-padel-store.jpg\",\"contentUrl\":\"https:\\\/\\\/revolutionpadelstore.com\\\/wp-content\\\/uploads\\\/2026\\\/02\\\/revolution-padel-store.jpg\",\"width\":2000,\"height\":2000,\"caption\":\"Revolution Padel Store\"},\"image\":{\"@id\":\"https:\\\/\\\/revolutionpadelstore.com\\\/fr\\\/#\\\/schema\\\/logo\\\/image\\\/\"},\"sameAs\":[\"https:\\\/\\\/www.instagram.com\\\/revolutionpadelstore\\\/\"]}]}<\/script>\n<!-- \/ Yoast SEO plugin. -->","yoast_head_json":{"title":"SIUX TRILOGY GO 5 - Revolution Padel Store","description":"Descubre la pala Siux Trilogy Go 5, ideal para jugadores intermedios. M\u00e1ximo control, n\u00facleo EVA y superficie 3K Alumesh. \u00a1Compra en Revolution Padel Store al mejor precio!","robots":{"index":"index","follow":"follow","max-snippet":"max-snippet:-1","max-image-preview":"max-image-preview:large","max-video-preview":"max-video-preview:-1"},"canonical":"https:\/\/revolutionpadelstore.com\/fr\/produit\/siux-trilogy-go-5-3\/","og_locale":"fr_FR","og_type":"article","og_title":"SIUX TRILOGY GO 5 - Revolution Padel Store","og_description":"Descubre la pala Siux Trilogy Go 5, ideal para jugadores intermedios. M\u00e1ximo control, n\u00facleo EVA y superficie 3K Alumesh. \u00a1Compra en Revolution Padel Store al mejor precio!","og_url":"https:\/\/revolutionpadelstore.com\/fr\/produit\/siux-trilogy-go-5-3\/","og_site_name":"Revolution Padel Store","article_modified_time":"2026-04-01T00:26:11+00:00","og_image":[{"width":1500,"height":1500,"url":"https:\/\/revolutionpadelstore.com\/wp-content\/uploads\/2025\/03\/112651-siux-trilogy-go-5-1500x1500-1.webp","type":"image\/webp"}],"twitter_card":"summary_large_image","twitter_misc":{"Dur\u00e9e de lecture estim\u00e9e":"2 minutes"},"schema":{"@context":"https:\/\/schema.org","@graph":[{"@type":"WebPage","@id":"https:\/\/revolutionpadelstore.com\/fr\/produit\/siux-trilogy-go-5-3\/","url":"https:\/\/revolutionpadelstore.com\/fr\/produit\/siux-trilogy-go-5-3\/","name":"SIUX TRILOGY GO 5 - Revolution Padel Store","isPartOf":{"@id":"https:\/\/revolutionpadelstore.com\/fr\/#website"},"primaryImageOfPage":{"@id":"https:\/\/revolutionpadelstore.com\/fr\/produit\/siux-trilogy-go-5-3\/#primaryimage"},"image":{"@id":"https:\/\/revolutionpadelstore.com\/fr\/produit\/siux-trilogy-go-5-3\/#primaryimage"},"thumbnailUrl":"https:\/\/revolutionpadelstore.com\/wp-content\/uploads\/2025\/03\/112651-siux-trilogy-go-5-1500x1500-1.webp","datePublished":"2025-03-31T18:39:58+00:00","dateModified":"2026-04-01T00:26:11+00:00","description":"Descubre la pala Siux Trilogy Go 5, ideal para jugadores intermedios. M\u00e1ximo control, n\u00facleo EVA y superficie 3K Alumesh. \u00a1Compra en Revolution Padel Store al mejor precio!","breadcrumb":{"@id":"https:\/\/revolutionpadelstore.com\/fr\/produit\/siux-trilogy-go-5-3\/#breadcrumb"},"inLanguage":"fr-FR","potentialAction":[{"@type":"ReadAction","target":["https:\/\/revolutionpadelstore.com\/fr\/produit\/siux-trilogy-go-5-3\/"]}]},{"@type":"ImageObject","inLanguage":"fr-FR","@id":"https:\/\/revolutionpadelstore.com\/fr\/produit\/siux-trilogy-go-5-3\/#primaryimage","url":"https:\/\/revolutionpadelstore.com\/wp-content\/uploads\/2025\/03\/112651-siux-trilogy-go-5-1500x1500-1.webp","contentUrl":"https:\/\/revolutionpadelstore.com\/wp-content\/uploads\/2025\/03\/112651-siux-trilogy-go-5-1500x1500-1.webp","width":1500,"height":1500},{"@type":"BreadcrumbList","@id":"https:\/\/revolutionpadelstore.com\/fr\/produit\/siux-trilogy-go-5-3\/#breadcrumb","itemListElement":[{"@type":"ListItem","position":1,"name":"Portada","item":"https:\/\/revolutionpadelstore.com\/fr\/"},{"@type":"ListItem","position":2,"name":"Boutique","item":"https:\/\/revolutionpadelstore.com\/fr\/tienda\/"},{"@type":"ListItem","position":3,"name":"SIUX TRILOGY GO 5"}]},{"@type":"WebSite","@id":"https:\/\/revolutionpadelstore.com\/fr\/#website","url":"https:\/\/revolutionpadelstore.com\/fr\/","name":"Revolution Padel Store","description":"","publisher":{"@id":"https:\/\/revolutionpadelstore.com\/fr\/#organization"},"potentialAction":[{"@type":"SearchAction","target":{"@type":"EntryPoint","urlTemplate":"https:\/\/revolutionpadelstore.com\/fr\/?s={search_term_string}"},"query-input":{"@type":"PropertyValueSpecification","valueRequired":true,"valueName":"search_term_string"}}],"inLanguage":"fr-FR"},{"@type":"Organization","@id":"https:\/\/revolutionpadelstore.com\/fr\/#organization","name":"Revolution Padel Store","url":"https:\/\/revolutionpadelstore.com\/fr\/","logo":{"@type":"ImageObject","inLanguage":"fr-FR","@id":"https:\/\/revolutionpadelstore.com\/fr\/#\/schema\/logo\/image\/","url":"https:\/\/revolutionpadelstore.com\/wp-content\/uploads\/2026\/02\/revolution-padel-store.jpg","contentUrl":"https:\/\/revolutionpadelstore.com\/wp-content\/uploads\/2026\/02\/revolution-padel-store.jpg","width":2000,"height":2000,"caption":"Revolution Padel Store"},"image":{"@id":"https:\/\/revolutionpadelstore.com\/fr\/#\/schema\/logo\/image\/"},"sameAs":["https:\/\/www.instagram.com\/revolutionpadelstore\/"]}]}},"_links":{"self":[{"href":"https:\/\/revolutionpadelstore.com\/fr\/wp-json\/wp\/v2\/product\/217100","targetHints":{"allow":["GET"]}}],"collection":[{"href":"https:\/\/revolutionpadelstore.com\/fr\/wp-json\/wp\/v2\/product"}],"about":[{"href":"https:\/\/revolutionpadelstore.com\/fr\/wp-json\/wp\/v2\/types\/product"}],"replies":[{"embeddable":true,"href":"https:\/\/revolutionpadelstore.com\/fr\/wp-json\/wp\/v2\/comments?post=217100"}],"wp:featuredmedia":[{"embeddable":true,"href":"https:\/\/revolutionpadelstore.com\/fr\/wp-json\/wp\/v2\/media\/217106"}],"wp:attachment":[{"href":"https:\/\/revolutionpadelstore.com\/fr\/wp-json\/wp\/v2\/media?parent=217100"}],"wp:term":[{"taxonomy":"acabado","embeddable":true,"href":"https:\/\/revolutionpadelstore.com\/fr\/wp-json\/wp\/v2\/acabado?post=217100"},{"taxonomy":"balance","embeddable":true,"href":"https:\/\/revolutionpadelstore.com\/fr\/wp-json\/wp\/v2\/balance?post=217100"},{"taxonomy":"dureza","embeddable":true,"href":"https:\/\/revolutionpadelstore.com\/fr\/wp-json\/wp\/v2\/dureza?post=217100"},{"taxonomy":"forma","embeddable":true,"href":"https:\/\/revolutionpadelstore.com\/fr\/wp-json\/wp\/v2\/forma?post=217100"},{"taxonomy":"jugador","embeddable":true,"href":"https:\/\/revolutionpadelstore.com\/fr\/wp-json\/wp\/v2\/jugador?post=217100"},{"taxonomy":"marca","embeddable":true,"href":"https:\/\/revolutionpadelstore.com\/fr\/wp-json\/wp\/v2\/marca?post=217100"},{"taxonomy":"nivel-de-juego","embeddable":true,"href":"https:\/\/revolutionpadelstore.com\/fr\/wp-json\/wp\/v2\/nivel-de-juego?post=217100"},{"taxonomy":"superficie","embeddable":true,"href":"https:\/\/revolutionpadelstore.com\/fr\/wp-json\/wp\/v2\/superficie?post=217100"},{"taxonomy":"tipo-de-juego","embeddable":true,"href":"https:\/\/revolutionpadelstore.com\/fr\/wp-json\/wp\/v2\/tipo-de-juego?post=217100"},{"taxonomy":"product_brand","embeddable":true,"href":"https:\/\/revolutionpadelstore.com\/fr\/wp-json\/wp\/v2\/product_brand?post=217100"},{"taxonomy":"product_cat","embeddable":true,"href":"https:\/\/revolutionpadelstore.com\/fr\/wp-json\/wp\/v2\/product_cat?post=217100"},{"taxonomy":"product_tag","embeddable":true,"href":"https:\/\/revolutionpadelstore.com\/fr\/wp-json\/wp\/v2\/product_tag?post=217100"}],"curies":[{"name":"wp","href":"https:\/\/api.w.org\/{rel}","templated":true}]}}