{"id":217052,"date":"2025-03-31T20:41:16","date_gmt":"2025-03-31T18:41:16","guid":{"rendered":"https:\/\/revolutionpadelstore.com\/siux-trilogy-lite-5\/"},"modified":"2026-04-01T02:25:50","modified_gmt":"2026-04-01T00:25:50","slug":"siux-trilogy-lite-5-3","status":"publish","type":"product","link":"https:\/\/revolutionpadelstore.com\/fr\/produit\/siux-trilogy-lite-5-3\/","title":{"rendered":"SIUX TRILOGY LITE 5"},"content":{"rendered":"<h2> <strong> Siux Trilogy Elite 5 &#8211; Contr\u00f4le, pr\u00e9cision et style pour les joueurs avanc\u00e9s <\/strong> <\/h2>\n<p>La trilogie Siux Elite 5 est une pelle \u00e0 palette con\u00e7ue pour ceux qui recherchent un \u00e9quilibre parfait entre le contr\u00f4le, la pr\u00e9cision et les performances. Sa forme ronde et son \u00e9quilibre sous l&#8217;alli\u00e9 id\u00e9al pour les joueurs techniques qui ont besoin de s\u00e9curit\u00e9 dans le coup et une grande gestion dans chaque action.<\/p>\n<p>Gr\u00e2ce \u00e0 son large point sucr\u00e9, cette pelle garantit une r\u00e9ponse efficace de toute zone de contact, offrant une confiance et une coh\u00e9rence tout au long du jeu. Son toucher moyen permet une excellente absorption d&#8217;impact, offrant une exp\u00e9rience confortable mais ferme dans chaque jeu.<\/p>\n<p>Quant aux mat\u00e9riaux, la trilogie Elite 5 int\u00e8gre des faces de carbone 12K, ce qui garantit une rigidit\u00e9 plus \u00e9lev\u00e9e, une plus grande durabilit\u00e9 et des performances optimales m\u00eame dans des situations de forte demande. Sa finition mate avec une texture 3D lui donne non seulement une touche esth\u00e9tique moderne et agressive dans les tons noirs et verts, mais vous permet \u00e9galement de g\u00e9n\u00e9rer de meilleurs effets dans le ballon, gr\u00e2ce \u00e0 une plus grande prise dans le contact.<\/p>\n<p>Con\u00e7u pour les joueurs ayant un niveau avanc\u00e9 ou professionnel, cette pelle se d\u00e9marque de sa capacit\u00e9 \u00e0 offrir le contr\u00f4le sans perdre de dynamisme. Il est id\u00e9al pour ceux qui dominent le jeu et ont besoin d&#8217;un outil qui accompagne leur style technique et strat\u00e9gique.<\/p>\n<h2> <strong> Caract\u00e9ristiques principales <\/strong> <\/h2>\n<p style=\"padding-left: 40px\"> &#8211; forme ronde qui maximise le contr\u00f4le <\/p>\n<p style=\"padding-left: 40px\"> &#8211; 12K surface carbone pour la fermet\u00e9 et la r\u00e9sistance <\/p>\n<p style=\"padding-left: 40px\"> &#8211; finition mate 3D qui am\u00e9liore les effets <\/p>\n<p style=\"padding-left: 40px\"> &#8211; touche moyenne qui \u00e9quilibre le confort et la pr\u00e9cision <\/p>\n<p style=\"padding-left: 40px\"> &#8211; large point sucr\u00e9 et grande stabilit\u00e9 <\/p>\n<h2> <strong> Avantages pro\u00e9minents <\/strong> <\/h2>\n<p style=\"padding-left: 40px\"> &#8211; Excellent pour les coups pr\u00e9cis et techniques <\/p>\n<p> &#8211; Grand contr\u00f4le sans perte de puissance <\/p>\n<p style=\"padding-left: 40px\"> &#8211; conception attrayante avec finition professionnelle <\/p>\n<p style=\"padding-left: 40px\"> &#8211; id\u00e9al pour les joueurs de haut niveau <\/p>\n<p><strong> Le SIUX Trilogy Elite 5 Shovel est disponible dans notre boutique en ligne <a href=\"http:\/\/www.revolutionpadelstore.com\/\"> www.revolutionpadelstore.com <\/a>, probablement au meilleur prix du march\u00e9. <\/strong><\/p>\n","protected":false},"excerpt":{"rendered":"<p>La trilogie Siux Elite 5 est une pelle qui offre un \u00e9quilibre id\u00e9al entre pr\u00e9cision, contr\u00f4le et puissance, con\u00e7u pour les joueurs avanc\u00e9s qui souhaitent am\u00e9liorer leur technique sans renoncer \u00e0 leurs qualit\u00e9s les plus distinctives et les plus innovantes.<\/p>\n","protected":false},"featured_media":217094,"comment_status":"open","ping_status":"closed","template":"","meta":{"_acf_changed":false,"_joinchat":[]},"acabado":[1087],"balance":[1147],"dureza":[1157],"forma":[1182],"jugador":[1192,1202],"marca":[1307],"nivel-de-juego":[1337],"superficie":[1362],"tipo-de-juego":[1372],"product_brand":[],"product_cat":[302],"product_tag":[],"class_list":{"0":"post-217052","1":"product","2":"type-product","3":"status-publish","4":"has-post-thumbnail","6":"acabado-mon-pote","7":"balance-faible","8":"dureza-media-fr","9":"forma-rond","10":"jugador-homme","11":"jugador-polivalente-fr","12":"marca-siux-fr","13":"superficie-rugosa-fr","14":"tipo-de-juego-control-fr","15":"product_cat-palas-de-padel-fr","17":"first","18":"instock","19":"sale","20":"taxable","21":"shipping-taxable","22":"purchasable","23":"product-type-simple"},"acf":[],"yoast_head":"<!-- This site is optimized with the Yoast SEO plugin v27.3 - https:\/\/yoast.com\/product\/yoast-seo-wordpress\/ -->\n<title>SIUX TRILOGY LITE 5 - Revolution Padel Store<\/title>\n<meta name=\"description\" content=\"Pala de p\u00e1del Siux Trilogy Elite 5 para jugadores avanzados. Control, precisi\u00f3n, carbono 12K y acabado 3D. Disponible en www.revolutionpadelstore.com al mejor precio.\" \/>\n<meta name=\"robots\" content=\"index, follow, max-snippet:-1, max-image-preview:large, max-video-preview:-1\" \/>\n<link rel=\"canonical\" href=\"https:\/\/revolutionpadelstore.com\/fr\/produit\/siux-trilogy-lite-5-3\/\" \/>\n<meta property=\"og:locale\" content=\"fr_FR\" \/>\n<meta property=\"og:type\" content=\"article\" \/>\n<meta property=\"og:title\" content=\"SIUX TRILOGY LITE 5 - Revolution Padel Store\" \/>\n<meta property=\"og:description\" content=\"Pala de p\u00e1del Siux Trilogy Elite 5 para jugadores avanzados. Control, precisi\u00f3n, carbono 12K y acabado 3D. Disponible en www.revolutionpadelstore.com al mejor precio.\" \/>\n<meta property=\"og:url\" content=\"https:\/\/revolutionpadelstore.com\/fr\/produit\/siux-trilogy-lite-5-3\/\" \/>\n<meta property=\"og:site_name\" content=\"Revolution Padel Store\" \/>\n<meta property=\"article:modified_time\" content=\"2026-04-01T00:25:50+00:00\" \/>\n<meta property=\"og:image\" content=\"https:\/\/revolutionpadelstore.com\/wp-content\/uploads\/2025\/03\/112653-siux-trilogy-elite-5-1500x1500-1.webp\" \/>\n\t<meta property=\"og:image:width\" content=\"1500\" \/>\n\t<meta property=\"og:image:height\" content=\"1500\" \/>\n\t<meta property=\"og:image:type\" content=\"image\/webp\" \/>\n<meta name=\"twitter:card\" content=\"summary_large_image\" \/>\n<meta name=\"twitter:label1\" content=\"Dur\u00e9e de lecture estim\u00e9e\" \/>\n\t<meta name=\"twitter:data1\" content=\"2 minutes\" \/>\n<script type=\"application\/ld+json\" class=\"yoast-schema-graph\">{\"@context\":\"https:\\\/\\\/schema.org\",\"@graph\":[{\"@type\":\"WebPage\",\"@id\":\"https:\\\/\\\/revolutionpadelstore.com\\\/fr\\\/produit\\\/siux-trilogy-lite-5-3\\\/\",\"url\":\"https:\\\/\\\/revolutionpadelstore.com\\\/fr\\\/produit\\\/siux-trilogy-lite-5-3\\\/\",\"name\":\"SIUX TRILOGY LITE 5 - Revolution Padel Store\",\"isPartOf\":{\"@id\":\"https:\\\/\\\/revolutionpadelstore.com\\\/fr\\\/#website\"},\"primaryImageOfPage\":{\"@id\":\"https:\\\/\\\/revolutionpadelstore.com\\\/fr\\\/produit\\\/siux-trilogy-lite-5-3\\\/#primaryimage\"},\"image\":{\"@id\":\"https:\\\/\\\/revolutionpadelstore.com\\\/fr\\\/produit\\\/siux-trilogy-lite-5-3\\\/#primaryimage\"},\"thumbnailUrl\":\"https:\\\/\\\/revolutionpadelstore.com\\\/wp-content\\\/uploads\\\/2025\\\/03\\\/112653-siux-trilogy-elite-5-1500x1500-1.webp\",\"datePublished\":\"2025-03-31T18:41:16+00:00\",\"dateModified\":\"2026-04-01T00:25:50+00:00\",\"description\":\"Pala de p\u00e1del Siux Trilogy Elite 5 para jugadores avanzados. Control, precisi\u00f3n, carbono 12K y acabado 3D. Disponible en www.revolutionpadelstore.com al mejor precio.\",\"breadcrumb\":{\"@id\":\"https:\\\/\\\/revolutionpadelstore.com\\\/fr\\\/produit\\\/siux-trilogy-lite-5-3\\\/#breadcrumb\"},\"inLanguage\":\"fr-FR\",\"potentialAction\":[{\"@type\":\"ReadAction\",\"target\":[\"https:\\\/\\\/revolutionpadelstore.com\\\/fr\\\/produit\\\/siux-trilogy-lite-5-3\\\/\"]}]},{\"@type\":\"ImageObject\",\"inLanguage\":\"fr-FR\",\"@id\":\"https:\\\/\\\/revolutionpadelstore.com\\\/fr\\\/produit\\\/siux-trilogy-lite-5-3\\\/#primaryimage\",\"url\":\"https:\\\/\\\/revolutionpadelstore.com\\\/wp-content\\\/uploads\\\/2025\\\/03\\\/112653-siux-trilogy-elite-5-1500x1500-1.webp\",\"contentUrl\":\"https:\\\/\\\/revolutionpadelstore.com\\\/wp-content\\\/uploads\\\/2025\\\/03\\\/112653-siux-trilogy-elite-5-1500x1500-1.webp\",\"width\":1500,\"height\":1500},{\"@type\":\"BreadcrumbList\",\"@id\":\"https:\\\/\\\/revolutionpadelstore.com\\\/fr\\\/produit\\\/siux-trilogy-lite-5-3\\\/#breadcrumb\",\"itemListElement\":[{\"@type\":\"ListItem\",\"position\":1,\"name\":\"Portada\",\"item\":\"https:\\\/\\\/revolutionpadelstore.com\\\/fr\\\/\"},{\"@type\":\"ListItem\",\"position\":2,\"name\":\"Boutique\",\"item\":\"https:\\\/\\\/revolutionpadelstore.com\\\/fr\\\/tienda\\\/\"},{\"@type\":\"ListItem\",\"position\":3,\"name\":\"SIUX TRILOGY LITE 5\"}]},{\"@type\":\"WebSite\",\"@id\":\"https:\\\/\\\/revolutionpadelstore.com\\\/fr\\\/#website\",\"url\":\"https:\\\/\\\/revolutionpadelstore.com\\\/fr\\\/\",\"name\":\"Revolution Padel Store\",\"description\":\"\",\"publisher\":{\"@id\":\"https:\\\/\\\/revolutionpadelstore.com\\\/fr\\\/#organization\"},\"potentialAction\":[{\"@type\":\"SearchAction\",\"target\":{\"@type\":\"EntryPoint\",\"urlTemplate\":\"https:\\\/\\\/revolutionpadelstore.com\\\/fr\\\/?s={search_term_string}\"},\"query-input\":{\"@type\":\"PropertyValueSpecification\",\"valueRequired\":true,\"valueName\":\"search_term_string\"}}],\"inLanguage\":\"fr-FR\"},{\"@type\":\"Organization\",\"@id\":\"https:\\\/\\\/revolutionpadelstore.com\\\/fr\\\/#organization\",\"name\":\"Revolution Padel Store\",\"url\":\"https:\\\/\\\/revolutionpadelstore.com\\\/fr\\\/\",\"logo\":{\"@type\":\"ImageObject\",\"inLanguage\":\"fr-FR\",\"@id\":\"https:\\\/\\\/revolutionpadelstore.com\\\/fr\\\/#\\\/schema\\\/logo\\\/image\\\/\",\"url\":\"https:\\\/\\\/revolutionpadelstore.com\\\/wp-content\\\/uploads\\\/2026\\\/02\\\/revolution-padel-store.jpg\",\"contentUrl\":\"https:\\\/\\\/revolutionpadelstore.com\\\/wp-content\\\/uploads\\\/2026\\\/02\\\/revolution-padel-store.jpg\",\"width\":2000,\"height\":2000,\"caption\":\"Revolution Padel Store\"},\"image\":{\"@id\":\"https:\\\/\\\/revolutionpadelstore.com\\\/fr\\\/#\\\/schema\\\/logo\\\/image\\\/\"},\"sameAs\":[\"https:\\\/\\\/www.instagram.com\\\/revolutionpadelstore\\\/\"]}]}<\/script>\n<!-- \/ Yoast SEO plugin. -->","yoast_head_json":{"title":"SIUX TRILOGY LITE 5 - Revolution Padel Store","description":"Pala de p\u00e1del Siux Trilogy Elite 5 para jugadores avanzados. Control, precisi\u00f3n, carbono 12K y acabado 3D. Disponible en www.revolutionpadelstore.com al mejor precio.","robots":{"index":"index","follow":"follow","max-snippet":"max-snippet:-1","max-image-preview":"max-image-preview:large","max-video-preview":"max-video-preview:-1"},"canonical":"https:\/\/revolutionpadelstore.com\/fr\/produit\/siux-trilogy-lite-5-3\/","og_locale":"fr_FR","og_type":"article","og_title":"SIUX TRILOGY LITE 5 - Revolution Padel Store","og_description":"Pala de p\u00e1del Siux Trilogy Elite 5 para jugadores avanzados. Control, precisi\u00f3n, carbono 12K y acabado 3D. Disponible en www.revolutionpadelstore.com al mejor precio.","og_url":"https:\/\/revolutionpadelstore.com\/fr\/produit\/siux-trilogy-lite-5-3\/","og_site_name":"Revolution Padel Store","article_modified_time":"2026-04-01T00:25:50+00:00","og_image":[{"width":1500,"height":1500,"url":"https:\/\/revolutionpadelstore.com\/wp-content\/uploads\/2025\/03\/112653-siux-trilogy-elite-5-1500x1500-1.webp","type":"image\/webp"}],"twitter_card":"summary_large_image","twitter_misc":{"Dur\u00e9e de lecture estim\u00e9e":"2 minutes"},"schema":{"@context":"https:\/\/schema.org","@graph":[{"@type":"WebPage","@id":"https:\/\/revolutionpadelstore.com\/fr\/produit\/siux-trilogy-lite-5-3\/","url":"https:\/\/revolutionpadelstore.com\/fr\/produit\/siux-trilogy-lite-5-3\/","name":"SIUX TRILOGY LITE 5 - Revolution Padel Store","isPartOf":{"@id":"https:\/\/revolutionpadelstore.com\/fr\/#website"},"primaryImageOfPage":{"@id":"https:\/\/revolutionpadelstore.com\/fr\/produit\/siux-trilogy-lite-5-3\/#primaryimage"},"image":{"@id":"https:\/\/revolutionpadelstore.com\/fr\/produit\/siux-trilogy-lite-5-3\/#primaryimage"},"thumbnailUrl":"https:\/\/revolutionpadelstore.com\/wp-content\/uploads\/2025\/03\/112653-siux-trilogy-elite-5-1500x1500-1.webp","datePublished":"2025-03-31T18:41:16+00:00","dateModified":"2026-04-01T00:25:50+00:00","description":"Pala de p\u00e1del Siux Trilogy Elite 5 para jugadores avanzados. Control, precisi\u00f3n, carbono 12K y acabado 3D. Disponible en www.revolutionpadelstore.com al mejor precio.","breadcrumb":{"@id":"https:\/\/revolutionpadelstore.com\/fr\/produit\/siux-trilogy-lite-5-3\/#breadcrumb"},"inLanguage":"fr-FR","potentialAction":[{"@type":"ReadAction","target":["https:\/\/revolutionpadelstore.com\/fr\/produit\/siux-trilogy-lite-5-3\/"]}]},{"@type":"ImageObject","inLanguage":"fr-FR","@id":"https:\/\/revolutionpadelstore.com\/fr\/produit\/siux-trilogy-lite-5-3\/#primaryimage","url":"https:\/\/revolutionpadelstore.com\/wp-content\/uploads\/2025\/03\/112653-siux-trilogy-elite-5-1500x1500-1.webp","contentUrl":"https:\/\/revolutionpadelstore.com\/wp-content\/uploads\/2025\/03\/112653-siux-trilogy-elite-5-1500x1500-1.webp","width":1500,"height":1500},{"@type":"BreadcrumbList","@id":"https:\/\/revolutionpadelstore.com\/fr\/produit\/siux-trilogy-lite-5-3\/#breadcrumb","itemListElement":[{"@type":"ListItem","position":1,"name":"Portada","item":"https:\/\/revolutionpadelstore.com\/fr\/"},{"@type":"ListItem","position":2,"name":"Boutique","item":"https:\/\/revolutionpadelstore.com\/fr\/tienda\/"},{"@type":"ListItem","position":3,"name":"SIUX TRILOGY LITE 5"}]},{"@type":"WebSite","@id":"https:\/\/revolutionpadelstore.com\/fr\/#website","url":"https:\/\/revolutionpadelstore.com\/fr\/","name":"Revolution Padel Store","description":"","publisher":{"@id":"https:\/\/revolutionpadelstore.com\/fr\/#organization"},"potentialAction":[{"@type":"SearchAction","target":{"@type":"EntryPoint","urlTemplate":"https:\/\/revolutionpadelstore.com\/fr\/?s={search_term_string}"},"query-input":{"@type":"PropertyValueSpecification","valueRequired":true,"valueName":"search_term_string"}}],"inLanguage":"fr-FR"},{"@type":"Organization","@id":"https:\/\/revolutionpadelstore.com\/fr\/#organization","name":"Revolution Padel Store","url":"https:\/\/revolutionpadelstore.com\/fr\/","logo":{"@type":"ImageObject","inLanguage":"fr-FR","@id":"https:\/\/revolutionpadelstore.com\/fr\/#\/schema\/logo\/image\/","url":"https:\/\/revolutionpadelstore.com\/wp-content\/uploads\/2026\/02\/revolution-padel-store.jpg","contentUrl":"https:\/\/revolutionpadelstore.com\/wp-content\/uploads\/2026\/02\/revolution-padel-store.jpg","width":2000,"height":2000,"caption":"Revolution Padel Store"},"image":{"@id":"https:\/\/revolutionpadelstore.com\/fr\/#\/schema\/logo\/image\/"},"sameAs":["https:\/\/www.instagram.com\/revolutionpadelstore\/"]}]}},"_links":{"self":[{"href":"https:\/\/revolutionpadelstore.com\/fr\/wp-json\/wp\/v2\/product\/217052","targetHints":{"allow":["GET"]}}],"collection":[{"href":"https:\/\/revolutionpadelstore.com\/fr\/wp-json\/wp\/v2\/product"}],"about":[{"href":"https:\/\/revolutionpadelstore.com\/fr\/wp-json\/wp\/v2\/types\/product"}],"replies":[{"embeddable":true,"href":"https:\/\/revolutionpadelstore.com\/fr\/wp-json\/wp\/v2\/comments?post=217052"}],"wp:featuredmedia":[{"embeddable":true,"href":"https:\/\/revolutionpadelstore.com\/fr\/wp-json\/wp\/v2\/media\/217094"}],"wp:attachment":[{"href":"https:\/\/revolutionpadelstore.com\/fr\/wp-json\/wp\/v2\/media?parent=217052"}],"wp:term":[{"taxonomy":"acabado","embeddable":true,"href":"https:\/\/revolutionpadelstore.com\/fr\/wp-json\/wp\/v2\/acabado?post=217052"},{"taxonomy":"balance","embeddable":true,"href":"https:\/\/revolutionpadelstore.com\/fr\/wp-json\/wp\/v2\/balance?post=217052"},{"taxonomy":"dureza","embeddable":true,"href":"https:\/\/revolutionpadelstore.com\/fr\/wp-json\/wp\/v2\/dureza?post=217052"},{"taxonomy":"forma","embeddable":true,"href":"https:\/\/revolutionpadelstore.com\/fr\/wp-json\/wp\/v2\/forma?post=217052"},{"taxonomy":"jugador","embeddable":true,"href":"https:\/\/revolutionpadelstore.com\/fr\/wp-json\/wp\/v2\/jugador?post=217052"},{"taxonomy":"marca","embeddable":true,"href":"https:\/\/revolutionpadelstore.com\/fr\/wp-json\/wp\/v2\/marca?post=217052"},{"taxonomy":"nivel-de-juego","embeddable":true,"href":"https:\/\/revolutionpadelstore.com\/fr\/wp-json\/wp\/v2\/nivel-de-juego?post=217052"},{"taxonomy":"superficie","embeddable":true,"href":"https:\/\/revolutionpadelstore.com\/fr\/wp-json\/wp\/v2\/superficie?post=217052"},{"taxonomy":"tipo-de-juego","embeddable":true,"href":"https:\/\/revolutionpadelstore.com\/fr\/wp-json\/wp\/v2\/tipo-de-juego?post=217052"},{"taxonomy":"product_brand","embeddable":true,"href":"https:\/\/revolutionpadelstore.com\/fr\/wp-json\/wp\/v2\/product_brand?post=217052"},{"taxonomy":"product_cat","embeddable":true,"href":"https:\/\/revolutionpadelstore.com\/fr\/wp-json\/wp\/v2\/product_cat?post=217052"},{"taxonomy":"product_tag","embeddable":true,"href":"https:\/\/revolutionpadelstore.com\/fr\/wp-json\/wp\/v2\/product_tag?post=217052"}],"curies":[{"name":"wp","href":"https:\/\/api.w.org\/{rel}","templated":true}]}}