{"id":216993,"date":"2025-03-31T20:42:21","date_gmt":"2025-03-31T18:42:21","guid":{"rendered":"https:\/\/revolutionpadelstore.com\/siux-trilogy-go-5\/"},"modified":"2026-04-01T02:25:29","modified_gmt":"2026-04-01T00:25:29","slug":"siux-trilogy-pro-5-2025-3","status":"publish","type":"product","link":"https:\/\/revolutionpadelstore.com\/fr\/produit\/siux-trilogy-pro-5-2025-3\/","title":{"rendered":"SIUX TRILOGY PRO 5 2025"},"content":{"rendered":"<h2> <strong> Siux Trilogy Pro 5 2025 &#8211; Contr\u00f4le maximum avec puissance professionnelle <\/strong> <\/h2>\n<p>La <strong> Trilogy Pro 5 2025 <\/strong> repr\u00e9sente l&#8217;\u00e9quilibre parfait entre <strong> puissance et contr\u00f4le <\/strong>, id\u00e9al pour les joueurs avanc\u00e9s \u00e0 la recherche de pr\u00e9cision sans perdre de force dans chaque coup. Sa forme ronde \u00e9tend le point doux, garantissant une excellente r\u00e9ponse m\u00eame en coups d\u00e9centralis\u00e9s. De plus, votre <strong> \u00e9quilibre faible <\/strong> am\u00e9liore la maniabilit\u00e9 et aide \u00e0 pr\u00e9venir les blessures du bras.<\/p>\n<h2> <strong> Conception et mat\u00e9riaux haute performance <\/strong> <\/h2>\n<p>Fabriqu\u00e9 avec <strong> fibre de carbone <\/strong> et noyau de <strong> caoutchouc eva <\/strong>, cette pelle offre une sensation solide, r\u00e9sistante et durable, parfaite pour ceux qui demandent une qualit\u00e9 professionnelle. L&#8217;incorporation du syst\u00e8me <strong> double propria <\/strong> r\u00e9duit les vibrations, am\u00e9liorant le confort et r\u00e9duisant le risque d&#8217;inconfort apr\u00e8s une utilisation prolong\u00e9e.<\/p>\n<h2> <strong> Style et technologie unis <\/strong> <\/h2>\n<p>Le design dans <strong> 3D Lumighness <\/strong> combine les couleurs <strong> vert, noir et orange <\/strong> pour lui donner une apparence moderne et sophistiqu\u00e9e qui ne passe pas inaper\u00e7ue sur la piste.<\/p>\n<h2> <strong> Caract\u00e9ristiques importantes <\/strong> <\/h2>\n<p> <strong> -forma <\/strong>: contr\u00f4le et pr\u00e9cision des banes rondes <\/p>\n<p>&lt;p style = &quot;padding-left: 40px;&quot;<\/p>\n<p style=\"padding-left: 40px\"> <strong> -marco <\/strong>: 100% de puissance de carbone et fermet\u00e9 <\/p>\n<p>&lt;p style = &quot;padding-left: 40px;&quot;<br \/>\n&lt;p style = &quot;padding-left: 40px;&quot;<\/p>\n<p style=\"padding-left: 40px\"> <strong> -Balance Low <\/strong> -Pup\u00e9rabilit\u00e9 de la superficie <\/p>\n<h2> <strong> id\u00e9al pour les joueurs avanc\u00e9s <\/strong> <\/h2>\n<p>La trilogie Pro 5 2025 est con\u00e7ue pour les joueurs techniques et exp\u00e9riment\u00e9s <strong> <\/strong> \u00e0 la recherche d&#8217;une pelle polyvalente, puissante et pr\u00e9cise. Dominez la piste en toute confiance et augmentez votre jeu au niveau sup\u00e9rieur.<br \/>\n&lt;H2 data-start = &quot;2175&quot; data-end = &quot;2251&quot;<\/p>\n<p class=\"\" data-scart=\"2252\" data-end=\"2473\"> Obtenez avec cette pelle professionnelle dans <Strong Data-Start=\"2287\" Data-ND=\"2359\" Data-end=\"2357\"> WWW.RevolutionPadelStore.com <\/a> <\/strong>, probablement au prix du meilleur march\u00e9. Ne manquez pas cette opportunit\u00e9 et passez votre jeu au niveau sup\u00e9rieur! <\/p>\n","protected":false},"excerpt":{"rendered":"<p>La trilogie Siux Pro 5 2025 offre un \u00e9quilibre parfait entre le contr\u00f4le et la pr\u00e9cision, sans perdre de l&#8217;\u00e9nergie dans les coups. Il est fabriqu\u00e9 avec un cadre \u00e0 100% en carbone et dispose du syst\u00e8me Dual Pro Grip.<\/p>\n","protected":false},"featured_media":216999,"comment_status":"open","ping_status":"closed","template":"","meta":{"_acf_changed":false,"_joinchat":[]},"acabado":[1082],"balance":[1147],"dureza":[1157],"forma":[1182],"jugador":[1192,1202],"marca":[1307],"nivel-de-juego":[1337,1347],"superficie":[1362],"tipo-de-juego":[1372,1377],"product_brand":[],"product_cat":[302],"product_tag":[],"class_list":{"0":"post-216993","1":"product","2":"type-product","3":"status-publish","4":"has-post-thumbnail","6":"acabado-luminosite","7":"balance-faible","8":"dureza-media-fr","9":"forma-rond","10":"jugador-homme","11":"jugador-polivalente-fr","12":"marca-siux-fr","13":"superficie-rugosa-fr","14":"tipo-de-juego-control-fr","15":"tipo-de-juego-puissance","16":"product_cat-palas-de-padel-fr","18":"first","19":"instock","20":"sale","21":"taxable","22":"shipping-taxable","23":"purchasable","24":"product-type-simple"},"acf":[],"yoast_head":"<!-- This site is optimized with the Yoast SEO plugin v27.3 - https:\/\/yoast.com\/product\/yoast-seo-wordpress\/ -->\n<title>SIUX TRILOGY PRO 5 2025 - Revolution Padel Store<\/title>\n<meta name=\"description\" content=\"Descubre la nueva Siux Trilogy Pro 5 2025 en Revolution Padel Store. Pala profesional de control y potencia para jugadores avanzados. Dise\u00f1o exclusivo, materiales premium y mejor precio online.\" \/>\n<meta name=\"robots\" content=\"index, follow, max-snippet:-1, max-image-preview:large, max-video-preview:-1\" \/>\n<link rel=\"canonical\" href=\"https:\/\/revolutionpadelstore.com\/fr\/produit\/siux-trilogy-pro-5-2025-3\/\" \/>\n<meta property=\"og:locale\" content=\"fr_FR\" \/>\n<meta property=\"og:type\" content=\"article\" \/>\n<meta property=\"og:title\" content=\"SIUX TRILOGY PRO 5 2025 - Revolution Padel Store\" \/>\n<meta property=\"og:description\" content=\"Descubre la nueva Siux Trilogy Pro 5 2025 en Revolution Padel Store. Pala profesional de control y potencia para jugadores avanzados. Dise\u00f1o exclusivo, materiales premium y mejor precio online.\" \/>\n<meta property=\"og:url\" content=\"https:\/\/revolutionpadelstore.com\/fr\/produit\/siux-trilogy-pro-5-2025-3\/\" \/>\n<meta property=\"og:site_name\" content=\"Revolution Padel Store\" \/>\n<meta property=\"article:modified_time\" content=\"2026-04-01T00:25:29+00:00\" \/>\n<meta property=\"og:image\" content=\"https:\/\/revolutionpadelstore.com\/wp-content\/uploads\/2025\/03\/112655-siux-trilogy-pro-5-1500x1500-1.webp\" \/>\n\t<meta property=\"og:image:width\" content=\"1500\" \/>\n\t<meta property=\"og:image:height\" content=\"1500\" \/>\n\t<meta property=\"og:image:type\" content=\"image\/webp\" \/>\n<meta name=\"twitter:card\" content=\"summary_large_image\" \/>\n<meta name=\"twitter:label1\" content=\"Dur\u00e9e de lecture estim\u00e9e\" \/>\n\t<meta name=\"twitter:data1\" content=\"2 minutes\" \/>\n<script type=\"application\/ld+json\" class=\"yoast-schema-graph\">{\"@context\":\"https:\\\/\\\/schema.org\",\"@graph\":[{\"@type\":\"WebPage\",\"@id\":\"https:\\\/\\\/revolutionpadelstore.com\\\/fr\\\/produit\\\/siux-trilogy-pro-5-2025-3\\\/\",\"url\":\"https:\\\/\\\/revolutionpadelstore.com\\\/fr\\\/produit\\\/siux-trilogy-pro-5-2025-3\\\/\",\"name\":\"SIUX TRILOGY PRO 5 2025 - Revolution Padel Store\",\"isPartOf\":{\"@id\":\"https:\\\/\\\/revolutionpadelstore.com\\\/fr\\\/#website\"},\"primaryImageOfPage\":{\"@id\":\"https:\\\/\\\/revolutionpadelstore.com\\\/fr\\\/produit\\\/siux-trilogy-pro-5-2025-3\\\/#primaryimage\"},\"image\":{\"@id\":\"https:\\\/\\\/revolutionpadelstore.com\\\/fr\\\/produit\\\/siux-trilogy-pro-5-2025-3\\\/#primaryimage\"},\"thumbnailUrl\":\"https:\\\/\\\/revolutionpadelstore.com\\\/wp-content\\\/uploads\\\/2025\\\/03\\\/112655-siux-trilogy-pro-5-1500x1500-1.webp\",\"datePublished\":\"2025-03-31T18:42:21+00:00\",\"dateModified\":\"2026-04-01T00:25:29+00:00\",\"description\":\"Descubre la nueva Siux Trilogy Pro 5 2025 en Revolution Padel Store. Pala profesional de control y potencia para jugadores avanzados. Dise\u00f1o exclusivo, materiales premium y mejor precio online.\",\"breadcrumb\":{\"@id\":\"https:\\\/\\\/revolutionpadelstore.com\\\/fr\\\/produit\\\/siux-trilogy-pro-5-2025-3\\\/#breadcrumb\"},\"inLanguage\":\"fr-FR\",\"potentialAction\":[{\"@type\":\"ReadAction\",\"target\":[\"https:\\\/\\\/revolutionpadelstore.com\\\/fr\\\/produit\\\/siux-trilogy-pro-5-2025-3\\\/\"]}]},{\"@type\":\"ImageObject\",\"inLanguage\":\"fr-FR\",\"@id\":\"https:\\\/\\\/revolutionpadelstore.com\\\/fr\\\/produit\\\/siux-trilogy-pro-5-2025-3\\\/#primaryimage\",\"url\":\"https:\\\/\\\/revolutionpadelstore.com\\\/wp-content\\\/uploads\\\/2025\\\/03\\\/112655-siux-trilogy-pro-5-1500x1500-1.webp\",\"contentUrl\":\"https:\\\/\\\/revolutionpadelstore.com\\\/wp-content\\\/uploads\\\/2025\\\/03\\\/112655-siux-trilogy-pro-5-1500x1500-1.webp\",\"width\":1500,\"height\":1500},{\"@type\":\"BreadcrumbList\",\"@id\":\"https:\\\/\\\/revolutionpadelstore.com\\\/fr\\\/produit\\\/siux-trilogy-pro-5-2025-3\\\/#breadcrumb\",\"itemListElement\":[{\"@type\":\"ListItem\",\"position\":1,\"name\":\"Portada\",\"item\":\"https:\\\/\\\/revolutionpadelstore.com\\\/fr\\\/\"},{\"@type\":\"ListItem\",\"position\":2,\"name\":\"Boutique\",\"item\":\"https:\\\/\\\/revolutionpadelstore.com\\\/fr\\\/tienda\\\/\"},{\"@type\":\"ListItem\",\"position\":3,\"name\":\"SIUX TRILOGY PRO 5 2025\"}]},{\"@type\":\"WebSite\",\"@id\":\"https:\\\/\\\/revolutionpadelstore.com\\\/fr\\\/#website\",\"url\":\"https:\\\/\\\/revolutionpadelstore.com\\\/fr\\\/\",\"name\":\"Revolution Padel Store\",\"description\":\"\",\"publisher\":{\"@id\":\"https:\\\/\\\/revolutionpadelstore.com\\\/fr\\\/#organization\"},\"potentialAction\":[{\"@type\":\"SearchAction\",\"target\":{\"@type\":\"EntryPoint\",\"urlTemplate\":\"https:\\\/\\\/revolutionpadelstore.com\\\/fr\\\/?s={search_term_string}\"},\"query-input\":{\"@type\":\"PropertyValueSpecification\",\"valueRequired\":true,\"valueName\":\"search_term_string\"}}],\"inLanguage\":\"fr-FR\"},{\"@type\":\"Organization\",\"@id\":\"https:\\\/\\\/revolutionpadelstore.com\\\/fr\\\/#organization\",\"name\":\"Revolution Padel Store\",\"url\":\"https:\\\/\\\/revolutionpadelstore.com\\\/fr\\\/\",\"logo\":{\"@type\":\"ImageObject\",\"inLanguage\":\"fr-FR\",\"@id\":\"https:\\\/\\\/revolutionpadelstore.com\\\/fr\\\/#\\\/schema\\\/logo\\\/image\\\/\",\"url\":\"https:\\\/\\\/revolutionpadelstore.com\\\/wp-content\\\/uploads\\\/2026\\\/02\\\/revolution-padel-store.jpg\",\"contentUrl\":\"https:\\\/\\\/revolutionpadelstore.com\\\/wp-content\\\/uploads\\\/2026\\\/02\\\/revolution-padel-store.jpg\",\"width\":2000,\"height\":2000,\"caption\":\"Revolution Padel Store\"},\"image\":{\"@id\":\"https:\\\/\\\/revolutionpadelstore.com\\\/fr\\\/#\\\/schema\\\/logo\\\/image\\\/\"},\"sameAs\":[\"https:\\\/\\\/www.instagram.com\\\/revolutionpadelstore\\\/\"]}]}<\/script>\n<!-- \/ Yoast SEO plugin. -->","yoast_head_json":{"title":"SIUX TRILOGY PRO 5 2025 - Revolution Padel Store","description":"Descubre la nueva Siux Trilogy Pro 5 2025 en Revolution Padel Store. Pala profesional de control y potencia para jugadores avanzados. Dise\u00f1o exclusivo, materiales premium y mejor precio online.","robots":{"index":"index","follow":"follow","max-snippet":"max-snippet:-1","max-image-preview":"max-image-preview:large","max-video-preview":"max-video-preview:-1"},"canonical":"https:\/\/revolutionpadelstore.com\/fr\/produit\/siux-trilogy-pro-5-2025-3\/","og_locale":"fr_FR","og_type":"article","og_title":"SIUX TRILOGY PRO 5 2025 - Revolution Padel Store","og_description":"Descubre la nueva Siux Trilogy Pro 5 2025 en Revolution Padel Store. Pala profesional de control y potencia para jugadores avanzados. Dise\u00f1o exclusivo, materiales premium y mejor precio online.","og_url":"https:\/\/revolutionpadelstore.com\/fr\/produit\/siux-trilogy-pro-5-2025-3\/","og_site_name":"Revolution Padel Store","article_modified_time":"2026-04-01T00:25:29+00:00","og_image":[{"width":1500,"height":1500,"url":"https:\/\/revolutionpadelstore.com\/wp-content\/uploads\/2025\/03\/112655-siux-trilogy-pro-5-1500x1500-1.webp","type":"image\/webp"}],"twitter_card":"summary_large_image","twitter_misc":{"Dur\u00e9e de lecture estim\u00e9e":"2 minutes"},"schema":{"@context":"https:\/\/schema.org","@graph":[{"@type":"WebPage","@id":"https:\/\/revolutionpadelstore.com\/fr\/produit\/siux-trilogy-pro-5-2025-3\/","url":"https:\/\/revolutionpadelstore.com\/fr\/produit\/siux-trilogy-pro-5-2025-3\/","name":"SIUX TRILOGY PRO 5 2025 - Revolution Padel Store","isPartOf":{"@id":"https:\/\/revolutionpadelstore.com\/fr\/#website"},"primaryImageOfPage":{"@id":"https:\/\/revolutionpadelstore.com\/fr\/produit\/siux-trilogy-pro-5-2025-3\/#primaryimage"},"image":{"@id":"https:\/\/revolutionpadelstore.com\/fr\/produit\/siux-trilogy-pro-5-2025-3\/#primaryimage"},"thumbnailUrl":"https:\/\/revolutionpadelstore.com\/wp-content\/uploads\/2025\/03\/112655-siux-trilogy-pro-5-1500x1500-1.webp","datePublished":"2025-03-31T18:42:21+00:00","dateModified":"2026-04-01T00:25:29+00:00","description":"Descubre la nueva Siux Trilogy Pro 5 2025 en Revolution Padel Store. Pala profesional de control y potencia para jugadores avanzados. Dise\u00f1o exclusivo, materiales premium y mejor precio online.","breadcrumb":{"@id":"https:\/\/revolutionpadelstore.com\/fr\/produit\/siux-trilogy-pro-5-2025-3\/#breadcrumb"},"inLanguage":"fr-FR","potentialAction":[{"@type":"ReadAction","target":["https:\/\/revolutionpadelstore.com\/fr\/produit\/siux-trilogy-pro-5-2025-3\/"]}]},{"@type":"ImageObject","inLanguage":"fr-FR","@id":"https:\/\/revolutionpadelstore.com\/fr\/produit\/siux-trilogy-pro-5-2025-3\/#primaryimage","url":"https:\/\/revolutionpadelstore.com\/wp-content\/uploads\/2025\/03\/112655-siux-trilogy-pro-5-1500x1500-1.webp","contentUrl":"https:\/\/revolutionpadelstore.com\/wp-content\/uploads\/2025\/03\/112655-siux-trilogy-pro-5-1500x1500-1.webp","width":1500,"height":1500},{"@type":"BreadcrumbList","@id":"https:\/\/revolutionpadelstore.com\/fr\/produit\/siux-trilogy-pro-5-2025-3\/#breadcrumb","itemListElement":[{"@type":"ListItem","position":1,"name":"Portada","item":"https:\/\/revolutionpadelstore.com\/fr\/"},{"@type":"ListItem","position":2,"name":"Boutique","item":"https:\/\/revolutionpadelstore.com\/fr\/tienda\/"},{"@type":"ListItem","position":3,"name":"SIUX TRILOGY PRO 5 2025"}]},{"@type":"WebSite","@id":"https:\/\/revolutionpadelstore.com\/fr\/#website","url":"https:\/\/revolutionpadelstore.com\/fr\/","name":"Revolution Padel Store","description":"","publisher":{"@id":"https:\/\/revolutionpadelstore.com\/fr\/#organization"},"potentialAction":[{"@type":"SearchAction","target":{"@type":"EntryPoint","urlTemplate":"https:\/\/revolutionpadelstore.com\/fr\/?s={search_term_string}"},"query-input":{"@type":"PropertyValueSpecification","valueRequired":true,"valueName":"search_term_string"}}],"inLanguage":"fr-FR"},{"@type":"Organization","@id":"https:\/\/revolutionpadelstore.com\/fr\/#organization","name":"Revolution Padel Store","url":"https:\/\/revolutionpadelstore.com\/fr\/","logo":{"@type":"ImageObject","inLanguage":"fr-FR","@id":"https:\/\/revolutionpadelstore.com\/fr\/#\/schema\/logo\/image\/","url":"https:\/\/revolutionpadelstore.com\/wp-content\/uploads\/2026\/02\/revolution-padel-store.jpg","contentUrl":"https:\/\/revolutionpadelstore.com\/wp-content\/uploads\/2026\/02\/revolution-padel-store.jpg","width":2000,"height":2000,"caption":"Revolution Padel Store"},"image":{"@id":"https:\/\/revolutionpadelstore.com\/fr\/#\/schema\/logo\/image\/"},"sameAs":["https:\/\/www.instagram.com\/revolutionpadelstore\/"]}]}},"_links":{"self":[{"href":"https:\/\/revolutionpadelstore.com\/fr\/wp-json\/wp\/v2\/product\/216993","targetHints":{"allow":["GET"]}}],"collection":[{"href":"https:\/\/revolutionpadelstore.com\/fr\/wp-json\/wp\/v2\/product"}],"about":[{"href":"https:\/\/revolutionpadelstore.com\/fr\/wp-json\/wp\/v2\/types\/product"}],"replies":[{"embeddable":true,"href":"https:\/\/revolutionpadelstore.com\/fr\/wp-json\/wp\/v2\/comments?post=216993"}],"wp:featuredmedia":[{"embeddable":true,"href":"https:\/\/revolutionpadelstore.com\/fr\/wp-json\/wp\/v2\/media\/216999"}],"wp:attachment":[{"href":"https:\/\/revolutionpadelstore.com\/fr\/wp-json\/wp\/v2\/media?parent=216993"}],"wp:term":[{"taxonomy":"acabado","embeddable":true,"href":"https:\/\/revolutionpadelstore.com\/fr\/wp-json\/wp\/v2\/acabado?post=216993"},{"taxonomy":"balance","embeddable":true,"href":"https:\/\/revolutionpadelstore.com\/fr\/wp-json\/wp\/v2\/balance?post=216993"},{"taxonomy":"dureza","embeddable":true,"href":"https:\/\/revolutionpadelstore.com\/fr\/wp-json\/wp\/v2\/dureza?post=216993"},{"taxonomy":"forma","embeddable":true,"href":"https:\/\/revolutionpadelstore.com\/fr\/wp-json\/wp\/v2\/forma?post=216993"},{"taxonomy":"jugador","embeddable":true,"href":"https:\/\/revolutionpadelstore.com\/fr\/wp-json\/wp\/v2\/jugador?post=216993"},{"taxonomy":"marca","embeddable":true,"href":"https:\/\/revolutionpadelstore.com\/fr\/wp-json\/wp\/v2\/marca?post=216993"},{"taxonomy":"nivel-de-juego","embeddable":true,"href":"https:\/\/revolutionpadelstore.com\/fr\/wp-json\/wp\/v2\/nivel-de-juego?post=216993"},{"taxonomy":"superficie","embeddable":true,"href":"https:\/\/revolutionpadelstore.com\/fr\/wp-json\/wp\/v2\/superficie?post=216993"},{"taxonomy":"tipo-de-juego","embeddable":true,"href":"https:\/\/revolutionpadelstore.com\/fr\/wp-json\/wp\/v2\/tipo-de-juego?post=216993"},{"taxonomy":"product_brand","embeddable":true,"href":"https:\/\/revolutionpadelstore.com\/fr\/wp-json\/wp\/v2\/product_brand?post=216993"},{"taxonomy":"product_cat","embeddable":true,"href":"https:\/\/revolutionpadelstore.com\/fr\/wp-json\/wp\/v2\/product_cat?post=216993"},{"taxonomy":"product_tag","embeddable":true,"href":"https:\/\/revolutionpadelstore.com\/fr\/wp-json\/wp\/v2\/product_tag?post=216993"}],"curies":[{"name":"wp","href":"https:\/\/api.w.org\/{rel}","templated":true}]}}