{"id":216987,"date":"2025-04-02T19:15:29","date_gmt":"2025-04-02T17:15:29","guid":{"rendered":"https:\/\/revolutionpadelstore.com\/blister-4-uds-protector-bullpadel-custom-weight-negro\/"},"modified":"2026-04-08T05:24:36","modified_gmt":"2026-04-08T03:24:36","slug":"blister-4-uds-protector-bullpadel-custom-weight-negro-3","status":"publish","type":"product","link":"https:\/\/revolutionpadelstore.com\/fr\/produit\/blister-4-uds-protector-bullpadel-custom-weight-negro-3\/","title":{"rendered":"BLISTER (4 UDS) PROTECTOR BULLPADEL CUSTOM WEIGHT NEGRO"},"content":{"rendered":"<h2> Bullpadel Protector Poids personnalis\u00e9 noir (blister 4 uds) <strong> personnalise les performances de votre pelle et la pror\u00e9gela avec une pr\u00e9cision professionnelle. <\/strong> <\/h2>\n<p>Le <em> bullpadel Poids personnalis\u00e9 <\/em> en noir est l&#8217;accessoire parfait pour les joueurs exigeants \u00e0 la recherche de <strong> am\u00e9liorant leur jeu <\/strong> et <strong> ajustez l&#8217;\u00e9quilibre de votre pelle \u00e0 palette <\/strong> dans votre style personnel. Ce pack comprend 4 unit\u00e9s de 3 grammes chacune, ajoutant un total de 12 grammes qui peuvent \u00eatre strat\u00e9giquement distribu\u00e9s pour optimiser \u00e0 la fois la protection et l&#8217;\u00e9quilibre de votre pelle.<\/p>\n<h2> Caract\u00e9ristiques exceptionnelles <\/h2>\n<p style=\"padding-left: 40px\"> <strong> -System<br \/>\n&lt;p style = &quot;padding-left: 40px;&quot;<br \/>\n&lt;P style = &quot;padding-left: 40px;&quot;<br \/>\n&lt;p style = &quot;padding-left: 40px;&quot;<br \/>\n&lt;P style = &quot;padding-left: 40px;&quot;<\/p>\n<h2> Avantages pour votre jeu <\/h2>\n<p> <strong> -Les Power ou Control <\/strong>, selon votre configuration. <\/p>\n<p><P style=\"padding-left: 40px\"> <strong><br \/>\n&lt;P style = &quot;padding-left: 40px;&quot;<\/p>\n<h2> \u00e0 qui pensez-vous?<br \/>\nId\u00e9al pour les joueurs <strong> professionnels et interm\u00e9diaires <\/strong> qui souhaitent un accessoire technique, fonctionnel et de qualit\u00e9, soutenu par l&#8217;innovation de <strong> bullpadel <\/strong>, l&#8217;une des <strong> marques les plus importantes du monde de la pagaie <\/strong>.<\/p>\n<p><strong> maintenant disponible dans notre boutique en ligne <a href=\"https:\/\/www.revolutionpadelstore.com\/\"> www.revolutionpadelstore.com <\/a> <\/strong>, probablement au meilleur prix du march\u00e9. Obtenez votre poids personnalis\u00e9 en bordeaux en blister et passez votre jeu au niveau sup\u00e9rieur!<\/p>\n<h2>Protector Bullpadel Custom Weight Negro (Blister 4 uds) <strong>Personaliza el rendimiento de tu pala y prot\u00e9gela con precisi\u00f3n profesional.<\/strong><\/p>\n","protected":false},"excerpt":{"rendered":"<p>Ensemble de 4 protecteurs de poids personnalis\u00e9s en bullpadel en noir, un compl\u00e9ment essentiel pour prolonger la dur\u00e9e de vie utile de votre pelle et le garder en excellent \u00e9tat.<\/p>\n","protected":false},"featured_media":216982,"comment_status":"open","ping_status":"closed","template":"","meta":{"_acf_changed":false,"_joinchat":[]},"acabado":[],"balance":[],"dureza":[],"forma":[],"jugador":[],"marca":[1257],"nivel-de-juego":[],"superficie":[],"tipo-de-juego":[],"product_brand":[],"product_cat":[561],"product_tag":[],"class_list":{"0":"post-216987","1":"product","2":"type-product","3":"status-publish","4":"has-post-thumbnail","6":"marca-bullpadel-fr","7":"product_cat-accessoires","9":"first","10":"instock","11":"sale","12":"taxable","13":"shipping-taxable","14":"purchasable","15":"product-type-simple"},"acf":[],"yoast_head":"<!-- This site is optimized with the Yoast SEO plugin v27.4 - https:\/\/yoast.com\/product\/yoast-seo-wordpress\/ -->\n<title>BLISTER (4 UDS) PROTECTOR BULLPADEL CUSTOM WEIGHT NEGRO - Revolution Padel Store<\/title>\n<meta name=\"description\" content=\"Ajusta el peso y balance de tu pala con el protector Bullpadel Custom Weight (4 uds, negro). Personaliza tu juego y a\u00f1ade protecci\u00f3n extra. Compra en Revolution Padel Store al mejor precio.\" \/>\n<meta name=\"robots\" content=\"index, follow, max-snippet:-1, max-image-preview:large, max-video-preview:-1\" \/>\n<link rel=\"canonical\" href=\"https:\/\/revolutionpadelstore.com\/fr\/produit\/blister-4-uds-protector-bullpadel-custom-weight-negro-3\/\" \/>\n<meta property=\"og:locale\" content=\"fr_FR\" \/>\n<meta property=\"og:type\" content=\"article\" \/>\n<meta property=\"og:title\" content=\"BLISTER (4 UDS) PROTECTOR BULLPADEL CUSTOM WEIGHT NEGRO - Revolution Padel Store\" \/>\n<meta property=\"og:description\" content=\"Ajusta el peso y balance de tu pala con el protector Bullpadel Custom Weight (4 uds, negro). Personaliza tu juego y a\u00f1ade protecci\u00f3n extra. Compra en Revolution Padel Store al mejor precio.\" \/>\n<meta property=\"og:url\" content=\"https:\/\/revolutionpadelstore.com\/fr\/produit\/blister-4-uds-protector-bullpadel-custom-weight-negro-3\/\" \/>\n<meta property=\"og:site_name\" content=\"Revolution Padel Store\" \/>\n<meta property=\"article:modified_time\" content=\"2026-04-08T03:24:36+00:00\" \/>\n<meta property=\"og:image\" content=\"https:\/\/revolutionpadelstore.com\/wp-content\/uploads\/2025\/04\/113840_blister_4_uds_protector_bullpadel_custom_weight_005_474991_1200x1200_f93a.webp\" \/>\n\t<meta property=\"og:image:width\" content=\"1200\" \/>\n\t<meta property=\"og:image:height\" content=\"1200\" \/>\n\t<meta property=\"og:image:type\" content=\"image\/webp\" \/>\n<meta name=\"twitter:card\" content=\"summary_large_image\" \/>\n<meta name=\"twitter:label1\" content=\"Dur\u00e9e de lecture estim\u00e9e\" \/>\n\t<meta name=\"twitter:data1\" content=\"2 minutes\" \/>\n<script type=\"application\/ld+json\" class=\"yoast-schema-graph\">{\"@context\":\"https:\\\/\\\/schema.org\",\"@graph\":[{\"@type\":\"WebPage\",\"@id\":\"https:\\\/\\\/revolutionpadelstore.com\\\/fr\\\/produit\\\/blister-4-uds-protector-bullpadel-custom-weight-negro-3\\\/\",\"url\":\"https:\\\/\\\/revolutionpadelstore.com\\\/fr\\\/produit\\\/blister-4-uds-protector-bullpadel-custom-weight-negro-3\\\/\",\"name\":\"BLISTER (4 UDS) PROTECTOR BULLPADEL CUSTOM WEIGHT NEGRO - Revolution Padel Store\",\"isPartOf\":{\"@id\":\"https:\\\/\\\/revolutionpadelstore.com\\\/fr\\\/#website\"},\"primaryImageOfPage\":{\"@id\":\"https:\\\/\\\/revolutionpadelstore.com\\\/fr\\\/produit\\\/blister-4-uds-protector-bullpadel-custom-weight-negro-3\\\/#primaryimage\"},\"image\":{\"@id\":\"https:\\\/\\\/revolutionpadelstore.com\\\/fr\\\/produit\\\/blister-4-uds-protector-bullpadel-custom-weight-negro-3\\\/#primaryimage\"},\"thumbnailUrl\":\"https:\\\/\\\/revolutionpadelstore.com\\\/wp-content\\\/uploads\\\/2025\\\/04\\\/113840_blister_4_uds_protector_bullpadel_custom_weight_005_474991_1200x1200_f93a.webp\",\"datePublished\":\"2025-04-02T17:15:29+00:00\",\"dateModified\":\"2026-04-08T03:24:36+00:00\",\"description\":\"Ajusta el peso y balance de tu pala con el protector Bullpadel Custom Weight (4 uds, negro). Personaliza tu juego y a\u00f1ade protecci\u00f3n extra. Compra en Revolution Padel Store al mejor precio.\",\"breadcrumb\":{\"@id\":\"https:\\\/\\\/revolutionpadelstore.com\\\/fr\\\/produit\\\/blister-4-uds-protector-bullpadel-custom-weight-negro-3\\\/#breadcrumb\"},\"inLanguage\":\"fr-FR\",\"potentialAction\":[{\"@type\":\"ReadAction\",\"target\":[\"https:\\\/\\\/revolutionpadelstore.com\\\/fr\\\/produit\\\/blister-4-uds-protector-bullpadel-custom-weight-negro-3\\\/\"]}]},{\"@type\":\"ImageObject\",\"inLanguage\":\"fr-FR\",\"@id\":\"https:\\\/\\\/revolutionpadelstore.com\\\/fr\\\/produit\\\/blister-4-uds-protector-bullpadel-custom-weight-negro-3\\\/#primaryimage\",\"url\":\"https:\\\/\\\/revolutionpadelstore.com\\\/wp-content\\\/uploads\\\/2025\\\/04\\\/113840_blister_4_uds_protector_bullpadel_custom_weight_005_474991_1200x1200_f93a.webp\",\"contentUrl\":\"https:\\\/\\\/revolutionpadelstore.com\\\/wp-content\\\/uploads\\\/2025\\\/04\\\/113840_blister_4_uds_protector_bullpadel_custom_weight_005_474991_1200x1200_f93a.webp\",\"width\":1200,\"height\":1200},{\"@type\":\"BreadcrumbList\",\"@id\":\"https:\\\/\\\/revolutionpadelstore.com\\\/fr\\\/produit\\\/blister-4-uds-protector-bullpadel-custom-weight-negro-3\\\/#breadcrumb\",\"itemListElement\":[{\"@type\":\"ListItem\",\"position\":1,\"name\":\"Portada\",\"item\":\"https:\\\/\\\/revolutionpadelstore.com\\\/fr\\\/\"},{\"@type\":\"ListItem\",\"position\":2,\"name\":\"Boutique\",\"item\":\"https:\\\/\\\/revolutionpadelstore.com\\\/fr\\\/tienda\\\/\"},{\"@type\":\"ListItem\",\"position\":3,\"name\":\"BLISTER (4 UDS) PROTECTOR BULLPADEL CUSTOM WEIGHT NEGRO\"}]},{\"@type\":\"WebSite\",\"@id\":\"https:\\\/\\\/revolutionpadelstore.com\\\/fr\\\/#website\",\"url\":\"https:\\\/\\\/revolutionpadelstore.com\\\/fr\\\/\",\"name\":\"Revolution Padel Store\",\"description\":\"\",\"publisher\":{\"@id\":\"https:\\\/\\\/revolutionpadelstore.com\\\/fr\\\/#organization\"},\"potentialAction\":[{\"@type\":\"SearchAction\",\"target\":{\"@type\":\"EntryPoint\",\"urlTemplate\":\"https:\\\/\\\/revolutionpadelstore.com\\\/fr\\\/?s={search_term_string}\"},\"query-input\":{\"@type\":\"PropertyValueSpecification\",\"valueRequired\":true,\"valueName\":\"search_term_string\"}}],\"inLanguage\":\"fr-FR\"},{\"@type\":\"Organization\",\"@id\":\"https:\\\/\\\/revolutionpadelstore.com\\\/fr\\\/#organization\",\"name\":\"Revolution Padel Store\",\"url\":\"https:\\\/\\\/revolutionpadelstore.com\\\/fr\\\/\",\"logo\":{\"@type\":\"ImageObject\",\"inLanguage\":\"fr-FR\",\"@id\":\"https:\\\/\\\/revolutionpadelstore.com\\\/fr\\\/#\\\/schema\\\/logo\\\/image\\\/\",\"url\":\"https:\\\/\\\/revolutionpadelstore.com\\\/wp-content\\\/uploads\\\/2026\\\/02\\\/revolution-padel-store.jpg\",\"contentUrl\":\"https:\\\/\\\/revolutionpadelstore.com\\\/wp-content\\\/uploads\\\/2026\\\/02\\\/revolution-padel-store.jpg\",\"width\":2000,\"height\":2000,\"caption\":\"Revolution Padel Store\"},\"image\":{\"@id\":\"https:\\\/\\\/revolutionpadelstore.com\\\/fr\\\/#\\\/schema\\\/logo\\\/image\\\/\"},\"sameAs\":[\"https:\\\/\\\/www.instagram.com\\\/revolutionpadelstore\\\/\"]}]}<\/script>\n<!-- \/ Yoast SEO plugin. -->","yoast_head_json":{"title":"BLISTER (4 UDS) PROTECTOR BULLPADEL CUSTOM WEIGHT NEGRO - Revolution Padel Store","description":"Ajusta el peso y balance de tu pala con el protector Bullpadel Custom Weight (4 uds, negro). Personaliza tu juego y a\u00f1ade protecci\u00f3n extra. Compra en Revolution Padel Store al mejor precio.","robots":{"index":"index","follow":"follow","max-snippet":"max-snippet:-1","max-image-preview":"max-image-preview:large","max-video-preview":"max-video-preview:-1"},"canonical":"https:\/\/revolutionpadelstore.com\/fr\/produit\/blister-4-uds-protector-bullpadel-custom-weight-negro-3\/","og_locale":"fr_FR","og_type":"article","og_title":"BLISTER (4 UDS) PROTECTOR BULLPADEL CUSTOM WEIGHT NEGRO - Revolution Padel Store","og_description":"Ajusta el peso y balance de tu pala con el protector Bullpadel Custom Weight (4 uds, negro). Personaliza tu juego y a\u00f1ade protecci\u00f3n extra. Compra en Revolution Padel Store al mejor precio.","og_url":"https:\/\/revolutionpadelstore.com\/fr\/produit\/blister-4-uds-protector-bullpadel-custom-weight-negro-3\/","og_site_name":"Revolution Padel Store","article_modified_time":"2026-04-08T03:24:36+00:00","og_image":[{"width":1200,"height":1200,"url":"https:\/\/revolutionpadelstore.com\/wp-content\/uploads\/2025\/04\/113840_blister_4_uds_protector_bullpadel_custom_weight_005_474991_1200x1200_f93a.webp","type":"image\/webp"}],"twitter_card":"summary_large_image","twitter_misc":{"Dur\u00e9e de lecture estim\u00e9e":"2 minutes"},"schema":{"@context":"https:\/\/schema.org","@graph":[{"@type":"WebPage","@id":"https:\/\/revolutionpadelstore.com\/fr\/produit\/blister-4-uds-protector-bullpadel-custom-weight-negro-3\/","url":"https:\/\/revolutionpadelstore.com\/fr\/produit\/blister-4-uds-protector-bullpadel-custom-weight-negro-3\/","name":"BLISTER (4 UDS) PROTECTOR BULLPADEL CUSTOM WEIGHT NEGRO - Revolution Padel Store","isPartOf":{"@id":"https:\/\/revolutionpadelstore.com\/fr\/#website"},"primaryImageOfPage":{"@id":"https:\/\/revolutionpadelstore.com\/fr\/produit\/blister-4-uds-protector-bullpadel-custom-weight-negro-3\/#primaryimage"},"image":{"@id":"https:\/\/revolutionpadelstore.com\/fr\/produit\/blister-4-uds-protector-bullpadel-custom-weight-negro-3\/#primaryimage"},"thumbnailUrl":"https:\/\/revolutionpadelstore.com\/wp-content\/uploads\/2025\/04\/113840_blister_4_uds_protector_bullpadel_custom_weight_005_474991_1200x1200_f93a.webp","datePublished":"2025-04-02T17:15:29+00:00","dateModified":"2026-04-08T03:24:36+00:00","description":"Ajusta el peso y balance de tu pala con el protector Bullpadel Custom Weight (4 uds, negro). Personaliza tu juego y a\u00f1ade protecci\u00f3n extra. Compra en Revolution Padel Store al mejor precio.","breadcrumb":{"@id":"https:\/\/revolutionpadelstore.com\/fr\/produit\/blister-4-uds-protector-bullpadel-custom-weight-negro-3\/#breadcrumb"},"inLanguage":"fr-FR","potentialAction":[{"@type":"ReadAction","target":["https:\/\/revolutionpadelstore.com\/fr\/produit\/blister-4-uds-protector-bullpadel-custom-weight-negro-3\/"]}]},{"@type":"ImageObject","inLanguage":"fr-FR","@id":"https:\/\/revolutionpadelstore.com\/fr\/produit\/blister-4-uds-protector-bullpadel-custom-weight-negro-3\/#primaryimage","url":"https:\/\/revolutionpadelstore.com\/wp-content\/uploads\/2025\/04\/113840_blister_4_uds_protector_bullpadel_custom_weight_005_474991_1200x1200_f93a.webp","contentUrl":"https:\/\/revolutionpadelstore.com\/wp-content\/uploads\/2025\/04\/113840_blister_4_uds_protector_bullpadel_custom_weight_005_474991_1200x1200_f93a.webp","width":1200,"height":1200},{"@type":"BreadcrumbList","@id":"https:\/\/revolutionpadelstore.com\/fr\/produit\/blister-4-uds-protector-bullpadel-custom-weight-negro-3\/#breadcrumb","itemListElement":[{"@type":"ListItem","position":1,"name":"Portada","item":"https:\/\/revolutionpadelstore.com\/fr\/"},{"@type":"ListItem","position":2,"name":"Boutique","item":"https:\/\/revolutionpadelstore.com\/fr\/tienda\/"},{"@type":"ListItem","position":3,"name":"BLISTER (4 UDS) PROTECTOR BULLPADEL CUSTOM WEIGHT NEGRO"}]},{"@type":"WebSite","@id":"https:\/\/revolutionpadelstore.com\/fr\/#website","url":"https:\/\/revolutionpadelstore.com\/fr\/","name":"Revolution Padel Store","description":"","publisher":{"@id":"https:\/\/revolutionpadelstore.com\/fr\/#organization"},"potentialAction":[{"@type":"SearchAction","target":{"@type":"EntryPoint","urlTemplate":"https:\/\/revolutionpadelstore.com\/fr\/?s={search_term_string}"},"query-input":{"@type":"PropertyValueSpecification","valueRequired":true,"valueName":"search_term_string"}}],"inLanguage":"fr-FR"},{"@type":"Organization","@id":"https:\/\/revolutionpadelstore.com\/fr\/#organization","name":"Revolution Padel Store","url":"https:\/\/revolutionpadelstore.com\/fr\/","logo":{"@type":"ImageObject","inLanguage":"fr-FR","@id":"https:\/\/revolutionpadelstore.com\/fr\/#\/schema\/logo\/image\/","url":"https:\/\/revolutionpadelstore.com\/wp-content\/uploads\/2026\/02\/revolution-padel-store.jpg","contentUrl":"https:\/\/revolutionpadelstore.com\/wp-content\/uploads\/2026\/02\/revolution-padel-store.jpg","width":2000,"height":2000,"caption":"Revolution Padel Store"},"image":{"@id":"https:\/\/revolutionpadelstore.com\/fr\/#\/schema\/logo\/image\/"},"sameAs":["https:\/\/www.instagram.com\/revolutionpadelstore\/"]}]}},"_links":{"self":[{"href":"https:\/\/revolutionpadelstore.com\/fr\/wp-json\/wp\/v2\/product\/216987","targetHints":{"allow":["GET"]}}],"collection":[{"href":"https:\/\/revolutionpadelstore.com\/fr\/wp-json\/wp\/v2\/product"}],"about":[{"href":"https:\/\/revolutionpadelstore.com\/fr\/wp-json\/wp\/v2\/types\/product"}],"replies":[{"embeddable":true,"href":"https:\/\/revolutionpadelstore.com\/fr\/wp-json\/wp\/v2\/comments?post=216987"}],"wp:featuredmedia":[{"embeddable":true,"href":"https:\/\/revolutionpadelstore.com\/fr\/wp-json\/wp\/v2\/media\/216982"}],"wp:attachment":[{"href":"https:\/\/revolutionpadelstore.com\/fr\/wp-json\/wp\/v2\/media?parent=216987"}],"wp:term":[{"taxonomy":"acabado","embeddable":true,"href":"https:\/\/revolutionpadelstore.com\/fr\/wp-json\/wp\/v2\/acabado?post=216987"},{"taxonomy":"balance","embeddable":true,"href":"https:\/\/revolutionpadelstore.com\/fr\/wp-json\/wp\/v2\/balance?post=216987"},{"taxonomy":"dureza","embeddable":true,"href":"https:\/\/revolutionpadelstore.com\/fr\/wp-json\/wp\/v2\/dureza?post=216987"},{"taxonomy":"forma","embeddable":true,"href":"https:\/\/revolutionpadelstore.com\/fr\/wp-json\/wp\/v2\/forma?post=216987"},{"taxonomy":"jugador","embeddable":true,"href":"https:\/\/revolutionpadelstore.com\/fr\/wp-json\/wp\/v2\/jugador?post=216987"},{"taxonomy":"marca","embeddable":true,"href":"https:\/\/revolutionpadelstore.com\/fr\/wp-json\/wp\/v2\/marca?post=216987"},{"taxonomy":"nivel-de-juego","embeddable":true,"href":"https:\/\/revolutionpadelstore.com\/fr\/wp-json\/wp\/v2\/nivel-de-juego?post=216987"},{"taxonomy":"superficie","embeddable":true,"href":"https:\/\/revolutionpadelstore.com\/fr\/wp-json\/wp\/v2\/superficie?post=216987"},{"taxonomy":"tipo-de-juego","embeddable":true,"href":"https:\/\/revolutionpadelstore.com\/fr\/wp-json\/wp\/v2\/tipo-de-juego?post=216987"},{"taxonomy":"product_brand","embeddable":true,"href":"https:\/\/revolutionpadelstore.com\/fr\/wp-json\/wp\/v2\/product_brand?post=216987"},{"taxonomy":"product_cat","embeddable":true,"href":"https:\/\/revolutionpadelstore.com\/fr\/wp-json\/wp\/v2\/product_cat?post=216987"},{"taxonomy":"product_tag","embeddable":true,"href":"https:\/\/revolutionpadelstore.com\/fr\/wp-json\/wp\/v2\/product_tag?post=216987"}],"curies":[{"name":"wp","href":"https:\/\/api.w.org\/{rel}","templated":true}]}}