{"id":21693,"date":"2024-03-05T15:43:23","date_gmt":"2024-03-05T14:43:23","guid":{"rendered":"https:\/\/revolutionpadelstore.com\/adidas-drive-3-3-vintage\/"},"modified":"2026-04-08T16:07:22","modified_gmt":"2026-04-08T14:07:22","slug":"adidas-drive-3-3-vintage","status":"publish","type":"product","link":"https:\/\/revolutionpadelstore.com\/fr\/produit\/adidas-drive-3-3-vintage\/","title":{"rendered":"ADIDAS DRIVE 3.3 VINTAGE"},"content":{"rendered":"<h2>Adidas Drive 3.3 Vintage, id\u00e9al si vous recherchez le contr\u00f4le<\/h2>\n<p>L&#8217;Adidas Drive 3.3 Vintage est un mod\u00e8le con\u00e7u pour offrir un coup contr\u00f4l\u00e9 et de bonnes performances aux joueurs de padel qui sont en phase d&#8217;initiation et qui apprennent les bases du sport.<\/p>\n<p>Il a un <strong>moule rond avec un \u00e9quilibre faible<\/strong>, c&#8217;est-\u00e0-dire que le poids est r\u00e9parti vers la zone du poignet, ce qui permet d&#8217;obtenir un excellent contr\u00f4le \u00e0 chaque coup. De plus, son sweet spot large et centr\u00e9 facilite la frappe. Il a un poids compris entre 360 \u200b\u200bet 375 grammes et une superficie de 519 cm2.<\/p>\n<p>Quant \u00e0 son design, une colorim\u00e9trie dans les tons nude a \u00e9t\u00e9 utilis\u00e9e, qui combine des d\u00e9tails marron avec le blanc cass\u00e9 du corps de la lame. C&#8217;est une esth\u00e9tique <strong>simple et vintage<\/strong>, comme son nom l&#8217;indique.<\/p>\n<h2>Une plus grande r\u00e9sistance aux chocs<\/h2>\n<p>La monture est en <strong>fibre de verre<\/strong>, un mat\u00e9riau tr\u00e8s flexible et durable avec une grande capacit\u00e9 de r\u00e9ponse et d&#8217;absorption des vibrations, ce qui offre un confort imbattable. Assure une <strong>manipulation facile et contr\u00f4l\u00e9e.<\/strong><\/p>\n<p>Les avions, pour leur part, ont \u00e9galement \u00e9t\u00e9 fabriqu\u00e9s en fibre de verre, de sorte que lorsque la raquette est en position statique ou lors de frappes \u00e0 basse vitesse, le caoutchouc travaillera plus fort et un plus grand rebond sera obtenu avec un minimum d&#8217;effort.<\/strong><\/p>\n<h3>Zones renforc\u00e9es de torsion plus \u00e9lev\u00e9e<\/h3>\n<p>De m\u00eame, cette raquette Adidas 2024 int\u00e8gre des technologies de durabilit\u00e9, qui se chargent d&#8217;augmenter la r\u00e9sistance de la raquette contre les torsions \u00e9lev\u00e9es pour prolonger sa dur\u00e9e de vie.<\/p>\n<p>Nous observons le <em><strong>Smart Holes Linear<\/strong><\/em>, qui consiste en une disposition des trous sur les plans en groupes de 3. Cela garantit que la surface est renforc\u00e9e et que la durabilit\u00e9 augmente.<\/p>\n<p>D&#8217;autre part, on retrouve le <strong><em>Renforcement Structurel<\/em><\/strong>, un syst\u00e8me qui g\u00e9n\u00e8re plus de r\u00e9sistance \u00e0 la torsion que subit la raquette pendant le match gr\u00e2ce \u00e0 l&#8217;utilisation de <strong>renforts p\u00e9rim\u00e9triques. <\/strong> sur toute la lame.<\/p>\n<h2>Adidas Drive 3.3 Vintage, ideal si buscas control<\/h2>\n","protected":false},"excerpt":{"rendered":"<p>Adidas Drive 3.3 Vintage offre un grand contr\u00f4le et une grande fermet\u00e9 dans les strat\u00e9gies d\u00e9fensives. Il int\u00e8gre les technologies de renforcement structurel et de trous intelligents lin\u00e9aires.<\/p>\n","protected":false},"featured_media":1073,"comment_status":"open","ping_status":"closed","template":"","meta":{"_acf_changed":false,"_joinchat":[]},"acabado":[1087],"balance":[1147],"dureza":[1152],"forma":[1182],"jugador":[1192,1202],"marca":[1232],"nivel-de-juego":[1352],"superficie":[1357],"tipo-de-juego":[1372],"product_brand":[],"product_cat":[302],"product_tag":[],"class_list":{"0":"post-21693","1":"product","2":"type-product","3":"status-publish","4":"has-post-thumbnail","6":"acabado-mon-pote","7":"balance-faible","8":"dureza-blanda-fr","9":"forma-rond","10":"jugador-homme","11":"jugador-polivalente-fr","12":"marca-adidas-fr","13":"superficie-lise","14":"tipo-de-juego-control-fr","15":"product_cat-palas-de-padel-fr","17":"first","18":"instock","19":"sale","20":"taxable","21":"shipping-taxable","22":"purchasable","23":"product-type-simple"},"acf":[],"yoast_head":"<!-- This site is optimized with the Yoast SEO plugin v27.6 - https:\/\/yoast.com\/product\/yoast-seo-wordpress\/ -->\n<title>ADIDAS DRIVE 3.3 VINTAGE - Revolution Padel Store<\/title>\n<meta name=\"description\" content=\"Adidas Drive 3.3 Vintage ofrece un gran control y firmeza en las estrategias defensivas. Integra las tecnolog\u00edas Structural Reinforcement y Smart Holes Lineal.\" \/>\n<meta name=\"robots\" content=\"index, follow, max-snippet:-1, max-image-preview:large, max-video-preview:-1\" \/>\n<link rel=\"canonical\" href=\"https:\/\/revolutionpadelstore.com\/fr\/produit\/adidas-drive-3-3-vintage\/\" \/>\n<meta property=\"og:locale\" content=\"fr_FR\" \/>\n<meta property=\"og:type\" content=\"article\" \/>\n<meta property=\"og:title\" content=\"ADIDAS DRIVE 3.3 VINTAGE\" \/>\n<meta property=\"og:description\" content=\"Adidas Drive 3.3 Vintage ofrece un gran control y firmeza en las estrategias defensivas. Integra las tecnolog\u00edas Structural Reinforcement y Smart Holes Lineal.\" \/>\n<meta property=\"og:url\" content=\"https:\/\/revolutionpadelstore.com\/fr\/produit\/adidas-drive-3-3-vintage\/\" \/>\n<meta property=\"og:site_name\" content=\"Revolution Padel Store\" \/>\n<meta property=\"article:modified_time\" content=\"2026-04-08T14:07:22+00:00\" \/>\n<meta property=\"og:image\" content=\"https:\/\/revolutionpadelstore.com\/wp-content\/uploads\/2024\/03\/110136_padel_webs_padel_y_grupo_pala_adidas_drive_3_3_vintage_adrk5ca1u0062f_15_399e.webp\" \/>\n\t<meta property=\"og:image:width\" content=\"1500\" \/>\n\t<meta property=\"og:image:height\" content=\"1500\" \/>\n\t<meta property=\"og:image:type\" content=\"image\/webp\" \/>\n<meta name=\"twitter:card\" content=\"summary_large_image\" \/>\n<meta name=\"twitter:label1\" content=\"Dur\u00e9e de lecture estim\u00e9e\" \/>\n\t<meta name=\"twitter:data1\" content=\"2 minutes\" \/>\n<script type=\"application\/ld+json\" class=\"yoast-schema-graph\">{\"@context\":\"https:\\\/\\\/schema.org\",\"@graph\":[{\"@type\":\"WebPage\",\"@id\":\"https:\\\/\\\/revolutionpadelstore.com\\\/fr\\\/produit\\\/adidas-drive-3-3-vintage\\\/\",\"url\":\"https:\\\/\\\/revolutionpadelstore.com\\\/fr\\\/produit\\\/adidas-drive-3-3-vintage\\\/\",\"name\":\"ADIDAS DRIVE 3.3 VINTAGE - Revolution Padel Store\",\"isPartOf\":{\"@id\":\"https:\\\/\\\/revolutionpadelstore.com\\\/fr\\\/#website\"},\"primaryImageOfPage\":{\"@id\":\"https:\\\/\\\/revolutionpadelstore.com\\\/fr\\\/produit\\\/adidas-drive-3-3-vintage\\\/#primaryimage\"},\"image\":{\"@id\":\"https:\\\/\\\/revolutionpadelstore.com\\\/fr\\\/produit\\\/adidas-drive-3-3-vintage\\\/#primaryimage\"},\"thumbnailUrl\":\"https:\\\/\\\/revolutionpadelstore.com\\\/wp-content\\\/uploads\\\/2024\\\/03\\\/110136_padel_webs_padel_y_grupo_pala_adidas_drive_3_3_vintage_adrk5ca1u0062f_15_399e.webp\",\"datePublished\":\"2024-03-05T14:43:23+00:00\",\"dateModified\":\"2026-04-08T14:07:22+00:00\",\"description\":\"Adidas Drive 3.3 Vintage ofrece un gran control y firmeza en las estrategias defensivas. Integra las tecnolog\u00edas Structural Reinforcement y Smart Holes Lineal.\",\"breadcrumb\":{\"@id\":\"https:\\\/\\\/revolutionpadelstore.com\\\/fr\\\/produit\\\/adidas-drive-3-3-vintage\\\/#breadcrumb\"},\"inLanguage\":\"fr-FR\",\"potentialAction\":[{\"@type\":\"ReadAction\",\"target\":[\"https:\\\/\\\/revolutionpadelstore.com\\\/fr\\\/produit\\\/adidas-drive-3-3-vintage\\\/\"]}]},{\"@type\":\"ImageObject\",\"inLanguage\":\"fr-FR\",\"@id\":\"https:\\\/\\\/revolutionpadelstore.com\\\/fr\\\/produit\\\/adidas-drive-3-3-vintage\\\/#primaryimage\",\"url\":\"https:\\\/\\\/revolutionpadelstore.com\\\/wp-content\\\/uploads\\\/2024\\\/03\\\/110136_padel_webs_padel_y_grupo_pala_adidas_drive_3_3_vintage_adrk5ca1u0062f_15_399e.webp\",\"contentUrl\":\"https:\\\/\\\/revolutionpadelstore.com\\\/wp-content\\\/uploads\\\/2024\\\/03\\\/110136_padel_webs_padel_y_grupo_pala_adidas_drive_3_3_vintage_adrk5ca1u0062f_15_399e.webp\",\"width\":1500,\"height\":1500,\"caption\":\"ADIDAS DRIVE 3.3 VINTAGE\"},{\"@type\":\"BreadcrumbList\",\"@id\":\"https:\\\/\\\/revolutionpadelstore.com\\\/fr\\\/produit\\\/adidas-drive-3-3-vintage\\\/#breadcrumb\",\"itemListElement\":[{\"@type\":\"ListItem\",\"position\":1,\"name\":\"Portada\",\"item\":\"https:\\\/\\\/revolutionpadelstore.com\\\/fr\\\/\"},{\"@type\":\"ListItem\",\"position\":2,\"name\":\"Boutique\",\"item\":\"https:\\\/\\\/revolutionpadelstore.com\\\/fr\\\/tienda\\\/\"},{\"@type\":\"ListItem\",\"position\":3,\"name\":\"ADIDAS DRIVE 3.3 VINTAGE\"}]},{\"@type\":\"WebSite\",\"@id\":\"https:\\\/\\\/revolutionpadelstore.com\\\/fr\\\/#website\",\"url\":\"https:\\\/\\\/revolutionpadelstore.com\\\/fr\\\/\",\"name\":\"Revolution Padel Store\",\"description\":\"\",\"publisher\":{\"@id\":\"https:\\\/\\\/revolutionpadelstore.com\\\/fr\\\/#organization\"},\"potentialAction\":[{\"@type\":\"SearchAction\",\"target\":{\"@type\":\"EntryPoint\",\"urlTemplate\":\"https:\\\/\\\/revolutionpadelstore.com\\\/fr\\\/?s={search_term_string}\"},\"query-input\":{\"@type\":\"PropertyValueSpecification\",\"valueRequired\":true,\"valueName\":\"search_term_string\"}}],\"inLanguage\":\"fr-FR\"},{\"@type\":\"Organization\",\"@id\":\"https:\\\/\\\/revolutionpadelstore.com\\\/fr\\\/#organization\",\"name\":\"Revolution Padel Store\",\"url\":\"https:\\\/\\\/revolutionpadelstore.com\\\/fr\\\/\",\"logo\":{\"@type\":\"ImageObject\",\"inLanguage\":\"fr-FR\",\"@id\":\"https:\\\/\\\/revolutionpadelstore.com\\\/fr\\\/#\\\/schema\\\/logo\\\/image\\\/\",\"url\":\"https:\\\/\\\/revolutionpadelstore.com\\\/wp-content\\\/uploads\\\/2026\\\/02\\\/revolution-padel-store.jpg\",\"contentUrl\":\"https:\\\/\\\/revolutionpadelstore.com\\\/wp-content\\\/uploads\\\/2026\\\/02\\\/revolution-padel-store.jpg\",\"width\":2000,\"height\":2000,\"caption\":\"Revolution Padel Store\"},\"image\":{\"@id\":\"https:\\\/\\\/revolutionpadelstore.com\\\/fr\\\/#\\\/schema\\\/logo\\\/image\\\/\"},\"sameAs\":[\"https:\\\/\\\/www.instagram.com\\\/revolutionpadelstore\\\/\"]}]}<\/script>\n<!-- \/ Yoast SEO plugin. -->","yoast_head_json":{"title":"ADIDAS DRIVE 3.3 VINTAGE - Revolution Padel Store","description":"Adidas Drive 3.3 Vintage ofrece un gran control y firmeza en las estrategias defensivas. Integra las tecnolog\u00edas Structural Reinforcement y Smart Holes Lineal.","robots":{"index":"index","follow":"follow","max-snippet":"max-snippet:-1","max-image-preview":"max-image-preview:large","max-video-preview":"max-video-preview:-1"},"canonical":"https:\/\/revolutionpadelstore.com\/fr\/produit\/adidas-drive-3-3-vintage\/","og_locale":"fr_FR","og_type":"article","og_title":"ADIDAS DRIVE 3.3 VINTAGE","og_description":"Adidas Drive 3.3 Vintage ofrece un gran control y firmeza en las estrategias defensivas. Integra las tecnolog\u00edas Structural Reinforcement y Smart Holes Lineal.","og_url":"https:\/\/revolutionpadelstore.com\/fr\/produit\/adidas-drive-3-3-vintage\/","og_site_name":"Revolution Padel Store","article_modified_time":"2026-04-08T14:07:22+00:00","og_image":[{"width":1500,"height":1500,"url":"https:\/\/revolutionpadelstore.com\/wp-content\/uploads\/2024\/03\/110136_padel_webs_padel_y_grupo_pala_adidas_drive_3_3_vintage_adrk5ca1u0062f_15_399e.webp","type":"image\/webp"}],"twitter_card":"summary_large_image","twitter_misc":{"Dur\u00e9e de lecture estim\u00e9e":"2 minutes"},"schema":{"@context":"https:\/\/schema.org","@graph":[{"@type":"WebPage","@id":"https:\/\/revolutionpadelstore.com\/fr\/produit\/adidas-drive-3-3-vintage\/","url":"https:\/\/revolutionpadelstore.com\/fr\/produit\/adidas-drive-3-3-vintage\/","name":"ADIDAS DRIVE 3.3 VINTAGE - Revolution Padel Store","isPartOf":{"@id":"https:\/\/revolutionpadelstore.com\/fr\/#website"},"primaryImageOfPage":{"@id":"https:\/\/revolutionpadelstore.com\/fr\/produit\/adidas-drive-3-3-vintage\/#primaryimage"},"image":{"@id":"https:\/\/revolutionpadelstore.com\/fr\/produit\/adidas-drive-3-3-vintage\/#primaryimage"},"thumbnailUrl":"https:\/\/revolutionpadelstore.com\/wp-content\/uploads\/2024\/03\/110136_padel_webs_padel_y_grupo_pala_adidas_drive_3_3_vintage_adrk5ca1u0062f_15_399e.webp","datePublished":"2024-03-05T14:43:23+00:00","dateModified":"2026-04-08T14:07:22+00:00","description":"Adidas Drive 3.3 Vintage ofrece un gran control y firmeza en las estrategias defensivas. Integra las tecnolog\u00edas Structural Reinforcement y Smart Holes Lineal.","breadcrumb":{"@id":"https:\/\/revolutionpadelstore.com\/fr\/produit\/adidas-drive-3-3-vintage\/#breadcrumb"},"inLanguage":"fr-FR","potentialAction":[{"@type":"ReadAction","target":["https:\/\/revolutionpadelstore.com\/fr\/produit\/adidas-drive-3-3-vintage\/"]}]},{"@type":"ImageObject","inLanguage":"fr-FR","@id":"https:\/\/revolutionpadelstore.com\/fr\/produit\/adidas-drive-3-3-vintage\/#primaryimage","url":"https:\/\/revolutionpadelstore.com\/wp-content\/uploads\/2024\/03\/110136_padel_webs_padel_y_grupo_pala_adidas_drive_3_3_vintage_adrk5ca1u0062f_15_399e.webp","contentUrl":"https:\/\/revolutionpadelstore.com\/wp-content\/uploads\/2024\/03\/110136_padel_webs_padel_y_grupo_pala_adidas_drive_3_3_vintage_adrk5ca1u0062f_15_399e.webp","width":1500,"height":1500,"caption":"ADIDAS DRIVE 3.3 VINTAGE"},{"@type":"BreadcrumbList","@id":"https:\/\/revolutionpadelstore.com\/fr\/produit\/adidas-drive-3-3-vintage\/#breadcrumb","itemListElement":[{"@type":"ListItem","position":1,"name":"Portada","item":"https:\/\/revolutionpadelstore.com\/fr\/"},{"@type":"ListItem","position":2,"name":"Boutique","item":"https:\/\/revolutionpadelstore.com\/fr\/tienda\/"},{"@type":"ListItem","position":3,"name":"ADIDAS DRIVE 3.3 VINTAGE"}]},{"@type":"WebSite","@id":"https:\/\/revolutionpadelstore.com\/fr\/#website","url":"https:\/\/revolutionpadelstore.com\/fr\/","name":"Revolution Padel Store","description":"","publisher":{"@id":"https:\/\/revolutionpadelstore.com\/fr\/#organization"},"potentialAction":[{"@type":"SearchAction","target":{"@type":"EntryPoint","urlTemplate":"https:\/\/revolutionpadelstore.com\/fr\/?s={search_term_string}"},"query-input":{"@type":"PropertyValueSpecification","valueRequired":true,"valueName":"search_term_string"}}],"inLanguage":"fr-FR"},{"@type":"Organization","@id":"https:\/\/revolutionpadelstore.com\/fr\/#organization","name":"Revolution Padel Store","url":"https:\/\/revolutionpadelstore.com\/fr\/","logo":{"@type":"ImageObject","inLanguage":"fr-FR","@id":"https:\/\/revolutionpadelstore.com\/fr\/#\/schema\/logo\/image\/","url":"https:\/\/revolutionpadelstore.com\/wp-content\/uploads\/2026\/02\/revolution-padel-store.jpg","contentUrl":"https:\/\/revolutionpadelstore.com\/wp-content\/uploads\/2026\/02\/revolution-padel-store.jpg","width":2000,"height":2000,"caption":"Revolution Padel Store"},"image":{"@id":"https:\/\/revolutionpadelstore.com\/fr\/#\/schema\/logo\/image\/"},"sameAs":["https:\/\/www.instagram.com\/revolutionpadelstore\/"]}]}},"_links":{"self":[{"href":"https:\/\/revolutionpadelstore.com\/fr\/wp-json\/wp\/v2\/product\/21693","targetHints":{"allow":["GET"]}}],"collection":[{"href":"https:\/\/revolutionpadelstore.com\/fr\/wp-json\/wp\/v2\/product"}],"about":[{"href":"https:\/\/revolutionpadelstore.com\/fr\/wp-json\/wp\/v2\/types\/product"}],"replies":[{"embeddable":true,"href":"https:\/\/revolutionpadelstore.com\/fr\/wp-json\/wp\/v2\/comments?post=21693"}],"wp:featuredmedia":[{"embeddable":true,"href":"https:\/\/revolutionpadelstore.com\/fr\/wp-json\/wp\/v2\/media\/1073"}],"wp:attachment":[{"href":"https:\/\/revolutionpadelstore.com\/fr\/wp-json\/wp\/v2\/media?parent=21693"}],"wp:term":[{"taxonomy":"acabado","embeddable":true,"href":"https:\/\/revolutionpadelstore.com\/fr\/wp-json\/wp\/v2\/acabado?post=21693"},{"taxonomy":"balance","embeddable":true,"href":"https:\/\/revolutionpadelstore.com\/fr\/wp-json\/wp\/v2\/balance?post=21693"},{"taxonomy":"dureza","embeddable":true,"href":"https:\/\/revolutionpadelstore.com\/fr\/wp-json\/wp\/v2\/dureza?post=21693"},{"taxonomy":"forma","embeddable":true,"href":"https:\/\/revolutionpadelstore.com\/fr\/wp-json\/wp\/v2\/forma?post=21693"},{"taxonomy":"jugador","embeddable":true,"href":"https:\/\/revolutionpadelstore.com\/fr\/wp-json\/wp\/v2\/jugador?post=21693"},{"taxonomy":"marca","embeddable":true,"href":"https:\/\/revolutionpadelstore.com\/fr\/wp-json\/wp\/v2\/marca?post=21693"},{"taxonomy":"nivel-de-juego","embeddable":true,"href":"https:\/\/revolutionpadelstore.com\/fr\/wp-json\/wp\/v2\/nivel-de-juego?post=21693"},{"taxonomy":"superficie","embeddable":true,"href":"https:\/\/revolutionpadelstore.com\/fr\/wp-json\/wp\/v2\/superficie?post=21693"},{"taxonomy":"tipo-de-juego","embeddable":true,"href":"https:\/\/revolutionpadelstore.com\/fr\/wp-json\/wp\/v2\/tipo-de-juego?post=21693"},{"taxonomy":"product_brand","embeddable":true,"href":"https:\/\/revolutionpadelstore.com\/fr\/wp-json\/wp\/v2\/product_brand?post=21693"},{"taxonomy":"product_cat","embeddable":true,"href":"https:\/\/revolutionpadelstore.com\/fr\/wp-json\/wp\/v2\/product_cat?post=21693"},{"taxonomy":"product_tag","embeddable":true,"href":"https:\/\/revolutionpadelstore.com\/fr\/wp-json\/wp\/v2\/product_tag?post=21693"}],"curies":[{"name":"wp","href":"https:\/\/api.w.org\/{rel}","templated":true}]}}