{"id":216894,"date":"2025-04-01T23:16:54","date_gmt":"2025-04-01T21:16:54","guid":{"rendered":"https:\/\/revolutionpadelstore.com\/?post_type=product&#038;p=216894"},"modified":"2026-04-08T05:27:15","modified_gmt":"2026-04-08T03:27:15","slug":"bolsa-siux-the-king-3","status":"publish","type":"product","link":"https:\/\/revolutionpadelstore.com\/fr\/produit\/bolsa-siux-the-king-3\/","title":{"rendered":"BOLSA SIUX THE KING"},"content":{"rendered":"<h2> Siux le roi &#8211; luxe, espace et style pour exiger les joueurs de paddle <\/h2>\n<p>Le sac <strong> siux The King <\/strong> est bien plus qu&#8217;un paletero: c&#8217;est l&#8217;accessoire premium final pour les joueurs \u00e0 la recherche de <strong> \u00e9l\u00e9gance, fonctionnalit\u00e9 et qualit\u00e9 dans chaque d\u00e9tail <\/strong>. Con\u00e7u pour ceux qui ne sont pas conformes \u00e0 la norme, ce sac combine une capacit\u00e9 exceptionnelle avec un design exclusif, id\u00e9al pour se d\u00e9marquer et hors de la piste.<\/p>\n<h2> Caract\u00e9ristiques exceptionnelles <\/h2>\n<p> <strong> &#8211; Capacit\u00e9 premium <\/strong><br \/>\nEspace g\u00e9n\u00e9reux pour porter plusieurs lames de pagaie, les v\u00eatements, les chaussures et tous vos accessoires avec un confort total et une organisation.<\/p>\n<p> <strong> &#8211; Mat\u00e9riaux haut de gamme <\/strong><br \/>\nFabriqu\u00e9 avec des mat\u00e9riaux r\u00e9sistants et durables, il offre une protection sup\u00e9rieure \u00e0 l&#8217;usure, garantissant une longue dur\u00e9e de conservation m\u00eame avec une utilisation intensive. <\/p>\n<p> <strong> &#8211; Design exclusif et sophistiqu\u00e9 <\/strong><br \/>\nInspir\u00e9e par la gamme <strong> haute de la pagaie <\/strong>, son style moderne et raffin\u00e9 fournit une touche de distinction \u00e0 votre \u00e9quipement sportif. <\/p>\n<p><H2> PARTIMENTS FONCTIONNELS <\/H2><\/p>\n<p style=\"padding-left: 40px\"> <strong> &#8211; plusieurs compartiments suppl\u00e9mentaires <\/strong><br \/>\nParfait pour les objets personnels, les accessoires ou ce que vous devez toujours avoir \u00e0 port\u00e9e de main.<\/p>\n<p> <strong> &#8211; Espace pour les chaussures et les v\u00eatements utilis\u00e9s <\/strong><br \/>\nS\u00e9paration fonctionnelle pour maintenir l&#8217;ordre et l&#8217;hygi\u00e8ne \u00e0 l&#8217;int\u00e9rieur du sac. <\/p>\n<h2> Transport confortable et polyvalent <\/h2>\n<p style=\"padding-left: 40px\"> <strong> &#8211; poign\u00e9e sup\u00e9rieure renforc\u00e9e <\/strong> pour le transport manuel. <\/p>\n<p>&lt;p style = &quot;padding-left: 40px;&quot;<br \/>\n&lt;p style = &quot;padding-left: 40px;&quot;<\/p>\n<h2> Pourquoi choisir le sac King Siux?<br \/>\nParce que <strong> refl\u00e8te votre niveau et votre passion pour le tennis de paddle <\/strong>. Sa conception premium, ses mat\u00e9riaux de qualit\u00e9 sup\u00e9rieure et sa distribution pratique en font le partenaire parfait pour la formation, les matchs ou les tournois. C&#8217;est un sac cr\u00e9\u00e9 pour les joueurs <strong> exigeants \u00e0 la recherche de style, de confort et de durabilit\u00e9 <\/strong>.<\/p>\n<p>Compenser d\u00e9j\u00e0 dans notre boutique en ligne <a href=\"https:\/\/www.revolutionpadelstore.com\/\"> www.revolutionpadelstore.com <\/a> et prenez-le &lt;\u00e9vatela <strong> probablement au meilleur prix du march\u00e9 <\/strong>.<\/p>\n<h2>\u00a0Bolsa Siux The King \u2013 Lujo, Espacio y Estilo para Jugadores de P\u00e1del Exigentes<\/h2>\n","protected":false},"excerpt":{"rendered":"<p>Siux le roi &#8211; luxe, espace et style pour exiger les joueurs de paddle Le sac siux The King est bien plus qu&#8217;un paletero: c&#8217;est l&#8217;accessoire premium final pour les joueurs \u00e0 la recherche de \u00e9l\u00e9gance, fonctionnalit\u00e9 et qualit\u00e9 dans chaque d\u00e9tail . Con\u00e7u pour ceux qui ne sont pas conformes \u00e0 la norme, ce [&hellip;]<\/p>\n","protected":false},"featured_media":216906,"comment_status":"open","ping_status":"closed","template":"","meta":{"_acf_changed":false,"_joinchat":[]},"acabado":[],"balance":[],"dureza":[],"forma":[],"jugador":[],"marca":[1307],"nivel-de-juego":[],"superficie":[],"tipo-de-juego":[],"product_brand":[],"product_cat":[320],"product_tag":[],"class_list":{"0":"post-216894","1":"product","2":"type-product","3":"status-publish","4":"has-post-thumbnail","6":"marca-siux-fr","7":"product_cat-sacs","9":"first","10":"instock","11":"sale","12":"taxable","13":"shipping-taxable","14":"purchasable","15":"product-type-simple"},"acf":[],"yoast_head":"<!-- This site is optimized with the Yoast SEO plugin v27.4 - https:\/\/yoast.com\/product\/yoast-seo-wordpress\/ -->\n<title>BOLSA SIUX THE KING - Revolution Padel Store<\/title>\n<meta name=\"description\" content=\"La Bolsa Siux The King es el paletero premium para jugadores de p\u00e1del exigentes. Con dise\u00f1o exclusivo, materiales de alta calidad y gran capacidad, es ideal para llevar tu equipo con estilo y comodidad. \u00a1Cons\u00edguela online al mejor precio en Revolution Padel Store!\" \/>\n<meta name=\"robots\" content=\"index, follow, max-snippet:-1, max-image-preview:large, max-video-preview:-1\" \/>\n<link rel=\"canonical\" href=\"https:\/\/revolutionpadelstore.com\/fr\/produit\/bolsa-siux-the-king-3\/\" \/>\n<meta property=\"og:locale\" content=\"fr_FR\" \/>\n<meta property=\"og:type\" content=\"article\" \/>\n<meta property=\"og:title\" content=\"BOLSA SIUX THE KING - Revolution Padel Store\" \/>\n<meta property=\"og:description\" content=\"La Bolsa Siux The King es el paletero premium para jugadores de p\u00e1del exigentes. Con dise\u00f1o exclusivo, materiales de alta calidad y gran capacidad, es ideal para llevar tu equipo con estilo y comodidad. \u00a1Cons\u00edguela online al mejor precio en Revolution Padel Store!\" \/>\n<meta property=\"og:url\" content=\"https:\/\/revolutionpadelstore.com\/fr\/produit\/bolsa-siux-the-king-3\/\" \/>\n<meta property=\"og:site_name\" content=\"Revolution Padel Store\" \/>\n<meta property=\"article:modified_time\" content=\"2026-04-08T03:27:15+00:00\" \/>\n<meta property=\"og:image\" content=\"https:\/\/revolutionpadelstore.com\/wp-content\/uploads\/2025\/04\/213.png\" \/>\n\t<meta property=\"og:image:width\" content=\"1500\" \/>\n\t<meta property=\"og:image:height\" content=\"1500\" \/>\n\t<meta property=\"og:image:type\" content=\"image\/png\" \/>\n<meta name=\"twitter:card\" content=\"summary_large_image\" \/>\n<meta name=\"twitter:label1\" content=\"Dur\u00e9e de lecture estim\u00e9e\" \/>\n\t<meta name=\"twitter:data1\" content=\"2 minutes\" \/>\n<script type=\"application\/ld+json\" class=\"yoast-schema-graph\">{\"@context\":\"https:\\\/\\\/schema.org\",\"@graph\":[{\"@type\":\"WebPage\",\"@id\":\"https:\\\/\\\/revolutionpadelstore.com\\\/fr\\\/produit\\\/bolsa-siux-the-king-3\\\/\",\"url\":\"https:\\\/\\\/revolutionpadelstore.com\\\/fr\\\/produit\\\/bolsa-siux-the-king-3\\\/\",\"name\":\"BOLSA SIUX THE KING - Revolution Padel Store\",\"isPartOf\":{\"@id\":\"https:\\\/\\\/revolutionpadelstore.com\\\/fr\\\/#website\"},\"primaryImageOfPage\":{\"@id\":\"https:\\\/\\\/revolutionpadelstore.com\\\/fr\\\/produit\\\/bolsa-siux-the-king-3\\\/#primaryimage\"},\"image\":{\"@id\":\"https:\\\/\\\/revolutionpadelstore.com\\\/fr\\\/produit\\\/bolsa-siux-the-king-3\\\/#primaryimage\"},\"thumbnailUrl\":\"https:\\\/\\\/revolutionpadelstore.com\\\/wp-content\\\/uploads\\\/2025\\\/04\\\/213.png\",\"datePublished\":\"2025-04-01T21:16:54+00:00\",\"dateModified\":\"2026-04-08T03:27:15+00:00\",\"description\":\"La Bolsa Siux The King es el paletero premium para jugadores de p\u00e1del exigentes. Con dise\u00f1o exclusivo, materiales de alta calidad y gran capacidad, es ideal para llevar tu equipo con estilo y comodidad. \u00a1Cons\u00edguela online al mejor precio en Revolution Padel Store!\",\"breadcrumb\":{\"@id\":\"https:\\\/\\\/revolutionpadelstore.com\\\/fr\\\/produit\\\/bolsa-siux-the-king-3\\\/#breadcrumb\"},\"inLanguage\":\"fr-FR\",\"potentialAction\":[{\"@type\":\"ReadAction\",\"target\":[\"https:\\\/\\\/revolutionpadelstore.com\\\/fr\\\/produit\\\/bolsa-siux-the-king-3\\\/\"]}]},{\"@type\":\"ImageObject\",\"inLanguage\":\"fr-FR\",\"@id\":\"https:\\\/\\\/revolutionpadelstore.com\\\/fr\\\/produit\\\/bolsa-siux-the-king-3\\\/#primaryimage\",\"url\":\"https:\\\/\\\/revolutionpadelstore.com\\\/wp-content\\\/uploads\\\/2025\\\/04\\\/213.png\",\"contentUrl\":\"https:\\\/\\\/revolutionpadelstore.com\\\/wp-content\\\/uploads\\\/2025\\\/04\\\/213.png\",\"width\":1500,\"height\":1500},{\"@type\":\"BreadcrumbList\",\"@id\":\"https:\\\/\\\/revolutionpadelstore.com\\\/fr\\\/produit\\\/bolsa-siux-the-king-3\\\/#breadcrumb\",\"itemListElement\":[{\"@type\":\"ListItem\",\"position\":1,\"name\":\"Portada\",\"item\":\"https:\\\/\\\/revolutionpadelstore.com\\\/fr\\\/\"},{\"@type\":\"ListItem\",\"position\":2,\"name\":\"Boutique\",\"item\":\"https:\\\/\\\/revolutionpadelstore.com\\\/fr\\\/tienda\\\/\"},{\"@type\":\"ListItem\",\"position\":3,\"name\":\"BOLSA SIUX THE KING\"}]},{\"@type\":\"WebSite\",\"@id\":\"https:\\\/\\\/revolutionpadelstore.com\\\/fr\\\/#website\",\"url\":\"https:\\\/\\\/revolutionpadelstore.com\\\/fr\\\/\",\"name\":\"Revolution Padel Store\",\"description\":\"\",\"publisher\":{\"@id\":\"https:\\\/\\\/revolutionpadelstore.com\\\/fr\\\/#organization\"},\"potentialAction\":[{\"@type\":\"SearchAction\",\"target\":{\"@type\":\"EntryPoint\",\"urlTemplate\":\"https:\\\/\\\/revolutionpadelstore.com\\\/fr\\\/?s={search_term_string}\"},\"query-input\":{\"@type\":\"PropertyValueSpecification\",\"valueRequired\":true,\"valueName\":\"search_term_string\"}}],\"inLanguage\":\"fr-FR\"},{\"@type\":\"Organization\",\"@id\":\"https:\\\/\\\/revolutionpadelstore.com\\\/fr\\\/#organization\",\"name\":\"Revolution Padel Store\",\"url\":\"https:\\\/\\\/revolutionpadelstore.com\\\/fr\\\/\",\"logo\":{\"@type\":\"ImageObject\",\"inLanguage\":\"fr-FR\",\"@id\":\"https:\\\/\\\/revolutionpadelstore.com\\\/fr\\\/#\\\/schema\\\/logo\\\/image\\\/\",\"url\":\"https:\\\/\\\/revolutionpadelstore.com\\\/wp-content\\\/uploads\\\/2026\\\/02\\\/revolution-padel-store.jpg\",\"contentUrl\":\"https:\\\/\\\/revolutionpadelstore.com\\\/wp-content\\\/uploads\\\/2026\\\/02\\\/revolution-padel-store.jpg\",\"width\":2000,\"height\":2000,\"caption\":\"Revolution Padel Store\"},\"image\":{\"@id\":\"https:\\\/\\\/revolutionpadelstore.com\\\/fr\\\/#\\\/schema\\\/logo\\\/image\\\/\"},\"sameAs\":[\"https:\\\/\\\/www.instagram.com\\\/revolutionpadelstore\\\/\"]}]}<\/script>\n<!-- \/ Yoast SEO plugin. -->","yoast_head_json":{"title":"BOLSA SIUX THE KING - Revolution Padel Store","description":"La Bolsa Siux The King es el paletero premium para jugadores de p\u00e1del exigentes. Con dise\u00f1o exclusivo, materiales de alta calidad y gran capacidad, es ideal para llevar tu equipo con estilo y comodidad. \u00a1Cons\u00edguela online al mejor precio en Revolution Padel Store!","robots":{"index":"index","follow":"follow","max-snippet":"max-snippet:-1","max-image-preview":"max-image-preview:large","max-video-preview":"max-video-preview:-1"},"canonical":"https:\/\/revolutionpadelstore.com\/fr\/produit\/bolsa-siux-the-king-3\/","og_locale":"fr_FR","og_type":"article","og_title":"BOLSA SIUX THE KING - Revolution Padel Store","og_description":"La Bolsa Siux The King es el paletero premium para jugadores de p\u00e1del exigentes. Con dise\u00f1o exclusivo, materiales de alta calidad y gran capacidad, es ideal para llevar tu equipo con estilo y comodidad. \u00a1Cons\u00edguela online al mejor precio en Revolution Padel Store!","og_url":"https:\/\/revolutionpadelstore.com\/fr\/produit\/bolsa-siux-the-king-3\/","og_site_name":"Revolution Padel Store","article_modified_time":"2026-04-08T03:27:15+00:00","og_image":[{"width":1500,"height":1500,"url":"https:\/\/revolutionpadelstore.com\/wp-content\/uploads\/2025\/04\/213.png","type":"image\/png"}],"twitter_card":"summary_large_image","twitter_misc":{"Dur\u00e9e de lecture estim\u00e9e":"2 minutes"},"schema":{"@context":"https:\/\/schema.org","@graph":[{"@type":"WebPage","@id":"https:\/\/revolutionpadelstore.com\/fr\/produit\/bolsa-siux-the-king-3\/","url":"https:\/\/revolutionpadelstore.com\/fr\/produit\/bolsa-siux-the-king-3\/","name":"BOLSA SIUX THE KING - Revolution Padel Store","isPartOf":{"@id":"https:\/\/revolutionpadelstore.com\/fr\/#website"},"primaryImageOfPage":{"@id":"https:\/\/revolutionpadelstore.com\/fr\/produit\/bolsa-siux-the-king-3\/#primaryimage"},"image":{"@id":"https:\/\/revolutionpadelstore.com\/fr\/produit\/bolsa-siux-the-king-3\/#primaryimage"},"thumbnailUrl":"https:\/\/revolutionpadelstore.com\/wp-content\/uploads\/2025\/04\/213.png","datePublished":"2025-04-01T21:16:54+00:00","dateModified":"2026-04-08T03:27:15+00:00","description":"La Bolsa Siux The King es el paletero premium para jugadores de p\u00e1del exigentes. Con dise\u00f1o exclusivo, materiales de alta calidad y gran capacidad, es ideal para llevar tu equipo con estilo y comodidad. \u00a1Cons\u00edguela online al mejor precio en Revolution Padel Store!","breadcrumb":{"@id":"https:\/\/revolutionpadelstore.com\/fr\/produit\/bolsa-siux-the-king-3\/#breadcrumb"},"inLanguage":"fr-FR","potentialAction":[{"@type":"ReadAction","target":["https:\/\/revolutionpadelstore.com\/fr\/produit\/bolsa-siux-the-king-3\/"]}]},{"@type":"ImageObject","inLanguage":"fr-FR","@id":"https:\/\/revolutionpadelstore.com\/fr\/produit\/bolsa-siux-the-king-3\/#primaryimage","url":"https:\/\/revolutionpadelstore.com\/wp-content\/uploads\/2025\/04\/213.png","contentUrl":"https:\/\/revolutionpadelstore.com\/wp-content\/uploads\/2025\/04\/213.png","width":1500,"height":1500},{"@type":"BreadcrumbList","@id":"https:\/\/revolutionpadelstore.com\/fr\/produit\/bolsa-siux-the-king-3\/#breadcrumb","itemListElement":[{"@type":"ListItem","position":1,"name":"Portada","item":"https:\/\/revolutionpadelstore.com\/fr\/"},{"@type":"ListItem","position":2,"name":"Boutique","item":"https:\/\/revolutionpadelstore.com\/fr\/tienda\/"},{"@type":"ListItem","position":3,"name":"BOLSA SIUX THE KING"}]},{"@type":"WebSite","@id":"https:\/\/revolutionpadelstore.com\/fr\/#website","url":"https:\/\/revolutionpadelstore.com\/fr\/","name":"Revolution Padel Store","description":"","publisher":{"@id":"https:\/\/revolutionpadelstore.com\/fr\/#organization"},"potentialAction":[{"@type":"SearchAction","target":{"@type":"EntryPoint","urlTemplate":"https:\/\/revolutionpadelstore.com\/fr\/?s={search_term_string}"},"query-input":{"@type":"PropertyValueSpecification","valueRequired":true,"valueName":"search_term_string"}}],"inLanguage":"fr-FR"},{"@type":"Organization","@id":"https:\/\/revolutionpadelstore.com\/fr\/#organization","name":"Revolution Padel Store","url":"https:\/\/revolutionpadelstore.com\/fr\/","logo":{"@type":"ImageObject","inLanguage":"fr-FR","@id":"https:\/\/revolutionpadelstore.com\/fr\/#\/schema\/logo\/image\/","url":"https:\/\/revolutionpadelstore.com\/wp-content\/uploads\/2026\/02\/revolution-padel-store.jpg","contentUrl":"https:\/\/revolutionpadelstore.com\/wp-content\/uploads\/2026\/02\/revolution-padel-store.jpg","width":2000,"height":2000,"caption":"Revolution Padel Store"},"image":{"@id":"https:\/\/revolutionpadelstore.com\/fr\/#\/schema\/logo\/image\/"},"sameAs":["https:\/\/www.instagram.com\/revolutionpadelstore\/"]}]}},"_links":{"self":[{"href":"https:\/\/revolutionpadelstore.com\/fr\/wp-json\/wp\/v2\/product\/216894","targetHints":{"allow":["GET"]}}],"collection":[{"href":"https:\/\/revolutionpadelstore.com\/fr\/wp-json\/wp\/v2\/product"}],"about":[{"href":"https:\/\/revolutionpadelstore.com\/fr\/wp-json\/wp\/v2\/types\/product"}],"replies":[{"embeddable":true,"href":"https:\/\/revolutionpadelstore.com\/fr\/wp-json\/wp\/v2\/comments?post=216894"}],"wp:featuredmedia":[{"embeddable":true,"href":"https:\/\/revolutionpadelstore.com\/fr\/wp-json\/wp\/v2\/media\/216906"}],"wp:attachment":[{"href":"https:\/\/revolutionpadelstore.com\/fr\/wp-json\/wp\/v2\/media?parent=216894"}],"wp:term":[{"taxonomy":"acabado","embeddable":true,"href":"https:\/\/revolutionpadelstore.com\/fr\/wp-json\/wp\/v2\/acabado?post=216894"},{"taxonomy":"balance","embeddable":true,"href":"https:\/\/revolutionpadelstore.com\/fr\/wp-json\/wp\/v2\/balance?post=216894"},{"taxonomy":"dureza","embeddable":true,"href":"https:\/\/revolutionpadelstore.com\/fr\/wp-json\/wp\/v2\/dureza?post=216894"},{"taxonomy":"forma","embeddable":true,"href":"https:\/\/revolutionpadelstore.com\/fr\/wp-json\/wp\/v2\/forma?post=216894"},{"taxonomy":"jugador","embeddable":true,"href":"https:\/\/revolutionpadelstore.com\/fr\/wp-json\/wp\/v2\/jugador?post=216894"},{"taxonomy":"marca","embeddable":true,"href":"https:\/\/revolutionpadelstore.com\/fr\/wp-json\/wp\/v2\/marca?post=216894"},{"taxonomy":"nivel-de-juego","embeddable":true,"href":"https:\/\/revolutionpadelstore.com\/fr\/wp-json\/wp\/v2\/nivel-de-juego?post=216894"},{"taxonomy":"superficie","embeddable":true,"href":"https:\/\/revolutionpadelstore.com\/fr\/wp-json\/wp\/v2\/superficie?post=216894"},{"taxonomy":"tipo-de-juego","embeddable":true,"href":"https:\/\/revolutionpadelstore.com\/fr\/wp-json\/wp\/v2\/tipo-de-juego?post=216894"},{"taxonomy":"product_brand","embeddable":true,"href":"https:\/\/revolutionpadelstore.com\/fr\/wp-json\/wp\/v2\/product_brand?post=216894"},{"taxonomy":"product_cat","embeddable":true,"href":"https:\/\/revolutionpadelstore.com\/fr\/wp-json\/wp\/v2\/product_cat?post=216894"},{"taxonomy":"product_tag","embeddable":true,"href":"https:\/\/revolutionpadelstore.com\/fr\/wp-json\/wp\/v2\/product_tag?post=216894"}],"curies":[{"name":"wp","href":"https:\/\/api.w.org\/{rel}","templated":true}]}}