{"id":216863,"date":"2025-04-01T20:59:59","date_gmt":"2025-04-01T18:59:59","guid":{"rendered":"https:\/\/revolutionpadelstore.com\/?post_type=product&#038;p=216863"},"modified":"2026-04-08T05:27:34","modified_gmt":"2026-04-08T03:27:34","slug":"bolsa-siux-the-queen-blanco-3","status":"publish","type":"product","link":"https:\/\/revolutionpadelstore.com\/fr\/produit\/bolsa-siux-the-queen-blanco-3\/","title":{"rendered":"BOLSA SIUX THE QUEEN BLANCO"},"content":{"rendered":"<h2> Siux The Queen Bag &#8211; \u00c9l\u00e9gance et fonctionnalit\u00e9 pour les joueurs de paddle exigeants <\/h2>\n<p>Le sac <strong> siux The Queen <\/strong> est le compl\u00e9ment parfait aux joueurs qui cherchent \u00e0 se d\u00e9marquer sur et hors de la piste. Con\u00e7u avec un style sophistiqu\u00e9 et des d\u00e9tails premium, combinez <strong> \u00e9l\u00e9gance, fonctionnalit\u00e9 et durabilit\u00e9 <\/strong> pour vous offrir la meilleure exp\u00e9rience de chaque f\u00eate ou formation.<\/p>\n<h2> Caract\u00e9ristiques exceptionnelles <\/h2>\n<p><P> <strong> -gore Capacit\u00e9 de stockage <\/strong> <\/strong><br \/>\nSa large structure vous permet de porter tout ce dont vous avez besoin: des pelles, des v\u00eatements, des chaussures et des accessoires, en gardant tout bien organis\u00e9.<\/p>\n<p> <strong> &#8211; Palas Compartement <\/strong><br \/>\nProt\u00e8ge jusqu&#8217;\u00e0 <strong> deux palettes <\/strong> dans un compartiment rembourr\u00e9 sp\u00e9cialement con\u00e7u pour pr\u00e9server sa forme et ses performances. <\/p>\n<p> <strong> &#8211; Pocket thermique incorpor\u00e9 <\/strong><br \/>\nId\u00e9al pour pr\u00e9server votre <strong> temp\u00e9ratures extr\u00eames <\/strong>, assurant sa durabilit\u00e9 m\u00eame dans des conditions d\u00e9favorables.<\/p>\n<p style=\"padding-left: 40px\"> <strong> -e espace ind\u00e9pendant pour les chaussures <\/strong><br \/>\nS\u00e9parez vos chaussures du reste de l&#8217;\u00e9quipement, en maintenant la propret\u00e9 et l&#8217;ordre \u00e0 tout moment. <\/p>\n<p> <strong> &#8211; Poches lat\u00e9rales fonctionnelles <\/strong><br \/>\nGardez les objets personnels tels que les cl\u00e9s, le mobile ou le portefeuille en toute s\u00e9curit\u00e9 et avec un acc\u00e8s rapide. <\/p>\n<p> <strong> &#8211; Mat\u00e9riaux haut de gamme <\/strong><br \/>\nFabriqu\u00e9 avec des mat\u00e9riaux r\u00e9sistants et durables, id\u00e9al pour un usage intensif sans perdre son apparence premium. <\/p>\n<p> <strong> &#8211; Design moderne et moderne <\/strong><br \/>\nAvec des lignes \u00e9l\u00e9gantes et des d\u00e9tails soigneusement s\u00e9lectionn\u00e9s, ce sac refl\u00e8te le style et le caract\u00e8re, id\u00e9al pour les joueurs <strong> qui veulent mettre en \u00e9vidence <\/strong>. <\/p>\n<p><P style=\"padding-left: 40px\"> <strong> -versatile et confortable Syst\u00e8me de transport <\/strong><br \/>\nPrenez-le comme un sac \u00e0 dos ou dans votre main gr\u00e2ce \u00e0 vos poign\u00e9es ergonomiques et vos sangles rembourr\u00e9es r\u00e9glables. <\/p>\n<h2> Pourquoi choisir le sac de reine Siux?<br \/>\nParce que non seulement votre \u00e9quipement transporte, mais <strong> refl\u00e8te votre attitude et votre style sur la piste <\/strong>. Avec sa conception exclusive et sa distribution intelligente, vous aurez tout sous contr\u00f4le avec l&#8217;\u00e9l\u00e9gance et la praticit\u00e9. Parfait pour les joueurs qui appr\u00e9cient \u00e0 la fois l&#8217;esth\u00e9tique et les fonctionnalit\u00e9s.<\/p>\n<p>Disponible maintenant dans notre boutique en ligne <a href=\"https:\/\/www.revolutionpadelstore.com\/\"> www.revolutionpadelstore.com <\/a>, <strong> probablement au meilleur prix de march\u00e9 <\/strong>.<\/p>\n<h2>Bolsa Siux The Queen \u2013 Elegancia y Funcionalidad para Jugadoras de P\u00e1del Exigentes<\/h2>\n","protected":false},"excerpt":{"rendered":"<p>Le sac <strong> siux The Queen <\/strong> est le compl\u00e9ment parfait aux joueurs qui cherchent \u00e0 se d\u00e9marquer sur et hors de la piste. Con\u00e7u avec un style sophistiqu\u00e9 et des d\u00e9tails premium, combinez <strong> \u00e9l\u00e9gance, fonctionnalit\u00e9 et durabilit\u00e9 <\/strong> pour vous offrir la meilleure exp\u00e9rience de chaque f\u00eate ou formation.<strong>Bolsa Siux The Queen<\/strong><\/p>\n","protected":false},"featured_media":216875,"comment_status":"open","ping_status":"closed","template":"","meta":{"_acf_changed":false,"_joinchat":[]},"acabado":[],"balance":[],"dureza":[],"forma":[],"jugador":[],"marca":[1307],"nivel-de-juego":[],"superficie":[],"tipo-de-juego":[],"product_brand":[],"product_cat":[320],"product_tag":[],"class_list":{"0":"post-216863","1":"product","2":"type-product","3":"status-publish","4":"has-post-thumbnail","6":"marca-siux-fr","7":"product_cat-sacs","9":"first","10":"outofstock","11":"sale","12":"taxable","13":"shipping-taxable","14":"purchasable","15":"product-type-simple"},"acf":[],"yoast_head":"<!-- This site is optimized with the Yoast SEO plugin v27.4 - https:\/\/yoast.com\/product\/yoast-seo-wordpress\/ -->\n<title>BOLSA SIUX THE QUEEN BLANCO - Revolution Padel Store<\/title>\n<meta name=\"description\" content=\"Descubre la Bolsa Siux The Queen, una mochila de p\u00e1del elegante y funcional para jugadoras exigentes. Con compartimento t\u00e9rmico, espacio para palas y dise\u00f1o exclusivo. \u00a1C\u00f3mprala online al mejor precio en Revolution Padel Store!\" \/>\n<meta name=\"robots\" content=\"index, follow, max-snippet:-1, max-image-preview:large, max-video-preview:-1\" \/>\n<link rel=\"canonical\" href=\"https:\/\/revolutionpadelstore.com\/fr\/produit\/bolsa-siux-the-queen-blanco-3\/\" \/>\n<meta property=\"og:locale\" content=\"fr_FR\" \/>\n<meta property=\"og:type\" content=\"article\" \/>\n<meta property=\"og:title\" content=\"BOLSA SIUX THE QUEEN BLANCO - Revolution Padel Store\" \/>\n<meta property=\"og:description\" content=\"Descubre la Bolsa Siux The Queen, una mochila de p\u00e1del elegante y funcional para jugadoras exigentes. Con compartimento t\u00e9rmico, espacio para palas y dise\u00f1o exclusivo. \u00a1C\u00f3mprala online al mejor precio en Revolution Padel Store!\" \/>\n<meta property=\"og:url\" content=\"https:\/\/revolutionpadelstore.com\/fr\/produit\/bolsa-siux-the-queen-blanco-3\/\" \/>\n<meta property=\"og:site_name\" content=\"Revolution Padel Store\" \/>\n<meta property=\"article:modified_time\" content=\"2026-04-08T03:27:34+00:00\" \/>\n<meta property=\"og:image\" content=\"https:\/\/revolutionpadelstore.com\/wp-content\/uploads\/2025\/04\/209.png\" \/>\n\t<meta property=\"og:image:width\" content=\"1500\" \/>\n\t<meta property=\"og:image:height\" content=\"1500\" \/>\n\t<meta property=\"og:image:type\" content=\"image\/png\" \/>\n<meta name=\"twitter:card\" content=\"summary_large_image\" \/>\n<meta name=\"twitter:label1\" content=\"Dur\u00e9e de lecture estim\u00e9e\" \/>\n\t<meta name=\"twitter:data1\" content=\"2 minutes\" \/>\n<script type=\"application\/ld+json\" class=\"yoast-schema-graph\">{\"@context\":\"https:\\\/\\\/schema.org\",\"@graph\":[{\"@type\":\"WebPage\",\"@id\":\"https:\\\/\\\/revolutionpadelstore.com\\\/fr\\\/produit\\\/bolsa-siux-the-queen-blanco-3\\\/\",\"url\":\"https:\\\/\\\/revolutionpadelstore.com\\\/fr\\\/produit\\\/bolsa-siux-the-queen-blanco-3\\\/\",\"name\":\"BOLSA SIUX THE QUEEN BLANCO - Revolution Padel Store\",\"isPartOf\":{\"@id\":\"https:\\\/\\\/revolutionpadelstore.com\\\/fr\\\/#website\"},\"primaryImageOfPage\":{\"@id\":\"https:\\\/\\\/revolutionpadelstore.com\\\/fr\\\/produit\\\/bolsa-siux-the-queen-blanco-3\\\/#primaryimage\"},\"image\":{\"@id\":\"https:\\\/\\\/revolutionpadelstore.com\\\/fr\\\/produit\\\/bolsa-siux-the-queen-blanco-3\\\/#primaryimage\"},\"thumbnailUrl\":\"https:\\\/\\\/revolutionpadelstore.com\\\/wp-content\\\/uploads\\\/2025\\\/04\\\/209.png\",\"datePublished\":\"2025-04-01T18:59:59+00:00\",\"dateModified\":\"2026-04-08T03:27:34+00:00\",\"description\":\"Descubre la Bolsa Siux The Queen, una mochila de p\u00e1del elegante y funcional para jugadoras exigentes. Con compartimento t\u00e9rmico, espacio para palas y dise\u00f1o exclusivo. \u00a1C\u00f3mprala online al mejor precio en Revolution Padel Store!\",\"breadcrumb\":{\"@id\":\"https:\\\/\\\/revolutionpadelstore.com\\\/fr\\\/produit\\\/bolsa-siux-the-queen-blanco-3\\\/#breadcrumb\"},\"inLanguage\":\"fr-FR\",\"potentialAction\":[{\"@type\":\"ReadAction\",\"target\":[\"https:\\\/\\\/revolutionpadelstore.com\\\/fr\\\/produit\\\/bolsa-siux-the-queen-blanco-3\\\/\"]}]},{\"@type\":\"ImageObject\",\"inLanguage\":\"fr-FR\",\"@id\":\"https:\\\/\\\/revolutionpadelstore.com\\\/fr\\\/produit\\\/bolsa-siux-the-queen-blanco-3\\\/#primaryimage\",\"url\":\"https:\\\/\\\/revolutionpadelstore.com\\\/wp-content\\\/uploads\\\/2025\\\/04\\\/209.png\",\"contentUrl\":\"https:\\\/\\\/revolutionpadelstore.com\\\/wp-content\\\/uploads\\\/2025\\\/04\\\/209.png\",\"width\":1500,\"height\":1500},{\"@type\":\"BreadcrumbList\",\"@id\":\"https:\\\/\\\/revolutionpadelstore.com\\\/fr\\\/produit\\\/bolsa-siux-the-queen-blanco-3\\\/#breadcrumb\",\"itemListElement\":[{\"@type\":\"ListItem\",\"position\":1,\"name\":\"Portada\",\"item\":\"https:\\\/\\\/revolutionpadelstore.com\\\/fr\\\/\"},{\"@type\":\"ListItem\",\"position\":2,\"name\":\"Boutique\",\"item\":\"https:\\\/\\\/revolutionpadelstore.com\\\/fr\\\/tienda\\\/\"},{\"@type\":\"ListItem\",\"position\":3,\"name\":\"BOLSA SIUX THE QUEEN BLANCO\"}]},{\"@type\":\"WebSite\",\"@id\":\"https:\\\/\\\/revolutionpadelstore.com\\\/fr\\\/#website\",\"url\":\"https:\\\/\\\/revolutionpadelstore.com\\\/fr\\\/\",\"name\":\"Revolution Padel Store\",\"description\":\"\",\"publisher\":{\"@id\":\"https:\\\/\\\/revolutionpadelstore.com\\\/fr\\\/#organization\"},\"potentialAction\":[{\"@type\":\"SearchAction\",\"target\":{\"@type\":\"EntryPoint\",\"urlTemplate\":\"https:\\\/\\\/revolutionpadelstore.com\\\/fr\\\/?s={search_term_string}\"},\"query-input\":{\"@type\":\"PropertyValueSpecification\",\"valueRequired\":true,\"valueName\":\"search_term_string\"}}],\"inLanguage\":\"fr-FR\"},{\"@type\":\"Organization\",\"@id\":\"https:\\\/\\\/revolutionpadelstore.com\\\/fr\\\/#organization\",\"name\":\"Revolution Padel Store\",\"url\":\"https:\\\/\\\/revolutionpadelstore.com\\\/fr\\\/\",\"logo\":{\"@type\":\"ImageObject\",\"inLanguage\":\"fr-FR\",\"@id\":\"https:\\\/\\\/revolutionpadelstore.com\\\/fr\\\/#\\\/schema\\\/logo\\\/image\\\/\",\"url\":\"https:\\\/\\\/revolutionpadelstore.com\\\/wp-content\\\/uploads\\\/2026\\\/02\\\/revolution-padel-store.jpg\",\"contentUrl\":\"https:\\\/\\\/revolutionpadelstore.com\\\/wp-content\\\/uploads\\\/2026\\\/02\\\/revolution-padel-store.jpg\",\"width\":2000,\"height\":2000,\"caption\":\"Revolution Padel Store\"},\"image\":{\"@id\":\"https:\\\/\\\/revolutionpadelstore.com\\\/fr\\\/#\\\/schema\\\/logo\\\/image\\\/\"},\"sameAs\":[\"https:\\\/\\\/www.instagram.com\\\/revolutionpadelstore\\\/\"]}]}<\/script>\n<!-- \/ Yoast SEO plugin. -->","yoast_head_json":{"title":"BOLSA SIUX THE QUEEN BLANCO - Revolution Padel Store","description":"Descubre la Bolsa Siux The Queen, una mochila de p\u00e1del elegante y funcional para jugadoras exigentes. Con compartimento t\u00e9rmico, espacio para palas y dise\u00f1o exclusivo. \u00a1C\u00f3mprala online al mejor precio en Revolution Padel Store!","robots":{"index":"index","follow":"follow","max-snippet":"max-snippet:-1","max-image-preview":"max-image-preview:large","max-video-preview":"max-video-preview:-1"},"canonical":"https:\/\/revolutionpadelstore.com\/fr\/produit\/bolsa-siux-the-queen-blanco-3\/","og_locale":"fr_FR","og_type":"article","og_title":"BOLSA SIUX THE QUEEN BLANCO - Revolution Padel Store","og_description":"Descubre la Bolsa Siux The Queen, una mochila de p\u00e1del elegante y funcional para jugadoras exigentes. Con compartimento t\u00e9rmico, espacio para palas y dise\u00f1o exclusivo. \u00a1C\u00f3mprala online al mejor precio en Revolution Padel Store!","og_url":"https:\/\/revolutionpadelstore.com\/fr\/produit\/bolsa-siux-the-queen-blanco-3\/","og_site_name":"Revolution Padel Store","article_modified_time":"2026-04-08T03:27:34+00:00","og_image":[{"width":1500,"height":1500,"url":"https:\/\/revolutionpadelstore.com\/wp-content\/uploads\/2025\/04\/209.png","type":"image\/png"}],"twitter_card":"summary_large_image","twitter_misc":{"Dur\u00e9e de lecture estim\u00e9e":"2 minutes"},"schema":{"@context":"https:\/\/schema.org","@graph":[{"@type":"WebPage","@id":"https:\/\/revolutionpadelstore.com\/fr\/produit\/bolsa-siux-the-queen-blanco-3\/","url":"https:\/\/revolutionpadelstore.com\/fr\/produit\/bolsa-siux-the-queen-blanco-3\/","name":"BOLSA SIUX THE QUEEN BLANCO - Revolution Padel Store","isPartOf":{"@id":"https:\/\/revolutionpadelstore.com\/fr\/#website"},"primaryImageOfPage":{"@id":"https:\/\/revolutionpadelstore.com\/fr\/produit\/bolsa-siux-the-queen-blanco-3\/#primaryimage"},"image":{"@id":"https:\/\/revolutionpadelstore.com\/fr\/produit\/bolsa-siux-the-queen-blanco-3\/#primaryimage"},"thumbnailUrl":"https:\/\/revolutionpadelstore.com\/wp-content\/uploads\/2025\/04\/209.png","datePublished":"2025-04-01T18:59:59+00:00","dateModified":"2026-04-08T03:27:34+00:00","description":"Descubre la Bolsa Siux The Queen, una mochila de p\u00e1del elegante y funcional para jugadoras exigentes. Con compartimento t\u00e9rmico, espacio para palas y dise\u00f1o exclusivo. \u00a1C\u00f3mprala online al mejor precio en Revolution Padel Store!","breadcrumb":{"@id":"https:\/\/revolutionpadelstore.com\/fr\/produit\/bolsa-siux-the-queen-blanco-3\/#breadcrumb"},"inLanguage":"fr-FR","potentialAction":[{"@type":"ReadAction","target":["https:\/\/revolutionpadelstore.com\/fr\/produit\/bolsa-siux-the-queen-blanco-3\/"]}]},{"@type":"ImageObject","inLanguage":"fr-FR","@id":"https:\/\/revolutionpadelstore.com\/fr\/produit\/bolsa-siux-the-queen-blanco-3\/#primaryimage","url":"https:\/\/revolutionpadelstore.com\/wp-content\/uploads\/2025\/04\/209.png","contentUrl":"https:\/\/revolutionpadelstore.com\/wp-content\/uploads\/2025\/04\/209.png","width":1500,"height":1500},{"@type":"BreadcrumbList","@id":"https:\/\/revolutionpadelstore.com\/fr\/produit\/bolsa-siux-the-queen-blanco-3\/#breadcrumb","itemListElement":[{"@type":"ListItem","position":1,"name":"Portada","item":"https:\/\/revolutionpadelstore.com\/fr\/"},{"@type":"ListItem","position":2,"name":"Boutique","item":"https:\/\/revolutionpadelstore.com\/fr\/tienda\/"},{"@type":"ListItem","position":3,"name":"BOLSA SIUX THE QUEEN BLANCO"}]},{"@type":"WebSite","@id":"https:\/\/revolutionpadelstore.com\/fr\/#website","url":"https:\/\/revolutionpadelstore.com\/fr\/","name":"Revolution Padel Store","description":"","publisher":{"@id":"https:\/\/revolutionpadelstore.com\/fr\/#organization"},"potentialAction":[{"@type":"SearchAction","target":{"@type":"EntryPoint","urlTemplate":"https:\/\/revolutionpadelstore.com\/fr\/?s={search_term_string}"},"query-input":{"@type":"PropertyValueSpecification","valueRequired":true,"valueName":"search_term_string"}}],"inLanguage":"fr-FR"},{"@type":"Organization","@id":"https:\/\/revolutionpadelstore.com\/fr\/#organization","name":"Revolution Padel Store","url":"https:\/\/revolutionpadelstore.com\/fr\/","logo":{"@type":"ImageObject","inLanguage":"fr-FR","@id":"https:\/\/revolutionpadelstore.com\/fr\/#\/schema\/logo\/image\/","url":"https:\/\/revolutionpadelstore.com\/wp-content\/uploads\/2026\/02\/revolution-padel-store.jpg","contentUrl":"https:\/\/revolutionpadelstore.com\/wp-content\/uploads\/2026\/02\/revolution-padel-store.jpg","width":2000,"height":2000,"caption":"Revolution Padel Store"},"image":{"@id":"https:\/\/revolutionpadelstore.com\/fr\/#\/schema\/logo\/image\/"},"sameAs":["https:\/\/www.instagram.com\/revolutionpadelstore\/"]}]}},"_links":{"self":[{"href":"https:\/\/revolutionpadelstore.com\/fr\/wp-json\/wp\/v2\/product\/216863","targetHints":{"allow":["GET"]}}],"collection":[{"href":"https:\/\/revolutionpadelstore.com\/fr\/wp-json\/wp\/v2\/product"}],"about":[{"href":"https:\/\/revolutionpadelstore.com\/fr\/wp-json\/wp\/v2\/types\/product"}],"replies":[{"embeddable":true,"href":"https:\/\/revolutionpadelstore.com\/fr\/wp-json\/wp\/v2\/comments?post=216863"}],"wp:featuredmedia":[{"embeddable":true,"href":"https:\/\/revolutionpadelstore.com\/fr\/wp-json\/wp\/v2\/media\/216875"}],"wp:attachment":[{"href":"https:\/\/revolutionpadelstore.com\/fr\/wp-json\/wp\/v2\/media?parent=216863"}],"wp:term":[{"taxonomy":"acabado","embeddable":true,"href":"https:\/\/revolutionpadelstore.com\/fr\/wp-json\/wp\/v2\/acabado?post=216863"},{"taxonomy":"balance","embeddable":true,"href":"https:\/\/revolutionpadelstore.com\/fr\/wp-json\/wp\/v2\/balance?post=216863"},{"taxonomy":"dureza","embeddable":true,"href":"https:\/\/revolutionpadelstore.com\/fr\/wp-json\/wp\/v2\/dureza?post=216863"},{"taxonomy":"forma","embeddable":true,"href":"https:\/\/revolutionpadelstore.com\/fr\/wp-json\/wp\/v2\/forma?post=216863"},{"taxonomy":"jugador","embeddable":true,"href":"https:\/\/revolutionpadelstore.com\/fr\/wp-json\/wp\/v2\/jugador?post=216863"},{"taxonomy":"marca","embeddable":true,"href":"https:\/\/revolutionpadelstore.com\/fr\/wp-json\/wp\/v2\/marca?post=216863"},{"taxonomy":"nivel-de-juego","embeddable":true,"href":"https:\/\/revolutionpadelstore.com\/fr\/wp-json\/wp\/v2\/nivel-de-juego?post=216863"},{"taxonomy":"superficie","embeddable":true,"href":"https:\/\/revolutionpadelstore.com\/fr\/wp-json\/wp\/v2\/superficie?post=216863"},{"taxonomy":"tipo-de-juego","embeddable":true,"href":"https:\/\/revolutionpadelstore.com\/fr\/wp-json\/wp\/v2\/tipo-de-juego?post=216863"},{"taxonomy":"product_brand","embeddable":true,"href":"https:\/\/revolutionpadelstore.com\/fr\/wp-json\/wp\/v2\/product_brand?post=216863"},{"taxonomy":"product_cat","embeddable":true,"href":"https:\/\/revolutionpadelstore.com\/fr\/wp-json\/wp\/v2\/product_cat?post=216863"},{"taxonomy":"product_tag","embeddable":true,"href":"https:\/\/revolutionpadelstore.com\/fr\/wp-json\/wp\/v2\/product_tag?post=216863"}],"curies":[{"name":"wp","href":"https:\/\/api.w.org\/{rel}","templated":true}]}}