{"id":216686,"date":"2025-03-31T22:50:30","date_gmt":"2025-03-31T20:50:30","guid":{"rendered":"https:\/\/revolutionpadelstore.com\/?post_type=product&#038;p=216686"},"modified":"2026-04-08T05:29:32","modified_gmt":"2026-04-08T03:29:32","slug":"paletero-siux-pro-tour-navy-3","status":"publish","type":"product","link":"https:\/\/revolutionpadelstore.com\/fr\/produit\/paletero-siux-pro-tour-navy-3\/","title":{"rendered":"PALETERO SIUX PRO TOUR NAVY"},"content":{"rendered":"<h2> <strong> Paletero Siux Pro Tour Navy &#8211; style et fonctionnalit\u00e9 dans chaque d\u00e9tail <\/strong> <\/h2>\n<p>Paletero Siux Pro Tour Navy est con\u00e7u pour exiger que les joueurs \u00e0 la recherche d&#8217;un \u00e9quilibre parfait entre l&#8217;esth\u00e9tique, la capacit\u00e9 et la r\u00e9sistance. Avec un bleu marine \u00e9l\u00e9gant et des d\u00e9tails dans les tons sombres, c&#8217;est le choix id\u00e9al pour ceux qui appr\u00e9cient la conception sans abandonner la praticit\u00e9.<\/p>\n<h2> <strong> Caract\u00e9ristiques principales <\/strong> <\/h2>\n<p style=\"padding-left: 40px\"> &#8211; large compartiment central pour les v\u00eatements, les accessoires ou l&#8217;\u00e9quipement de palette. <\/p>\n<p style=\"padding-left: 40px\"> &#8211; deux compartiments lat\u00e9raux pour des objets personnels suppl\u00e9mentaires. <\/p>\n<p><P> &#8211; Espace sp\u00e9cifique et ventil\u00e9 pour les chaussures, id\u00e9al pour garder les chaussures s\u00e8ches et a\u00e9r\u00e9es. <\/p>\n<p style=\"padding-left: 40px\"> &#8211; fabriqu\u00e9 avec des mat\u00e9riaux de haute qualit\u00e9 qui garantissent la durabilit\u00e9 et la r\u00e9sistance. <\/p>\n<p style=\"padding-left: 40px\"> &#8211; arri\u00e8re rembourr\u00e9 et salons de reprise r\u00e9glables pour un transport confortable. <\/p>\n<p style=\"padding-left: 40px\"> &#8211; poign\u00e9e centrale renforc\u00e9e pour le prendre facilement d&#8217;une main.<br \/>\n<P> &#8211; Capacit\u00e9 pour plusieurs lames de pagaie, parfaites pour la formation et les tournois. <\/p>\n<h2> <strong> Conception sophistiqu\u00e9e et performance professionnelle <\/strong> <\/h2>\n<p>Ce mod\u00e8le se distingue par sa conception sobre et professionnelle, con\u00e7ue pour les joueurs qui cherchent \u00e0 se d\u00e9marquer et \u00e0 hors de la piste. Le Paletero Siux Pro Tour Navy offre une excellente organisation int\u00e9rieure, vous permettant de transporter tout ce qui est n\u00e9cessaire pour vos matchs de mani\u00e8re confortable et s\u00fbre.<\/p>\n<h2> <strong> id\u00e9al pour tout niveau de jeu <\/strong> <\/h2>\n<p>Que vous soyez un joueur amateur et un concurrent habituel, ce Paletero vous offre l&#8217;espace, le confort et la protection n\u00e9cessaires pour vous accompagner dans chaque jeu. Sa conception ergonomique et ses mat\u00e9riaux techniques en font un accessoire essentiel pour vos s\u00e9ances de paddle.<\/p>\n<h2> <strong> obtenez-le maintenant <\/strong> <\/h2>\n<p>N&#8217;attendez plus et portez votre \u00e9quipement de style gr\u00e2ce \u00e0 la Navy Paletero Siux Pro Tour. Disponible dans notre boutique en ligne <a href=\"http:\/\/www.revolutionpadelstore.com\/\"> www.revolutionpadelstore.com <\/a> Probablement au meilleur prix du march\u00e9.<\/p>\n<h2><strong>Paletero Siux Pro Tour Navy \u2013 Estilo y funcionalidad en cada detalle<\/strong><\/p>\n","protected":false},"excerpt":{"rendered":"<p>Le Paletero Siux Pro Tour Navy offre un design \u00e9l\u00e9gant avec de grandes fonctionnalit\u00e9s. Il a de grands espaces et un compartiment ventil\u00e9 pour les chaussures, ce qui en fait une option parfaite.<\/p>\n","protected":false},"featured_media":216692,"comment_status":"open","ping_status":"closed","template":"","meta":{"_acf_changed":false,"_joinchat":[]},"acabado":[],"balance":[],"dureza":[],"forma":[],"jugador":[],"marca":[1307],"nivel-de-juego":[],"superficie":[],"tipo-de-juego":[],"product_brand":[],"product_cat":[320],"product_tag":[],"class_list":{"0":"post-216686","1":"product","2":"type-product","3":"status-publish","4":"has-post-thumbnail","6":"marca-siux-fr","7":"product_cat-sacs","9":"first","10":"instock","11":"sale","12":"taxable","13":"shipping-taxable","14":"purchasable","15":"product-type-simple"},"acf":[],"yoast_head":"<!-- This site is optimized with the Yoast SEO plugin v27.4 - https:\/\/yoast.com\/product\/yoast-seo-wordpress\/ -->\n<title>PALETERO SIUX PRO TOUR NAVY - Revolution Padel Store<\/title>\n<meta name=\"robots\" content=\"index, follow, max-snippet:-1, max-image-preview:large, max-video-preview:-1\" \/>\n<link rel=\"canonical\" href=\"https:\/\/revolutionpadelstore.com\/fr\/produit\/paletero-siux-pro-tour-navy-3\/\" \/>\n<meta property=\"og:locale\" content=\"fr_FR\" \/>\n<meta property=\"og:type\" content=\"article\" \/>\n<meta property=\"og:title\" content=\"PALETERO SIUX PRO TOUR NAVY - Revolution Padel Store\" \/>\n<meta property=\"og:description\" content=\"Le Paletero Siux Pro Tour Navy offre un design \u00e9l\u00e9gant avec de grandes fonctionnalit\u00e9s. Il a de grands espaces et un compartiment ventil\u00e9 pour les chaussures, ce qui en fait une option parfaite.\" \/>\n<meta property=\"og:url\" content=\"https:\/\/revolutionpadelstore.com\/fr\/produit\/paletero-siux-pro-tour-navy-3\/\" \/>\n<meta property=\"og:site_name\" content=\"Revolution Padel Store\" \/>\n<meta property=\"article:modified_time\" content=\"2026-04-08T03:29:32+00:00\" \/>\n<meta property=\"og:image\" content=\"https:\/\/revolutionpadelstore.com\/wp-content\/uploads\/2025\/03\/113070-paletero-siux-pro-tour-navy-1200x1200-1.webp\" \/>\n\t<meta property=\"og:image:width\" content=\"1200\" \/>\n\t<meta property=\"og:image:height\" content=\"1200\" \/>\n\t<meta property=\"og:image:type\" content=\"image\/webp\" \/>\n<meta name=\"twitter:card\" content=\"summary_large_image\" \/>\n<meta name=\"twitter:label1\" content=\"Dur\u00e9e de lecture estim\u00e9e\" \/>\n\t<meta name=\"twitter:data1\" content=\"2 minutes\" \/>\n<script type=\"application\/ld+json\" class=\"yoast-schema-graph\">{\"@context\":\"https:\\\/\\\/schema.org\",\"@graph\":[{\"@type\":\"WebPage\",\"@id\":\"https:\\\/\\\/revolutionpadelstore.com\\\/fr\\\/produit\\\/paletero-siux-pro-tour-navy-3\\\/\",\"url\":\"https:\\\/\\\/revolutionpadelstore.com\\\/fr\\\/produit\\\/paletero-siux-pro-tour-navy-3\\\/\",\"name\":\"PALETERO SIUX PRO TOUR NAVY - Revolution Padel Store\",\"isPartOf\":{\"@id\":\"https:\\\/\\\/revolutionpadelstore.com\\\/fr\\\/#website\"},\"primaryImageOfPage\":{\"@id\":\"https:\\\/\\\/revolutionpadelstore.com\\\/fr\\\/produit\\\/paletero-siux-pro-tour-navy-3\\\/#primaryimage\"},\"image\":{\"@id\":\"https:\\\/\\\/revolutionpadelstore.com\\\/fr\\\/produit\\\/paletero-siux-pro-tour-navy-3\\\/#primaryimage\"},\"thumbnailUrl\":\"https:\\\/\\\/revolutionpadelstore.com\\\/wp-content\\\/uploads\\\/2025\\\/03\\\/113070-paletero-siux-pro-tour-navy-1200x1200-1.webp\",\"datePublished\":\"2025-03-31T20:50:30+00:00\",\"dateModified\":\"2026-04-08T03:29:32+00:00\",\"breadcrumb\":{\"@id\":\"https:\\\/\\\/revolutionpadelstore.com\\\/fr\\\/produit\\\/paletero-siux-pro-tour-navy-3\\\/#breadcrumb\"},\"inLanguage\":\"fr-FR\",\"potentialAction\":[{\"@type\":\"ReadAction\",\"target\":[\"https:\\\/\\\/revolutionpadelstore.com\\\/fr\\\/produit\\\/paletero-siux-pro-tour-navy-3\\\/\"]}]},{\"@type\":\"ImageObject\",\"inLanguage\":\"fr-FR\",\"@id\":\"https:\\\/\\\/revolutionpadelstore.com\\\/fr\\\/produit\\\/paletero-siux-pro-tour-navy-3\\\/#primaryimage\",\"url\":\"https:\\\/\\\/revolutionpadelstore.com\\\/wp-content\\\/uploads\\\/2025\\\/03\\\/113070-paletero-siux-pro-tour-navy-1200x1200-1.webp\",\"contentUrl\":\"https:\\\/\\\/revolutionpadelstore.com\\\/wp-content\\\/uploads\\\/2025\\\/03\\\/113070-paletero-siux-pro-tour-navy-1200x1200-1.webp\",\"width\":1200,\"height\":1200},{\"@type\":\"BreadcrumbList\",\"@id\":\"https:\\\/\\\/revolutionpadelstore.com\\\/fr\\\/produit\\\/paletero-siux-pro-tour-navy-3\\\/#breadcrumb\",\"itemListElement\":[{\"@type\":\"ListItem\",\"position\":1,\"name\":\"Portada\",\"item\":\"https:\\\/\\\/revolutionpadelstore.com\\\/fr\\\/\"},{\"@type\":\"ListItem\",\"position\":2,\"name\":\"Boutique\",\"item\":\"https:\\\/\\\/revolutionpadelstore.com\\\/fr\\\/tienda\\\/\"},{\"@type\":\"ListItem\",\"position\":3,\"name\":\"PALETERO SIUX PRO TOUR NAVY\"}]},{\"@type\":\"WebSite\",\"@id\":\"https:\\\/\\\/revolutionpadelstore.com\\\/fr\\\/#website\",\"url\":\"https:\\\/\\\/revolutionpadelstore.com\\\/fr\\\/\",\"name\":\"Revolution Padel Store\",\"description\":\"\",\"publisher\":{\"@id\":\"https:\\\/\\\/revolutionpadelstore.com\\\/fr\\\/#organization\"},\"potentialAction\":[{\"@type\":\"SearchAction\",\"target\":{\"@type\":\"EntryPoint\",\"urlTemplate\":\"https:\\\/\\\/revolutionpadelstore.com\\\/fr\\\/?s={search_term_string}\"},\"query-input\":{\"@type\":\"PropertyValueSpecification\",\"valueRequired\":true,\"valueName\":\"search_term_string\"}}],\"inLanguage\":\"fr-FR\"},{\"@type\":\"Organization\",\"@id\":\"https:\\\/\\\/revolutionpadelstore.com\\\/fr\\\/#organization\",\"name\":\"Revolution Padel Store\",\"url\":\"https:\\\/\\\/revolutionpadelstore.com\\\/fr\\\/\",\"logo\":{\"@type\":\"ImageObject\",\"inLanguage\":\"fr-FR\",\"@id\":\"https:\\\/\\\/revolutionpadelstore.com\\\/fr\\\/#\\\/schema\\\/logo\\\/image\\\/\",\"url\":\"https:\\\/\\\/revolutionpadelstore.com\\\/wp-content\\\/uploads\\\/2026\\\/02\\\/revolution-padel-store.jpg\",\"contentUrl\":\"https:\\\/\\\/revolutionpadelstore.com\\\/wp-content\\\/uploads\\\/2026\\\/02\\\/revolution-padel-store.jpg\",\"width\":2000,\"height\":2000,\"caption\":\"Revolution Padel Store\"},\"image\":{\"@id\":\"https:\\\/\\\/revolutionpadelstore.com\\\/fr\\\/#\\\/schema\\\/logo\\\/image\\\/\"},\"sameAs\":[\"https:\\\/\\\/www.instagram.com\\\/revolutionpadelstore\\\/\"]}]}<\/script>\n<!-- \/ Yoast SEO plugin. -->","yoast_head_json":{"title":"PALETERO SIUX PRO TOUR NAVY - Revolution Padel Store","robots":{"index":"index","follow":"follow","max-snippet":"max-snippet:-1","max-image-preview":"max-image-preview:large","max-video-preview":"max-video-preview:-1"},"canonical":"https:\/\/revolutionpadelstore.com\/fr\/produit\/paletero-siux-pro-tour-navy-3\/","og_locale":"fr_FR","og_type":"article","og_title":"PALETERO SIUX PRO TOUR NAVY - Revolution Padel Store","og_description":"Le Paletero Siux Pro Tour Navy offre un design \u00e9l\u00e9gant avec de grandes fonctionnalit\u00e9s. Il a de grands espaces et un compartiment ventil\u00e9 pour les chaussures, ce qui en fait une option parfaite.","og_url":"https:\/\/revolutionpadelstore.com\/fr\/produit\/paletero-siux-pro-tour-navy-3\/","og_site_name":"Revolution Padel Store","article_modified_time":"2026-04-08T03:29:32+00:00","og_image":[{"width":1200,"height":1200,"url":"https:\/\/revolutionpadelstore.com\/wp-content\/uploads\/2025\/03\/113070-paletero-siux-pro-tour-navy-1200x1200-1.webp","type":"image\/webp"}],"twitter_card":"summary_large_image","twitter_misc":{"Dur\u00e9e de lecture estim\u00e9e":"2 minutes"},"schema":{"@context":"https:\/\/schema.org","@graph":[{"@type":"WebPage","@id":"https:\/\/revolutionpadelstore.com\/fr\/produit\/paletero-siux-pro-tour-navy-3\/","url":"https:\/\/revolutionpadelstore.com\/fr\/produit\/paletero-siux-pro-tour-navy-3\/","name":"PALETERO SIUX PRO TOUR NAVY - Revolution Padel Store","isPartOf":{"@id":"https:\/\/revolutionpadelstore.com\/fr\/#website"},"primaryImageOfPage":{"@id":"https:\/\/revolutionpadelstore.com\/fr\/produit\/paletero-siux-pro-tour-navy-3\/#primaryimage"},"image":{"@id":"https:\/\/revolutionpadelstore.com\/fr\/produit\/paletero-siux-pro-tour-navy-3\/#primaryimage"},"thumbnailUrl":"https:\/\/revolutionpadelstore.com\/wp-content\/uploads\/2025\/03\/113070-paletero-siux-pro-tour-navy-1200x1200-1.webp","datePublished":"2025-03-31T20:50:30+00:00","dateModified":"2026-04-08T03:29:32+00:00","breadcrumb":{"@id":"https:\/\/revolutionpadelstore.com\/fr\/produit\/paletero-siux-pro-tour-navy-3\/#breadcrumb"},"inLanguage":"fr-FR","potentialAction":[{"@type":"ReadAction","target":["https:\/\/revolutionpadelstore.com\/fr\/produit\/paletero-siux-pro-tour-navy-3\/"]}]},{"@type":"ImageObject","inLanguage":"fr-FR","@id":"https:\/\/revolutionpadelstore.com\/fr\/produit\/paletero-siux-pro-tour-navy-3\/#primaryimage","url":"https:\/\/revolutionpadelstore.com\/wp-content\/uploads\/2025\/03\/113070-paletero-siux-pro-tour-navy-1200x1200-1.webp","contentUrl":"https:\/\/revolutionpadelstore.com\/wp-content\/uploads\/2025\/03\/113070-paletero-siux-pro-tour-navy-1200x1200-1.webp","width":1200,"height":1200},{"@type":"BreadcrumbList","@id":"https:\/\/revolutionpadelstore.com\/fr\/produit\/paletero-siux-pro-tour-navy-3\/#breadcrumb","itemListElement":[{"@type":"ListItem","position":1,"name":"Portada","item":"https:\/\/revolutionpadelstore.com\/fr\/"},{"@type":"ListItem","position":2,"name":"Boutique","item":"https:\/\/revolutionpadelstore.com\/fr\/tienda\/"},{"@type":"ListItem","position":3,"name":"PALETERO SIUX PRO TOUR NAVY"}]},{"@type":"WebSite","@id":"https:\/\/revolutionpadelstore.com\/fr\/#website","url":"https:\/\/revolutionpadelstore.com\/fr\/","name":"Revolution Padel Store","description":"","publisher":{"@id":"https:\/\/revolutionpadelstore.com\/fr\/#organization"},"potentialAction":[{"@type":"SearchAction","target":{"@type":"EntryPoint","urlTemplate":"https:\/\/revolutionpadelstore.com\/fr\/?s={search_term_string}"},"query-input":{"@type":"PropertyValueSpecification","valueRequired":true,"valueName":"search_term_string"}}],"inLanguage":"fr-FR"},{"@type":"Organization","@id":"https:\/\/revolutionpadelstore.com\/fr\/#organization","name":"Revolution Padel Store","url":"https:\/\/revolutionpadelstore.com\/fr\/","logo":{"@type":"ImageObject","inLanguage":"fr-FR","@id":"https:\/\/revolutionpadelstore.com\/fr\/#\/schema\/logo\/image\/","url":"https:\/\/revolutionpadelstore.com\/wp-content\/uploads\/2026\/02\/revolution-padel-store.jpg","contentUrl":"https:\/\/revolutionpadelstore.com\/wp-content\/uploads\/2026\/02\/revolution-padel-store.jpg","width":2000,"height":2000,"caption":"Revolution Padel Store"},"image":{"@id":"https:\/\/revolutionpadelstore.com\/fr\/#\/schema\/logo\/image\/"},"sameAs":["https:\/\/www.instagram.com\/revolutionpadelstore\/"]}]}},"_links":{"self":[{"href":"https:\/\/revolutionpadelstore.com\/fr\/wp-json\/wp\/v2\/product\/216686","targetHints":{"allow":["GET"]}}],"collection":[{"href":"https:\/\/revolutionpadelstore.com\/fr\/wp-json\/wp\/v2\/product"}],"about":[{"href":"https:\/\/revolutionpadelstore.com\/fr\/wp-json\/wp\/v2\/types\/product"}],"replies":[{"embeddable":true,"href":"https:\/\/revolutionpadelstore.com\/fr\/wp-json\/wp\/v2\/comments?post=216686"}],"wp:featuredmedia":[{"embeddable":true,"href":"https:\/\/revolutionpadelstore.com\/fr\/wp-json\/wp\/v2\/media\/216692"}],"wp:attachment":[{"href":"https:\/\/revolutionpadelstore.com\/fr\/wp-json\/wp\/v2\/media?parent=216686"}],"wp:term":[{"taxonomy":"acabado","embeddable":true,"href":"https:\/\/revolutionpadelstore.com\/fr\/wp-json\/wp\/v2\/acabado?post=216686"},{"taxonomy":"balance","embeddable":true,"href":"https:\/\/revolutionpadelstore.com\/fr\/wp-json\/wp\/v2\/balance?post=216686"},{"taxonomy":"dureza","embeddable":true,"href":"https:\/\/revolutionpadelstore.com\/fr\/wp-json\/wp\/v2\/dureza?post=216686"},{"taxonomy":"forma","embeddable":true,"href":"https:\/\/revolutionpadelstore.com\/fr\/wp-json\/wp\/v2\/forma?post=216686"},{"taxonomy":"jugador","embeddable":true,"href":"https:\/\/revolutionpadelstore.com\/fr\/wp-json\/wp\/v2\/jugador?post=216686"},{"taxonomy":"marca","embeddable":true,"href":"https:\/\/revolutionpadelstore.com\/fr\/wp-json\/wp\/v2\/marca?post=216686"},{"taxonomy":"nivel-de-juego","embeddable":true,"href":"https:\/\/revolutionpadelstore.com\/fr\/wp-json\/wp\/v2\/nivel-de-juego?post=216686"},{"taxonomy":"superficie","embeddable":true,"href":"https:\/\/revolutionpadelstore.com\/fr\/wp-json\/wp\/v2\/superficie?post=216686"},{"taxonomy":"tipo-de-juego","embeddable":true,"href":"https:\/\/revolutionpadelstore.com\/fr\/wp-json\/wp\/v2\/tipo-de-juego?post=216686"},{"taxonomy":"product_brand","embeddable":true,"href":"https:\/\/revolutionpadelstore.com\/fr\/wp-json\/wp\/v2\/product_brand?post=216686"},{"taxonomy":"product_cat","embeddable":true,"href":"https:\/\/revolutionpadelstore.com\/fr\/wp-json\/wp\/v2\/product_cat?post=216686"},{"taxonomy":"product_tag","embeddable":true,"href":"https:\/\/revolutionpadelstore.com\/fr\/wp-json\/wp\/v2\/product_tag?post=216686"}],"curies":[{"name":"wp","href":"https:\/\/api.w.org\/{rel}","templated":true}]}}