{"id":216680,"date":"2025-03-31T22:36:42","date_gmt":"2025-03-31T20:36:42","guid":{"rendered":"https:\/\/revolutionpadelstore.com\/paletero-siux-diablo\/"},"modified":"2026-04-08T05:29:50","modified_gmt":"2026-04-08T03:29:50","slug":"paletero-siux-diablo-3","status":"publish","type":"product","link":"https:\/\/revolutionpadelstore.com\/fr\/produit\/paletero-siux-diablo-3\/","title":{"rendered":"PALETERO SIUX DIABLO"},"content":{"rendered":"<h2> <strong> Paletero Siux Diablo Sanyo SS24 &#8211; Edition exclusive 2024 <\/strong> <\/h2>\n<p>D\u00e9couvrez le nouveau Paletero Siux Diablo Sanyo SS24, une pi\u00e8ce haute finale qui fait partie de la collection 2024, cr\u00e9\u00e9e en collaboration avec le joueur professionnel Sanyo Gu\u00e9rrez. Son design moderne et \u00e9l\u00e9gant est combin\u00e9 avec une structure robuste et pratique, id\u00e9ale pour ceux qui cherchent \u00e0 transporter leur \u00e9quipement de paddle avec un confort et un style totaux.<\/p>\n<h2> <strong> Caract\u00e9ristiques importantes <\/strong> <\/h2>\n<p style=\"padding-left: 40px\"> &#8211; grande capacit\u00e9 \u00e0 transporter jusqu&#8217;\u00e0 9 pelles de palette.<\/p>\n<p style=\"padding-left: 40px\"> &#8211; large compartiment central avec capacit\u00e9 de 7 lames ou \u00e9quipement sportif. <\/p>\n<p style=\"padding-left: 40px\"> &#8211; poches lat\u00e9rales thermiques qui prot\u00e8gent vos lames des changements de temp\u00e9rature soudains. <\/p>\n<p style=\"padding-left: 40px\"> &#8211; compartiment ind\u00e9pendant \u00e0 la base pour des chaussures ou des chaussures de sport.<\/p>\n<p> &#8211; Espaces suppl\u00e9mentaires pour enregistrer les accessoires et les objets personnels. <\/p>\n<p style=\"padding-left: 40px\"> &#8211; conception ergonomique et rembourr\u00e9e pour un plus grand confort et protection.<\/p>\n<p> &#8211; Poign\u00e9es r\u00e9glables pour le porter sous forme de sac \u00e0 dos.<\/p>\n<h2> <strong> id\u00e9al pour exiger les joueurs <\/strong> <\/h2>\n<p>Ce Paletero est con\u00e7u pour les avanc\u00e9s et les professionnels qui n\u00e9cessitent une organisation, une capacit\u00e9 et une protection thermique. Sa conception exclusive et ses mat\u00e9riaux de haute qualit\u00e9 en font l&#8217;un des mod\u00e8les les plus recherch\u00e9s par les locataires paddle.<\/p>\n<h2> <strong> Compatibilit\u00e9 avec les autres marques <\/strong> <\/h2>\n<p>Siux est parmi les marques les plus prestigieuses de la pagaie, \u00e0 c\u00f4t\u00e9 de Bullpadel, Nox ou Head. Ce mod\u00e8le sp\u00e9cifique, avec le sceau personnel de Sanyo, se distingue par sa fonctionnalit\u00e9 et son esth\u00e9tique, \u00e9tant parfait pour vous accompagner dans chaque f\u00eate.<\/p>\n<h2> <strong> Avantages cl\u00e9s <\/strong> <\/h2>\n<p> &#8211; Conception exclusive sign\u00e9e par Sanyo Gu\u00e9rrez <\/p>\n<p> &#8211; Capacit\u00e9 thermique pour prot\u00e9ger vos lames <\/p>\n<p style=\"padding-left: 40px\"> &#8211; plusieurs compartiments et grande capacit\u00e9 <\/p>\n<p> &#8211; id\u00e9al pour la formation et les comp\u00e9titions <\/p>\n<h2> <strong> obtenez-le maintenant <\/strong> <\/h2>\n<p>Ne manquez pas l&#8217;occasion d&#8217;obtenir le Paletero Siux Diablo Sanyo SS24, un accessoire exclusif et fonctionnel qui augmentera votre exp\u00e9rience sur la piste. Disponible dans notre boutique en ligne <a href=\"http:\/\/www.revolutionpadelstore.com\/\"> www.revolutionpadelstore.com <\/a> Probablement au meilleur prix du march\u00e9.<\/p>\n<h2><strong>Paletero Siux Diablo Sanyo SS24 \u2013 Edici\u00f3n Exclusiva 2024<\/strong><\/p>\n","protected":false},"excerpt":{"rendered":"<p>Paletero Siux Diablo Sanyo SS24 &#8211; Edition exclusive 2024 D\u00e9couvrez le nouveau Paletero Siux Diablo Sanyo SS24, une pi\u00e8ce haute finale qui fait partie de la collection 2024, cr\u00e9\u00e9e en collaboration avec le joueur professionnel Sanyo Gu\u00e9rrez. Son design moderne et \u00e9l\u00e9gant est combin\u00e9 avec une structure robuste et pratique, id\u00e9ale pour ceux qui cherchent [&hellip;]<\/p>\n","protected":false},"featured_media":216632,"comment_status":"open","ping_status":"closed","template":"","meta":{"_acf_changed":false,"_joinchat":[]},"acabado":[],"balance":[],"dureza":[],"forma":[],"jugador":[],"marca":[1307],"nivel-de-juego":[],"superficie":[],"tipo-de-juego":[],"product_brand":[],"product_cat":[320],"product_tag":[],"class_list":{"0":"post-216680","1":"product","2":"type-product","3":"status-publish","4":"has-post-thumbnail","6":"marca-siux-fr","7":"product_cat-sacs","9":"first","10":"outofstock","11":"sale","12":"taxable","13":"shipping-taxable","14":"purchasable","15":"product-type-simple"},"acf":[],"yoast_head":"<!-- This site is optimized with the Yoast SEO plugin v27.4 - https:\/\/yoast.com\/product\/yoast-seo-wordpress\/ -->\n<title>PALETERO SIUX DIABLO - Revolution Padel Store<\/title>\n<meta name=\"description\" content=\"Paletero Siux Diablo Sanyo SS24 exclusivo de la colecci\u00f3n 2024. Dise\u00f1o t\u00e9rmico, gran capacidad y comodidad. Disponible ya en Revolution Padel Store al mejor precio.\" \/>\n<meta name=\"robots\" content=\"index, follow, max-snippet:-1, max-image-preview:large, max-video-preview:-1\" \/>\n<link rel=\"canonical\" href=\"https:\/\/revolutionpadelstore.com\/fr\/produit\/paletero-siux-diablo-3\/\" \/>\n<meta property=\"og:locale\" content=\"fr_FR\" \/>\n<meta property=\"og:type\" content=\"article\" \/>\n<meta property=\"og:title\" content=\"PALETERO SIUX DIABLO - Revolution Padel Store\" \/>\n<meta property=\"og:description\" content=\"Paletero Siux Diablo Sanyo SS24 exclusivo de la colecci\u00f3n 2024. Dise\u00f1o t\u00e9rmico, gran capacidad y comodidad. Disponible ya en Revolution Padel Store al mejor precio.\" \/>\n<meta property=\"og:url\" content=\"https:\/\/revolutionpadelstore.com\/fr\/produit\/paletero-siux-diablo-3\/\" \/>\n<meta property=\"og:site_name\" content=\"Revolution Padel Store\" \/>\n<meta property=\"article:modified_time\" content=\"2026-04-08T03:29:50+00:00\" \/>\n<meta property=\"og:image\" content=\"https:\/\/revolutionpadelstore.com\/wp-content\/uploads\/2025\/03\/109435_paletero_siux_diablo_sanyo_ss24_1500x1500_1_4dc7.webp\" \/>\n\t<meta property=\"og:image:width\" content=\"1500\" \/>\n\t<meta property=\"og:image:height\" content=\"1500\" \/>\n\t<meta property=\"og:image:type\" content=\"image\/webp\" \/>\n<meta name=\"twitter:card\" content=\"summary_large_image\" \/>\n<meta name=\"twitter:label1\" content=\"Dur\u00e9e de lecture estim\u00e9e\" \/>\n\t<meta name=\"twitter:data1\" content=\"2 minutes\" \/>\n<script type=\"application\/ld+json\" class=\"yoast-schema-graph\">{\"@context\":\"https:\\\/\\\/schema.org\",\"@graph\":[{\"@type\":\"WebPage\",\"@id\":\"https:\\\/\\\/revolutionpadelstore.com\\\/fr\\\/produit\\\/paletero-siux-diablo-3\\\/\",\"url\":\"https:\\\/\\\/revolutionpadelstore.com\\\/fr\\\/produit\\\/paletero-siux-diablo-3\\\/\",\"name\":\"PALETERO SIUX DIABLO - Revolution Padel Store\",\"isPartOf\":{\"@id\":\"https:\\\/\\\/revolutionpadelstore.com\\\/fr\\\/#website\"},\"primaryImageOfPage\":{\"@id\":\"https:\\\/\\\/revolutionpadelstore.com\\\/fr\\\/produit\\\/paletero-siux-diablo-3\\\/#primaryimage\"},\"image\":{\"@id\":\"https:\\\/\\\/revolutionpadelstore.com\\\/fr\\\/produit\\\/paletero-siux-diablo-3\\\/#primaryimage\"},\"thumbnailUrl\":\"https:\\\/\\\/revolutionpadelstore.com\\\/wp-content\\\/uploads\\\/2025\\\/03\\\/109435_paletero_siux_diablo_sanyo_ss24_1500x1500_1_4dc7.webp\",\"datePublished\":\"2025-03-31T20:36:42+00:00\",\"dateModified\":\"2026-04-08T03:29:50+00:00\",\"description\":\"Paletero Siux Diablo Sanyo SS24 exclusivo de la colecci\u00f3n 2024. Dise\u00f1o t\u00e9rmico, gran capacidad y comodidad. Disponible ya en Revolution Padel Store al mejor precio.\",\"breadcrumb\":{\"@id\":\"https:\\\/\\\/revolutionpadelstore.com\\\/fr\\\/produit\\\/paletero-siux-diablo-3\\\/#breadcrumb\"},\"inLanguage\":\"fr-FR\",\"potentialAction\":[{\"@type\":\"ReadAction\",\"target\":[\"https:\\\/\\\/revolutionpadelstore.com\\\/fr\\\/produit\\\/paletero-siux-diablo-3\\\/\"]}]},{\"@type\":\"ImageObject\",\"inLanguage\":\"fr-FR\",\"@id\":\"https:\\\/\\\/revolutionpadelstore.com\\\/fr\\\/produit\\\/paletero-siux-diablo-3\\\/#primaryimage\",\"url\":\"https:\\\/\\\/revolutionpadelstore.com\\\/wp-content\\\/uploads\\\/2025\\\/03\\\/109435_paletero_siux_diablo_sanyo_ss24_1500x1500_1_4dc7.webp\",\"contentUrl\":\"https:\\\/\\\/revolutionpadelstore.com\\\/wp-content\\\/uploads\\\/2025\\\/03\\\/109435_paletero_siux_diablo_sanyo_ss24_1500x1500_1_4dc7.webp\",\"width\":1500,\"height\":1500},{\"@type\":\"BreadcrumbList\",\"@id\":\"https:\\\/\\\/revolutionpadelstore.com\\\/fr\\\/produit\\\/paletero-siux-diablo-3\\\/#breadcrumb\",\"itemListElement\":[{\"@type\":\"ListItem\",\"position\":1,\"name\":\"Portada\",\"item\":\"https:\\\/\\\/revolutionpadelstore.com\\\/fr\\\/\"},{\"@type\":\"ListItem\",\"position\":2,\"name\":\"Boutique\",\"item\":\"https:\\\/\\\/revolutionpadelstore.com\\\/fr\\\/tienda\\\/\"},{\"@type\":\"ListItem\",\"position\":3,\"name\":\"PALETERO SIUX DIABLO\"}]},{\"@type\":\"WebSite\",\"@id\":\"https:\\\/\\\/revolutionpadelstore.com\\\/fr\\\/#website\",\"url\":\"https:\\\/\\\/revolutionpadelstore.com\\\/fr\\\/\",\"name\":\"Revolution Padel Store\",\"description\":\"\",\"publisher\":{\"@id\":\"https:\\\/\\\/revolutionpadelstore.com\\\/fr\\\/#organization\"},\"potentialAction\":[{\"@type\":\"SearchAction\",\"target\":{\"@type\":\"EntryPoint\",\"urlTemplate\":\"https:\\\/\\\/revolutionpadelstore.com\\\/fr\\\/?s={search_term_string}\"},\"query-input\":{\"@type\":\"PropertyValueSpecification\",\"valueRequired\":true,\"valueName\":\"search_term_string\"}}],\"inLanguage\":\"fr-FR\"},{\"@type\":\"Organization\",\"@id\":\"https:\\\/\\\/revolutionpadelstore.com\\\/fr\\\/#organization\",\"name\":\"Revolution Padel Store\",\"url\":\"https:\\\/\\\/revolutionpadelstore.com\\\/fr\\\/\",\"logo\":{\"@type\":\"ImageObject\",\"inLanguage\":\"fr-FR\",\"@id\":\"https:\\\/\\\/revolutionpadelstore.com\\\/fr\\\/#\\\/schema\\\/logo\\\/image\\\/\",\"url\":\"https:\\\/\\\/revolutionpadelstore.com\\\/wp-content\\\/uploads\\\/2026\\\/02\\\/revolution-padel-store.jpg\",\"contentUrl\":\"https:\\\/\\\/revolutionpadelstore.com\\\/wp-content\\\/uploads\\\/2026\\\/02\\\/revolution-padel-store.jpg\",\"width\":2000,\"height\":2000,\"caption\":\"Revolution Padel Store\"},\"image\":{\"@id\":\"https:\\\/\\\/revolutionpadelstore.com\\\/fr\\\/#\\\/schema\\\/logo\\\/image\\\/\"},\"sameAs\":[\"https:\\\/\\\/www.instagram.com\\\/revolutionpadelstore\\\/\"]}]}<\/script>\n<!-- \/ Yoast SEO plugin. -->","yoast_head_json":{"title":"PALETERO SIUX DIABLO - Revolution Padel Store","description":"Paletero Siux Diablo Sanyo SS24 exclusivo de la colecci\u00f3n 2024. Dise\u00f1o t\u00e9rmico, gran capacidad y comodidad. Disponible ya en Revolution Padel Store al mejor precio.","robots":{"index":"index","follow":"follow","max-snippet":"max-snippet:-1","max-image-preview":"max-image-preview:large","max-video-preview":"max-video-preview:-1"},"canonical":"https:\/\/revolutionpadelstore.com\/fr\/produit\/paletero-siux-diablo-3\/","og_locale":"fr_FR","og_type":"article","og_title":"PALETERO SIUX DIABLO - Revolution Padel Store","og_description":"Paletero Siux Diablo Sanyo SS24 exclusivo de la colecci\u00f3n 2024. Dise\u00f1o t\u00e9rmico, gran capacidad y comodidad. Disponible ya en Revolution Padel Store al mejor precio.","og_url":"https:\/\/revolutionpadelstore.com\/fr\/produit\/paletero-siux-diablo-3\/","og_site_name":"Revolution Padel Store","article_modified_time":"2026-04-08T03:29:50+00:00","og_image":[{"width":1500,"height":1500,"url":"https:\/\/revolutionpadelstore.com\/wp-content\/uploads\/2025\/03\/109435_paletero_siux_diablo_sanyo_ss24_1500x1500_1_4dc7.webp","type":"image\/webp"}],"twitter_card":"summary_large_image","twitter_misc":{"Dur\u00e9e de lecture estim\u00e9e":"2 minutes"},"schema":{"@context":"https:\/\/schema.org","@graph":[{"@type":"WebPage","@id":"https:\/\/revolutionpadelstore.com\/fr\/produit\/paletero-siux-diablo-3\/","url":"https:\/\/revolutionpadelstore.com\/fr\/produit\/paletero-siux-diablo-3\/","name":"PALETERO SIUX DIABLO - Revolution Padel Store","isPartOf":{"@id":"https:\/\/revolutionpadelstore.com\/fr\/#website"},"primaryImageOfPage":{"@id":"https:\/\/revolutionpadelstore.com\/fr\/produit\/paletero-siux-diablo-3\/#primaryimage"},"image":{"@id":"https:\/\/revolutionpadelstore.com\/fr\/produit\/paletero-siux-diablo-3\/#primaryimage"},"thumbnailUrl":"https:\/\/revolutionpadelstore.com\/wp-content\/uploads\/2025\/03\/109435_paletero_siux_diablo_sanyo_ss24_1500x1500_1_4dc7.webp","datePublished":"2025-03-31T20:36:42+00:00","dateModified":"2026-04-08T03:29:50+00:00","description":"Paletero Siux Diablo Sanyo SS24 exclusivo de la colecci\u00f3n 2024. Dise\u00f1o t\u00e9rmico, gran capacidad y comodidad. Disponible ya en Revolution Padel Store al mejor precio.","breadcrumb":{"@id":"https:\/\/revolutionpadelstore.com\/fr\/produit\/paletero-siux-diablo-3\/#breadcrumb"},"inLanguage":"fr-FR","potentialAction":[{"@type":"ReadAction","target":["https:\/\/revolutionpadelstore.com\/fr\/produit\/paletero-siux-diablo-3\/"]}]},{"@type":"ImageObject","inLanguage":"fr-FR","@id":"https:\/\/revolutionpadelstore.com\/fr\/produit\/paletero-siux-diablo-3\/#primaryimage","url":"https:\/\/revolutionpadelstore.com\/wp-content\/uploads\/2025\/03\/109435_paletero_siux_diablo_sanyo_ss24_1500x1500_1_4dc7.webp","contentUrl":"https:\/\/revolutionpadelstore.com\/wp-content\/uploads\/2025\/03\/109435_paletero_siux_diablo_sanyo_ss24_1500x1500_1_4dc7.webp","width":1500,"height":1500},{"@type":"BreadcrumbList","@id":"https:\/\/revolutionpadelstore.com\/fr\/produit\/paletero-siux-diablo-3\/#breadcrumb","itemListElement":[{"@type":"ListItem","position":1,"name":"Portada","item":"https:\/\/revolutionpadelstore.com\/fr\/"},{"@type":"ListItem","position":2,"name":"Boutique","item":"https:\/\/revolutionpadelstore.com\/fr\/tienda\/"},{"@type":"ListItem","position":3,"name":"PALETERO SIUX DIABLO"}]},{"@type":"WebSite","@id":"https:\/\/revolutionpadelstore.com\/fr\/#website","url":"https:\/\/revolutionpadelstore.com\/fr\/","name":"Revolution Padel Store","description":"","publisher":{"@id":"https:\/\/revolutionpadelstore.com\/fr\/#organization"},"potentialAction":[{"@type":"SearchAction","target":{"@type":"EntryPoint","urlTemplate":"https:\/\/revolutionpadelstore.com\/fr\/?s={search_term_string}"},"query-input":{"@type":"PropertyValueSpecification","valueRequired":true,"valueName":"search_term_string"}}],"inLanguage":"fr-FR"},{"@type":"Organization","@id":"https:\/\/revolutionpadelstore.com\/fr\/#organization","name":"Revolution Padel Store","url":"https:\/\/revolutionpadelstore.com\/fr\/","logo":{"@type":"ImageObject","inLanguage":"fr-FR","@id":"https:\/\/revolutionpadelstore.com\/fr\/#\/schema\/logo\/image\/","url":"https:\/\/revolutionpadelstore.com\/wp-content\/uploads\/2026\/02\/revolution-padel-store.jpg","contentUrl":"https:\/\/revolutionpadelstore.com\/wp-content\/uploads\/2026\/02\/revolution-padel-store.jpg","width":2000,"height":2000,"caption":"Revolution Padel Store"},"image":{"@id":"https:\/\/revolutionpadelstore.com\/fr\/#\/schema\/logo\/image\/"},"sameAs":["https:\/\/www.instagram.com\/revolutionpadelstore\/"]}]}},"_links":{"self":[{"href":"https:\/\/revolutionpadelstore.com\/fr\/wp-json\/wp\/v2\/product\/216680","targetHints":{"allow":["GET"]}}],"collection":[{"href":"https:\/\/revolutionpadelstore.com\/fr\/wp-json\/wp\/v2\/product"}],"about":[{"href":"https:\/\/revolutionpadelstore.com\/fr\/wp-json\/wp\/v2\/types\/product"}],"replies":[{"embeddable":true,"href":"https:\/\/revolutionpadelstore.com\/fr\/wp-json\/wp\/v2\/comments?post=216680"}],"wp:featuredmedia":[{"embeddable":true,"href":"https:\/\/revolutionpadelstore.com\/fr\/wp-json\/wp\/v2\/media\/216632"}],"wp:attachment":[{"href":"https:\/\/revolutionpadelstore.com\/fr\/wp-json\/wp\/v2\/media?parent=216680"}],"wp:term":[{"taxonomy":"acabado","embeddable":true,"href":"https:\/\/revolutionpadelstore.com\/fr\/wp-json\/wp\/v2\/acabado?post=216680"},{"taxonomy":"balance","embeddable":true,"href":"https:\/\/revolutionpadelstore.com\/fr\/wp-json\/wp\/v2\/balance?post=216680"},{"taxonomy":"dureza","embeddable":true,"href":"https:\/\/revolutionpadelstore.com\/fr\/wp-json\/wp\/v2\/dureza?post=216680"},{"taxonomy":"forma","embeddable":true,"href":"https:\/\/revolutionpadelstore.com\/fr\/wp-json\/wp\/v2\/forma?post=216680"},{"taxonomy":"jugador","embeddable":true,"href":"https:\/\/revolutionpadelstore.com\/fr\/wp-json\/wp\/v2\/jugador?post=216680"},{"taxonomy":"marca","embeddable":true,"href":"https:\/\/revolutionpadelstore.com\/fr\/wp-json\/wp\/v2\/marca?post=216680"},{"taxonomy":"nivel-de-juego","embeddable":true,"href":"https:\/\/revolutionpadelstore.com\/fr\/wp-json\/wp\/v2\/nivel-de-juego?post=216680"},{"taxonomy":"superficie","embeddable":true,"href":"https:\/\/revolutionpadelstore.com\/fr\/wp-json\/wp\/v2\/superficie?post=216680"},{"taxonomy":"tipo-de-juego","embeddable":true,"href":"https:\/\/revolutionpadelstore.com\/fr\/wp-json\/wp\/v2\/tipo-de-juego?post=216680"},{"taxonomy":"product_brand","embeddable":true,"href":"https:\/\/revolutionpadelstore.com\/fr\/wp-json\/wp\/v2\/product_brand?post=216680"},{"taxonomy":"product_cat","embeddable":true,"href":"https:\/\/revolutionpadelstore.com\/fr\/wp-json\/wp\/v2\/product_cat?post=216680"},{"taxonomy":"product_tag","embeddable":true,"href":"https:\/\/revolutionpadelstore.com\/fr\/wp-json\/wp\/v2\/product_tag?post=216680"}],"curies":[{"name":"wp","href":"https:\/\/api.w.org\/{rel}","templated":true}]}}