{"id":216570,"date":"2025-03-31T20:45:20","date_gmt":"2025-03-31T18:45:20","guid":{"rendered":"https:\/\/revolutionpadelstore.com\/paletero-siux-trilogy\/"},"modified":"2026-04-08T05:30:10","modified_gmt":"2026-04-08T03:30:10","slug":"paletero-siux-trilogy-3","status":"publish","type":"product","link":"https:\/\/revolutionpadelstore.com\/fr\/produit\/paletero-siux-trilogy-3\/","title":{"rendered":"PALETERO SIUX TRILOGY"},"content":{"rendered":"<h2> Paletero Siux Trilogy Patty 2024 &#8211; style, capacit\u00e9 et protection thermique pour les joueurs exigeants <\/h2>\n<p>Le <strong> Paletero Siux Trilogy Patty 2024 <\/strong> est sp\u00e9cialement con\u00e7u pour les joueurs de pagaie \u00e0 la recherche d&#8217;un style <strong>, de la fonctionnalit\u00e9 et de la r\u00e9sistance <\/strong> dans chaque d\u00e9placement. Inspir\u00e9e par le <strong> Patty Llaguno Champion <\/strong>, ce Paletero combine une esth\u00e9tique \u00e9l\u00e9gante avec des solutions pratiques pour vous accompagner dans un entra\u00eenement et des matchs de haut niveau.<\/p>\n<h2> confort ergonomique maximal <\/h2>\n<p>Gr\u00e2ce \u00e0 sa conception avec <strong> un rembourrage ergonomique au dos et des poign\u00e9es r\u00e9glables <\/strong>, vous pouvez le faire pour de longs voyages sans sacrifier le confort. Il comprend un <strong> tireur sup\u00e9rieur <\/strong> qui facilite le transport d&#8217;une main, id\u00e9al pour les joueurs de mouvement dynamique et constant.<\/p>\n<h2> grande capacit\u00e9 avec protection thermique <\/h2>\n<p>Ce mod\u00e8le se distingue par son compartiment principal <strong> extragranden <\/strong>, capable de stocker jusqu&#8217;\u00e0 <strong> 7 pelles de paddle <\/strong> ou tout votre \u00e9quipement sans effort. De plus, il incorpore:<br \/>\n&lt;P style = &quot;padding-left: 40px;&quot;<br \/>\n&lt;p style = &quot;padding-left: 40px;&quot;<br \/>\n&lt;P style = &quot;padding-left: 40px;&quot;<br \/>\n&lt;P style = &quot;padding-left: 40px;&quot;<\/p>\n<h2> Pourquoi choisir la trilogie Paletero Siux Patty 2024?<\/p>\n<p style=\"padding-left: 40px\"> &#8211; id\u00e9al pour les joueurs professionnels ou exigeants. <\/p>\n<p><P> &#8211; Conception exclusive avec le support de <strong> siux <\/strong>, l&#8217;une des meilleures marques de marque <\/strong> du march\u00e9.<\/p>\n<p> &#8211; Protection thermique avanc\u00e9e pour garder vos lames en parfait \u00e9tat. <\/p>\n<p> &#8211; Space optimis\u00e9 pour organiser tous vos mat\u00e9riaux <strong> paddle <\/strong>. <\/p>\n<p style=\"padding-left: 40px\"> &#8211; esth\u00e9tique \u00e9l\u00e9gante et finitions de haute qualit\u00e9. <\/p>\n<p><strong> Obtenez la trilogie Paletero Siux Patty 2024 dans notre boutique en ligne <a href=\"https:\/\/www.revolutionpadelstore.com\/\"> www.revolutionpadelstore.com <\/a> <\/strong>, probablement le <strong> meilleur prix de march\u00e9 <\/strong>. D\u00e9couvrez tout ce dont vous avez besoin pour votre jeu en un seul endroit.<\/p>\n<h2>Paletero Siux Trilogy Patty 2024 \u2013 Estilo, capacidad y protecci\u00f3n t\u00e9rmica para jugadoras exigentes<\/h2>\n","protected":false},"excerpt":{"rendered":"<p>La trilogie Paletero Siux Patty 2024 offre un transport pratique, stable et fiable pour votre \u00e9quipe sportive. Son compartiment principal a la capacit\u00e9 de stocker jusqu&#8217;\u00e0 7 lames.<\/p>\n","protected":false},"featured_media":216576,"comment_status":"open","ping_status":"closed","template":"","meta":{"_acf_changed":false,"_joinchat":[]},"acabado":[],"balance":[],"dureza":[],"forma":[],"jugador":[],"marca":[1307],"nivel-de-juego":[],"superficie":[],"tipo-de-juego":[],"product_brand":[],"product_cat":[320],"product_tag":[],"class_list":{"0":"post-216570","1":"product","2":"type-product","3":"status-publish","4":"has-post-thumbnail","6":"marca-siux-fr","7":"product_cat-sacs","9":"first","10":"outofstock","11":"sale","12":"taxable","13":"shipping-taxable","14":"purchasable","15":"product-type-simple"},"acf":[],"yoast_head":"<!-- This site is optimized with the Yoast SEO plugin v27.4 - https:\/\/yoast.com\/product\/yoast-seo-wordpress\/ -->\n<title>PALETERO SIUX TRILOGY - Revolution Padel Store<\/title>\n<meta name=\"description\" content=\"Descubre el Paletero Siux Trilogy Patty 2024, dise\u00f1ado para jugadoras que buscan estilo, gran capacidad y protecci\u00f3n t\u00e9rmica. \u00a1C\u00f3mpralo en Revolution Padel Store al mejor precio online!\" \/>\n<meta name=\"robots\" content=\"index, follow, max-snippet:-1, max-image-preview:large, max-video-preview:-1\" \/>\n<link rel=\"canonical\" href=\"https:\/\/revolutionpadelstore.com\/fr\/produit\/paletero-siux-trilogy-3\/\" \/>\n<meta property=\"og:locale\" content=\"fr_FR\" \/>\n<meta property=\"og:type\" content=\"article\" \/>\n<meta property=\"og:title\" content=\"PALETERO SIUX TRILOGY - Revolution Padel Store\" \/>\n<meta property=\"og:description\" content=\"Descubre el Paletero Siux Trilogy Patty 2024, dise\u00f1ado para jugadoras que buscan estilo, gran capacidad y protecci\u00f3n t\u00e9rmica. \u00a1C\u00f3mpralo en Revolution Padel Store al mejor precio online!\" \/>\n<meta property=\"og:url\" content=\"https:\/\/revolutionpadelstore.com\/fr\/produit\/paletero-siux-trilogy-3\/\" \/>\n<meta property=\"og:site_name\" content=\"Revolution Padel Store\" \/>\n<meta property=\"article:modified_time\" content=\"2026-04-08T03:30:10+00:00\" \/>\n<meta property=\"og:image\" content=\"https:\/\/revolutionpadelstore.com\/wp-content\/uploads\/2025\/03\/109437_paletero_siux_triology_ss24_1500x1500_1_ee90.webp\" \/>\n\t<meta property=\"og:image:width\" content=\"1500\" \/>\n\t<meta property=\"og:image:height\" content=\"1500\" \/>\n\t<meta property=\"og:image:type\" content=\"image\/webp\" \/>\n<meta name=\"twitter:card\" content=\"summary_large_image\" \/>\n<meta name=\"twitter:label1\" content=\"Dur\u00e9e de lecture estim\u00e9e\" \/>\n\t<meta name=\"twitter:data1\" content=\"2 minutes\" \/>\n<script type=\"application\/ld+json\" class=\"yoast-schema-graph\">{\"@context\":\"https:\\\/\\\/schema.org\",\"@graph\":[{\"@type\":\"WebPage\",\"@id\":\"https:\\\/\\\/revolutionpadelstore.com\\\/fr\\\/produit\\\/paletero-siux-trilogy-3\\\/\",\"url\":\"https:\\\/\\\/revolutionpadelstore.com\\\/fr\\\/produit\\\/paletero-siux-trilogy-3\\\/\",\"name\":\"PALETERO SIUX TRILOGY - Revolution Padel Store\",\"isPartOf\":{\"@id\":\"https:\\\/\\\/revolutionpadelstore.com\\\/fr\\\/#website\"},\"primaryImageOfPage\":{\"@id\":\"https:\\\/\\\/revolutionpadelstore.com\\\/fr\\\/produit\\\/paletero-siux-trilogy-3\\\/#primaryimage\"},\"image\":{\"@id\":\"https:\\\/\\\/revolutionpadelstore.com\\\/fr\\\/produit\\\/paletero-siux-trilogy-3\\\/#primaryimage\"},\"thumbnailUrl\":\"https:\\\/\\\/revolutionpadelstore.com\\\/wp-content\\\/uploads\\\/2025\\\/03\\\/109437_paletero_siux_triology_ss24_1500x1500_1_ee90.webp\",\"datePublished\":\"2025-03-31T18:45:20+00:00\",\"dateModified\":\"2026-04-08T03:30:10+00:00\",\"description\":\"Descubre el Paletero Siux Trilogy Patty 2024, dise\u00f1ado para jugadoras que buscan estilo, gran capacidad y protecci\u00f3n t\u00e9rmica. \u00a1C\u00f3mpralo en Revolution Padel Store al mejor precio online!\",\"breadcrumb\":{\"@id\":\"https:\\\/\\\/revolutionpadelstore.com\\\/fr\\\/produit\\\/paletero-siux-trilogy-3\\\/#breadcrumb\"},\"inLanguage\":\"fr-FR\",\"potentialAction\":[{\"@type\":\"ReadAction\",\"target\":[\"https:\\\/\\\/revolutionpadelstore.com\\\/fr\\\/produit\\\/paletero-siux-trilogy-3\\\/\"]}]},{\"@type\":\"ImageObject\",\"inLanguage\":\"fr-FR\",\"@id\":\"https:\\\/\\\/revolutionpadelstore.com\\\/fr\\\/produit\\\/paletero-siux-trilogy-3\\\/#primaryimage\",\"url\":\"https:\\\/\\\/revolutionpadelstore.com\\\/wp-content\\\/uploads\\\/2025\\\/03\\\/109437_paletero_siux_triology_ss24_1500x1500_1_ee90.webp\",\"contentUrl\":\"https:\\\/\\\/revolutionpadelstore.com\\\/wp-content\\\/uploads\\\/2025\\\/03\\\/109437_paletero_siux_triology_ss24_1500x1500_1_ee90.webp\",\"width\":1500,\"height\":1500},{\"@type\":\"BreadcrumbList\",\"@id\":\"https:\\\/\\\/revolutionpadelstore.com\\\/fr\\\/produit\\\/paletero-siux-trilogy-3\\\/#breadcrumb\",\"itemListElement\":[{\"@type\":\"ListItem\",\"position\":1,\"name\":\"Portada\",\"item\":\"https:\\\/\\\/revolutionpadelstore.com\\\/fr\\\/\"},{\"@type\":\"ListItem\",\"position\":2,\"name\":\"Boutique\",\"item\":\"https:\\\/\\\/revolutionpadelstore.com\\\/fr\\\/tienda\\\/\"},{\"@type\":\"ListItem\",\"position\":3,\"name\":\"PALETERO SIUX TRILOGY\"}]},{\"@type\":\"WebSite\",\"@id\":\"https:\\\/\\\/revolutionpadelstore.com\\\/fr\\\/#website\",\"url\":\"https:\\\/\\\/revolutionpadelstore.com\\\/fr\\\/\",\"name\":\"Revolution Padel Store\",\"description\":\"\",\"publisher\":{\"@id\":\"https:\\\/\\\/revolutionpadelstore.com\\\/fr\\\/#organization\"},\"potentialAction\":[{\"@type\":\"SearchAction\",\"target\":{\"@type\":\"EntryPoint\",\"urlTemplate\":\"https:\\\/\\\/revolutionpadelstore.com\\\/fr\\\/?s={search_term_string}\"},\"query-input\":{\"@type\":\"PropertyValueSpecification\",\"valueRequired\":true,\"valueName\":\"search_term_string\"}}],\"inLanguage\":\"fr-FR\"},{\"@type\":\"Organization\",\"@id\":\"https:\\\/\\\/revolutionpadelstore.com\\\/fr\\\/#organization\",\"name\":\"Revolution Padel Store\",\"url\":\"https:\\\/\\\/revolutionpadelstore.com\\\/fr\\\/\",\"logo\":{\"@type\":\"ImageObject\",\"inLanguage\":\"fr-FR\",\"@id\":\"https:\\\/\\\/revolutionpadelstore.com\\\/fr\\\/#\\\/schema\\\/logo\\\/image\\\/\",\"url\":\"https:\\\/\\\/revolutionpadelstore.com\\\/wp-content\\\/uploads\\\/2026\\\/02\\\/revolution-padel-store.jpg\",\"contentUrl\":\"https:\\\/\\\/revolutionpadelstore.com\\\/wp-content\\\/uploads\\\/2026\\\/02\\\/revolution-padel-store.jpg\",\"width\":2000,\"height\":2000,\"caption\":\"Revolution Padel Store\"},\"image\":{\"@id\":\"https:\\\/\\\/revolutionpadelstore.com\\\/fr\\\/#\\\/schema\\\/logo\\\/image\\\/\"},\"sameAs\":[\"https:\\\/\\\/www.instagram.com\\\/revolutionpadelstore\\\/\"]}]}<\/script>\n<!-- \/ Yoast SEO plugin. -->","yoast_head_json":{"title":"PALETERO SIUX TRILOGY - Revolution Padel Store","description":"Descubre el Paletero Siux Trilogy Patty 2024, dise\u00f1ado para jugadoras que buscan estilo, gran capacidad y protecci\u00f3n t\u00e9rmica. \u00a1C\u00f3mpralo en Revolution Padel Store al mejor precio online!","robots":{"index":"index","follow":"follow","max-snippet":"max-snippet:-1","max-image-preview":"max-image-preview:large","max-video-preview":"max-video-preview:-1"},"canonical":"https:\/\/revolutionpadelstore.com\/fr\/produit\/paletero-siux-trilogy-3\/","og_locale":"fr_FR","og_type":"article","og_title":"PALETERO SIUX TRILOGY - Revolution Padel Store","og_description":"Descubre el Paletero Siux Trilogy Patty 2024, dise\u00f1ado para jugadoras que buscan estilo, gran capacidad y protecci\u00f3n t\u00e9rmica. \u00a1C\u00f3mpralo en Revolution Padel Store al mejor precio online!","og_url":"https:\/\/revolutionpadelstore.com\/fr\/produit\/paletero-siux-trilogy-3\/","og_site_name":"Revolution Padel Store","article_modified_time":"2026-04-08T03:30:10+00:00","og_image":[{"width":1500,"height":1500,"url":"https:\/\/revolutionpadelstore.com\/wp-content\/uploads\/2025\/03\/109437_paletero_siux_triology_ss24_1500x1500_1_ee90.webp","type":"image\/webp"}],"twitter_card":"summary_large_image","twitter_misc":{"Dur\u00e9e de lecture estim\u00e9e":"2 minutes"},"schema":{"@context":"https:\/\/schema.org","@graph":[{"@type":"WebPage","@id":"https:\/\/revolutionpadelstore.com\/fr\/produit\/paletero-siux-trilogy-3\/","url":"https:\/\/revolutionpadelstore.com\/fr\/produit\/paletero-siux-trilogy-3\/","name":"PALETERO SIUX TRILOGY - Revolution Padel Store","isPartOf":{"@id":"https:\/\/revolutionpadelstore.com\/fr\/#website"},"primaryImageOfPage":{"@id":"https:\/\/revolutionpadelstore.com\/fr\/produit\/paletero-siux-trilogy-3\/#primaryimage"},"image":{"@id":"https:\/\/revolutionpadelstore.com\/fr\/produit\/paletero-siux-trilogy-3\/#primaryimage"},"thumbnailUrl":"https:\/\/revolutionpadelstore.com\/wp-content\/uploads\/2025\/03\/109437_paletero_siux_triology_ss24_1500x1500_1_ee90.webp","datePublished":"2025-03-31T18:45:20+00:00","dateModified":"2026-04-08T03:30:10+00:00","description":"Descubre el Paletero Siux Trilogy Patty 2024, dise\u00f1ado para jugadoras que buscan estilo, gran capacidad y protecci\u00f3n t\u00e9rmica. \u00a1C\u00f3mpralo en Revolution Padel Store al mejor precio online!","breadcrumb":{"@id":"https:\/\/revolutionpadelstore.com\/fr\/produit\/paletero-siux-trilogy-3\/#breadcrumb"},"inLanguage":"fr-FR","potentialAction":[{"@type":"ReadAction","target":["https:\/\/revolutionpadelstore.com\/fr\/produit\/paletero-siux-trilogy-3\/"]}]},{"@type":"ImageObject","inLanguage":"fr-FR","@id":"https:\/\/revolutionpadelstore.com\/fr\/produit\/paletero-siux-trilogy-3\/#primaryimage","url":"https:\/\/revolutionpadelstore.com\/wp-content\/uploads\/2025\/03\/109437_paletero_siux_triology_ss24_1500x1500_1_ee90.webp","contentUrl":"https:\/\/revolutionpadelstore.com\/wp-content\/uploads\/2025\/03\/109437_paletero_siux_triology_ss24_1500x1500_1_ee90.webp","width":1500,"height":1500},{"@type":"BreadcrumbList","@id":"https:\/\/revolutionpadelstore.com\/fr\/produit\/paletero-siux-trilogy-3\/#breadcrumb","itemListElement":[{"@type":"ListItem","position":1,"name":"Portada","item":"https:\/\/revolutionpadelstore.com\/fr\/"},{"@type":"ListItem","position":2,"name":"Boutique","item":"https:\/\/revolutionpadelstore.com\/fr\/tienda\/"},{"@type":"ListItem","position":3,"name":"PALETERO SIUX TRILOGY"}]},{"@type":"WebSite","@id":"https:\/\/revolutionpadelstore.com\/fr\/#website","url":"https:\/\/revolutionpadelstore.com\/fr\/","name":"Revolution Padel Store","description":"","publisher":{"@id":"https:\/\/revolutionpadelstore.com\/fr\/#organization"},"potentialAction":[{"@type":"SearchAction","target":{"@type":"EntryPoint","urlTemplate":"https:\/\/revolutionpadelstore.com\/fr\/?s={search_term_string}"},"query-input":{"@type":"PropertyValueSpecification","valueRequired":true,"valueName":"search_term_string"}}],"inLanguage":"fr-FR"},{"@type":"Organization","@id":"https:\/\/revolutionpadelstore.com\/fr\/#organization","name":"Revolution Padel Store","url":"https:\/\/revolutionpadelstore.com\/fr\/","logo":{"@type":"ImageObject","inLanguage":"fr-FR","@id":"https:\/\/revolutionpadelstore.com\/fr\/#\/schema\/logo\/image\/","url":"https:\/\/revolutionpadelstore.com\/wp-content\/uploads\/2026\/02\/revolution-padel-store.jpg","contentUrl":"https:\/\/revolutionpadelstore.com\/wp-content\/uploads\/2026\/02\/revolution-padel-store.jpg","width":2000,"height":2000,"caption":"Revolution Padel Store"},"image":{"@id":"https:\/\/revolutionpadelstore.com\/fr\/#\/schema\/logo\/image\/"},"sameAs":["https:\/\/www.instagram.com\/revolutionpadelstore\/"]}]}},"_links":{"self":[{"href":"https:\/\/revolutionpadelstore.com\/fr\/wp-json\/wp\/v2\/product\/216570","targetHints":{"allow":["GET"]}}],"collection":[{"href":"https:\/\/revolutionpadelstore.com\/fr\/wp-json\/wp\/v2\/product"}],"about":[{"href":"https:\/\/revolutionpadelstore.com\/fr\/wp-json\/wp\/v2\/types\/product"}],"replies":[{"embeddable":true,"href":"https:\/\/revolutionpadelstore.com\/fr\/wp-json\/wp\/v2\/comments?post=216570"}],"wp:featuredmedia":[{"embeddable":true,"href":"https:\/\/revolutionpadelstore.com\/fr\/wp-json\/wp\/v2\/media\/216576"}],"wp:attachment":[{"href":"https:\/\/revolutionpadelstore.com\/fr\/wp-json\/wp\/v2\/media?parent=216570"}],"wp:term":[{"taxonomy":"acabado","embeddable":true,"href":"https:\/\/revolutionpadelstore.com\/fr\/wp-json\/wp\/v2\/acabado?post=216570"},{"taxonomy":"balance","embeddable":true,"href":"https:\/\/revolutionpadelstore.com\/fr\/wp-json\/wp\/v2\/balance?post=216570"},{"taxonomy":"dureza","embeddable":true,"href":"https:\/\/revolutionpadelstore.com\/fr\/wp-json\/wp\/v2\/dureza?post=216570"},{"taxonomy":"forma","embeddable":true,"href":"https:\/\/revolutionpadelstore.com\/fr\/wp-json\/wp\/v2\/forma?post=216570"},{"taxonomy":"jugador","embeddable":true,"href":"https:\/\/revolutionpadelstore.com\/fr\/wp-json\/wp\/v2\/jugador?post=216570"},{"taxonomy":"marca","embeddable":true,"href":"https:\/\/revolutionpadelstore.com\/fr\/wp-json\/wp\/v2\/marca?post=216570"},{"taxonomy":"nivel-de-juego","embeddable":true,"href":"https:\/\/revolutionpadelstore.com\/fr\/wp-json\/wp\/v2\/nivel-de-juego?post=216570"},{"taxonomy":"superficie","embeddable":true,"href":"https:\/\/revolutionpadelstore.com\/fr\/wp-json\/wp\/v2\/superficie?post=216570"},{"taxonomy":"tipo-de-juego","embeddable":true,"href":"https:\/\/revolutionpadelstore.com\/fr\/wp-json\/wp\/v2\/tipo-de-juego?post=216570"},{"taxonomy":"product_brand","embeddable":true,"href":"https:\/\/revolutionpadelstore.com\/fr\/wp-json\/wp\/v2\/product_brand?post=216570"},{"taxonomy":"product_cat","embeddable":true,"href":"https:\/\/revolutionpadelstore.com\/fr\/wp-json\/wp\/v2\/product_cat?post=216570"},{"taxonomy":"product_tag","embeddable":true,"href":"https:\/\/revolutionpadelstore.com\/fr\/wp-json\/wp\/v2\/product_tag?post=216570"}],"curies":[{"name":"wp","href":"https:\/\/api.w.org\/{rel}","templated":true}]}}