{"id":216485,"date":"2025-03-26T12:45:57","date_gmt":"2025-03-26T11:45:57","guid":{"rendered":"https:\/\/revolutionpadelstore.com\/siux-electra-go-4\/"},"modified":"2026-04-08T05:31:41","modified_gmt":"2026-04-08T03:31:41","slug":"siux-electra-go-4-3","status":"publish","type":"product","link":"https:\/\/revolutionpadelstore.com\/fr\/produit\/siux-electra-go-4-3\/","title":{"rendered":"SIUX ELECTRA GO 4"},"content":{"rendered":"<br \/>\n<h2> <strong> siux electra go 4 &#8211; polyvalence et \u00e9quilibre pour les joueurs interm\u00e9diaires <\/strong> <\/h2>\n<p>Le Siux Electra GO 4 est la pelle parfaite pour ceux qui recherchent des performances compl\u00e8tes sur la piste. Formulaire hybride con\u00e7u, combinez le meilleur du contr\u00f4le et de la puissance, s&#8217;adaptant \u00e0 plusieurs styles de jeu. Id\u00e9al pour les joueurs de niveau interm\u00e9diaire, cette pelle est votre alli\u00e9 si vous perfectionnez votre technique et que vous avez besoin d&#8217;un outil polyvalent qui r\u00e9pond fermement en d\u00e9fense et en attaque.<\/p>\n<h2> <strong> Caract\u00e9ristiques techniques pro\u00e9minentes <\/strong> <\/h2>\n<p> &#8211; Niveau de jeu: interm\u00e9diaire <\/p>\n<p style=\"padding-left: 40px\"> &#8211; Form: hybride (\u00e9quilibre entre le contr\u00f4le et la puissance) <\/p>\n<p style=\"padding-left: 40px\"> &#8211; poids: 355-375 g (\u00e9quilibre id\u00e9al entre la gestion et la solidit\u00e9) <\/p>\n<p> &#8211; Nucleus: EVA Rubber-Medium \/ Hard Touch qui optimise la puissance et le contr\u00f4le <\/p>\n<p>&lt;p style = &quot;padding-left: 40px;&quot;<\/p>\n<p> &#8211; Cadre: tubulaire 50\/50-Greater Durabilit\u00e9 et rigidit\u00e9 structurelle <\/p>\n<p> &#8211; Balance: moyens \u00e0 allows un jeu polyvalent dans tous les domaines de la piste <\/p>\n<p style=\"padding-left: 40px\"> &#8211; finition: luminosit\u00e9 + sable (finition de sable) pour de meilleurs effets frappants et esth\u00e9tique <\/p>\n<h2> <strong> Avantages pour le joueur <\/strong> <\/h2>\n<p> &#8211; Volyvabilit\u00e9 totale: adaptabilit\u00e9 pour tout type de jeu ou rival <\/p>\n<p> &#8211; Balanced Touch: Ideal to Master Offensive Game sans perdre le contr\u00f4le <\/p>\n<p> &#8211; Conception robuste: mat\u00e9riaux de haute qualit\u00e9 pour les performances prolong\u00e9es <\/p>\n<p> &#8211; parfait pour progresser: am\u00e9lioration technique continue gr\u00e2ce \u00e0 votre r\u00e9ponse \u00e9quilibr\u00e9e <\/p>\n<h2> <strong> Pourquoi choisir le Siux Electra Go 4? <\/strong> <\/h2>\n<p>Siux, l&#8217;une des marques de paddle les plus reconnues du march\u00e9, a cr\u00e9\u00e9 l&#8217;Electra GO 4 pour ceux qui veulent grandir dans leur jeu en toute confiance. Son design \u00e9quilibr\u00e9, son excellente durabilit\u00e9 et ses excellentes performances en font une option id\u00e9ale pour ceux qui recherchent des pelles de palette interm\u00e9diaire de haute qualit\u00e9.<\/p>\n<p>Ne manquez pas l&#8217;occasion de jouer avec une pelle qui vous adapte et vos besoins sur la piste. Obtenez le Siux Electra Go 4 et passez votre niveau \u00e0 l&#8217;\u00e9tape suivante.<\/p>\n<p>Disponible maintenant dans notre boutique en ligne <a href=\"http:\/\/www.revolutionpadelstore.com\/\"> www.revolutionpadelstore.com <\/a>, probablement au meilleur prix du march\u00e9.<\/p>\n<h2><strong>Siux Electra Go 4 \u2013 Versatilidad y equilibrio para jugadores intermedios<\/strong><\/p>\n","protected":false},"excerpt":{"rendered":"<p>Le Siux Electra Go 4 est une pelle con\u00e7ue pour les joueurs de niveau interm\u00e9diaire. Il a une forme hybride, int\u00e8gre un noyau de caoutchouc EVA et de surfaces flexibles 3K. Il est parfait pour un style de jeu polyvalent, offrant une touche entre et dur.<\/p>\n","protected":false},"featured_media":216479,"comment_status":"open","ping_status":"closed","template":"","meta":{"_acf_changed":false,"_joinchat":[]},"acabado":[1082],"balance":[1142],"dureza":[1157],"forma":[1177],"jugador":[1192,1202],"marca":[1307],"nivel-de-juego":[1342,1352],"superficie":[1362],"tipo-de-juego":[1387],"product_brand":[],"product_cat":[302],"product_tag":[],"class_list":{"0":"post-216485","1":"product","2":"type-product","3":"status-publish","4":"has-post-thumbnail","6":"acabado-luminosite","7":"balance-moyen","8":"dureza-media-fr","9":"forma-hybride","10":"jugador-homme","11":"jugador-polivalente-fr","12":"marca-siux-fr","13":"superficie-rugosa-fr","14":"tipo-de-juego-polivalente-fr","15":"product_cat-palas-de-padel-fr","17":"first","18":"instock","19":"sale","20":"taxable","21":"shipping-taxable","22":"purchasable","23":"product-type-simple"},"acf":[],"yoast_head":"<!-- This site is optimized with the Yoast SEO plugin v27.4 - https:\/\/yoast.com\/product\/yoast-seo-wordpress\/ -->\n<title>SIUX ELECTRA GO 4 - Revolution Padel Store<\/title>\n<meta name=\"description\" content=\"Pala Siux Electra Go 4 para jugadores intermedios. Dise\u00f1o h\u00edbrido, tacto medio\/duro, gran equilibrio entre control y potencia. \u00a1Compra online al mejor precio en Revolution Padel Store!\" \/>\n<meta name=\"robots\" content=\"index, follow, max-snippet:-1, max-image-preview:large, max-video-preview:-1\" \/>\n<link rel=\"canonical\" href=\"https:\/\/revolutionpadelstore.com\/fr\/produit\/siux-electra-go-4-3\/\" \/>\n<meta property=\"og:locale\" content=\"fr_FR\" \/>\n<meta property=\"og:type\" content=\"article\" \/>\n<meta property=\"og:title\" content=\"SIUX ELECTRA GO 4 - Revolution Padel Store\" \/>\n<meta property=\"og:description\" content=\"Pala Siux Electra Go 4 para jugadores intermedios. Dise\u00f1o h\u00edbrido, tacto medio\/duro, gran equilibrio entre control y potencia. \u00a1Compra online al mejor precio en Revolution Padel Store!\" \/>\n<meta property=\"og:url\" content=\"https:\/\/revolutionpadelstore.com\/fr\/produit\/siux-electra-go-4-3\/\" \/>\n<meta property=\"og:site_name\" content=\"Revolution Padel Store\" \/>\n<meta property=\"article:modified_time\" content=\"2026-04-08T03:31:41+00:00\" \/>\n<meta property=\"og:image\" content=\"https:\/\/revolutionpadelstore.com\/wp-content\/uploads\/2025\/03\/112635-siux-electra-go-4-1500x1500-1.webp\" \/>\n\t<meta property=\"og:image:width\" content=\"1500\" \/>\n\t<meta property=\"og:image:height\" content=\"1500\" \/>\n\t<meta property=\"og:image:type\" content=\"image\/webp\" \/>\n<meta name=\"twitter:card\" content=\"summary_large_image\" \/>\n<meta name=\"twitter:label1\" content=\"Dur\u00e9e de lecture estim\u00e9e\" \/>\n\t<meta name=\"twitter:data1\" content=\"2 minutes\" \/>\n<script type=\"application\/ld+json\" class=\"yoast-schema-graph\">{\"@context\":\"https:\\\/\\\/schema.org\",\"@graph\":[{\"@type\":\"WebPage\",\"@id\":\"https:\\\/\\\/revolutionpadelstore.com\\\/fr\\\/produit\\\/siux-electra-go-4-3\\\/\",\"url\":\"https:\\\/\\\/revolutionpadelstore.com\\\/fr\\\/produit\\\/siux-electra-go-4-3\\\/\",\"name\":\"SIUX ELECTRA GO 4 - Revolution Padel Store\",\"isPartOf\":{\"@id\":\"https:\\\/\\\/revolutionpadelstore.com\\\/fr\\\/#website\"},\"primaryImageOfPage\":{\"@id\":\"https:\\\/\\\/revolutionpadelstore.com\\\/fr\\\/produit\\\/siux-electra-go-4-3\\\/#primaryimage\"},\"image\":{\"@id\":\"https:\\\/\\\/revolutionpadelstore.com\\\/fr\\\/produit\\\/siux-electra-go-4-3\\\/#primaryimage\"},\"thumbnailUrl\":\"https:\\\/\\\/revolutionpadelstore.com\\\/wp-content\\\/uploads\\\/2025\\\/03\\\/112635-siux-electra-go-4-1500x1500-1.webp\",\"datePublished\":\"2025-03-26T11:45:57+00:00\",\"dateModified\":\"2026-04-08T03:31:41+00:00\",\"description\":\"Pala Siux Electra Go 4 para jugadores intermedios. Dise\u00f1o h\u00edbrido, tacto medio\\\/duro, gran equilibrio entre control y potencia. \u00a1Compra online al mejor precio en Revolution Padel Store!\",\"breadcrumb\":{\"@id\":\"https:\\\/\\\/revolutionpadelstore.com\\\/fr\\\/produit\\\/siux-electra-go-4-3\\\/#breadcrumb\"},\"inLanguage\":\"fr-FR\",\"potentialAction\":[{\"@type\":\"ReadAction\",\"target\":[\"https:\\\/\\\/revolutionpadelstore.com\\\/fr\\\/produit\\\/siux-electra-go-4-3\\\/\"]}]},{\"@type\":\"ImageObject\",\"inLanguage\":\"fr-FR\",\"@id\":\"https:\\\/\\\/revolutionpadelstore.com\\\/fr\\\/produit\\\/siux-electra-go-4-3\\\/#primaryimage\",\"url\":\"https:\\\/\\\/revolutionpadelstore.com\\\/wp-content\\\/uploads\\\/2025\\\/03\\\/112635-siux-electra-go-4-1500x1500-1.webp\",\"contentUrl\":\"https:\\\/\\\/revolutionpadelstore.com\\\/wp-content\\\/uploads\\\/2025\\\/03\\\/112635-siux-electra-go-4-1500x1500-1.webp\",\"width\":1500,\"height\":1500},{\"@type\":\"BreadcrumbList\",\"@id\":\"https:\\\/\\\/revolutionpadelstore.com\\\/fr\\\/produit\\\/siux-electra-go-4-3\\\/#breadcrumb\",\"itemListElement\":[{\"@type\":\"ListItem\",\"position\":1,\"name\":\"Portada\",\"item\":\"https:\\\/\\\/revolutionpadelstore.com\\\/fr\\\/\"},{\"@type\":\"ListItem\",\"position\":2,\"name\":\"Boutique\",\"item\":\"https:\\\/\\\/revolutionpadelstore.com\\\/fr\\\/tienda\\\/\"},{\"@type\":\"ListItem\",\"position\":3,\"name\":\"SIUX ELECTRA GO 4\"}]},{\"@type\":\"WebSite\",\"@id\":\"https:\\\/\\\/revolutionpadelstore.com\\\/fr\\\/#website\",\"url\":\"https:\\\/\\\/revolutionpadelstore.com\\\/fr\\\/\",\"name\":\"Revolution Padel Store\",\"description\":\"\",\"publisher\":{\"@id\":\"https:\\\/\\\/revolutionpadelstore.com\\\/fr\\\/#organization\"},\"potentialAction\":[{\"@type\":\"SearchAction\",\"target\":{\"@type\":\"EntryPoint\",\"urlTemplate\":\"https:\\\/\\\/revolutionpadelstore.com\\\/fr\\\/?s={search_term_string}\"},\"query-input\":{\"@type\":\"PropertyValueSpecification\",\"valueRequired\":true,\"valueName\":\"search_term_string\"}}],\"inLanguage\":\"fr-FR\"},{\"@type\":\"Organization\",\"@id\":\"https:\\\/\\\/revolutionpadelstore.com\\\/fr\\\/#organization\",\"name\":\"Revolution Padel Store\",\"url\":\"https:\\\/\\\/revolutionpadelstore.com\\\/fr\\\/\",\"logo\":{\"@type\":\"ImageObject\",\"inLanguage\":\"fr-FR\",\"@id\":\"https:\\\/\\\/revolutionpadelstore.com\\\/fr\\\/#\\\/schema\\\/logo\\\/image\\\/\",\"url\":\"https:\\\/\\\/revolutionpadelstore.com\\\/wp-content\\\/uploads\\\/2026\\\/02\\\/revolution-padel-store.jpg\",\"contentUrl\":\"https:\\\/\\\/revolutionpadelstore.com\\\/wp-content\\\/uploads\\\/2026\\\/02\\\/revolution-padel-store.jpg\",\"width\":2000,\"height\":2000,\"caption\":\"Revolution Padel Store\"},\"image\":{\"@id\":\"https:\\\/\\\/revolutionpadelstore.com\\\/fr\\\/#\\\/schema\\\/logo\\\/image\\\/\"},\"sameAs\":[\"https:\\\/\\\/www.instagram.com\\\/revolutionpadelstore\\\/\"]}]}<\/script>\n<!-- \/ Yoast SEO plugin. -->","yoast_head_json":{"title":"SIUX ELECTRA GO 4 - Revolution Padel Store","description":"Pala Siux Electra Go 4 para jugadores intermedios. Dise\u00f1o h\u00edbrido, tacto medio\/duro, gran equilibrio entre control y potencia. \u00a1Compra online al mejor precio en Revolution Padel Store!","robots":{"index":"index","follow":"follow","max-snippet":"max-snippet:-1","max-image-preview":"max-image-preview:large","max-video-preview":"max-video-preview:-1"},"canonical":"https:\/\/revolutionpadelstore.com\/fr\/produit\/siux-electra-go-4-3\/","og_locale":"fr_FR","og_type":"article","og_title":"SIUX ELECTRA GO 4 - Revolution Padel Store","og_description":"Pala Siux Electra Go 4 para jugadores intermedios. Dise\u00f1o h\u00edbrido, tacto medio\/duro, gran equilibrio entre control y potencia. \u00a1Compra online al mejor precio en Revolution Padel Store!","og_url":"https:\/\/revolutionpadelstore.com\/fr\/produit\/siux-electra-go-4-3\/","og_site_name":"Revolution Padel Store","article_modified_time":"2026-04-08T03:31:41+00:00","og_image":[{"width":1500,"height":1500,"url":"https:\/\/revolutionpadelstore.com\/wp-content\/uploads\/2025\/03\/112635-siux-electra-go-4-1500x1500-1.webp","type":"image\/webp"}],"twitter_card":"summary_large_image","twitter_misc":{"Dur\u00e9e de lecture estim\u00e9e":"2 minutes"},"schema":{"@context":"https:\/\/schema.org","@graph":[{"@type":"WebPage","@id":"https:\/\/revolutionpadelstore.com\/fr\/produit\/siux-electra-go-4-3\/","url":"https:\/\/revolutionpadelstore.com\/fr\/produit\/siux-electra-go-4-3\/","name":"SIUX ELECTRA GO 4 - Revolution Padel Store","isPartOf":{"@id":"https:\/\/revolutionpadelstore.com\/fr\/#website"},"primaryImageOfPage":{"@id":"https:\/\/revolutionpadelstore.com\/fr\/produit\/siux-electra-go-4-3\/#primaryimage"},"image":{"@id":"https:\/\/revolutionpadelstore.com\/fr\/produit\/siux-electra-go-4-3\/#primaryimage"},"thumbnailUrl":"https:\/\/revolutionpadelstore.com\/wp-content\/uploads\/2025\/03\/112635-siux-electra-go-4-1500x1500-1.webp","datePublished":"2025-03-26T11:45:57+00:00","dateModified":"2026-04-08T03:31:41+00:00","description":"Pala Siux Electra Go 4 para jugadores intermedios. Dise\u00f1o h\u00edbrido, tacto medio\/duro, gran equilibrio entre control y potencia. \u00a1Compra online al mejor precio en Revolution Padel Store!","breadcrumb":{"@id":"https:\/\/revolutionpadelstore.com\/fr\/produit\/siux-electra-go-4-3\/#breadcrumb"},"inLanguage":"fr-FR","potentialAction":[{"@type":"ReadAction","target":["https:\/\/revolutionpadelstore.com\/fr\/produit\/siux-electra-go-4-3\/"]}]},{"@type":"ImageObject","inLanguage":"fr-FR","@id":"https:\/\/revolutionpadelstore.com\/fr\/produit\/siux-electra-go-4-3\/#primaryimage","url":"https:\/\/revolutionpadelstore.com\/wp-content\/uploads\/2025\/03\/112635-siux-electra-go-4-1500x1500-1.webp","contentUrl":"https:\/\/revolutionpadelstore.com\/wp-content\/uploads\/2025\/03\/112635-siux-electra-go-4-1500x1500-1.webp","width":1500,"height":1500},{"@type":"BreadcrumbList","@id":"https:\/\/revolutionpadelstore.com\/fr\/produit\/siux-electra-go-4-3\/#breadcrumb","itemListElement":[{"@type":"ListItem","position":1,"name":"Portada","item":"https:\/\/revolutionpadelstore.com\/fr\/"},{"@type":"ListItem","position":2,"name":"Boutique","item":"https:\/\/revolutionpadelstore.com\/fr\/tienda\/"},{"@type":"ListItem","position":3,"name":"SIUX ELECTRA GO 4"}]},{"@type":"WebSite","@id":"https:\/\/revolutionpadelstore.com\/fr\/#website","url":"https:\/\/revolutionpadelstore.com\/fr\/","name":"Revolution Padel Store","description":"","publisher":{"@id":"https:\/\/revolutionpadelstore.com\/fr\/#organization"},"potentialAction":[{"@type":"SearchAction","target":{"@type":"EntryPoint","urlTemplate":"https:\/\/revolutionpadelstore.com\/fr\/?s={search_term_string}"},"query-input":{"@type":"PropertyValueSpecification","valueRequired":true,"valueName":"search_term_string"}}],"inLanguage":"fr-FR"},{"@type":"Organization","@id":"https:\/\/revolutionpadelstore.com\/fr\/#organization","name":"Revolution Padel Store","url":"https:\/\/revolutionpadelstore.com\/fr\/","logo":{"@type":"ImageObject","inLanguage":"fr-FR","@id":"https:\/\/revolutionpadelstore.com\/fr\/#\/schema\/logo\/image\/","url":"https:\/\/revolutionpadelstore.com\/wp-content\/uploads\/2026\/02\/revolution-padel-store.jpg","contentUrl":"https:\/\/revolutionpadelstore.com\/wp-content\/uploads\/2026\/02\/revolution-padel-store.jpg","width":2000,"height":2000,"caption":"Revolution Padel Store"},"image":{"@id":"https:\/\/revolutionpadelstore.com\/fr\/#\/schema\/logo\/image\/"},"sameAs":["https:\/\/www.instagram.com\/revolutionpadelstore\/"]}]}},"_links":{"self":[{"href":"https:\/\/revolutionpadelstore.com\/fr\/wp-json\/wp\/v2\/product\/216485","targetHints":{"allow":["GET"]}}],"collection":[{"href":"https:\/\/revolutionpadelstore.com\/fr\/wp-json\/wp\/v2\/product"}],"about":[{"href":"https:\/\/revolutionpadelstore.com\/fr\/wp-json\/wp\/v2\/types\/product"}],"replies":[{"embeddable":true,"href":"https:\/\/revolutionpadelstore.com\/fr\/wp-json\/wp\/v2\/comments?post=216485"}],"wp:featuredmedia":[{"embeddable":true,"href":"https:\/\/revolutionpadelstore.com\/fr\/wp-json\/wp\/v2\/media\/216479"}],"wp:attachment":[{"href":"https:\/\/revolutionpadelstore.com\/fr\/wp-json\/wp\/v2\/media?parent=216485"}],"wp:term":[{"taxonomy":"acabado","embeddable":true,"href":"https:\/\/revolutionpadelstore.com\/fr\/wp-json\/wp\/v2\/acabado?post=216485"},{"taxonomy":"balance","embeddable":true,"href":"https:\/\/revolutionpadelstore.com\/fr\/wp-json\/wp\/v2\/balance?post=216485"},{"taxonomy":"dureza","embeddable":true,"href":"https:\/\/revolutionpadelstore.com\/fr\/wp-json\/wp\/v2\/dureza?post=216485"},{"taxonomy":"forma","embeddable":true,"href":"https:\/\/revolutionpadelstore.com\/fr\/wp-json\/wp\/v2\/forma?post=216485"},{"taxonomy":"jugador","embeddable":true,"href":"https:\/\/revolutionpadelstore.com\/fr\/wp-json\/wp\/v2\/jugador?post=216485"},{"taxonomy":"marca","embeddable":true,"href":"https:\/\/revolutionpadelstore.com\/fr\/wp-json\/wp\/v2\/marca?post=216485"},{"taxonomy":"nivel-de-juego","embeddable":true,"href":"https:\/\/revolutionpadelstore.com\/fr\/wp-json\/wp\/v2\/nivel-de-juego?post=216485"},{"taxonomy":"superficie","embeddable":true,"href":"https:\/\/revolutionpadelstore.com\/fr\/wp-json\/wp\/v2\/superficie?post=216485"},{"taxonomy":"tipo-de-juego","embeddable":true,"href":"https:\/\/revolutionpadelstore.com\/fr\/wp-json\/wp\/v2\/tipo-de-juego?post=216485"},{"taxonomy":"product_brand","embeddable":true,"href":"https:\/\/revolutionpadelstore.com\/fr\/wp-json\/wp\/v2\/product_brand?post=216485"},{"taxonomy":"product_cat","embeddable":true,"href":"https:\/\/revolutionpadelstore.com\/fr\/wp-json\/wp\/v2\/product_cat?post=216485"},{"taxonomy":"product_tag","embeddable":true,"href":"https:\/\/revolutionpadelstore.com\/fr\/wp-json\/wp\/v2\/product_tag?post=216485"}],"curies":[{"name":"wp","href":"https:\/\/api.w.org\/{rel}","templated":true}]}}