{"id":216433,"date":"2025-03-25T23:35:39","date_gmt":"2025-03-25T22:35:39","guid":{"rendered":"https:\/\/revolutionpadelstore.com\/siux-fenix-pro-5-black\/"},"modified":"2026-04-21T14:01:01","modified_gmt":"2026-04-21T12:01:01","slug":"siux-fenix-pro-5-black-3","status":"publish","type":"product","link":"https:\/\/revolutionpadelstore.com\/fr\/produit\/siux-fenix-pro-5-black-3\/","title":{"rendered":"SIUX FENIX PRO 5 BLACK"},"content":{"rendered":"<h2> <strong> Siux Fenix \u200b\u200bPro 5 Black &#8211; Pouvoir explosif pour les joueurs professionnels <\/strong> <\/h2>\n<h2> <strong> La pelle officielle de Leo Augsburger, id\u00e9ale pour dominer le r\u00e9seau <\/strong> <\/h2>\n<p>Le Siux Fenix \u200b\u200bPro 5 Black est une pelle \u00e0 palette professionnelle con\u00e7ue pour les joueurs avanc\u00e9s \u00e0 la recherche de performances offensives maximales. Son format de diamant et son \u00e9quilibre \u00e9lev\u00e9 font de chacun une arme d&#8217;attaque puissante. Utilis\u00e9 par le joueur professionnel Leo Augsburger, cette pelle offre une combinaison parfaite de pr\u00e9cision, de puissance et de style.<\/p>\n<h2> <strong> Caract\u00e9ristiques techniques du Siux Fenix \u200b\u200bPro 5 Black <\/strong> <\/h2>\n<p> &#8211; Form: Diamond-maximum Power in the Offensive Game <\/p>\n<p> &#8211; Balance: Id\u00e9al \u00e9lev\u00e9 pour les ench\u00e8res puissantes et les coups agressifs pr\u00e8s du r\u00e9seau <\/p>\n<p style=\"padding-left: 40px\"> &#8211; Mat\u00e9riau plan: carbone 24k-haut r\u00e9sistance, durabilit\u00e9 et excellente sortie de la balle <\/p>\n<p><P> &#8211; Core: Black Eva Rubber-Greater-Greater Rimidit\u00e9, Hard Touch and Effective Vibration Absorption <\/p>\n<p style=\"padding-left: 40px\"> &#8211; 3d finition rugueuse-am\u00e9liore les effets sur les coups coup\u00e9s et lev\u00e9s <\/p>\n<p><P> &#8211; STRAP STRAP SYSTEM-REPLACEABLE CORREA Pour personnaliser la poign\u00e9e <\/p>\n<p> &#8211; Long Fist Favors l&#8217;utilisation de deux mains <\/p>\n<h2> <strong> Avantages de jouer avec Fenix \u200b\u200bPro 5 Black <\/strong> <\/h2>\n<p> &#8211; Con\u00e7u pour les joueurs avanc\u00e9s et professionnels <\/p>\n<p> &#8211; Excellentes performances dans les comp\u00e9titions et les situations d&#8217;attaque <\/p>\n<p style=\"padding-left: 40px\"> &#8211; r\u00e9sistant et robuste pour soutenir les impacts exigeants <\/p>\n<p> &#8211; parfait pour un style de jeu agressif, technique et dominant <\/p>\n<h2> <strong> Pourquoi choisir le Siux Fenix \u200b\u200bPro 5 Black?<br \/>\nSi votre style est bas\u00e9 sur la puissance, le contr\u00f4le offensif et la pr\u00e9cision \u00e0 chaque point, cette pelle est faite pour vous. Sa construction avec des mat\u00e9riaux premium et des d\u00e9tails techniques avanc\u00e9s, tels que la sangle de commutation et le carbone 24K, vous assurent une performance professionnelle dans chaque partie.<\/p>\n<h2> <strong> Passez votre jeu au niveau suivant <\/strong> <\/h2>\n<p>Faites comme Leo Augsburger et choisissez une pelle qui fait une diff\u00e9rence. Le Siux Fenix \u200b\u200bPro 5 Black est le choix d\u00e9finitif pour les joueurs qui cherchent \u00e0 mettre en \u00e9vidence et \u00e0 ma\u00eetriser la piste \u00e0 chaque coup.<\/p>\n<p><strong> achetez-le dans <a href=\"http:\/\/www.revolutionpadelstore.com\/\"> www.revolutionpadelstore.com <\/a>, probablement au meilleur prix du march\u00e9! <\/strong><\/p>\n","protected":false},"excerpt":{"rendered":"<p>Le Siux Fenix \u200b\u200bPro 5 Black est con\u00e7u pour les joueurs exp\u00e9riment\u00e9s qui souhaitent combiner la force, la pr\u00e9cision et le contr\u00f4le de leur jeu. Son \u00e9quilibre \u00e9lev\u00e9 et son carbone sont confront\u00e9s \u00e0 24K am\u00e9liorent les performances \u00e0 l&#8217;int\u00e9rieur de la piste.<\/p>\n","protected":false},"featured_media":216392,"comment_status":"open","ping_status":"closed","template":"","meta":{"_acf_changed":false,"_joinchat":[]},"acabado":[1092],"balance":[1137],"dureza":[1162],"forma":[1172],"jugador":[1192,1202],"marca":[1307],"nivel-de-juego":[1337,1347],"superficie":[1362],"tipo-de-juego":[1377],"product_brand":[],"product_cat":[302],"product_tag":[],"class_list":{"0":"post-216433","1":"product","2":"type-product","3":"status-publish","4":"has-post-thumbnail","6":"acabado-soulager-la-3d","7":"balance-eleve","8":"dureza-dure","9":"forma-diamant","10":"jugador-homme","11":"jugador-polivalente-fr","12":"marca-siux-fr","13":"superficie-rugosa-fr","14":"tipo-de-juego-puissance","15":"product_cat-palas-de-padel-fr","17":"first","18":"instock","19":"sale","20":"taxable","21":"shipping-taxable","22":"purchasable","23":"product-type-simple"},"acf":[],"yoast_head":"<!-- This site is optimized with the Yoast SEO plugin v27.4 - https:\/\/yoast.com\/product\/yoast-seo-wordpress\/ -->\n<title>SIUX FENIX PRO 5 BLACK - Revolution Padel Store<\/title>\n<meta name=\"description\" content=\"Compra la pala Siux Fenix Pro 5 Black, elegida por Leo Augsburger. M\u00e1xima potencia, precisi\u00f3n y tecnolog\u00eda para jugadores profesionales. \u00a1Disponible en Revolution Padel Store al mejor precio!\" \/>\n<meta name=\"robots\" content=\"index, follow, max-snippet:-1, max-image-preview:large, max-video-preview:-1\" \/>\n<link rel=\"canonical\" href=\"https:\/\/revolutionpadelstore.com\/fr\/produit\/siux-fenix-pro-5-black-3\/\" \/>\n<meta property=\"og:locale\" content=\"fr_FR\" \/>\n<meta property=\"og:type\" content=\"article\" \/>\n<meta property=\"og:title\" content=\"SIUX FENIX PRO 5 BLACK - Revolution Padel Store\" \/>\n<meta property=\"og:description\" content=\"Compra la pala Siux Fenix Pro 5 Black, elegida por Leo Augsburger. M\u00e1xima potencia, precisi\u00f3n y tecnolog\u00eda para jugadores profesionales. \u00a1Disponible en Revolution Padel Store al mejor precio!\" \/>\n<meta property=\"og:url\" content=\"https:\/\/revolutionpadelstore.com\/fr\/produit\/siux-fenix-pro-5-black-3\/\" \/>\n<meta property=\"og:site_name\" content=\"Revolution Padel Store\" \/>\n<meta property=\"article:modified_time\" content=\"2026-04-21T12:01:01+00:00\" \/>\n<meta property=\"og:image\" content=\"https:\/\/revolutionpadelstore.com\/wp-content\/uploads\/2025\/03\/115239-siux-fenix-pro-5-black-1500x1500-1.webp\" \/>\n\t<meta property=\"og:image:width\" content=\"1500\" \/>\n\t<meta property=\"og:image:height\" content=\"1500\" \/>\n\t<meta property=\"og:image:type\" content=\"image\/webp\" \/>\n<meta name=\"twitter:card\" content=\"summary_large_image\" \/>\n<meta name=\"twitter:label1\" content=\"Dur\u00e9e de lecture estim\u00e9e\" \/>\n\t<meta name=\"twitter:data1\" content=\"2 minutes\" \/>\n<script type=\"application\/ld+json\" class=\"yoast-schema-graph\">{\"@context\":\"https:\\\/\\\/schema.org\",\"@graph\":[{\"@type\":\"WebPage\",\"@id\":\"https:\\\/\\\/revolutionpadelstore.com\\\/fr\\\/produit\\\/siux-fenix-pro-5-black-3\\\/\",\"url\":\"https:\\\/\\\/revolutionpadelstore.com\\\/fr\\\/produit\\\/siux-fenix-pro-5-black-3\\\/\",\"name\":\"SIUX FENIX PRO 5 BLACK - Revolution Padel Store\",\"isPartOf\":{\"@id\":\"https:\\\/\\\/revolutionpadelstore.com\\\/fr\\\/#website\"},\"primaryImageOfPage\":{\"@id\":\"https:\\\/\\\/revolutionpadelstore.com\\\/fr\\\/produit\\\/siux-fenix-pro-5-black-3\\\/#primaryimage\"},\"image\":{\"@id\":\"https:\\\/\\\/revolutionpadelstore.com\\\/fr\\\/produit\\\/siux-fenix-pro-5-black-3\\\/#primaryimage\"},\"thumbnailUrl\":\"https:\\\/\\\/revolutionpadelstore.com\\\/wp-content\\\/uploads\\\/2025\\\/03\\\/115239-siux-fenix-pro-5-black-1500x1500-1.webp\",\"datePublished\":\"2025-03-25T22:35:39+00:00\",\"dateModified\":\"2026-04-21T12:01:01+00:00\",\"description\":\"Compra la pala Siux Fenix Pro 5 Black, elegida por Leo Augsburger. M\u00e1xima potencia, precisi\u00f3n y tecnolog\u00eda para jugadores profesionales. \u00a1Disponible en Revolution Padel Store al mejor precio!\",\"breadcrumb\":{\"@id\":\"https:\\\/\\\/revolutionpadelstore.com\\\/fr\\\/produit\\\/siux-fenix-pro-5-black-3\\\/#breadcrumb\"},\"inLanguage\":\"fr-FR\",\"potentialAction\":[{\"@type\":\"ReadAction\",\"target\":[\"https:\\\/\\\/revolutionpadelstore.com\\\/fr\\\/produit\\\/siux-fenix-pro-5-black-3\\\/\"]}]},{\"@type\":\"ImageObject\",\"inLanguage\":\"fr-FR\",\"@id\":\"https:\\\/\\\/revolutionpadelstore.com\\\/fr\\\/produit\\\/siux-fenix-pro-5-black-3\\\/#primaryimage\",\"url\":\"https:\\\/\\\/revolutionpadelstore.com\\\/wp-content\\\/uploads\\\/2025\\\/03\\\/115239-siux-fenix-pro-5-black-1500x1500-1.webp\",\"contentUrl\":\"https:\\\/\\\/revolutionpadelstore.com\\\/wp-content\\\/uploads\\\/2025\\\/03\\\/115239-siux-fenix-pro-5-black-1500x1500-1.webp\",\"width\":1500,\"height\":1500},{\"@type\":\"BreadcrumbList\",\"@id\":\"https:\\\/\\\/revolutionpadelstore.com\\\/fr\\\/produit\\\/siux-fenix-pro-5-black-3\\\/#breadcrumb\",\"itemListElement\":[{\"@type\":\"ListItem\",\"position\":1,\"name\":\"Portada\",\"item\":\"https:\\\/\\\/revolutionpadelstore.com\\\/fr\\\/\"},{\"@type\":\"ListItem\",\"position\":2,\"name\":\"Boutique\",\"item\":\"https:\\\/\\\/revolutionpadelstore.com\\\/fr\\\/tienda\\\/\"},{\"@type\":\"ListItem\",\"position\":3,\"name\":\"SIUX FENIX PRO 5 BLACK\"}]},{\"@type\":\"WebSite\",\"@id\":\"https:\\\/\\\/revolutionpadelstore.com\\\/fr\\\/#website\",\"url\":\"https:\\\/\\\/revolutionpadelstore.com\\\/fr\\\/\",\"name\":\"Revolution Padel Store\",\"description\":\"\",\"publisher\":{\"@id\":\"https:\\\/\\\/revolutionpadelstore.com\\\/fr\\\/#organization\"},\"potentialAction\":[{\"@type\":\"SearchAction\",\"target\":{\"@type\":\"EntryPoint\",\"urlTemplate\":\"https:\\\/\\\/revolutionpadelstore.com\\\/fr\\\/?s={search_term_string}\"},\"query-input\":{\"@type\":\"PropertyValueSpecification\",\"valueRequired\":true,\"valueName\":\"search_term_string\"}}],\"inLanguage\":\"fr-FR\"},{\"@type\":\"Organization\",\"@id\":\"https:\\\/\\\/revolutionpadelstore.com\\\/fr\\\/#organization\",\"name\":\"Revolution Padel Store\",\"url\":\"https:\\\/\\\/revolutionpadelstore.com\\\/fr\\\/\",\"logo\":{\"@type\":\"ImageObject\",\"inLanguage\":\"fr-FR\",\"@id\":\"https:\\\/\\\/revolutionpadelstore.com\\\/fr\\\/#\\\/schema\\\/logo\\\/image\\\/\",\"url\":\"https:\\\/\\\/revolutionpadelstore.com\\\/wp-content\\\/uploads\\\/2026\\\/02\\\/revolution-padel-store.jpg\",\"contentUrl\":\"https:\\\/\\\/revolutionpadelstore.com\\\/wp-content\\\/uploads\\\/2026\\\/02\\\/revolution-padel-store.jpg\",\"width\":2000,\"height\":2000,\"caption\":\"Revolution Padel Store\"},\"image\":{\"@id\":\"https:\\\/\\\/revolutionpadelstore.com\\\/fr\\\/#\\\/schema\\\/logo\\\/image\\\/\"},\"sameAs\":[\"https:\\\/\\\/www.instagram.com\\\/revolutionpadelstore\\\/\"]}]}<\/script>\n<!-- \/ Yoast SEO plugin. -->","yoast_head_json":{"title":"SIUX FENIX PRO 5 BLACK - Revolution Padel Store","description":"Compra la pala Siux Fenix Pro 5 Black, elegida por Leo Augsburger. M\u00e1xima potencia, precisi\u00f3n y tecnolog\u00eda para jugadores profesionales. \u00a1Disponible en Revolution Padel Store al mejor precio!","robots":{"index":"index","follow":"follow","max-snippet":"max-snippet:-1","max-image-preview":"max-image-preview:large","max-video-preview":"max-video-preview:-1"},"canonical":"https:\/\/revolutionpadelstore.com\/fr\/produit\/siux-fenix-pro-5-black-3\/","og_locale":"fr_FR","og_type":"article","og_title":"SIUX FENIX PRO 5 BLACK - Revolution Padel Store","og_description":"Compra la pala Siux Fenix Pro 5 Black, elegida por Leo Augsburger. M\u00e1xima potencia, precisi\u00f3n y tecnolog\u00eda para jugadores profesionales. \u00a1Disponible en Revolution Padel Store al mejor precio!","og_url":"https:\/\/revolutionpadelstore.com\/fr\/produit\/siux-fenix-pro-5-black-3\/","og_site_name":"Revolution Padel Store","article_modified_time":"2026-04-21T12:01:01+00:00","og_image":[{"width":1500,"height":1500,"url":"https:\/\/revolutionpadelstore.com\/wp-content\/uploads\/2025\/03\/115239-siux-fenix-pro-5-black-1500x1500-1.webp","type":"image\/webp"}],"twitter_card":"summary_large_image","twitter_misc":{"Dur\u00e9e de lecture estim\u00e9e":"2 minutes"},"schema":{"@context":"https:\/\/schema.org","@graph":[{"@type":"WebPage","@id":"https:\/\/revolutionpadelstore.com\/fr\/produit\/siux-fenix-pro-5-black-3\/","url":"https:\/\/revolutionpadelstore.com\/fr\/produit\/siux-fenix-pro-5-black-3\/","name":"SIUX FENIX PRO 5 BLACK - Revolution Padel Store","isPartOf":{"@id":"https:\/\/revolutionpadelstore.com\/fr\/#website"},"primaryImageOfPage":{"@id":"https:\/\/revolutionpadelstore.com\/fr\/produit\/siux-fenix-pro-5-black-3\/#primaryimage"},"image":{"@id":"https:\/\/revolutionpadelstore.com\/fr\/produit\/siux-fenix-pro-5-black-3\/#primaryimage"},"thumbnailUrl":"https:\/\/revolutionpadelstore.com\/wp-content\/uploads\/2025\/03\/115239-siux-fenix-pro-5-black-1500x1500-1.webp","datePublished":"2025-03-25T22:35:39+00:00","dateModified":"2026-04-21T12:01:01+00:00","description":"Compra la pala Siux Fenix Pro 5 Black, elegida por Leo Augsburger. M\u00e1xima potencia, precisi\u00f3n y tecnolog\u00eda para jugadores profesionales. \u00a1Disponible en Revolution Padel Store al mejor precio!","breadcrumb":{"@id":"https:\/\/revolutionpadelstore.com\/fr\/produit\/siux-fenix-pro-5-black-3\/#breadcrumb"},"inLanguage":"fr-FR","potentialAction":[{"@type":"ReadAction","target":["https:\/\/revolutionpadelstore.com\/fr\/produit\/siux-fenix-pro-5-black-3\/"]}]},{"@type":"ImageObject","inLanguage":"fr-FR","@id":"https:\/\/revolutionpadelstore.com\/fr\/produit\/siux-fenix-pro-5-black-3\/#primaryimage","url":"https:\/\/revolutionpadelstore.com\/wp-content\/uploads\/2025\/03\/115239-siux-fenix-pro-5-black-1500x1500-1.webp","contentUrl":"https:\/\/revolutionpadelstore.com\/wp-content\/uploads\/2025\/03\/115239-siux-fenix-pro-5-black-1500x1500-1.webp","width":1500,"height":1500},{"@type":"BreadcrumbList","@id":"https:\/\/revolutionpadelstore.com\/fr\/produit\/siux-fenix-pro-5-black-3\/#breadcrumb","itemListElement":[{"@type":"ListItem","position":1,"name":"Portada","item":"https:\/\/revolutionpadelstore.com\/fr\/"},{"@type":"ListItem","position":2,"name":"Boutique","item":"https:\/\/revolutionpadelstore.com\/fr\/tienda\/"},{"@type":"ListItem","position":3,"name":"SIUX FENIX PRO 5 BLACK"}]},{"@type":"WebSite","@id":"https:\/\/revolutionpadelstore.com\/fr\/#website","url":"https:\/\/revolutionpadelstore.com\/fr\/","name":"Revolution Padel Store","description":"","publisher":{"@id":"https:\/\/revolutionpadelstore.com\/fr\/#organization"},"potentialAction":[{"@type":"SearchAction","target":{"@type":"EntryPoint","urlTemplate":"https:\/\/revolutionpadelstore.com\/fr\/?s={search_term_string}"},"query-input":{"@type":"PropertyValueSpecification","valueRequired":true,"valueName":"search_term_string"}}],"inLanguage":"fr-FR"},{"@type":"Organization","@id":"https:\/\/revolutionpadelstore.com\/fr\/#organization","name":"Revolution Padel Store","url":"https:\/\/revolutionpadelstore.com\/fr\/","logo":{"@type":"ImageObject","inLanguage":"fr-FR","@id":"https:\/\/revolutionpadelstore.com\/fr\/#\/schema\/logo\/image\/","url":"https:\/\/revolutionpadelstore.com\/wp-content\/uploads\/2026\/02\/revolution-padel-store.jpg","contentUrl":"https:\/\/revolutionpadelstore.com\/wp-content\/uploads\/2026\/02\/revolution-padel-store.jpg","width":2000,"height":2000,"caption":"Revolution Padel Store"},"image":{"@id":"https:\/\/revolutionpadelstore.com\/fr\/#\/schema\/logo\/image\/"},"sameAs":["https:\/\/www.instagram.com\/revolutionpadelstore\/"]}]}},"_links":{"self":[{"href":"https:\/\/revolutionpadelstore.com\/fr\/wp-json\/wp\/v2\/product\/216433","targetHints":{"allow":["GET"]}}],"collection":[{"href":"https:\/\/revolutionpadelstore.com\/fr\/wp-json\/wp\/v2\/product"}],"about":[{"href":"https:\/\/revolutionpadelstore.com\/fr\/wp-json\/wp\/v2\/types\/product"}],"replies":[{"embeddable":true,"href":"https:\/\/revolutionpadelstore.com\/fr\/wp-json\/wp\/v2\/comments?post=216433"}],"wp:featuredmedia":[{"embeddable":true,"href":"https:\/\/revolutionpadelstore.com\/fr\/wp-json\/wp\/v2\/media\/216392"}],"wp:attachment":[{"href":"https:\/\/revolutionpadelstore.com\/fr\/wp-json\/wp\/v2\/media?parent=216433"}],"wp:term":[{"taxonomy":"acabado","embeddable":true,"href":"https:\/\/revolutionpadelstore.com\/fr\/wp-json\/wp\/v2\/acabado?post=216433"},{"taxonomy":"balance","embeddable":true,"href":"https:\/\/revolutionpadelstore.com\/fr\/wp-json\/wp\/v2\/balance?post=216433"},{"taxonomy":"dureza","embeddable":true,"href":"https:\/\/revolutionpadelstore.com\/fr\/wp-json\/wp\/v2\/dureza?post=216433"},{"taxonomy":"forma","embeddable":true,"href":"https:\/\/revolutionpadelstore.com\/fr\/wp-json\/wp\/v2\/forma?post=216433"},{"taxonomy":"jugador","embeddable":true,"href":"https:\/\/revolutionpadelstore.com\/fr\/wp-json\/wp\/v2\/jugador?post=216433"},{"taxonomy":"marca","embeddable":true,"href":"https:\/\/revolutionpadelstore.com\/fr\/wp-json\/wp\/v2\/marca?post=216433"},{"taxonomy":"nivel-de-juego","embeddable":true,"href":"https:\/\/revolutionpadelstore.com\/fr\/wp-json\/wp\/v2\/nivel-de-juego?post=216433"},{"taxonomy":"superficie","embeddable":true,"href":"https:\/\/revolutionpadelstore.com\/fr\/wp-json\/wp\/v2\/superficie?post=216433"},{"taxonomy":"tipo-de-juego","embeddable":true,"href":"https:\/\/revolutionpadelstore.com\/fr\/wp-json\/wp\/v2\/tipo-de-juego?post=216433"},{"taxonomy":"product_brand","embeddable":true,"href":"https:\/\/revolutionpadelstore.com\/fr\/wp-json\/wp\/v2\/product_brand?post=216433"},{"taxonomy":"product_cat","embeddable":true,"href":"https:\/\/revolutionpadelstore.com\/fr\/wp-json\/wp\/v2\/product_cat?post=216433"},{"taxonomy":"product_tag","embeddable":true,"href":"https:\/\/revolutionpadelstore.com\/fr\/wp-json\/wp\/v2\/product_tag?post=216433"}],"curies":[{"name":"wp","href":"https:\/\/api.w.org\/{rel}","templated":true}]}}