{"id":216330,"date":"2025-03-10T08:15:44","date_gmt":"2025-03-10T07:15:44","guid":{"rendered":"https:\/\/revolutionpadelstore.com\/siux-beat-hybrid-air-2\/"},"modified":"2026-04-08T05:53:17","modified_gmt":"2026-04-08T03:53:17","slug":"siux-beat-hybrid-air-2-3","status":"publish","type":"product","link":"https:\/\/revolutionpadelstore.com\/fr\/produit\/siux-beat-hybrid-air-2-3\/","title":{"rendered":"SIUX BEAT HYBRID AIR 2"},"content":{"rendered":"<h2> Siux Beat Hybrid Air 2 2025 &#8211; La pelle hybride id\u00e9ale pour commencer dans la pagaie <\/h2>\n<p>D\u00e9couvrez le nouveau <strong> siux bat Hybrid Air 2 2025 <\/strong>, une pelle \u00e0 palette con\u00e7ue pour les joueurs d\u00e9butants qui cherchent \u00e0 am\u00e9liorer leur technique sans renoncer \u00e0 de grandes performances sur la piste. Gr\u00e2ce \u00e0 sa forme <strong> hybride <\/strong> et \u00e0 <strong> balise moyenne <\/strong>, il offre un \u00e9quilibre parfait entre le contr\u00f4le et la puissance, ce qui en fait une option tr\u00e8s polyvalente pour ceux qui commencent dans ce sport passionnant.<\/p>\n<h2> Technologie et mat\u00e9riaux de qualit\u00e9 pour de meilleures performances <\/h2>\n<p>Fabriqu\u00e9 avec des mat\u00e9riaux r\u00e9sistants et confortables, cette pelle offre une excellente jouabilit\u00e9 du premier coup:<br \/>\n&lt;p style = &quot;padding-left: 40px;&quot;<br \/>\n&lt;p style = &quot;padding-left: 40px;&quot;<br \/>\n&lt;P style = &quot;padding-left: 40px;&quot;<br \/>\n&lt;P style = &quot;padding-left: 40px;&quot;<br \/>\n<P style=\"padding-left: 40px\"> <strong> -shine<\/p>\n<h2> Id\u00e9al pour les joueurs qui commencent dans la pagaie <\/h2>\n<p>Si vous faites vos premiers pas dans la pagaie et que vous avez besoin d&#8217;une pelle qui vous donne la confiance, le confort et le contr\u00f4le dans chaque jeu, le <strong> SIUX Beat Hybrid Air 2 2025 <\/strong> est votre meilleur alli\u00e9. Sa construction l\u00e9g\u00e8re et ses mat\u00e9riaux flexibles permettent une grande maniabilit\u00e9, facilitant les coups plus s\u00fbrs et plus pr\u00e9cis.<\/p>\n<p>De plus, \u00e9tant une pelle de la marque reconnue <strong> siux <\/strong>, vous pouvez faire confiance \u00e0 sa qualit\u00e9 et \u00e0 sa durabilit\u00e9, soutenues par l&#8217;un des fabricants les plus respect\u00e9s du march\u00e9 de la pagaie.<\/p>\n<h2> Pourquoi choisir le Siux Beat Hybrid Air 2 2025?<\/p>\n<p> &#8211; parfait pour les joueurs d\u00e9butants qui cherchent \u00e0 progresser rapidement.<\/p>\n<p style=\"padding-left: 40px\"> &#8211; \u00e9quilibre id\u00e9al entre le contr\u00f4le et la puissance. <\/p>\n<p> &#8211; Grand rapport qualit\u00e9-prix. <\/p>\n<p style=\"padding-left: 40px\"> &#8211; Design attrayant et moderne. <\/p>\n<p> &#8211; SAUPPORT D&#8217;UNE MARCHE COMME COMME <strong> Siux <\/strong>. <\/p>\n<p><strong> Obtenez le Siux Beat Hybrid Air 2 2025 et commencez \u00e0 profiter de la pagaie comme jamais auparavant!<\/p>\n<h2>\u00a0Siux Beat Hybrid Air 2 2025 \u2013 La pala h\u00edbrida ideal para iniciarte en el p\u00e1del<\/h2>\n","protected":false},"excerpt":{"rendered":"<p>Le Siux Beat Hybrid Air 2 2025 est une pelle au format hybride, un \u00e9quilibre moyen et une touche agr\u00e9able, parfait pour les joueurs d\u00e9butants qui am\u00e9liorent leur niveau.<\/p>\n","protected":false},"featured_media":216349,"comment_status":"open","ping_status":"closed","template":"","meta":{"_acf_changed":false,"_joinchat":[]},"acabado":[1082],"balance":[1142],"dureza":[1152,1157],"forma":[1177],"jugador":[1192,1202],"marca":[1307],"nivel-de-juego":[1342,1352],"superficie":[1357],"tipo-de-juego":[1387],"product_brand":[],"product_cat":[302],"product_tag":[],"class_list":{"0":"post-216330","1":"product","2":"type-product","3":"status-publish","4":"has-post-thumbnail","6":"acabado-luminosite","7":"balance-moyen","8":"dureza-blanda-fr","9":"dureza-media-fr","10":"forma-hybride","11":"jugador-homme","12":"jugador-polivalente-fr","13":"marca-siux-fr","14":"superficie-lise","15":"tipo-de-juego-polivalente-fr","16":"product_cat-palas-de-padel-fr","18":"first","19":"instock","20":"sale","21":"taxable","22":"shipping-taxable","23":"purchasable","24":"product-type-simple"},"acf":[],"yoast_head":"<!-- This site is optimized with the Yoast SEO plugin v27.4 - https:\/\/yoast.com\/product\/yoast-seo-wordpress\/ -->\n<title>SIUX BEAT HYBRID AIR 2 - Revolution Padel Store<\/title>\n<meta name=\"description\" content=\"Descubre la pala Siux Beat Hybrid Air 2 2025, ideal para principiantes. Equilibrio perfecto entre control y potencia, dise\u00f1o moderno y materiales de calidad. \u00a1C\u00f3mprala online al mejor precio!\" \/>\n<meta name=\"robots\" content=\"index, follow, max-snippet:-1, max-image-preview:large, max-video-preview:-1\" \/>\n<link rel=\"canonical\" href=\"https:\/\/revolutionpadelstore.com\/fr\/produit\/siux-beat-hybrid-air-2-3\/\" \/>\n<meta property=\"og:locale\" content=\"fr_FR\" \/>\n<meta property=\"og:type\" content=\"article\" \/>\n<meta property=\"og:title\" content=\"SIUX BEAT HYBRID AIR 2 - Revolution Padel Store\" \/>\n<meta property=\"og:description\" content=\"Descubre la pala Siux Beat Hybrid Air 2 2025, ideal para principiantes. Equilibrio perfecto entre control y potencia, dise\u00f1o moderno y materiales de calidad. \u00a1C\u00f3mprala online al mejor precio!\" \/>\n<meta property=\"og:url\" content=\"https:\/\/revolutionpadelstore.com\/fr\/produit\/siux-beat-hybrid-air-2-3\/\" \/>\n<meta property=\"og:site_name\" content=\"Revolution Padel Store\" \/>\n<meta property=\"article:modified_time\" content=\"2026-04-08T03:53:17+00:00\" \/>\n<meta property=\"og:image\" content=\"https:\/\/revolutionpadelstore.com\/wp-content\/uploads\/2025\/03\/112627-siux-beat-hybrid-air-2-1500x1500-1.webp\" \/>\n\t<meta property=\"og:image:width\" content=\"1500\" \/>\n\t<meta property=\"og:image:height\" content=\"1500\" \/>\n\t<meta property=\"og:image:type\" content=\"image\/webp\" \/>\n<meta name=\"twitter:card\" content=\"summary_large_image\" \/>\n<meta name=\"twitter:label1\" content=\"Dur\u00e9e de lecture estim\u00e9e\" \/>\n\t<meta name=\"twitter:data1\" content=\"2 minutes\" \/>\n<script type=\"application\/ld+json\" class=\"yoast-schema-graph\">{\"@context\":\"https:\\\/\\\/schema.org\",\"@graph\":[{\"@type\":\"WebPage\",\"@id\":\"https:\\\/\\\/revolutionpadelstore.com\\\/fr\\\/produit\\\/siux-beat-hybrid-air-2-3\\\/\",\"url\":\"https:\\\/\\\/revolutionpadelstore.com\\\/fr\\\/produit\\\/siux-beat-hybrid-air-2-3\\\/\",\"name\":\"SIUX BEAT HYBRID AIR 2 - Revolution Padel Store\",\"isPartOf\":{\"@id\":\"https:\\\/\\\/revolutionpadelstore.com\\\/fr\\\/#website\"},\"primaryImageOfPage\":{\"@id\":\"https:\\\/\\\/revolutionpadelstore.com\\\/fr\\\/produit\\\/siux-beat-hybrid-air-2-3\\\/#primaryimage\"},\"image\":{\"@id\":\"https:\\\/\\\/revolutionpadelstore.com\\\/fr\\\/produit\\\/siux-beat-hybrid-air-2-3\\\/#primaryimage\"},\"thumbnailUrl\":\"https:\\\/\\\/revolutionpadelstore.com\\\/wp-content\\\/uploads\\\/2025\\\/03\\\/112627-siux-beat-hybrid-air-2-1500x1500-1.webp\",\"datePublished\":\"2025-03-10T07:15:44+00:00\",\"dateModified\":\"2026-04-08T03:53:17+00:00\",\"description\":\"Descubre la pala Siux Beat Hybrid Air 2 2025, ideal para principiantes. Equilibrio perfecto entre control y potencia, dise\u00f1o moderno y materiales de calidad. \u00a1C\u00f3mprala online al mejor precio!\",\"breadcrumb\":{\"@id\":\"https:\\\/\\\/revolutionpadelstore.com\\\/fr\\\/produit\\\/siux-beat-hybrid-air-2-3\\\/#breadcrumb\"},\"inLanguage\":\"fr-FR\",\"potentialAction\":[{\"@type\":\"ReadAction\",\"target\":[\"https:\\\/\\\/revolutionpadelstore.com\\\/fr\\\/produit\\\/siux-beat-hybrid-air-2-3\\\/\"]}]},{\"@type\":\"ImageObject\",\"inLanguage\":\"fr-FR\",\"@id\":\"https:\\\/\\\/revolutionpadelstore.com\\\/fr\\\/produit\\\/siux-beat-hybrid-air-2-3\\\/#primaryimage\",\"url\":\"https:\\\/\\\/revolutionpadelstore.com\\\/wp-content\\\/uploads\\\/2025\\\/03\\\/112627-siux-beat-hybrid-air-2-1500x1500-1.webp\",\"contentUrl\":\"https:\\\/\\\/revolutionpadelstore.com\\\/wp-content\\\/uploads\\\/2025\\\/03\\\/112627-siux-beat-hybrid-air-2-1500x1500-1.webp\",\"width\":1500,\"height\":1500},{\"@type\":\"BreadcrumbList\",\"@id\":\"https:\\\/\\\/revolutionpadelstore.com\\\/fr\\\/produit\\\/siux-beat-hybrid-air-2-3\\\/#breadcrumb\",\"itemListElement\":[{\"@type\":\"ListItem\",\"position\":1,\"name\":\"Portada\",\"item\":\"https:\\\/\\\/revolutionpadelstore.com\\\/fr\\\/\"},{\"@type\":\"ListItem\",\"position\":2,\"name\":\"Boutique\",\"item\":\"https:\\\/\\\/revolutionpadelstore.com\\\/fr\\\/tienda\\\/\"},{\"@type\":\"ListItem\",\"position\":3,\"name\":\"SIUX BEAT HYBRID AIR 2\"}]},{\"@type\":\"WebSite\",\"@id\":\"https:\\\/\\\/revolutionpadelstore.com\\\/fr\\\/#website\",\"url\":\"https:\\\/\\\/revolutionpadelstore.com\\\/fr\\\/\",\"name\":\"Revolution Padel Store\",\"description\":\"\",\"publisher\":{\"@id\":\"https:\\\/\\\/revolutionpadelstore.com\\\/fr\\\/#organization\"},\"potentialAction\":[{\"@type\":\"SearchAction\",\"target\":{\"@type\":\"EntryPoint\",\"urlTemplate\":\"https:\\\/\\\/revolutionpadelstore.com\\\/fr\\\/?s={search_term_string}\"},\"query-input\":{\"@type\":\"PropertyValueSpecification\",\"valueRequired\":true,\"valueName\":\"search_term_string\"}}],\"inLanguage\":\"fr-FR\"},{\"@type\":\"Organization\",\"@id\":\"https:\\\/\\\/revolutionpadelstore.com\\\/fr\\\/#organization\",\"name\":\"Revolution Padel Store\",\"url\":\"https:\\\/\\\/revolutionpadelstore.com\\\/fr\\\/\",\"logo\":{\"@type\":\"ImageObject\",\"inLanguage\":\"fr-FR\",\"@id\":\"https:\\\/\\\/revolutionpadelstore.com\\\/fr\\\/#\\\/schema\\\/logo\\\/image\\\/\",\"url\":\"https:\\\/\\\/revolutionpadelstore.com\\\/wp-content\\\/uploads\\\/2026\\\/02\\\/revolution-padel-store.jpg\",\"contentUrl\":\"https:\\\/\\\/revolutionpadelstore.com\\\/wp-content\\\/uploads\\\/2026\\\/02\\\/revolution-padel-store.jpg\",\"width\":2000,\"height\":2000,\"caption\":\"Revolution Padel Store\"},\"image\":{\"@id\":\"https:\\\/\\\/revolutionpadelstore.com\\\/fr\\\/#\\\/schema\\\/logo\\\/image\\\/\"},\"sameAs\":[\"https:\\\/\\\/www.instagram.com\\\/revolutionpadelstore\\\/\"]}]}<\/script>\n<!-- \/ Yoast SEO plugin. -->","yoast_head_json":{"title":"SIUX BEAT HYBRID AIR 2 - Revolution Padel Store","description":"Descubre la pala Siux Beat Hybrid Air 2 2025, ideal para principiantes. Equilibrio perfecto entre control y potencia, dise\u00f1o moderno y materiales de calidad. \u00a1C\u00f3mprala online al mejor precio!","robots":{"index":"index","follow":"follow","max-snippet":"max-snippet:-1","max-image-preview":"max-image-preview:large","max-video-preview":"max-video-preview:-1"},"canonical":"https:\/\/revolutionpadelstore.com\/fr\/produit\/siux-beat-hybrid-air-2-3\/","og_locale":"fr_FR","og_type":"article","og_title":"SIUX BEAT HYBRID AIR 2 - Revolution Padel Store","og_description":"Descubre la pala Siux Beat Hybrid Air 2 2025, ideal para principiantes. Equilibrio perfecto entre control y potencia, dise\u00f1o moderno y materiales de calidad. \u00a1C\u00f3mprala online al mejor precio!","og_url":"https:\/\/revolutionpadelstore.com\/fr\/produit\/siux-beat-hybrid-air-2-3\/","og_site_name":"Revolution Padel Store","article_modified_time":"2026-04-08T03:53:17+00:00","og_image":[{"width":1500,"height":1500,"url":"https:\/\/revolutionpadelstore.com\/wp-content\/uploads\/2025\/03\/112627-siux-beat-hybrid-air-2-1500x1500-1.webp","type":"image\/webp"}],"twitter_card":"summary_large_image","twitter_misc":{"Dur\u00e9e de lecture estim\u00e9e":"2 minutes"},"schema":{"@context":"https:\/\/schema.org","@graph":[{"@type":"WebPage","@id":"https:\/\/revolutionpadelstore.com\/fr\/produit\/siux-beat-hybrid-air-2-3\/","url":"https:\/\/revolutionpadelstore.com\/fr\/produit\/siux-beat-hybrid-air-2-3\/","name":"SIUX BEAT HYBRID AIR 2 - Revolution Padel Store","isPartOf":{"@id":"https:\/\/revolutionpadelstore.com\/fr\/#website"},"primaryImageOfPage":{"@id":"https:\/\/revolutionpadelstore.com\/fr\/produit\/siux-beat-hybrid-air-2-3\/#primaryimage"},"image":{"@id":"https:\/\/revolutionpadelstore.com\/fr\/produit\/siux-beat-hybrid-air-2-3\/#primaryimage"},"thumbnailUrl":"https:\/\/revolutionpadelstore.com\/wp-content\/uploads\/2025\/03\/112627-siux-beat-hybrid-air-2-1500x1500-1.webp","datePublished":"2025-03-10T07:15:44+00:00","dateModified":"2026-04-08T03:53:17+00:00","description":"Descubre la pala Siux Beat Hybrid Air 2 2025, ideal para principiantes. Equilibrio perfecto entre control y potencia, dise\u00f1o moderno y materiales de calidad. \u00a1C\u00f3mprala online al mejor precio!","breadcrumb":{"@id":"https:\/\/revolutionpadelstore.com\/fr\/produit\/siux-beat-hybrid-air-2-3\/#breadcrumb"},"inLanguage":"fr-FR","potentialAction":[{"@type":"ReadAction","target":["https:\/\/revolutionpadelstore.com\/fr\/produit\/siux-beat-hybrid-air-2-3\/"]}]},{"@type":"ImageObject","inLanguage":"fr-FR","@id":"https:\/\/revolutionpadelstore.com\/fr\/produit\/siux-beat-hybrid-air-2-3\/#primaryimage","url":"https:\/\/revolutionpadelstore.com\/wp-content\/uploads\/2025\/03\/112627-siux-beat-hybrid-air-2-1500x1500-1.webp","contentUrl":"https:\/\/revolutionpadelstore.com\/wp-content\/uploads\/2025\/03\/112627-siux-beat-hybrid-air-2-1500x1500-1.webp","width":1500,"height":1500},{"@type":"BreadcrumbList","@id":"https:\/\/revolutionpadelstore.com\/fr\/produit\/siux-beat-hybrid-air-2-3\/#breadcrumb","itemListElement":[{"@type":"ListItem","position":1,"name":"Portada","item":"https:\/\/revolutionpadelstore.com\/fr\/"},{"@type":"ListItem","position":2,"name":"Boutique","item":"https:\/\/revolutionpadelstore.com\/fr\/tienda\/"},{"@type":"ListItem","position":3,"name":"SIUX BEAT HYBRID AIR 2"}]},{"@type":"WebSite","@id":"https:\/\/revolutionpadelstore.com\/fr\/#website","url":"https:\/\/revolutionpadelstore.com\/fr\/","name":"Revolution Padel Store","description":"","publisher":{"@id":"https:\/\/revolutionpadelstore.com\/fr\/#organization"},"potentialAction":[{"@type":"SearchAction","target":{"@type":"EntryPoint","urlTemplate":"https:\/\/revolutionpadelstore.com\/fr\/?s={search_term_string}"},"query-input":{"@type":"PropertyValueSpecification","valueRequired":true,"valueName":"search_term_string"}}],"inLanguage":"fr-FR"},{"@type":"Organization","@id":"https:\/\/revolutionpadelstore.com\/fr\/#organization","name":"Revolution Padel Store","url":"https:\/\/revolutionpadelstore.com\/fr\/","logo":{"@type":"ImageObject","inLanguage":"fr-FR","@id":"https:\/\/revolutionpadelstore.com\/fr\/#\/schema\/logo\/image\/","url":"https:\/\/revolutionpadelstore.com\/wp-content\/uploads\/2026\/02\/revolution-padel-store.jpg","contentUrl":"https:\/\/revolutionpadelstore.com\/wp-content\/uploads\/2026\/02\/revolution-padel-store.jpg","width":2000,"height":2000,"caption":"Revolution Padel Store"},"image":{"@id":"https:\/\/revolutionpadelstore.com\/fr\/#\/schema\/logo\/image\/"},"sameAs":["https:\/\/www.instagram.com\/revolutionpadelstore\/"]}]}},"_links":{"self":[{"href":"https:\/\/revolutionpadelstore.com\/fr\/wp-json\/wp\/v2\/product\/216330","targetHints":{"allow":["GET"]}}],"collection":[{"href":"https:\/\/revolutionpadelstore.com\/fr\/wp-json\/wp\/v2\/product"}],"about":[{"href":"https:\/\/revolutionpadelstore.com\/fr\/wp-json\/wp\/v2\/types\/product"}],"replies":[{"embeddable":true,"href":"https:\/\/revolutionpadelstore.com\/fr\/wp-json\/wp\/v2\/comments?post=216330"}],"wp:featuredmedia":[{"embeddable":true,"href":"https:\/\/revolutionpadelstore.com\/fr\/wp-json\/wp\/v2\/media\/216349"}],"wp:attachment":[{"href":"https:\/\/revolutionpadelstore.com\/fr\/wp-json\/wp\/v2\/media?parent=216330"}],"wp:term":[{"taxonomy":"acabado","embeddable":true,"href":"https:\/\/revolutionpadelstore.com\/fr\/wp-json\/wp\/v2\/acabado?post=216330"},{"taxonomy":"balance","embeddable":true,"href":"https:\/\/revolutionpadelstore.com\/fr\/wp-json\/wp\/v2\/balance?post=216330"},{"taxonomy":"dureza","embeddable":true,"href":"https:\/\/revolutionpadelstore.com\/fr\/wp-json\/wp\/v2\/dureza?post=216330"},{"taxonomy":"forma","embeddable":true,"href":"https:\/\/revolutionpadelstore.com\/fr\/wp-json\/wp\/v2\/forma?post=216330"},{"taxonomy":"jugador","embeddable":true,"href":"https:\/\/revolutionpadelstore.com\/fr\/wp-json\/wp\/v2\/jugador?post=216330"},{"taxonomy":"marca","embeddable":true,"href":"https:\/\/revolutionpadelstore.com\/fr\/wp-json\/wp\/v2\/marca?post=216330"},{"taxonomy":"nivel-de-juego","embeddable":true,"href":"https:\/\/revolutionpadelstore.com\/fr\/wp-json\/wp\/v2\/nivel-de-juego?post=216330"},{"taxonomy":"superficie","embeddable":true,"href":"https:\/\/revolutionpadelstore.com\/fr\/wp-json\/wp\/v2\/superficie?post=216330"},{"taxonomy":"tipo-de-juego","embeddable":true,"href":"https:\/\/revolutionpadelstore.com\/fr\/wp-json\/wp\/v2\/tipo-de-juego?post=216330"},{"taxonomy":"product_brand","embeddable":true,"href":"https:\/\/revolutionpadelstore.com\/fr\/wp-json\/wp\/v2\/product_brand?post=216330"},{"taxonomy":"product_cat","embeddable":true,"href":"https:\/\/revolutionpadelstore.com\/fr\/wp-json\/wp\/v2\/product_cat?post=216330"},{"taxonomy":"product_tag","embeddable":true,"href":"https:\/\/revolutionpadelstore.com\/fr\/wp-json\/wp\/v2\/product_tag?post=216330"}],"curies":[{"name":"wp","href":"https:\/\/api.w.org\/{rel}","templated":true}]}}