{"id":216233,"date":"2025-03-10T08:14:36","date_gmt":"2025-03-10T07:14:36","guid":{"rendered":"https:\/\/revolutionpadelstore.com\/siux-beat-hybrid-2\/"},"modified":"2026-04-08T05:53:39","modified_gmt":"2026-04-08T03:53:39","slug":"siux-beat-hybrid-2-3","status":"publish","type":"product","link":"https:\/\/revolutionpadelstore.com\/fr\/produit\/siux-beat-hybrid-2-3\/","title":{"rendered":"SIUX BEAT HYBRID 2"},"content":{"rendered":"<h2> SIUX BEAT HYBRID 2 2025 &#8211; Poldle Paddle Pheddle pour les joueurs en \u00e9volution <\/H2><br \/>\nLe <strong> Siux Beat Hybrid 2 2025 <\/strong> est l&#8217;alli\u00e9 id\u00e9al pour ceux qui commencent dans le monde de la pagaie et recherchent une pelle qui combine <strong> puissance et contr\u00f4le <\/strong> avec un design moderne. Gr\u00e2ce \u00e0 sa forme hybride et \u00e0 son \u00e9quilibre moyen, il permet un jeu polyvalent et \u00e9quilibr\u00e9, parfait pour s&#8217;adapter \u00e0 diff\u00e9rents styles de jeu tout en am\u00e9liorant votre technique.<\/p>\n<p>Fabriqu\u00e9 avec <strong> plan de fibre de verre et cadre <\/strong>, cette pelle offre une <strong> excellente flexibilit\u00e9 et r\u00e9sistance <\/strong>, accompagn\u00e9e d&#8217;un <strong> touche du milieu <\/strong> qui facilite le domaine progressif du coup. Son noyau EVA en caoutchouc assure une absorption efficace des vibrations, offrant une sensation de soufflage confortable et contr\u00f4l\u00e9e.<\/p>\n<h2> Pourquoi choisir le SIUX Beat Hybrid 2 2025?<br \/>\n&lt;p style = &quot;padding-left: 40px;&quot;<br \/>\n&lt;p style = &quot;padding-left: 40px;&quot;<br \/>\n&lt;P style = &quot;padding-left: 40px;&quot;<br \/>\n<P style=\"padding-left: 40px\"> <strong> -eva<br \/>\n<P style=\"padding-left: 40px\"> <strong> -pex entre 355-375 g<br \/>\n&lt;p style = &quot;padding-left: 40px;&quot;<\/p>\n<h2> Id\u00e9al pour les joueurs d\u00e9butants <\/h2>\n<p>Le <strong> Siux Beat Hybrid 2 2025 <\/strong> est une pelle parfaite pour ceux qui font leurs premiers pas dans la pagaie. Il vous permettra d&#8217;exp\u00e9rimenter diff\u00e9rents types de jeux, am\u00e9liorant vos performances dans chaque jeu gr\u00e2ce \u00e0 sa construction de technologies de haute qualit\u00e9 et adaptables. C&#8217;est une option recommand\u00e9e pour ceux qui veulent un produit fiable et polyvalent, sans abandonner la conception ou le confort.<\/p>\n<p><strong> Ne manquez pas l&#8217;opportunit\u00e9 <\/strong> de commencer par une pelle qui vous accompagne dans vos progr\u00e8s d\u00e8s le premier moment. Obtenez le Siux Beat Hybrid 2 2025 et commencez \u00e0 dominer la piste!<\/p>\n<p>Disponible maintenant dans notre boutique en ligne <a href=\"https:\/\/www.revolutionpadelstore.com\/\"> www.revolutionpadelstore.com <\/a>, probablement <strong> au meilleur prix de march\u00e9 <\/strong>.<\/p>\n<h2>Siux Beat Hybrid 2 2025 \u2013 Pala de p\u00e1del h\u00edbrida polivalente para jugadores en evoluci\u00f3n<\/h2>\n","protected":false},"excerpt":{"rendered":"<p>Le Siux Beat Hybrid 2 2025 est une pelle polyvalente qui offre un bon \u00e9quilibre entre la force et la pr\u00e9cision, parfait pour les joueurs d\u00e9butants qui progressent \u00e0 leur niveau de jeu.<\/p>\n","protected":false},"featured_media":216239,"comment_status":"open","ping_status":"closed","template":"","meta":{"_acf_changed":false,"_joinchat":[]},"acabado":[1082],"balance":[1142],"dureza":[1157],"forma":[1177],"jugador":[1192,1202],"marca":[1307],"nivel-de-juego":[1342,1352],"superficie":[1357],"tipo-de-juego":[1387],"product_brand":[],"product_cat":[302],"product_tag":[],"class_list":{"0":"post-216233","1":"product","2":"type-product","3":"status-publish","4":"has-post-thumbnail","6":"acabado-luminosite","7":"balance-moyen","8":"dureza-media-fr","9":"forma-hybride","10":"jugador-homme","11":"jugador-polivalente-fr","12":"marca-siux-fr","13":"superficie-lise","14":"tipo-de-juego-polivalente-fr","15":"product_cat-palas-de-padel-fr","17":"first","18":"instock","19":"sale","20":"taxable","21":"shipping-taxable","22":"purchasable","23":"product-type-simple"},"acf":[],"yoast_head":"<!-- This site is optimized with the Yoast SEO plugin v27.4 - https:\/\/yoast.com\/product\/yoast-seo-wordpress\/ -->\n<title>SIUX BEAT HYBRID 2 - Revolution Padel Store<\/title>\n<meta name=\"description\" content=\"Descubre la nueva Siux Beat Hybrid 2 2025, pala de p\u00e1del polivalente ideal para jugadores principiantes. Equilibrio entre potencia y control, con acabado brillante. \u00a1C\u00f3mprala en Revolution Padel Store al mejor precio!\" \/>\n<meta name=\"robots\" content=\"index, follow, max-snippet:-1, max-image-preview:large, max-video-preview:-1\" \/>\n<link rel=\"canonical\" href=\"https:\/\/revolutionpadelstore.com\/fr\/produit\/siux-beat-hybrid-2-3\/\" \/>\n<meta property=\"og:locale\" content=\"fr_FR\" \/>\n<meta property=\"og:type\" content=\"article\" \/>\n<meta property=\"og:title\" content=\"SIUX BEAT HYBRID 2 - Revolution Padel Store\" \/>\n<meta property=\"og:description\" content=\"Descubre la nueva Siux Beat Hybrid 2 2025, pala de p\u00e1del polivalente ideal para jugadores principiantes. Equilibrio entre potencia y control, con acabado brillante. \u00a1C\u00f3mprala en Revolution Padel Store al mejor precio!\" \/>\n<meta property=\"og:url\" content=\"https:\/\/revolutionpadelstore.com\/fr\/produit\/siux-beat-hybrid-2-3\/\" \/>\n<meta property=\"og:site_name\" content=\"Revolution Padel Store\" \/>\n<meta property=\"article:modified_time\" content=\"2026-04-08T03:53:39+00:00\" \/>\n<meta property=\"og:image\" content=\"https:\/\/revolutionpadelstore.com\/wp-content\/uploads\/2025\/03\/112625-siux-beat-hybrid-2-1500x1500-1.webp\" \/>\n\t<meta property=\"og:image:width\" content=\"1500\" \/>\n\t<meta property=\"og:image:height\" content=\"1500\" \/>\n\t<meta property=\"og:image:type\" content=\"image\/webp\" \/>\n<meta name=\"twitter:card\" content=\"summary_large_image\" \/>\n<meta name=\"twitter:label1\" content=\"Dur\u00e9e de lecture estim\u00e9e\" \/>\n\t<meta name=\"twitter:data1\" content=\"2 minutes\" \/>\n<script type=\"application\/ld+json\" class=\"yoast-schema-graph\">{\"@context\":\"https:\\\/\\\/schema.org\",\"@graph\":[{\"@type\":\"WebPage\",\"@id\":\"https:\\\/\\\/revolutionpadelstore.com\\\/fr\\\/produit\\\/siux-beat-hybrid-2-3\\\/\",\"url\":\"https:\\\/\\\/revolutionpadelstore.com\\\/fr\\\/produit\\\/siux-beat-hybrid-2-3\\\/\",\"name\":\"SIUX BEAT HYBRID 2 - Revolution Padel Store\",\"isPartOf\":{\"@id\":\"https:\\\/\\\/revolutionpadelstore.com\\\/fr\\\/#website\"},\"primaryImageOfPage\":{\"@id\":\"https:\\\/\\\/revolutionpadelstore.com\\\/fr\\\/produit\\\/siux-beat-hybrid-2-3\\\/#primaryimage\"},\"image\":{\"@id\":\"https:\\\/\\\/revolutionpadelstore.com\\\/fr\\\/produit\\\/siux-beat-hybrid-2-3\\\/#primaryimage\"},\"thumbnailUrl\":\"https:\\\/\\\/revolutionpadelstore.com\\\/wp-content\\\/uploads\\\/2025\\\/03\\\/112625-siux-beat-hybrid-2-1500x1500-1.webp\",\"datePublished\":\"2025-03-10T07:14:36+00:00\",\"dateModified\":\"2026-04-08T03:53:39+00:00\",\"description\":\"Descubre la nueva Siux Beat Hybrid 2 2025, pala de p\u00e1del polivalente ideal para jugadores principiantes. Equilibrio entre potencia y control, con acabado brillante. \u00a1C\u00f3mprala en Revolution Padel Store al mejor precio!\",\"breadcrumb\":{\"@id\":\"https:\\\/\\\/revolutionpadelstore.com\\\/fr\\\/produit\\\/siux-beat-hybrid-2-3\\\/#breadcrumb\"},\"inLanguage\":\"fr-FR\",\"potentialAction\":[{\"@type\":\"ReadAction\",\"target\":[\"https:\\\/\\\/revolutionpadelstore.com\\\/fr\\\/produit\\\/siux-beat-hybrid-2-3\\\/\"]}]},{\"@type\":\"ImageObject\",\"inLanguage\":\"fr-FR\",\"@id\":\"https:\\\/\\\/revolutionpadelstore.com\\\/fr\\\/produit\\\/siux-beat-hybrid-2-3\\\/#primaryimage\",\"url\":\"https:\\\/\\\/revolutionpadelstore.com\\\/wp-content\\\/uploads\\\/2025\\\/03\\\/112625-siux-beat-hybrid-2-1500x1500-1.webp\",\"contentUrl\":\"https:\\\/\\\/revolutionpadelstore.com\\\/wp-content\\\/uploads\\\/2025\\\/03\\\/112625-siux-beat-hybrid-2-1500x1500-1.webp\",\"width\":1500,\"height\":1500},{\"@type\":\"BreadcrumbList\",\"@id\":\"https:\\\/\\\/revolutionpadelstore.com\\\/fr\\\/produit\\\/siux-beat-hybrid-2-3\\\/#breadcrumb\",\"itemListElement\":[{\"@type\":\"ListItem\",\"position\":1,\"name\":\"Portada\",\"item\":\"https:\\\/\\\/revolutionpadelstore.com\\\/fr\\\/\"},{\"@type\":\"ListItem\",\"position\":2,\"name\":\"Boutique\",\"item\":\"https:\\\/\\\/revolutionpadelstore.com\\\/fr\\\/tienda\\\/\"},{\"@type\":\"ListItem\",\"position\":3,\"name\":\"SIUX BEAT HYBRID 2\"}]},{\"@type\":\"WebSite\",\"@id\":\"https:\\\/\\\/revolutionpadelstore.com\\\/fr\\\/#website\",\"url\":\"https:\\\/\\\/revolutionpadelstore.com\\\/fr\\\/\",\"name\":\"Revolution Padel Store\",\"description\":\"\",\"publisher\":{\"@id\":\"https:\\\/\\\/revolutionpadelstore.com\\\/fr\\\/#organization\"},\"potentialAction\":[{\"@type\":\"SearchAction\",\"target\":{\"@type\":\"EntryPoint\",\"urlTemplate\":\"https:\\\/\\\/revolutionpadelstore.com\\\/fr\\\/?s={search_term_string}\"},\"query-input\":{\"@type\":\"PropertyValueSpecification\",\"valueRequired\":true,\"valueName\":\"search_term_string\"}}],\"inLanguage\":\"fr-FR\"},{\"@type\":\"Organization\",\"@id\":\"https:\\\/\\\/revolutionpadelstore.com\\\/fr\\\/#organization\",\"name\":\"Revolution Padel Store\",\"url\":\"https:\\\/\\\/revolutionpadelstore.com\\\/fr\\\/\",\"logo\":{\"@type\":\"ImageObject\",\"inLanguage\":\"fr-FR\",\"@id\":\"https:\\\/\\\/revolutionpadelstore.com\\\/fr\\\/#\\\/schema\\\/logo\\\/image\\\/\",\"url\":\"https:\\\/\\\/revolutionpadelstore.com\\\/wp-content\\\/uploads\\\/2026\\\/02\\\/revolution-padel-store.jpg\",\"contentUrl\":\"https:\\\/\\\/revolutionpadelstore.com\\\/wp-content\\\/uploads\\\/2026\\\/02\\\/revolution-padel-store.jpg\",\"width\":2000,\"height\":2000,\"caption\":\"Revolution Padel Store\"},\"image\":{\"@id\":\"https:\\\/\\\/revolutionpadelstore.com\\\/fr\\\/#\\\/schema\\\/logo\\\/image\\\/\"},\"sameAs\":[\"https:\\\/\\\/www.instagram.com\\\/revolutionpadelstore\\\/\"]}]}<\/script>\n<!-- \/ Yoast SEO plugin. -->","yoast_head_json":{"title":"SIUX BEAT HYBRID 2 - Revolution Padel Store","description":"Descubre la nueva Siux Beat Hybrid 2 2025, pala de p\u00e1del polivalente ideal para jugadores principiantes. Equilibrio entre potencia y control, con acabado brillante. \u00a1C\u00f3mprala en Revolution Padel Store al mejor precio!","robots":{"index":"index","follow":"follow","max-snippet":"max-snippet:-1","max-image-preview":"max-image-preview:large","max-video-preview":"max-video-preview:-1"},"canonical":"https:\/\/revolutionpadelstore.com\/fr\/produit\/siux-beat-hybrid-2-3\/","og_locale":"fr_FR","og_type":"article","og_title":"SIUX BEAT HYBRID 2 - Revolution Padel Store","og_description":"Descubre la nueva Siux Beat Hybrid 2 2025, pala de p\u00e1del polivalente ideal para jugadores principiantes. Equilibrio entre potencia y control, con acabado brillante. \u00a1C\u00f3mprala en Revolution Padel Store al mejor precio!","og_url":"https:\/\/revolutionpadelstore.com\/fr\/produit\/siux-beat-hybrid-2-3\/","og_site_name":"Revolution Padel Store","article_modified_time":"2026-04-08T03:53:39+00:00","og_image":[{"width":1500,"height":1500,"url":"https:\/\/revolutionpadelstore.com\/wp-content\/uploads\/2025\/03\/112625-siux-beat-hybrid-2-1500x1500-1.webp","type":"image\/webp"}],"twitter_card":"summary_large_image","twitter_misc":{"Dur\u00e9e de lecture estim\u00e9e":"2 minutes"},"schema":{"@context":"https:\/\/schema.org","@graph":[{"@type":"WebPage","@id":"https:\/\/revolutionpadelstore.com\/fr\/produit\/siux-beat-hybrid-2-3\/","url":"https:\/\/revolutionpadelstore.com\/fr\/produit\/siux-beat-hybrid-2-3\/","name":"SIUX BEAT HYBRID 2 - Revolution Padel Store","isPartOf":{"@id":"https:\/\/revolutionpadelstore.com\/fr\/#website"},"primaryImageOfPage":{"@id":"https:\/\/revolutionpadelstore.com\/fr\/produit\/siux-beat-hybrid-2-3\/#primaryimage"},"image":{"@id":"https:\/\/revolutionpadelstore.com\/fr\/produit\/siux-beat-hybrid-2-3\/#primaryimage"},"thumbnailUrl":"https:\/\/revolutionpadelstore.com\/wp-content\/uploads\/2025\/03\/112625-siux-beat-hybrid-2-1500x1500-1.webp","datePublished":"2025-03-10T07:14:36+00:00","dateModified":"2026-04-08T03:53:39+00:00","description":"Descubre la nueva Siux Beat Hybrid 2 2025, pala de p\u00e1del polivalente ideal para jugadores principiantes. Equilibrio entre potencia y control, con acabado brillante. \u00a1C\u00f3mprala en Revolution Padel Store al mejor precio!","breadcrumb":{"@id":"https:\/\/revolutionpadelstore.com\/fr\/produit\/siux-beat-hybrid-2-3\/#breadcrumb"},"inLanguage":"fr-FR","potentialAction":[{"@type":"ReadAction","target":["https:\/\/revolutionpadelstore.com\/fr\/produit\/siux-beat-hybrid-2-3\/"]}]},{"@type":"ImageObject","inLanguage":"fr-FR","@id":"https:\/\/revolutionpadelstore.com\/fr\/produit\/siux-beat-hybrid-2-3\/#primaryimage","url":"https:\/\/revolutionpadelstore.com\/wp-content\/uploads\/2025\/03\/112625-siux-beat-hybrid-2-1500x1500-1.webp","contentUrl":"https:\/\/revolutionpadelstore.com\/wp-content\/uploads\/2025\/03\/112625-siux-beat-hybrid-2-1500x1500-1.webp","width":1500,"height":1500},{"@type":"BreadcrumbList","@id":"https:\/\/revolutionpadelstore.com\/fr\/produit\/siux-beat-hybrid-2-3\/#breadcrumb","itemListElement":[{"@type":"ListItem","position":1,"name":"Portada","item":"https:\/\/revolutionpadelstore.com\/fr\/"},{"@type":"ListItem","position":2,"name":"Boutique","item":"https:\/\/revolutionpadelstore.com\/fr\/tienda\/"},{"@type":"ListItem","position":3,"name":"SIUX BEAT HYBRID 2"}]},{"@type":"WebSite","@id":"https:\/\/revolutionpadelstore.com\/fr\/#website","url":"https:\/\/revolutionpadelstore.com\/fr\/","name":"Revolution Padel Store","description":"","publisher":{"@id":"https:\/\/revolutionpadelstore.com\/fr\/#organization"},"potentialAction":[{"@type":"SearchAction","target":{"@type":"EntryPoint","urlTemplate":"https:\/\/revolutionpadelstore.com\/fr\/?s={search_term_string}"},"query-input":{"@type":"PropertyValueSpecification","valueRequired":true,"valueName":"search_term_string"}}],"inLanguage":"fr-FR"},{"@type":"Organization","@id":"https:\/\/revolutionpadelstore.com\/fr\/#organization","name":"Revolution Padel Store","url":"https:\/\/revolutionpadelstore.com\/fr\/","logo":{"@type":"ImageObject","inLanguage":"fr-FR","@id":"https:\/\/revolutionpadelstore.com\/fr\/#\/schema\/logo\/image\/","url":"https:\/\/revolutionpadelstore.com\/wp-content\/uploads\/2026\/02\/revolution-padel-store.jpg","contentUrl":"https:\/\/revolutionpadelstore.com\/wp-content\/uploads\/2026\/02\/revolution-padel-store.jpg","width":2000,"height":2000,"caption":"Revolution Padel Store"},"image":{"@id":"https:\/\/revolutionpadelstore.com\/fr\/#\/schema\/logo\/image\/"},"sameAs":["https:\/\/www.instagram.com\/revolutionpadelstore\/"]}]}},"_links":{"self":[{"href":"https:\/\/revolutionpadelstore.com\/fr\/wp-json\/wp\/v2\/product\/216233","targetHints":{"allow":["GET"]}}],"collection":[{"href":"https:\/\/revolutionpadelstore.com\/fr\/wp-json\/wp\/v2\/product"}],"about":[{"href":"https:\/\/revolutionpadelstore.com\/fr\/wp-json\/wp\/v2\/types\/product"}],"replies":[{"embeddable":true,"href":"https:\/\/revolutionpadelstore.com\/fr\/wp-json\/wp\/v2\/comments?post=216233"}],"wp:featuredmedia":[{"embeddable":true,"href":"https:\/\/revolutionpadelstore.com\/fr\/wp-json\/wp\/v2\/media\/216239"}],"wp:attachment":[{"href":"https:\/\/revolutionpadelstore.com\/fr\/wp-json\/wp\/v2\/media?parent=216233"}],"wp:term":[{"taxonomy":"acabado","embeddable":true,"href":"https:\/\/revolutionpadelstore.com\/fr\/wp-json\/wp\/v2\/acabado?post=216233"},{"taxonomy":"balance","embeddable":true,"href":"https:\/\/revolutionpadelstore.com\/fr\/wp-json\/wp\/v2\/balance?post=216233"},{"taxonomy":"dureza","embeddable":true,"href":"https:\/\/revolutionpadelstore.com\/fr\/wp-json\/wp\/v2\/dureza?post=216233"},{"taxonomy":"forma","embeddable":true,"href":"https:\/\/revolutionpadelstore.com\/fr\/wp-json\/wp\/v2\/forma?post=216233"},{"taxonomy":"jugador","embeddable":true,"href":"https:\/\/revolutionpadelstore.com\/fr\/wp-json\/wp\/v2\/jugador?post=216233"},{"taxonomy":"marca","embeddable":true,"href":"https:\/\/revolutionpadelstore.com\/fr\/wp-json\/wp\/v2\/marca?post=216233"},{"taxonomy":"nivel-de-juego","embeddable":true,"href":"https:\/\/revolutionpadelstore.com\/fr\/wp-json\/wp\/v2\/nivel-de-juego?post=216233"},{"taxonomy":"superficie","embeddable":true,"href":"https:\/\/revolutionpadelstore.com\/fr\/wp-json\/wp\/v2\/superficie?post=216233"},{"taxonomy":"tipo-de-juego","embeddable":true,"href":"https:\/\/revolutionpadelstore.com\/fr\/wp-json\/wp\/v2\/tipo-de-juego?post=216233"},{"taxonomy":"product_brand","embeddable":true,"href":"https:\/\/revolutionpadelstore.com\/fr\/wp-json\/wp\/v2\/product_brand?post=216233"},{"taxonomy":"product_cat","embeddable":true,"href":"https:\/\/revolutionpadelstore.com\/fr\/wp-json\/wp\/v2\/product_cat?post=216233"},{"taxonomy":"product_tag","embeddable":true,"href":"https:\/\/revolutionpadelstore.com\/fr\/wp-json\/wp\/v2\/product_tag?post=216233"}],"curies":[{"name":"wp","href":"https:\/\/api.w.org\/{rel}","templated":true}]}}