{"id":216212,"date":"2025-03-24T20:09:40","date_gmt":"2025-03-24T19:09:40","guid":{"rendered":"https:\/\/revolutionpadelstore.com\/mochila-bullpadel-bpm25003-tech-005\/"},"modified":"2026-04-08T05:32:24","modified_gmt":"2026-04-08T03:32:24","slug":"mochila-bullpadel-bpm25003-tech-005-3","status":"publish","type":"product","link":"https:\/\/revolutionpadelstore.com\/fr\/produit\/mochila-bullpadel-bpm25003-tech-005-3\/","title":{"rendered":"MOCHILA BULLPADEL BPM25003 TECH 005"},"content":{"rendered":"<h2> <strong> Bullpadel Tech Technical Sac \u00e0 dos &#8211; Protection maximale et confort pour le joueur exigeant <\/strong> <\/h2>\n<p>Le sac \u00e0 dos technique de Bullpadel Tech est l&#8217;alli\u00e9 id\u00e9al pour ceux qui recherchent l&#8217;organisation, le confort et la r\u00e9sistance dans chaque d\u00e9placement. Con\u00e7u pour offrir des performances maximales sur et hors de la piste, combine des mat\u00e9riaux de haute qualit\u00e9 avec une conception intelligente et ergonomique.<\/p>\n<h2> <strong> Caract\u00e9ristiques principales <\/strong> <\/h2>\n<p style=\"padding-left: 40px\"> &#8211; compartiment rembourr\u00e9 et renforc\u00e9 avec capacit\u00e9 de 2 lames, ordinateur portable ou tablette, en gardant vos appareils et des pelles s\u00fbres \u00e0 tout moment.<\/p>\n<p> &#8211; Espace de v\u00eatements ind\u00e9pendant, id\u00e9al pour garder la commande dans votre \u00e9quipement.<\/p>\n<p style=\"padding-left: 40px\"> &#8211; compartiment sp\u00e9cifique pour les chaussures, avec ventilation pour \u00e9viter les mauvaises odeurs et maintenir le reste du contenu propre. <\/p>\n<p style=\"padding-left: 40px\"> &#8211; Poche avant ext\u00e9rieure avec soufflet, parfait pour enregistrer des accessoires ou des \u00e9l\u00e9ments d&#8217;acc\u00e8s rapide. <\/p>\n<p style=\"padding-left: 40px\"> &#8211; poche lat\u00e9rale, con\u00e7ue pour porter toujours vos balles \u00e0 la main. <\/p>\n<h2> <strong> conception ergonomique et ventil\u00e9e <\/strong> <\/h2>\n<p>Le dos int\u00e8gre des pi\u00e8ces de mousse avec des canaux de ventilation qui fournissent un d\u00e9bit d&#8217;air constant et emp\u00eachent l&#8217;accumulation de chaleur, garantissant une exp\u00e9rience confortable m\u00eame pendant les longs trajets. De plus, le sac \u00e0 dos a une sangle pectorale r\u00e9glable qui am\u00e9liore le support et distribue le poids de mani\u00e8re \u00e9quilibr\u00e9e.<\/p>\n<h2> <strong> id\u00e9al pour les joueurs professionnels et les amateurs <\/strong> <\/h2>\n<p>Gr\u00e2ce \u00e0 sa polyvalence, ce sac \u00e0 dos technique en bordeaux est parfait \u00e0 la fois pour suivre votre formation et vos tournois. Sa grande capacit\u00e9 et sa structure r\u00e9sistante en font une option premium dans l&#8217;\u00e9quipement de palette.<\/p>\n<h2> <strong> FAITER L&#8217;innovation de Bullpadel <\/strong> <\/h2>\n<p>En tant que l&#8217;une des principales marques du tennis \u00e0 pagaie, Bullpadel d\u00e9veloppe des produits con\u00e7us pour am\u00e9liorer vos performances \u00e0 tout moment. Le sac \u00e0 dos Pro repr\u00e9sente l&#8217;\u00e9quilibre parfait entre les fonctionnalit\u00e9s, le style et la durabilit\u00e9.<\/p>\n<h2> <strong> d\u00e9j\u00e0 disponible au meilleur prix <\/strong> <\/h2>\n<p>Obtenez avec le sac \u00e0 dos technique Bullpadel Tech dans notre boutique en ligne <a href=\"http:\/\/www.revolutionpadelstore.com\/\"> www.revolutionpadelstore.com <\/a>, probablement au meilleur prix du march\u00e9. \u00c9quipez-vous en tant que professionnel et vous d\u00e9marquez sur la piste!<\/p>\n<h2><strong>Mochila T\u00e9cnica Bullpadel TECH \u2013 M\u00e1xima protecci\u00f3n y comodidad para el jugador exigente<\/strong><\/p>\n","protected":false},"excerpt":{"rendered":"<p>Le sac \u00e0 dos technique Bullpadel Tech est l&#8217;alli\u00e9 id\u00e9al pour ceux qui recherchent l&#8217;organisation, le confort et la r\u00e9sistance dans chaque d\u00e9placement<\/p>\n","protected":false},"featured_media":216189,"comment_status":"open","ping_status":"closed","template":"","meta":{"_acf_changed":false,"_joinchat":[]},"acabado":[],"balance":[],"dureza":[],"forma":[],"jugador":[],"marca":[1257],"nivel-de-juego":[],"superficie":[],"tipo-de-juego":[],"product_brand":[],"product_cat":[320],"product_tag":[],"class_list":{"0":"post-216212","1":"product","2":"type-product","3":"status-publish","4":"has-post-thumbnail","6":"marca-bullpadel-fr","7":"product_cat-sacs","9":"first","10":"outofstock","11":"sale","12":"taxable","13":"shipping-taxable","14":"purchasable","15":"product-type-simple"},"acf":[],"yoast_head":"<!-- This site is optimized with the Yoast SEO plugin v27.4 - https:\/\/yoast.com\/product\/yoast-seo-wordpress\/ -->\n<title>MOCHILA BULLPADEL BPM25003 TECH 005 - Revolution Padel Store<\/title>\n<meta name=\"description\" content=\"Mochila T\u00e9cnica Bullpadel TECH con compartimento reforzado para palas o port\u00e1til, espacio para ropa, calzado y bolsillo portabote. Disponible en www.revolutionpadelstore.com al mejor precio.\" \/>\n<meta name=\"robots\" content=\"index, follow, max-snippet:-1, max-image-preview:large, max-video-preview:-1\" \/>\n<link rel=\"canonical\" href=\"https:\/\/revolutionpadelstore.com\/fr\/produit\/mochila-bullpadel-bpm25003-tech-005-3\/\" \/>\n<meta property=\"og:locale\" content=\"fr_FR\" \/>\n<meta property=\"og:type\" content=\"article\" \/>\n<meta property=\"og:title\" content=\"MOCHILA BULLPADEL BPM25003 TECH 005 - Revolution Padel Store\" \/>\n<meta property=\"og:description\" content=\"Mochila T\u00e9cnica Bullpadel TECH con compartimento reforzado para palas o port\u00e1til, espacio para ropa, calzado y bolsillo portabote. Disponible en www.revolutionpadelstore.com al mejor precio.\" \/>\n<meta property=\"og:url\" content=\"https:\/\/revolutionpadelstore.com\/fr\/produit\/mochila-bullpadel-bpm25003-tech-005-3\/\" \/>\n<meta property=\"og:site_name\" content=\"Revolution Padel Store\" \/>\n<meta property=\"article:modified_time\" content=\"2026-04-08T03:32:24+00:00\" \/>\n<meta property=\"og:image\" content=\"https:\/\/revolutionpadelstore.com\/wp-content\/uploads\/2025\/03\/202.png\" \/>\n\t<meta property=\"og:image:width\" content=\"1500\" \/>\n\t<meta property=\"og:image:height\" content=\"1500\" \/>\n\t<meta property=\"og:image:type\" content=\"image\/png\" \/>\n<meta name=\"twitter:card\" content=\"summary_large_image\" \/>\n<meta name=\"twitter:label1\" content=\"Dur\u00e9e de lecture estim\u00e9e\" \/>\n\t<meta name=\"twitter:data1\" content=\"2 minutes\" \/>\n<script type=\"application\/ld+json\" class=\"yoast-schema-graph\">{\"@context\":\"https:\\\/\\\/schema.org\",\"@graph\":[{\"@type\":\"WebPage\",\"@id\":\"https:\\\/\\\/revolutionpadelstore.com\\\/fr\\\/produit\\\/mochila-bullpadel-bpm25003-tech-005-3\\\/\",\"url\":\"https:\\\/\\\/revolutionpadelstore.com\\\/fr\\\/produit\\\/mochila-bullpadel-bpm25003-tech-005-3\\\/\",\"name\":\"MOCHILA BULLPADEL BPM25003 TECH 005 - Revolution Padel Store\",\"isPartOf\":{\"@id\":\"https:\\\/\\\/revolutionpadelstore.com\\\/fr\\\/#website\"},\"primaryImageOfPage\":{\"@id\":\"https:\\\/\\\/revolutionpadelstore.com\\\/fr\\\/produit\\\/mochila-bullpadel-bpm25003-tech-005-3\\\/#primaryimage\"},\"image\":{\"@id\":\"https:\\\/\\\/revolutionpadelstore.com\\\/fr\\\/produit\\\/mochila-bullpadel-bpm25003-tech-005-3\\\/#primaryimage\"},\"thumbnailUrl\":\"https:\\\/\\\/revolutionpadelstore.com\\\/wp-content\\\/uploads\\\/2025\\\/03\\\/202.png\",\"datePublished\":\"2025-03-24T19:09:40+00:00\",\"dateModified\":\"2026-04-08T03:32:24+00:00\",\"description\":\"Mochila T\u00e9cnica Bullpadel TECH con compartimento reforzado para palas o port\u00e1til, espacio para ropa, calzado y bolsillo portabote. Disponible en www.revolutionpadelstore.com al mejor precio.\",\"breadcrumb\":{\"@id\":\"https:\\\/\\\/revolutionpadelstore.com\\\/fr\\\/produit\\\/mochila-bullpadel-bpm25003-tech-005-3\\\/#breadcrumb\"},\"inLanguage\":\"fr-FR\",\"potentialAction\":[{\"@type\":\"ReadAction\",\"target\":[\"https:\\\/\\\/revolutionpadelstore.com\\\/fr\\\/produit\\\/mochila-bullpadel-bpm25003-tech-005-3\\\/\"]}]},{\"@type\":\"ImageObject\",\"inLanguage\":\"fr-FR\",\"@id\":\"https:\\\/\\\/revolutionpadelstore.com\\\/fr\\\/produit\\\/mochila-bullpadel-bpm25003-tech-005-3\\\/#primaryimage\",\"url\":\"https:\\\/\\\/revolutionpadelstore.com\\\/wp-content\\\/uploads\\\/2025\\\/03\\\/202.png\",\"contentUrl\":\"https:\\\/\\\/revolutionpadelstore.com\\\/wp-content\\\/uploads\\\/2025\\\/03\\\/202.png\",\"width\":1500,\"height\":1500},{\"@type\":\"BreadcrumbList\",\"@id\":\"https:\\\/\\\/revolutionpadelstore.com\\\/fr\\\/produit\\\/mochila-bullpadel-bpm25003-tech-005-3\\\/#breadcrumb\",\"itemListElement\":[{\"@type\":\"ListItem\",\"position\":1,\"name\":\"Portada\",\"item\":\"https:\\\/\\\/revolutionpadelstore.com\\\/fr\\\/\"},{\"@type\":\"ListItem\",\"position\":2,\"name\":\"Boutique\",\"item\":\"https:\\\/\\\/revolutionpadelstore.com\\\/fr\\\/tienda\\\/\"},{\"@type\":\"ListItem\",\"position\":3,\"name\":\"MOCHILA BULLPADEL BPM25003 TECH 005\"}]},{\"@type\":\"WebSite\",\"@id\":\"https:\\\/\\\/revolutionpadelstore.com\\\/fr\\\/#website\",\"url\":\"https:\\\/\\\/revolutionpadelstore.com\\\/fr\\\/\",\"name\":\"Revolution Padel Store\",\"description\":\"\",\"publisher\":{\"@id\":\"https:\\\/\\\/revolutionpadelstore.com\\\/fr\\\/#organization\"},\"potentialAction\":[{\"@type\":\"SearchAction\",\"target\":{\"@type\":\"EntryPoint\",\"urlTemplate\":\"https:\\\/\\\/revolutionpadelstore.com\\\/fr\\\/?s={search_term_string}\"},\"query-input\":{\"@type\":\"PropertyValueSpecification\",\"valueRequired\":true,\"valueName\":\"search_term_string\"}}],\"inLanguage\":\"fr-FR\"},{\"@type\":\"Organization\",\"@id\":\"https:\\\/\\\/revolutionpadelstore.com\\\/fr\\\/#organization\",\"name\":\"Revolution Padel Store\",\"url\":\"https:\\\/\\\/revolutionpadelstore.com\\\/fr\\\/\",\"logo\":{\"@type\":\"ImageObject\",\"inLanguage\":\"fr-FR\",\"@id\":\"https:\\\/\\\/revolutionpadelstore.com\\\/fr\\\/#\\\/schema\\\/logo\\\/image\\\/\",\"url\":\"https:\\\/\\\/revolutionpadelstore.com\\\/wp-content\\\/uploads\\\/2026\\\/02\\\/revolution-padel-store.jpg\",\"contentUrl\":\"https:\\\/\\\/revolutionpadelstore.com\\\/wp-content\\\/uploads\\\/2026\\\/02\\\/revolution-padel-store.jpg\",\"width\":2000,\"height\":2000,\"caption\":\"Revolution Padel Store\"},\"image\":{\"@id\":\"https:\\\/\\\/revolutionpadelstore.com\\\/fr\\\/#\\\/schema\\\/logo\\\/image\\\/\"},\"sameAs\":[\"https:\\\/\\\/www.instagram.com\\\/revolutionpadelstore\\\/\"]}]}<\/script>\n<!-- \/ Yoast SEO plugin. -->","yoast_head_json":{"title":"MOCHILA BULLPADEL BPM25003 TECH 005 - Revolution Padel Store","description":"Mochila T\u00e9cnica Bullpadel TECH con compartimento reforzado para palas o port\u00e1til, espacio para ropa, calzado y bolsillo portabote. Disponible en www.revolutionpadelstore.com al mejor precio.","robots":{"index":"index","follow":"follow","max-snippet":"max-snippet:-1","max-image-preview":"max-image-preview:large","max-video-preview":"max-video-preview:-1"},"canonical":"https:\/\/revolutionpadelstore.com\/fr\/produit\/mochila-bullpadel-bpm25003-tech-005-3\/","og_locale":"fr_FR","og_type":"article","og_title":"MOCHILA BULLPADEL BPM25003 TECH 005 - Revolution Padel Store","og_description":"Mochila T\u00e9cnica Bullpadel TECH con compartimento reforzado para palas o port\u00e1til, espacio para ropa, calzado y bolsillo portabote. Disponible en www.revolutionpadelstore.com al mejor precio.","og_url":"https:\/\/revolutionpadelstore.com\/fr\/produit\/mochila-bullpadel-bpm25003-tech-005-3\/","og_site_name":"Revolution Padel Store","article_modified_time":"2026-04-08T03:32:24+00:00","og_image":[{"width":1500,"height":1500,"url":"https:\/\/revolutionpadelstore.com\/wp-content\/uploads\/2025\/03\/202.png","type":"image\/png"}],"twitter_card":"summary_large_image","twitter_misc":{"Dur\u00e9e de lecture estim\u00e9e":"2 minutes"},"schema":{"@context":"https:\/\/schema.org","@graph":[{"@type":"WebPage","@id":"https:\/\/revolutionpadelstore.com\/fr\/produit\/mochila-bullpadel-bpm25003-tech-005-3\/","url":"https:\/\/revolutionpadelstore.com\/fr\/produit\/mochila-bullpadel-bpm25003-tech-005-3\/","name":"MOCHILA BULLPADEL BPM25003 TECH 005 - Revolution Padel Store","isPartOf":{"@id":"https:\/\/revolutionpadelstore.com\/fr\/#website"},"primaryImageOfPage":{"@id":"https:\/\/revolutionpadelstore.com\/fr\/produit\/mochila-bullpadel-bpm25003-tech-005-3\/#primaryimage"},"image":{"@id":"https:\/\/revolutionpadelstore.com\/fr\/produit\/mochila-bullpadel-bpm25003-tech-005-3\/#primaryimage"},"thumbnailUrl":"https:\/\/revolutionpadelstore.com\/wp-content\/uploads\/2025\/03\/202.png","datePublished":"2025-03-24T19:09:40+00:00","dateModified":"2026-04-08T03:32:24+00:00","description":"Mochila T\u00e9cnica Bullpadel TECH con compartimento reforzado para palas o port\u00e1til, espacio para ropa, calzado y bolsillo portabote. Disponible en www.revolutionpadelstore.com al mejor precio.","breadcrumb":{"@id":"https:\/\/revolutionpadelstore.com\/fr\/produit\/mochila-bullpadel-bpm25003-tech-005-3\/#breadcrumb"},"inLanguage":"fr-FR","potentialAction":[{"@type":"ReadAction","target":["https:\/\/revolutionpadelstore.com\/fr\/produit\/mochila-bullpadel-bpm25003-tech-005-3\/"]}]},{"@type":"ImageObject","inLanguage":"fr-FR","@id":"https:\/\/revolutionpadelstore.com\/fr\/produit\/mochila-bullpadel-bpm25003-tech-005-3\/#primaryimage","url":"https:\/\/revolutionpadelstore.com\/wp-content\/uploads\/2025\/03\/202.png","contentUrl":"https:\/\/revolutionpadelstore.com\/wp-content\/uploads\/2025\/03\/202.png","width":1500,"height":1500},{"@type":"BreadcrumbList","@id":"https:\/\/revolutionpadelstore.com\/fr\/produit\/mochila-bullpadel-bpm25003-tech-005-3\/#breadcrumb","itemListElement":[{"@type":"ListItem","position":1,"name":"Portada","item":"https:\/\/revolutionpadelstore.com\/fr\/"},{"@type":"ListItem","position":2,"name":"Boutique","item":"https:\/\/revolutionpadelstore.com\/fr\/tienda\/"},{"@type":"ListItem","position":3,"name":"MOCHILA BULLPADEL BPM25003 TECH 005"}]},{"@type":"WebSite","@id":"https:\/\/revolutionpadelstore.com\/fr\/#website","url":"https:\/\/revolutionpadelstore.com\/fr\/","name":"Revolution Padel Store","description":"","publisher":{"@id":"https:\/\/revolutionpadelstore.com\/fr\/#organization"},"potentialAction":[{"@type":"SearchAction","target":{"@type":"EntryPoint","urlTemplate":"https:\/\/revolutionpadelstore.com\/fr\/?s={search_term_string}"},"query-input":{"@type":"PropertyValueSpecification","valueRequired":true,"valueName":"search_term_string"}}],"inLanguage":"fr-FR"},{"@type":"Organization","@id":"https:\/\/revolutionpadelstore.com\/fr\/#organization","name":"Revolution Padel Store","url":"https:\/\/revolutionpadelstore.com\/fr\/","logo":{"@type":"ImageObject","inLanguage":"fr-FR","@id":"https:\/\/revolutionpadelstore.com\/fr\/#\/schema\/logo\/image\/","url":"https:\/\/revolutionpadelstore.com\/wp-content\/uploads\/2026\/02\/revolution-padel-store.jpg","contentUrl":"https:\/\/revolutionpadelstore.com\/wp-content\/uploads\/2026\/02\/revolution-padel-store.jpg","width":2000,"height":2000,"caption":"Revolution Padel Store"},"image":{"@id":"https:\/\/revolutionpadelstore.com\/fr\/#\/schema\/logo\/image\/"},"sameAs":["https:\/\/www.instagram.com\/revolutionpadelstore\/"]}]}},"_links":{"self":[{"href":"https:\/\/revolutionpadelstore.com\/fr\/wp-json\/wp\/v2\/product\/216212","targetHints":{"allow":["GET"]}}],"collection":[{"href":"https:\/\/revolutionpadelstore.com\/fr\/wp-json\/wp\/v2\/product"}],"about":[{"href":"https:\/\/revolutionpadelstore.com\/fr\/wp-json\/wp\/v2\/types\/product"}],"replies":[{"embeddable":true,"href":"https:\/\/revolutionpadelstore.com\/fr\/wp-json\/wp\/v2\/comments?post=216212"}],"wp:featuredmedia":[{"embeddable":true,"href":"https:\/\/revolutionpadelstore.com\/fr\/wp-json\/wp\/v2\/media\/216189"}],"wp:attachment":[{"href":"https:\/\/revolutionpadelstore.com\/fr\/wp-json\/wp\/v2\/media?parent=216212"}],"wp:term":[{"taxonomy":"acabado","embeddable":true,"href":"https:\/\/revolutionpadelstore.com\/fr\/wp-json\/wp\/v2\/acabado?post=216212"},{"taxonomy":"balance","embeddable":true,"href":"https:\/\/revolutionpadelstore.com\/fr\/wp-json\/wp\/v2\/balance?post=216212"},{"taxonomy":"dureza","embeddable":true,"href":"https:\/\/revolutionpadelstore.com\/fr\/wp-json\/wp\/v2\/dureza?post=216212"},{"taxonomy":"forma","embeddable":true,"href":"https:\/\/revolutionpadelstore.com\/fr\/wp-json\/wp\/v2\/forma?post=216212"},{"taxonomy":"jugador","embeddable":true,"href":"https:\/\/revolutionpadelstore.com\/fr\/wp-json\/wp\/v2\/jugador?post=216212"},{"taxonomy":"marca","embeddable":true,"href":"https:\/\/revolutionpadelstore.com\/fr\/wp-json\/wp\/v2\/marca?post=216212"},{"taxonomy":"nivel-de-juego","embeddable":true,"href":"https:\/\/revolutionpadelstore.com\/fr\/wp-json\/wp\/v2\/nivel-de-juego?post=216212"},{"taxonomy":"superficie","embeddable":true,"href":"https:\/\/revolutionpadelstore.com\/fr\/wp-json\/wp\/v2\/superficie?post=216212"},{"taxonomy":"tipo-de-juego","embeddable":true,"href":"https:\/\/revolutionpadelstore.com\/fr\/wp-json\/wp\/v2\/tipo-de-juego?post=216212"},{"taxonomy":"product_brand","embeddable":true,"href":"https:\/\/revolutionpadelstore.com\/fr\/wp-json\/wp\/v2\/product_brand?post=216212"},{"taxonomy":"product_cat","embeddable":true,"href":"https:\/\/revolutionpadelstore.com\/fr\/wp-json\/wp\/v2\/product_cat?post=216212"},{"taxonomy":"product_tag","embeddable":true,"href":"https:\/\/revolutionpadelstore.com\/fr\/wp-json\/wp\/v2\/product_tag?post=216212"}],"curies":[{"name":"wp","href":"https:\/\/api.w.org\/{rel}","templated":true}]}}