{"id":216150,"date":"2025-03-21T19:02:10","date_gmt":"2025-03-21T18:02:10","guid":{"rendered":"https:\/\/revolutionpadelstore.com\/paletero-head-tour-team-padel-monstercombi-blnv\/"},"modified":"2026-04-08T05:32:40","modified_gmt":"2026-04-08T03:32:40","slug":"paletero-head-tour-team-padel-monstercombi-blnv-3","status":"publish","type":"product","link":"https:\/\/revolutionpadelstore.com\/fr\/produit\/paletero-head-tour-team-padel-monstercombi-blnv-3\/","title":{"rendered":"PALETERO HEAD TOUR TEAM PADEL MONSTERCOMBI BLNV"},"content":{"rendered":"<p><H2> \u00c9quipe de tourn\u00e9e Paletero Head Monstercombi- <strong> Space, style et protection thermique pour vos lames <\/strong> <\/h2>\n<p>L&#8217;\u00e9quipe Paletero <strong> Head Tour Monstercomombi <\/strong> est le partenaire id\u00e9al pour les joueurs de paddle \u00e0 la recherche d&#8217;amplitude <strong>, de confort et de technologie avanc\u00e9e <\/strong> dans chaque d\u00e9placement. Avec un design moderne et disponible en deux couleurs actuelles, ce sac offre non seulement une esth\u00e9tique, mais aussi des fonctionnalit\u00e9s de haut niveau.<\/p>\n<h2> Protection maximale avec la technologie CCT + <\/H2><br \/>\nL&#8217;un de ses principaux attributs est le syst\u00e8me <strong> CCT + (technologie de contr\u00f4le du climat) <\/strong>, un compartiment thermique sp\u00e9cialement con\u00e7u pour prot\u00e9ger vos pelles contre les temp\u00e9ratures extr\u00eames, en les gardant en parfait \u00e9tat, quelle que soit la m\u00e9t\u00e9o.<\/p>\n<h2> grande capacit\u00e9 et organisation <\/h2>\n<p><strong> -Les compartiments larges <\/strong>: espace de rechange pour vos lames, v\u00eatements et accessoires.<\/p>\n<p><strong> &#8211; Conception de l&#8217;ergonomie <\/strong>: sangles r\u00e9glables pour un transport confortable, soit sur l&#8217;\u00e9paule, soit comme sac \u00e0 dos.<\/p>\n<p><strong> &#8211; Effet \u00e9cologique <\/strong>: fabriqu\u00e9 avec du papier recycl\u00e9 et uni au cordon de chanvre, refl\u00e9tant l&#8217;engagement de la t\u00eate envers l&#8217;environnement.<\/p>\n<h2> Caract\u00e9ristiques exceptionnelles <\/h2>\n<p>-TER COMPARTICS SPACIAUX pour tout votre \u00e9quipement.<\/p>\n<p>-CT + technologie de contr\u00f4le thermique.<\/p>\n<p>-Concement et placards r\u00e9glables.<\/p>\n<p>-Crepoinable et moderne.<\/p>\n<p>-Ideal pour les joueurs exigeants et professionnels.<\/p>\n<p>Obtenez avec Monstercombi <\/strong> Paletero <strong> Tour Tour Monstercombi <\/strong> et porte tout ce dont vous avez besoin avec le style, la s\u00e9curit\u00e9 et le confort.<br \/>\n<strong> Ne manquez pas cette opportunit\u00e9 et ajoutez \u00e0 votre panier ce sac haute performance! <\/strong><\/p>\n<p>Disponible dans notre boutique en ligne <strong> <a href=\"https:\/\/www.revolutionpadelstore.com\/\"> www.revolutionpadelstore.com <\/a> <\/strong>, <em> probablement au prix du meilleur march\u00e9 <\/em>.<\/p>\n<h2>Paletero HEAD Tour Team Monstercombi-\u00a0<strong>Espacio, estilo y protecci\u00f3n t\u00e9rmica para tus palas<\/strong><\/p>\n","protected":false},"excerpt":{"rendered":"<p>L&#8217;\u00e9quipe Paletero <strong> Head Tour Monstercomombi <\/strong> est le partenaire id\u00e9al pour les joueurs de paddle \u00e0 la recherche d&#8217;amplitude <strong>, de confort et de technologie avanc\u00e9e <\/strong> dans chaque d\u00e9placement.<strong>\u00a0HEAD Tour Team Monstercombi<\/strong><\/p>\n","protected":false},"featured_media":216139,"comment_status":"open","ping_status":"closed","template":"","meta":{"_acf_changed":false,"_joinchat":[]},"acabado":[],"balance":[],"dureza":[],"forma":[],"jugador":[],"marca":[1222],"nivel-de-juego":[],"superficie":[],"tipo-de-juego":[],"product_brand":[],"product_cat":[320],"product_tag":[],"class_list":{"0":"post-216150","1":"product","2":"type-product","3":"status-publish","4":"has-post-thumbnail","6":"marca-tete","7":"product_cat-sacs","9":"first","10":"outofstock","11":"sale","12":"taxable","13":"shipping-taxable","14":"purchasable","15":"product-type-simple"},"acf":[],"yoast_head":"<!-- This site is optimized with the Yoast SEO plugin v27.5 - https:\/\/yoast.com\/product\/yoast-seo-wordpress\/ -->\n<title>PALETERO HEAD TOUR TEAM PADEL MONSTERCOMBI BLNV - Revolution Padel Store<\/title>\n<meta name=\"description\" content=\"Descubre la bolsa de p\u00e1del HEAD Tour Team Monstercombi con tecnolog\u00eda t\u00e9rmica CCT+, gran capacidad y dise\u00f1o sostenible. \u00a1Compra online al mejor precio en Revolution Padel Store!\" \/>\n<meta name=\"robots\" content=\"index, follow, max-snippet:-1, max-image-preview:large, max-video-preview:-1\" \/>\n<link rel=\"canonical\" href=\"https:\/\/revolutionpadelstore.com\/fr\/produit\/paletero-head-tour-team-padel-monstercombi-blnv-3\/\" \/>\n<meta property=\"og:locale\" content=\"fr_FR\" \/>\n<meta property=\"og:type\" content=\"article\" \/>\n<meta property=\"og:title\" content=\"PALETERO HEAD TOUR TEAM PADEL MONSTERCOMBI BLNV - Revolution Padel Store\" \/>\n<meta property=\"og:description\" content=\"Descubre la bolsa de p\u00e1del HEAD Tour Team Monstercombi con tecnolog\u00eda t\u00e9rmica CCT+, gran capacidad y dise\u00f1o sostenible. \u00a1Compra online al mejor precio en Revolution Padel Store!\" \/>\n<meta property=\"og:url\" content=\"https:\/\/revolutionpadelstore.com\/fr\/produit\/paletero-head-tour-team-padel-monstercombi-blnv-3\/\" \/>\n<meta property=\"og:site_name\" content=\"Revolution Padel Store\" \/>\n<meta property=\"article:modified_time\" content=\"2026-04-08T03:32:40+00:00\" \/>\n<meta property=\"og:image\" content=\"https:\/\/revolutionpadelstore.com\/wp-content\/uploads\/2025\/03\/201.png\" \/>\n\t<meta property=\"og:image:width\" content=\"1500\" \/>\n\t<meta property=\"og:image:height\" content=\"1500\" \/>\n\t<meta property=\"og:image:type\" content=\"image\/png\" \/>\n<meta name=\"twitter:card\" content=\"summary_large_image\" \/>\n<meta name=\"twitter:label1\" content=\"Dur\u00e9e de lecture estim\u00e9e\" \/>\n\t<meta name=\"twitter:data1\" content=\"2 minutes\" \/>\n<script type=\"application\/ld+json\" class=\"yoast-schema-graph\">{\"@context\":\"https:\\\/\\\/schema.org\",\"@graph\":[{\"@type\":\"WebPage\",\"@id\":\"https:\\\/\\\/revolutionpadelstore.com\\\/fr\\\/produit\\\/paletero-head-tour-team-padel-monstercombi-blnv-3\\\/\",\"url\":\"https:\\\/\\\/revolutionpadelstore.com\\\/fr\\\/produit\\\/paletero-head-tour-team-padel-monstercombi-blnv-3\\\/\",\"name\":\"PALETERO HEAD TOUR TEAM PADEL MONSTERCOMBI BLNV - Revolution Padel Store\",\"isPartOf\":{\"@id\":\"https:\\\/\\\/revolutionpadelstore.com\\\/fr\\\/#website\"},\"primaryImageOfPage\":{\"@id\":\"https:\\\/\\\/revolutionpadelstore.com\\\/fr\\\/produit\\\/paletero-head-tour-team-padel-monstercombi-blnv-3\\\/#primaryimage\"},\"image\":{\"@id\":\"https:\\\/\\\/revolutionpadelstore.com\\\/fr\\\/produit\\\/paletero-head-tour-team-padel-monstercombi-blnv-3\\\/#primaryimage\"},\"thumbnailUrl\":\"https:\\\/\\\/revolutionpadelstore.com\\\/wp-content\\\/uploads\\\/2025\\\/03\\\/201.png\",\"datePublished\":\"2025-03-21T18:02:10+00:00\",\"dateModified\":\"2026-04-08T03:32:40+00:00\",\"description\":\"Descubre la bolsa de p\u00e1del HEAD Tour Team Monstercombi con tecnolog\u00eda t\u00e9rmica CCT+, gran capacidad y dise\u00f1o sostenible. \u00a1Compra online al mejor precio en Revolution Padel Store!\",\"breadcrumb\":{\"@id\":\"https:\\\/\\\/revolutionpadelstore.com\\\/fr\\\/produit\\\/paletero-head-tour-team-padel-monstercombi-blnv-3\\\/#breadcrumb\"},\"inLanguage\":\"fr-FR\",\"potentialAction\":[{\"@type\":\"ReadAction\",\"target\":[\"https:\\\/\\\/revolutionpadelstore.com\\\/fr\\\/produit\\\/paletero-head-tour-team-padel-monstercombi-blnv-3\\\/\"]}]},{\"@type\":\"ImageObject\",\"inLanguage\":\"fr-FR\",\"@id\":\"https:\\\/\\\/revolutionpadelstore.com\\\/fr\\\/produit\\\/paletero-head-tour-team-padel-monstercombi-blnv-3\\\/#primaryimage\",\"url\":\"https:\\\/\\\/revolutionpadelstore.com\\\/wp-content\\\/uploads\\\/2025\\\/03\\\/201.png\",\"contentUrl\":\"https:\\\/\\\/revolutionpadelstore.com\\\/wp-content\\\/uploads\\\/2025\\\/03\\\/201.png\",\"width\":1500,\"height\":1500},{\"@type\":\"BreadcrumbList\",\"@id\":\"https:\\\/\\\/revolutionpadelstore.com\\\/fr\\\/produit\\\/paletero-head-tour-team-padel-monstercombi-blnv-3\\\/#breadcrumb\",\"itemListElement\":[{\"@type\":\"ListItem\",\"position\":1,\"name\":\"Portada\",\"item\":\"https:\\\/\\\/revolutionpadelstore.com\\\/fr\\\/\"},{\"@type\":\"ListItem\",\"position\":2,\"name\":\"Boutique\",\"item\":\"https:\\\/\\\/revolutionpadelstore.com\\\/fr\\\/tienda\\\/\"},{\"@type\":\"ListItem\",\"position\":3,\"name\":\"PALETERO HEAD TOUR TEAM PADEL MONSTERCOMBI BLNV\"}]},{\"@type\":\"WebSite\",\"@id\":\"https:\\\/\\\/revolutionpadelstore.com\\\/fr\\\/#website\",\"url\":\"https:\\\/\\\/revolutionpadelstore.com\\\/fr\\\/\",\"name\":\"Revolution Padel Store\",\"description\":\"\",\"publisher\":{\"@id\":\"https:\\\/\\\/revolutionpadelstore.com\\\/fr\\\/#organization\"},\"potentialAction\":[{\"@type\":\"SearchAction\",\"target\":{\"@type\":\"EntryPoint\",\"urlTemplate\":\"https:\\\/\\\/revolutionpadelstore.com\\\/fr\\\/?s={search_term_string}\"},\"query-input\":{\"@type\":\"PropertyValueSpecification\",\"valueRequired\":true,\"valueName\":\"search_term_string\"}}],\"inLanguage\":\"fr-FR\"},{\"@type\":\"Organization\",\"@id\":\"https:\\\/\\\/revolutionpadelstore.com\\\/fr\\\/#organization\",\"name\":\"Revolution Padel Store\",\"url\":\"https:\\\/\\\/revolutionpadelstore.com\\\/fr\\\/\",\"logo\":{\"@type\":\"ImageObject\",\"inLanguage\":\"fr-FR\",\"@id\":\"https:\\\/\\\/revolutionpadelstore.com\\\/fr\\\/#\\\/schema\\\/logo\\\/image\\\/\",\"url\":\"https:\\\/\\\/revolutionpadelstore.com\\\/wp-content\\\/uploads\\\/2026\\\/02\\\/revolution-padel-store.jpg\",\"contentUrl\":\"https:\\\/\\\/revolutionpadelstore.com\\\/wp-content\\\/uploads\\\/2026\\\/02\\\/revolution-padel-store.jpg\",\"width\":2000,\"height\":2000,\"caption\":\"Revolution Padel Store\"},\"image\":{\"@id\":\"https:\\\/\\\/revolutionpadelstore.com\\\/fr\\\/#\\\/schema\\\/logo\\\/image\\\/\"},\"sameAs\":[\"https:\\\/\\\/www.instagram.com\\\/revolutionpadelstore\\\/\"]}]}<\/script>\n<!-- \/ Yoast SEO plugin. -->","yoast_head_json":{"title":"PALETERO HEAD TOUR TEAM PADEL MONSTERCOMBI BLNV - Revolution Padel Store","description":"Descubre la bolsa de p\u00e1del HEAD Tour Team Monstercombi con tecnolog\u00eda t\u00e9rmica CCT+, gran capacidad y dise\u00f1o sostenible. \u00a1Compra online al mejor precio en Revolution Padel Store!","robots":{"index":"index","follow":"follow","max-snippet":"max-snippet:-1","max-image-preview":"max-image-preview:large","max-video-preview":"max-video-preview:-1"},"canonical":"https:\/\/revolutionpadelstore.com\/fr\/produit\/paletero-head-tour-team-padel-monstercombi-blnv-3\/","og_locale":"fr_FR","og_type":"article","og_title":"PALETERO HEAD TOUR TEAM PADEL MONSTERCOMBI BLNV - Revolution Padel Store","og_description":"Descubre la bolsa de p\u00e1del HEAD Tour Team Monstercombi con tecnolog\u00eda t\u00e9rmica CCT+, gran capacidad y dise\u00f1o sostenible. \u00a1Compra online al mejor precio en Revolution Padel Store!","og_url":"https:\/\/revolutionpadelstore.com\/fr\/produit\/paletero-head-tour-team-padel-monstercombi-blnv-3\/","og_site_name":"Revolution Padel Store","article_modified_time":"2026-04-08T03:32:40+00:00","og_image":[{"width":1500,"height":1500,"url":"https:\/\/revolutionpadelstore.com\/wp-content\/uploads\/2025\/03\/201.png","type":"image\/png"}],"twitter_card":"summary_large_image","twitter_misc":{"Dur\u00e9e de lecture estim\u00e9e":"2 minutes"},"schema":{"@context":"https:\/\/schema.org","@graph":[{"@type":"WebPage","@id":"https:\/\/revolutionpadelstore.com\/fr\/produit\/paletero-head-tour-team-padel-monstercombi-blnv-3\/","url":"https:\/\/revolutionpadelstore.com\/fr\/produit\/paletero-head-tour-team-padel-monstercombi-blnv-3\/","name":"PALETERO HEAD TOUR TEAM PADEL MONSTERCOMBI BLNV - Revolution Padel Store","isPartOf":{"@id":"https:\/\/revolutionpadelstore.com\/fr\/#website"},"primaryImageOfPage":{"@id":"https:\/\/revolutionpadelstore.com\/fr\/produit\/paletero-head-tour-team-padel-monstercombi-blnv-3\/#primaryimage"},"image":{"@id":"https:\/\/revolutionpadelstore.com\/fr\/produit\/paletero-head-tour-team-padel-monstercombi-blnv-3\/#primaryimage"},"thumbnailUrl":"https:\/\/revolutionpadelstore.com\/wp-content\/uploads\/2025\/03\/201.png","datePublished":"2025-03-21T18:02:10+00:00","dateModified":"2026-04-08T03:32:40+00:00","description":"Descubre la bolsa de p\u00e1del HEAD Tour Team Monstercombi con tecnolog\u00eda t\u00e9rmica CCT+, gran capacidad y dise\u00f1o sostenible. \u00a1Compra online al mejor precio en Revolution Padel Store!","breadcrumb":{"@id":"https:\/\/revolutionpadelstore.com\/fr\/produit\/paletero-head-tour-team-padel-monstercombi-blnv-3\/#breadcrumb"},"inLanguage":"fr-FR","potentialAction":[{"@type":"ReadAction","target":["https:\/\/revolutionpadelstore.com\/fr\/produit\/paletero-head-tour-team-padel-monstercombi-blnv-3\/"]}]},{"@type":"ImageObject","inLanguage":"fr-FR","@id":"https:\/\/revolutionpadelstore.com\/fr\/produit\/paletero-head-tour-team-padel-monstercombi-blnv-3\/#primaryimage","url":"https:\/\/revolutionpadelstore.com\/wp-content\/uploads\/2025\/03\/201.png","contentUrl":"https:\/\/revolutionpadelstore.com\/wp-content\/uploads\/2025\/03\/201.png","width":1500,"height":1500},{"@type":"BreadcrumbList","@id":"https:\/\/revolutionpadelstore.com\/fr\/produit\/paletero-head-tour-team-padel-monstercombi-blnv-3\/#breadcrumb","itemListElement":[{"@type":"ListItem","position":1,"name":"Portada","item":"https:\/\/revolutionpadelstore.com\/fr\/"},{"@type":"ListItem","position":2,"name":"Boutique","item":"https:\/\/revolutionpadelstore.com\/fr\/tienda\/"},{"@type":"ListItem","position":3,"name":"PALETERO HEAD TOUR TEAM PADEL MONSTERCOMBI BLNV"}]},{"@type":"WebSite","@id":"https:\/\/revolutionpadelstore.com\/fr\/#website","url":"https:\/\/revolutionpadelstore.com\/fr\/","name":"Revolution Padel Store","description":"","publisher":{"@id":"https:\/\/revolutionpadelstore.com\/fr\/#organization"},"potentialAction":[{"@type":"SearchAction","target":{"@type":"EntryPoint","urlTemplate":"https:\/\/revolutionpadelstore.com\/fr\/?s={search_term_string}"},"query-input":{"@type":"PropertyValueSpecification","valueRequired":true,"valueName":"search_term_string"}}],"inLanguage":"fr-FR"},{"@type":"Organization","@id":"https:\/\/revolutionpadelstore.com\/fr\/#organization","name":"Revolution Padel Store","url":"https:\/\/revolutionpadelstore.com\/fr\/","logo":{"@type":"ImageObject","inLanguage":"fr-FR","@id":"https:\/\/revolutionpadelstore.com\/fr\/#\/schema\/logo\/image\/","url":"https:\/\/revolutionpadelstore.com\/wp-content\/uploads\/2026\/02\/revolution-padel-store.jpg","contentUrl":"https:\/\/revolutionpadelstore.com\/wp-content\/uploads\/2026\/02\/revolution-padel-store.jpg","width":2000,"height":2000,"caption":"Revolution Padel Store"},"image":{"@id":"https:\/\/revolutionpadelstore.com\/fr\/#\/schema\/logo\/image\/"},"sameAs":["https:\/\/www.instagram.com\/revolutionpadelstore\/"]}]}},"_links":{"self":[{"href":"https:\/\/revolutionpadelstore.com\/fr\/wp-json\/wp\/v2\/product\/216150","targetHints":{"allow":["GET"]}}],"collection":[{"href":"https:\/\/revolutionpadelstore.com\/fr\/wp-json\/wp\/v2\/product"}],"about":[{"href":"https:\/\/revolutionpadelstore.com\/fr\/wp-json\/wp\/v2\/types\/product"}],"replies":[{"embeddable":true,"href":"https:\/\/revolutionpadelstore.com\/fr\/wp-json\/wp\/v2\/comments?post=216150"}],"wp:featuredmedia":[{"embeddable":true,"href":"https:\/\/revolutionpadelstore.com\/fr\/wp-json\/wp\/v2\/media\/216139"}],"wp:attachment":[{"href":"https:\/\/revolutionpadelstore.com\/fr\/wp-json\/wp\/v2\/media?parent=216150"}],"wp:term":[{"taxonomy":"acabado","embeddable":true,"href":"https:\/\/revolutionpadelstore.com\/fr\/wp-json\/wp\/v2\/acabado?post=216150"},{"taxonomy":"balance","embeddable":true,"href":"https:\/\/revolutionpadelstore.com\/fr\/wp-json\/wp\/v2\/balance?post=216150"},{"taxonomy":"dureza","embeddable":true,"href":"https:\/\/revolutionpadelstore.com\/fr\/wp-json\/wp\/v2\/dureza?post=216150"},{"taxonomy":"forma","embeddable":true,"href":"https:\/\/revolutionpadelstore.com\/fr\/wp-json\/wp\/v2\/forma?post=216150"},{"taxonomy":"jugador","embeddable":true,"href":"https:\/\/revolutionpadelstore.com\/fr\/wp-json\/wp\/v2\/jugador?post=216150"},{"taxonomy":"marca","embeddable":true,"href":"https:\/\/revolutionpadelstore.com\/fr\/wp-json\/wp\/v2\/marca?post=216150"},{"taxonomy":"nivel-de-juego","embeddable":true,"href":"https:\/\/revolutionpadelstore.com\/fr\/wp-json\/wp\/v2\/nivel-de-juego?post=216150"},{"taxonomy":"superficie","embeddable":true,"href":"https:\/\/revolutionpadelstore.com\/fr\/wp-json\/wp\/v2\/superficie?post=216150"},{"taxonomy":"tipo-de-juego","embeddable":true,"href":"https:\/\/revolutionpadelstore.com\/fr\/wp-json\/wp\/v2\/tipo-de-juego?post=216150"},{"taxonomy":"product_brand","embeddable":true,"href":"https:\/\/revolutionpadelstore.com\/fr\/wp-json\/wp\/v2\/product_brand?post=216150"},{"taxonomy":"product_cat","embeddable":true,"href":"https:\/\/revolutionpadelstore.com\/fr\/wp-json\/wp\/v2\/product_cat?post=216150"},{"taxonomy":"product_tag","embeddable":true,"href":"https:\/\/revolutionpadelstore.com\/fr\/wp-json\/wp\/v2\/product_tag?post=216150"}],"curies":[{"name":"wp","href":"https:\/\/api.w.org\/{rel}","templated":true}]}}