{"id":215538,"date":"2025-03-14T12:55:02","date_gmt":"2025-03-14T11:55:02","guid":{"rendered":"https:\/\/revolutionpadelstore.com\/short-mizuno-harlem-nara-negro-training\/"},"modified":"2026-04-08T05:39:25","modified_gmt":"2026-04-08T03:39:25","slug":"short-mizuno-harlem-nara-negro-training-3","status":"publish","type":"product","link":"https:\/\/revolutionpadelstore.com\/fr\/produit\/short-mizuno-harlem-nara-negro-training-3\/","title":{"rendered":"SHORT MIZUNO-HARLEM NARA NEGRO TRAINING"},"content":{"rendered":"<h2> Short Mizuno-Harlem nara entra\u00eenant des forfaits noirs et des performances dans chaque formation <\/h2>\n<p>Les <strong> courts formation de Mizuno Nara <\/strong> sont con\u00e7us pour vous offrir la libert\u00e9 de mouvement et de confort maximale dans chaque session sportive. Fabriqu\u00e9 avec <strong> tissu l\u00e9ger et respirant <\/strong> <\/strong>, ils garantissent la fra\u00eecheur et le confort m\u00eame dans l&#8217;entra\u00eenement le plus intense.<\/p>\n<h2> Caract\u00e9ristiques exceptionnelles <\/h2>\n<p>-Tome Breathable: Gardez la peau au sec gr\u00e2ce \u00e0 votre capacit\u00e9 d&#8217;absorption d&#8217;humidit\u00e9.<br \/>\n-Ajustement analatomique: il fournit un support s\u00fbr sans restrictions.<br \/>\n-Concement flexible: permet une mobilit\u00e9 totale dans toute discipline sportive.<br \/>\n-Dack fonctionnel des dossiers: parfait pour transporter l&#8217;essentiel avec vous.<\/p>\n<h2> parfait pour toute activit\u00e9 <\/h2>\n<p>Id\u00e9al pour l&#8217;entra\u00eenement en <strong> gym, course, crossfit ou sports de plein air <\/strong>, le <strong> entra\u00eenement NARA <\/strong> de Mizuno s&#8217;adapte \u00e0 votre rythme et vous permettent de surmonter vos limites.<\/p>\n<p>Ne manquez pas l&#8217;opportunit\u00e9 d&#8217;am\u00e9liorer vos performances avec la formation <strong> courte Mizuno Nara <\/strong>, maintenant disponible dans <strong> <a href=\"https:\/\/www.revolutionpadelstore.com\/\"> www.revolutionpadelstore.com <\/a> <\/strong>, probablement au meilleur prix de march\u00e9!<\/p>\n<h2>Short Mizuno-Harlem Nara Training\u00a0 Negro\u2013 Comodidad y rendimiento en cada entrenamiento<\/h2>\n","protected":false},"excerpt":{"rendered":"<p>La formation Mizuno Nara offre un grand confort et une adaptabilit\u00e9 gr\u00e2ce \u00e0 leur tissu l\u00e9ger et respirant, ainsi qu&#8217;un design ergonomique. Parfait pour l&#8217;entra\u00eenement au gymnase et le plein air, ils assurent une mobilit\u00e9 optimale et des performances \u00e9lev\u00e9es.<\/p>\n","protected":false},"featured_media":215522,"comment_status":"open","ping_status":"closed","template":"","meta":{"_acf_changed":false,"_joinchat":[]},"acabado":[],"balance":[],"dureza":[],"forma":[],"jugador":[1202],"marca":[1237,1332],"nivel-de-juego":[],"superficie":[],"tipo-de-juego":[],"product_brand":[],"product_cat":[344],"product_tag":[],"class_list":{"0":"post-215538","1":"product","2":"type-product","3":"status-publish","4":"has-post-thumbnail","6":"jugador-polivalente-fr","7":"marca-harlem-padel-fr","8":"marca-mizuno-fr","9":"product_cat-ropa-fr","11":"first","12":"outofstock","13":"sale","14":"taxable","15":"shipping-taxable","16":"purchasable","17":"product-type-variable"},"acf":[],"yoast_head":"<!-- This site is optimized with the Yoast SEO plugin v27.4 - https:\/\/yoast.com\/product\/yoast-seo-wordpress\/ -->\n<title>SHORT MIZUNO-HARLEM NARA NEGRO TRAINING - Revolution Padel Store<\/title>\n<meta name=\"description\" content=\"No dejes pasar la oportunidad de mejorar tu rendimiento con los\u00a0Short Mizuno Nara Training, disponibles ahora en\u00a0www.revolutionpadelstore.com, \u00a1probablemente al mejor precio del mercado!\" \/>\n<meta name=\"robots\" content=\"index, follow, max-snippet:-1, max-image-preview:large, max-video-preview:-1\" \/>\n<link rel=\"canonical\" href=\"https:\/\/revolutionpadelstore.com\/fr\/produit\/short-mizuno-harlem-nara-negro-training-3\/\" \/>\n<meta property=\"og:locale\" content=\"fr_FR\" \/>\n<meta property=\"og:type\" content=\"article\" \/>\n<meta property=\"og:title\" content=\"SHORT MIZUNO-HARLEM NARA NEGRO TRAINING - Revolution Padel Store\" \/>\n<meta property=\"og:description\" content=\"No dejes pasar la oportunidad de mejorar tu rendimiento con los\u00a0Short Mizuno Nara Training, disponibles ahora en\u00a0www.revolutionpadelstore.com, \u00a1probablemente al mejor precio del mercado!\" \/>\n<meta property=\"og:url\" content=\"https:\/\/revolutionpadelstore.com\/fr\/produit\/short-mizuno-harlem-nara-negro-training-3\/\" \/>\n<meta property=\"og:site_name\" content=\"Revolution Padel Store\" \/>\n<meta property=\"article:modified_time\" content=\"2026-04-08T03:39:25+00:00\" \/>\n<meta property=\"og:image\" content=\"https:\/\/revolutionpadelstore.com\/wp-content\/uploads\/2025\/03\/185.png\" \/>\n\t<meta property=\"og:image:width\" content=\"1500\" \/>\n\t<meta property=\"og:image:height\" content=\"1500\" \/>\n\t<meta property=\"og:image:type\" content=\"image\/png\" \/>\n<meta name=\"twitter:card\" content=\"summary_large_image\" \/>\n<meta name=\"twitter:label1\" content=\"Dur\u00e9e de lecture estim\u00e9e\" \/>\n\t<meta name=\"twitter:data1\" content=\"1 minute\" \/>\n<script type=\"application\/ld+json\" class=\"yoast-schema-graph\">{\"@context\":\"https:\\\/\\\/schema.org\",\"@graph\":[{\"@type\":\"WebPage\",\"@id\":\"https:\\\/\\\/revolutionpadelstore.com\\\/fr\\\/produit\\\/short-mizuno-harlem-nara-negro-training-3\\\/\",\"url\":\"https:\\\/\\\/revolutionpadelstore.com\\\/fr\\\/produit\\\/short-mizuno-harlem-nara-negro-training-3\\\/\",\"name\":\"SHORT MIZUNO-HARLEM NARA NEGRO TRAINING - Revolution Padel Store\",\"isPartOf\":{\"@id\":\"https:\\\/\\\/revolutionpadelstore.com\\\/fr\\\/#website\"},\"primaryImageOfPage\":{\"@id\":\"https:\\\/\\\/revolutionpadelstore.com\\\/fr\\\/produit\\\/short-mizuno-harlem-nara-negro-training-3\\\/#primaryimage\"},\"image\":{\"@id\":\"https:\\\/\\\/revolutionpadelstore.com\\\/fr\\\/produit\\\/short-mizuno-harlem-nara-negro-training-3\\\/#primaryimage\"},\"thumbnailUrl\":\"https:\\\/\\\/revolutionpadelstore.com\\\/wp-content\\\/uploads\\\/2025\\\/03\\\/185.png\",\"datePublished\":\"2025-03-14T11:55:02+00:00\",\"dateModified\":\"2026-04-08T03:39:25+00:00\",\"description\":\"No dejes pasar la oportunidad de mejorar tu rendimiento con los\u00a0Short Mizuno Nara Training, disponibles ahora en\u00a0www.revolutionpadelstore.com, \u00a1probablemente al mejor precio del mercado!\",\"breadcrumb\":{\"@id\":\"https:\\\/\\\/revolutionpadelstore.com\\\/fr\\\/produit\\\/short-mizuno-harlem-nara-negro-training-3\\\/#breadcrumb\"},\"inLanguage\":\"fr-FR\",\"potentialAction\":[{\"@type\":\"ReadAction\",\"target\":[\"https:\\\/\\\/revolutionpadelstore.com\\\/fr\\\/produit\\\/short-mizuno-harlem-nara-negro-training-3\\\/\"]}]},{\"@type\":\"ImageObject\",\"inLanguage\":\"fr-FR\",\"@id\":\"https:\\\/\\\/revolutionpadelstore.com\\\/fr\\\/produit\\\/short-mizuno-harlem-nara-negro-training-3\\\/#primaryimage\",\"url\":\"https:\\\/\\\/revolutionpadelstore.com\\\/wp-content\\\/uploads\\\/2025\\\/03\\\/185.png\",\"contentUrl\":\"https:\\\/\\\/revolutionpadelstore.com\\\/wp-content\\\/uploads\\\/2025\\\/03\\\/185.png\",\"width\":1500,\"height\":1500},{\"@type\":\"BreadcrumbList\",\"@id\":\"https:\\\/\\\/revolutionpadelstore.com\\\/fr\\\/produit\\\/short-mizuno-harlem-nara-negro-training-3\\\/#breadcrumb\",\"itemListElement\":[{\"@type\":\"ListItem\",\"position\":1,\"name\":\"Portada\",\"item\":\"https:\\\/\\\/revolutionpadelstore.com\\\/fr\\\/\"},{\"@type\":\"ListItem\",\"position\":2,\"name\":\"Boutique\",\"item\":\"https:\\\/\\\/revolutionpadelstore.com\\\/fr\\\/tienda\\\/\"},{\"@type\":\"ListItem\",\"position\":3,\"name\":\"SHORT MIZUNO-HARLEM NARA NEGRO TRAINING\"}]},{\"@type\":\"WebSite\",\"@id\":\"https:\\\/\\\/revolutionpadelstore.com\\\/fr\\\/#website\",\"url\":\"https:\\\/\\\/revolutionpadelstore.com\\\/fr\\\/\",\"name\":\"Revolution Padel Store\",\"description\":\"\",\"publisher\":{\"@id\":\"https:\\\/\\\/revolutionpadelstore.com\\\/fr\\\/#organization\"},\"potentialAction\":[{\"@type\":\"SearchAction\",\"target\":{\"@type\":\"EntryPoint\",\"urlTemplate\":\"https:\\\/\\\/revolutionpadelstore.com\\\/fr\\\/?s={search_term_string}\"},\"query-input\":{\"@type\":\"PropertyValueSpecification\",\"valueRequired\":true,\"valueName\":\"search_term_string\"}}],\"inLanguage\":\"fr-FR\"},{\"@type\":\"Organization\",\"@id\":\"https:\\\/\\\/revolutionpadelstore.com\\\/fr\\\/#organization\",\"name\":\"Revolution Padel Store\",\"url\":\"https:\\\/\\\/revolutionpadelstore.com\\\/fr\\\/\",\"logo\":{\"@type\":\"ImageObject\",\"inLanguage\":\"fr-FR\",\"@id\":\"https:\\\/\\\/revolutionpadelstore.com\\\/fr\\\/#\\\/schema\\\/logo\\\/image\\\/\",\"url\":\"https:\\\/\\\/revolutionpadelstore.com\\\/wp-content\\\/uploads\\\/2026\\\/02\\\/revolution-padel-store.jpg\",\"contentUrl\":\"https:\\\/\\\/revolutionpadelstore.com\\\/wp-content\\\/uploads\\\/2026\\\/02\\\/revolution-padel-store.jpg\",\"width\":2000,\"height\":2000,\"caption\":\"Revolution Padel Store\"},\"image\":{\"@id\":\"https:\\\/\\\/revolutionpadelstore.com\\\/fr\\\/#\\\/schema\\\/logo\\\/image\\\/\"},\"sameAs\":[\"https:\\\/\\\/www.instagram.com\\\/revolutionpadelstore\\\/\"]}]}<\/script>\n<!-- \/ Yoast SEO plugin. -->","yoast_head_json":{"title":"SHORT MIZUNO-HARLEM NARA NEGRO TRAINING - Revolution Padel Store","description":"No dejes pasar la oportunidad de mejorar tu rendimiento con los\u00a0Short Mizuno Nara Training, disponibles ahora en\u00a0www.revolutionpadelstore.com, \u00a1probablemente al mejor precio del mercado!","robots":{"index":"index","follow":"follow","max-snippet":"max-snippet:-1","max-image-preview":"max-image-preview:large","max-video-preview":"max-video-preview:-1"},"canonical":"https:\/\/revolutionpadelstore.com\/fr\/produit\/short-mizuno-harlem-nara-negro-training-3\/","og_locale":"fr_FR","og_type":"article","og_title":"SHORT MIZUNO-HARLEM NARA NEGRO TRAINING - Revolution Padel Store","og_description":"No dejes pasar la oportunidad de mejorar tu rendimiento con los\u00a0Short Mizuno Nara Training, disponibles ahora en\u00a0www.revolutionpadelstore.com, \u00a1probablemente al mejor precio del mercado!","og_url":"https:\/\/revolutionpadelstore.com\/fr\/produit\/short-mizuno-harlem-nara-negro-training-3\/","og_site_name":"Revolution Padel Store","article_modified_time":"2026-04-08T03:39:25+00:00","og_image":[{"width":1500,"height":1500,"url":"https:\/\/revolutionpadelstore.com\/wp-content\/uploads\/2025\/03\/185.png","type":"image\/png"}],"twitter_card":"summary_large_image","twitter_misc":{"Dur\u00e9e de lecture estim\u00e9e":"1 minute"},"schema":{"@context":"https:\/\/schema.org","@graph":[{"@type":"WebPage","@id":"https:\/\/revolutionpadelstore.com\/fr\/produit\/short-mizuno-harlem-nara-negro-training-3\/","url":"https:\/\/revolutionpadelstore.com\/fr\/produit\/short-mizuno-harlem-nara-negro-training-3\/","name":"SHORT MIZUNO-HARLEM NARA NEGRO TRAINING - Revolution Padel Store","isPartOf":{"@id":"https:\/\/revolutionpadelstore.com\/fr\/#website"},"primaryImageOfPage":{"@id":"https:\/\/revolutionpadelstore.com\/fr\/produit\/short-mizuno-harlem-nara-negro-training-3\/#primaryimage"},"image":{"@id":"https:\/\/revolutionpadelstore.com\/fr\/produit\/short-mizuno-harlem-nara-negro-training-3\/#primaryimage"},"thumbnailUrl":"https:\/\/revolutionpadelstore.com\/wp-content\/uploads\/2025\/03\/185.png","datePublished":"2025-03-14T11:55:02+00:00","dateModified":"2026-04-08T03:39:25+00:00","description":"No dejes pasar la oportunidad de mejorar tu rendimiento con los\u00a0Short Mizuno Nara Training, disponibles ahora en\u00a0www.revolutionpadelstore.com, \u00a1probablemente al mejor precio del mercado!","breadcrumb":{"@id":"https:\/\/revolutionpadelstore.com\/fr\/produit\/short-mizuno-harlem-nara-negro-training-3\/#breadcrumb"},"inLanguage":"fr-FR","potentialAction":[{"@type":"ReadAction","target":["https:\/\/revolutionpadelstore.com\/fr\/produit\/short-mizuno-harlem-nara-negro-training-3\/"]}]},{"@type":"ImageObject","inLanguage":"fr-FR","@id":"https:\/\/revolutionpadelstore.com\/fr\/produit\/short-mizuno-harlem-nara-negro-training-3\/#primaryimage","url":"https:\/\/revolutionpadelstore.com\/wp-content\/uploads\/2025\/03\/185.png","contentUrl":"https:\/\/revolutionpadelstore.com\/wp-content\/uploads\/2025\/03\/185.png","width":1500,"height":1500},{"@type":"BreadcrumbList","@id":"https:\/\/revolutionpadelstore.com\/fr\/produit\/short-mizuno-harlem-nara-negro-training-3\/#breadcrumb","itemListElement":[{"@type":"ListItem","position":1,"name":"Portada","item":"https:\/\/revolutionpadelstore.com\/fr\/"},{"@type":"ListItem","position":2,"name":"Boutique","item":"https:\/\/revolutionpadelstore.com\/fr\/tienda\/"},{"@type":"ListItem","position":3,"name":"SHORT MIZUNO-HARLEM NARA NEGRO TRAINING"}]},{"@type":"WebSite","@id":"https:\/\/revolutionpadelstore.com\/fr\/#website","url":"https:\/\/revolutionpadelstore.com\/fr\/","name":"Revolution Padel Store","description":"","publisher":{"@id":"https:\/\/revolutionpadelstore.com\/fr\/#organization"},"potentialAction":[{"@type":"SearchAction","target":{"@type":"EntryPoint","urlTemplate":"https:\/\/revolutionpadelstore.com\/fr\/?s={search_term_string}"},"query-input":{"@type":"PropertyValueSpecification","valueRequired":true,"valueName":"search_term_string"}}],"inLanguage":"fr-FR"},{"@type":"Organization","@id":"https:\/\/revolutionpadelstore.com\/fr\/#organization","name":"Revolution Padel Store","url":"https:\/\/revolutionpadelstore.com\/fr\/","logo":{"@type":"ImageObject","inLanguage":"fr-FR","@id":"https:\/\/revolutionpadelstore.com\/fr\/#\/schema\/logo\/image\/","url":"https:\/\/revolutionpadelstore.com\/wp-content\/uploads\/2026\/02\/revolution-padel-store.jpg","contentUrl":"https:\/\/revolutionpadelstore.com\/wp-content\/uploads\/2026\/02\/revolution-padel-store.jpg","width":2000,"height":2000,"caption":"Revolution Padel Store"},"image":{"@id":"https:\/\/revolutionpadelstore.com\/fr\/#\/schema\/logo\/image\/"},"sameAs":["https:\/\/www.instagram.com\/revolutionpadelstore\/"]}]}},"_links":{"self":[{"href":"https:\/\/revolutionpadelstore.com\/fr\/wp-json\/wp\/v2\/product\/215538","targetHints":{"allow":["GET"]}}],"collection":[{"href":"https:\/\/revolutionpadelstore.com\/fr\/wp-json\/wp\/v2\/product"}],"about":[{"href":"https:\/\/revolutionpadelstore.com\/fr\/wp-json\/wp\/v2\/types\/product"}],"replies":[{"embeddable":true,"href":"https:\/\/revolutionpadelstore.com\/fr\/wp-json\/wp\/v2\/comments?post=215538"}],"wp:featuredmedia":[{"embeddable":true,"href":"https:\/\/revolutionpadelstore.com\/fr\/wp-json\/wp\/v2\/media\/215522"}],"wp:attachment":[{"href":"https:\/\/revolutionpadelstore.com\/fr\/wp-json\/wp\/v2\/media?parent=215538"}],"wp:term":[{"taxonomy":"acabado","embeddable":true,"href":"https:\/\/revolutionpadelstore.com\/fr\/wp-json\/wp\/v2\/acabado?post=215538"},{"taxonomy":"balance","embeddable":true,"href":"https:\/\/revolutionpadelstore.com\/fr\/wp-json\/wp\/v2\/balance?post=215538"},{"taxonomy":"dureza","embeddable":true,"href":"https:\/\/revolutionpadelstore.com\/fr\/wp-json\/wp\/v2\/dureza?post=215538"},{"taxonomy":"forma","embeddable":true,"href":"https:\/\/revolutionpadelstore.com\/fr\/wp-json\/wp\/v2\/forma?post=215538"},{"taxonomy":"jugador","embeddable":true,"href":"https:\/\/revolutionpadelstore.com\/fr\/wp-json\/wp\/v2\/jugador?post=215538"},{"taxonomy":"marca","embeddable":true,"href":"https:\/\/revolutionpadelstore.com\/fr\/wp-json\/wp\/v2\/marca?post=215538"},{"taxonomy":"nivel-de-juego","embeddable":true,"href":"https:\/\/revolutionpadelstore.com\/fr\/wp-json\/wp\/v2\/nivel-de-juego?post=215538"},{"taxonomy":"superficie","embeddable":true,"href":"https:\/\/revolutionpadelstore.com\/fr\/wp-json\/wp\/v2\/superficie?post=215538"},{"taxonomy":"tipo-de-juego","embeddable":true,"href":"https:\/\/revolutionpadelstore.com\/fr\/wp-json\/wp\/v2\/tipo-de-juego?post=215538"},{"taxonomy":"product_brand","embeddable":true,"href":"https:\/\/revolutionpadelstore.com\/fr\/wp-json\/wp\/v2\/product_brand?post=215538"},{"taxonomy":"product_cat","embeddable":true,"href":"https:\/\/revolutionpadelstore.com\/fr\/wp-json\/wp\/v2\/product_cat?post=215538"},{"taxonomy":"product_tag","embeddable":true,"href":"https:\/\/revolutionpadelstore.com\/fr\/wp-json\/wp\/v2\/product_tag?post=215538"}],"curies":[{"name":"wp","href":"https:\/\/api.w.org\/{rel}","templated":true}]}}