{"id":215435,"date":"2025-03-14T08:44:29","date_gmt":"2025-03-14T07:44:29","guid":{"rendered":"https:\/\/revolutionpadelstore.com\/falda-mizuno-harlem-hex-negra\/"},"modified":"2026-04-08T05:41:13","modified_gmt":"2026-04-08T03:41:13","slug":"falda-mizuno-harlem-hex-negra-3","status":"publish","type":"product","link":"https:\/\/revolutionpadelstore.com\/fr\/produit\/falda-mizuno-harlem-hex-negra-3\/","title":{"rendered":"FALDA MIZUNO-HARLEM HEX NEGRA"},"content":{"rendered":"<h2> Mizuno-Harlem Hex Black 2025-Lightness and Track Performance <\/h2>\n<p>D\u00e9couvrez la jupe Mizuno Hex Rect 2025, con\u00e7ue pour offrir des performances maximales sur le plancher \u00e0 palette. Fabriqu\u00e9 avec un tissu \u00e9lastique en polyester ultra-l\u00e9ger, cette jupe s&#8217;adapte parfaitement \u00e0 chaque mouvement, offrant une combinaison exceptionnelle de confort et de flexibilit\u00e9. Son ourlet ventil\u00e9 garantit une respirabilit\u00e9 optimale, vous gardant frais m\u00eame dans les moments les plus intenses du jeu.<\/p>\n<h2> Avantages cl\u00e9s de la comp\u00e9tence Mizuno Hex 2025<br \/>\n<strong> &#8211; Mouvement maximal et libert\u00e9 <\/strong> gr\u00e2ce \u00e0 son tissu \u00e9lastique.<\/p>\n<p><strong> -Welling <\/strong> int\u00e9gr\u00e9 pour plus de couverture et de r\u00e9glage s\u00fbr.<\/p>\n<p><strong> -Drylite Technology <\/strong>: \u00e9loignez l&#8217;humidit\u00e9 et la transpiration, assurant la fra\u00eecheur et le confort.<\/p>\n<p><strong> &#8211; Design et stylis\u00e9 <\/strong>, id\u00e9al pour la formation et la comp\u00e9tition.<\/p>\n<p>Si vous recherchez une jupe \u00e0 pagaie qui combine le style, les fonctionnalit\u00e9s et les performances, le Mizuno Hex Rect 2025 est votre meilleur choix. Disponible maintenant dans notre boutique en ligne Revolution Padel (www.revolutionpadelstore.com), s\u00fbrement au meilleur prix du march\u00e9!<\/p>\n<h2>Falda Mizuno-Harlem Hex Negra 2025 \u2013 Ligereza y rendimiento en la pista<\/h2>\n","protected":false},"excerpt":{"rendered":"<p>Jupe sportive pour femmes Mizuno Hex Rect, faite avec un tissu \u00e9lastique et l\u00e9ger. Con\u00e7u avec un ourlet ventil\u00e9 qui am\u00e9liore la respirabilit\u00e9 et les mailles int\u00e9rieures qui fournissent un soutien et un confort.<\/p>\n","protected":false},"featured_media":215419,"comment_status":"open","ping_status":"closed","template":"","meta":{"_acf_changed":false,"_joinchat":[]},"acabado":[],"balance":[],"dureza":[],"forma":[],"jugador":[1197],"marca":[1237,1332],"nivel-de-juego":[],"superficie":[],"tipo-de-juego":[],"product_brand":[],"product_cat":[344],"product_tag":[],"class_list":{"0":"post-215435","1":"product","2":"type-product","3":"status-publish","4":"has-post-thumbnail","6":"jugador-mujer-fr","7":"marca-harlem-padel-fr","8":"marca-mizuno-fr","9":"product_cat-ropa-fr","11":"first","12":"outofstock","13":"sale","14":"taxable","15":"shipping-taxable","16":"purchasable","17":"product-type-variable"},"acf":[],"yoast_head":"<!-- This site is optimized with the Yoast SEO plugin v27.4 - https:\/\/yoast.com\/product\/yoast-seo-wordpress\/ -->\n<title>FALDA MIZUNO-HARLEM HEX NEGRA - Revolution Padel Store<\/title>\n<meta name=\"description\" content=\"Si buscas una falda de p\u00e1del que combine estilo, funcionalidad y rendimiento, la Mizuno Hex Rect 2025 es tu mejor elecci\u00f3n. Disponible ahora en nuestra tienda online Revolution Padel Store (www.revolutionpadelstore.com), \u00a1seguramente al mejor precio del mercado!\" \/>\n<meta name=\"robots\" content=\"index, follow, max-snippet:-1, max-image-preview:large, max-video-preview:-1\" \/>\n<link rel=\"canonical\" href=\"https:\/\/revolutionpadelstore.com\/fr\/produit\/falda-mizuno-harlem-hex-negra-3\/\" \/>\n<meta property=\"og:locale\" content=\"fr_FR\" \/>\n<meta property=\"og:type\" content=\"article\" \/>\n<meta property=\"og:title\" content=\"FALDA MIZUNO-HARLEM HEX NEGRA - Revolution Padel Store\" \/>\n<meta property=\"og:description\" content=\"Si buscas una falda de p\u00e1del que combine estilo, funcionalidad y rendimiento, la Mizuno Hex Rect 2025 es tu mejor elecci\u00f3n. Disponible ahora en nuestra tienda online Revolution Padel Store (www.revolutionpadelstore.com), \u00a1seguramente al mejor precio del mercado!\" \/>\n<meta property=\"og:url\" content=\"https:\/\/revolutionpadelstore.com\/fr\/produit\/falda-mizuno-harlem-hex-negra-3\/\" \/>\n<meta property=\"og:site_name\" content=\"Revolution Padel Store\" \/>\n<meta property=\"article:modified_time\" content=\"2026-04-08T03:41:13+00:00\" \/>\n<meta property=\"og:image\" content=\"https:\/\/revolutionpadelstore.com\/wp-content\/uploads\/2025\/03\/181.png\" \/>\n\t<meta property=\"og:image:width\" content=\"1500\" \/>\n\t<meta property=\"og:image:height\" content=\"1500\" \/>\n\t<meta property=\"og:image:type\" content=\"image\/png\" \/>\n<meta name=\"twitter:card\" content=\"summary_large_image\" \/>\n<meta name=\"twitter:label1\" content=\"Dur\u00e9e de lecture estim\u00e9e\" \/>\n\t<meta name=\"twitter:data1\" content=\"1 minute\" \/>\n<script type=\"application\/ld+json\" class=\"yoast-schema-graph\">{\"@context\":\"https:\\\/\\\/schema.org\",\"@graph\":[{\"@type\":\"WebPage\",\"@id\":\"https:\\\/\\\/revolutionpadelstore.com\\\/fr\\\/produit\\\/falda-mizuno-harlem-hex-negra-3\\\/\",\"url\":\"https:\\\/\\\/revolutionpadelstore.com\\\/fr\\\/produit\\\/falda-mizuno-harlem-hex-negra-3\\\/\",\"name\":\"FALDA MIZUNO-HARLEM HEX NEGRA - Revolution Padel Store\",\"isPartOf\":{\"@id\":\"https:\\\/\\\/revolutionpadelstore.com\\\/fr\\\/#website\"},\"primaryImageOfPage\":{\"@id\":\"https:\\\/\\\/revolutionpadelstore.com\\\/fr\\\/produit\\\/falda-mizuno-harlem-hex-negra-3\\\/#primaryimage\"},\"image\":{\"@id\":\"https:\\\/\\\/revolutionpadelstore.com\\\/fr\\\/produit\\\/falda-mizuno-harlem-hex-negra-3\\\/#primaryimage\"},\"thumbnailUrl\":\"https:\\\/\\\/revolutionpadelstore.com\\\/wp-content\\\/uploads\\\/2025\\\/03\\\/181.png\",\"datePublished\":\"2025-03-14T07:44:29+00:00\",\"dateModified\":\"2026-04-08T03:41:13+00:00\",\"description\":\"Si buscas una falda de p\u00e1del que combine estilo, funcionalidad y rendimiento, la Mizuno Hex Rect 2025 es tu mejor elecci\u00f3n. Disponible ahora en nuestra tienda online Revolution Padel Store (www.revolutionpadelstore.com), \u00a1seguramente al mejor precio del mercado!\",\"breadcrumb\":{\"@id\":\"https:\\\/\\\/revolutionpadelstore.com\\\/fr\\\/produit\\\/falda-mizuno-harlem-hex-negra-3\\\/#breadcrumb\"},\"inLanguage\":\"fr-FR\",\"potentialAction\":[{\"@type\":\"ReadAction\",\"target\":[\"https:\\\/\\\/revolutionpadelstore.com\\\/fr\\\/produit\\\/falda-mizuno-harlem-hex-negra-3\\\/\"]}]},{\"@type\":\"ImageObject\",\"inLanguage\":\"fr-FR\",\"@id\":\"https:\\\/\\\/revolutionpadelstore.com\\\/fr\\\/produit\\\/falda-mizuno-harlem-hex-negra-3\\\/#primaryimage\",\"url\":\"https:\\\/\\\/revolutionpadelstore.com\\\/wp-content\\\/uploads\\\/2025\\\/03\\\/181.png\",\"contentUrl\":\"https:\\\/\\\/revolutionpadelstore.com\\\/wp-content\\\/uploads\\\/2025\\\/03\\\/181.png\",\"width\":1500,\"height\":1500},{\"@type\":\"BreadcrumbList\",\"@id\":\"https:\\\/\\\/revolutionpadelstore.com\\\/fr\\\/produit\\\/falda-mizuno-harlem-hex-negra-3\\\/#breadcrumb\",\"itemListElement\":[{\"@type\":\"ListItem\",\"position\":1,\"name\":\"Portada\",\"item\":\"https:\\\/\\\/revolutionpadelstore.com\\\/fr\\\/\"},{\"@type\":\"ListItem\",\"position\":2,\"name\":\"Boutique\",\"item\":\"https:\\\/\\\/revolutionpadelstore.com\\\/fr\\\/tienda\\\/\"},{\"@type\":\"ListItem\",\"position\":3,\"name\":\"FALDA MIZUNO-HARLEM HEX NEGRA\"}]},{\"@type\":\"WebSite\",\"@id\":\"https:\\\/\\\/revolutionpadelstore.com\\\/fr\\\/#website\",\"url\":\"https:\\\/\\\/revolutionpadelstore.com\\\/fr\\\/\",\"name\":\"Revolution Padel Store\",\"description\":\"\",\"publisher\":{\"@id\":\"https:\\\/\\\/revolutionpadelstore.com\\\/fr\\\/#organization\"},\"potentialAction\":[{\"@type\":\"SearchAction\",\"target\":{\"@type\":\"EntryPoint\",\"urlTemplate\":\"https:\\\/\\\/revolutionpadelstore.com\\\/fr\\\/?s={search_term_string}\"},\"query-input\":{\"@type\":\"PropertyValueSpecification\",\"valueRequired\":true,\"valueName\":\"search_term_string\"}}],\"inLanguage\":\"fr-FR\"},{\"@type\":\"Organization\",\"@id\":\"https:\\\/\\\/revolutionpadelstore.com\\\/fr\\\/#organization\",\"name\":\"Revolution Padel Store\",\"url\":\"https:\\\/\\\/revolutionpadelstore.com\\\/fr\\\/\",\"logo\":{\"@type\":\"ImageObject\",\"inLanguage\":\"fr-FR\",\"@id\":\"https:\\\/\\\/revolutionpadelstore.com\\\/fr\\\/#\\\/schema\\\/logo\\\/image\\\/\",\"url\":\"https:\\\/\\\/revolutionpadelstore.com\\\/wp-content\\\/uploads\\\/2026\\\/02\\\/revolution-padel-store.jpg\",\"contentUrl\":\"https:\\\/\\\/revolutionpadelstore.com\\\/wp-content\\\/uploads\\\/2026\\\/02\\\/revolution-padel-store.jpg\",\"width\":2000,\"height\":2000,\"caption\":\"Revolution Padel Store\"},\"image\":{\"@id\":\"https:\\\/\\\/revolutionpadelstore.com\\\/fr\\\/#\\\/schema\\\/logo\\\/image\\\/\"},\"sameAs\":[\"https:\\\/\\\/www.instagram.com\\\/revolutionpadelstore\\\/\"]}]}<\/script>\n<!-- \/ Yoast SEO plugin. -->","yoast_head_json":{"title":"FALDA MIZUNO-HARLEM HEX NEGRA - Revolution Padel Store","description":"Si buscas una falda de p\u00e1del que combine estilo, funcionalidad y rendimiento, la Mizuno Hex Rect 2025 es tu mejor elecci\u00f3n. Disponible ahora en nuestra tienda online Revolution Padel Store (www.revolutionpadelstore.com), \u00a1seguramente al mejor precio del mercado!","robots":{"index":"index","follow":"follow","max-snippet":"max-snippet:-1","max-image-preview":"max-image-preview:large","max-video-preview":"max-video-preview:-1"},"canonical":"https:\/\/revolutionpadelstore.com\/fr\/produit\/falda-mizuno-harlem-hex-negra-3\/","og_locale":"fr_FR","og_type":"article","og_title":"FALDA MIZUNO-HARLEM HEX NEGRA - Revolution Padel Store","og_description":"Si buscas una falda de p\u00e1del que combine estilo, funcionalidad y rendimiento, la Mizuno Hex Rect 2025 es tu mejor elecci\u00f3n. Disponible ahora en nuestra tienda online Revolution Padel Store (www.revolutionpadelstore.com), \u00a1seguramente al mejor precio del mercado!","og_url":"https:\/\/revolutionpadelstore.com\/fr\/produit\/falda-mizuno-harlem-hex-negra-3\/","og_site_name":"Revolution Padel Store","article_modified_time":"2026-04-08T03:41:13+00:00","og_image":[{"width":1500,"height":1500,"url":"https:\/\/revolutionpadelstore.com\/wp-content\/uploads\/2025\/03\/181.png","type":"image\/png"}],"twitter_card":"summary_large_image","twitter_misc":{"Dur\u00e9e de lecture estim\u00e9e":"1 minute"},"schema":{"@context":"https:\/\/schema.org","@graph":[{"@type":"WebPage","@id":"https:\/\/revolutionpadelstore.com\/fr\/produit\/falda-mizuno-harlem-hex-negra-3\/","url":"https:\/\/revolutionpadelstore.com\/fr\/produit\/falda-mizuno-harlem-hex-negra-3\/","name":"FALDA MIZUNO-HARLEM HEX NEGRA - Revolution Padel Store","isPartOf":{"@id":"https:\/\/revolutionpadelstore.com\/fr\/#website"},"primaryImageOfPage":{"@id":"https:\/\/revolutionpadelstore.com\/fr\/produit\/falda-mizuno-harlem-hex-negra-3\/#primaryimage"},"image":{"@id":"https:\/\/revolutionpadelstore.com\/fr\/produit\/falda-mizuno-harlem-hex-negra-3\/#primaryimage"},"thumbnailUrl":"https:\/\/revolutionpadelstore.com\/wp-content\/uploads\/2025\/03\/181.png","datePublished":"2025-03-14T07:44:29+00:00","dateModified":"2026-04-08T03:41:13+00:00","description":"Si buscas una falda de p\u00e1del que combine estilo, funcionalidad y rendimiento, la Mizuno Hex Rect 2025 es tu mejor elecci\u00f3n. Disponible ahora en nuestra tienda online Revolution Padel Store (www.revolutionpadelstore.com), \u00a1seguramente al mejor precio del mercado!","breadcrumb":{"@id":"https:\/\/revolutionpadelstore.com\/fr\/produit\/falda-mizuno-harlem-hex-negra-3\/#breadcrumb"},"inLanguage":"fr-FR","potentialAction":[{"@type":"ReadAction","target":["https:\/\/revolutionpadelstore.com\/fr\/produit\/falda-mizuno-harlem-hex-negra-3\/"]}]},{"@type":"ImageObject","inLanguage":"fr-FR","@id":"https:\/\/revolutionpadelstore.com\/fr\/produit\/falda-mizuno-harlem-hex-negra-3\/#primaryimage","url":"https:\/\/revolutionpadelstore.com\/wp-content\/uploads\/2025\/03\/181.png","contentUrl":"https:\/\/revolutionpadelstore.com\/wp-content\/uploads\/2025\/03\/181.png","width":1500,"height":1500},{"@type":"BreadcrumbList","@id":"https:\/\/revolutionpadelstore.com\/fr\/produit\/falda-mizuno-harlem-hex-negra-3\/#breadcrumb","itemListElement":[{"@type":"ListItem","position":1,"name":"Portada","item":"https:\/\/revolutionpadelstore.com\/fr\/"},{"@type":"ListItem","position":2,"name":"Boutique","item":"https:\/\/revolutionpadelstore.com\/fr\/tienda\/"},{"@type":"ListItem","position":3,"name":"FALDA MIZUNO-HARLEM HEX NEGRA"}]},{"@type":"WebSite","@id":"https:\/\/revolutionpadelstore.com\/fr\/#website","url":"https:\/\/revolutionpadelstore.com\/fr\/","name":"Revolution Padel Store","description":"","publisher":{"@id":"https:\/\/revolutionpadelstore.com\/fr\/#organization"},"potentialAction":[{"@type":"SearchAction","target":{"@type":"EntryPoint","urlTemplate":"https:\/\/revolutionpadelstore.com\/fr\/?s={search_term_string}"},"query-input":{"@type":"PropertyValueSpecification","valueRequired":true,"valueName":"search_term_string"}}],"inLanguage":"fr-FR"},{"@type":"Organization","@id":"https:\/\/revolutionpadelstore.com\/fr\/#organization","name":"Revolution Padel Store","url":"https:\/\/revolutionpadelstore.com\/fr\/","logo":{"@type":"ImageObject","inLanguage":"fr-FR","@id":"https:\/\/revolutionpadelstore.com\/fr\/#\/schema\/logo\/image\/","url":"https:\/\/revolutionpadelstore.com\/wp-content\/uploads\/2026\/02\/revolution-padel-store.jpg","contentUrl":"https:\/\/revolutionpadelstore.com\/wp-content\/uploads\/2026\/02\/revolution-padel-store.jpg","width":2000,"height":2000,"caption":"Revolution Padel Store"},"image":{"@id":"https:\/\/revolutionpadelstore.com\/fr\/#\/schema\/logo\/image\/"},"sameAs":["https:\/\/www.instagram.com\/revolutionpadelstore\/"]}]}},"_links":{"self":[{"href":"https:\/\/revolutionpadelstore.com\/fr\/wp-json\/wp\/v2\/product\/215435","targetHints":{"allow":["GET"]}}],"collection":[{"href":"https:\/\/revolutionpadelstore.com\/fr\/wp-json\/wp\/v2\/product"}],"about":[{"href":"https:\/\/revolutionpadelstore.com\/fr\/wp-json\/wp\/v2\/types\/product"}],"replies":[{"embeddable":true,"href":"https:\/\/revolutionpadelstore.com\/fr\/wp-json\/wp\/v2\/comments?post=215435"}],"wp:featuredmedia":[{"embeddable":true,"href":"https:\/\/revolutionpadelstore.com\/fr\/wp-json\/wp\/v2\/media\/215419"}],"wp:attachment":[{"href":"https:\/\/revolutionpadelstore.com\/fr\/wp-json\/wp\/v2\/media?parent=215435"}],"wp:term":[{"taxonomy":"acabado","embeddable":true,"href":"https:\/\/revolutionpadelstore.com\/fr\/wp-json\/wp\/v2\/acabado?post=215435"},{"taxonomy":"balance","embeddable":true,"href":"https:\/\/revolutionpadelstore.com\/fr\/wp-json\/wp\/v2\/balance?post=215435"},{"taxonomy":"dureza","embeddable":true,"href":"https:\/\/revolutionpadelstore.com\/fr\/wp-json\/wp\/v2\/dureza?post=215435"},{"taxonomy":"forma","embeddable":true,"href":"https:\/\/revolutionpadelstore.com\/fr\/wp-json\/wp\/v2\/forma?post=215435"},{"taxonomy":"jugador","embeddable":true,"href":"https:\/\/revolutionpadelstore.com\/fr\/wp-json\/wp\/v2\/jugador?post=215435"},{"taxonomy":"marca","embeddable":true,"href":"https:\/\/revolutionpadelstore.com\/fr\/wp-json\/wp\/v2\/marca?post=215435"},{"taxonomy":"nivel-de-juego","embeddable":true,"href":"https:\/\/revolutionpadelstore.com\/fr\/wp-json\/wp\/v2\/nivel-de-juego?post=215435"},{"taxonomy":"superficie","embeddable":true,"href":"https:\/\/revolutionpadelstore.com\/fr\/wp-json\/wp\/v2\/superficie?post=215435"},{"taxonomy":"tipo-de-juego","embeddable":true,"href":"https:\/\/revolutionpadelstore.com\/fr\/wp-json\/wp\/v2\/tipo-de-juego?post=215435"},{"taxonomy":"product_brand","embeddable":true,"href":"https:\/\/revolutionpadelstore.com\/fr\/wp-json\/wp\/v2\/product_brand?post=215435"},{"taxonomy":"product_cat","embeddable":true,"href":"https:\/\/revolutionpadelstore.com\/fr\/wp-json\/wp\/v2\/product_cat?post=215435"},{"taxonomy":"product_tag","embeddable":true,"href":"https:\/\/revolutionpadelstore.com\/fr\/wp-json\/wp\/v2\/product_tag?post=215435"}],"curies":[{"name":"wp","href":"https:\/\/api.w.org\/{rel}","templated":true}]}}