{"id":215379,"date":"2025-03-14T08:34:31","date_gmt":"2025-03-14T07:34:31","guid":{"rendered":"https:\/\/revolutionpadelstore.com\/camiseta-mizuno-harlem-sleeve-negra\/"},"modified":"2026-04-08T05:42:03","modified_gmt":"2026-04-08T03:42:03","slug":"camiseta-mizuno-harlem-sleeve-negra-3","status":"publish","type":"product","link":"https:\/\/revolutionpadelstore.com\/fr\/produit\/camiseta-mizuno-harlem-sleeve-negra-3\/","title":{"rendered":"CAMISETA MIZUNO-HARLEM SLEEVE NEGRA"},"content":{"rendered":"<h2> <strong> manche mizuno-harlem noire &#8211; l\u00e9g\u00e8ret\u00e9 et confort pour votre entra\u00eenement <\/strong> <\/h2>\n<p>Le <strong> mizuno sleve t -shirt <\/strong> pour les hommes est le choix id\u00e9al pour une formation intense ou pour un look sportif quotidien. Fabriqu\u00e9 en polyester <\/strong> \u00e0 100% \u00e0 100% \u00e0 100% et \u00e0 un tissu <strong> Brestable <\/strong>, donne une sensation de l\u00e9g\u00e8ret\u00e9 et de confort maximum. Son design ergonomique s&#8217;adapte parfaitement au corps, offrant une libert\u00e9 de mouvement \u00e0 chaque s\u00e9ance d&#8217;exercice.<\/p>\n<p>Gr\u00e2ce \u00e0 ses coutures strat\u00e9giques, il r\u00e9duit les frictions et \u00e9vite les irritations, garantissant un ajustement optimal sans restrictions. Sa conception classique de Sleeve et de cou rond, avec des d\u00e9tails de contraste, ajoute une touche moderne et polyvalente, id\u00e9ale pour combiner avec n&#8217;importe quelle tenue sportive.<\/p>\n<h2> <strong> Caract\u00e9ristiques importantes <\/strong> <\/h2>\n<p>-Premium Material: 100% polyester haute performance pour une plus grande durabilit\u00e9.<br \/>\n-Le verrouillage: l\u00e9ger et respirant, id\u00e9al pour toute discipline sportive.<br \/>\n&#8211; Positions ergonomiques: Ils favorisent la mobilit\u00e9 sans friction ni inconfort.<br \/>\n-Ir de conception: manga court et cou rond pour un look sportif impeccable.<br \/>\n-Dettalles en contraste: style moderne et dynamique.<\/p>\n<p>Ne manquez pas l&#8217;occasion de vous entra\u00eener avec la meilleure technologie et le meilleur confort. <strong> Obtenez le v\u00f4tre maintenant dans notre boutique en ligne &lt;a href = &quot;https:\/\/chatgpt.com\/g\/g-675432e02688191b6ee6d6f2fdbb15e-optimisation-textos\/c\/www.revolutionpadelstore.com&quot; Market. <\/strong><\/p>\n","protected":false},"excerpt":{"rendered":"<p>Mizuno \u00e0 manches t-shirt en polyester 100% avec tissu verrouill\u00e9, l\u00e9ger et respirant. Il pr\u00e9sente des coutures ergonomiques qui favorisent la libert\u00e9 de mouvement et une conception polyvalente avec des d\u00e9tails contrast\u00e9s.<\/p>\n","protected":false},"featured_media":215361,"comment_status":"open","ping_status":"closed","template":"","meta":{"_acf_changed":false,"_joinchat":[]},"acabado":[],"balance":[],"dureza":[],"forma":[],"jugador":[1192],"marca":[1237,1332],"nivel-de-juego":[],"superficie":[],"tipo-de-juego":[],"product_brand":[],"product_cat":[344],"product_tag":[],"class_list":{"0":"post-215379","1":"product","2":"type-product","3":"status-publish","4":"has-post-thumbnail","6":"jugador-homme","7":"marca-harlem-padel-fr","8":"marca-mizuno-fr","9":"product_cat-ropa-fr","11":"first","12":"outofstock","13":"sale","14":"taxable","15":"shipping-taxable","16":"purchasable","17":"product-type-variable"},"acf":[],"yoast_head":"<!-- This site is optimized with the Yoast SEO plugin v27.4 - https:\/\/yoast.com\/product\/yoast-seo-wordpress\/ -->\n<title>CAMISETA MIZUNO-HARLEM SLEEVE NEGRA - Revolution Padel Store<\/title>\n<meta name=\"description\" content=\"No dejes pasar la oportunidad de entrenar con la mejor tecnolog\u00eda y confort.\u00a0Consigue la tuya ahora en nuestra tienda online\u00a0www.revolutionpadelstore.com, probablemente al mejor precio del mercado.\" \/>\n<meta name=\"robots\" content=\"index, follow, max-snippet:-1, max-image-preview:large, max-video-preview:-1\" \/>\n<link rel=\"canonical\" href=\"https:\/\/revolutionpadelstore.com\/fr\/produit\/camiseta-mizuno-harlem-sleeve-negra-3\/\" \/>\n<meta property=\"og:locale\" content=\"fr_FR\" \/>\n<meta property=\"og:type\" content=\"article\" \/>\n<meta property=\"og:title\" content=\"CAMISETA MIZUNO-HARLEM SLEEVE NEGRA - Revolution Padel Store\" \/>\n<meta property=\"og:description\" content=\"No dejes pasar la oportunidad de entrenar con la mejor tecnolog\u00eda y confort.\u00a0Consigue la tuya ahora en nuestra tienda online\u00a0www.revolutionpadelstore.com, probablemente al mejor precio del mercado.\" \/>\n<meta property=\"og:url\" content=\"https:\/\/revolutionpadelstore.com\/fr\/produit\/camiseta-mizuno-harlem-sleeve-negra-3\/\" \/>\n<meta property=\"og:site_name\" content=\"Revolution Padel Store\" \/>\n<meta property=\"article:modified_time\" content=\"2026-04-08T03:42:03+00:00\" \/>\n<meta property=\"og:image\" content=\"https:\/\/revolutionpadelstore.com\/wp-content\/uploads\/2025\/03\/179.png\" \/>\n\t<meta property=\"og:image:width\" content=\"1500\" \/>\n\t<meta property=\"og:image:height\" content=\"1500\" \/>\n\t<meta property=\"og:image:type\" content=\"image\/png\" \/>\n<meta name=\"twitter:card\" content=\"summary_large_image\" \/>\n<meta name=\"twitter:label1\" content=\"Dur\u00e9e de lecture estim\u00e9e\" \/>\n\t<meta name=\"twitter:data1\" content=\"2 minutes\" \/>\n<script type=\"application\/ld+json\" class=\"yoast-schema-graph\">{\"@context\":\"https:\\\/\\\/schema.org\",\"@graph\":[{\"@type\":\"WebPage\",\"@id\":\"https:\\\/\\\/revolutionpadelstore.com\\\/fr\\\/produit\\\/camiseta-mizuno-harlem-sleeve-negra-3\\\/\",\"url\":\"https:\\\/\\\/revolutionpadelstore.com\\\/fr\\\/produit\\\/camiseta-mizuno-harlem-sleeve-negra-3\\\/\",\"name\":\"CAMISETA MIZUNO-HARLEM SLEEVE NEGRA - Revolution Padel Store\",\"isPartOf\":{\"@id\":\"https:\\\/\\\/revolutionpadelstore.com\\\/fr\\\/#website\"},\"primaryImageOfPage\":{\"@id\":\"https:\\\/\\\/revolutionpadelstore.com\\\/fr\\\/produit\\\/camiseta-mizuno-harlem-sleeve-negra-3\\\/#primaryimage\"},\"image\":{\"@id\":\"https:\\\/\\\/revolutionpadelstore.com\\\/fr\\\/produit\\\/camiseta-mizuno-harlem-sleeve-negra-3\\\/#primaryimage\"},\"thumbnailUrl\":\"https:\\\/\\\/revolutionpadelstore.com\\\/wp-content\\\/uploads\\\/2025\\\/03\\\/179.png\",\"datePublished\":\"2025-03-14T07:34:31+00:00\",\"dateModified\":\"2026-04-08T03:42:03+00:00\",\"description\":\"No dejes pasar la oportunidad de entrenar con la mejor tecnolog\u00eda y confort.\u00a0Consigue la tuya ahora en nuestra tienda online\u00a0www.revolutionpadelstore.com, probablemente al mejor precio del mercado.\",\"breadcrumb\":{\"@id\":\"https:\\\/\\\/revolutionpadelstore.com\\\/fr\\\/produit\\\/camiseta-mizuno-harlem-sleeve-negra-3\\\/#breadcrumb\"},\"inLanguage\":\"fr-FR\",\"potentialAction\":[{\"@type\":\"ReadAction\",\"target\":[\"https:\\\/\\\/revolutionpadelstore.com\\\/fr\\\/produit\\\/camiseta-mizuno-harlem-sleeve-negra-3\\\/\"]}]},{\"@type\":\"ImageObject\",\"inLanguage\":\"fr-FR\",\"@id\":\"https:\\\/\\\/revolutionpadelstore.com\\\/fr\\\/produit\\\/camiseta-mizuno-harlem-sleeve-negra-3\\\/#primaryimage\",\"url\":\"https:\\\/\\\/revolutionpadelstore.com\\\/wp-content\\\/uploads\\\/2025\\\/03\\\/179.png\",\"contentUrl\":\"https:\\\/\\\/revolutionpadelstore.com\\\/wp-content\\\/uploads\\\/2025\\\/03\\\/179.png\",\"width\":1500,\"height\":1500},{\"@type\":\"BreadcrumbList\",\"@id\":\"https:\\\/\\\/revolutionpadelstore.com\\\/fr\\\/produit\\\/camiseta-mizuno-harlem-sleeve-negra-3\\\/#breadcrumb\",\"itemListElement\":[{\"@type\":\"ListItem\",\"position\":1,\"name\":\"Portada\",\"item\":\"https:\\\/\\\/revolutionpadelstore.com\\\/fr\\\/\"},{\"@type\":\"ListItem\",\"position\":2,\"name\":\"Boutique\",\"item\":\"https:\\\/\\\/revolutionpadelstore.com\\\/fr\\\/tienda\\\/\"},{\"@type\":\"ListItem\",\"position\":3,\"name\":\"CAMISETA MIZUNO-HARLEM SLEEVE NEGRA\"}]},{\"@type\":\"WebSite\",\"@id\":\"https:\\\/\\\/revolutionpadelstore.com\\\/fr\\\/#website\",\"url\":\"https:\\\/\\\/revolutionpadelstore.com\\\/fr\\\/\",\"name\":\"Revolution Padel Store\",\"description\":\"\",\"publisher\":{\"@id\":\"https:\\\/\\\/revolutionpadelstore.com\\\/fr\\\/#organization\"},\"potentialAction\":[{\"@type\":\"SearchAction\",\"target\":{\"@type\":\"EntryPoint\",\"urlTemplate\":\"https:\\\/\\\/revolutionpadelstore.com\\\/fr\\\/?s={search_term_string}\"},\"query-input\":{\"@type\":\"PropertyValueSpecification\",\"valueRequired\":true,\"valueName\":\"search_term_string\"}}],\"inLanguage\":\"fr-FR\"},{\"@type\":\"Organization\",\"@id\":\"https:\\\/\\\/revolutionpadelstore.com\\\/fr\\\/#organization\",\"name\":\"Revolution Padel Store\",\"url\":\"https:\\\/\\\/revolutionpadelstore.com\\\/fr\\\/\",\"logo\":{\"@type\":\"ImageObject\",\"inLanguage\":\"fr-FR\",\"@id\":\"https:\\\/\\\/revolutionpadelstore.com\\\/fr\\\/#\\\/schema\\\/logo\\\/image\\\/\",\"url\":\"https:\\\/\\\/revolutionpadelstore.com\\\/wp-content\\\/uploads\\\/2026\\\/02\\\/revolution-padel-store.jpg\",\"contentUrl\":\"https:\\\/\\\/revolutionpadelstore.com\\\/wp-content\\\/uploads\\\/2026\\\/02\\\/revolution-padel-store.jpg\",\"width\":2000,\"height\":2000,\"caption\":\"Revolution Padel Store\"},\"image\":{\"@id\":\"https:\\\/\\\/revolutionpadelstore.com\\\/fr\\\/#\\\/schema\\\/logo\\\/image\\\/\"},\"sameAs\":[\"https:\\\/\\\/www.instagram.com\\\/revolutionpadelstore\\\/\"]}]}<\/script>\n<!-- \/ Yoast SEO plugin. -->","yoast_head_json":{"title":"CAMISETA MIZUNO-HARLEM SLEEVE NEGRA - Revolution Padel Store","description":"No dejes pasar la oportunidad de entrenar con la mejor tecnolog\u00eda y confort.\u00a0Consigue la tuya ahora en nuestra tienda online\u00a0www.revolutionpadelstore.com, probablemente al mejor precio del mercado.","robots":{"index":"index","follow":"follow","max-snippet":"max-snippet:-1","max-image-preview":"max-image-preview:large","max-video-preview":"max-video-preview:-1"},"canonical":"https:\/\/revolutionpadelstore.com\/fr\/produit\/camiseta-mizuno-harlem-sleeve-negra-3\/","og_locale":"fr_FR","og_type":"article","og_title":"CAMISETA MIZUNO-HARLEM SLEEVE NEGRA - Revolution Padel Store","og_description":"No dejes pasar la oportunidad de entrenar con la mejor tecnolog\u00eda y confort.\u00a0Consigue la tuya ahora en nuestra tienda online\u00a0www.revolutionpadelstore.com, probablemente al mejor precio del mercado.","og_url":"https:\/\/revolutionpadelstore.com\/fr\/produit\/camiseta-mizuno-harlem-sleeve-negra-3\/","og_site_name":"Revolution Padel Store","article_modified_time":"2026-04-08T03:42:03+00:00","og_image":[{"width":1500,"height":1500,"url":"https:\/\/revolutionpadelstore.com\/wp-content\/uploads\/2025\/03\/179.png","type":"image\/png"}],"twitter_card":"summary_large_image","twitter_misc":{"Dur\u00e9e de lecture estim\u00e9e":"2 minutes"},"schema":{"@context":"https:\/\/schema.org","@graph":[{"@type":"WebPage","@id":"https:\/\/revolutionpadelstore.com\/fr\/produit\/camiseta-mizuno-harlem-sleeve-negra-3\/","url":"https:\/\/revolutionpadelstore.com\/fr\/produit\/camiseta-mizuno-harlem-sleeve-negra-3\/","name":"CAMISETA MIZUNO-HARLEM SLEEVE NEGRA - Revolution Padel Store","isPartOf":{"@id":"https:\/\/revolutionpadelstore.com\/fr\/#website"},"primaryImageOfPage":{"@id":"https:\/\/revolutionpadelstore.com\/fr\/produit\/camiseta-mizuno-harlem-sleeve-negra-3\/#primaryimage"},"image":{"@id":"https:\/\/revolutionpadelstore.com\/fr\/produit\/camiseta-mizuno-harlem-sleeve-negra-3\/#primaryimage"},"thumbnailUrl":"https:\/\/revolutionpadelstore.com\/wp-content\/uploads\/2025\/03\/179.png","datePublished":"2025-03-14T07:34:31+00:00","dateModified":"2026-04-08T03:42:03+00:00","description":"No dejes pasar la oportunidad de entrenar con la mejor tecnolog\u00eda y confort.\u00a0Consigue la tuya ahora en nuestra tienda online\u00a0www.revolutionpadelstore.com, probablemente al mejor precio del mercado.","breadcrumb":{"@id":"https:\/\/revolutionpadelstore.com\/fr\/produit\/camiseta-mizuno-harlem-sleeve-negra-3\/#breadcrumb"},"inLanguage":"fr-FR","potentialAction":[{"@type":"ReadAction","target":["https:\/\/revolutionpadelstore.com\/fr\/produit\/camiseta-mizuno-harlem-sleeve-negra-3\/"]}]},{"@type":"ImageObject","inLanguage":"fr-FR","@id":"https:\/\/revolutionpadelstore.com\/fr\/produit\/camiseta-mizuno-harlem-sleeve-negra-3\/#primaryimage","url":"https:\/\/revolutionpadelstore.com\/wp-content\/uploads\/2025\/03\/179.png","contentUrl":"https:\/\/revolutionpadelstore.com\/wp-content\/uploads\/2025\/03\/179.png","width":1500,"height":1500},{"@type":"BreadcrumbList","@id":"https:\/\/revolutionpadelstore.com\/fr\/produit\/camiseta-mizuno-harlem-sleeve-negra-3\/#breadcrumb","itemListElement":[{"@type":"ListItem","position":1,"name":"Portada","item":"https:\/\/revolutionpadelstore.com\/fr\/"},{"@type":"ListItem","position":2,"name":"Boutique","item":"https:\/\/revolutionpadelstore.com\/fr\/tienda\/"},{"@type":"ListItem","position":3,"name":"CAMISETA MIZUNO-HARLEM SLEEVE NEGRA"}]},{"@type":"WebSite","@id":"https:\/\/revolutionpadelstore.com\/fr\/#website","url":"https:\/\/revolutionpadelstore.com\/fr\/","name":"Revolution Padel Store","description":"","publisher":{"@id":"https:\/\/revolutionpadelstore.com\/fr\/#organization"},"potentialAction":[{"@type":"SearchAction","target":{"@type":"EntryPoint","urlTemplate":"https:\/\/revolutionpadelstore.com\/fr\/?s={search_term_string}"},"query-input":{"@type":"PropertyValueSpecification","valueRequired":true,"valueName":"search_term_string"}}],"inLanguage":"fr-FR"},{"@type":"Organization","@id":"https:\/\/revolutionpadelstore.com\/fr\/#organization","name":"Revolution Padel Store","url":"https:\/\/revolutionpadelstore.com\/fr\/","logo":{"@type":"ImageObject","inLanguage":"fr-FR","@id":"https:\/\/revolutionpadelstore.com\/fr\/#\/schema\/logo\/image\/","url":"https:\/\/revolutionpadelstore.com\/wp-content\/uploads\/2026\/02\/revolution-padel-store.jpg","contentUrl":"https:\/\/revolutionpadelstore.com\/wp-content\/uploads\/2026\/02\/revolution-padel-store.jpg","width":2000,"height":2000,"caption":"Revolution Padel Store"},"image":{"@id":"https:\/\/revolutionpadelstore.com\/fr\/#\/schema\/logo\/image\/"},"sameAs":["https:\/\/www.instagram.com\/revolutionpadelstore\/"]}]}},"_links":{"self":[{"href":"https:\/\/revolutionpadelstore.com\/fr\/wp-json\/wp\/v2\/product\/215379","targetHints":{"allow":["GET"]}}],"collection":[{"href":"https:\/\/revolutionpadelstore.com\/fr\/wp-json\/wp\/v2\/product"}],"about":[{"href":"https:\/\/revolutionpadelstore.com\/fr\/wp-json\/wp\/v2\/types\/product"}],"replies":[{"embeddable":true,"href":"https:\/\/revolutionpadelstore.com\/fr\/wp-json\/wp\/v2\/comments?post=215379"}],"wp:featuredmedia":[{"embeddable":true,"href":"https:\/\/revolutionpadelstore.com\/fr\/wp-json\/wp\/v2\/media\/215361"}],"wp:attachment":[{"href":"https:\/\/revolutionpadelstore.com\/fr\/wp-json\/wp\/v2\/media?parent=215379"}],"wp:term":[{"taxonomy":"acabado","embeddable":true,"href":"https:\/\/revolutionpadelstore.com\/fr\/wp-json\/wp\/v2\/acabado?post=215379"},{"taxonomy":"balance","embeddable":true,"href":"https:\/\/revolutionpadelstore.com\/fr\/wp-json\/wp\/v2\/balance?post=215379"},{"taxonomy":"dureza","embeddable":true,"href":"https:\/\/revolutionpadelstore.com\/fr\/wp-json\/wp\/v2\/dureza?post=215379"},{"taxonomy":"forma","embeddable":true,"href":"https:\/\/revolutionpadelstore.com\/fr\/wp-json\/wp\/v2\/forma?post=215379"},{"taxonomy":"jugador","embeddable":true,"href":"https:\/\/revolutionpadelstore.com\/fr\/wp-json\/wp\/v2\/jugador?post=215379"},{"taxonomy":"marca","embeddable":true,"href":"https:\/\/revolutionpadelstore.com\/fr\/wp-json\/wp\/v2\/marca?post=215379"},{"taxonomy":"nivel-de-juego","embeddable":true,"href":"https:\/\/revolutionpadelstore.com\/fr\/wp-json\/wp\/v2\/nivel-de-juego?post=215379"},{"taxonomy":"superficie","embeddable":true,"href":"https:\/\/revolutionpadelstore.com\/fr\/wp-json\/wp\/v2\/superficie?post=215379"},{"taxonomy":"tipo-de-juego","embeddable":true,"href":"https:\/\/revolutionpadelstore.com\/fr\/wp-json\/wp\/v2\/tipo-de-juego?post=215379"},{"taxonomy":"product_brand","embeddable":true,"href":"https:\/\/revolutionpadelstore.com\/fr\/wp-json\/wp\/v2\/product_brand?post=215379"},{"taxonomy":"product_cat","embeddable":true,"href":"https:\/\/revolutionpadelstore.com\/fr\/wp-json\/wp\/v2\/product_cat?post=215379"},{"taxonomy":"product_tag","embeddable":true,"href":"https:\/\/revolutionpadelstore.com\/fr\/wp-json\/wp\/v2\/product_tag?post=215379"}],"curies":[{"name":"wp","href":"https:\/\/api.w.org\/{rel}","templated":true}]}}