{"id":215078,"date":"2025-03-13T23:10:47","date_gmt":"2025-03-13T22:10:47","guid":{"rendered":"https:\/\/revolutionpadelstore.com\/sudadera-mizuno-harlem-senday-amarilla\/"},"modified":"2026-04-08T05:45:48","modified_gmt":"2026-04-08T03:45:48","slug":"sudadera-mizuno-harlem-senday-amarilla-3","status":"publish","type":"product","link":"https:\/\/revolutionpadelstore.com\/fr\/produit\/sudadera-mizuno-harlem-senday-amarilla-3\/","title":{"rendered":"SUDADERA MIZUNO-HARLEM SENDAY AMARILLA"},"content":{"rendered":"<h2> Mizuno-Harlem Sendai Sendai Yellow-Lightness for Sport <\/H2><br \/>\nLe sweat <strong> Mizuno Sendai <\/strong> est le choix id\u00e9al pour les athl\u00e8tes \u00e0 la recherche d&#8217;un confort <strong>, de la libert\u00e9 de mouvement et du style <\/strong> dans chaque formation. Con\u00e7u pour plusieurs disciplines, son tissu l\u00e9ger et respirant offre des performances optimales dans toute session sportive.<\/p>\n<h2> <strong> Caract\u00e9ristiques importantes <\/strong> <\/h2>\n<p> &#8211; Conception polyvalente et moderne en jaune, id\u00e9al pour combiner avec n&#8217;importe quelle tenue sportive.<br \/>\n-Loologo Mizuno estampill\u00e9 dans la manche gauche pour une touche distinctive.<br \/>\n-Stite parfaite, avec des poings l\u00e9g\u00e8rement serr\u00e9s et une partie inf\u00e9rieure pour une plus grande libert\u00e9 de mouvements.<br \/>\n-La partie r\u00e9glable inf\u00e9rieure avec du caoutchouc, permettant une adaptation personnalis\u00e9e.<br \/>\n&#8211; Composition de qualit\u00e9 haute: 100% polyester, offrant une l\u00e9g\u00e8ret\u00e9, une r\u00e9sistance et une respirabilit\u00e9.<br \/>\nParfait pour une utilisation intensive et d\u00e9contract\u00e9e, la veste <strong> Mizuno Sendai <\/strong> est un v\u00eatement essentiel dans le placard de tout athl\u00e8te. Ne manquez pas l&#8217;occasion d&#8217;am\u00e9liorer vos performances avec le meilleur \u00e9quipement!<\/p>\n<p><strong> maintenant disponible dans notre boutique en ligne <a href=\"https:\/\/chatgpt.com\/g\/g-675432e026888191b6ee6d6f2fdbb15e-optimisation-textos\/c\/www.revolutionpadelstore.com\"> R\u00e9volution Padel Store <\/a> Market. <\/strong><\/p>\n","protected":false},"excerpt":{"rendered":"<p>Le sweat-shirt Mizuno Sendai est parfait pour les athl\u00e8tes qui appr\u00e9cient le confort, la flexibilit\u00e9 et le style dans chaque entra\u00eenement. Son design polyvalent s&#8217;adapte \u00e0 diff\u00e9rentes disciplines sportives, tandis que son tissu l\u00e9ger et respirant garantit des performances plus \u00e9lev\u00e9es dans toute activit\u00e9.<\/p>\n","protected":false},"featured_media":215130,"comment_status":"open","ping_status":"closed","template":"","meta":{"_acf_changed":false,"_joinchat":[]},"acabado":[],"balance":[],"dureza":[],"forma":[],"jugador":[1202],"marca":[1237,1332],"nivel-de-juego":[],"superficie":[],"tipo-de-juego":[],"product_brand":[],"product_cat":[344],"product_tag":[],"class_list":{"0":"post-215078","1":"product","2":"type-product","3":"status-publish","4":"has-post-thumbnail","6":"jugador-polivalente-fr","7":"marca-harlem-padel-fr","8":"marca-mizuno-fr","9":"product_cat-ropa-fr","11":"first","12":"outofstock","13":"sale","14":"taxable","15":"shipping-taxable","16":"purchasable","17":"product-type-variable"},"acf":[],"yoast_head":"<!-- This site is optimized with the Yoast SEO plugin v27.4 - https:\/\/yoast.com\/product\/yoast-seo-wordpress\/ -->\n<title>SUDADERA MIZUNO-HARLEM SENDAY AMARILLA - Revolution Padel Store<\/title>\n<meta name=\"description\" content=\"Descubre la chaqueta MIZUNO SENDAI TRAINING TOP, ligera y c\u00f3moda para cualquier entrenamiento. Dise\u00f1o en negro, ajuste perfecto y tejido transpirable. \u00a1C\u00f3mprala en nuestra tienda online al mejor precio!\" \/>\n<meta name=\"robots\" content=\"index, follow, max-snippet:-1, max-image-preview:large, max-video-preview:-1\" \/>\n<link rel=\"canonical\" href=\"https:\/\/revolutionpadelstore.com\/fr\/produit\/sudadera-mizuno-harlem-senday-amarilla-3\/\" \/>\n<meta property=\"og:locale\" content=\"fr_FR\" \/>\n<meta property=\"og:type\" content=\"article\" \/>\n<meta property=\"og:title\" content=\"SUDADERA MIZUNO-HARLEM SENDAY AMARILLA - Revolution Padel Store\" \/>\n<meta property=\"og:description\" content=\"Descubre la chaqueta MIZUNO SENDAI TRAINING TOP, ligera y c\u00f3moda para cualquier entrenamiento. Dise\u00f1o en negro, ajuste perfecto y tejido transpirable. \u00a1C\u00f3mprala en nuestra tienda online al mejor precio!\" \/>\n<meta property=\"og:url\" content=\"https:\/\/revolutionpadelstore.com\/fr\/produit\/sudadera-mizuno-harlem-senday-amarilla-3\/\" \/>\n<meta property=\"og:site_name\" content=\"Revolution Padel Store\" \/>\n<meta property=\"article:modified_time\" content=\"2026-04-08T03:45:48+00:00\" \/>\n<meta property=\"og:image\" content=\"https:\/\/revolutionpadelstore.com\/wp-content\/uploads\/2025\/03\/173.png\" \/>\n\t<meta property=\"og:image:width\" content=\"1500\" \/>\n\t<meta property=\"og:image:height\" content=\"1500\" \/>\n\t<meta property=\"og:image:type\" content=\"image\/png\" \/>\n<meta name=\"twitter:card\" content=\"summary_large_image\" \/>\n<meta name=\"twitter:label1\" content=\"Dur\u00e9e de lecture estim\u00e9e\" \/>\n\t<meta name=\"twitter:data1\" content=\"1 minute\" \/>\n<script type=\"application\/ld+json\" class=\"yoast-schema-graph\">{\"@context\":\"https:\\\/\\\/schema.org\",\"@graph\":[{\"@type\":\"WebPage\",\"@id\":\"https:\\\/\\\/revolutionpadelstore.com\\\/fr\\\/produit\\\/sudadera-mizuno-harlem-senday-amarilla-3\\\/\",\"url\":\"https:\\\/\\\/revolutionpadelstore.com\\\/fr\\\/produit\\\/sudadera-mizuno-harlem-senday-amarilla-3\\\/\",\"name\":\"SUDADERA MIZUNO-HARLEM SENDAY AMARILLA - Revolution Padel Store\",\"isPartOf\":{\"@id\":\"https:\\\/\\\/revolutionpadelstore.com\\\/fr\\\/#website\"},\"primaryImageOfPage\":{\"@id\":\"https:\\\/\\\/revolutionpadelstore.com\\\/fr\\\/produit\\\/sudadera-mizuno-harlem-senday-amarilla-3\\\/#primaryimage\"},\"image\":{\"@id\":\"https:\\\/\\\/revolutionpadelstore.com\\\/fr\\\/produit\\\/sudadera-mizuno-harlem-senday-amarilla-3\\\/#primaryimage\"},\"thumbnailUrl\":\"https:\\\/\\\/revolutionpadelstore.com\\\/wp-content\\\/uploads\\\/2025\\\/03\\\/173.png\",\"datePublished\":\"2025-03-13T22:10:47+00:00\",\"dateModified\":\"2026-04-08T03:45:48+00:00\",\"description\":\"Descubre la chaqueta MIZUNO SENDAI TRAINING TOP, ligera y c\u00f3moda para cualquier entrenamiento. Dise\u00f1o en negro, ajuste perfecto y tejido transpirable. \u00a1C\u00f3mprala en nuestra tienda online al mejor precio!\",\"breadcrumb\":{\"@id\":\"https:\\\/\\\/revolutionpadelstore.com\\\/fr\\\/produit\\\/sudadera-mizuno-harlem-senday-amarilla-3\\\/#breadcrumb\"},\"inLanguage\":\"fr-FR\",\"potentialAction\":[{\"@type\":\"ReadAction\",\"target\":[\"https:\\\/\\\/revolutionpadelstore.com\\\/fr\\\/produit\\\/sudadera-mizuno-harlem-senday-amarilla-3\\\/\"]}]},{\"@type\":\"ImageObject\",\"inLanguage\":\"fr-FR\",\"@id\":\"https:\\\/\\\/revolutionpadelstore.com\\\/fr\\\/produit\\\/sudadera-mizuno-harlem-senday-amarilla-3\\\/#primaryimage\",\"url\":\"https:\\\/\\\/revolutionpadelstore.com\\\/wp-content\\\/uploads\\\/2025\\\/03\\\/173.png\",\"contentUrl\":\"https:\\\/\\\/revolutionpadelstore.com\\\/wp-content\\\/uploads\\\/2025\\\/03\\\/173.png\",\"width\":1500,\"height\":1500},{\"@type\":\"BreadcrumbList\",\"@id\":\"https:\\\/\\\/revolutionpadelstore.com\\\/fr\\\/produit\\\/sudadera-mizuno-harlem-senday-amarilla-3\\\/#breadcrumb\",\"itemListElement\":[{\"@type\":\"ListItem\",\"position\":1,\"name\":\"Portada\",\"item\":\"https:\\\/\\\/revolutionpadelstore.com\\\/fr\\\/\"},{\"@type\":\"ListItem\",\"position\":2,\"name\":\"Boutique\",\"item\":\"https:\\\/\\\/revolutionpadelstore.com\\\/fr\\\/tienda\\\/\"},{\"@type\":\"ListItem\",\"position\":3,\"name\":\"SUDADERA MIZUNO-HARLEM SENDAY AMARILLA\"}]},{\"@type\":\"WebSite\",\"@id\":\"https:\\\/\\\/revolutionpadelstore.com\\\/fr\\\/#website\",\"url\":\"https:\\\/\\\/revolutionpadelstore.com\\\/fr\\\/\",\"name\":\"Revolution Padel Store\",\"description\":\"\",\"publisher\":{\"@id\":\"https:\\\/\\\/revolutionpadelstore.com\\\/fr\\\/#organization\"},\"potentialAction\":[{\"@type\":\"SearchAction\",\"target\":{\"@type\":\"EntryPoint\",\"urlTemplate\":\"https:\\\/\\\/revolutionpadelstore.com\\\/fr\\\/?s={search_term_string}\"},\"query-input\":{\"@type\":\"PropertyValueSpecification\",\"valueRequired\":true,\"valueName\":\"search_term_string\"}}],\"inLanguage\":\"fr-FR\"},{\"@type\":\"Organization\",\"@id\":\"https:\\\/\\\/revolutionpadelstore.com\\\/fr\\\/#organization\",\"name\":\"Revolution Padel Store\",\"url\":\"https:\\\/\\\/revolutionpadelstore.com\\\/fr\\\/\",\"logo\":{\"@type\":\"ImageObject\",\"inLanguage\":\"fr-FR\",\"@id\":\"https:\\\/\\\/revolutionpadelstore.com\\\/fr\\\/#\\\/schema\\\/logo\\\/image\\\/\",\"url\":\"https:\\\/\\\/revolutionpadelstore.com\\\/wp-content\\\/uploads\\\/2026\\\/02\\\/revolution-padel-store.jpg\",\"contentUrl\":\"https:\\\/\\\/revolutionpadelstore.com\\\/wp-content\\\/uploads\\\/2026\\\/02\\\/revolution-padel-store.jpg\",\"width\":2000,\"height\":2000,\"caption\":\"Revolution Padel Store\"},\"image\":{\"@id\":\"https:\\\/\\\/revolutionpadelstore.com\\\/fr\\\/#\\\/schema\\\/logo\\\/image\\\/\"},\"sameAs\":[\"https:\\\/\\\/www.instagram.com\\\/revolutionpadelstore\\\/\"]}]}<\/script>\n<!-- \/ Yoast SEO plugin. -->","yoast_head_json":{"title":"SUDADERA MIZUNO-HARLEM SENDAY AMARILLA - Revolution Padel Store","description":"Descubre la chaqueta MIZUNO SENDAI TRAINING TOP, ligera y c\u00f3moda para cualquier entrenamiento. Dise\u00f1o en negro, ajuste perfecto y tejido transpirable. \u00a1C\u00f3mprala en nuestra tienda online al mejor precio!","robots":{"index":"index","follow":"follow","max-snippet":"max-snippet:-1","max-image-preview":"max-image-preview:large","max-video-preview":"max-video-preview:-1"},"canonical":"https:\/\/revolutionpadelstore.com\/fr\/produit\/sudadera-mizuno-harlem-senday-amarilla-3\/","og_locale":"fr_FR","og_type":"article","og_title":"SUDADERA MIZUNO-HARLEM SENDAY AMARILLA - Revolution Padel Store","og_description":"Descubre la chaqueta MIZUNO SENDAI TRAINING TOP, ligera y c\u00f3moda para cualquier entrenamiento. Dise\u00f1o en negro, ajuste perfecto y tejido transpirable. \u00a1C\u00f3mprala en nuestra tienda online al mejor precio!","og_url":"https:\/\/revolutionpadelstore.com\/fr\/produit\/sudadera-mizuno-harlem-senday-amarilla-3\/","og_site_name":"Revolution Padel Store","article_modified_time":"2026-04-08T03:45:48+00:00","og_image":[{"width":1500,"height":1500,"url":"https:\/\/revolutionpadelstore.com\/wp-content\/uploads\/2025\/03\/173.png","type":"image\/png"}],"twitter_card":"summary_large_image","twitter_misc":{"Dur\u00e9e de lecture estim\u00e9e":"1 minute"},"schema":{"@context":"https:\/\/schema.org","@graph":[{"@type":"WebPage","@id":"https:\/\/revolutionpadelstore.com\/fr\/produit\/sudadera-mizuno-harlem-senday-amarilla-3\/","url":"https:\/\/revolutionpadelstore.com\/fr\/produit\/sudadera-mizuno-harlem-senday-amarilla-3\/","name":"SUDADERA MIZUNO-HARLEM SENDAY AMARILLA - Revolution Padel Store","isPartOf":{"@id":"https:\/\/revolutionpadelstore.com\/fr\/#website"},"primaryImageOfPage":{"@id":"https:\/\/revolutionpadelstore.com\/fr\/produit\/sudadera-mizuno-harlem-senday-amarilla-3\/#primaryimage"},"image":{"@id":"https:\/\/revolutionpadelstore.com\/fr\/produit\/sudadera-mizuno-harlem-senday-amarilla-3\/#primaryimage"},"thumbnailUrl":"https:\/\/revolutionpadelstore.com\/wp-content\/uploads\/2025\/03\/173.png","datePublished":"2025-03-13T22:10:47+00:00","dateModified":"2026-04-08T03:45:48+00:00","description":"Descubre la chaqueta MIZUNO SENDAI TRAINING TOP, ligera y c\u00f3moda para cualquier entrenamiento. Dise\u00f1o en negro, ajuste perfecto y tejido transpirable. \u00a1C\u00f3mprala en nuestra tienda online al mejor precio!","breadcrumb":{"@id":"https:\/\/revolutionpadelstore.com\/fr\/produit\/sudadera-mizuno-harlem-senday-amarilla-3\/#breadcrumb"},"inLanguage":"fr-FR","potentialAction":[{"@type":"ReadAction","target":["https:\/\/revolutionpadelstore.com\/fr\/produit\/sudadera-mizuno-harlem-senday-amarilla-3\/"]}]},{"@type":"ImageObject","inLanguage":"fr-FR","@id":"https:\/\/revolutionpadelstore.com\/fr\/produit\/sudadera-mizuno-harlem-senday-amarilla-3\/#primaryimage","url":"https:\/\/revolutionpadelstore.com\/wp-content\/uploads\/2025\/03\/173.png","contentUrl":"https:\/\/revolutionpadelstore.com\/wp-content\/uploads\/2025\/03\/173.png","width":1500,"height":1500},{"@type":"BreadcrumbList","@id":"https:\/\/revolutionpadelstore.com\/fr\/produit\/sudadera-mizuno-harlem-senday-amarilla-3\/#breadcrumb","itemListElement":[{"@type":"ListItem","position":1,"name":"Portada","item":"https:\/\/revolutionpadelstore.com\/fr\/"},{"@type":"ListItem","position":2,"name":"Boutique","item":"https:\/\/revolutionpadelstore.com\/fr\/tienda\/"},{"@type":"ListItem","position":3,"name":"SUDADERA MIZUNO-HARLEM SENDAY AMARILLA"}]},{"@type":"WebSite","@id":"https:\/\/revolutionpadelstore.com\/fr\/#website","url":"https:\/\/revolutionpadelstore.com\/fr\/","name":"Revolution Padel Store","description":"","publisher":{"@id":"https:\/\/revolutionpadelstore.com\/fr\/#organization"},"potentialAction":[{"@type":"SearchAction","target":{"@type":"EntryPoint","urlTemplate":"https:\/\/revolutionpadelstore.com\/fr\/?s={search_term_string}"},"query-input":{"@type":"PropertyValueSpecification","valueRequired":true,"valueName":"search_term_string"}}],"inLanguage":"fr-FR"},{"@type":"Organization","@id":"https:\/\/revolutionpadelstore.com\/fr\/#organization","name":"Revolution Padel Store","url":"https:\/\/revolutionpadelstore.com\/fr\/","logo":{"@type":"ImageObject","inLanguage":"fr-FR","@id":"https:\/\/revolutionpadelstore.com\/fr\/#\/schema\/logo\/image\/","url":"https:\/\/revolutionpadelstore.com\/wp-content\/uploads\/2026\/02\/revolution-padel-store.jpg","contentUrl":"https:\/\/revolutionpadelstore.com\/wp-content\/uploads\/2026\/02\/revolution-padel-store.jpg","width":2000,"height":2000,"caption":"Revolution Padel Store"},"image":{"@id":"https:\/\/revolutionpadelstore.com\/fr\/#\/schema\/logo\/image\/"},"sameAs":["https:\/\/www.instagram.com\/revolutionpadelstore\/"]}]}},"_links":{"self":[{"href":"https:\/\/revolutionpadelstore.com\/fr\/wp-json\/wp\/v2\/product\/215078","targetHints":{"allow":["GET"]}}],"collection":[{"href":"https:\/\/revolutionpadelstore.com\/fr\/wp-json\/wp\/v2\/product"}],"about":[{"href":"https:\/\/revolutionpadelstore.com\/fr\/wp-json\/wp\/v2\/types\/product"}],"replies":[{"embeddable":true,"href":"https:\/\/revolutionpadelstore.com\/fr\/wp-json\/wp\/v2\/comments?post=215078"}],"wp:featuredmedia":[{"embeddable":true,"href":"https:\/\/revolutionpadelstore.com\/fr\/wp-json\/wp\/v2\/media\/215130"}],"wp:attachment":[{"href":"https:\/\/revolutionpadelstore.com\/fr\/wp-json\/wp\/v2\/media?parent=215078"}],"wp:term":[{"taxonomy":"acabado","embeddable":true,"href":"https:\/\/revolutionpadelstore.com\/fr\/wp-json\/wp\/v2\/acabado?post=215078"},{"taxonomy":"balance","embeddable":true,"href":"https:\/\/revolutionpadelstore.com\/fr\/wp-json\/wp\/v2\/balance?post=215078"},{"taxonomy":"dureza","embeddable":true,"href":"https:\/\/revolutionpadelstore.com\/fr\/wp-json\/wp\/v2\/dureza?post=215078"},{"taxonomy":"forma","embeddable":true,"href":"https:\/\/revolutionpadelstore.com\/fr\/wp-json\/wp\/v2\/forma?post=215078"},{"taxonomy":"jugador","embeddable":true,"href":"https:\/\/revolutionpadelstore.com\/fr\/wp-json\/wp\/v2\/jugador?post=215078"},{"taxonomy":"marca","embeddable":true,"href":"https:\/\/revolutionpadelstore.com\/fr\/wp-json\/wp\/v2\/marca?post=215078"},{"taxonomy":"nivel-de-juego","embeddable":true,"href":"https:\/\/revolutionpadelstore.com\/fr\/wp-json\/wp\/v2\/nivel-de-juego?post=215078"},{"taxonomy":"superficie","embeddable":true,"href":"https:\/\/revolutionpadelstore.com\/fr\/wp-json\/wp\/v2\/superficie?post=215078"},{"taxonomy":"tipo-de-juego","embeddable":true,"href":"https:\/\/revolutionpadelstore.com\/fr\/wp-json\/wp\/v2\/tipo-de-juego?post=215078"},{"taxonomy":"product_brand","embeddable":true,"href":"https:\/\/revolutionpadelstore.com\/fr\/wp-json\/wp\/v2\/product_brand?post=215078"},{"taxonomy":"product_cat","embeddable":true,"href":"https:\/\/revolutionpadelstore.com\/fr\/wp-json\/wp\/v2\/product_cat?post=215078"},{"taxonomy":"product_tag","embeddable":true,"href":"https:\/\/revolutionpadelstore.com\/fr\/wp-json\/wp\/v2\/product_tag?post=215078"}],"curies":[{"name":"wp","href":"https:\/\/api.w.org\/{rel}","templated":true}]}}