{"id":214866,"date":"2025-03-12T19:05:57","date_gmt":"2025-03-12T18:05:57","guid":{"rendered":"https:\/\/revolutionpadelstore.com\/joma-smash-men-2591-negro-multicolor\/"},"modified":"2026-04-08T05:49:33","modified_gmt":"2026-04-08T03:49:33","slug":"joma-smash-men-2591-negro-multicolor-3","status":"publish","type":"product","link":"https:\/\/revolutionpadelstore.com\/fr\/produit\/joma-smash-men-2591-negro-multicolor-3\/","title":{"rendered":"JOMA SMASH MEN 2591 NEGRO MULTICOLOR"},"content":{"rendered":"<br \/>\n<h2> Joma Smash 2591 Multicolor Black &#8211; Performances et confort maximum sur la piste <\/h2>\n<p>Les <strong> joma smash <\/strong> sont l&#8217;alli\u00e9 parfait pour les joueurs de paddle \u00e0 la recherche de performances <strong>, de stabilit\u00e9 et de technologie d&#8217;avant-garde <\/strong>. Con\u00e7us pour offrir un amorti sup\u00e9rieur et une r\u00e9activit\u00e9 exceptionnelle, ces chaussures garantissent les meilleures performances sur la piste. <strong> Tolito Aguirre <\/strong> et d&#8217;autres joueurs d&#8217;\u00e9lite leur font confiance pour r\u00e9ussir.<\/p>\n<h2> Caract\u00e9ristiques exceptionnelles <\/h2>\n<p> &#8211; Perspabilit\u00e9 et ajustement optimal: le tige sup\u00e9rieur dans le maillage technique int\u00e8gre la technologie VTS, qui optimise la ventilation et maintient son pied frais tout au long du jeu.<br \/>\n&#8211; Protection maximatrice et durabilit\u00e9: renforts en caoutchouc dans les zones cl\u00e9s avec le syst\u00e8me de protection, en \u00e9vitant l&#8217;usure pr\u00e9matur\u00e9e.<br \/>\n-Un haut niveau: la semelle interm\u00e9diaire combine le phylon en haut et la technologie de balle r\u00e9active innovante dans le plus bas, absorbant les impacts et am\u00e9liorant la r\u00e9activit\u00e9.<br \/>\n-ESTABILIT\u00c9 ET CONTR\u00d4LE: int\u00e8gre la pi\u00e8ce Stabilis, qui \u00e9vite les torsions ind\u00e9sirables et am\u00e9liore l&#8217;\u00e9quilibre dans chaque mouvement.<br \/>\n-Arre et optimal Slipping: Omni Seme en caoutchouc de durabilit\u00e9, avec de petits tacos circulaires, id\u00e9al pour se d\u00e9placer rapidement sur des surfaces dures. <\/p>\n<h2> Advanced Technologies <\/h2>\n<p><P> <strong> -Durabilit\u00e9 <\/strong>: caoutchouc haute r\u00e9sistance pour une plus grande durabilit\u00e9.<\/p>\n<p style=\"padding-left: 40px\"> <strong> -protection <\/strong>: mat\u00e9riau inject\u00e9 dans l&#8217;orteil pour renforcer la r\u00e9sistance.<br \/>\n&lt;p style = &quot;padding-left: 40px;&quot;<\/p>\n<p> <strong> -sportech <\/strong>: ajustement l\u00e9ger et confortable sans coutures ennuyeuses.<\/p>\n<p> <strong> -stabilis <\/strong>: contr\u00f4le et stabilit\u00e9 dans chaque d\u00e9placement. <\/p>\n<p> <strong> -vts <\/strong>: syst\u00e8me de ventilation pour maintenir une temp\u00e9rature optimale. <\/p>\n<h2> Je me soucie du meilleur prix! <\/h2>\n<p>D\u00e9couvrez le <strong> joma smash <\/strong> dans notre boutique en ligne <strong> <a href=\"https:\/\/www.revolutionpadelstore.com\/\"> www.revolutionpadelstore.com <\/a> <\/strong>, probablement le <strong> meilleur prix de march\u00e9 <\/strong>. \u00c9quipez-vous en tant que professionnel et dominez la piste!<\/p>\n<h2>Joma Smash 2591 Negro Multicolor \u2013 M\u00e1ximo Rendimiento y Confort en la Pista<\/h2>\n","protected":false},"excerpt":{"rendered":"<p>Le Joma Smash 2591 Multicolor Black est l&#8217;option id\u00e9ale pour les joueurs de paddle qui souhaitent combiner les performances, la stabilit\u00e9 et la technologie avanc\u00e9e. Con\u00e7us pour fournir un excellent amorti et une grande capacit\u00e9 de r\u00e9ponse, ces chaussures garantissent des performances optimales sur le terrain.<\/p>\n","protected":false},"featured_media":214891,"comment_status":"open","ping_status":"closed","template":"","meta":{"_acf_changed":false,"_joinchat":[]},"acabado":[],"balance":[],"dureza":[],"forma":[],"jugador":[1192],"marca":[1227],"nivel-de-juego":[],"superficie":[],"tipo-de-juego":[],"product_brand":[],"product_cat":[830],"product_tag":[],"class_list":{"0":"post-214866","1":"product","2":"type-product","3":"status-publish","4":"has-post-thumbnail","6":"jugador-homme","7":"marca-joma-fr","8":"product_cat-baskets","10":"first","11":"outofstock","12":"sale","13":"taxable","14":"shipping-taxable","15":"purchasable","16":"product-type-variable"},"acf":[],"yoast_head":"<!-- This site is optimized with the Yoast SEO plugin v27.4 - https:\/\/yoast.com\/product\/yoast-seo-wordpress\/ -->\n<title>JOMA SMASH MEN 2591 NEGRO MULTICOLOR - Revolution Padel Store<\/title>\n<meta name=\"description\" content=\"Compra las Zapatillas Joma Smash al mejor precio en Revolution Padel Store. M\u00e1xima amortiguaci\u00f3n, estabilidad y tecnolog\u00eda avanzada para un rendimiento superior en p\u00e1del.\" \/>\n<meta name=\"robots\" content=\"index, follow, max-snippet:-1, max-image-preview:large, max-video-preview:-1\" \/>\n<link rel=\"canonical\" href=\"https:\/\/revolutionpadelstore.com\/fr\/produit\/joma-smash-men-2591-negro-multicolor-3\/\" \/>\n<meta property=\"og:locale\" content=\"fr_FR\" \/>\n<meta property=\"og:type\" content=\"article\" \/>\n<meta property=\"og:title\" content=\"JOMA SMASH MEN 2591 NEGRO MULTICOLOR - Revolution Padel Store\" \/>\n<meta property=\"og:description\" content=\"Compra las Zapatillas Joma Smash al mejor precio en Revolution Padel Store. M\u00e1xima amortiguaci\u00f3n, estabilidad y tecnolog\u00eda avanzada para un rendimiento superior en p\u00e1del.\" \/>\n<meta property=\"og:url\" content=\"https:\/\/revolutionpadelstore.com\/fr\/produit\/joma-smash-men-2591-negro-multicolor-3\/\" \/>\n<meta property=\"og:site_name\" content=\"Revolution Padel Store\" \/>\n<meta property=\"article:modified_time\" content=\"2026-04-08T03:49:33+00:00\" \/>\n<meta property=\"og:image\" content=\"https:\/\/revolutionpadelstore.com\/wp-content\/uploads\/2025\/03\/FOTO-PALAS-10.png\" \/>\n\t<meta property=\"og:image:width\" content=\"1500\" \/>\n\t<meta property=\"og:image:height\" content=\"1500\" \/>\n\t<meta property=\"og:image:type\" content=\"image\/png\" \/>\n<meta name=\"twitter:card\" content=\"summary_large_image\" \/>\n<meta name=\"twitter:label1\" content=\"Dur\u00e9e de lecture estim\u00e9e\" \/>\n\t<meta name=\"twitter:data1\" content=\"2 minutes\" \/>\n<script type=\"application\/ld+json\" class=\"yoast-schema-graph\">{\"@context\":\"https:\\\/\\\/schema.org\",\"@graph\":[{\"@type\":\"WebPage\",\"@id\":\"https:\\\/\\\/revolutionpadelstore.com\\\/fr\\\/produit\\\/joma-smash-men-2591-negro-multicolor-3\\\/\",\"url\":\"https:\\\/\\\/revolutionpadelstore.com\\\/fr\\\/produit\\\/joma-smash-men-2591-negro-multicolor-3\\\/\",\"name\":\"JOMA SMASH MEN 2591 NEGRO MULTICOLOR - Revolution Padel Store\",\"isPartOf\":{\"@id\":\"https:\\\/\\\/revolutionpadelstore.com\\\/fr\\\/#website\"},\"primaryImageOfPage\":{\"@id\":\"https:\\\/\\\/revolutionpadelstore.com\\\/fr\\\/produit\\\/joma-smash-men-2591-negro-multicolor-3\\\/#primaryimage\"},\"image\":{\"@id\":\"https:\\\/\\\/revolutionpadelstore.com\\\/fr\\\/produit\\\/joma-smash-men-2591-negro-multicolor-3\\\/#primaryimage\"},\"thumbnailUrl\":\"https:\\\/\\\/revolutionpadelstore.com\\\/wp-content\\\/uploads\\\/2025\\\/03\\\/FOTO-PALAS-10.png\",\"datePublished\":\"2025-03-12T18:05:57+00:00\",\"dateModified\":\"2026-04-08T03:49:33+00:00\",\"description\":\"Compra las Zapatillas Joma Smash al mejor precio en Revolution Padel Store. M\u00e1xima amortiguaci\u00f3n, estabilidad y tecnolog\u00eda avanzada para un rendimiento superior en p\u00e1del.\",\"breadcrumb\":{\"@id\":\"https:\\\/\\\/revolutionpadelstore.com\\\/fr\\\/produit\\\/joma-smash-men-2591-negro-multicolor-3\\\/#breadcrumb\"},\"inLanguage\":\"fr-FR\",\"potentialAction\":[{\"@type\":\"ReadAction\",\"target\":[\"https:\\\/\\\/revolutionpadelstore.com\\\/fr\\\/produit\\\/joma-smash-men-2591-negro-multicolor-3\\\/\"]}]},{\"@type\":\"ImageObject\",\"inLanguage\":\"fr-FR\",\"@id\":\"https:\\\/\\\/revolutionpadelstore.com\\\/fr\\\/produit\\\/joma-smash-men-2591-negro-multicolor-3\\\/#primaryimage\",\"url\":\"https:\\\/\\\/revolutionpadelstore.com\\\/wp-content\\\/uploads\\\/2025\\\/03\\\/FOTO-PALAS-10.png\",\"contentUrl\":\"https:\\\/\\\/revolutionpadelstore.com\\\/wp-content\\\/uploads\\\/2025\\\/03\\\/FOTO-PALAS-10.png\",\"width\":1500,\"height\":1500},{\"@type\":\"BreadcrumbList\",\"@id\":\"https:\\\/\\\/revolutionpadelstore.com\\\/fr\\\/produit\\\/joma-smash-men-2591-negro-multicolor-3\\\/#breadcrumb\",\"itemListElement\":[{\"@type\":\"ListItem\",\"position\":1,\"name\":\"Portada\",\"item\":\"https:\\\/\\\/revolutionpadelstore.com\\\/fr\\\/\"},{\"@type\":\"ListItem\",\"position\":2,\"name\":\"Boutique\",\"item\":\"https:\\\/\\\/revolutionpadelstore.com\\\/fr\\\/tienda\\\/\"},{\"@type\":\"ListItem\",\"position\":3,\"name\":\"JOMA SMASH MEN 2591 NEGRO MULTICOLOR\"}]},{\"@type\":\"WebSite\",\"@id\":\"https:\\\/\\\/revolutionpadelstore.com\\\/fr\\\/#website\",\"url\":\"https:\\\/\\\/revolutionpadelstore.com\\\/fr\\\/\",\"name\":\"Revolution Padel Store\",\"description\":\"\",\"publisher\":{\"@id\":\"https:\\\/\\\/revolutionpadelstore.com\\\/fr\\\/#organization\"},\"potentialAction\":[{\"@type\":\"SearchAction\",\"target\":{\"@type\":\"EntryPoint\",\"urlTemplate\":\"https:\\\/\\\/revolutionpadelstore.com\\\/fr\\\/?s={search_term_string}\"},\"query-input\":{\"@type\":\"PropertyValueSpecification\",\"valueRequired\":true,\"valueName\":\"search_term_string\"}}],\"inLanguage\":\"fr-FR\"},{\"@type\":\"Organization\",\"@id\":\"https:\\\/\\\/revolutionpadelstore.com\\\/fr\\\/#organization\",\"name\":\"Revolution Padel Store\",\"url\":\"https:\\\/\\\/revolutionpadelstore.com\\\/fr\\\/\",\"logo\":{\"@type\":\"ImageObject\",\"inLanguage\":\"fr-FR\",\"@id\":\"https:\\\/\\\/revolutionpadelstore.com\\\/fr\\\/#\\\/schema\\\/logo\\\/image\\\/\",\"url\":\"https:\\\/\\\/revolutionpadelstore.com\\\/wp-content\\\/uploads\\\/2026\\\/02\\\/revolution-padel-store.jpg\",\"contentUrl\":\"https:\\\/\\\/revolutionpadelstore.com\\\/wp-content\\\/uploads\\\/2026\\\/02\\\/revolution-padel-store.jpg\",\"width\":2000,\"height\":2000,\"caption\":\"Revolution Padel Store\"},\"image\":{\"@id\":\"https:\\\/\\\/revolutionpadelstore.com\\\/fr\\\/#\\\/schema\\\/logo\\\/image\\\/\"},\"sameAs\":[\"https:\\\/\\\/www.instagram.com\\\/revolutionpadelstore\\\/\"]}]}<\/script>\n<!-- \/ Yoast SEO plugin. -->","yoast_head_json":{"title":"JOMA SMASH MEN 2591 NEGRO MULTICOLOR - Revolution Padel Store","description":"Compra las Zapatillas Joma Smash al mejor precio en Revolution Padel Store. M\u00e1xima amortiguaci\u00f3n, estabilidad y tecnolog\u00eda avanzada para un rendimiento superior en p\u00e1del.","robots":{"index":"index","follow":"follow","max-snippet":"max-snippet:-1","max-image-preview":"max-image-preview:large","max-video-preview":"max-video-preview:-1"},"canonical":"https:\/\/revolutionpadelstore.com\/fr\/produit\/joma-smash-men-2591-negro-multicolor-3\/","og_locale":"fr_FR","og_type":"article","og_title":"JOMA SMASH MEN 2591 NEGRO MULTICOLOR - Revolution Padel Store","og_description":"Compra las Zapatillas Joma Smash al mejor precio en Revolution Padel Store. M\u00e1xima amortiguaci\u00f3n, estabilidad y tecnolog\u00eda avanzada para un rendimiento superior en p\u00e1del.","og_url":"https:\/\/revolutionpadelstore.com\/fr\/produit\/joma-smash-men-2591-negro-multicolor-3\/","og_site_name":"Revolution Padel Store","article_modified_time":"2026-04-08T03:49:33+00:00","og_image":[{"width":1500,"height":1500,"url":"https:\/\/revolutionpadelstore.com\/wp-content\/uploads\/2025\/03\/FOTO-PALAS-10.png","type":"image\/png"}],"twitter_card":"summary_large_image","twitter_misc":{"Dur\u00e9e de lecture estim\u00e9e":"2 minutes"},"schema":{"@context":"https:\/\/schema.org","@graph":[{"@type":"WebPage","@id":"https:\/\/revolutionpadelstore.com\/fr\/produit\/joma-smash-men-2591-negro-multicolor-3\/","url":"https:\/\/revolutionpadelstore.com\/fr\/produit\/joma-smash-men-2591-negro-multicolor-3\/","name":"JOMA SMASH MEN 2591 NEGRO MULTICOLOR - Revolution Padel Store","isPartOf":{"@id":"https:\/\/revolutionpadelstore.com\/fr\/#website"},"primaryImageOfPage":{"@id":"https:\/\/revolutionpadelstore.com\/fr\/produit\/joma-smash-men-2591-negro-multicolor-3\/#primaryimage"},"image":{"@id":"https:\/\/revolutionpadelstore.com\/fr\/produit\/joma-smash-men-2591-negro-multicolor-3\/#primaryimage"},"thumbnailUrl":"https:\/\/revolutionpadelstore.com\/wp-content\/uploads\/2025\/03\/FOTO-PALAS-10.png","datePublished":"2025-03-12T18:05:57+00:00","dateModified":"2026-04-08T03:49:33+00:00","description":"Compra las Zapatillas Joma Smash al mejor precio en Revolution Padel Store. M\u00e1xima amortiguaci\u00f3n, estabilidad y tecnolog\u00eda avanzada para un rendimiento superior en p\u00e1del.","breadcrumb":{"@id":"https:\/\/revolutionpadelstore.com\/fr\/produit\/joma-smash-men-2591-negro-multicolor-3\/#breadcrumb"},"inLanguage":"fr-FR","potentialAction":[{"@type":"ReadAction","target":["https:\/\/revolutionpadelstore.com\/fr\/produit\/joma-smash-men-2591-negro-multicolor-3\/"]}]},{"@type":"ImageObject","inLanguage":"fr-FR","@id":"https:\/\/revolutionpadelstore.com\/fr\/produit\/joma-smash-men-2591-negro-multicolor-3\/#primaryimage","url":"https:\/\/revolutionpadelstore.com\/wp-content\/uploads\/2025\/03\/FOTO-PALAS-10.png","contentUrl":"https:\/\/revolutionpadelstore.com\/wp-content\/uploads\/2025\/03\/FOTO-PALAS-10.png","width":1500,"height":1500},{"@type":"BreadcrumbList","@id":"https:\/\/revolutionpadelstore.com\/fr\/produit\/joma-smash-men-2591-negro-multicolor-3\/#breadcrumb","itemListElement":[{"@type":"ListItem","position":1,"name":"Portada","item":"https:\/\/revolutionpadelstore.com\/fr\/"},{"@type":"ListItem","position":2,"name":"Boutique","item":"https:\/\/revolutionpadelstore.com\/fr\/tienda\/"},{"@type":"ListItem","position":3,"name":"JOMA SMASH MEN 2591 NEGRO MULTICOLOR"}]},{"@type":"WebSite","@id":"https:\/\/revolutionpadelstore.com\/fr\/#website","url":"https:\/\/revolutionpadelstore.com\/fr\/","name":"Revolution Padel Store","description":"","publisher":{"@id":"https:\/\/revolutionpadelstore.com\/fr\/#organization"},"potentialAction":[{"@type":"SearchAction","target":{"@type":"EntryPoint","urlTemplate":"https:\/\/revolutionpadelstore.com\/fr\/?s={search_term_string}"},"query-input":{"@type":"PropertyValueSpecification","valueRequired":true,"valueName":"search_term_string"}}],"inLanguage":"fr-FR"},{"@type":"Organization","@id":"https:\/\/revolutionpadelstore.com\/fr\/#organization","name":"Revolution Padel Store","url":"https:\/\/revolutionpadelstore.com\/fr\/","logo":{"@type":"ImageObject","inLanguage":"fr-FR","@id":"https:\/\/revolutionpadelstore.com\/fr\/#\/schema\/logo\/image\/","url":"https:\/\/revolutionpadelstore.com\/wp-content\/uploads\/2026\/02\/revolution-padel-store.jpg","contentUrl":"https:\/\/revolutionpadelstore.com\/wp-content\/uploads\/2026\/02\/revolution-padel-store.jpg","width":2000,"height":2000,"caption":"Revolution Padel Store"},"image":{"@id":"https:\/\/revolutionpadelstore.com\/fr\/#\/schema\/logo\/image\/"},"sameAs":["https:\/\/www.instagram.com\/revolutionpadelstore\/"]}]}},"_links":{"self":[{"href":"https:\/\/revolutionpadelstore.com\/fr\/wp-json\/wp\/v2\/product\/214866","targetHints":{"allow":["GET"]}}],"collection":[{"href":"https:\/\/revolutionpadelstore.com\/fr\/wp-json\/wp\/v2\/product"}],"about":[{"href":"https:\/\/revolutionpadelstore.com\/fr\/wp-json\/wp\/v2\/types\/product"}],"replies":[{"embeddable":true,"href":"https:\/\/revolutionpadelstore.com\/fr\/wp-json\/wp\/v2\/comments?post=214866"}],"wp:featuredmedia":[{"embeddable":true,"href":"https:\/\/revolutionpadelstore.com\/fr\/wp-json\/wp\/v2\/media\/214891"}],"wp:attachment":[{"href":"https:\/\/revolutionpadelstore.com\/fr\/wp-json\/wp\/v2\/media?parent=214866"}],"wp:term":[{"taxonomy":"acabado","embeddable":true,"href":"https:\/\/revolutionpadelstore.com\/fr\/wp-json\/wp\/v2\/acabado?post=214866"},{"taxonomy":"balance","embeddable":true,"href":"https:\/\/revolutionpadelstore.com\/fr\/wp-json\/wp\/v2\/balance?post=214866"},{"taxonomy":"dureza","embeddable":true,"href":"https:\/\/revolutionpadelstore.com\/fr\/wp-json\/wp\/v2\/dureza?post=214866"},{"taxonomy":"forma","embeddable":true,"href":"https:\/\/revolutionpadelstore.com\/fr\/wp-json\/wp\/v2\/forma?post=214866"},{"taxonomy":"jugador","embeddable":true,"href":"https:\/\/revolutionpadelstore.com\/fr\/wp-json\/wp\/v2\/jugador?post=214866"},{"taxonomy":"marca","embeddable":true,"href":"https:\/\/revolutionpadelstore.com\/fr\/wp-json\/wp\/v2\/marca?post=214866"},{"taxonomy":"nivel-de-juego","embeddable":true,"href":"https:\/\/revolutionpadelstore.com\/fr\/wp-json\/wp\/v2\/nivel-de-juego?post=214866"},{"taxonomy":"superficie","embeddable":true,"href":"https:\/\/revolutionpadelstore.com\/fr\/wp-json\/wp\/v2\/superficie?post=214866"},{"taxonomy":"tipo-de-juego","embeddable":true,"href":"https:\/\/revolutionpadelstore.com\/fr\/wp-json\/wp\/v2\/tipo-de-juego?post=214866"},{"taxonomy":"product_brand","embeddable":true,"href":"https:\/\/revolutionpadelstore.com\/fr\/wp-json\/wp\/v2\/product_brand?post=214866"},{"taxonomy":"product_cat","embeddable":true,"href":"https:\/\/revolutionpadelstore.com\/fr\/wp-json\/wp\/v2\/product_cat?post=214866"},{"taxonomy":"product_tag","embeddable":true,"href":"https:\/\/revolutionpadelstore.com\/fr\/wp-json\/wp\/v2\/product_tag?post=214866"}],"curies":[{"name":"wp","href":"https:\/\/api.w.org\/{rel}","templated":true}]}}