{"id":21223,"date":"2024-03-11T11:03:08","date_gmt":"2024-03-11T10:03:08","guid":{"rendered":"https:\/\/revolutionpadelstore.com\/cargador-de-presion-pelotas-ball-rescuer\/"},"modified":"2026-04-08T15:45:21","modified_gmt":"2026-04-08T13:45:21","slug":"cargador-de-presion-pelotas-ball-rescuer-3","status":"publish","type":"product","link":"https:\/\/revolutionpadelstore.com\/fr\/produit\/cargador-de-presion-pelotas-ball-rescuer-3\/","title":{"rendered":"Cargador de Presion Pelotas Ball Rescuer"},"content":{"rendered":"<p>Le pressuriseur \u00e0 bille Ball Rescuer est compos\u00e9 de deux corps filet\u00e9s en plastique, d&#8217;un couvercle et d&#8217;une bride ou collier de serrage.<\/p>\n<p>Le couvercle est caract\u00e9ris\u00e9 par deux vannes, une principale pour le remplissage d&#8217;air et une secondaire pour fixer un indicateur de pression.<br \/>\nLe couvercle dispose \u00e9galement d&#8217;un bouton de vidange pour ouvrir la bouteille confortablement avant d&#8217;utiliser les balles.<br \/>\nDe plus, le couvercle est dot\u00e9 d&#8217;un joint torique sp\u00e9cial \u00e0 l&#8217;int\u00e9rieur qui permet de pressuriser presque tous les r\u00e9cipients \u00e0 billes du march\u00e9.<\/p>\n<p>La bride est la pi\u00e8ce qui entoure le r\u00e9cipient et, une fois plac\u00e9e autour, permet de le visser au couvercle et de le pressuriser.<\/p>\n<p>petite taille l\u00e9ger ouverture facile<\/p>\n<p>Convient \u00e0 plusieurs marques de conteneurs \u00e0 3 ou 4 balles.<br \/>\nVoir le guide de compatibilit\u00e9 ci-dessous.<br \/>\nIl est capable de stocker 3 ou 4 balles \u00e0 une pression allant jusqu&#8217;\u00e0 35 psi, prolongeant ainsi sa dur\u00e9e de vie utile jusqu&#8217;\u00e0 10 fois.<br \/>\nR\u00e9cup\u00e8re les balles d\u00e9pressuris\u00e9es (veuillez noter que le processus peut prendre 2 ou 3 semaines)<br \/>\nEn jouant deux matchs par semaine, l\u2019investissement est rentabilis\u00e9 en trois mois.<br \/>\nEn cinq ans, cela \u00e9vite la fabrication et l&#8217;\u00e9limination ult\u00e9rieure de 1 200 balles et 300 conteneurs.<br \/>\n\u00c9conomisez les mati\u00e8res premi\u00e8res et r\u00e9duisez les \u00e9missions.<br \/>\nFabriqu\u00e9 en mat\u00e9riau l\u00e9ger et r\u00e9sistant.<br \/>\nFacile \u00e0 utiliser.<br \/>\nContient des instructions d\u00e9taill\u00e9es de pressurisation.<br \/>\nBrevet\u00e9, fabriqu\u00e9 et assembl\u00e9 en Espagne.<\/p>\n<p>haute pression<br \/>\nBall Rescuer fonctionne \u00e0 une pression de 30\/35 psi.<br \/>\nLes pressuriseurs \u00e0 vis sans valve qui ne donnent que 14\/16 psi ne fonctionnent pas bien.<br \/>\nDe plus, le Ball Rescuer dispose d&#8217;un bouton sp\u00e9cial pour rel\u00e2cher la pression avant de l&#8217;ouvrir, de sorte qu&#8217;il n&#8217;utilise pas la valve de remplissage elle-m\u00eame pour le vider.<br \/>\nIl dispose \u00e9galement d&#8217;un indicateur tricolore.<\/p>\n<p>ergonomie<br \/>\nBall Rescuer ne p\u00e8se que 150 grammes et prend un minimum de place dans votre sac.<br \/>\nIl est plus confortable et plus facile \u00e0 ouvrir et \u00e0 fermer que tout autre.<br \/>\nIl s&#8217;adapte aux contenants de 3 ou 4 billes selon vos besoins, minimisant ainsi le volume.<br \/>\nV\u00e9rifiez la compatibilit\u00e9.<br \/>\nC\u2019est \u00e9conomique, beau et respectueux de l\u2019environnement.<\/p>\n<p>comment \u00e7a marche ?<\/p>\n<p>01 Fixez le Ball Rescuer \u00e0 un conteneur \u00e0 balles compatible.<\/p>\n<p>02 Mettez les boules \u00e0 l&#8217;int\u00e9rieur du r\u00e9cipient.<\/p>\n<p>03 Fermez le couvercle \u00e0 l&#8217;aide du fil en veillant \u00e0 bien le serrer.<\/p>\n<p>04 Placer l&#8217;embouchure de la pompe de gonflage sur la valve de remplissage.<\/p>\n<p>05 Gonflez \u00e0 la pression souhait\u00e9e selon l&#8217;indicateur de pression.<\/p>\n<p>Marques 100% compatibles<\/p>\n<p>adaptable aux contenants en plastique<\/p>\n<p>Ball Rescurer est un pressuriseur de balles compatible avec les contenants en plastique des balles de tennis et de padel qui permet de les transformer en bidon pressuriseur qui multiplie par 10 la dur\u00e9e de vie de vos balles.<\/p>\n<p>Achetez simplement un type d&#8217;emballage compatible une fois et utilisez-le avec n&#8217;importe quelle autre marque de balles.<br \/>\nLe m\u00eame r\u00e9cipient peut \u00eatre pressuris\u00e9 des centaines de fois.<\/p>\n<p>Head Padel Pro S, Head Padel, Head Championship, Head Radical, Siux Match, Siux Match Pro, Penn Coach. Softee Speed \u200b\u200bPro, Softee Speed, Softee Pro X et Softee Pro, HBL Protour Padel, Higer Padel Slam, Nexus Open Padel,<\/p>\n<p>95% compatible<\/p>\n<p>Dunlop Padel Tournament Quality, Dunlop Team Padel, Dunlop Pro Tour 3 et 4 balles, Slazenger Club Padel, Slazenger Championship Hydroguard (3 et 4 balles) Slazenger Max Padel, Slazenger, Donnay Championship.<\/p>\n<p>Les mod\u00e8les compatibles \u00e0 95% sont plus \u00e9troits et pour fonctionner \u00e0 100%, il faut les augmenter de vingt ou trente tours de ruban d&#8217;emballage sous la fente du col du r\u00e9cipient.<\/p>\n<p>Emballages actuellement non compatibles pour des raisons de s\u00e9curit\u00e9 : Wilson, Bullpadel, Babolat, Tecnifibre, Nox, Artengo, Adidas et Varlion, bien qu&#8217;ils ne soient pas les seuls.<br \/>\nNon compatible avec les contenants ou canettes m\u00e9talliques.<\/p>\n<p>Mod\u00e8les de marques compatibles qui ne peuvent pas \u00eatre pressuris\u00e9s ou qui subissent des fuites apr\u00e8s les heures d&#8217;ouverture :<\/p>\n<p>Dunlop Tour Brillance. Le corps du r\u00e9cipient est trop \u00e9troit et lorsqu&#8217;il est mis sous pression, il se d\u00e9centre par rapport \u00e0 la bride.<br \/>\nPour \u00e9viter cela, enroulez du ruban isolant pour \u00e9paissir le diam\u00e8tre jusqu&#8217;\u00e0 ce qu&#8217;il s&#8217;adapte \u00e0 la bride. M\u00eame ainsi, il sera difficile de mettre la pression, mieux vaut choisir un autre mod\u00e8le.<br \/>\nDunlop Pro Padel. Il peut \u00eatre mis sous pression mais pr\u00e9sente g\u00e9n\u00e9ralement des pertes de charge.<br \/>\nHead Padel Pro. Les conteneurs larges ne peuvent pas \u00eatre pressuris\u00e9s, vous pouvez le mesurer avec la bride avant de l&#8217;acheter.<\/p>\n","protected":false},"excerpt":{"rendered":"<p>Balles charg\u00e9es sous pression Ball Rescuerr <\/p>\n","protected":false},"featured_media":1665,"comment_status":"open","ping_status":"closed","template":"","meta":{"_acf_changed":false,"_joinchat":[]},"acabado":[],"balance":[],"dureza":[],"forma":[],"jugador":[],"marca":[1282],"nivel-de-juego":[],"superficie":[],"tipo-de-juego":[],"product_brand":[],"product_cat":[606],"product_tag":[],"class_list":{"0":"post-21223","1":"product","2":"type-product","3":"status-publish","4":"has-post-thumbnail","6":"marca-sauveteur-de-balle","7":"product_cat-balles","9":"first","10":"outofstock","11":"taxable","12":"shipping-taxable","13":"purchasable","14":"product-type-simple"},"acf":[],"yoast_head":"<!-- This site is optimized with the Yoast SEO plugin v27.4 - https:\/\/yoast.com\/product\/yoast-seo-wordpress\/ -->\n<title>Cargador de Presion Pelotas Ball Rescuer - Revolution Padel Store<\/title>\n<meta name=\"robots\" content=\"index, follow, max-snippet:-1, max-image-preview:large, max-video-preview:-1\" \/>\n<link rel=\"canonical\" href=\"https:\/\/revolutionpadelstore.com\/fr\/produit\/cargador-de-presion-pelotas-ball-rescuer-3\/\" \/>\n<meta property=\"og:locale\" content=\"fr_FR\" \/>\n<meta property=\"og:type\" content=\"article\" \/>\n<meta property=\"og:title\" content=\"Cargador de Presion Pelotas Ball Rescuer - Revolution Padel Store\" \/>\n<meta property=\"og:description\" content=\"Balles charg\u00e9es sous pression Ball Rescuerr\" \/>\n<meta property=\"og:url\" content=\"https:\/\/revolutionpadelstore.com\/fr\/produit\/cargador-de-presion-pelotas-ball-rescuer-3\/\" \/>\n<meta property=\"og:site_name\" content=\"Revolution Padel Store\" \/>\n<meta property=\"article:modified_time\" content=\"2026-04-08T13:45:21+00:00\" \/>\n<meta property=\"og:image\" content=\"https:\/\/revolutionpadelstore.com\/wp-content\/uploads\/2024\/03\/cargador-de-presion-pelotas-ball-rescuer-es-1-800x800-1.jpg\" \/>\n\t<meta property=\"og:image:width\" content=\"800\" \/>\n\t<meta property=\"og:image:height\" content=\"800\" \/>\n\t<meta property=\"og:image:type\" content=\"image\/jpeg\" \/>\n<meta name=\"twitter:card\" content=\"summary_large_image\" \/>\n<meta name=\"twitter:label1\" content=\"Dur\u00e9e de lecture estim\u00e9e\" \/>\n\t<meta name=\"twitter:data1\" content=\"1 minute\" \/>\n<script type=\"application\/ld+json\" class=\"yoast-schema-graph\">{\"@context\":\"https:\\\/\\\/schema.org\",\"@graph\":[{\"@type\":\"WebPage\",\"@id\":\"https:\\\/\\\/revolutionpadelstore.com\\\/fr\\\/produit\\\/cargador-de-presion-pelotas-ball-rescuer-3\\\/\",\"url\":\"https:\\\/\\\/revolutionpadelstore.com\\\/fr\\\/produit\\\/cargador-de-presion-pelotas-ball-rescuer-3\\\/\",\"name\":\"Cargador de Presion Pelotas Ball Rescuer - Revolution Padel Store\",\"isPartOf\":{\"@id\":\"https:\\\/\\\/revolutionpadelstore.com\\\/fr\\\/#website\"},\"primaryImageOfPage\":{\"@id\":\"https:\\\/\\\/revolutionpadelstore.com\\\/fr\\\/produit\\\/cargador-de-presion-pelotas-ball-rescuer-3\\\/#primaryimage\"},\"image\":{\"@id\":\"https:\\\/\\\/revolutionpadelstore.com\\\/fr\\\/produit\\\/cargador-de-presion-pelotas-ball-rescuer-3\\\/#primaryimage\"},\"thumbnailUrl\":\"https:\\\/\\\/revolutionpadelstore.com\\\/wp-content\\\/uploads\\\/2024\\\/03\\\/cargador-de-presion-pelotas-ball-rescuer-es-1-800x800-1.jpg\",\"datePublished\":\"2024-03-11T10:03:08+00:00\",\"dateModified\":\"2026-04-08T13:45:21+00:00\",\"breadcrumb\":{\"@id\":\"https:\\\/\\\/revolutionpadelstore.com\\\/fr\\\/produit\\\/cargador-de-presion-pelotas-ball-rescuer-3\\\/#breadcrumb\"},\"inLanguage\":\"fr-FR\",\"potentialAction\":[{\"@type\":\"ReadAction\",\"target\":[\"https:\\\/\\\/revolutionpadelstore.com\\\/fr\\\/produit\\\/cargador-de-presion-pelotas-ball-rescuer-3\\\/\"]}]},{\"@type\":\"ImageObject\",\"inLanguage\":\"fr-FR\",\"@id\":\"https:\\\/\\\/revolutionpadelstore.com\\\/fr\\\/produit\\\/cargador-de-presion-pelotas-ball-rescuer-3\\\/#primaryimage\",\"url\":\"https:\\\/\\\/revolutionpadelstore.com\\\/wp-content\\\/uploads\\\/2024\\\/03\\\/cargador-de-presion-pelotas-ball-rescuer-es-1-800x800-1.jpg\",\"contentUrl\":\"https:\\\/\\\/revolutionpadelstore.com\\\/wp-content\\\/uploads\\\/2024\\\/03\\\/cargador-de-presion-pelotas-ball-rescuer-es-1-800x800-1.jpg\",\"width\":800,\"height\":800,\"caption\":\"Cargador de Presion Pelotas Ball Rescuer\"},{\"@type\":\"BreadcrumbList\",\"@id\":\"https:\\\/\\\/revolutionpadelstore.com\\\/fr\\\/produit\\\/cargador-de-presion-pelotas-ball-rescuer-3\\\/#breadcrumb\",\"itemListElement\":[{\"@type\":\"ListItem\",\"position\":1,\"name\":\"Portada\",\"item\":\"https:\\\/\\\/revolutionpadelstore.com\\\/fr\\\/\"},{\"@type\":\"ListItem\",\"position\":2,\"name\":\"Boutique\",\"item\":\"https:\\\/\\\/revolutionpadelstore.com\\\/fr\\\/tienda\\\/\"},{\"@type\":\"ListItem\",\"position\":3,\"name\":\"Cargador de Presion Pelotas Ball Rescuer\"}]},{\"@type\":\"WebSite\",\"@id\":\"https:\\\/\\\/revolutionpadelstore.com\\\/fr\\\/#website\",\"url\":\"https:\\\/\\\/revolutionpadelstore.com\\\/fr\\\/\",\"name\":\"Revolution Padel Store\",\"description\":\"\",\"publisher\":{\"@id\":\"https:\\\/\\\/revolutionpadelstore.com\\\/fr\\\/#organization\"},\"potentialAction\":[{\"@type\":\"SearchAction\",\"target\":{\"@type\":\"EntryPoint\",\"urlTemplate\":\"https:\\\/\\\/revolutionpadelstore.com\\\/fr\\\/?s={search_term_string}\"},\"query-input\":{\"@type\":\"PropertyValueSpecification\",\"valueRequired\":true,\"valueName\":\"search_term_string\"}}],\"inLanguage\":\"fr-FR\"},{\"@type\":\"Organization\",\"@id\":\"https:\\\/\\\/revolutionpadelstore.com\\\/fr\\\/#organization\",\"name\":\"Revolution Padel Store\",\"url\":\"https:\\\/\\\/revolutionpadelstore.com\\\/fr\\\/\",\"logo\":{\"@type\":\"ImageObject\",\"inLanguage\":\"fr-FR\",\"@id\":\"https:\\\/\\\/revolutionpadelstore.com\\\/fr\\\/#\\\/schema\\\/logo\\\/image\\\/\",\"url\":\"https:\\\/\\\/revolutionpadelstore.com\\\/wp-content\\\/uploads\\\/2026\\\/02\\\/revolution-padel-store.jpg\",\"contentUrl\":\"https:\\\/\\\/revolutionpadelstore.com\\\/wp-content\\\/uploads\\\/2026\\\/02\\\/revolution-padel-store.jpg\",\"width\":2000,\"height\":2000,\"caption\":\"Revolution Padel Store\"},\"image\":{\"@id\":\"https:\\\/\\\/revolutionpadelstore.com\\\/fr\\\/#\\\/schema\\\/logo\\\/image\\\/\"},\"sameAs\":[\"https:\\\/\\\/www.instagram.com\\\/revolutionpadelstore\\\/\"]}]}<\/script>\n<!-- \/ Yoast SEO plugin. -->","yoast_head_json":{"title":"Cargador de Presion Pelotas Ball Rescuer - Revolution Padel Store","robots":{"index":"index","follow":"follow","max-snippet":"max-snippet:-1","max-image-preview":"max-image-preview:large","max-video-preview":"max-video-preview:-1"},"canonical":"https:\/\/revolutionpadelstore.com\/fr\/produit\/cargador-de-presion-pelotas-ball-rescuer-3\/","og_locale":"fr_FR","og_type":"article","og_title":"Cargador de Presion Pelotas Ball Rescuer - Revolution Padel Store","og_description":"Balles charg\u00e9es sous pression Ball Rescuerr","og_url":"https:\/\/revolutionpadelstore.com\/fr\/produit\/cargador-de-presion-pelotas-ball-rescuer-3\/","og_site_name":"Revolution Padel Store","article_modified_time":"2026-04-08T13:45:21+00:00","og_image":[{"width":800,"height":800,"url":"https:\/\/revolutionpadelstore.com\/wp-content\/uploads\/2024\/03\/cargador-de-presion-pelotas-ball-rescuer-es-1-800x800-1.jpg","type":"image\/jpeg"}],"twitter_card":"summary_large_image","twitter_misc":{"Dur\u00e9e de lecture estim\u00e9e":"1 minute"},"schema":{"@context":"https:\/\/schema.org","@graph":[{"@type":"WebPage","@id":"https:\/\/revolutionpadelstore.com\/fr\/produit\/cargador-de-presion-pelotas-ball-rescuer-3\/","url":"https:\/\/revolutionpadelstore.com\/fr\/produit\/cargador-de-presion-pelotas-ball-rescuer-3\/","name":"Cargador de Presion Pelotas Ball Rescuer - Revolution Padel Store","isPartOf":{"@id":"https:\/\/revolutionpadelstore.com\/fr\/#website"},"primaryImageOfPage":{"@id":"https:\/\/revolutionpadelstore.com\/fr\/produit\/cargador-de-presion-pelotas-ball-rescuer-3\/#primaryimage"},"image":{"@id":"https:\/\/revolutionpadelstore.com\/fr\/produit\/cargador-de-presion-pelotas-ball-rescuer-3\/#primaryimage"},"thumbnailUrl":"https:\/\/revolutionpadelstore.com\/wp-content\/uploads\/2024\/03\/cargador-de-presion-pelotas-ball-rescuer-es-1-800x800-1.jpg","datePublished":"2024-03-11T10:03:08+00:00","dateModified":"2026-04-08T13:45:21+00:00","breadcrumb":{"@id":"https:\/\/revolutionpadelstore.com\/fr\/produit\/cargador-de-presion-pelotas-ball-rescuer-3\/#breadcrumb"},"inLanguage":"fr-FR","potentialAction":[{"@type":"ReadAction","target":["https:\/\/revolutionpadelstore.com\/fr\/produit\/cargador-de-presion-pelotas-ball-rescuer-3\/"]}]},{"@type":"ImageObject","inLanguage":"fr-FR","@id":"https:\/\/revolutionpadelstore.com\/fr\/produit\/cargador-de-presion-pelotas-ball-rescuer-3\/#primaryimage","url":"https:\/\/revolutionpadelstore.com\/wp-content\/uploads\/2024\/03\/cargador-de-presion-pelotas-ball-rescuer-es-1-800x800-1.jpg","contentUrl":"https:\/\/revolutionpadelstore.com\/wp-content\/uploads\/2024\/03\/cargador-de-presion-pelotas-ball-rescuer-es-1-800x800-1.jpg","width":800,"height":800,"caption":"Cargador de Presion Pelotas Ball Rescuer"},{"@type":"BreadcrumbList","@id":"https:\/\/revolutionpadelstore.com\/fr\/produit\/cargador-de-presion-pelotas-ball-rescuer-3\/#breadcrumb","itemListElement":[{"@type":"ListItem","position":1,"name":"Portada","item":"https:\/\/revolutionpadelstore.com\/fr\/"},{"@type":"ListItem","position":2,"name":"Boutique","item":"https:\/\/revolutionpadelstore.com\/fr\/tienda\/"},{"@type":"ListItem","position":3,"name":"Cargador de Presion Pelotas Ball Rescuer"}]},{"@type":"WebSite","@id":"https:\/\/revolutionpadelstore.com\/fr\/#website","url":"https:\/\/revolutionpadelstore.com\/fr\/","name":"Revolution Padel Store","description":"","publisher":{"@id":"https:\/\/revolutionpadelstore.com\/fr\/#organization"},"potentialAction":[{"@type":"SearchAction","target":{"@type":"EntryPoint","urlTemplate":"https:\/\/revolutionpadelstore.com\/fr\/?s={search_term_string}"},"query-input":{"@type":"PropertyValueSpecification","valueRequired":true,"valueName":"search_term_string"}}],"inLanguage":"fr-FR"},{"@type":"Organization","@id":"https:\/\/revolutionpadelstore.com\/fr\/#organization","name":"Revolution Padel Store","url":"https:\/\/revolutionpadelstore.com\/fr\/","logo":{"@type":"ImageObject","inLanguage":"fr-FR","@id":"https:\/\/revolutionpadelstore.com\/fr\/#\/schema\/logo\/image\/","url":"https:\/\/revolutionpadelstore.com\/wp-content\/uploads\/2026\/02\/revolution-padel-store.jpg","contentUrl":"https:\/\/revolutionpadelstore.com\/wp-content\/uploads\/2026\/02\/revolution-padel-store.jpg","width":2000,"height":2000,"caption":"Revolution Padel Store"},"image":{"@id":"https:\/\/revolutionpadelstore.com\/fr\/#\/schema\/logo\/image\/"},"sameAs":["https:\/\/www.instagram.com\/revolutionpadelstore\/"]}]}},"_links":{"self":[{"href":"https:\/\/revolutionpadelstore.com\/fr\/wp-json\/wp\/v2\/product\/21223","targetHints":{"allow":["GET"]}}],"collection":[{"href":"https:\/\/revolutionpadelstore.com\/fr\/wp-json\/wp\/v2\/product"}],"about":[{"href":"https:\/\/revolutionpadelstore.com\/fr\/wp-json\/wp\/v2\/types\/product"}],"replies":[{"embeddable":true,"href":"https:\/\/revolutionpadelstore.com\/fr\/wp-json\/wp\/v2\/comments?post=21223"}],"wp:featuredmedia":[{"embeddable":true,"href":"https:\/\/revolutionpadelstore.com\/fr\/wp-json\/wp\/v2\/media\/1665"}],"wp:attachment":[{"href":"https:\/\/revolutionpadelstore.com\/fr\/wp-json\/wp\/v2\/media?parent=21223"}],"wp:term":[{"taxonomy":"acabado","embeddable":true,"href":"https:\/\/revolutionpadelstore.com\/fr\/wp-json\/wp\/v2\/acabado?post=21223"},{"taxonomy":"balance","embeddable":true,"href":"https:\/\/revolutionpadelstore.com\/fr\/wp-json\/wp\/v2\/balance?post=21223"},{"taxonomy":"dureza","embeddable":true,"href":"https:\/\/revolutionpadelstore.com\/fr\/wp-json\/wp\/v2\/dureza?post=21223"},{"taxonomy":"forma","embeddable":true,"href":"https:\/\/revolutionpadelstore.com\/fr\/wp-json\/wp\/v2\/forma?post=21223"},{"taxonomy":"jugador","embeddable":true,"href":"https:\/\/revolutionpadelstore.com\/fr\/wp-json\/wp\/v2\/jugador?post=21223"},{"taxonomy":"marca","embeddable":true,"href":"https:\/\/revolutionpadelstore.com\/fr\/wp-json\/wp\/v2\/marca?post=21223"},{"taxonomy":"nivel-de-juego","embeddable":true,"href":"https:\/\/revolutionpadelstore.com\/fr\/wp-json\/wp\/v2\/nivel-de-juego?post=21223"},{"taxonomy":"superficie","embeddable":true,"href":"https:\/\/revolutionpadelstore.com\/fr\/wp-json\/wp\/v2\/superficie?post=21223"},{"taxonomy":"tipo-de-juego","embeddable":true,"href":"https:\/\/revolutionpadelstore.com\/fr\/wp-json\/wp\/v2\/tipo-de-juego?post=21223"},{"taxonomy":"product_brand","embeddable":true,"href":"https:\/\/revolutionpadelstore.com\/fr\/wp-json\/wp\/v2\/product_brand?post=21223"},{"taxonomy":"product_cat","embeddable":true,"href":"https:\/\/revolutionpadelstore.com\/fr\/wp-json\/wp\/v2\/product_cat?post=21223"},{"taxonomy":"product_tag","embeddable":true,"href":"https:\/\/revolutionpadelstore.com\/fr\/wp-json\/wp\/v2\/product_tag?post=21223"}],"curies":[{"name":"wp","href":"https:\/\/api.w.org\/{rel}","templated":true}]}}