{"id":21213,"date":"2024-03-11T11:07:04","date_gmt":"2024-03-11T10:07:04","guid":{"rendered":"https:\/\/revolutionpadelstore.com\/cargador-de-presion-pascal-box-4-pelotas\/"},"modified":"2026-04-08T15:44:17","modified_gmt":"2026-04-08T13:44:17","slug":"cargador-de-presion-pascal-box-4-pelotas-3","status":"publish","type":"product","link":"https:\/\/revolutionpadelstore.com\/fr\/produit\/cargador-de-presion-pascal-box-4-pelotas-3\/","title":{"rendered":"Cargador de Presion Pascal Box 4 Pelotas"},"content":{"rendered":"<p>PR\u00c9CISION ET GARANTIE<\/p>\n<p>Con\u00e7u pour les joueurs de tennis et de padel de tous niveaux.<br \/>\nLe Pascal Box 4B est un syst\u00e8me de gonflage de pr\u00e9cision qui garantira que vos ballons auront toujours la pression r\u00e9glementaire et le rebond parfait.<\/p>\n<p>La Pascal Box 4B est con\u00e7ue pour durer.<br \/>\nConception solide r\u00e9alis\u00e9e avec des mat\u00e9riaux \u00e0 haute r\u00e9sistance pour que vous puissiez profiter de ballons avec une pression parfaite pendant de nombreuses ann\u00e9es \u00e0 chaque match.<\/p>\n<p>AVANTAGES DE LA PASCAL BOX\u00ae 4B<\/p>\n<p>VOUS JOUEZ AU PADEL, AU TENNIS OU AU FRONTENIS ?<\/p>\n<p>Exp\u00e9rience de jeu parfaite.<br \/>\nIl garantit la meilleure exp\u00e9rience de jeu possible, les balles rebondiront toujours comme si elles \u00e9taient neuves.<\/p>\n<p>\u00c9conomie.<\/p>\n<p>Vous profiterez d\u00e9sormais pleinement de votre investissement dans les balles puisque vous obtiendrez des performances maximales tout au long de leur dur\u00e9e de vie.<br \/>\nPlus besoin d&#8217;acheter des balles et de les utiliser seulement une ou deux fois ou de jouer avec des balles libres sans pression.<\/p>\n<p>R\u00e9duit l\u2019impact environnemental.<\/p>\n<p>Vous contribuerez \u00e0 g\u00e9n\u00e9rer moins de d\u00e9chets inutiles (les balles ne sont actuellement pas recycl\u00e9es et finissent dans les d\u00e9charges ou dans la mer) et moins de CO2 (pour chaque kilo de caoutchouc fabriqu\u00e9, 4 kilos de CO2 sont rejet\u00e9s dans l&#8217;atmosph\u00e8re, plus le CO2 produit par le transport. en bateau venu de l&#8217;autre bout du monde (les ballons sont fabriqu\u00e9s en Asie)<\/p>\n<p>Pr\u00e9vient les blessures.<\/p>\n<p>Vous pouvez r\u00e9guler la pression des balles en fonction des conditions ext\u00e9rieures de temp\u00e9rature, d&#8217;altitude, d&#8217;humidit\u00e9, et de votre style de jeu, plus dur ou plus lent.<br \/>\nVous \u00e9viterez m\u00eame d&#8217;\u00e9ventuelles blessures au coude et \u00e0 l&#8217;\u00e9paule dues au jeu avec des balles l\u00e2ches et aux gestes forc\u00e9s en allant chercher des balles qui ne se comportent pas comme elles le devraient.<\/p>\n<p>Syst\u00e8me de gonflage des balles de tennis et padel.<\/p>\n<p>Capacit\u00e9 pour 4 balles de paddle et de tennis<\/p>\n<p>Manom\u00e8tre de pr\u00e9cision maximale calibr\u00e9 selon les param\u00e8tres officiels des F\u00e9d\u00e9rations Internationales de Tennis et Padel<\/p>\n<p>Couvercle en fibre de verre haute r\u00e9sistance<\/p>\n<p>Verre en polycarbonate haute r\u00e9sistance<\/p>\n<p>Syst\u00e8me d&#8217;ouverture facile<\/p>\n<p>Produit 100% r\u00e9parable : tous les composants peuvent \u00eatre r\u00e9par\u00e9s ou remplac\u00e9s en cas d&#8217;usure ou de casse.<\/p>\n<p>Contenu de la bo\u00eete : Pascal Box 4B, pompe de gonflage (le mod\u00e8le peut varier), flacon de vaseline et notice d&#8217;utilisation et d&#8217;entretien<\/p>\n<p>Con\u00e7u et fabriqu\u00e9 en Espagne.<\/p>\n<p>PASCAL BOX\u00ae UNIQUE SUR LE MARCH\u00c9<\/p>\n<p>LA SCIENCE AU SERVICE DU SPORT<\/p>\n<p>Nous garantissons des r\u00e9sultats \u00e0 100%. Pascal Box est le seul syst\u00e8me capable de maintenir jusqu&#8217;\u00e0 48 PSI de pression ind\u00e9finiment.<\/p>\n<p>Notre manom\u00e8tre de pr\u00e9cision garantit que le syst\u00e8me fait son travail.<br \/>\nSans cette garantie, il est impossible de savoir si l&#8217;\u00e9quipement fait son travail.<br \/>\nL&#8217;air trouve le minimum d&#8217;espace pour s&#8217;\u00e9chapper et si c&#8217;est le cas, les ballons ne peuvent pas \u00eatre gonfl\u00e9s.<\/p>\n<p>Remarque : en dessous de 29 PSI, la pression n&#8217;est pas suffisante pour percer le caoutchouc de la balle.<\/p>\n","protected":false},"excerpt":{"rendered":"<p>Pascal Box Chargeur Pression 4 Billes<\/p>\n","protected":false},"featured_media":1681,"comment_status":"open","ping_status":"closed","template":"","meta":{"_acf_changed":false,"_joinchat":[]},"acabado":[],"balance":[],"dureza":[],"forma":[],"jugador":[],"marca":[1287],"nivel-de-juego":[],"superficie":[],"tipo-de-juego":[],"product_brand":[],"product_cat":[606],"product_tag":[],"class_list":{"0":"post-21213","1":"product","2":"type-product","3":"status-publish","4":"has-post-thumbnail","6":"marca-boite-pascal","7":"product_cat-balles","9":"first","10":"outofstock","11":"taxable","12":"shipping-taxable","13":"purchasable","14":"product-type-simple"},"acf":[],"yoast_head":"<!-- This site is optimized with the Yoast SEO plugin v27.4 - https:\/\/yoast.com\/product\/yoast-seo-wordpress\/ -->\n<title>Cargador de Presion Pascal Box 4 Pelotas - Revolution Padel Store<\/title>\n<meta name=\"description\" content=\"Cargador de Presion Pascal Box 4 Pelotas\" \/>\n<meta name=\"robots\" content=\"index, follow, max-snippet:-1, max-image-preview:large, max-video-preview:-1\" \/>\n<link rel=\"canonical\" href=\"https:\/\/revolutionpadelstore.com\/fr\/produit\/cargador-de-presion-pascal-box-4-pelotas-3\/\" \/>\n<meta property=\"og:locale\" content=\"fr_FR\" \/>\n<meta property=\"og:type\" content=\"article\" \/>\n<meta property=\"og:title\" content=\"Cargador de Presion Pascal Box 4 Pelotas - Revolution Padel Store\" \/>\n<meta property=\"og:description\" content=\"Cargador de Presion Pascal Box 4 Pelotas\" \/>\n<meta property=\"og:url\" content=\"https:\/\/revolutionpadelstore.com\/fr\/produit\/cargador-de-presion-pascal-box-4-pelotas-3\/\" \/>\n<meta property=\"og:site_name\" content=\"Revolution Padel Store\" \/>\n<meta property=\"article:modified_time\" content=\"2026-04-08T13:44:17+00:00\" \/>\n<meta property=\"og:image\" content=\"https:\/\/revolutionpadelstore.com\/wp-content\/uploads\/2024\/03\/cargador-de-presion-pascal-box-4-pelotas-800x800-1.jpg\" \/>\n\t<meta property=\"og:image:width\" content=\"800\" \/>\n\t<meta property=\"og:image:height\" content=\"800\" \/>\n\t<meta property=\"og:image:type\" content=\"image\/jpeg\" \/>\n<meta name=\"twitter:card\" content=\"summary_large_image\" \/>\n<meta name=\"twitter:label1\" content=\"Dur\u00e9e de lecture estim\u00e9e\" \/>\n\t<meta name=\"twitter:data1\" content=\"1 minute\" \/>\n<script type=\"application\/ld+json\" class=\"yoast-schema-graph\">{\"@context\":\"https:\\\/\\\/schema.org\",\"@graph\":[{\"@type\":\"WebPage\",\"@id\":\"https:\\\/\\\/revolutionpadelstore.com\\\/fr\\\/produit\\\/cargador-de-presion-pascal-box-4-pelotas-3\\\/\",\"url\":\"https:\\\/\\\/revolutionpadelstore.com\\\/fr\\\/produit\\\/cargador-de-presion-pascal-box-4-pelotas-3\\\/\",\"name\":\"Cargador de Presion Pascal Box 4 Pelotas - Revolution Padel Store\",\"isPartOf\":{\"@id\":\"https:\\\/\\\/revolutionpadelstore.com\\\/fr\\\/#website\"},\"primaryImageOfPage\":{\"@id\":\"https:\\\/\\\/revolutionpadelstore.com\\\/fr\\\/produit\\\/cargador-de-presion-pascal-box-4-pelotas-3\\\/#primaryimage\"},\"image\":{\"@id\":\"https:\\\/\\\/revolutionpadelstore.com\\\/fr\\\/produit\\\/cargador-de-presion-pascal-box-4-pelotas-3\\\/#primaryimage\"},\"thumbnailUrl\":\"https:\\\/\\\/revolutionpadelstore.com\\\/wp-content\\\/uploads\\\/2024\\\/03\\\/cargador-de-presion-pascal-box-4-pelotas-800x800-1.jpg\",\"datePublished\":\"2024-03-11T10:07:04+00:00\",\"dateModified\":\"2026-04-08T13:44:17+00:00\",\"description\":\"Cargador de Presion Pascal Box 4 Pelotas\",\"breadcrumb\":{\"@id\":\"https:\\\/\\\/revolutionpadelstore.com\\\/fr\\\/produit\\\/cargador-de-presion-pascal-box-4-pelotas-3\\\/#breadcrumb\"},\"inLanguage\":\"fr-FR\",\"potentialAction\":[{\"@type\":\"ReadAction\",\"target\":[\"https:\\\/\\\/revolutionpadelstore.com\\\/fr\\\/produit\\\/cargador-de-presion-pascal-box-4-pelotas-3\\\/\"]}]},{\"@type\":\"ImageObject\",\"inLanguage\":\"fr-FR\",\"@id\":\"https:\\\/\\\/revolutionpadelstore.com\\\/fr\\\/produit\\\/cargador-de-presion-pascal-box-4-pelotas-3\\\/#primaryimage\",\"url\":\"https:\\\/\\\/revolutionpadelstore.com\\\/wp-content\\\/uploads\\\/2024\\\/03\\\/cargador-de-presion-pascal-box-4-pelotas-800x800-1.jpg\",\"contentUrl\":\"https:\\\/\\\/revolutionpadelstore.com\\\/wp-content\\\/uploads\\\/2024\\\/03\\\/cargador-de-presion-pascal-box-4-pelotas-800x800-1.jpg\",\"width\":800,\"height\":800,\"caption\":\"Cargador de Presion Pascal Box 4 Pelotas\"},{\"@type\":\"BreadcrumbList\",\"@id\":\"https:\\\/\\\/revolutionpadelstore.com\\\/fr\\\/produit\\\/cargador-de-presion-pascal-box-4-pelotas-3\\\/#breadcrumb\",\"itemListElement\":[{\"@type\":\"ListItem\",\"position\":1,\"name\":\"Portada\",\"item\":\"https:\\\/\\\/revolutionpadelstore.com\\\/fr\\\/\"},{\"@type\":\"ListItem\",\"position\":2,\"name\":\"Boutique\",\"item\":\"https:\\\/\\\/revolutionpadelstore.com\\\/fr\\\/tienda\\\/\"},{\"@type\":\"ListItem\",\"position\":3,\"name\":\"Cargador de Presion Pascal Box 4 Pelotas\"}]},{\"@type\":\"WebSite\",\"@id\":\"https:\\\/\\\/revolutionpadelstore.com\\\/fr\\\/#website\",\"url\":\"https:\\\/\\\/revolutionpadelstore.com\\\/fr\\\/\",\"name\":\"Revolution Padel Store\",\"description\":\"\",\"publisher\":{\"@id\":\"https:\\\/\\\/revolutionpadelstore.com\\\/fr\\\/#organization\"},\"potentialAction\":[{\"@type\":\"SearchAction\",\"target\":{\"@type\":\"EntryPoint\",\"urlTemplate\":\"https:\\\/\\\/revolutionpadelstore.com\\\/fr\\\/?s={search_term_string}\"},\"query-input\":{\"@type\":\"PropertyValueSpecification\",\"valueRequired\":true,\"valueName\":\"search_term_string\"}}],\"inLanguage\":\"fr-FR\"},{\"@type\":\"Organization\",\"@id\":\"https:\\\/\\\/revolutionpadelstore.com\\\/fr\\\/#organization\",\"name\":\"Revolution Padel Store\",\"url\":\"https:\\\/\\\/revolutionpadelstore.com\\\/fr\\\/\",\"logo\":{\"@type\":\"ImageObject\",\"inLanguage\":\"fr-FR\",\"@id\":\"https:\\\/\\\/revolutionpadelstore.com\\\/fr\\\/#\\\/schema\\\/logo\\\/image\\\/\",\"url\":\"https:\\\/\\\/revolutionpadelstore.com\\\/wp-content\\\/uploads\\\/2026\\\/02\\\/revolution-padel-store.jpg\",\"contentUrl\":\"https:\\\/\\\/revolutionpadelstore.com\\\/wp-content\\\/uploads\\\/2026\\\/02\\\/revolution-padel-store.jpg\",\"width\":2000,\"height\":2000,\"caption\":\"Revolution Padel Store\"},\"image\":{\"@id\":\"https:\\\/\\\/revolutionpadelstore.com\\\/fr\\\/#\\\/schema\\\/logo\\\/image\\\/\"},\"sameAs\":[\"https:\\\/\\\/www.instagram.com\\\/revolutionpadelstore\\\/\"]}]}<\/script>\n<!-- \/ Yoast SEO plugin. -->","yoast_head_json":{"title":"Cargador de Presion Pascal Box 4 Pelotas - Revolution Padel Store","description":"Cargador de Presion Pascal Box 4 Pelotas","robots":{"index":"index","follow":"follow","max-snippet":"max-snippet:-1","max-image-preview":"max-image-preview:large","max-video-preview":"max-video-preview:-1"},"canonical":"https:\/\/revolutionpadelstore.com\/fr\/produit\/cargador-de-presion-pascal-box-4-pelotas-3\/","og_locale":"fr_FR","og_type":"article","og_title":"Cargador de Presion Pascal Box 4 Pelotas - Revolution Padel Store","og_description":"Cargador de Presion Pascal Box 4 Pelotas","og_url":"https:\/\/revolutionpadelstore.com\/fr\/produit\/cargador-de-presion-pascal-box-4-pelotas-3\/","og_site_name":"Revolution Padel Store","article_modified_time":"2026-04-08T13:44:17+00:00","og_image":[{"width":800,"height":800,"url":"https:\/\/revolutionpadelstore.com\/wp-content\/uploads\/2024\/03\/cargador-de-presion-pascal-box-4-pelotas-800x800-1.jpg","type":"image\/jpeg"}],"twitter_card":"summary_large_image","twitter_misc":{"Dur\u00e9e de lecture estim\u00e9e":"1 minute"},"schema":{"@context":"https:\/\/schema.org","@graph":[{"@type":"WebPage","@id":"https:\/\/revolutionpadelstore.com\/fr\/produit\/cargador-de-presion-pascal-box-4-pelotas-3\/","url":"https:\/\/revolutionpadelstore.com\/fr\/produit\/cargador-de-presion-pascal-box-4-pelotas-3\/","name":"Cargador de Presion Pascal Box 4 Pelotas - Revolution Padel Store","isPartOf":{"@id":"https:\/\/revolutionpadelstore.com\/fr\/#website"},"primaryImageOfPage":{"@id":"https:\/\/revolutionpadelstore.com\/fr\/produit\/cargador-de-presion-pascal-box-4-pelotas-3\/#primaryimage"},"image":{"@id":"https:\/\/revolutionpadelstore.com\/fr\/produit\/cargador-de-presion-pascal-box-4-pelotas-3\/#primaryimage"},"thumbnailUrl":"https:\/\/revolutionpadelstore.com\/wp-content\/uploads\/2024\/03\/cargador-de-presion-pascal-box-4-pelotas-800x800-1.jpg","datePublished":"2024-03-11T10:07:04+00:00","dateModified":"2026-04-08T13:44:17+00:00","description":"Cargador de Presion Pascal Box 4 Pelotas","breadcrumb":{"@id":"https:\/\/revolutionpadelstore.com\/fr\/produit\/cargador-de-presion-pascal-box-4-pelotas-3\/#breadcrumb"},"inLanguage":"fr-FR","potentialAction":[{"@type":"ReadAction","target":["https:\/\/revolutionpadelstore.com\/fr\/produit\/cargador-de-presion-pascal-box-4-pelotas-3\/"]}]},{"@type":"ImageObject","inLanguage":"fr-FR","@id":"https:\/\/revolutionpadelstore.com\/fr\/produit\/cargador-de-presion-pascal-box-4-pelotas-3\/#primaryimage","url":"https:\/\/revolutionpadelstore.com\/wp-content\/uploads\/2024\/03\/cargador-de-presion-pascal-box-4-pelotas-800x800-1.jpg","contentUrl":"https:\/\/revolutionpadelstore.com\/wp-content\/uploads\/2024\/03\/cargador-de-presion-pascal-box-4-pelotas-800x800-1.jpg","width":800,"height":800,"caption":"Cargador de Presion Pascal Box 4 Pelotas"},{"@type":"BreadcrumbList","@id":"https:\/\/revolutionpadelstore.com\/fr\/produit\/cargador-de-presion-pascal-box-4-pelotas-3\/#breadcrumb","itemListElement":[{"@type":"ListItem","position":1,"name":"Portada","item":"https:\/\/revolutionpadelstore.com\/fr\/"},{"@type":"ListItem","position":2,"name":"Boutique","item":"https:\/\/revolutionpadelstore.com\/fr\/tienda\/"},{"@type":"ListItem","position":3,"name":"Cargador de Presion Pascal Box 4 Pelotas"}]},{"@type":"WebSite","@id":"https:\/\/revolutionpadelstore.com\/fr\/#website","url":"https:\/\/revolutionpadelstore.com\/fr\/","name":"Revolution Padel Store","description":"","publisher":{"@id":"https:\/\/revolutionpadelstore.com\/fr\/#organization"},"potentialAction":[{"@type":"SearchAction","target":{"@type":"EntryPoint","urlTemplate":"https:\/\/revolutionpadelstore.com\/fr\/?s={search_term_string}"},"query-input":{"@type":"PropertyValueSpecification","valueRequired":true,"valueName":"search_term_string"}}],"inLanguage":"fr-FR"},{"@type":"Organization","@id":"https:\/\/revolutionpadelstore.com\/fr\/#organization","name":"Revolution Padel Store","url":"https:\/\/revolutionpadelstore.com\/fr\/","logo":{"@type":"ImageObject","inLanguage":"fr-FR","@id":"https:\/\/revolutionpadelstore.com\/fr\/#\/schema\/logo\/image\/","url":"https:\/\/revolutionpadelstore.com\/wp-content\/uploads\/2026\/02\/revolution-padel-store.jpg","contentUrl":"https:\/\/revolutionpadelstore.com\/wp-content\/uploads\/2026\/02\/revolution-padel-store.jpg","width":2000,"height":2000,"caption":"Revolution Padel Store"},"image":{"@id":"https:\/\/revolutionpadelstore.com\/fr\/#\/schema\/logo\/image\/"},"sameAs":["https:\/\/www.instagram.com\/revolutionpadelstore\/"]}]}},"_links":{"self":[{"href":"https:\/\/revolutionpadelstore.com\/fr\/wp-json\/wp\/v2\/product\/21213","targetHints":{"allow":["GET"]}}],"collection":[{"href":"https:\/\/revolutionpadelstore.com\/fr\/wp-json\/wp\/v2\/product"}],"about":[{"href":"https:\/\/revolutionpadelstore.com\/fr\/wp-json\/wp\/v2\/types\/product"}],"replies":[{"embeddable":true,"href":"https:\/\/revolutionpadelstore.com\/fr\/wp-json\/wp\/v2\/comments?post=21213"}],"wp:featuredmedia":[{"embeddable":true,"href":"https:\/\/revolutionpadelstore.com\/fr\/wp-json\/wp\/v2\/media\/1681"}],"wp:attachment":[{"href":"https:\/\/revolutionpadelstore.com\/fr\/wp-json\/wp\/v2\/media?parent=21213"}],"wp:term":[{"taxonomy":"acabado","embeddable":true,"href":"https:\/\/revolutionpadelstore.com\/fr\/wp-json\/wp\/v2\/acabado?post=21213"},{"taxonomy":"balance","embeddable":true,"href":"https:\/\/revolutionpadelstore.com\/fr\/wp-json\/wp\/v2\/balance?post=21213"},{"taxonomy":"dureza","embeddable":true,"href":"https:\/\/revolutionpadelstore.com\/fr\/wp-json\/wp\/v2\/dureza?post=21213"},{"taxonomy":"forma","embeddable":true,"href":"https:\/\/revolutionpadelstore.com\/fr\/wp-json\/wp\/v2\/forma?post=21213"},{"taxonomy":"jugador","embeddable":true,"href":"https:\/\/revolutionpadelstore.com\/fr\/wp-json\/wp\/v2\/jugador?post=21213"},{"taxonomy":"marca","embeddable":true,"href":"https:\/\/revolutionpadelstore.com\/fr\/wp-json\/wp\/v2\/marca?post=21213"},{"taxonomy":"nivel-de-juego","embeddable":true,"href":"https:\/\/revolutionpadelstore.com\/fr\/wp-json\/wp\/v2\/nivel-de-juego?post=21213"},{"taxonomy":"superficie","embeddable":true,"href":"https:\/\/revolutionpadelstore.com\/fr\/wp-json\/wp\/v2\/superficie?post=21213"},{"taxonomy":"tipo-de-juego","embeddable":true,"href":"https:\/\/revolutionpadelstore.com\/fr\/wp-json\/wp\/v2\/tipo-de-juego?post=21213"},{"taxonomy":"product_brand","embeddable":true,"href":"https:\/\/revolutionpadelstore.com\/fr\/wp-json\/wp\/v2\/product_brand?post=21213"},{"taxonomy":"product_cat","embeddable":true,"href":"https:\/\/revolutionpadelstore.com\/fr\/wp-json\/wp\/v2\/product_cat?post=21213"},{"taxonomy":"product_tag","embeddable":true,"href":"https:\/\/revolutionpadelstore.com\/fr\/wp-json\/wp\/v2\/product_tag?post=21213"}],"curies":[{"name":"wp","href":"https:\/\/api.w.org\/{rel}","templated":true}]}}