{"id":20993,"date":"2024-03-11T14:27:08","date_gmt":"2024-03-11T13:27:08","guid":{"rendered":"https:\/\/revolutionpadelstore.com\/grip-hesacore-bullpadel-talla-unica\/"},"modified":"2026-04-08T15:29:35","modified_gmt":"2026-04-08T13:29:35","slug":"hesacore-bullpadel-grip-012-blanco-3","status":"publish","type":"product","link":"https:\/\/revolutionpadelstore.com\/fr\/produit\/hesacore-bullpadel-grip-012-blanco-3\/","title":{"rendered":"HESACORE BULLPADEL GRIP 012 BLANCO"},"content":{"rendered":"<h2> Hesacore Bullpadel: Adh\u00e9sion parfaite et confort dans votre jeu <\/h2>\n<h2> Pourquoi choisir le bullpadel Hesacore?<br \/>\nLe <strong> Hesacore Bullpadel <\/strong> est la solution id\u00e9ale pour am\u00e9liorer votre exp\u00e9rience sur la piste. Sa conception innovante sous la forme d&#8217;un nid d&#8217;abeille r\u00e9duit consid\u00e9rablement les efforts n\u00e9cessaires pour maintenir la pelle, soulageant la pression dans la main et \u00e9vitant l&#8217;inconfort pendant le jeu. Cette poign\u00e9e de haute qualit\u00e9 diminue les vibrations g\u00e9n\u00e9r\u00e9es en frappant la balle, ce qui contribue \u00e0 pr\u00e9venir les blessures telles que le coude de tennis. De plus, il am\u00e9liore l&#8217;adh\u00e9rence et contr\u00f4le la transpiration afin que la sueur n&#8217;affecte pas vos performances dans les moments les plus intenses.<\/p>\n<h2> pour qui \u00eates-vous con\u00e7u?<br \/>\nLe bullpadel Hesacore est con\u00e7u pour les joueurs de tous niveaux \u00e0 la recherche d&#8217;une poign\u00e9e plus \u00e9lev\u00e9e et d&#8217;une exp\u00e9rience de jeu plus confortable. Vous \u00eates d\u00e9j\u00e0 un d\u00e9butant qui veut gagner en confiance ou un professionnel qui a besoin d&#8217;une pr\u00e9cision maximale, cette poign\u00e9e facilite les mouvements fluides et \u00e9vite les pantoufles, vous offrant la s\u00e9curit\u00e9 et le confort \u00e0 chaque coup.<\/p>\n<h2> Design simple et \u00e9l\u00e9gant <\/h2>\n<ul>\n<li> <strong> style pratique et propre <\/strong>: sa conception en forme de nid d&#8217;abeille est non seulement fonctionnelle mais aussi esth\u00e9tique. Disponible en blanc, il apporte une touche \u00e9l\u00e9gante et minimaliste \u00e0 votre pelle.\n<\/ul>\n<h2> Caract\u00e9ristiques techniques principales <\/h2>\n<ul>\n<li> <strong> Placement rapide et simple <\/strong>: pr\u00eat \u00e0 l&#8217;emploi en quelques minutes.\n<li> <strong> Adaptabilit\u00e9 universelle <\/strong>: compatible avec n&#8217;importe quel mod\u00e8le de lame de pagaie.\n<li> <strong> mat\u00e9riau premium <\/strong>: fabriqu\u00e9 en silicone doux et flexible, garantit la durabilit\u00e9 et le confort.\n<li> <strong> Design hexagonal <\/strong>: Il fournit un repos ergonomique pour les doigts, relaxant les muscles de la main, du poignet et de l&#8217;avant-bras.\n<li> <strong> Contr\u00f4le des vibrations <\/strong>: r\u00e9duit la transmission des vibrations lors de la frappe de la balle.\n<li> <strong> antitranspirant <\/strong>: permet aux performances optimales sans sueur d&#8217;\u00eatre un probl\u00e8me.\n<\/ul>\n<h2> Avantages cl\u00e9s <\/h2>\n<ul>\n<li> Soulagez la pression et minimisez le risque de l\u00e9sions en coude et en \u00e9paule.\n<li> Am\u00e9liore le contr\u00f4le et la stabilit\u00e9 de la pelle. <\/li>\n<li> Aidez \u00e0 maintenir une posture ergonomique pendant le jeu.\n<\/ul>\n<p>Obtenez le <strong> Hesacore Bullpadel <\/strong> et transformez votre exp\u00e9rience de jeu. Disponible dans notre boutique en ligne, <a href=\"https:\/\/www.revolutionpadelstore.com\/\"> www.revolutionpadelstore.com <\/a>, probablement au meilleur prix du march\u00e9. Achetez maintenant et passez votre jeu au niveau sup\u00e9rieur!<\/p>\n<p><Hr \/><\/p>\n<p><strong> Meta Description du SEO: <\/strong><\/p>\n","protected":false},"excerpt":{"rendered":"<p>Hesacore Bullpadel Grip &#8211; Talla Unica<\/p>\n","protected":false},"featured_media":53492,"comment_status":"open","ping_status":"closed","template":"","meta":{"_acf_changed":false,"_joinchat":[]},"acabado":[],"balance":[],"dureza":[],"forma":[],"jugador":[],"marca":[1257],"nivel-de-juego":[],"superficie":[],"tipo-de-juego":[],"product_brand":[],"product_cat":[561],"product_tag":[],"class_list":{"0":"post-20993","1":"product","2":"type-product","3":"status-publish","4":"has-post-thumbnail","6":"marca-bullpadel-fr","7":"product_cat-accessoires","9":"first","10":"outofstock","11":"sale","12":"taxable","13":"shipping-taxable","14":"purchasable","15":"product-type-simple"},"acf":[],"yoast_head":"<!-- This site is optimized with the Yoast SEO plugin v27.4 - https:\/\/yoast.com\/product\/yoast-seo-wordpress\/ -->\n<title>HESACORE BULLPADEL GRIP 012 BLANCO - Revolution Padel Store<\/title>\n<meta name=\"description\" content=\"Grip Hesacore Bullpadel - Talla Unica\" \/>\n<meta name=\"robots\" content=\"index, follow, max-snippet:-1, max-image-preview:large, max-video-preview:-1\" \/>\n<link rel=\"canonical\" href=\"https:\/\/revolutionpadelstore.com\/fr\/produit\/hesacore-bullpadel-grip-012-blanco-3\/\" \/>\n<meta property=\"og:locale\" content=\"fr_FR\" \/>\n<meta property=\"og:type\" content=\"article\" \/>\n<meta property=\"og:title\" content=\"HESACORE BULLPADEL GRIP 012 BLANCO - Revolution Padel Store\" \/>\n<meta property=\"og:description\" content=\"Grip Hesacore Bullpadel - Talla Unica\" \/>\n<meta property=\"og:url\" content=\"https:\/\/revolutionpadelstore.com\/fr\/produit\/hesacore-bullpadel-grip-012-blanco-3\/\" \/>\n<meta property=\"og:site_name\" content=\"Revolution Padel Store\" \/>\n<meta property=\"article:modified_time\" content=\"2026-04-08T13:29:35+00:00\" \/>\n<meta property=\"og:image\" content=\"https:\/\/revolutionpadelstore.com\/wp-content\/uploads\/2024\/03\/grip-hesacore-bullpadel-talla-Unica-800x800-1.webp\" \/>\n\t<meta property=\"og:image:width\" content=\"800\" \/>\n\t<meta property=\"og:image:height\" content=\"800\" \/>\n\t<meta property=\"og:image:type\" content=\"image\/webp\" \/>\n<meta name=\"twitter:card\" content=\"summary_large_image\" \/>\n<meta name=\"twitter:label1\" content=\"Dur\u00e9e de lecture estim\u00e9e\" \/>\n\t<meta name=\"twitter:data1\" content=\"1 minute\" \/>\n<script type=\"application\/ld+json\" class=\"yoast-schema-graph\">{\"@context\":\"https:\\\/\\\/schema.org\",\"@graph\":[{\"@type\":\"WebPage\",\"@id\":\"https:\\\/\\\/revolutionpadelstore.com\\\/fr\\\/produit\\\/hesacore-bullpadel-grip-012-blanco-3\\\/\",\"url\":\"https:\\\/\\\/revolutionpadelstore.com\\\/fr\\\/produit\\\/hesacore-bullpadel-grip-012-blanco-3\\\/\",\"name\":\"HESACORE BULLPADEL GRIP 012 BLANCO - Revolution Padel Store\",\"isPartOf\":{\"@id\":\"https:\\\/\\\/revolutionpadelstore.com\\\/fr\\\/#website\"},\"primaryImageOfPage\":{\"@id\":\"https:\\\/\\\/revolutionpadelstore.com\\\/fr\\\/produit\\\/hesacore-bullpadel-grip-012-blanco-3\\\/#primaryimage\"},\"image\":{\"@id\":\"https:\\\/\\\/revolutionpadelstore.com\\\/fr\\\/produit\\\/hesacore-bullpadel-grip-012-blanco-3\\\/#primaryimage\"},\"thumbnailUrl\":\"https:\\\/\\\/revolutionpadelstore.com\\\/wp-content\\\/uploads\\\/2024\\\/03\\\/grip-hesacore-bullpadel-talla-Unica-800x800-1.webp\",\"datePublished\":\"2024-03-11T13:27:08+00:00\",\"dateModified\":\"2026-04-08T13:29:35+00:00\",\"description\":\"Grip Hesacore Bullpadel - Talla Unica\",\"breadcrumb\":{\"@id\":\"https:\\\/\\\/revolutionpadelstore.com\\\/fr\\\/produit\\\/hesacore-bullpadel-grip-012-blanco-3\\\/#breadcrumb\"},\"inLanguage\":\"fr-FR\",\"potentialAction\":[{\"@type\":\"ReadAction\",\"target\":[\"https:\\\/\\\/revolutionpadelstore.com\\\/fr\\\/produit\\\/hesacore-bullpadel-grip-012-blanco-3\\\/\"]}]},{\"@type\":\"ImageObject\",\"inLanguage\":\"fr-FR\",\"@id\":\"https:\\\/\\\/revolutionpadelstore.com\\\/fr\\\/produit\\\/hesacore-bullpadel-grip-012-blanco-3\\\/#primaryimage\",\"url\":\"https:\\\/\\\/revolutionpadelstore.com\\\/wp-content\\\/uploads\\\/2024\\\/03\\\/grip-hesacore-bullpadel-talla-Unica-800x800-1.webp\",\"contentUrl\":\"https:\\\/\\\/revolutionpadelstore.com\\\/wp-content\\\/uploads\\\/2024\\\/03\\\/grip-hesacore-bullpadel-talla-Unica-800x800-1.webp\",\"width\":800,\"height\":800},{\"@type\":\"BreadcrumbList\",\"@id\":\"https:\\\/\\\/revolutionpadelstore.com\\\/fr\\\/produit\\\/hesacore-bullpadel-grip-012-blanco-3\\\/#breadcrumb\",\"itemListElement\":[{\"@type\":\"ListItem\",\"position\":1,\"name\":\"Portada\",\"item\":\"https:\\\/\\\/revolutionpadelstore.com\\\/fr\\\/\"},{\"@type\":\"ListItem\",\"position\":2,\"name\":\"Boutique\",\"item\":\"https:\\\/\\\/revolutionpadelstore.com\\\/fr\\\/tienda\\\/\"},{\"@type\":\"ListItem\",\"position\":3,\"name\":\"HESACORE BULLPADEL GRIP 012 BLANCO\"}]},{\"@type\":\"WebSite\",\"@id\":\"https:\\\/\\\/revolutionpadelstore.com\\\/fr\\\/#website\",\"url\":\"https:\\\/\\\/revolutionpadelstore.com\\\/fr\\\/\",\"name\":\"Revolution Padel Store\",\"description\":\"\",\"publisher\":{\"@id\":\"https:\\\/\\\/revolutionpadelstore.com\\\/fr\\\/#organization\"},\"potentialAction\":[{\"@type\":\"SearchAction\",\"target\":{\"@type\":\"EntryPoint\",\"urlTemplate\":\"https:\\\/\\\/revolutionpadelstore.com\\\/fr\\\/?s={search_term_string}\"},\"query-input\":{\"@type\":\"PropertyValueSpecification\",\"valueRequired\":true,\"valueName\":\"search_term_string\"}}],\"inLanguage\":\"fr-FR\"},{\"@type\":\"Organization\",\"@id\":\"https:\\\/\\\/revolutionpadelstore.com\\\/fr\\\/#organization\",\"name\":\"Revolution Padel Store\",\"url\":\"https:\\\/\\\/revolutionpadelstore.com\\\/fr\\\/\",\"logo\":{\"@type\":\"ImageObject\",\"inLanguage\":\"fr-FR\",\"@id\":\"https:\\\/\\\/revolutionpadelstore.com\\\/fr\\\/#\\\/schema\\\/logo\\\/image\\\/\",\"url\":\"https:\\\/\\\/revolutionpadelstore.com\\\/wp-content\\\/uploads\\\/2026\\\/02\\\/revolution-padel-store.jpg\",\"contentUrl\":\"https:\\\/\\\/revolutionpadelstore.com\\\/wp-content\\\/uploads\\\/2026\\\/02\\\/revolution-padel-store.jpg\",\"width\":2000,\"height\":2000,\"caption\":\"Revolution Padel Store\"},\"image\":{\"@id\":\"https:\\\/\\\/revolutionpadelstore.com\\\/fr\\\/#\\\/schema\\\/logo\\\/image\\\/\"},\"sameAs\":[\"https:\\\/\\\/www.instagram.com\\\/revolutionpadelstore\\\/\"]}]}<\/script>\n<!-- \/ Yoast SEO plugin. -->","yoast_head_json":{"title":"HESACORE BULLPADEL GRIP 012 BLANCO - Revolution Padel Store","description":"Grip Hesacore Bullpadel - Talla Unica","robots":{"index":"index","follow":"follow","max-snippet":"max-snippet:-1","max-image-preview":"max-image-preview:large","max-video-preview":"max-video-preview:-1"},"canonical":"https:\/\/revolutionpadelstore.com\/fr\/produit\/hesacore-bullpadel-grip-012-blanco-3\/","og_locale":"fr_FR","og_type":"article","og_title":"HESACORE BULLPADEL GRIP 012 BLANCO - Revolution Padel Store","og_description":"Grip Hesacore Bullpadel - Talla Unica","og_url":"https:\/\/revolutionpadelstore.com\/fr\/produit\/hesacore-bullpadel-grip-012-blanco-3\/","og_site_name":"Revolution Padel Store","article_modified_time":"2026-04-08T13:29:35+00:00","og_image":[{"width":800,"height":800,"url":"https:\/\/revolutionpadelstore.com\/wp-content\/uploads\/2024\/03\/grip-hesacore-bullpadel-talla-Unica-800x800-1.webp","type":"image\/webp"}],"twitter_card":"summary_large_image","twitter_misc":{"Dur\u00e9e de lecture estim\u00e9e":"1 minute"},"schema":{"@context":"https:\/\/schema.org","@graph":[{"@type":"WebPage","@id":"https:\/\/revolutionpadelstore.com\/fr\/produit\/hesacore-bullpadel-grip-012-blanco-3\/","url":"https:\/\/revolutionpadelstore.com\/fr\/produit\/hesacore-bullpadel-grip-012-blanco-3\/","name":"HESACORE BULLPADEL GRIP 012 BLANCO - Revolution Padel Store","isPartOf":{"@id":"https:\/\/revolutionpadelstore.com\/fr\/#website"},"primaryImageOfPage":{"@id":"https:\/\/revolutionpadelstore.com\/fr\/produit\/hesacore-bullpadel-grip-012-blanco-3\/#primaryimage"},"image":{"@id":"https:\/\/revolutionpadelstore.com\/fr\/produit\/hesacore-bullpadel-grip-012-blanco-3\/#primaryimage"},"thumbnailUrl":"https:\/\/revolutionpadelstore.com\/wp-content\/uploads\/2024\/03\/grip-hesacore-bullpadel-talla-Unica-800x800-1.webp","datePublished":"2024-03-11T13:27:08+00:00","dateModified":"2026-04-08T13:29:35+00:00","description":"Grip Hesacore Bullpadel - Talla Unica","breadcrumb":{"@id":"https:\/\/revolutionpadelstore.com\/fr\/produit\/hesacore-bullpadel-grip-012-blanco-3\/#breadcrumb"},"inLanguage":"fr-FR","potentialAction":[{"@type":"ReadAction","target":["https:\/\/revolutionpadelstore.com\/fr\/produit\/hesacore-bullpadel-grip-012-blanco-3\/"]}]},{"@type":"ImageObject","inLanguage":"fr-FR","@id":"https:\/\/revolutionpadelstore.com\/fr\/produit\/hesacore-bullpadel-grip-012-blanco-3\/#primaryimage","url":"https:\/\/revolutionpadelstore.com\/wp-content\/uploads\/2024\/03\/grip-hesacore-bullpadel-talla-Unica-800x800-1.webp","contentUrl":"https:\/\/revolutionpadelstore.com\/wp-content\/uploads\/2024\/03\/grip-hesacore-bullpadel-talla-Unica-800x800-1.webp","width":800,"height":800},{"@type":"BreadcrumbList","@id":"https:\/\/revolutionpadelstore.com\/fr\/produit\/hesacore-bullpadel-grip-012-blanco-3\/#breadcrumb","itemListElement":[{"@type":"ListItem","position":1,"name":"Portada","item":"https:\/\/revolutionpadelstore.com\/fr\/"},{"@type":"ListItem","position":2,"name":"Boutique","item":"https:\/\/revolutionpadelstore.com\/fr\/tienda\/"},{"@type":"ListItem","position":3,"name":"HESACORE BULLPADEL GRIP 012 BLANCO"}]},{"@type":"WebSite","@id":"https:\/\/revolutionpadelstore.com\/fr\/#website","url":"https:\/\/revolutionpadelstore.com\/fr\/","name":"Revolution Padel Store","description":"","publisher":{"@id":"https:\/\/revolutionpadelstore.com\/fr\/#organization"},"potentialAction":[{"@type":"SearchAction","target":{"@type":"EntryPoint","urlTemplate":"https:\/\/revolutionpadelstore.com\/fr\/?s={search_term_string}"},"query-input":{"@type":"PropertyValueSpecification","valueRequired":true,"valueName":"search_term_string"}}],"inLanguage":"fr-FR"},{"@type":"Organization","@id":"https:\/\/revolutionpadelstore.com\/fr\/#organization","name":"Revolution Padel Store","url":"https:\/\/revolutionpadelstore.com\/fr\/","logo":{"@type":"ImageObject","inLanguage":"fr-FR","@id":"https:\/\/revolutionpadelstore.com\/fr\/#\/schema\/logo\/image\/","url":"https:\/\/revolutionpadelstore.com\/wp-content\/uploads\/2026\/02\/revolution-padel-store.jpg","contentUrl":"https:\/\/revolutionpadelstore.com\/wp-content\/uploads\/2026\/02\/revolution-padel-store.jpg","width":2000,"height":2000,"caption":"Revolution Padel Store"},"image":{"@id":"https:\/\/revolutionpadelstore.com\/fr\/#\/schema\/logo\/image\/"},"sameAs":["https:\/\/www.instagram.com\/revolutionpadelstore\/"]}]}},"_links":{"self":[{"href":"https:\/\/revolutionpadelstore.com\/fr\/wp-json\/wp\/v2\/product\/20993","targetHints":{"allow":["GET"]}}],"collection":[{"href":"https:\/\/revolutionpadelstore.com\/fr\/wp-json\/wp\/v2\/product"}],"about":[{"href":"https:\/\/revolutionpadelstore.com\/fr\/wp-json\/wp\/v2\/types\/product"}],"replies":[{"embeddable":true,"href":"https:\/\/revolutionpadelstore.com\/fr\/wp-json\/wp\/v2\/comments?post=20993"}],"wp:featuredmedia":[{"embeddable":true,"href":"https:\/\/revolutionpadelstore.com\/fr\/wp-json\/wp\/v2\/media\/53492"}],"wp:attachment":[{"href":"https:\/\/revolutionpadelstore.com\/fr\/wp-json\/wp\/v2\/media?parent=20993"}],"wp:term":[{"taxonomy":"acabado","embeddable":true,"href":"https:\/\/revolutionpadelstore.com\/fr\/wp-json\/wp\/v2\/acabado?post=20993"},{"taxonomy":"balance","embeddable":true,"href":"https:\/\/revolutionpadelstore.com\/fr\/wp-json\/wp\/v2\/balance?post=20993"},{"taxonomy":"dureza","embeddable":true,"href":"https:\/\/revolutionpadelstore.com\/fr\/wp-json\/wp\/v2\/dureza?post=20993"},{"taxonomy":"forma","embeddable":true,"href":"https:\/\/revolutionpadelstore.com\/fr\/wp-json\/wp\/v2\/forma?post=20993"},{"taxonomy":"jugador","embeddable":true,"href":"https:\/\/revolutionpadelstore.com\/fr\/wp-json\/wp\/v2\/jugador?post=20993"},{"taxonomy":"marca","embeddable":true,"href":"https:\/\/revolutionpadelstore.com\/fr\/wp-json\/wp\/v2\/marca?post=20993"},{"taxonomy":"nivel-de-juego","embeddable":true,"href":"https:\/\/revolutionpadelstore.com\/fr\/wp-json\/wp\/v2\/nivel-de-juego?post=20993"},{"taxonomy":"superficie","embeddable":true,"href":"https:\/\/revolutionpadelstore.com\/fr\/wp-json\/wp\/v2\/superficie?post=20993"},{"taxonomy":"tipo-de-juego","embeddable":true,"href":"https:\/\/revolutionpadelstore.com\/fr\/wp-json\/wp\/v2\/tipo-de-juego?post=20993"},{"taxonomy":"product_brand","embeddable":true,"href":"https:\/\/revolutionpadelstore.com\/fr\/wp-json\/wp\/v2\/product_brand?post=20993"},{"taxonomy":"product_cat","embeddable":true,"href":"https:\/\/revolutionpadelstore.com\/fr\/wp-json\/wp\/v2\/product_cat?post=20993"},{"taxonomy":"product_tag","embeddable":true,"href":"https:\/\/revolutionpadelstore.com\/fr\/wp-json\/wp\/v2\/product_tag?post=20993"}],"curies":[{"name":"wp","href":"https:\/\/api.w.org\/{rel}","templated":true}]}}