{"id":20683,"date":"2024-03-13T12:15:04","date_gmt":"2024-03-13T11:15:04","guid":{"rendered":"https:\/\/revolutionpadelstore.com\/pala-adidas-metalbone-youth-3-2-junior-2023\/"},"modified":"2024-10-15T04:09:19","modified_gmt":"2024-10-15T02:09:19","slug":"pala-adidas-metalbone-youth-3-2-junior-2023","status":"publish","type":"product","link":"https:\/\/revolutionpadelstore.com\/fr\/produit\/pala-adidas-metalbone-youth-3-2-junior-2023\/","title":{"rendered":"PALA ADIDAS METALBONE YOUTH 3.2 JUNIOR 2023"},"content":{"rendered":"<h2>Initiez votre enfant au monde du paddle-tennis avec le nouveau Metalbone Youth 3.2<\/h2>\n<p><strong>Adidas<\/strong> pr\u00e9sente dans la <strong>nouvelle collection 2023<\/strong> en pensant \u00e0 son public le plus jeune, la <strong>Metalbone Youth 3.2<\/strong>, une tige en forme de losange em&gt;oversize<\/strong>. em&gt;<\/strong>, avec lequel les piliers de ce sport seront renforc\u00e9s d\u00e8s le d\u00e9but. De plus, l&#8217;\u00e9quilibre \u00e9lev\u00e9 et le sweet spot situ\u00e9 sur la t\u00eate apporteront une puissance in\u00e9gal\u00e9e \u00e0 chaque coup.<\/p>\n<p>Comme il est con\u00e7u pour le <strong>jeune public<\/strong>, il a \u00e9t\u00e9 con\u00e7u en tenant compte de la <strong>l\u00e9g\u00e8ret\u00e9<\/strong> comme l&#8217;un des points les plus importants. Son poids se situe donc entre <strong>330 et 345g<\/strong>. Cette raquette offre une <strong>mobilit\u00e9 imbattable<\/strong>, elle est l\u00e9g\u00e8re et avec elle le <strong>jeu sera tr\u00e8s dynamique et agile<\/strong>.<\/p>\n<h3>Une raquette de padel pour les d\u00e9butants au niveau d&#8217;un niveau avanc\u00e9<\/h3>\n<p>De m\u00eame, il poss\u00e8de une surface en verre combin\u00e9e au caoutchouc Soft Performance EVA de faible densit\u00e9, qui offre un plus grand confort et une plus grande facilit\u00e9 de jeu. &gt;. Les services seront plus pr\u00e9cis.<\/p>\n<p>Le cadre, comme la surface, est compos\u00e9 de<strong>fibre de verre<\/strong>, un tissu doux au toucher qui apporte \u00e9lasticit\u00e9 et flexibilit\u00e9 \u00e0 la raquette, permettant d&#8217;obtenir un excellent rendement de balle.<\/p>\n<h3>Con\u00e7u sp\u00e9cialement pour les plus petits<\/h3>\n<p>Le <strong>Metalbone Youth<\/strong> <strong>3.2 <\/strong> permet \u00e9galement une excellente flexibilit\u00e9 de jeu, car il int\u00e8gre la <strong><em>Smart Holes Curve<\/em><\/strong>, qui permettra vous surprenez \u00e0 la fois vos adversaires et les spectateurs avec vos premiers lay-ups et les effets que produit la balle lorsqu&#8217;elle tombe sur le terrain.<\/p>\n<p>Comme on le retrouve \u00e9galement dans sa version pour adultes, ce mod\u00e8le int\u00e8gre la technologie <strong>Structure Octogonale<\/em><\/strong>, caract\u00e9ristique de cette ligne Adidas. Gr\u00e2ce \u00e0 cela, les coups auront une puissance suppl\u00e9mentaire et seront beaucoup plus meurtriers sur le terrain.<\/p>\n<p>Quant \u00e0 son <strong>design ext\u00e9rieur<\/strong>, il pr\u00e9sente le logo blanc dessin\u00e9 en grandes dimensions le long du corps de la raquette, avec la base en noir, ce qui ne laisse aucun doute sur le fait qu&#8217;il s&#8217;agit d&#8217;une <strong>pelle Adidas. <\/strong>.<\/p>\n<p>Procurez-vous d\u00e8s maintenant la nouvelle raquette Metalbone Youth 3.2 et commencez \u00e0 profiter des joies de ce sport avec votre enfant !<\/p>\n<h2>Inicia a tu hijo en el mundo del p\u00e1del con la nueva Metalbone Youth 3.2<\/h2>\n","protected":false},"excerpt":{"rendered":"<p>Ne manquez pas l&#8217;occasion de vous lancer dans le monde du paddle-tennis avec la raquette Adidas Metalbone Team Youth con\u00e7ue pour les enfants ! Votre jeu sera dynamique et agile.<\/p>\n","protected":false},"featured_media":1060,"comment_status":"open","ping_status":"closed","template":"","meta":{"_acf_changed":false,"_joinchat":[]},"acabado":[],"balance":[],"dureza":[],"forma":[],"jugador":[],"marca":[],"nivel-de-juego":[],"superficie":[],"tipo-de-juego":[],"product_brand":[],"product_cat":[],"product_tag":[],"class_list":{"0":"post-20683","1":"product","2":"type-product","3":"status-publish","4":"has-post-thumbnail","7":"first","8":"outofstock","9":"sale","10":"taxable","11":"shipping-taxable","12":"purchasable","13":"product-type-simple"},"acf":[],"yoast_head":"<!-- This site is optimized with the Yoast SEO plugin v27.3 - https:\/\/yoast.com\/product\/yoast-seo-wordpress\/ -->\n<title>PALA ADIDAS METALBONE YOUTH 3.2 JUNIOR 2023 - Revolution Padel Store<\/title>\n<meta name=\"description\" content=\"\u00a1Hazte ya con la\u00a0nueva Pala Metalbone Youth 3.2\u00a0y empieza a\u00a0disfrutar con tu hijo\u00a0de las alegr\u00edas que da este deporte!\" \/>\n<meta name=\"robots\" content=\"index, follow, max-snippet:-1, max-image-preview:large, max-video-preview:-1\" \/>\n<link rel=\"canonical\" href=\"https:\/\/revolutionpadelstore.com\/fr\/produit\/pala-adidas-metalbone-youth-3-2-junior-2023\/\" \/>\n<meta property=\"og:locale\" content=\"fr_FR\" \/>\n<meta property=\"og:type\" content=\"article\" \/>\n<meta property=\"og:title\" content=\"ADIDAS METALBONE YOUTH 3.2 JUNIOR 2023\" \/>\n<meta property=\"og:description\" content=\"\u00a1No pierdas la oportunidad de iniciarte en el mundo del p\u00e1del con la pala Metalbone Team Youth de Adidas dise\u00f1ada para ni\u00f1os! Tu juego ser\u00e1 din\u00e1mico y \u00e1gil.\" \/>\n<meta property=\"og:url\" content=\"https:\/\/revolutionpadelstore.com\/fr\/produit\/pala-adidas-metalbone-youth-3-2-junior-2023\/\" \/>\n<meta property=\"og:site_name\" content=\"Revolution Padel Store\" \/>\n<meta property=\"article:modified_time\" content=\"2024-10-15T02:09:19+00:00\" \/>\n<meta property=\"og:image\" content=\"https:\/\/revolutionpadelstore.com\/wp-content\/uploads\/2024\/03\/adidas_metalbone_youth_32_rk4aa1u22_junior_32317_1_747e.webp\" \/>\n\t<meta property=\"og:image:width\" content=\"1200\" \/>\n\t<meta property=\"og:image:height\" content=\"1200\" \/>\n\t<meta property=\"og:image:type\" content=\"image\/webp\" \/>\n<meta name=\"twitter:card\" content=\"summary_large_image\" \/>\n<meta name=\"twitter:label1\" content=\"Dur\u00e9e de lecture estim\u00e9e\" \/>\n\t<meta name=\"twitter:data1\" content=\"2 minutes\" \/>\n<script type=\"application\/ld+json\" class=\"yoast-schema-graph\">{\"@context\":\"https:\\\/\\\/schema.org\",\"@graph\":[{\"@type\":\"WebPage\",\"@id\":\"https:\\\/\\\/revolutionpadelstore.com\\\/fr\\\/produit\\\/pala-adidas-metalbone-youth-3-2-junior-2023\\\/\",\"url\":\"https:\\\/\\\/revolutionpadelstore.com\\\/fr\\\/produit\\\/pala-adidas-metalbone-youth-3-2-junior-2023\\\/\",\"name\":\"PALA ADIDAS METALBONE YOUTH 3.2 JUNIOR 2023 - Revolution Padel Store\",\"isPartOf\":{\"@id\":\"https:\\\/\\\/revolutionpadelstore.com\\\/fr\\\/#website\"},\"primaryImageOfPage\":{\"@id\":\"https:\\\/\\\/revolutionpadelstore.com\\\/fr\\\/produit\\\/pala-adidas-metalbone-youth-3-2-junior-2023\\\/#primaryimage\"},\"image\":{\"@id\":\"https:\\\/\\\/revolutionpadelstore.com\\\/fr\\\/produit\\\/pala-adidas-metalbone-youth-3-2-junior-2023\\\/#primaryimage\"},\"thumbnailUrl\":\"https:\\\/\\\/revolutionpadelstore.com\\\/wp-content\\\/uploads\\\/2024\\\/03\\\/adidas_metalbone_youth_32_rk4aa1u22_junior_32317_1_747e.webp\",\"datePublished\":\"2024-03-13T11:15:04+00:00\",\"dateModified\":\"2024-10-15T02:09:19+00:00\",\"description\":\"\u00a1Hazte ya con la\u00a0nueva Pala Metalbone Youth 3.2\u00a0y empieza a\u00a0disfrutar con tu hijo\u00a0de las alegr\u00edas que da este deporte!\",\"breadcrumb\":{\"@id\":\"https:\\\/\\\/revolutionpadelstore.com\\\/fr\\\/produit\\\/pala-adidas-metalbone-youth-3-2-junior-2023\\\/#breadcrumb\"},\"inLanguage\":\"fr-FR\",\"potentialAction\":[{\"@type\":\"ReadAction\",\"target\":[\"https:\\\/\\\/revolutionpadelstore.com\\\/fr\\\/produit\\\/pala-adidas-metalbone-youth-3-2-junior-2023\\\/\"]}]},{\"@type\":\"ImageObject\",\"inLanguage\":\"fr-FR\",\"@id\":\"https:\\\/\\\/revolutionpadelstore.com\\\/fr\\\/produit\\\/pala-adidas-metalbone-youth-3-2-junior-2023\\\/#primaryimage\",\"url\":\"https:\\\/\\\/revolutionpadelstore.com\\\/wp-content\\\/uploads\\\/2024\\\/03\\\/adidas_metalbone_youth_32_rk4aa1u22_junior_32317_1_747e.webp\",\"contentUrl\":\"https:\\\/\\\/revolutionpadelstore.com\\\/wp-content\\\/uploads\\\/2024\\\/03\\\/adidas_metalbone_youth_32_rk4aa1u22_junior_32317_1_747e.webp\",\"width\":1200,\"height\":1200,\"caption\":\"ADIDAS METALBONE YOUTH 3.2 JUNIOR 2023\"},{\"@type\":\"BreadcrumbList\",\"@id\":\"https:\\\/\\\/revolutionpadelstore.com\\\/fr\\\/produit\\\/pala-adidas-metalbone-youth-3-2-junior-2023\\\/#breadcrumb\",\"itemListElement\":[{\"@type\":\"ListItem\",\"position\":1,\"name\":\"Portada\",\"item\":\"https:\\\/\\\/revolutionpadelstore.com\\\/fr\\\/\"},{\"@type\":\"ListItem\",\"position\":2,\"name\":\"Boutique\",\"item\":\"https:\\\/\\\/revolutionpadelstore.com\\\/fr\\\/tienda\\\/\"},{\"@type\":\"ListItem\",\"position\":3,\"name\":\"PALA ADIDAS METALBONE YOUTH 3.2 JUNIOR 2023\"}]},{\"@type\":\"WebSite\",\"@id\":\"https:\\\/\\\/revolutionpadelstore.com\\\/fr\\\/#website\",\"url\":\"https:\\\/\\\/revolutionpadelstore.com\\\/fr\\\/\",\"name\":\"Revolution Padel Store\",\"description\":\"\",\"publisher\":{\"@id\":\"https:\\\/\\\/revolutionpadelstore.com\\\/fr\\\/#organization\"},\"potentialAction\":[{\"@type\":\"SearchAction\",\"target\":{\"@type\":\"EntryPoint\",\"urlTemplate\":\"https:\\\/\\\/revolutionpadelstore.com\\\/fr\\\/?s={search_term_string}\"},\"query-input\":{\"@type\":\"PropertyValueSpecification\",\"valueRequired\":true,\"valueName\":\"search_term_string\"}}],\"inLanguage\":\"fr-FR\"},{\"@type\":\"Organization\",\"@id\":\"https:\\\/\\\/revolutionpadelstore.com\\\/fr\\\/#organization\",\"name\":\"Revolution Padel Store\",\"url\":\"https:\\\/\\\/revolutionpadelstore.com\\\/fr\\\/\",\"logo\":{\"@type\":\"ImageObject\",\"inLanguage\":\"fr-FR\",\"@id\":\"https:\\\/\\\/revolutionpadelstore.com\\\/fr\\\/#\\\/schema\\\/logo\\\/image\\\/\",\"url\":\"https:\\\/\\\/revolutionpadelstore.com\\\/wp-content\\\/uploads\\\/2026\\\/02\\\/revolution-padel-store.jpg\",\"contentUrl\":\"https:\\\/\\\/revolutionpadelstore.com\\\/wp-content\\\/uploads\\\/2026\\\/02\\\/revolution-padel-store.jpg\",\"width\":2000,\"height\":2000,\"caption\":\"Revolution Padel Store\"},\"image\":{\"@id\":\"https:\\\/\\\/revolutionpadelstore.com\\\/fr\\\/#\\\/schema\\\/logo\\\/image\\\/\"},\"sameAs\":[\"https:\\\/\\\/www.instagram.com\\\/revolutionpadelstore\\\/\"]}]}<\/script>\n<!-- \/ Yoast SEO plugin. -->","yoast_head_json":{"title":"PALA ADIDAS METALBONE YOUTH 3.2 JUNIOR 2023 - Revolution Padel Store","description":"\u00a1Hazte ya con la\u00a0nueva Pala Metalbone Youth 3.2\u00a0y empieza a\u00a0disfrutar con tu hijo\u00a0de las alegr\u00edas que da este deporte!","robots":{"index":"index","follow":"follow","max-snippet":"max-snippet:-1","max-image-preview":"max-image-preview:large","max-video-preview":"max-video-preview:-1"},"canonical":"https:\/\/revolutionpadelstore.com\/fr\/produit\/pala-adidas-metalbone-youth-3-2-junior-2023\/","og_locale":"fr_FR","og_type":"article","og_title":"ADIDAS METALBONE YOUTH 3.2 JUNIOR 2023","og_description":"\u00a1No pierdas la oportunidad de iniciarte en el mundo del p\u00e1del con la pala Metalbone Team Youth de Adidas dise\u00f1ada para ni\u00f1os! Tu juego ser\u00e1 din\u00e1mico y \u00e1gil.","og_url":"https:\/\/revolutionpadelstore.com\/fr\/produit\/pala-adidas-metalbone-youth-3-2-junior-2023\/","og_site_name":"Revolution Padel Store","article_modified_time":"2024-10-15T02:09:19+00:00","og_image":[{"width":1200,"height":1200,"url":"https:\/\/revolutionpadelstore.com\/wp-content\/uploads\/2024\/03\/adidas_metalbone_youth_32_rk4aa1u22_junior_32317_1_747e.webp","type":"image\/webp"}],"twitter_card":"summary_large_image","twitter_misc":{"Dur\u00e9e de lecture estim\u00e9e":"2 minutes"},"schema":{"@context":"https:\/\/schema.org","@graph":[{"@type":"WebPage","@id":"https:\/\/revolutionpadelstore.com\/fr\/produit\/pala-adidas-metalbone-youth-3-2-junior-2023\/","url":"https:\/\/revolutionpadelstore.com\/fr\/produit\/pala-adidas-metalbone-youth-3-2-junior-2023\/","name":"PALA ADIDAS METALBONE YOUTH 3.2 JUNIOR 2023 - Revolution Padel Store","isPartOf":{"@id":"https:\/\/revolutionpadelstore.com\/fr\/#website"},"primaryImageOfPage":{"@id":"https:\/\/revolutionpadelstore.com\/fr\/produit\/pala-adidas-metalbone-youth-3-2-junior-2023\/#primaryimage"},"image":{"@id":"https:\/\/revolutionpadelstore.com\/fr\/produit\/pala-adidas-metalbone-youth-3-2-junior-2023\/#primaryimage"},"thumbnailUrl":"https:\/\/revolutionpadelstore.com\/wp-content\/uploads\/2024\/03\/adidas_metalbone_youth_32_rk4aa1u22_junior_32317_1_747e.webp","datePublished":"2024-03-13T11:15:04+00:00","dateModified":"2024-10-15T02:09:19+00:00","description":"\u00a1Hazte ya con la\u00a0nueva Pala Metalbone Youth 3.2\u00a0y empieza a\u00a0disfrutar con tu hijo\u00a0de las alegr\u00edas que da este deporte!","breadcrumb":{"@id":"https:\/\/revolutionpadelstore.com\/fr\/produit\/pala-adidas-metalbone-youth-3-2-junior-2023\/#breadcrumb"},"inLanguage":"fr-FR","potentialAction":[{"@type":"ReadAction","target":["https:\/\/revolutionpadelstore.com\/fr\/produit\/pala-adidas-metalbone-youth-3-2-junior-2023\/"]}]},{"@type":"ImageObject","inLanguage":"fr-FR","@id":"https:\/\/revolutionpadelstore.com\/fr\/produit\/pala-adidas-metalbone-youth-3-2-junior-2023\/#primaryimage","url":"https:\/\/revolutionpadelstore.com\/wp-content\/uploads\/2024\/03\/adidas_metalbone_youth_32_rk4aa1u22_junior_32317_1_747e.webp","contentUrl":"https:\/\/revolutionpadelstore.com\/wp-content\/uploads\/2024\/03\/adidas_metalbone_youth_32_rk4aa1u22_junior_32317_1_747e.webp","width":1200,"height":1200,"caption":"ADIDAS METALBONE YOUTH 3.2 JUNIOR 2023"},{"@type":"BreadcrumbList","@id":"https:\/\/revolutionpadelstore.com\/fr\/produit\/pala-adidas-metalbone-youth-3-2-junior-2023\/#breadcrumb","itemListElement":[{"@type":"ListItem","position":1,"name":"Portada","item":"https:\/\/revolutionpadelstore.com\/fr\/"},{"@type":"ListItem","position":2,"name":"Boutique","item":"https:\/\/revolutionpadelstore.com\/fr\/tienda\/"},{"@type":"ListItem","position":3,"name":"PALA ADIDAS METALBONE YOUTH 3.2 JUNIOR 2023"}]},{"@type":"WebSite","@id":"https:\/\/revolutionpadelstore.com\/fr\/#website","url":"https:\/\/revolutionpadelstore.com\/fr\/","name":"Revolution Padel Store","description":"","publisher":{"@id":"https:\/\/revolutionpadelstore.com\/fr\/#organization"},"potentialAction":[{"@type":"SearchAction","target":{"@type":"EntryPoint","urlTemplate":"https:\/\/revolutionpadelstore.com\/fr\/?s={search_term_string}"},"query-input":{"@type":"PropertyValueSpecification","valueRequired":true,"valueName":"search_term_string"}}],"inLanguage":"fr-FR"},{"@type":"Organization","@id":"https:\/\/revolutionpadelstore.com\/fr\/#organization","name":"Revolution Padel Store","url":"https:\/\/revolutionpadelstore.com\/fr\/","logo":{"@type":"ImageObject","inLanguage":"fr-FR","@id":"https:\/\/revolutionpadelstore.com\/fr\/#\/schema\/logo\/image\/","url":"https:\/\/revolutionpadelstore.com\/wp-content\/uploads\/2026\/02\/revolution-padel-store.jpg","contentUrl":"https:\/\/revolutionpadelstore.com\/wp-content\/uploads\/2026\/02\/revolution-padel-store.jpg","width":2000,"height":2000,"caption":"Revolution Padel Store"},"image":{"@id":"https:\/\/revolutionpadelstore.com\/fr\/#\/schema\/logo\/image\/"},"sameAs":["https:\/\/www.instagram.com\/revolutionpadelstore\/"]}]}},"_links":{"self":[{"href":"https:\/\/revolutionpadelstore.com\/fr\/wp-json\/wp\/v2\/product\/20683","targetHints":{"allow":["GET"]}}],"collection":[{"href":"https:\/\/revolutionpadelstore.com\/fr\/wp-json\/wp\/v2\/product"}],"about":[{"href":"https:\/\/revolutionpadelstore.com\/fr\/wp-json\/wp\/v2\/types\/product"}],"replies":[{"embeddable":true,"href":"https:\/\/revolutionpadelstore.com\/fr\/wp-json\/wp\/v2\/comments?post=20683"}],"wp:featuredmedia":[{"embeddable":true,"href":"https:\/\/revolutionpadelstore.com\/fr\/wp-json\/wp\/v2\/media\/1060"}],"wp:attachment":[{"href":"https:\/\/revolutionpadelstore.com\/fr\/wp-json\/wp\/v2\/media?parent=20683"}],"wp:term":[{"taxonomy":"acabado","embeddable":true,"href":"https:\/\/revolutionpadelstore.com\/fr\/wp-json\/wp\/v2\/acabado?post=20683"},{"taxonomy":"balance","embeddable":true,"href":"https:\/\/revolutionpadelstore.com\/fr\/wp-json\/wp\/v2\/balance?post=20683"},{"taxonomy":"dureza","embeddable":true,"href":"https:\/\/revolutionpadelstore.com\/fr\/wp-json\/wp\/v2\/dureza?post=20683"},{"taxonomy":"forma","embeddable":true,"href":"https:\/\/revolutionpadelstore.com\/fr\/wp-json\/wp\/v2\/forma?post=20683"},{"taxonomy":"jugador","embeddable":true,"href":"https:\/\/revolutionpadelstore.com\/fr\/wp-json\/wp\/v2\/jugador?post=20683"},{"taxonomy":"marca","embeddable":true,"href":"https:\/\/revolutionpadelstore.com\/fr\/wp-json\/wp\/v2\/marca?post=20683"},{"taxonomy":"nivel-de-juego","embeddable":true,"href":"https:\/\/revolutionpadelstore.com\/fr\/wp-json\/wp\/v2\/nivel-de-juego?post=20683"},{"taxonomy":"superficie","embeddable":true,"href":"https:\/\/revolutionpadelstore.com\/fr\/wp-json\/wp\/v2\/superficie?post=20683"},{"taxonomy":"tipo-de-juego","embeddable":true,"href":"https:\/\/revolutionpadelstore.com\/fr\/wp-json\/wp\/v2\/tipo-de-juego?post=20683"},{"taxonomy":"product_brand","embeddable":true,"href":"https:\/\/revolutionpadelstore.com\/fr\/wp-json\/wp\/v2\/product_brand?post=20683"},{"taxonomy":"product_cat","embeddable":true,"href":"https:\/\/revolutionpadelstore.com\/fr\/wp-json\/wp\/v2\/product_cat?post=20683"},{"taxonomy":"product_tag","embeddable":true,"href":"https:\/\/revolutionpadelstore.com\/fr\/wp-json\/wp\/v2\/product_tag?post=20683"}],"curies":[{"name":"wp","href":"https:\/\/api.w.org\/{rel}","templated":true}]}}