{"id":206404,"date":"2025-03-11T16:53:44","date_gmt":"2025-03-11T15:53:44","guid":{"rendered":"https:\/\/revolutionpadelstore.com\/pack-3-uds-calcetin-bullpadel-bp252\/"},"modified":"2026-04-08T05:52:13","modified_gmt":"2026-04-08T03:52:13","slug":"pack-3-uds-calcetin-bullpadel-bp252-3","status":"publish","type":"product","link":"https:\/\/revolutionpadelstore.com\/fr\/produit\/pack-3-uds-calcetin-bullpadel-bp252-3\/","title":{"rendered":"PACK 3 UDS CALCETIN BULLPADEL BP252"},"content":{"rendered":"<h2> Pack 3 unit\u00e9s. Bullpadel BP252 &#8211; Comfort et performance sur la piste <\/h2>\n<p>Le pack <strong> de 3 unit\u00e9s. Bullpadel BP252 <\/strong> est le compl\u00e9ment parfait aux joueurs \u00e0 la recherche de <strong> confort, soumission et respirabilit\u00e9 <\/strong> dans chaque jeu. Fabriqu\u00e9 avec une combinaison de <strong> coton et polyamide \u00e9lastique <\/strong>, ces chaussettes offrent un ajustement optimal, en \u00e9vitant les glissements de terrain et garantissant une grande durabilit\u00e9. Son design \u00e9lev\u00e9 offre un soutien suppl\u00e9mentaire sur la cheville, id\u00e9al pour une formation intense et des comp\u00e9titions.<\/p>\n<h2> Caract\u00e9ristiques principales: <\/h2>\n<p> &#8211; Composition premium: 80% de coton, 15% de polyamide, 3% Elast\u00e1n, 2% Elastodiieno.<br \/>\n-Pack de 3 paires de chaussettes de base de haute qualit\u00e9.<br \/>\n-Assurement gr\u00e2ce \u00e0 votre mat\u00e9riau \u00e9lastique.<br \/>\n-Acts la respirabilit\u00e9, en \u00e9vitant l&#8217;accumulation d&#8217;humidit\u00e9.<br \/>\n-Ideal pour les pagayeurs et autres sports, offrant du confort et de la r\u00e9sistance. <\/p>\n<p>Ne laissez pas certaines chaussettes inappropri\u00e9es affecter votre jeu. <strong> Choisissez la qualit\u00e9 et le confort avec Bullpadel <\/strong>.<\/p>\n<p><strong> Achetez maintenant dans notre boutique en ligne <\/strong> &lt;a href = &quot;https:\/\/chatgpt.com\/g\/g-675432e02688191b6ee6d6f2fdbb15e-optimization-textos\/c\/www.revolutionpadelstore.com&quot;. <\/strong><\/p>\n","protected":false},"excerpt":{"rendered":"<p>Jeu de 3 paires de chaussettes Bullpadel BP252, fabriqu\u00e9es avec une combinaison de coton et de polyamide pour offrir un plus grand confort et une plus grande flexibilit\u00e9 pendant le jeu.<\/p>\n","protected":false},"featured_media":206399,"comment_status":"open","ping_status":"closed","template":"","meta":{"_acf_changed":false,"_joinchat":[]},"acabado":[],"balance":[],"dureza":[],"forma":[],"jugador":[1202],"marca":[1257],"nivel-de-juego":[],"superficie":[],"tipo-de-juego":[],"product_brand":[],"product_cat":[344],"product_tag":[],"class_list":{"0":"post-206404","1":"product","2":"type-product","3":"status-publish","4":"has-post-thumbnail","6":"jugador-polivalente-fr","7":"marca-bullpadel-fr","8":"product_cat-ropa-fr","10":"first","11":"outofstock","12":"sale","13":"taxable","14":"shipping-taxable","15":"purchasable","16":"product-type-simple"},"acf":[],"yoast_head":"<!-- This site is optimized with the Yoast SEO plugin v27.4 - https:\/\/yoast.com\/product\/yoast-seo-wordpress\/ -->\n<title>PACK 3 UDS CALCETIN BULLPADEL BP252 - Revolution Padel Store<\/title>\n<meta name=\"description\" content=\"Compra el Pack de 3 Uds. Calcet\u00edn Bullpadel BP252 y disfruta de confort, sujeci\u00f3n y transpirabilidad en cada partido. \u00a1Disponible en www.revolutionpadelstore.com al mejor precio!\" \/>\n<meta name=\"robots\" content=\"index, follow, max-snippet:-1, max-image-preview:large, max-video-preview:-1\" \/>\n<link rel=\"canonical\" href=\"https:\/\/revolutionpadelstore.com\/fr\/produit\/pack-3-uds-calcetin-bullpadel-bp252-3\/\" \/>\n<meta property=\"og:locale\" content=\"fr_FR\" \/>\n<meta property=\"og:type\" content=\"article\" \/>\n<meta property=\"og:title\" content=\"PACK 3 UDS CALCETIN BULLPADEL BP252 - Revolution Padel Store\" \/>\n<meta property=\"og:description\" content=\"Compra el Pack de 3 Uds. Calcet\u00edn Bullpadel BP252 y disfruta de confort, sujeci\u00f3n y transpirabilidad en cada partido. \u00a1Disponible en www.revolutionpadelstore.com al mejor precio!\" \/>\n<meta property=\"og:url\" content=\"https:\/\/revolutionpadelstore.com\/fr\/produit\/pack-3-uds-calcetin-bullpadel-bp252-3\/\" \/>\n<meta property=\"og:site_name\" content=\"Revolution Padel Store\" \/>\n<meta property=\"article:modified_time\" content=\"2026-04-08T03:52:13+00:00\" \/>\n<meta property=\"og:image\" content=\"https:\/\/revolutionpadelstore.com\/wp-content\/uploads\/2025\/03\/113874-pack-3-uds-calcetin-bullpadel-bp252-1200x1200-1.webp\" \/>\n\t<meta property=\"og:image:width\" content=\"1200\" \/>\n\t<meta property=\"og:image:height\" content=\"1200\" \/>\n\t<meta property=\"og:image:type\" content=\"image\/webp\" \/>\n<meta name=\"twitter:card\" content=\"summary_large_image\" \/>\n<meta name=\"twitter:label1\" content=\"Dur\u00e9e de lecture estim\u00e9e\" \/>\n\t<meta name=\"twitter:data1\" content=\"1 minute\" \/>\n<script type=\"application\/ld+json\" class=\"yoast-schema-graph\">{\"@context\":\"https:\\\/\\\/schema.org\",\"@graph\":[{\"@type\":\"WebPage\",\"@id\":\"https:\\\/\\\/revolutionpadelstore.com\\\/fr\\\/produit\\\/pack-3-uds-calcetin-bullpadel-bp252-3\\\/\",\"url\":\"https:\\\/\\\/revolutionpadelstore.com\\\/fr\\\/produit\\\/pack-3-uds-calcetin-bullpadel-bp252-3\\\/\",\"name\":\"PACK 3 UDS CALCETIN BULLPADEL BP252 - Revolution Padel Store\",\"isPartOf\":{\"@id\":\"https:\\\/\\\/revolutionpadelstore.com\\\/fr\\\/#website\"},\"primaryImageOfPage\":{\"@id\":\"https:\\\/\\\/revolutionpadelstore.com\\\/fr\\\/produit\\\/pack-3-uds-calcetin-bullpadel-bp252-3\\\/#primaryimage\"},\"image\":{\"@id\":\"https:\\\/\\\/revolutionpadelstore.com\\\/fr\\\/produit\\\/pack-3-uds-calcetin-bullpadel-bp252-3\\\/#primaryimage\"},\"thumbnailUrl\":\"https:\\\/\\\/revolutionpadelstore.com\\\/wp-content\\\/uploads\\\/2025\\\/03\\\/113874-pack-3-uds-calcetin-bullpadel-bp252-1200x1200-1.webp\",\"datePublished\":\"2025-03-11T15:53:44+00:00\",\"dateModified\":\"2026-04-08T03:52:13+00:00\",\"description\":\"Compra el Pack de 3 Uds. Calcet\u00edn Bullpadel BP252 y disfruta de confort, sujeci\u00f3n y transpirabilidad en cada partido. \u00a1Disponible en www.revolutionpadelstore.com al mejor precio!\",\"breadcrumb\":{\"@id\":\"https:\\\/\\\/revolutionpadelstore.com\\\/fr\\\/produit\\\/pack-3-uds-calcetin-bullpadel-bp252-3\\\/#breadcrumb\"},\"inLanguage\":\"fr-FR\",\"potentialAction\":[{\"@type\":\"ReadAction\",\"target\":[\"https:\\\/\\\/revolutionpadelstore.com\\\/fr\\\/produit\\\/pack-3-uds-calcetin-bullpadel-bp252-3\\\/\"]}]},{\"@type\":\"ImageObject\",\"inLanguage\":\"fr-FR\",\"@id\":\"https:\\\/\\\/revolutionpadelstore.com\\\/fr\\\/produit\\\/pack-3-uds-calcetin-bullpadel-bp252-3\\\/#primaryimage\",\"url\":\"https:\\\/\\\/revolutionpadelstore.com\\\/wp-content\\\/uploads\\\/2025\\\/03\\\/113874-pack-3-uds-calcetin-bullpadel-bp252-1200x1200-1.webp\",\"contentUrl\":\"https:\\\/\\\/revolutionpadelstore.com\\\/wp-content\\\/uploads\\\/2025\\\/03\\\/113874-pack-3-uds-calcetin-bullpadel-bp252-1200x1200-1.webp\",\"width\":1200,\"height\":1200},{\"@type\":\"BreadcrumbList\",\"@id\":\"https:\\\/\\\/revolutionpadelstore.com\\\/fr\\\/produit\\\/pack-3-uds-calcetin-bullpadel-bp252-3\\\/#breadcrumb\",\"itemListElement\":[{\"@type\":\"ListItem\",\"position\":1,\"name\":\"Portada\",\"item\":\"https:\\\/\\\/revolutionpadelstore.com\\\/fr\\\/\"},{\"@type\":\"ListItem\",\"position\":2,\"name\":\"Boutique\",\"item\":\"https:\\\/\\\/revolutionpadelstore.com\\\/fr\\\/tienda\\\/\"},{\"@type\":\"ListItem\",\"position\":3,\"name\":\"PACK 3 UDS CALCETIN BULLPADEL BP252\"}]},{\"@type\":\"WebSite\",\"@id\":\"https:\\\/\\\/revolutionpadelstore.com\\\/fr\\\/#website\",\"url\":\"https:\\\/\\\/revolutionpadelstore.com\\\/fr\\\/\",\"name\":\"Revolution Padel Store\",\"description\":\"\",\"publisher\":{\"@id\":\"https:\\\/\\\/revolutionpadelstore.com\\\/fr\\\/#organization\"},\"potentialAction\":[{\"@type\":\"SearchAction\",\"target\":{\"@type\":\"EntryPoint\",\"urlTemplate\":\"https:\\\/\\\/revolutionpadelstore.com\\\/fr\\\/?s={search_term_string}\"},\"query-input\":{\"@type\":\"PropertyValueSpecification\",\"valueRequired\":true,\"valueName\":\"search_term_string\"}}],\"inLanguage\":\"fr-FR\"},{\"@type\":\"Organization\",\"@id\":\"https:\\\/\\\/revolutionpadelstore.com\\\/fr\\\/#organization\",\"name\":\"Revolution Padel Store\",\"url\":\"https:\\\/\\\/revolutionpadelstore.com\\\/fr\\\/\",\"logo\":{\"@type\":\"ImageObject\",\"inLanguage\":\"fr-FR\",\"@id\":\"https:\\\/\\\/revolutionpadelstore.com\\\/fr\\\/#\\\/schema\\\/logo\\\/image\\\/\",\"url\":\"https:\\\/\\\/revolutionpadelstore.com\\\/wp-content\\\/uploads\\\/2026\\\/02\\\/revolution-padel-store.jpg\",\"contentUrl\":\"https:\\\/\\\/revolutionpadelstore.com\\\/wp-content\\\/uploads\\\/2026\\\/02\\\/revolution-padel-store.jpg\",\"width\":2000,\"height\":2000,\"caption\":\"Revolution Padel Store\"},\"image\":{\"@id\":\"https:\\\/\\\/revolutionpadelstore.com\\\/fr\\\/#\\\/schema\\\/logo\\\/image\\\/\"},\"sameAs\":[\"https:\\\/\\\/www.instagram.com\\\/revolutionpadelstore\\\/\"]}]}<\/script>\n<!-- \/ Yoast SEO plugin. -->","yoast_head_json":{"title":"PACK 3 UDS CALCETIN BULLPADEL BP252 - Revolution Padel Store","description":"Compra el Pack de 3 Uds. Calcet\u00edn Bullpadel BP252 y disfruta de confort, sujeci\u00f3n y transpirabilidad en cada partido. \u00a1Disponible en www.revolutionpadelstore.com al mejor precio!","robots":{"index":"index","follow":"follow","max-snippet":"max-snippet:-1","max-image-preview":"max-image-preview:large","max-video-preview":"max-video-preview:-1"},"canonical":"https:\/\/revolutionpadelstore.com\/fr\/produit\/pack-3-uds-calcetin-bullpadel-bp252-3\/","og_locale":"fr_FR","og_type":"article","og_title":"PACK 3 UDS CALCETIN BULLPADEL BP252 - Revolution Padel Store","og_description":"Compra el Pack de 3 Uds. Calcet\u00edn Bullpadel BP252 y disfruta de confort, sujeci\u00f3n y transpirabilidad en cada partido. \u00a1Disponible en www.revolutionpadelstore.com al mejor precio!","og_url":"https:\/\/revolutionpadelstore.com\/fr\/produit\/pack-3-uds-calcetin-bullpadel-bp252-3\/","og_site_name":"Revolution Padel Store","article_modified_time":"2026-04-08T03:52:13+00:00","og_image":[{"width":1200,"height":1200,"url":"https:\/\/revolutionpadelstore.com\/wp-content\/uploads\/2025\/03\/113874-pack-3-uds-calcetin-bullpadel-bp252-1200x1200-1.webp","type":"image\/webp"}],"twitter_card":"summary_large_image","twitter_misc":{"Dur\u00e9e de lecture estim\u00e9e":"1 minute"},"schema":{"@context":"https:\/\/schema.org","@graph":[{"@type":"WebPage","@id":"https:\/\/revolutionpadelstore.com\/fr\/produit\/pack-3-uds-calcetin-bullpadel-bp252-3\/","url":"https:\/\/revolutionpadelstore.com\/fr\/produit\/pack-3-uds-calcetin-bullpadel-bp252-3\/","name":"PACK 3 UDS CALCETIN BULLPADEL BP252 - Revolution Padel Store","isPartOf":{"@id":"https:\/\/revolutionpadelstore.com\/fr\/#website"},"primaryImageOfPage":{"@id":"https:\/\/revolutionpadelstore.com\/fr\/produit\/pack-3-uds-calcetin-bullpadel-bp252-3\/#primaryimage"},"image":{"@id":"https:\/\/revolutionpadelstore.com\/fr\/produit\/pack-3-uds-calcetin-bullpadel-bp252-3\/#primaryimage"},"thumbnailUrl":"https:\/\/revolutionpadelstore.com\/wp-content\/uploads\/2025\/03\/113874-pack-3-uds-calcetin-bullpadel-bp252-1200x1200-1.webp","datePublished":"2025-03-11T15:53:44+00:00","dateModified":"2026-04-08T03:52:13+00:00","description":"Compra el Pack de 3 Uds. Calcet\u00edn Bullpadel BP252 y disfruta de confort, sujeci\u00f3n y transpirabilidad en cada partido. \u00a1Disponible en www.revolutionpadelstore.com al mejor precio!","breadcrumb":{"@id":"https:\/\/revolutionpadelstore.com\/fr\/produit\/pack-3-uds-calcetin-bullpadel-bp252-3\/#breadcrumb"},"inLanguage":"fr-FR","potentialAction":[{"@type":"ReadAction","target":["https:\/\/revolutionpadelstore.com\/fr\/produit\/pack-3-uds-calcetin-bullpadel-bp252-3\/"]}]},{"@type":"ImageObject","inLanguage":"fr-FR","@id":"https:\/\/revolutionpadelstore.com\/fr\/produit\/pack-3-uds-calcetin-bullpadel-bp252-3\/#primaryimage","url":"https:\/\/revolutionpadelstore.com\/wp-content\/uploads\/2025\/03\/113874-pack-3-uds-calcetin-bullpadel-bp252-1200x1200-1.webp","contentUrl":"https:\/\/revolutionpadelstore.com\/wp-content\/uploads\/2025\/03\/113874-pack-3-uds-calcetin-bullpadel-bp252-1200x1200-1.webp","width":1200,"height":1200},{"@type":"BreadcrumbList","@id":"https:\/\/revolutionpadelstore.com\/fr\/produit\/pack-3-uds-calcetin-bullpadel-bp252-3\/#breadcrumb","itemListElement":[{"@type":"ListItem","position":1,"name":"Portada","item":"https:\/\/revolutionpadelstore.com\/fr\/"},{"@type":"ListItem","position":2,"name":"Boutique","item":"https:\/\/revolutionpadelstore.com\/fr\/tienda\/"},{"@type":"ListItem","position":3,"name":"PACK 3 UDS CALCETIN BULLPADEL BP252"}]},{"@type":"WebSite","@id":"https:\/\/revolutionpadelstore.com\/fr\/#website","url":"https:\/\/revolutionpadelstore.com\/fr\/","name":"Revolution Padel Store","description":"","publisher":{"@id":"https:\/\/revolutionpadelstore.com\/fr\/#organization"},"potentialAction":[{"@type":"SearchAction","target":{"@type":"EntryPoint","urlTemplate":"https:\/\/revolutionpadelstore.com\/fr\/?s={search_term_string}"},"query-input":{"@type":"PropertyValueSpecification","valueRequired":true,"valueName":"search_term_string"}}],"inLanguage":"fr-FR"},{"@type":"Organization","@id":"https:\/\/revolutionpadelstore.com\/fr\/#organization","name":"Revolution Padel Store","url":"https:\/\/revolutionpadelstore.com\/fr\/","logo":{"@type":"ImageObject","inLanguage":"fr-FR","@id":"https:\/\/revolutionpadelstore.com\/fr\/#\/schema\/logo\/image\/","url":"https:\/\/revolutionpadelstore.com\/wp-content\/uploads\/2026\/02\/revolution-padel-store.jpg","contentUrl":"https:\/\/revolutionpadelstore.com\/wp-content\/uploads\/2026\/02\/revolution-padel-store.jpg","width":2000,"height":2000,"caption":"Revolution Padel Store"},"image":{"@id":"https:\/\/revolutionpadelstore.com\/fr\/#\/schema\/logo\/image\/"},"sameAs":["https:\/\/www.instagram.com\/revolutionpadelstore\/"]}]}},"_links":{"self":[{"href":"https:\/\/revolutionpadelstore.com\/fr\/wp-json\/wp\/v2\/product\/206404","targetHints":{"allow":["GET"]}}],"collection":[{"href":"https:\/\/revolutionpadelstore.com\/fr\/wp-json\/wp\/v2\/product"}],"about":[{"href":"https:\/\/revolutionpadelstore.com\/fr\/wp-json\/wp\/v2\/types\/product"}],"replies":[{"embeddable":true,"href":"https:\/\/revolutionpadelstore.com\/fr\/wp-json\/wp\/v2\/comments?post=206404"}],"wp:featuredmedia":[{"embeddable":true,"href":"https:\/\/revolutionpadelstore.com\/fr\/wp-json\/wp\/v2\/media\/206399"}],"wp:attachment":[{"href":"https:\/\/revolutionpadelstore.com\/fr\/wp-json\/wp\/v2\/media?parent=206404"}],"wp:term":[{"taxonomy":"acabado","embeddable":true,"href":"https:\/\/revolutionpadelstore.com\/fr\/wp-json\/wp\/v2\/acabado?post=206404"},{"taxonomy":"balance","embeddable":true,"href":"https:\/\/revolutionpadelstore.com\/fr\/wp-json\/wp\/v2\/balance?post=206404"},{"taxonomy":"dureza","embeddable":true,"href":"https:\/\/revolutionpadelstore.com\/fr\/wp-json\/wp\/v2\/dureza?post=206404"},{"taxonomy":"forma","embeddable":true,"href":"https:\/\/revolutionpadelstore.com\/fr\/wp-json\/wp\/v2\/forma?post=206404"},{"taxonomy":"jugador","embeddable":true,"href":"https:\/\/revolutionpadelstore.com\/fr\/wp-json\/wp\/v2\/jugador?post=206404"},{"taxonomy":"marca","embeddable":true,"href":"https:\/\/revolutionpadelstore.com\/fr\/wp-json\/wp\/v2\/marca?post=206404"},{"taxonomy":"nivel-de-juego","embeddable":true,"href":"https:\/\/revolutionpadelstore.com\/fr\/wp-json\/wp\/v2\/nivel-de-juego?post=206404"},{"taxonomy":"superficie","embeddable":true,"href":"https:\/\/revolutionpadelstore.com\/fr\/wp-json\/wp\/v2\/superficie?post=206404"},{"taxonomy":"tipo-de-juego","embeddable":true,"href":"https:\/\/revolutionpadelstore.com\/fr\/wp-json\/wp\/v2\/tipo-de-juego?post=206404"},{"taxonomy":"product_brand","embeddable":true,"href":"https:\/\/revolutionpadelstore.com\/fr\/wp-json\/wp\/v2\/product_brand?post=206404"},{"taxonomy":"product_cat","embeddable":true,"href":"https:\/\/revolutionpadelstore.com\/fr\/wp-json\/wp\/v2\/product_cat?post=206404"},{"taxonomy":"product_tag","embeddable":true,"href":"https:\/\/revolutionpadelstore.com\/fr\/wp-json\/wp\/v2\/product_tag?post=206404"}],"curies":[{"name":"wp","href":"https:\/\/api.w.org\/{rel}","templated":true}]}}