{"id":206391,"date":"2025-03-06T22:22:33","date_gmt":"2025-03-06T21:22:33","guid":{"rendered":"https:\/\/revolutionpadelstore.com\/mochila-head-coello-pro-x-padel-backpack-30l\/"},"modified":"2026-04-08T05:56:00","modified_gmt":"2026-04-08T03:56:00","slug":"mochila-head-coello-pro-x-padel-backpack-30l-3","status":"publish","type":"product","link":"https:\/\/revolutionpadelstore.com\/fr\/produit\/mochila-head-coello-pro-x-padel-backpack-30l-3\/","title":{"rendered":"MOCHILA HEAD COELLO PRO X PADEL BACKPACK 30L"},"content":{"rendered":"<p>&lt;Il<br \/>\nDe la piste \u00e0 la ville, transportez votre \u00e9quipement avec le <strong> sac \u00e0 dos coello <\/strong>, une pi\u00e8ce de conception exclusive qui fait partie de la <strong> collection Arturo Coello <\/strong>, le num\u00e9ro 1 au monde. Cr\u00e9\u00e9e en collaboration avec le \u00abKing Arturo\u00bb, ce sac \u00e0 dos combine <strong> \u00e9l\u00e9gance, fonctionnalit\u00e9 et durabilit\u00e9 <\/strong>, devenant l&#8217;option id\u00e9ale pour les joueurs \u00e0 la recherche du meilleur dans les moindres d\u00e9tails.<\/p>\n<h2> <strong> Design premium avec un toucher personnalis\u00e9 <\/strong> <\/h2>\n<p>&lt;p style = &quot;padding-left: 40px;&quot;<br \/>\n&lt;p style = &quot;padding-left: 40px;&quot;<br \/>\n&lt;P style = &quot;padding-left: 40px;&quot;<br \/>\n&lt;P style = &quot;padding-left: 40px;&quot;<br \/>\n&lt;P style = &quot;padding-left: 40px;&quot;<\/p>\n<h2> <strong> Fonctionnalit\u00e9 maximale pour quotidien <\/strong> <\/h2>\n<p>&lt;P style = &quot;padding-left: 40px;&quot;<br \/>\n&lt;P style = &quot;padding-left: 40px;&quot;<br \/>\n&lt;p style = &quot;padding-left: 40px;&quot;<br \/>\n<P> <strong> &#8211; Compartiom de chaussures ind\u00e9pendantes<\/p>\n<p style=\"padding-left: 40px\"> <strong> &#8211; Mesh de la bouteille<br \/>\n&lt;p style = &quot;padding-left: 40px;&quot;<\/p>\n<p><H2> <strong> Paddle Sac \u00e0 dos pour les vrais fans d&#8217;Arturo Coello <\/strong> <\/h2>\n<p>Si vous recherchez un sac \u00e0 dos <strong> \u00e9l\u00e9gant, pratique et \u00e0 paddle \u00e9lev\u00e9, le <strong> pro x packpack Padel <\/strong> est votre meilleure option. Disponible dans <strong> notre boutique en ligne <a href=\"http:\/\/www.revolutionpadelstore.com\/\"> www.revolutionpadelstore.com <\/a> <\/strong>, o\u00f9 vous trouverez probablement le meilleur prix de march\u00e9. Emportez-le avec vous et jouez avec le style du num\u00e9ro 1!<\/p>\n<h2><strong>MOCHILA COELLO PRO X PADEL BACKPACK \u2013 Exclusividad y Estilo del \u2018Rey Arturo\u2019<\/strong><\/p>\n","protected":false},"excerpt":{"rendered":"<p>De la piste \u00e0 la ville, transportez votre \u00e9quipement avec le <strong> sac \u00e0 dos coello <\/strong>, une pi\u00e8ce de conception exclusive qui fait partie de la <strong> collection Arturo Coello <\/strong>, le num\u00e9ro 1 au monde.<strong>mochila COELLO PRO X PADEL BACKPACK<\/strong><\/p>\n","protected":false},"featured_media":198718,"comment_status":"open","ping_status":"closed","template":"","meta":{"_acf_changed":false,"_joinchat":[]},"acabado":[],"balance":[],"dureza":[],"forma":[],"jugador":[],"marca":[1222],"nivel-de-juego":[],"superficie":[],"tipo-de-juego":[],"product_brand":[],"product_cat":[320],"product_tag":[],"class_list":{"0":"post-206391","1":"product","2":"type-product","3":"status-publish","4":"has-post-thumbnail","6":"marca-tete","7":"product_cat-sacs","9":"first","10":"outofstock","11":"sale","12":"taxable","13":"shipping-taxable","14":"purchasable","15":"product-type-simple"},"acf":[],"yoast_head":"<!-- This site is optimized with the Yoast SEO plugin v27.4 - https:\/\/yoast.com\/product\/yoast-seo-wordpress\/ -->\n<title>MOCHILA HEAD COELLO PRO X PADEL BACKPACK 30L - Revolution Padel Store<\/title>\n<meta name=\"description\" content=\"Descubre la exclusiva COELLO PRO X PADEL BACKPACK de HEAD, dise\u00f1ada con Arturo Coello. Estilo premium, funcionalidad y materiales sostenibles. \u00a1Cons\u00edguela en www.revolutionpadelstore.com al mejor precio!\" \/>\n<meta name=\"robots\" content=\"index, follow, max-snippet:-1, max-image-preview:large, max-video-preview:-1\" \/>\n<link rel=\"canonical\" href=\"https:\/\/revolutionpadelstore.com\/fr\/produit\/mochila-head-coello-pro-x-padel-backpack-30l-3\/\" \/>\n<meta property=\"og:locale\" content=\"fr_FR\" \/>\n<meta property=\"og:type\" content=\"article\" \/>\n<meta property=\"og:title\" content=\"MOCHILA HEAD COELLO PRO X PADEL BACKPACK 30L - Revolution Padel Store\" \/>\n<meta property=\"og:description\" content=\"Descubre la exclusiva COELLO PRO X PADEL BACKPACK de HEAD, dise\u00f1ada con Arturo Coello. Estilo premium, funcionalidad y materiales sostenibles. \u00a1Cons\u00edguela en www.revolutionpadelstore.com al mejor precio!\" \/>\n<meta property=\"og:url\" content=\"https:\/\/revolutionpadelstore.com\/fr\/produit\/mochila-head-coello-pro-x-padel-backpack-30l-3\/\" \/>\n<meta property=\"og:site_name\" content=\"Revolution Padel Store\" \/>\n<meta property=\"article:modified_time\" content=\"2026-04-08T03:56:00+00:00\" \/>\n<meta property=\"og:image\" content=\"https:\/\/revolutionpadelstore.com\/wp-content\/uploads\/2025\/03\/510142.jpg\" \/>\n\t<meta property=\"og:image:width\" content=\"1000\" \/>\n\t<meta property=\"og:image:height\" content=\"1000\" \/>\n\t<meta property=\"og:image:type\" content=\"image\/jpeg\" \/>\n<meta name=\"twitter:card\" content=\"summary_large_image\" \/>\n<meta name=\"twitter:label1\" content=\"Dur\u00e9e de lecture estim\u00e9e\" \/>\n\t<meta name=\"twitter:data1\" content=\"2 minutes\" \/>\n<script type=\"application\/ld+json\" class=\"yoast-schema-graph\">{\"@context\":\"https:\\\/\\\/schema.org\",\"@graph\":[{\"@type\":\"WebPage\",\"@id\":\"https:\\\/\\\/revolutionpadelstore.com\\\/fr\\\/produit\\\/mochila-head-coello-pro-x-padel-backpack-30l-3\\\/\",\"url\":\"https:\\\/\\\/revolutionpadelstore.com\\\/fr\\\/produit\\\/mochila-head-coello-pro-x-padel-backpack-30l-3\\\/\",\"name\":\"MOCHILA HEAD COELLO PRO X PADEL BACKPACK 30L - Revolution Padel Store\",\"isPartOf\":{\"@id\":\"https:\\\/\\\/revolutionpadelstore.com\\\/fr\\\/#website\"},\"primaryImageOfPage\":{\"@id\":\"https:\\\/\\\/revolutionpadelstore.com\\\/fr\\\/produit\\\/mochila-head-coello-pro-x-padel-backpack-30l-3\\\/#primaryimage\"},\"image\":{\"@id\":\"https:\\\/\\\/revolutionpadelstore.com\\\/fr\\\/produit\\\/mochila-head-coello-pro-x-padel-backpack-30l-3\\\/#primaryimage\"},\"thumbnailUrl\":\"https:\\\/\\\/revolutionpadelstore.com\\\/wp-content\\\/uploads\\\/2025\\\/03\\\/510142.jpg\",\"datePublished\":\"2025-03-06T21:22:33+00:00\",\"dateModified\":\"2026-04-08T03:56:00+00:00\",\"description\":\"Descubre la exclusiva COELLO PRO X PADEL BACKPACK de HEAD, dise\u00f1ada con Arturo Coello. Estilo premium, funcionalidad y materiales sostenibles. \u00a1Cons\u00edguela en www.revolutionpadelstore.com al mejor precio!\",\"breadcrumb\":{\"@id\":\"https:\\\/\\\/revolutionpadelstore.com\\\/fr\\\/produit\\\/mochila-head-coello-pro-x-padel-backpack-30l-3\\\/#breadcrumb\"},\"inLanguage\":\"fr-FR\",\"potentialAction\":[{\"@type\":\"ReadAction\",\"target\":[\"https:\\\/\\\/revolutionpadelstore.com\\\/fr\\\/produit\\\/mochila-head-coello-pro-x-padel-backpack-30l-3\\\/\"]}]},{\"@type\":\"ImageObject\",\"inLanguage\":\"fr-FR\",\"@id\":\"https:\\\/\\\/revolutionpadelstore.com\\\/fr\\\/produit\\\/mochila-head-coello-pro-x-padel-backpack-30l-3\\\/#primaryimage\",\"url\":\"https:\\\/\\\/revolutionpadelstore.com\\\/wp-content\\\/uploads\\\/2025\\\/03\\\/510142.jpg\",\"contentUrl\":\"https:\\\/\\\/revolutionpadelstore.com\\\/wp-content\\\/uploads\\\/2025\\\/03\\\/510142.jpg\",\"width\":1000,\"height\":1000},{\"@type\":\"BreadcrumbList\",\"@id\":\"https:\\\/\\\/revolutionpadelstore.com\\\/fr\\\/produit\\\/mochila-head-coello-pro-x-padel-backpack-30l-3\\\/#breadcrumb\",\"itemListElement\":[{\"@type\":\"ListItem\",\"position\":1,\"name\":\"Portada\",\"item\":\"https:\\\/\\\/revolutionpadelstore.com\\\/fr\\\/\"},{\"@type\":\"ListItem\",\"position\":2,\"name\":\"Boutique\",\"item\":\"https:\\\/\\\/revolutionpadelstore.com\\\/fr\\\/tienda\\\/\"},{\"@type\":\"ListItem\",\"position\":3,\"name\":\"MOCHILA HEAD COELLO PRO X PADEL BACKPACK 30L\"}]},{\"@type\":\"WebSite\",\"@id\":\"https:\\\/\\\/revolutionpadelstore.com\\\/fr\\\/#website\",\"url\":\"https:\\\/\\\/revolutionpadelstore.com\\\/fr\\\/\",\"name\":\"Revolution Padel Store\",\"description\":\"\",\"publisher\":{\"@id\":\"https:\\\/\\\/revolutionpadelstore.com\\\/fr\\\/#organization\"},\"potentialAction\":[{\"@type\":\"SearchAction\",\"target\":{\"@type\":\"EntryPoint\",\"urlTemplate\":\"https:\\\/\\\/revolutionpadelstore.com\\\/fr\\\/?s={search_term_string}\"},\"query-input\":{\"@type\":\"PropertyValueSpecification\",\"valueRequired\":true,\"valueName\":\"search_term_string\"}}],\"inLanguage\":\"fr-FR\"},{\"@type\":\"Organization\",\"@id\":\"https:\\\/\\\/revolutionpadelstore.com\\\/fr\\\/#organization\",\"name\":\"Revolution Padel Store\",\"url\":\"https:\\\/\\\/revolutionpadelstore.com\\\/fr\\\/\",\"logo\":{\"@type\":\"ImageObject\",\"inLanguage\":\"fr-FR\",\"@id\":\"https:\\\/\\\/revolutionpadelstore.com\\\/fr\\\/#\\\/schema\\\/logo\\\/image\\\/\",\"url\":\"https:\\\/\\\/revolutionpadelstore.com\\\/wp-content\\\/uploads\\\/2026\\\/02\\\/revolution-padel-store.jpg\",\"contentUrl\":\"https:\\\/\\\/revolutionpadelstore.com\\\/wp-content\\\/uploads\\\/2026\\\/02\\\/revolution-padel-store.jpg\",\"width\":2000,\"height\":2000,\"caption\":\"Revolution Padel Store\"},\"image\":{\"@id\":\"https:\\\/\\\/revolutionpadelstore.com\\\/fr\\\/#\\\/schema\\\/logo\\\/image\\\/\"},\"sameAs\":[\"https:\\\/\\\/www.instagram.com\\\/revolutionpadelstore\\\/\"]}]}<\/script>\n<!-- \/ Yoast SEO plugin. -->","yoast_head_json":{"title":"MOCHILA HEAD COELLO PRO X PADEL BACKPACK 30L - Revolution Padel Store","description":"Descubre la exclusiva COELLO PRO X PADEL BACKPACK de HEAD, dise\u00f1ada con Arturo Coello. Estilo premium, funcionalidad y materiales sostenibles. \u00a1Cons\u00edguela en www.revolutionpadelstore.com al mejor precio!","robots":{"index":"index","follow":"follow","max-snippet":"max-snippet:-1","max-image-preview":"max-image-preview:large","max-video-preview":"max-video-preview:-1"},"canonical":"https:\/\/revolutionpadelstore.com\/fr\/produit\/mochila-head-coello-pro-x-padel-backpack-30l-3\/","og_locale":"fr_FR","og_type":"article","og_title":"MOCHILA HEAD COELLO PRO X PADEL BACKPACK 30L - Revolution Padel Store","og_description":"Descubre la exclusiva COELLO PRO X PADEL BACKPACK de HEAD, dise\u00f1ada con Arturo Coello. Estilo premium, funcionalidad y materiales sostenibles. \u00a1Cons\u00edguela en www.revolutionpadelstore.com al mejor precio!","og_url":"https:\/\/revolutionpadelstore.com\/fr\/produit\/mochila-head-coello-pro-x-padel-backpack-30l-3\/","og_site_name":"Revolution Padel Store","article_modified_time":"2026-04-08T03:56:00+00:00","og_image":[{"width":1000,"height":1000,"url":"https:\/\/revolutionpadelstore.com\/wp-content\/uploads\/2025\/03\/510142.jpg","type":"image\/jpeg"}],"twitter_card":"summary_large_image","twitter_misc":{"Dur\u00e9e de lecture estim\u00e9e":"2 minutes"},"schema":{"@context":"https:\/\/schema.org","@graph":[{"@type":"WebPage","@id":"https:\/\/revolutionpadelstore.com\/fr\/produit\/mochila-head-coello-pro-x-padel-backpack-30l-3\/","url":"https:\/\/revolutionpadelstore.com\/fr\/produit\/mochila-head-coello-pro-x-padel-backpack-30l-3\/","name":"MOCHILA HEAD COELLO PRO X PADEL BACKPACK 30L - Revolution Padel Store","isPartOf":{"@id":"https:\/\/revolutionpadelstore.com\/fr\/#website"},"primaryImageOfPage":{"@id":"https:\/\/revolutionpadelstore.com\/fr\/produit\/mochila-head-coello-pro-x-padel-backpack-30l-3\/#primaryimage"},"image":{"@id":"https:\/\/revolutionpadelstore.com\/fr\/produit\/mochila-head-coello-pro-x-padel-backpack-30l-3\/#primaryimage"},"thumbnailUrl":"https:\/\/revolutionpadelstore.com\/wp-content\/uploads\/2025\/03\/510142.jpg","datePublished":"2025-03-06T21:22:33+00:00","dateModified":"2026-04-08T03:56:00+00:00","description":"Descubre la exclusiva COELLO PRO X PADEL BACKPACK de HEAD, dise\u00f1ada con Arturo Coello. Estilo premium, funcionalidad y materiales sostenibles. \u00a1Cons\u00edguela en www.revolutionpadelstore.com al mejor precio!","breadcrumb":{"@id":"https:\/\/revolutionpadelstore.com\/fr\/produit\/mochila-head-coello-pro-x-padel-backpack-30l-3\/#breadcrumb"},"inLanguage":"fr-FR","potentialAction":[{"@type":"ReadAction","target":["https:\/\/revolutionpadelstore.com\/fr\/produit\/mochila-head-coello-pro-x-padel-backpack-30l-3\/"]}]},{"@type":"ImageObject","inLanguage":"fr-FR","@id":"https:\/\/revolutionpadelstore.com\/fr\/produit\/mochila-head-coello-pro-x-padel-backpack-30l-3\/#primaryimage","url":"https:\/\/revolutionpadelstore.com\/wp-content\/uploads\/2025\/03\/510142.jpg","contentUrl":"https:\/\/revolutionpadelstore.com\/wp-content\/uploads\/2025\/03\/510142.jpg","width":1000,"height":1000},{"@type":"BreadcrumbList","@id":"https:\/\/revolutionpadelstore.com\/fr\/produit\/mochila-head-coello-pro-x-padel-backpack-30l-3\/#breadcrumb","itemListElement":[{"@type":"ListItem","position":1,"name":"Portada","item":"https:\/\/revolutionpadelstore.com\/fr\/"},{"@type":"ListItem","position":2,"name":"Boutique","item":"https:\/\/revolutionpadelstore.com\/fr\/tienda\/"},{"@type":"ListItem","position":3,"name":"MOCHILA HEAD COELLO PRO X PADEL BACKPACK 30L"}]},{"@type":"WebSite","@id":"https:\/\/revolutionpadelstore.com\/fr\/#website","url":"https:\/\/revolutionpadelstore.com\/fr\/","name":"Revolution Padel Store","description":"","publisher":{"@id":"https:\/\/revolutionpadelstore.com\/fr\/#organization"},"potentialAction":[{"@type":"SearchAction","target":{"@type":"EntryPoint","urlTemplate":"https:\/\/revolutionpadelstore.com\/fr\/?s={search_term_string}"},"query-input":{"@type":"PropertyValueSpecification","valueRequired":true,"valueName":"search_term_string"}}],"inLanguage":"fr-FR"},{"@type":"Organization","@id":"https:\/\/revolutionpadelstore.com\/fr\/#organization","name":"Revolution Padel Store","url":"https:\/\/revolutionpadelstore.com\/fr\/","logo":{"@type":"ImageObject","inLanguage":"fr-FR","@id":"https:\/\/revolutionpadelstore.com\/fr\/#\/schema\/logo\/image\/","url":"https:\/\/revolutionpadelstore.com\/wp-content\/uploads\/2026\/02\/revolution-padel-store.jpg","contentUrl":"https:\/\/revolutionpadelstore.com\/wp-content\/uploads\/2026\/02\/revolution-padel-store.jpg","width":2000,"height":2000,"caption":"Revolution Padel Store"},"image":{"@id":"https:\/\/revolutionpadelstore.com\/fr\/#\/schema\/logo\/image\/"},"sameAs":["https:\/\/www.instagram.com\/revolutionpadelstore\/"]}]}},"_links":{"self":[{"href":"https:\/\/revolutionpadelstore.com\/fr\/wp-json\/wp\/v2\/product\/206391","targetHints":{"allow":["GET"]}}],"collection":[{"href":"https:\/\/revolutionpadelstore.com\/fr\/wp-json\/wp\/v2\/product"}],"about":[{"href":"https:\/\/revolutionpadelstore.com\/fr\/wp-json\/wp\/v2\/types\/product"}],"replies":[{"embeddable":true,"href":"https:\/\/revolutionpadelstore.com\/fr\/wp-json\/wp\/v2\/comments?post=206391"}],"wp:featuredmedia":[{"embeddable":true,"href":"https:\/\/revolutionpadelstore.com\/fr\/wp-json\/wp\/v2\/media\/198718"}],"wp:attachment":[{"href":"https:\/\/revolutionpadelstore.com\/fr\/wp-json\/wp\/v2\/media?parent=206391"}],"wp:term":[{"taxonomy":"acabado","embeddable":true,"href":"https:\/\/revolutionpadelstore.com\/fr\/wp-json\/wp\/v2\/acabado?post=206391"},{"taxonomy":"balance","embeddable":true,"href":"https:\/\/revolutionpadelstore.com\/fr\/wp-json\/wp\/v2\/balance?post=206391"},{"taxonomy":"dureza","embeddable":true,"href":"https:\/\/revolutionpadelstore.com\/fr\/wp-json\/wp\/v2\/dureza?post=206391"},{"taxonomy":"forma","embeddable":true,"href":"https:\/\/revolutionpadelstore.com\/fr\/wp-json\/wp\/v2\/forma?post=206391"},{"taxonomy":"jugador","embeddable":true,"href":"https:\/\/revolutionpadelstore.com\/fr\/wp-json\/wp\/v2\/jugador?post=206391"},{"taxonomy":"marca","embeddable":true,"href":"https:\/\/revolutionpadelstore.com\/fr\/wp-json\/wp\/v2\/marca?post=206391"},{"taxonomy":"nivel-de-juego","embeddable":true,"href":"https:\/\/revolutionpadelstore.com\/fr\/wp-json\/wp\/v2\/nivel-de-juego?post=206391"},{"taxonomy":"superficie","embeddable":true,"href":"https:\/\/revolutionpadelstore.com\/fr\/wp-json\/wp\/v2\/superficie?post=206391"},{"taxonomy":"tipo-de-juego","embeddable":true,"href":"https:\/\/revolutionpadelstore.com\/fr\/wp-json\/wp\/v2\/tipo-de-juego?post=206391"},{"taxonomy":"product_brand","embeddable":true,"href":"https:\/\/revolutionpadelstore.com\/fr\/wp-json\/wp\/v2\/product_brand?post=206391"},{"taxonomy":"product_cat","embeddable":true,"href":"https:\/\/revolutionpadelstore.com\/fr\/wp-json\/wp\/v2\/product_cat?post=206391"},{"taxonomy":"product_tag","embeddable":true,"href":"https:\/\/revolutionpadelstore.com\/fr\/wp-json\/wp\/v2\/product_tag?post=206391"}],"curies":[{"name":"wp","href":"https:\/\/api.w.org\/{rel}","templated":true}]}}