{"id":206385,"date":"2025-03-11T16:31:38","date_gmt":"2025-03-11T15:31:38","guid":{"rendered":"https:\/\/revolutionpadelstore.com\/overgrip-bullpadel-3-unidades-gb-1200-naranja\/"},"modified":"2026-04-08T05:52:34","modified_gmt":"2026-04-08T03:52:34","slug":"overgrip-bullpadel-3-unidades-gb-1200-naranja-3","status":"publish","type":"product","link":"https:\/\/revolutionpadelstore.com\/fr\/produit\/overgrip-bullpadel-3-unidades-gb-1200-naranja-3\/","title":{"rendered":"OVERGRIP BULLPADEL 3 UNIDADES GB-1200 NARANJA"},"content":{"rendered":"<h2> <strong> Surgrip Bullpadel GB-1200 (3 unit\u00e9s) -Orange <\/strong> <\/h2>\n<p>Am\u00e9liorez vos performances de piste avec <strong> surgrip Bullpadel GB-1200 <\/strong>, con\u00e7u pour offrir la meilleure adh\u00e9rence et confort dans chaque coup. Sa technologie de pointe r\u00e9duit les vibrations, offrant un amortissement suppl\u00e9mentaire qui minimise le risque de blessures au bras.<\/p>\n<h2> <strong> Caract\u00e9ristiques principales: <\/strong> <\/h2>\n<p><P> &#8211; R\u00e9duction des vibrations: absorbe l&#8217;impact d&#8217;un jeu plus confortable et s\u00fbr.<br \/>\n-Petimo: Mat\u00e9riau qui \u00e9vite de glisser et am\u00e9liore la sensation dans votre main.<br \/>\n-BOSTURE Absence: maintient la poign\u00e9e s\u00e8che m\u00eame dans les matchs les plus intenses.<br \/>\n-M\u00e9mordial d&#8217;\u00e9paisseur: ajustez la taille de la poign\u00e9e pour mieux s&#8217;adapter \u00e0 votre main.<br \/>\n-La durabilit\u00e9: fabriqu\u00e9e en polyur\u00e9thane d&#8217;une grande r\u00e9sistance pour une plus grande dur\u00e9e de vie utile. <\/p>\n<p>Id\u00e9al pour les joueurs \u00e0 la recherche de contr\u00f4le et de confort dans chaque coup, ce surgraphe de <strong> bullpadel <\/strong> garantit des performances optimales dans chaque jeu.<\/p>\n<p><strong> Obtenez le v\u00f4tre maintenant dans notre boutique en ligne!<\/p>\n<h2><strong>Overgrip Bullpadel GB-1200 (3 Unidades) \u2013 Naranja<\/strong><\/p>\n","protected":false},"excerpt":{"rendered":"<p>Le pack Bullpadel GB-1200 de 3 surpiance est con\u00e7u pour am\u00e9liorer la pelle et absorber efficacement la transpiration. Fabriqu\u00e9 avec du polyur\u00e9thane \u00e0 haute r\u00e9sistance, il garantit la durabilit\u00e9 et le confort pendant le jeu.<\/p>\n","protected":false},"featured_media":206380,"comment_status":"open","ping_status":"closed","template":"","meta":{"_acf_changed":false,"_joinchat":[]},"acabado":[],"balance":[],"dureza":[],"forma":[],"jugador":[],"marca":[1257],"nivel-de-juego":[],"superficie":[],"tipo-de-juego":[],"product_brand":[],"product_cat":[561],"product_tag":[],"class_list":{"0":"post-206385","1":"product","2":"type-product","3":"status-publish","4":"has-post-thumbnail","6":"marca-bullpadel-fr","7":"product_cat-accessoires","9":"first","10":"outofstock","11":"sale","12":"taxable","13":"shipping-taxable","14":"purchasable","15":"product-type-simple"},"acf":[],"yoast_head":"<!-- This site is optimized with the Yoast SEO plugin v27.4 - https:\/\/yoast.com\/product\/yoast-seo-wordpress\/ -->\n<title>OVERGRIP BULLPADEL 3 UNIDADES GB-1200 NARANJA - Revolution Padel Store<\/title>\n<meta name=\"description\" content=\"Mejora tu agarre y confort con el Overgrip Bullpadel GB-1200 (3 unidades) en color naranja. Reduce vibraciones, absorbe humedad y ofrece m\u00e1xima durabilidad. \u00a1Compra online al mejor precio!\" \/>\n<meta name=\"robots\" content=\"index, follow, max-snippet:-1, max-image-preview:large, max-video-preview:-1\" \/>\n<link rel=\"canonical\" href=\"https:\/\/revolutionpadelstore.com\/fr\/produit\/overgrip-bullpadel-3-unidades-gb-1200-naranja-3\/\" \/>\n<meta property=\"og:locale\" content=\"fr_FR\" \/>\n<meta property=\"og:type\" content=\"article\" \/>\n<meta property=\"og:title\" content=\"OVERGRIP BULLPADEL 3 UNIDADES GB-1200 NARANJA - Revolution Padel Store\" \/>\n<meta property=\"og:description\" content=\"Mejora tu agarre y confort con el Overgrip Bullpadel GB-1200 (3 unidades) en color naranja. Reduce vibraciones, absorbe humedad y ofrece m\u00e1xima durabilidad. \u00a1Compra online al mejor precio!\" \/>\n<meta property=\"og:url\" content=\"https:\/\/revolutionpadelstore.com\/fr\/produit\/overgrip-bullpadel-3-unidades-gb-1200-naranja-3\/\" \/>\n<meta property=\"og:site_name\" content=\"Revolution Padel Store\" \/>\n<meta property=\"article:modified_time\" content=\"2026-04-08T03:52:34+00:00\" \/>\n<meta property=\"og:image\" content=\"https:\/\/revolutionpadelstore.com\/wp-content\/uploads\/2025\/03\/13310_overgrip_3_unidades_gb_1200_529_naranja_fluor_450838_1500x1500_9237.webp\" \/>\n\t<meta property=\"og:image:width\" content=\"1500\" \/>\n\t<meta property=\"og:image:height\" content=\"1500\" \/>\n\t<meta property=\"og:image:type\" content=\"image\/webp\" \/>\n<meta name=\"twitter:card\" content=\"summary_large_image\" \/>\n<meta name=\"twitter:label1\" content=\"Dur\u00e9e de lecture estim\u00e9e\" \/>\n\t<meta name=\"twitter:data1\" content=\"1 minute\" \/>\n<script type=\"application\/ld+json\" class=\"yoast-schema-graph\">{\"@context\":\"https:\\\/\\\/schema.org\",\"@graph\":[{\"@type\":\"WebPage\",\"@id\":\"https:\\\/\\\/revolutionpadelstore.com\\\/fr\\\/produit\\\/overgrip-bullpadel-3-unidades-gb-1200-naranja-3\\\/\",\"url\":\"https:\\\/\\\/revolutionpadelstore.com\\\/fr\\\/produit\\\/overgrip-bullpadel-3-unidades-gb-1200-naranja-3\\\/\",\"name\":\"OVERGRIP BULLPADEL 3 UNIDADES GB-1200 NARANJA - Revolution Padel Store\",\"isPartOf\":{\"@id\":\"https:\\\/\\\/revolutionpadelstore.com\\\/fr\\\/#website\"},\"primaryImageOfPage\":{\"@id\":\"https:\\\/\\\/revolutionpadelstore.com\\\/fr\\\/produit\\\/overgrip-bullpadel-3-unidades-gb-1200-naranja-3\\\/#primaryimage\"},\"image\":{\"@id\":\"https:\\\/\\\/revolutionpadelstore.com\\\/fr\\\/produit\\\/overgrip-bullpadel-3-unidades-gb-1200-naranja-3\\\/#primaryimage\"},\"thumbnailUrl\":\"https:\\\/\\\/revolutionpadelstore.com\\\/wp-content\\\/uploads\\\/2025\\\/03\\\/13310_overgrip_3_unidades_gb_1200_529_naranja_fluor_450838_1500x1500_9237.webp\",\"datePublished\":\"2025-03-11T15:31:38+00:00\",\"dateModified\":\"2026-04-08T03:52:34+00:00\",\"description\":\"Mejora tu agarre y confort con el Overgrip Bullpadel GB-1200 (3 unidades) en color naranja. Reduce vibraciones, absorbe humedad y ofrece m\u00e1xima durabilidad. \u00a1Compra online al mejor precio!\",\"breadcrumb\":{\"@id\":\"https:\\\/\\\/revolutionpadelstore.com\\\/fr\\\/produit\\\/overgrip-bullpadel-3-unidades-gb-1200-naranja-3\\\/#breadcrumb\"},\"inLanguage\":\"fr-FR\",\"potentialAction\":[{\"@type\":\"ReadAction\",\"target\":[\"https:\\\/\\\/revolutionpadelstore.com\\\/fr\\\/produit\\\/overgrip-bullpadel-3-unidades-gb-1200-naranja-3\\\/\"]}]},{\"@type\":\"ImageObject\",\"inLanguage\":\"fr-FR\",\"@id\":\"https:\\\/\\\/revolutionpadelstore.com\\\/fr\\\/produit\\\/overgrip-bullpadel-3-unidades-gb-1200-naranja-3\\\/#primaryimage\",\"url\":\"https:\\\/\\\/revolutionpadelstore.com\\\/wp-content\\\/uploads\\\/2025\\\/03\\\/13310_overgrip_3_unidades_gb_1200_529_naranja_fluor_450838_1500x1500_9237.webp\",\"contentUrl\":\"https:\\\/\\\/revolutionpadelstore.com\\\/wp-content\\\/uploads\\\/2025\\\/03\\\/13310_overgrip_3_unidades_gb_1200_529_naranja_fluor_450838_1500x1500_9237.webp\",\"width\":1500,\"height\":1500},{\"@type\":\"BreadcrumbList\",\"@id\":\"https:\\\/\\\/revolutionpadelstore.com\\\/fr\\\/produit\\\/overgrip-bullpadel-3-unidades-gb-1200-naranja-3\\\/#breadcrumb\",\"itemListElement\":[{\"@type\":\"ListItem\",\"position\":1,\"name\":\"Portada\",\"item\":\"https:\\\/\\\/revolutionpadelstore.com\\\/fr\\\/\"},{\"@type\":\"ListItem\",\"position\":2,\"name\":\"Boutique\",\"item\":\"https:\\\/\\\/revolutionpadelstore.com\\\/fr\\\/tienda\\\/\"},{\"@type\":\"ListItem\",\"position\":3,\"name\":\"OVERGRIP BULLPADEL 3 UNIDADES GB-1200 NARANJA\"}]},{\"@type\":\"WebSite\",\"@id\":\"https:\\\/\\\/revolutionpadelstore.com\\\/fr\\\/#website\",\"url\":\"https:\\\/\\\/revolutionpadelstore.com\\\/fr\\\/\",\"name\":\"Revolution Padel Store\",\"description\":\"\",\"publisher\":{\"@id\":\"https:\\\/\\\/revolutionpadelstore.com\\\/fr\\\/#organization\"},\"potentialAction\":[{\"@type\":\"SearchAction\",\"target\":{\"@type\":\"EntryPoint\",\"urlTemplate\":\"https:\\\/\\\/revolutionpadelstore.com\\\/fr\\\/?s={search_term_string}\"},\"query-input\":{\"@type\":\"PropertyValueSpecification\",\"valueRequired\":true,\"valueName\":\"search_term_string\"}}],\"inLanguage\":\"fr-FR\"},{\"@type\":\"Organization\",\"@id\":\"https:\\\/\\\/revolutionpadelstore.com\\\/fr\\\/#organization\",\"name\":\"Revolution Padel Store\",\"url\":\"https:\\\/\\\/revolutionpadelstore.com\\\/fr\\\/\",\"logo\":{\"@type\":\"ImageObject\",\"inLanguage\":\"fr-FR\",\"@id\":\"https:\\\/\\\/revolutionpadelstore.com\\\/fr\\\/#\\\/schema\\\/logo\\\/image\\\/\",\"url\":\"https:\\\/\\\/revolutionpadelstore.com\\\/wp-content\\\/uploads\\\/2026\\\/02\\\/revolution-padel-store.jpg\",\"contentUrl\":\"https:\\\/\\\/revolutionpadelstore.com\\\/wp-content\\\/uploads\\\/2026\\\/02\\\/revolution-padel-store.jpg\",\"width\":2000,\"height\":2000,\"caption\":\"Revolution Padel Store\"},\"image\":{\"@id\":\"https:\\\/\\\/revolutionpadelstore.com\\\/fr\\\/#\\\/schema\\\/logo\\\/image\\\/\"},\"sameAs\":[\"https:\\\/\\\/www.instagram.com\\\/revolutionpadelstore\\\/\"]}]}<\/script>\n<!-- \/ Yoast SEO plugin. -->","yoast_head_json":{"title":"OVERGRIP BULLPADEL 3 UNIDADES GB-1200 NARANJA - Revolution Padel Store","description":"Mejora tu agarre y confort con el Overgrip Bullpadel GB-1200 (3 unidades) en color naranja. Reduce vibraciones, absorbe humedad y ofrece m\u00e1xima durabilidad. \u00a1Compra online al mejor precio!","robots":{"index":"index","follow":"follow","max-snippet":"max-snippet:-1","max-image-preview":"max-image-preview:large","max-video-preview":"max-video-preview:-1"},"canonical":"https:\/\/revolutionpadelstore.com\/fr\/produit\/overgrip-bullpadel-3-unidades-gb-1200-naranja-3\/","og_locale":"fr_FR","og_type":"article","og_title":"OVERGRIP BULLPADEL 3 UNIDADES GB-1200 NARANJA - Revolution Padel Store","og_description":"Mejora tu agarre y confort con el Overgrip Bullpadel GB-1200 (3 unidades) en color naranja. Reduce vibraciones, absorbe humedad y ofrece m\u00e1xima durabilidad. \u00a1Compra online al mejor precio!","og_url":"https:\/\/revolutionpadelstore.com\/fr\/produit\/overgrip-bullpadel-3-unidades-gb-1200-naranja-3\/","og_site_name":"Revolution Padel Store","article_modified_time":"2026-04-08T03:52:34+00:00","og_image":[{"width":1500,"height":1500,"url":"https:\/\/revolutionpadelstore.com\/wp-content\/uploads\/2025\/03\/13310_overgrip_3_unidades_gb_1200_529_naranja_fluor_450838_1500x1500_9237.webp","type":"image\/webp"}],"twitter_card":"summary_large_image","twitter_misc":{"Dur\u00e9e de lecture estim\u00e9e":"1 minute"},"schema":{"@context":"https:\/\/schema.org","@graph":[{"@type":"WebPage","@id":"https:\/\/revolutionpadelstore.com\/fr\/produit\/overgrip-bullpadel-3-unidades-gb-1200-naranja-3\/","url":"https:\/\/revolutionpadelstore.com\/fr\/produit\/overgrip-bullpadel-3-unidades-gb-1200-naranja-3\/","name":"OVERGRIP BULLPADEL 3 UNIDADES GB-1200 NARANJA - Revolution Padel Store","isPartOf":{"@id":"https:\/\/revolutionpadelstore.com\/fr\/#website"},"primaryImageOfPage":{"@id":"https:\/\/revolutionpadelstore.com\/fr\/produit\/overgrip-bullpadel-3-unidades-gb-1200-naranja-3\/#primaryimage"},"image":{"@id":"https:\/\/revolutionpadelstore.com\/fr\/produit\/overgrip-bullpadel-3-unidades-gb-1200-naranja-3\/#primaryimage"},"thumbnailUrl":"https:\/\/revolutionpadelstore.com\/wp-content\/uploads\/2025\/03\/13310_overgrip_3_unidades_gb_1200_529_naranja_fluor_450838_1500x1500_9237.webp","datePublished":"2025-03-11T15:31:38+00:00","dateModified":"2026-04-08T03:52:34+00:00","description":"Mejora tu agarre y confort con el Overgrip Bullpadel GB-1200 (3 unidades) en color naranja. Reduce vibraciones, absorbe humedad y ofrece m\u00e1xima durabilidad. \u00a1Compra online al mejor precio!","breadcrumb":{"@id":"https:\/\/revolutionpadelstore.com\/fr\/produit\/overgrip-bullpadel-3-unidades-gb-1200-naranja-3\/#breadcrumb"},"inLanguage":"fr-FR","potentialAction":[{"@type":"ReadAction","target":["https:\/\/revolutionpadelstore.com\/fr\/produit\/overgrip-bullpadel-3-unidades-gb-1200-naranja-3\/"]}]},{"@type":"ImageObject","inLanguage":"fr-FR","@id":"https:\/\/revolutionpadelstore.com\/fr\/produit\/overgrip-bullpadel-3-unidades-gb-1200-naranja-3\/#primaryimage","url":"https:\/\/revolutionpadelstore.com\/wp-content\/uploads\/2025\/03\/13310_overgrip_3_unidades_gb_1200_529_naranja_fluor_450838_1500x1500_9237.webp","contentUrl":"https:\/\/revolutionpadelstore.com\/wp-content\/uploads\/2025\/03\/13310_overgrip_3_unidades_gb_1200_529_naranja_fluor_450838_1500x1500_9237.webp","width":1500,"height":1500},{"@type":"BreadcrumbList","@id":"https:\/\/revolutionpadelstore.com\/fr\/produit\/overgrip-bullpadel-3-unidades-gb-1200-naranja-3\/#breadcrumb","itemListElement":[{"@type":"ListItem","position":1,"name":"Portada","item":"https:\/\/revolutionpadelstore.com\/fr\/"},{"@type":"ListItem","position":2,"name":"Boutique","item":"https:\/\/revolutionpadelstore.com\/fr\/tienda\/"},{"@type":"ListItem","position":3,"name":"OVERGRIP BULLPADEL 3 UNIDADES GB-1200 NARANJA"}]},{"@type":"WebSite","@id":"https:\/\/revolutionpadelstore.com\/fr\/#website","url":"https:\/\/revolutionpadelstore.com\/fr\/","name":"Revolution Padel Store","description":"","publisher":{"@id":"https:\/\/revolutionpadelstore.com\/fr\/#organization"},"potentialAction":[{"@type":"SearchAction","target":{"@type":"EntryPoint","urlTemplate":"https:\/\/revolutionpadelstore.com\/fr\/?s={search_term_string}"},"query-input":{"@type":"PropertyValueSpecification","valueRequired":true,"valueName":"search_term_string"}}],"inLanguage":"fr-FR"},{"@type":"Organization","@id":"https:\/\/revolutionpadelstore.com\/fr\/#organization","name":"Revolution Padel Store","url":"https:\/\/revolutionpadelstore.com\/fr\/","logo":{"@type":"ImageObject","inLanguage":"fr-FR","@id":"https:\/\/revolutionpadelstore.com\/fr\/#\/schema\/logo\/image\/","url":"https:\/\/revolutionpadelstore.com\/wp-content\/uploads\/2026\/02\/revolution-padel-store.jpg","contentUrl":"https:\/\/revolutionpadelstore.com\/wp-content\/uploads\/2026\/02\/revolution-padel-store.jpg","width":2000,"height":2000,"caption":"Revolution Padel Store"},"image":{"@id":"https:\/\/revolutionpadelstore.com\/fr\/#\/schema\/logo\/image\/"},"sameAs":["https:\/\/www.instagram.com\/revolutionpadelstore\/"]}]}},"_links":{"self":[{"href":"https:\/\/revolutionpadelstore.com\/fr\/wp-json\/wp\/v2\/product\/206385","targetHints":{"allow":["GET"]}}],"collection":[{"href":"https:\/\/revolutionpadelstore.com\/fr\/wp-json\/wp\/v2\/product"}],"about":[{"href":"https:\/\/revolutionpadelstore.com\/fr\/wp-json\/wp\/v2\/types\/product"}],"replies":[{"embeddable":true,"href":"https:\/\/revolutionpadelstore.com\/fr\/wp-json\/wp\/v2\/comments?post=206385"}],"wp:featuredmedia":[{"embeddable":true,"href":"https:\/\/revolutionpadelstore.com\/fr\/wp-json\/wp\/v2\/media\/206380"}],"wp:attachment":[{"href":"https:\/\/revolutionpadelstore.com\/fr\/wp-json\/wp\/v2\/media?parent=206385"}],"wp:term":[{"taxonomy":"acabado","embeddable":true,"href":"https:\/\/revolutionpadelstore.com\/fr\/wp-json\/wp\/v2\/acabado?post=206385"},{"taxonomy":"balance","embeddable":true,"href":"https:\/\/revolutionpadelstore.com\/fr\/wp-json\/wp\/v2\/balance?post=206385"},{"taxonomy":"dureza","embeddable":true,"href":"https:\/\/revolutionpadelstore.com\/fr\/wp-json\/wp\/v2\/dureza?post=206385"},{"taxonomy":"forma","embeddable":true,"href":"https:\/\/revolutionpadelstore.com\/fr\/wp-json\/wp\/v2\/forma?post=206385"},{"taxonomy":"jugador","embeddable":true,"href":"https:\/\/revolutionpadelstore.com\/fr\/wp-json\/wp\/v2\/jugador?post=206385"},{"taxonomy":"marca","embeddable":true,"href":"https:\/\/revolutionpadelstore.com\/fr\/wp-json\/wp\/v2\/marca?post=206385"},{"taxonomy":"nivel-de-juego","embeddable":true,"href":"https:\/\/revolutionpadelstore.com\/fr\/wp-json\/wp\/v2\/nivel-de-juego?post=206385"},{"taxonomy":"superficie","embeddable":true,"href":"https:\/\/revolutionpadelstore.com\/fr\/wp-json\/wp\/v2\/superficie?post=206385"},{"taxonomy":"tipo-de-juego","embeddable":true,"href":"https:\/\/revolutionpadelstore.com\/fr\/wp-json\/wp\/v2\/tipo-de-juego?post=206385"},{"taxonomy":"product_brand","embeddable":true,"href":"https:\/\/revolutionpadelstore.com\/fr\/wp-json\/wp\/v2\/product_brand?post=206385"},{"taxonomy":"product_cat","embeddable":true,"href":"https:\/\/revolutionpadelstore.com\/fr\/wp-json\/wp\/v2\/product_cat?post=206385"},{"taxonomy":"product_tag","embeddable":true,"href":"https:\/\/revolutionpadelstore.com\/fr\/wp-json\/wp\/v2\/product_tag?post=206385"}],"curies":[{"name":"wp","href":"https:\/\/api.w.org\/{rel}","templated":true}]}}