{"id":20583,"date":"2024-03-13T13:02:15","date_gmt":"2024-03-13T12:02:15","guid":{"rendered":"https:\/\/revolutionpadelstore.com\/mochila-nox-street-gris-oscuro\/"},"modified":"2026-04-09T14:01:02","modified_gmt":"2026-04-09T12:01:02","slug":"mochila-nox-street-gris-oscuro-3","status":"publish","type":"product","link":"https:\/\/revolutionpadelstore.com\/fr\/produit\/mochila-nox-street-gris-oscuro-3\/","title":{"rendered":"Mochila Nox Street Gris Oscuro"},"content":{"rendered":"<p><H2> SALLE DE NOM GREY STREET: \u00c9l\u00e9gance et fonctionnalit\u00e9 dans le monde de la pagaie <\/h2>\n<p>Le <strong> sac \u00e0 dos Nox Street Gray <\/strong> est l&#8217;accessoire id\u00e9al pour les joueurs de paddle qui cherchent \u00e0 combiner le style, le confort et la praticit\u00e9. Con\u00e7u avec une finition grise \u00e9l\u00e9gante avec des d\u00e9tails noirs, ce sac \u00e0 dos vous accompagnera non seulement sur la piste, mais sera votre alli\u00e9 dans une activit\u00e9 de jour \u00e0 jour. Osez se d\u00e9marquer avec un accessoire fonctionnel et de qualit\u00e9 sup\u00e9rieure!<\/p>\n<h2> <strong> Confort et conception ergonomique <\/strong> <\/h2>\n<p><strong> -soly et r\u00e9glable <\/strong>: con\u00e7u pour s&#8217;adapter parfaitement \u00e0 vos besoins, en fournissant du confort et du soutien en tout temps.<\/p>\n<p><strong> -shrablematerials <\/strong>: Gardez votre dos frais gr\u00e2ce \u00e0 votre pr\u00e9paration dans les tissus l\u00e9gers et ventil\u00e9s.<\/p>\n<p><strong> -asa R\u00e9sistant sup\u00e9rieur <\/strong>: offre une option de transport pratique et s\u00fbre suppl\u00e9mentaire.<\/p>\n<h2> <strong> Espaces con\u00e7us pour votre tennis \u00e0 palette<br \/>\n<strong> &#8211; Compartiment principal de la culture <\/strong>: id\u00e9al pour les v\u00eatements, les accessoires et une pelle \u00e0 palette avec s\u00e9curit\u00e9 totale.<\/p>\n<p><strong> &#8211; Section pour la lame \u00e0 pagaie <\/strong>: offrez une protection suppl\u00e9mentaire pour votre pelle, avec un acc\u00e8s rapide par fermeture de fermeture \u00e9clair.<\/p>\n<p><strong> sous-sol inf\u00e9rieur \u00e0 ventilation <\/strong>: parfait pour vos chaussures, avec un syst\u00e8me qui \u00e9vite l&#8217;accumulation d&#8217;odeurs.<\/p>\n<h2> <strong> stockage suppl\u00e9mentaire pour vos accessoires <\/strong> <\/h2>\n<p><strong> &#8211; bits \u00e9chou\u00e9s avec fermeture \u00e9clair <\/strong>: emportez avec vos bouteilles d&#8217;eau ou des balles, toujours \u00e0 la main.<\/p>\n<p><strong> -dwo poches avant <\/strong>: espace suppl\u00e9mentaire pour vos objets personnels les plus importants.<\/p>\n<p>Le <strong> sac \u00e0 dos Nox Street Gray <\/strong> est non seulement pratique, mais se d\u00e9marque \u00e9galement pour sa durabilit\u00e9 et son style. C&#8217;est le choix parfait pour les joueurs \u00e0 la recherche du meilleur \u00e9quipement de tennis \u00e0 pagaie.<\/p>\n<p><strong> maintenant disponible dans notre boutique en ligne <a href=\"https:\/\/www.revolutionpadelstore.com\/\"> Revolution Padel Store <\/a>, probablement au meilleur prix du march\u00e9. Faites votre commande et profitez du meilleur service! <\/strong><\/p>\n<h4> <\/h4>\n","protected":false},"excerpt":{"rendered":"<p>Sac \u00e0 dos Nox Street gris fonc\u00e9<\/p>\n","protected":false},"featured_media":52956,"comment_status":"open","ping_status":"closed","template":"","meta":{"_acf_changed":false,"_joinchat":[]},"acabado":[],"balance":[],"dureza":[],"forma":[],"jugador":[],"marca":[1262],"nivel-de-juego":[],"superficie":[],"tipo-de-juego":[],"product_brand":[],"product_cat":[320],"product_tag":[],"class_list":{"0":"post-20583","1":"product","2":"type-product","3":"status-publish","4":"has-post-thumbnail","6":"marca-nox-fr","7":"product_cat-sacs","9":"first","10":"instock","11":"sale","12":"taxable","13":"shipping-taxable","14":"purchasable","15":"product-type-simple"},"acf":[],"yoast_head":"<!-- This site is optimized with the Yoast SEO plugin v27.4 - https:\/\/yoast.com\/product\/yoast-seo-wordpress\/ -->\n<title>Mochila Nox Street Gris Oscuro - Revolution Padel Store<\/title>\n<meta name=\"description\" content=\"Mochila Nox Street Gris Oscuro\" \/>\n<meta name=\"robots\" content=\"index, follow, max-snippet:-1, max-image-preview:large, max-video-preview:-1\" \/>\n<link rel=\"canonical\" href=\"https:\/\/revolutionpadelstore.com\/fr\/produit\/mochila-nox-street-gris-oscuro-3\/\" \/>\n<meta property=\"og:locale\" content=\"fr_FR\" \/>\n<meta property=\"og:type\" content=\"article\" \/>\n<meta property=\"og:title\" content=\"Mochila Nox Street Gris Oscuro - Revolution Padel Store\" \/>\n<meta property=\"og:description\" content=\"Mochila Nox Street Gris Oscuro\" \/>\n<meta property=\"og:url\" content=\"https:\/\/revolutionpadelstore.com\/fr\/produit\/mochila-nox-street-gris-oscuro-3\/\" \/>\n<meta property=\"og:site_name\" content=\"Revolution Padel Store\" \/>\n<meta property=\"article:modified_time\" content=\"2026-04-09T12:01:02+00:00\" \/>\n<meta property=\"og:image\" content=\"https:\/\/revolutionpadelstore.com\/wp-content\/uploads\/2024\/03\/mochila-nox-street-gris-oscuro-800x800-1.jpg\" \/>\n\t<meta property=\"og:image:width\" content=\"800\" \/>\n\t<meta property=\"og:image:height\" content=\"800\" \/>\n\t<meta property=\"og:image:type\" content=\"image\/jpeg\" \/>\n<meta name=\"twitter:card\" content=\"summary_large_image\" \/>\n<meta name=\"twitter:label1\" content=\"Dur\u00e9e de lecture estim\u00e9e\" \/>\n\t<meta name=\"twitter:data1\" content=\"1 minute\" \/>\n<script type=\"application\/ld+json\" class=\"yoast-schema-graph\">{\"@context\":\"https:\\\/\\\/schema.org\",\"@graph\":[{\"@type\":\"WebPage\",\"@id\":\"https:\\\/\\\/revolutionpadelstore.com\\\/fr\\\/produit\\\/mochila-nox-street-gris-oscuro-3\\\/\",\"url\":\"https:\\\/\\\/revolutionpadelstore.com\\\/fr\\\/produit\\\/mochila-nox-street-gris-oscuro-3\\\/\",\"name\":\"Mochila Nox Street Gris Oscuro - Revolution Padel Store\",\"isPartOf\":{\"@id\":\"https:\\\/\\\/revolutionpadelstore.com\\\/fr\\\/#website\"},\"primaryImageOfPage\":{\"@id\":\"https:\\\/\\\/revolutionpadelstore.com\\\/fr\\\/produit\\\/mochila-nox-street-gris-oscuro-3\\\/#primaryimage\"},\"image\":{\"@id\":\"https:\\\/\\\/revolutionpadelstore.com\\\/fr\\\/produit\\\/mochila-nox-street-gris-oscuro-3\\\/#primaryimage\"},\"thumbnailUrl\":\"https:\\\/\\\/revolutionpadelstore.com\\\/wp-content\\\/uploads\\\/2024\\\/03\\\/mochila-nox-street-gris-oscuro-800x800-1.jpg\",\"datePublished\":\"2024-03-13T12:02:15+00:00\",\"dateModified\":\"2026-04-09T12:01:02+00:00\",\"description\":\"Mochila Nox Street Gris Oscuro\",\"breadcrumb\":{\"@id\":\"https:\\\/\\\/revolutionpadelstore.com\\\/fr\\\/produit\\\/mochila-nox-street-gris-oscuro-3\\\/#breadcrumb\"},\"inLanguage\":\"fr-FR\",\"potentialAction\":[{\"@type\":\"ReadAction\",\"target\":[\"https:\\\/\\\/revolutionpadelstore.com\\\/fr\\\/produit\\\/mochila-nox-street-gris-oscuro-3\\\/\"]}]},{\"@type\":\"ImageObject\",\"inLanguage\":\"fr-FR\",\"@id\":\"https:\\\/\\\/revolutionpadelstore.com\\\/fr\\\/produit\\\/mochila-nox-street-gris-oscuro-3\\\/#primaryimage\",\"url\":\"https:\\\/\\\/revolutionpadelstore.com\\\/wp-content\\\/uploads\\\/2024\\\/03\\\/mochila-nox-street-gris-oscuro-800x800-1.jpg\",\"contentUrl\":\"https:\\\/\\\/revolutionpadelstore.com\\\/wp-content\\\/uploads\\\/2024\\\/03\\\/mochila-nox-street-gris-oscuro-800x800-1.jpg\",\"width\":800,\"height\":800},{\"@type\":\"BreadcrumbList\",\"@id\":\"https:\\\/\\\/revolutionpadelstore.com\\\/fr\\\/produit\\\/mochila-nox-street-gris-oscuro-3\\\/#breadcrumb\",\"itemListElement\":[{\"@type\":\"ListItem\",\"position\":1,\"name\":\"Portada\",\"item\":\"https:\\\/\\\/revolutionpadelstore.com\\\/fr\\\/\"},{\"@type\":\"ListItem\",\"position\":2,\"name\":\"Boutique\",\"item\":\"https:\\\/\\\/revolutionpadelstore.com\\\/fr\\\/tienda\\\/\"},{\"@type\":\"ListItem\",\"position\":3,\"name\":\"Mochila Nox Street Gris Oscuro\"}]},{\"@type\":\"WebSite\",\"@id\":\"https:\\\/\\\/revolutionpadelstore.com\\\/fr\\\/#website\",\"url\":\"https:\\\/\\\/revolutionpadelstore.com\\\/fr\\\/\",\"name\":\"Revolution Padel Store\",\"description\":\"\",\"publisher\":{\"@id\":\"https:\\\/\\\/revolutionpadelstore.com\\\/fr\\\/#organization\"},\"potentialAction\":[{\"@type\":\"SearchAction\",\"target\":{\"@type\":\"EntryPoint\",\"urlTemplate\":\"https:\\\/\\\/revolutionpadelstore.com\\\/fr\\\/?s={search_term_string}\"},\"query-input\":{\"@type\":\"PropertyValueSpecification\",\"valueRequired\":true,\"valueName\":\"search_term_string\"}}],\"inLanguage\":\"fr-FR\"},{\"@type\":\"Organization\",\"@id\":\"https:\\\/\\\/revolutionpadelstore.com\\\/fr\\\/#organization\",\"name\":\"Revolution Padel Store\",\"url\":\"https:\\\/\\\/revolutionpadelstore.com\\\/fr\\\/\",\"logo\":{\"@type\":\"ImageObject\",\"inLanguage\":\"fr-FR\",\"@id\":\"https:\\\/\\\/revolutionpadelstore.com\\\/fr\\\/#\\\/schema\\\/logo\\\/image\\\/\",\"url\":\"https:\\\/\\\/revolutionpadelstore.com\\\/wp-content\\\/uploads\\\/2026\\\/02\\\/revolution-padel-store.jpg\",\"contentUrl\":\"https:\\\/\\\/revolutionpadelstore.com\\\/wp-content\\\/uploads\\\/2026\\\/02\\\/revolution-padel-store.jpg\",\"width\":2000,\"height\":2000,\"caption\":\"Revolution Padel Store\"},\"image\":{\"@id\":\"https:\\\/\\\/revolutionpadelstore.com\\\/fr\\\/#\\\/schema\\\/logo\\\/image\\\/\"},\"sameAs\":[\"https:\\\/\\\/www.instagram.com\\\/revolutionpadelstore\\\/\"]}]}<\/script>\n<!-- \/ Yoast SEO plugin. -->","yoast_head_json":{"title":"Mochila Nox Street Gris Oscuro - Revolution Padel Store","description":"Mochila Nox Street Gris Oscuro","robots":{"index":"index","follow":"follow","max-snippet":"max-snippet:-1","max-image-preview":"max-image-preview:large","max-video-preview":"max-video-preview:-1"},"canonical":"https:\/\/revolutionpadelstore.com\/fr\/produit\/mochila-nox-street-gris-oscuro-3\/","og_locale":"fr_FR","og_type":"article","og_title":"Mochila Nox Street Gris Oscuro - Revolution Padel Store","og_description":"Mochila Nox Street Gris Oscuro","og_url":"https:\/\/revolutionpadelstore.com\/fr\/produit\/mochila-nox-street-gris-oscuro-3\/","og_site_name":"Revolution Padel Store","article_modified_time":"2026-04-09T12:01:02+00:00","og_image":[{"width":800,"height":800,"url":"https:\/\/revolutionpadelstore.com\/wp-content\/uploads\/2024\/03\/mochila-nox-street-gris-oscuro-800x800-1.jpg","type":"image\/jpeg"}],"twitter_card":"summary_large_image","twitter_misc":{"Dur\u00e9e de lecture estim\u00e9e":"1 minute"},"schema":{"@context":"https:\/\/schema.org","@graph":[{"@type":"WebPage","@id":"https:\/\/revolutionpadelstore.com\/fr\/produit\/mochila-nox-street-gris-oscuro-3\/","url":"https:\/\/revolutionpadelstore.com\/fr\/produit\/mochila-nox-street-gris-oscuro-3\/","name":"Mochila Nox Street Gris Oscuro - Revolution Padel Store","isPartOf":{"@id":"https:\/\/revolutionpadelstore.com\/fr\/#website"},"primaryImageOfPage":{"@id":"https:\/\/revolutionpadelstore.com\/fr\/produit\/mochila-nox-street-gris-oscuro-3\/#primaryimage"},"image":{"@id":"https:\/\/revolutionpadelstore.com\/fr\/produit\/mochila-nox-street-gris-oscuro-3\/#primaryimage"},"thumbnailUrl":"https:\/\/revolutionpadelstore.com\/wp-content\/uploads\/2024\/03\/mochila-nox-street-gris-oscuro-800x800-1.jpg","datePublished":"2024-03-13T12:02:15+00:00","dateModified":"2026-04-09T12:01:02+00:00","description":"Mochila Nox Street Gris Oscuro","breadcrumb":{"@id":"https:\/\/revolutionpadelstore.com\/fr\/produit\/mochila-nox-street-gris-oscuro-3\/#breadcrumb"},"inLanguage":"fr-FR","potentialAction":[{"@type":"ReadAction","target":["https:\/\/revolutionpadelstore.com\/fr\/produit\/mochila-nox-street-gris-oscuro-3\/"]}]},{"@type":"ImageObject","inLanguage":"fr-FR","@id":"https:\/\/revolutionpadelstore.com\/fr\/produit\/mochila-nox-street-gris-oscuro-3\/#primaryimage","url":"https:\/\/revolutionpadelstore.com\/wp-content\/uploads\/2024\/03\/mochila-nox-street-gris-oscuro-800x800-1.jpg","contentUrl":"https:\/\/revolutionpadelstore.com\/wp-content\/uploads\/2024\/03\/mochila-nox-street-gris-oscuro-800x800-1.jpg","width":800,"height":800},{"@type":"BreadcrumbList","@id":"https:\/\/revolutionpadelstore.com\/fr\/produit\/mochila-nox-street-gris-oscuro-3\/#breadcrumb","itemListElement":[{"@type":"ListItem","position":1,"name":"Portada","item":"https:\/\/revolutionpadelstore.com\/fr\/"},{"@type":"ListItem","position":2,"name":"Boutique","item":"https:\/\/revolutionpadelstore.com\/fr\/tienda\/"},{"@type":"ListItem","position":3,"name":"Mochila Nox Street Gris Oscuro"}]},{"@type":"WebSite","@id":"https:\/\/revolutionpadelstore.com\/fr\/#website","url":"https:\/\/revolutionpadelstore.com\/fr\/","name":"Revolution Padel Store","description":"","publisher":{"@id":"https:\/\/revolutionpadelstore.com\/fr\/#organization"},"potentialAction":[{"@type":"SearchAction","target":{"@type":"EntryPoint","urlTemplate":"https:\/\/revolutionpadelstore.com\/fr\/?s={search_term_string}"},"query-input":{"@type":"PropertyValueSpecification","valueRequired":true,"valueName":"search_term_string"}}],"inLanguage":"fr-FR"},{"@type":"Organization","@id":"https:\/\/revolutionpadelstore.com\/fr\/#organization","name":"Revolution Padel Store","url":"https:\/\/revolutionpadelstore.com\/fr\/","logo":{"@type":"ImageObject","inLanguage":"fr-FR","@id":"https:\/\/revolutionpadelstore.com\/fr\/#\/schema\/logo\/image\/","url":"https:\/\/revolutionpadelstore.com\/wp-content\/uploads\/2026\/02\/revolution-padel-store.jpg","contentUrl":"https:\/\/revolutionpadelstore.com\/wp-content\/uploads\/2026\/02\/revolution-padel-store.jpg","width":2000,"height":2000,"caption":"Revolution Padel Store"},"image":{"@id":"https:\/\/revolutionpadelstore.com\/fr\/#\/schema\/logo\/image\/"},"sameAs":["https:\/\/www.instagram.com\/revolutionpadelstore\/"]}]}},"_links":{"self":[{"href":"https:\/\/revolutionpadelstore.com\/fr\/wp-json\/wp\/v2\/product\/20583","targetHints":{"allow":["GET"]}}],"collection":[{"href":"https:\/\/revolutionpadelstore.com\/fr\/wp-json\/wp\/v2\/product"}],"about":[{"href":"https:\/\/revolutionpadelstore.com\/fr\/wp-json\/wp\/v2\/types\/product"}],"replies":[{"embeddable":true,"href":"https:\/\/revolutionpadelstore.com\/fr\/wp-json\/wp\/v2\/comments?post=20583"}],"wp:featuredmedia":[{"embeddable":true,"href":"https:\/\/revolutionpadelstore.com\/fr\/wp-json\/wp\/v2\/media\/52956"}],"wp:attachment":[{"href":"https:\/\/revolutionpadelstore.com\/fr\/wp-json\/wp\/v2\/media?parent=20583"}],"wp:term":[{"taxonomy":"acabado","embeddable":true,"href":"https:\/\/revolutionpadelstore.com\/fr\/wp-json\/wp\/v2\/acabado?post=20583"},{"taxonomy":"balance","embeddable":true,"href":"https:\/\/revolutionpadelstore.com\/fr\/wp-json\/wp\/v2\/balance?post=20583"},{"taxonomy":"dureza","embeddable":true,"href":"https:\/\/revolutionpadelstore.com\/fr\/wp-json\/wp\/v2\/dureza?post=20583"},{"taxonomy":"forma","embeddable":true,"href":"https:\/\/revolutionpadelstore.com\/fr\/wp-json\/wp\/v2\/forma?post=20583"},{"taxonomy":"jugador","embeddable":true,"href":"https:\/\/revolutionpadelstore.com\/fr\/wp-json\/wp\/v2\/jugador?post=20583"},{"taxonomy":"marca","embeddable":true,"href":"https:\/\/revolutionpadelstore.com\/fr\/wp-json\/wp\/v2\/marca?post=20583"},{"taxonomy":"nivel-de-juego","embeddable":true,"href":"https:\/\/revolutionpadelstore.com\/fr\/wp-json\/wp\/v2\/nivel-de-juego?post=20583"},{"taxonomy":"superficie","embeddable":true,"href":"https:\/\/revolutionpadelstore.com\/fr\/wp-json\/wp\/v2\/superficie?post=20583"},{"taxonomy":"tipo-de-juego","embeddable":true,"href":"https:\/\/revolutionpadelstore.com\/fr\/wp-json\/wp\/v2\/tipo-de-juego?post=20583"},{"taxonomy":"product_brand","embeddable":true,"href":"https:\/\/revolutionpadelstore.com\/fr\/wp-json\/wp\/v2\/product_brand?post=20583"},{"taxonomy":"product_cat","embeddable":true,"href":"https:\/\/revolutionpadelstore.com\/fr\/wp-json\/wp\/v2\/product_cat?post=20583"},{"taxonomy":"product_tag","embeddable":true,"href":"https:\/\/revolutionpadelstore.com\/fr\/wp-json\/wp\/v2\/product_tag?post=20583"}],"curies":[{"name":"wp","href":"https:\/\/api.w.org\/{rel}","templated":true}]}}