{"id":20495,"date":"2024-03-13T14:44:23","date_gmt":"2024-03-13T13:44:23","guid":{"rendered":"https:\/\/revolutionpadelstore.com\/bullpadel-vertex-04-hybrid\/"},"modified":"2026-04-08T15:09:28","modified_gmt":"2026-04-08T13:09:28","slug":"bullpadel-vertex-04-hybrid-3","status":"publish","type":"product","link":"https:\/\/revolutionpadelstore.com\/fr\/produit\/bullpadel-vertex-04-hybrid-3\/","title":{"rendered":"BULLPADEL VERTEX 04 HYBRID"},"content":{"rendered":"<h2>Bullpadel Vertex 04 Hybrid, puissance et contr\u00f4le exceptionnels<\/h2>\n<p>Con\u00e7ue pour les joueurs de padel adultes de niveau expert, la Bullpadel Vertex 04 Hybrid est l&#8217;option id\u00e9ale si vous recherchez une raquette polyvalente, de haute qualit\u00e9 et performante qui vous permet de frapper la balle avec puissance et contr\u00f4le.<\/p>\n<p>De par sa forme hybride et son \u00e9quilibre bas, ce mod\u00e8le \u00e9quilibre parfaitement contr\u00f4le et puissance, en plus de procurer des sensations incroyables tant en d\u00e9fense qu&#8217;en attaque. Il a un poids de 365 \u00e0 375 grammes et un profil de 38 mm.<\/p>\n<h3>Rigidit\u00e9 accrue pour des frappes solides<\/h3>\n<p>Dans le but d&#8217;atteindre une rigidit\u00e9 et une r\u00e9sistance exceptionnelles sans renoncer \u00e0 une bonne maniabilit\u00e9 et \u00e0 la l\u00e9g\u00e8ret\u00e9, les avions de ce mod\u00e8le sont compos\u00e9s de Xtend Carbon 12K, qui utilise des rubans de carbone entrelac\u00e9s biaxialement. De plus, la surface a une finition rugueuse qui permet \u00e0 l&#8217;athl\u00e8te de frapper les balles avec effet, car elle am\u00e9liore l&#8217;adh\u00e9rence.<\/p>\n<p>D&#8217;autre part, le caoutchouc Multieva a \u00e9t\u00e9 utilis\u00e9 dans le noyau interne, qui se compose de deux densit\u00e9s (une ext\u00e9rieure plus compacte et une int\u00e9rieure de faible densit\u00e9) pour mieux s&#8217;adapter aux besoins de chaque coup. Le cadre CarbonTube, compos\u00e9 \u00e0 100 % de fibre de carbone bidirectionnelle entrelac\u00e9e, assure un contr\u00f4le et une puissance \u00e9quilibr\u00e9s.<\/p>\n<h3>R\u00e9duction des vibrations<\/h3>\n<p>En ce qui concerne les technologies, il int\u00e8gre le syst\u00e8me de montage du poing Vibradrive qui, gr\u00e2ce \u00e0 une pi\u00e8ce \u00e9lastique en caoutchouc, absorbe efficacement les vibrations apr\u00e8s un impact, notamment lors de coups d\u00e9centr\u00e9s.<\/p>\n<p>De m\u00eame, les syst\u00e8mes CURVAKTIV et AIR POWER ont \u00e9t\u00e9 combin\u00e9s dans le cadre pour augmenter la durabilit\u00e9, la r\u00e9sistance et la rigidit\u00e9 de la raquette, tout en r\u00e9partissant mieux les vibrations pour un plus grand confort lors de la frappe.<\/p>\n<p>Elle dispose \u00e9galement du syst\u00e8me de plaques de poids CustomWeight, qui permet de modifier l&#8217;\u00e9quilibre de la raquette en fonction des besoins de chaque joueur.<\/p>\n<h2>Bullpadel Vertex 04 Hybrid, potencia y control sobresalientes<\/h2>\n","protected":false},"excerpt":{"rendered":"<p>Bullpadel Vertex 04 Hybrid : Raquette performante pour les joueurs experts recherchant puissance et contr\u00f4le \u00e0 chaque coup. Technologies avanc\u00e9es pour r\u00e9duire les vibrations et augmenter la rigidit\u00e9. Parfait pour les joueurs professionnels.<\/p>\n","protected":false},"featured_media":52853,"comment_status":"open","ping_status":"closed","template":"","meta":{"_acf_changed":false,"_joinchat":[]},"acabado":[1092],"balance":[1142],"dureza":[1157],"forma":[1177],"jugador":[1192,1202],"marca":[1257],"nivel-de-juego":[1347],"superficie":[1362],"tipo-de-juego":[1372],"product_brand":[],"product_cat":[302],"product_tag":[],"class_list":{"0":"post-20495","1":"product","2":"type-product","3":"status-publish","4":"has-post-thumbnail","6":"acabado-soulager-la-3d","7":"balance-moyen","8":"dureza-media-fr","9":"forma-hybride","10":"jugador-homme","11":"jugador-polivalente-fr","12":"marca-bullpadel-fr","13":"superficie-rugosa-fr","14":"tipo-de-juego-control-fr","15":"product_cat-palas-de-padel-fr","17":"first","18":"instock","19":"sale","20":"taxable","21":"shipping-taxable","22":"purchasable","23":"product-type-simple"},"acf":[],"yoast_head":"<!-- This site is optimized with the Yoast SEO plugin v27.3 - https:\/\/yoast.com\/product\/yoast-seo-wordpress\/ -->\n<title>BULLPADEL VERTEX 04 HYBRID - Revolution Padel Store<\/title>\n<meta name=\"robots\" content=\"index, follow, max-snippet:-1, max-image-preview:large, max-video-preview:-1\" \/>\n<link rel=\"canonical\" href=\"https:\/\/revolutionpadelstore.com\/fr\/produit\/bullpadel-vertex-04-hybrid-3\/\" \/>\n<meta property=\"og:locale\" content=\"fr_FR\" \/>\n<meta property=\"og:type\" content=\"article\" \/>\n<meta property=\"og:title\" content=\"BULLPADEL VERTEX 04 HYBRID - Revolution Padel Store\" \/>\n<meta property=\"og:description\" content=\"Bullpadel Vertex 04 Hybrid : Raquette performante pour les joueurs experts recherchant puissance et contr\u00f4le \u00e0 chaque coup. Technologies avanc\u00e9es pour r\u00e9duire les vibrations et augmenter la rigidit\u00e9. Parfait pour les joueurs professionnels.\" \/>\n<meta property=\"og:url\" content=\"https:\/\/revolutionpadelstore.com\/fr\/produit\/bullpadel-vertex-04-hybrid-3\/\" \/>\n<meta property=\"og:site_name\" content=\"Revolution Padel Store\" \/>\n<meta property=\"article:modified_time\" content=\"2026-04-08T13:09:28+00:00\" \/>\n<meta property=\"og:image\" content=\"https:\/\/revolutionpadelstore.com\/wp-content\/uploads\/2024\/03\/110867_pala_bullpadel_vertex_04_hybrid_24_471606_1500x1500_vista1_2a8f.webp\" \/>\n\t<meta property=\"og:image:width\" content=\"1500\" \/>\n\t<meta property=\"og:image:height\" content=\"1500\" \/>\n\t<meta property=\"og:image:type\" content=\"image\/webp\" \/>\n<meta name=\"twitter:card\" content=\"summary_large_image\" \/>\n<meta name=\"twitter:label1\" content=\"Dur\u00e9e de lecture estim\u00e9e\" \/>\n\t<meta name=\"twitter:data1\" content=\"2 minutes\" \/>\n<script type=\"application\/ld+json\" class=\"yoast-schema-graph\">{\"@context\":\"https:\\\/\\\/schema.org\",\"@graph\":[{\"@type\":\"WebPage\",\"@id\":\"https:\\\/\\\/revolutionpadelstore.com\\\/fr\\\/produit\\\/bullpadel-vertex-04-hybrid-3\\\/\",\"url\":\"https:\\\/\\\/revolutionpadelstore.com\\\/fr\\\/produit\\\/bullpadel-vertex-04-hybrid-3\\\/\",\"name\":\"BULLPADEL VERTEX 04 HYBRID - Revolution Padel Store\",\"isPartOf\":{\"@id\":\"https:\\\/\\\/revolutionpadelstore.com\\\/fr\\\/#website\"},\"primaryImageOfPage\":{\"@id\":\"https:\\\/\\\/revolutionpadelstore.com\\\/fr\\\/produit\\\/bullpadel-vertex-04-hybrid-3\\\/#primaryimage\"},\"image\":{\"@id\":\"https:\\\/\\\/revolutionpadelstore.com\\\/fr\\\/produit\\\/bullpadel-vertex-04-hybrid-3\\\/#primaryimage\"},\"thumbnailUrl\":\"https:\\\/\\\/revolutionpadelstore.com\\\/wp-content\\\/uploads\\\/2024\\\/03\\\/110867_pala_bullpadel_vertex_04_hybrid_24_471606_1500x1500_vista1_2a8f.webp\",\"datePublished\":\"2024-03-13T13:44:23+00:00\",\"dateModified\":\"2026-04-08T13:09:28+00:00\",\"breadcrumb\":{\"@id\":\"https:\\\/\\\/revolutionpadelstore.com\\\/fr\\\/produit\\\/bullpadel-vertex-04-hybrid-3\\\/#breadcrumb\"},\"inLanguage\":\"fr-FR\",\"potentialAction\":[{\"@type\":\"ReadAction\",\"target\":[\"https:\\\/\\\/revolutionpadelstore.com\\\/fr\\\/produit\\\/bullpadel-vertex-04-hybrid-3\\\/\"]}]},{\"@type\":\"ImageObject\",\"inLanguage\":\"fr-FR\",\"@id\":\"https:\\\/\\\/revolutionpadelstore.com\\\/fr\\\/produit\\\/bullpadel-vertex-04-hybrid-3\\\/#primaryimage\",\"url\":\"https:\\\/\\\/revolutionpadelstore.com\\\/wp-content\\\/uploads\\\/2024\\\/03\\\/110867_pala_bullpadel_vertex_04_hybrid_24_471606_1500x1500_vista1_2a8f.webp\",\"contentUrl\":\"https:\\\/\\\/revolutionpadelstore.com\\\/wp-content\\\/uploads\\\/2024\\\/03\\\/110867_pala_bullpadel_vertex_04_hybrid_24_471606_1500x1500_vista1_2a8f.webp\",\"width\":1500,\"height\":1500},{\"@type\":\"BreadcrumbList\",\"@id\":\"https:\\\/\\\/revolutionpadelstore.com\\\/fr\\\/produit\\\/bullpadel-vertex-04-hybrid-3\\\/#breadcrumb\",\"itemListElement\":[{\"@type\":\"ListItem\",\"position\":1,\"name\":\"Portada\",\"item\":\"https:\\\/\\\/revolutionpadelstore.com\\\/fr\\\/\"},{\"@type\":\"ListItem\",\"position\":2,\"name\":\"Boutique\",\"item\":\"https:\\\/\\\/revolutionpadelstore.com\\\/fr\\\/tienda\\\/\"},{\"@type\":\"ListItem\",\"position\":3,\"name\":\"BULLPADEL VERTEX 04 HYBRID\"}]},{\"@type\":\"WebSite\",\"@id\":\"https:\\\/\\\/revolutionpadelstore.com\\\/fr\\\/#website\",\"url\":\"https:\\\/\\\/revolutionpadelstore.com\\\/fr\\\/\",\"name\":\"Revolution Padel Store\",\"description\":\"\",\"publisher\":{\"@id\":\"https:\\\/\\\/revolutionpadelstore.com\\\/fr\\\/#organization\"},\"potentialAction\":[{\"@type\":\"SearchAction\",\"target\":{\"@type\":\"EntryPoint\",\"urlTemplate\":\"https:\\\/\\\/revolutionpadelstore.com\\\/fr\\\/?s={search_term_string}\"},\"query-input\":{\"@type\":\"PropertyValueSpecification\",\"valueRequired\":true,\"valueName\":\"search_term_string\"}}],\"inLanguage\":\"fr-FR\"},{\"@type\":\"Organization\",\"@id\":\"https:\\\/\\\/revolutionpadelstore.com\\\/fr\\\/#organization\",\"name\":\"Revolution Padel Store\",\"url\":\"https:\\\/\\\/revolutionpadelstore.com\\\/fr\\\/\",\"logo\":{\"@type\":\"ImageObject\",\"inLanguage\":\"fr-FR\",\"@id\":\"https:\\\/\\\/revolutionpadelstore.com\\\/fr\\\/#\\\/schema\\\/logo\\\/image\\\/\",\"url\":\"https:\\\/\\\/revolutionpadelstore.com\\\/wp-content\\\/uploads\\\/2026\\\/02\\\/revolution-padel-store.jpg\",\"contentUrl\":\"https:\\\/\\\/revolutionpadelstore.com\\\/wp-content\\\/uploads\\\/2026\\\/02\\\/revolution-padel-store.jpg\",\"width\":2000,\"height\":2000,\"caption\":\"Revolution Padel Store\"},\"image\":{\"@id\":\"https:\\\/\\\/revolutionpadelstore.com\\\/fr\\\/#\\\/schema\\\/logo\\\/image\\\/\"},\"sameAs\":[\"https:\\\/\\\/www.instagram.com\\\/revolutionpadelstore\\\/\"]}]}<\/script>\n<!-- \/ Yoast SEO plugin. -->","yoast_head_json":{"title":"BULLPADEL VERTEX 04 HYBRID - Revolution Padel Store","robots":{"index":"index","follow":"follow","max-snippet":"max-snippet:-1","max-image-preview":"max-image-preview:large","max-video-preview":"max-video-preview:-1"},"canonical":"https:\/\/revolutionpadelstore.com\/fr\/produit\/bullpadel-vertex-04-hybrid-3\/","og_locale":"fr_FR","og_type":"article","og_title":"BULLPADEL VERTEX 04 HYBRID - Revolution Padel Store","og_description":"Bullpadel Vertex 04 Hybrid : Raquette performante pour les joueurs experts recherchant puissance et contr\u00f4le \u00e0 chaque coup. Technologies avanc\u00e9es pour r\u00e9duire les vibrations et augmenter la rigidit\u00e9. Parfait pour les joueurs professionnels.","og_url":"https:\/\/revolutionpadelstore.com\/fr\/produit\/bullpadel-vertex-04-hybrid-3\/","og_site_name":"Revolution Padel Store","article_modified_time":"2026-04-08T13:09:28+00:00","og_image":[{"width":1500,"height":1500,"url":"https:\/\/revolutionpadelstore.com\/wp-content\/uploads\/2024\/03\/110867_pala_bullpadel_vertex_04_hybrid_24_471606_1500x1500_vista1_2a8f.webp","type":"image\/webp"}],"twitter_card":"summary_large_image","twitter_misc":{"Dur\u00e9e de lecture estim\u00e9e":"2 minutes"},"schema":{"@context":"https:\/\/schema.org","@graph":[{"@type":"WebPage","@id":"https:\/\/revolutionpadelstore.com\/fr\/produit\/bullpadel-vertex-04-hybrid-3\/","url":"https:\/\/revolutionpadelstore.com\/fr\/produit\/bullpadel-vertex-04-hybrid-3\/","name":"BULLPADEL VERTEX 04 HYBRID - Revolution Padel Store","isPartOf":{"@id":"https:\/\/revolutionpadelstore.com\/fr\/#website"},"primaryImageOfPage":{"@id":"https:\/\/revolutionpadelstore.com\/fr\/produit\/bullpadel-vertex-04-hybrid-3\/#primaryimage"},"image":{"@id":"https:\/\/revolutionpadelstore.com\/fr\/produit\/bullpadel-vertex-04-hybrid-3\/#primaryimage"},"thumbnailUrl":"https:\/\/revolutionpadelstore.com\/wp-content\/uploads\/2024\/03\/110867_pala_bullpadel_vertex_04_hybrid_24_471606_1500x1500_vista1_2a8f.webp","datePublished":"2024-03-13T13:44:23+00:00","dateModified":"2026-04-08T13:09:28+00:00","breadcrumb":{"@id":"https:\/\/revolutionpadelstore.com\/fr\/produit\/bullpadel-vertex-04-hybrid-3\/#breadcrumb"},"inLanguage":"fr-FR","potentialAction":[{"@type":"ReadAction","target":["https:\/\/revolutionpadelstore.com\/fr\/produit\/bullpadel-vertex-04-hybrid-3\/"]}]},{"@type":"ImageObject","inLanguage":"fr-FR","@id":"https:\/\/revolutionpadelstore.com\/fr\/produit\/bullpadel-vertex-04-hybrid-3\/#primaryimage","url":"https:\/\/revolutionpadelstore.com\/wp-content\/uploads\/2024\/03\/110867_pala_bullpadel_vertex_04_hybrid_24_471606_1500x1500_vista1_2a8f.webp","contentUrl":"https:\/\/revolutionpadelstore.com\/wp-content\/uploads\/2024\/03\/110867_pala_bullpadel_vertex_04_hybrid_24_471606_1500x1500_vista1_2a8f.webp","width":1500,"height":1500},{"@type":"BreadcrumbList","@id":"https:\/\/revolutionpadelstore.com\/fr\/produit\/bullpadel-vertex-04-hybrid-3\/#breadcrumb","itemListElement":[{"@type":"ListItem","position":1,"name":"Portada","item":"https:\/\/revolutionpadelstore.com\/fr\/"},{"@type":"ListItem","position":2,"name":"Boutique","item":"https:\/\/revolutionpadelstore.com\/fr\/tienda\/"},{"@type":"ListItem","position":3,"name":"BULLPADEL VERTEX 04 HYBRID"}]},{"@type":"WebSite","@id":"https:\/\/revolutionpadelstore.com\/fr\/#website","url":"https:\/\/revolutionpadelstore.com\/fr\/","name":"Revolution Padel Store","description":"","publisher":{"@id":"https:\/\/revolutionpadelstore.com\/fr\/#organization"},"potentialAction":[{"@type":"SearchAction","target":{"@type":"EntryPoint","urlTemplate":"https:\/\/revolutionpadelstore.com\/fr\/?s={search_term_string}"},"query-input":{"@type":"PropertyValueSpecification","valueRequired":true,"valueName":"search_term_string"}}],"inLanguage":"fr-FR"},{"@type":"Organization","@id":"https:\/\/revolutionpadelstore.com\/fr\/#organization","name":"Revolution Padel Store","url":"https:\/\/revolutionpadelstore.com\/fr\/","logo":{"@type":"ImageObject","inLanguage":"fr-FR","@id":"https:\/\/revolutionpadelstore.com\/fr\/#\/schema\/logo\/image\/","url":"https:\/\/revolutionpadelstore.com\/wp-content\/uploads\/2026\/02\/revolution-padel-store.jpg","contentUrl":"https:\/\/revolutionpadelstore.com\/wp-content\/uploads\/2026\/02\/revolution-padel-store.jpg","width":2000,"height":2000,"caption":"Revolution Padel Store"},"image":{"@id":"https:\/\/revolutionpadelstore.com\/fr\/#\/schema\/logo\/image\/"},"sameAs":["https:\/\/www.instagram.com\/revolutionpadelstore\/"]}]}},"_links":{"self":[{"href":"https:\/\/revolutionpadelstore.com\/fr\/wp-json\/wp\/v2\/product\/20495","targetHints":{"allow":["GET"]}}],"collection":[{"href":"https:\/\/revolutionpadelstore.com\/fr\/wp-json\/wp\/v2\/product"}],"about":[{"href":"https:\/\/revolutionpadelstore.com\/fr\/wp-json\/wp\/v2\/types\/product"}],"replies":[{"embeddable":true,"href":"https:\/\/revolutionpadelstore.com\/fr\/wp-json\/wp\/v2\/comments?post=20495"}],"wp:featuredmedia":[{"embeddable":true,"href":"https:\/\/revolutionpadelstore.com\/fr\/wp-json\/wp\/v2\/media\/52853"}],"wp:attachment":[{"href":"https:\/\/revolutionpadelstore.com\/fr\/wp-json\/wp\/v2\/media?parent=20495"}],"wp:term":[{"taxonomy":"acabado","embeddable":true,"href":"https:\/\/revolutionpadelstore.com\/fr\/wp-json\/wp\/v2\/acabado?post=20495"},{"taxonomy":"balance","embeddable":true,"href":"https:\/\/revolutionpadelstore.com\/fr\/wp-json\/wp\/v2\/balance?post=20495"},{"taxonomy":"dureza","embeddable":true,"href":"https:\/\/revolutionpadelstore.com\/fr\/wp-json\/wp\/v2\/dureza?post=20495"},{"taxonomy":"forma","embeddable":true,"href":"https:\/\/revolutionpadelstore.com\/fr\/wp-json\/wp\/v2\/forma?post=20495"},{"taxonomy":"jugador","embeddable":true,"href":"https:\/\/revolutionpadelstore.com\/fr\/wp-json\/wp\/v2\/jugador?post=20495"},{"taxonomy":"marca","embeddable":true,"href":"https:\/\/revolutionpadelstore.com\/fr\/wp-json\/wp\/v2\/marca?post=20495"},{"taxonomy":"nivel-de-juego","embeddable":true,"href":"https:\/\/revolutionpadelstore.com\/fr\/wp-json\/wp\/v2\/nivel-de-juego?post=20495"},{"taxonomy":"superficie","embeddable":true,"href":"https:\/\/revolutionpadelstore.com\/fr\/wp-json\/wp\/v2\/superficie?post=20495"},{"taxonomy":"tipo-de-juego","embeddable":true,"href":"https:\/\/revolutionpadelstore.com\/fr\/wp-json\/wp\/v2\/tipo-de-juego?post=20495"},{"taxonomy":"product_brand","embeddable":true,"href":"https:\/\/revolutionpadelstore.com\/fr\/wp-json\/wp\/v2\/product_brand?post=20495"},{"taxonomy":"product_cat","embeddable":true,"href":"https:\/\/revolutionpadelstore.com\/fr\/wp-json\/wp\/v2\/product_cat?post=20495"},{"taxonomy":"product_tag","embeddable":true,"href":"https:\/\/revolutionpadelstore.com\/fr\/wp-json\/wp\/v2\/product_tag?post=20495"}],"curies":[{"name":"wp","href":"https:\/\/api.w.org\/{rel}","templated":true}]}}