{"id":20490,"date":"2024-03-13T14:50:36","date_gmt":"2024-03-13T13:50:36","guid":{"rendered":"https:\/\/revolutionpadelstore.com\/bullpadel-vertex-04\/"},"modified":"2026-04-08T15:08:53","modified_gmt":"2026-04-08T13:08:53","slug":"bullpadel-vertex-04-3","status":"publish","type":"product","link":"https:\/\/revolutionpadelstore.com\/fr\/produit\/bullpadel-vertex-04-3\/","title":{"rendered":"BULLPADEL VERTEX 04"},"content":{"rendered":"<h2>Bullpadel Vertex 04, des tirs pleins de puissance et d&#8217;effet<\/h2>\n<p>Con\u00e7u pour les <strong>joueurs de padel professionnels ou avanc\u00e9s<\/strong>, le nouveau <strong>Bullpadel Vertex 04<\/strong> vous offrira une puissance sans pr\u00e9c\u00e9dent avec peu d&#8217;effort. C&#8217;est la raquette choisie par <strong>Juan Tello<\/strong> pour la saison 2024.<\/p>\n<p>Sa forme en diamant et son \u00e9quilibre \u00e9lev\u00e9 en font un mod\u00e8le id\u00e9al si vous recherchez une puissance maximale dans vos jeux offensifs. Vos coups seront mortels. Son poids varie de 365 \u00e0 375 grammes, il offre donc une bonne maniabilit\u00e9.<\/p>\n<h2>Cadre CarboTube pour plus de puissance et de contr\u00f4le<\/h2>\n<p>Gr\u00e2ce \u00e0 son c\u0153ur Vertex, la force et le poids sont r\u00e9partis uniform\u00e9ment pour des vol\u00e9es solides et des tirs puissants, tout en r\u00e9duisant les torsions et les vibrations.<\/p>\n<p>Le noyau est r\u00e9alis\u00e9 avec un caoutchouc Multiveva double densit\u00e9, qui permet au joueur de s&#8217;adapter au type de tir, en r\u00e9pondant efficacement aux balles plus lentes avec un grand contr\u00f4le et une excellente puissance aux tirs rapides.<\/p>\n<p>La composition des avions est bas\u00e9e sur du <em>Xtend Carbon 12K<\/em>, des fibres de carbone entrelac\u00e9es qui assurent rigidit\u00e9 et r\u00e9sistance, tout en r\u00e9duisant le poids puisqu&#8217;il s&#8217;agit d&#8217;un mat\u00e9riau jusqu&#8217;\u00e0 30 % plus l\u00e9ger que le carbone ordinaire.<\/p>\n<h3>Combine AIR POWER et CURVAKTIV<\/h3>\n<p>La poign\u00e9e int\u00e8gre Hesacore, une poign\u00e9e tr\u00e8s innovante qui g\u00e9n\u00e8re une plus grande surface de contact, ce qui r\u00e9duit l&#8217;effort, les blessures et la transmission des vibrations. Le grip int\u00e8gre le syst\u00e8me <em>Grip Custom Weight<\/em>, qui permet de modifier l&#8217;\u00e9quilibre et le poids de la raquette.<\/p>\n<p>Sur les faces, on retrouve la technologie TOPSPIN, une finition rugueuse qui facilite l&#8217;adh\u00e9rence de la balle \u00e0 la surface pour frapper la balle avec beaucoup plus d&#8217;effet.<\/p>\n<p>Il comprend \u00e9galement la technologie <em><strong>Vibradrive<\/strong><\/em>, un syst\u00e8me de montage qui ins\u00e8re une pi\u00e8ce de caoutchouc tr\u00e8s \u00e9lastique charg\u00e9e d&#8217;absorber les vibrations et d&#8217;am\u00e9liorer les sensations g\u00e9n\u00e9rales dans le jeu, notamment en hors-jeu. coups centraux.<\/p>\n<h2>Bullpadel Vertex 04, golpes llenos de potencia y efecto<\/h2>\n","protected":false},"excerpt":{"rendered":"<p>Rack pour joueurs de niveau avanc\u00e9 ou professionnel, Bullpadel Vertex 04, au design moderne et puissant. Forme en diamant et \u00e9quilibre \u00e9lev\u00e9 pour des coups mortels. Noyau en caoutchouc Multieva et appartements Xtend Carbon 12K.<\/p>\n","protected":false},"featured_media":52839,"comment_status":"open","ping_status":"closed","template":"","meta":{"_acf_changed":false,"_joinchat":[]},"acabado":[1097],"balance":[1137],"dureza":[1162],"forma":[1172],"jugador":[1192,1202],"marca":[1257],"nivel-de-juego":[1337],"superficie":[1362],"tipo-de-juego":[1377],"product_brand":[],"product_cat":[302],"product_tag":[],"class_list":{"0":"post-20490","1":"product","2":"type-product","3":"status-publish","4":"has-post-thumbnail","6":"acabado-sable","7":"balance-eleve","8":"dureza-dure","9":"forma-diamant","10":"jugador-homme","11":"jugador-polivalente-fr","12":"marca-bullpadel-fr","13":"superficie-rugosa-fr","14":"tipo-de-juego-puissance","15":"product_cat-palas-de-padel-fr","17":"first","18":"instock","19":"sale","20":"taxable","21":"shipping-taxable","22":"purchasable","23":"product-type-simple"},"acf":[],"yoast_head":"<!-- This site is optimized with the Yoast SEO plugin v27.4 - https:\/\/yoast.com\/product\/yoast-seo-wordpress\/ -->\n<title>BULLPADEL VERTEX 04 - Revolution Padel Store<\/title>\n<meta name=\"description\" content=\"Pala para jugadores de nivel avanzado o profesional, Bullpadel Vertex 04, con dise\u00f1o moderno y potente. Forma de diamante y balance alto para golpes letales. N\u00facleo goma Multieva y planos de Xtend Carbon 12K.\" \/>\n<meta name=\"robots\" content=\"index, follow, max-snippet:-1, max-image-preview:large, max-video-preview:-1\" \/>\n<link rel=\"canonical\" href=\"https:\/\/revolutionpadelstore.com\/fr\/produit\/bullpadel-vertex-04-3\/\" \/>\n<meta property=\"og:locale\" content=\"fr_FR\" \/>\n<meta property=\"og:type\" content=\"article\" \/>\n<meta property=\"og:title\" content=\"BULLPADEL VERTEX 04 - Revolution Padel Store\" \/>\n<meta property=\"og:description\" content=\"Pala para jugadores de nivel avanzado o profesional, Bullpadel Vertex 04, con dise\u00f1o moderno y potente. Forma de diamante y balance alto para golpes letales. N\u00facleo goma Multieva y planos de Xtend Carbon 12K.\" \/>\n<meta property=\"og:url\" content=\"https:\/\/revolutionpadelstore.com\/fr\/produit\/bullpadel-vertex-04-3\/\" \/>\n<meta property=\"og:site_name\" content=\"Revolution Padel Store\" \/>\n<meta property=\"article:modified_time\" content=\"2026-04-08T13:08:53+00:00\" \/>\n<meta property=\"og:image\" content=\"https:\/\/revolutionpadelstore.com\/wp-content\/uploads\/2024\/03\/110865_pala_bullpadel_vertex_04_24_471605_1500x1500_vista1_a9ed-1.webp\" \/>\n\t<meta property=\"og:image:width\" content=\"1500\" \/>\n\t<meta property=\"og:image:height\" content=\"1500\" \/>\n\t<meta property=\"og:image:type\" content=\"image\/webp\" \/>\n<meta name=\"twitter:card\" content=\"summary_large_image\" \/>\n<meta name=\"twitter:label1\" content=\"Dur\u00e9e de lecture estim\u00e9e\" \/>\n\t<meta name=\"twitter:data1\" content=\"2 minutes\" \/>\n<script type=\"application\/ld+json\" class=\"yoast-schema-graph\">{\"@context\":\"https:\\\/\\\/schema.org\",\"@graph\":[{\"@type\":\"WebPage\",\"@id\":\"https:\\\/\\\/revolutionpadelstore.com\\\/fr\\\/produit\\\/bullpadel-vertex-04-3\\\/\",\"url\":\"https:\\\/\\\/revolutionpadelstore.com\\\/fr\\\/produit\\\/bullpadel-vertex-04-3\\\/\",\"name\":\"BULLPADEL VERTEX 04 - Revolution Padel Store\",\"isPartOf\":{\"@id\":\"https:\\\/\\\/revolutionpadelstore.com\\\/fr\\\/#website\"},\"primaryImageOfPage\":{\"@id\":\"https:\\\/\\\/revolutionpadelstore.com\\\/fr\\\/produit\\\/bullpadel-vertex-04-3\\\/#primaryimage\"},\"image\":{\"@id\":\"https:\\\/\\\/revolutionpadelstore.com\\\/fr\\\/produit\\\/bullpadel-vertex-04-3\\\/#primaryimage\"},\"thumbnailUrl\":\"https:\\\/\\\/revolutionpadelstore.com\\\/wp-content\\\/uploads\\\/2024\\\/03\\\/110865_pala_bullpadel_vertex_04_24_471605_1500x1500_vista1_a9ed-1.webp\",\"datePublished\":\"2024-03-13T13:50:36+00:00\",\"dateModified\":\"2026-04-08T13:08:53+00:00\",\"description\":\"Pala para jugadores de nivel avanzado o profesional, Bullpadel Vertex 04, con dise\u00f1o moderno y potente. Forma de diamante y balance alto para golpes letales. N\u00facleo goma Multieva y planos de Xtend Carbon 12K.\",\"breadcrumb\":{\"@id\":\"https:\\\/\\\/revolutionpadelstore.com\\\/fr\\\/produit\\\/bullpadel-vertex-04-3\\\/#breadcrumb\"},\"inLanguage\":\"fr-FR\",\"potentialAction\":[{\"@type\":\"ReadAction\",\"target\":[\"https:\\\/\\\/revolutionpadelstore.com\\\/fr\\\/produit\\\/bullpadel-vertex-04-3\\\/\"]}]},{\"@type\":\"ImageObject\",\"inLanguage\":\"fr-FR\",\"@id\":\"https:\\\/\\\/revolutionpadelstore.com\\\/fr\\\/produit\\\/bullpadel-vertex-04-3\\\/#primaryimage\",\"url\":\"https:\\\/\\\/revolutionpadelstore.com\\\/wp-content\\\/uploads\\\/2024\\\/03\\\/110865_pala_bullpadel_vertex_04_24_471605_1500x1500_vista1_a9ed-1.webp\",\"contentUrl\":\"https:\\\/\\\/revolutionpadelstore.com\\\/wp-content\\\/uploads\\\/2024\\\/03\\\/110865_pala_bullpadel_vertex_04_24_471605_1500x1500_vista1_a9ed-1.webp\",\"width\":1500,\"height\":1500,\"caption\":\"BULLPADEL VERTEX 04\"},{\"@type\":\"BreadcrumbList\",\"@id\":\"https:\\\/\\\/revolutionpadelstore.com\\\/fr\\\/produit\\\/bullpadel-vertex-04-3\\\/#breadcrumb\",\"itemListElement\":[{\"@type\":\"ListItem\",\"position\":1,\"name\":\"Portada\",\"item\":\"https:\\\/\\\/revolutionpadelstore.com\\\/fr\\\/\"},{\"@type\":\"ListItem\",\"position\":2,\"name\":\"Boutique\",\"item\":\"https:\\\/\\\/revolutionpadelstore.com\\\/fr\\\/tienda\\\/\"},{\"@type\":\"ListItem\",\"position\":3,\"name\":\"BULLPADEL VERTEX 04\"}]},{\"@type\":\"WebSite\",\"@id\":\"https:\\\/\\\/revolutionpadelstore.com\\\/fr\\\/#website\",\"url\":\"https:\\\/\\\/revolutionpadelstore.com\\\/fr\\\/\",\"name\":\"Revolution Padel Store\",\"description\":\"\",\"publisher\":{\"@id\":\"https:\\\/\\\/revolutionpadelstore.com\\\/fr\\\/#organization\"},\"potentialAction\":[{\"@type\":\"SearchAction\",\"target\":{\"@type\":\"EntryPoint\",\"urlTemplate\":\"https:\\\/\\\/revolutionpadelstore.com\\\/fr\\\/?s={search_term_string}\"},\"query-input\":{\"@type\":\"PropertyValueSpecification\",\"valueRequired\":true,\"valueName\":\"search_term_string\"}}],\"inLanguage\":\"fr-FR\"},{\"@type\":\"Organization\",\"@id\":\"https:\\\/\\\/revolutionpadelstore.com\\\/fr\\\/#organization\",\"name\":\"Revolution Padel Store\",\"url\":\"https:\\\/\\\/revolutionpadelstore.com\\\/fr\\\/\",\"logo\":{\"@type\":\"ImageObject\",\"inLanguage\":\"fr-FR\",\"@id\":\"https:\\\/\\\/revolutionpadelstore.com\\\/fr\\\/#\\\/schema\\\/logo\\\/image\\\/\",\"url\":\"https:\\\/\\\/revolutionpadelstore.com\\\/wp-content\\\/uploads\\\/2026\\\/02\\\/revolution-padel-store.jpg\",\"contentUrl\":\"https:\\\/\\\/revolutionpadelstore.com\\\/wp-content\\\/uploads\\\/2026\\\/02\\\/revolution-padel-store.jpg\",\"width\":2000,\"height\":2000,\"caption\":\"Revolution Padel Store\"},\"image\":{\"@id\":\"https:\\\/\\\/revolutionpadelstore.com\\\/fr\\\/#\\\/schema\\\/logo\\\/image\\\/\"},\"sameAs\":[\"https:\\\/\\\/www.instagram.com\\\/revolutionpadelstore\\\/\"]}]}<\/script>\n<!-- \/ Yoast SEO plugin. -->","yoast_head_json":{"title":"BULLPADEL VERTEX 04 - Revolution Padel Store","description":"Pala para jugadores de nivel avanzado o profesional, Bullpadel Vertex 04, con dise\u00f1o moderno y potente. Forma de diamante y balance alto para golpes letales. N\u00facleo goma Multieva y planos de Xtend Carbon 12K.","robots":{"index":"index","follow":"follow","max-snippet":"max-snippet:-1","max-image-preview":"max-image-preview:large","max-video-preview":"max-video-preview:-1"},"canonical":"https:\/\/revolutionpadelstore.com\/fr\/produit\/bullpadel-vertex-04-3\/","og_locale":"fr_FR","og_type":"article","og_title":"BULLPADEL VERTEX 04 - Revolution Padel Store","og_description":"Pala para jugadores de nivel avanzado o profesional, Bullpadel Vertex 04, con dise\u00f1o moderno y potente. Forma de diamante y balance alto para golpes letales. N\u00facleo goma Multieva y planos de Xtend Carbon 12K.","og_url":"https:\/\/revolutionpadelstore.com\/fr\/produit\/bullpadel-vertex-04-3\/","og_site_name":"Revolution Padel Store","article_modified_time":"2026-04-08T13:08:53+00:00","og_image":[{"width":1500,"height":1500,"url":"https:\/\/revolutionpadelstore.com\/wp-content\/uploads\/2024\/03\/110865_pala_bullpadel_vertex_04_24_471605_1500x1500_vista1_a9ed-1.webp","type":"image\/webp"}],"twitter_card":"summary_large_image","twitter_misc":{"Dur\u00e9e de lecture estim\u00e9e":"2 minutes"},"schema":{"@context":"https:\/\/schema.org","@graph":[{"@type":"WebPage","@id":"https:\/\/revolutionpadelstore.com\/fr\/produit\/bullpadel-vertex-04-3\/","url":"https:\/\/revolutionpadelstore.com\/fr\/produit\/bullpadel-vertex-04-3\/","name":"BULLPADEL VERTEX 04 - Revolution Padel Store","isPartOf":{"@id":"https:\/\/revolutionpadelstore.com\/fr\/#website"},"primaryImageOfPage":{"@id":"https:\/\/revolutionpadelstore.com\/fr\/produit\/bullpadel-vertex-04-3\/#primaryimage"},"image":{"@id":"https:\/\/revolutionpadelstore.com\/fr\/produit\/bullpadel-vertex-04-3\/#primaryimage"},"thumbnailUrl":"https:\/\/revolutionpadelstore.com\/wp-content\/uploads\/2024\/03\/110865_pala_bullpadel_vertex_04_24_471605_1500x1500_vista1_a9ed-1.webp","datePublished":"2024-03-13T13:50:36+00:00","dateModified":"2026-04-08T13:08:53+00:00","description":"Pala para jugadores de nivel avanzado o profesional, Bullpadel Vertex 04, con dise\u00f1o moderno y potente. Forma de diamante y balance alto para golpes letales. N\u00facleo goma Multieva y planos de Xtend Carbon 12K.","breadcrumb":{"@id":"https:\/\/revolutionpadelstore.com\/fr\/produit\/bullpadel-vertex-04-3\/#breadcrumb"},"inLanguage":"fr-FR","potentialAction":[{"@type":"ReadAction","target":["https:\/\/revolutionpadelstore.com\/fr\/produit\/bullpadel-vertex-04-3\/"]}]},{"@type":"ImageObject","inLanguage":"fr-FR","@id":"https:\/\/revolutionpadelstore.com\/fr\/produit\/bullpadel-vertex-04-3\/#primaryimage","url":"https:\/\/revolutionpadelstore.com\/wp-content\/uploads\/2024\/03\/110865_pala_bullpadel_vertex_04_24_471605_1500x1500_vista1_a9ed-1.webp","contentUrl":"https:\/\/revolutionpadelstore.com\/wp-content\/uploads\/2024\/03\/110865_pala_bullpadel_vertex_04_24_471605_1500x1500_vista1_a9ed-1.webp","width":1500,"height":1500,"caption":"BULLPADEL VERTEX 04"},{"@type":"BreadcrumbList","@id":"https:\/\/revolutionpadelstore.com\/fr\/produit\/bullpadel-vertex-04-3\/#breadcrumb","itemListElement":[{"@type":"ListItem","position":1,"name":"Portada","item":"https:\/\/revolutionpadelstore.com\/fr\/"},{"@type":"ListItem","position":2,"name":"Boutique","item":"https:\/\/revolutionpadelstore.com\/fr\/tienda\/"},{"@type":"ListItem","position":3,"name":"BULLPADEL VERTEX 04"}]},{"@type":"WebSite","@id":"https:\/\/revolutionpadelstore.com\/fr\/#website","url":"https:\/\/revolutionpadelstore.com\/fr\/","name":"Revolution Padel Store","description":"","publisher":{"@id":"https:\/\/revolutionpadelstore.com\/fr\/#organization"},"potentialAction":[{"@type":"SearchAction","target":{"@type":"EntryPoint","urlTemplate":"https:\/\/revolutionpadelstore.com\/fr\/?s={search_term_string}"},"query-input":{"@type":"PropertyValueSpecification","valueRequired":true,"valueName":"search_term_string"}}],"inLanguage":"fr-FR"},{"@type":"Organization","@id":"https:\/\/revolutionpadelstore.com\/fr\/#organization","name":"Revolution Padel Store","url":"https:\/\/revolutionpadelstore.com\/fr\/","logo":{"@type":"ImageObject","inLanguage":"fr-FR","@id":"https:\/\/revolutionpadelstore.com\/fr\/#\/schema\/logo\/image\/","url":"https:\/\/revolutionpadelstore.com\/wp-content\/uploads\/2026\/02\/revolution-padel-store.jpg","contentUrl":"https:\/\/revolutionpadelstore.com\/wp-content\/uploads\/2026\/02\/revolution-padel-store.jpg","width":2000,"height":2000,"caption":"Revolution Padel Store"},"image":{"@id":"https:\/\/revolutionpadelstore.com\/fr\/#\/schema\/logo\/image\/"},"sameAs":["https:\/\/www.instagram.com\/revolutionpadelstore\/"]}]}},"_links":{"self":[{"href":"https:\/\/revolutionpadelstore.com\/fr\/wp-json\/wp\/v2\/product\/20490","targetHints":{"allow":["GET"]}}],"collection":[{"href":"https:\/\/revolutionpadelstore.com\/fr\/wp-json\/wp\/v2\/product"}],"about":[{"href":"https:\/\/revolutionpadelstore.com\/fr\/wp-json\/wp\/v2\/types\/product"}],"replies":[{"embeddable":true,"href":"https:\/\/revolutionpadelstore.com\/fr\/wp-json\/wp\/v2\/comments?post=20490"}],"wp:featuredmedia":[{"embeddable":true,"href":"https:\/\/revolutionpadelstore.com\/fr\/wp-json\/wp\/v2\/media\/52839"}],"wp:attachment":[{"href":"https:\/\/revolutionpadelstore.com\/fr\/wp-json\/wp\/v2\/media?parent=20490"}],"wp:term":[{"taxonomy":"acabado","embeddable":true,"href":"https:\/\/revolutionpadelstore.com\/fr\/wp-json\/wp\/v2\/acabado?post=20490"},{"taxonomy":"balance","embeddable":true,"href":"https:\/\/revolutionpadelstore.com\/fr\/wp-json\/wp\/v2\/balance?post=20490"},{"taxonomy":"dureza","embeddable":true,"href":"https:\/\/revolutionpadelstore.com\/fr\/wp-json\/wp\/v2\/dureza?post=20490"},{"taxonomy":"forma","embeddable":true,"href":"https:\/\/revolutionpadelstore.com\/fr\/wp-json\/wp\/v2\/forma?post=20490"},{"taxonomy":"jugador","embeddable":true,"href":"https:\/\/revolutionpadelstore.com\/fr\/wp-json\/wp\/v2\/jugador?post=20490"},{"taxonomy":"marca","embeddable":true,"href":"https:\/\/revolutionpadelstore.com\/fr\/wp-json\/wp\/v2\/marca?post=20490"},{"taxonomy":"nivel-de-juego","embeddable":true,"href":"https:\/\/revolutionpadelstore.com\/fr\/wp-json\/wp\/v2\/nivel-de-juego?post=20490"},{"taxonomy":"superficie","embeddable":true,"href":"https:\/\/revolutionpadelstore.com\/fr\/wp-json\/wp\/v2\/superficie?post=20490"},{"taxonomy":"tipo-de-juego","embeddable":true,"href":"https:\/\/revolutionpadelstore.com\/fr\/wp-json\/wp\/v2\/tipo-de-juego?post=20490"},{"taxonomy":"product_brand","embeddable":true,"href":"https:\/\/revolutionpadelstore.com\/fr\/wp-json\/wp\/v2\/product_brand?post=20490"},{"taxonomy":"product_cat","embeddable":true,"href":"https:\/\/revolutionpadelstore.com\/fr\/wp-json\/wp\/v2\/product_cat?post=20490"},{"taxonomy":"product_tag","embeddable":true,"href":"https:\/\/revolutionpadelstore.com\/fr\/wp-json\/wp\/v2\/product_tag?post=20490"}],"curies":[{"name":"wp","href":"https:\/\/api.w.org\/{rel}","templated":true}]}}