{"id":20485,"date":"2024-03-13T14:53:29","date_gmt":"2024-03-13T13:53:29","guid":{"rendered":"https:\/\/revolutionpadelstore.com\/bullpadel-hack-03-hybrid-24\/"},"modified":"2026-04-08T15:08:19","modified_gmt":"2026-04-08T13:08:19","slug":"bullpadel-hack-03-hybrid-24-3","status":"publish","type":"product","link":"https:\/\/revolutionpadelstore.com\/fr\/produit\/bullpadel-hack-03-hybrid-24-3\/","title":{"rendered":"BULLPADEL HACK 03 HYBRID 24"},"content":{"rendered":"<h2>Bullpadel Hack 03 Hybrid 24, incarnez Paquito Navarro<\/h2>\n<p>La raquette Bullpadel Hack 03 Hybrid 24 est le choix parfait pour les joueurs de padel avanc\u00e9s ou professionnels \u00e0 la recherche d&#8217;un \u00e9quilibre exceptionnel entre contr\u00f4le et performance sur le terrain.<\/p>\n<p>Cette raquette de padel de gamme professionnelle a \u00e9t\u00e9 d\u00e9velopp\u00e9e en collaboration avec le l\u00e9gendaire joueur de padel <strong>Paquito Navarro<\/strong>, ce qui garantit sa qualit\u00e9 et ses performances exceptionnelles. Son design rond en fait un outil exceptionnel pour un contr\u00f4le maximal \u00e0 chaque coup, ce qui en fait un choix id\u00e9al pour les joueurs cherchant \u00e0 dominer le terrain avec pr\u00e9cision.<\/p>\n<h2>Raquette avec fibre de carbone et noyau MultiEVA<\/h2>\n<p>Le Bullpadel Hack 03 Hybrid 24 est construit avec des mat\u00e9riaux de haute qualit\u00e9 pour offrir des performances exceptionnelles. Le tube CarbonTube 100 % fibre de carbone offre une r\u00e9sistance exceptionnelle et une r\u00e9ponse pr\u00e9cise \u00e0 chaque coup. La combinaison de faces <strong><em>Tricarbon<\/em><\/strong>, d&#8217;un noyau <em><strong>MultiEVA <\/strong><\/em> et d&#8217;un cadre <em><strong>CW en aluminium \/strong&gt;<\/em> garantit un m\u00e9lange parfait de puissance et de contr\u00f4le.<\/p>\n<p>L&#8217;une des caract\u00e9ristiques remarquables de cette raquette est le syst\u00e8me <strong>Air React Channel<\/strong>, qui cr\u00e9e un cadre plus a\u00e9rodynamique, qui vous permettra de d\u00e9placer la raquette rapidement et pr\u00e9cis\u00e9ment sur le terrain. De plus, la surface rugueuse <em>3D Grain<\/em><\/strong> vous permet de donner une plus grande rotation \u00e0 la balle, ce qui vous donnera un avantage strat\u00e9gique dans le jeu.<\/p>\n<p>Le cadre <strong>Metalshield <\/strong><\/em> int\u00e8gre des plaques de poids <em><strong>CustomWeight<\/strong><\/em> qui vous permettent de modifier l&#8217;\u00e9quilibre de la raquette selon vos pr\u00e9f\u00e9rences, en l&#8217;adaptant \u00e0 votre style de jeu. Le syst\u00e8me <em><strong>Vibradrive<\/strong><\/em> absorbe les vibrations, offrant une sensation douce \u00e0 chaque coup et r\u00e9duisant les risques de blessures.<\/p>\n<p>Le c\u0153ur Hack et les canaux Nerve sur le c\u00f4t\u00e9 du cadre offrent une plus grande stabilit\u00e9 et puissance \u00e0 vos tirs. De plus, la poign\u00e9e Hesacore r\u00e9duit les vibrations, am\u00e9liorant ainsi votre confort pendant que vous jouez.<\/p>\n<h2>Bullpadel Hack 03 Hybrid 24, juega como Paquito Navarro<\/h2>\n","protected":false},"excerpt":{"rendered":"<p>Bullpadel Hack 03 Hybrid 24, jouez comme Paquito Navarro avec cette raquette. De forme ronde pour les joueurs de niveau avanc\u00e9 ou professionnel. Avec noyau MultiEVA pour contr\u00f4ler chaque coup.<\/p>\n","protected":false},"featured_media":52824,"comment_status":"open","ping_status":"closed","template":"","meta":{"_acf_changed":false,"_joinchat":[]},"acabado":[1082],"balance":[1147],"dureza":[1157],"forma":[1182],"jugador":[1192,1202],"marca":[1257],"nivel-de-juego":[1337],"superficie":[1362],"tipo-de-juego":[1372],"product_brand":[],"product_cat":[302],"product_tag":[],"class_list":{"0":"post-20485","1":"product","2":"type-product","3":"status-publish","4":"has-post-thumbnail","6":"acabado-luminosite","7":"balance-faible","8":"dureza-media-fr","9":"forma-rond","10":"jugador-homme","11":"jugador-polivalente-fr","12":"marca-bullpadel-fr","13":"superficie-rugosa-fr","14":"tipo-de-juego-control-fr","15":"product_cat-palas-de-padel-fr","17":"first","18":"instock","19":"sale","20":"taxable","21":"shipping-taxable","22":"purchasable","23":"product-type-simple"},"acf":[],"yoast_head":"<!-- This site is optimized with the Yoast SEO plugin v27.4 - https:\/\/yoast.com\/product\/yoast-seo-wordpress\/ -->\n<title>BULLPADEL HACK 03 HYBRID 24 - Revolution Padel Store<\/title>\n<meta name=\"description\" content=\"Bullpadel Hack 03 Hybrid 24, juega como Paquito Navarro con esta pala. De forma redonda para jugadores de nivel avanzado o profesional. Con n\u00facleo MultiEVA para control cada golpes.\" \/>\n<meta name=\"robots\" content=\"index, follow, max-snippet:-1, max-image-preview:large, max-video-preview:-1\" \/>\n<link rel=\"canonical\" href=\"https:\/\/revolutionpadelstore.com\/fr\/produit\/bullpadel-hack-03-hybrid-24-3\/\" \/>\n<meta property=\"og:locale\" content=\"fr_FR\" \/>\n<meta property=\"og:type\" content=\"article\" \/>\n<meta property=\"og:title\" content=\"BULLPADEL HACK 03 HYBRID 24 - Revolution Padel Store\" \/>\n<meta property=\"og:description\" content=\"Bullpadel Hack 03 Hybrid 24, juega como Paquito Navarro con esta pala. De forma redonda para jugadores de nivel avanzado o profesional. Con n\u00facleo MultiEVA para control cada golpes.\" \/>\n<meta property=\"og:url\" content=\"https:\/\/revolutionpadelstore.com\/fr\/produit\/bullpadel-hack-03-hybrid-24-3\/\" \/>\n<meta property=\"og:site_name\" content=\"Revolution Padel Store\" \/>\n<meta property=\"article:modified_time\" content=\"2026-04-08T13:08:19+00:00\" \/>\n<meta property=\"og:image\" content=\"https:\/\/revolutionpadelstore.com\/wp-content\/uploads\/2024\/03\/110863_pala_bullpadel_hack_03_hybrid_24_471603_1500x1500_vista1_f01c.webp\" \/>\n\t<meta property=\"og:image:width\" content=\"1500\" \/>\n\t<meta property=\"og:image:height\" content=\"1500\" \/>\n\t<meta property=\"og:image:type\" content=\"image\/webp\" \/>\n<meta name=\"twitter:card\" content=\"summary_large_image\" \/>\n<meta name=\"twitter:label1\" content=\"Dur\u00e9e de lecture estim\u00e9e\" \/>\n\t<meta name=\"twitter:data1\" content=\"2 minutes\" \/>\n<script type=\"application\/ld+json\" class=\"yoast-schema-graph\">{\"@context\":\"https:\\\/\\\/schema.org\",\"@graph\":[{\"@type\":\"WebPage\",\"@id\":\"https:\\\/\\\/revolutionpadelstore.com\\\/fr\\\/produit\\\/bullpadel-hack-03-hybrid-24-3\\\/\",\"url\":\"https:\\\/\\\/revolutionpadelstore.com\\\/fr\\\/produit\\\/bullpadel-hack-03-hybrid-24-3\\\/\",\"name\":\"BULLPADEL HACK 03 HYBRID 24 - Revolution Padel Store\",\"isPartOf\":{\"@id\":\"https:\\\/\\\/revolutionpadelstore.com\\\/fr\\\/#website\"},\"primaryImageOfPage\":{\"@id\":\"https:\\\/\\\/revolutionpadelstore.com\\\/fr\\\/produit\\\/bullpadel-hack-03-hybrid-24-3\\\/#primaryimage\"},\"image\":{\"@id\":\"https:\\\/\\\/revolutionpadelstore.com\\\/fr\\\/produit\\\/bullpadel-hack-03-hybrid-24-3\\\/#primaryimage\"},\"thumbnailUrl\":\"https:\\\/\\\/revolutionpadelstore.com\\\/wp-content\\\/uploads\\\/2024\\\/03\\\/110863_pala_bullpadel_hack_03_hybrid_24_471603_1500x1500_vista1_f01c.webp\",\"datePublished\":\"2024-03-13T13:53:29+00:00\",\"dateModified\":\"2026-04-08T13:08:19+00:00\",\"description\":\"Bullpadel Hack 03 Hybrid 24, juega como Paquito Navarro con esta pala. De forma redonda para jugadores de nivel avanzado o profesional. Con n\u00facleo MultiEVA para control cada golpes.\",\"breadcrumb\":{\"@id\":\"https:\\\/\\\/revolutionpadelstore.com\\\/fr\\\/produit\\\/bullpadel-hack-03-hybrid-24-3\\\/#breadcrumb\"},\"inLanguage\":\"fr-FR\",\"potentialAction\":[{\"@type\":\"ReadAction\",\"target\":[\"https:\\\/\\\/revolutionpadelstore.com\\\/fr\\\/produit\\\/bullpadel-hack-03-hybrid-24-3\\\/\"]}]},{\"@type\":\"ImageObject\",\"inLanguage\":\"fr-FR\",\"@id\":\"https:\\\/\\\/revolutionpadelstore.com\\\/fr\\\/produit\\\/bullpadel-hack-03-hybrid-24-3\\\/#primaryimage\",\"url\":\"https:\\\/\\\/revolutionpadelstore.com\\\/wp-content\\\/uploads\\\/2024\\\/03\\\/110863_pala_bullpadel_hack_03_hybrid_24_471603_1500x1500_vista1_f01c.webp\",\"contentUrl\":\"https:\\\/\\\/revolutionpadelstore.com\\\/wp-content\\\/uploads\\\/2024\\\/03\\\/110863_pala_bullpadel_hack_03_hybrid_24_471603_1500x1500_vista1_f01c.webp\",\"width\":1500,\"height\":1500},{\"@type\":\"BreadcrumbList\",\"@id\":\"https:\\\/\\\/revolutionpadelstore.com\\\/fr\\\/produit\\\/bullpadel-hack-03-hybrid-24-3\\\/#breadcrumb\",\"itemListElement\":[{\"@type\":\"ListItem\",\"position\":1,\"name\":\"Portada\",\"item\":\"https:\\\/\\\/revolutionpadelstore.com\\\/fr\\\/\"},{\"@type\":\"ListItem\",\"position\":2,\"name\":\"Boutique\",\"item\":\"https:\\\/\\\/revolutionpadelstore.com\\\/fr\\\/tienda\\\/\"},{\"@type\":\"ListItem\",\"position\":3,\"name\":\"BULLPADEL HACK 03 HYBRID 24\"}]},{\"@type\":\"WebSite\",\"@id\":\"https:\\\/\\\/revolutionpadelstore.com\\\/fr\\\/#website\",\"url\":\"https:\\\/\\\/revolutionpadelstore.com\\\/fr\\\/\",\"name\":\"Revolution Padel Store\",\"description\":\"\",\"publisher\":{\"@id\":\"https:\\\/\\\/revolutionpadelstore.com\\\/fr\\\/#organization\"},\"potentialAction\":[{\"@type\":\"SearchAction\",\"target\":{\"@type\":\"EntryPoint\",\"urlTemplate\":\"https:\\\/\\\/revolutionpadelstore.com\\\/fr\\\/?s={search_term_string}\"},\"query-input\":{\"@type\":\"PropertyValueSpecification\",\"valueRequired\":true,\"valueName\":\"search_term_string\"}}],\"inLanguage\":\"fr-FR\"},{\"@type\":\"Organization\",\"@id\":\"https:\\\/\\\/revolutionpadelstore.com\\\/fr\\\/#organization\",\"name\":\"Revolution Padel Store\",\"url\":\"https:\\\/\\\/revolutionpadelstore.com\\\/fr\\\/\",\"logo\":{\"@type\":\"ImageObject\",\"inLanguage\":\"fr-FR\",\"@id\":\"https:\\\/\\\/revolutionpadelstore.com\\\/fr\\\/#\\\/schema\\\/logo\\\/image\\\/\",\"url\":\"https:\\\/\\\/revolutionpadelstore.com\\\/wp-content\\\/uploads\\\/2026\\\/02\\\/revolution-padel-store.jpg\",\"contentUrl\":\"https:\\\/\\\/revolutionpadelstore.com\\\/wp-content\\\/uploads\\\/2026\\\/02\\\/revolution-padel-store.jpg\",\"width\":2000,\"height\":2000,\"caption\":\"Revolution Padel Store\"},\"image\":{\"@id\":\"https:\\\/\\\/revolutionpadelstore.com\\\/fr\\\/#\\\/schema\\\/logo\\\/image\\\/\"},\"sameAs\":[\"https:\\\/\\\/www.instagram.com\\\/revolutionpadelstore\\\/\"]}]}<\/script>\n<!-- \/ Yoast SEO plugin. -->","yoast_head_json":{"title":"BULLPADEL HACK 03 HYBRID 24 - Revolution Padel Store","description":"Bullpadel Hack 03 Hybrid 24, juega como Paquito Navarro con esta pala. De forma redonda para jugadores de nivel avanzado o profesional. Con n\u00facleo MultiEVA para control cada golpes.","robots":{"index":"index","follow":"follow","max-snippet":"max-snippet:-1","max-image-preview":"max-image-preview:large","max-video-preview":"max-video-preview:-1"},"canonical":"https:\/\/revolutionpadelstore.com\/fr\/produit\/bullpadel-hack-03-hybrid-24-3\/","og_locale":"fr_FR","og_type":"article","og_title":"BULLPADEL HACK 03 HYBRID 24 - Revolution Padel Store","og_description":"Bullpadel Hack 03 Hybrid 24, juega como Paquito Navarro con esta pala. De forma redonda para jugadores de nivel avanzado o profesional. Con n\u00facleo MultiEVA para control cada golpes.","og_url":"https:\/\/revolutionpadelstore.com\/fr\/produit\/bullpadel-hack-03-hybrid-24-3\/","og_site_name":"Revolution Padel Store","article_modified_time":"2026-04-08T13:08:19+00:00","og_image":[{"width":1500,"height":1500,"url":"https:\/\/revolutionpadelstore.com\/wp-content\/uploads\/2024\/03\/110863_pala_bullpadel_hack_03_hybrid_24_471603_1500x1500_vista1_f01c.webp","type":"image\/webp"}],"twitter_card":"summary_large_image","twitter_misc":{"Dur\u00e9e de lecture estim\u00e9e":"2 minutes"},"schema":{"@context":"https:\/\/schema.org","@graph":[{"@type":"WebPage","@id":"https:\/\/revolutionpadelstore.com\/fr\/produit\/bullpadel-hack-03-hybrid-24-3\/","url":"https:\/\/revolutionpadelstore.com\/fr\/produit\/bullpadel-hack-03-hybrid-24-3\/","name":"BULLPADEL HACK 03 HYBRID 24 - Revolution Padel Store","isPartOf":{"@id":"https:\/\/revolutionpadelstore.com\/fr\/#website"},"primaryImageOfPage":{"@id":"https:\/\/revolutionpadelstore.com\/fr\/produit\/bullpadel-hack-03-hybrid-24-3\/#primaryimage"},"image":{"@id":"https:\/\/revolutionpadelstore.com\/fr\/produit\/bullpadel-hack-03-hybrid-24-3\/#primaryimage"},"thumbnailUrl":"https:\/\/revolutionpadelstore.com\/wp-content\/uploads\/2024\/03\/110863_pala_bullpadel_hack_03_hybrid_24_471603_1500x1500_vista1_f01c.webp","datePublished":"2024-03-13T13:53:29+00:00","dateModified":"2026-04-08T13:08:19+00:00","description":"Bullpadel Hack 03 Hybrid 24, juega como Paquito Navarro con esta pala. De forma redonda para jugadores de nivel avanzado o profesional. Con n\u00facleo MultiEVA para control cada golpes.","breadcrumb":{"@id":"https:\/\/revolutionpadelstore.com\/fr\/produit\/bullpadel-hack-03-hybrid-24-3\/#breadcrumb"},"inLanguage":"fr-FR","potentialAction":[{"@type":"ReadAction","target":["https:\/\/revolutionpadelstore.com\/fr\/produit\/bullpadel-hack-03-hybrid-24-3\/"]}]},{"@type":"ImageObject","inLanguage":"fr-FR","@id":"https:\/\/revolutionpadelstore.com\/fr\/produit\/bullpadel-hack-03-hybrid-24-3\/#primaryimage","url":"https:\/\/revolutionpadelstore.com\/wp-content\/uploads\/2024\/03\/110863_pala_bullpadel_hack_03_hybrid_24_471603_1500x1500_vista1_f01c.webp","contentUrl":"https:\/\/revolutionpadelstore.com\/wp-content\/uploads\/2024\/03\/110863_pala_bullpadel_hack_03_hybrid_24_471603_1500x1500_vista1_f01c.webp","width":1500,"height":1500},{"@type":"BreadcrumbList","@id":"https:\/\/revolutionpadelstore.com\/fr\/produit\/bullpadel-hack-03-hybrid-24-3\/#breadcrumb","itemListElement":[{"@type":"ListItem","position":1,"name":"Portada","item":"https:\/\/revolutionpadelstore.com\/fr\/"},{"@type":"ListItem","position":2,"name":"Boutique","item":"https:\/\/revolutionpadelstore.com\/fr\/tienda\/"},{"@type":"ListItem","position":3,"name":"BULLPADEL HACK 03 HYBRID 24"}]},{"@type":"WebSite","@id":"https:\/\/revolutionpadelstore.com\/fr\/#website","url":"https:\/\/revolutionpadelstore.com\/fr\/","name":"Revolution Padel Store","description":"","publisher":{"@id":"https:\/\/revolutionpadelstore.com\/fr\/#organization"},"potentialAction":[{"@type":"SearchAction","target":{"@type":"EntryPoint","urlTemplate":"https:\/\/revolutionpadelstore.com\/fr\/?s={search_term_string}"},"query-input":{"@type":"PropertyValueSpecification","valueRequired":true,"valueName":"search_term_string"}}],"inLanguage":"fr-FR"},{"@type":"Organization","@id":"https:\/\/revolutionpadelstore.com\/fr\/#organization","name":"Revolution Padel Store","url":"https:\/\/revolutionpadelstore.com\/fr\/","logo":{"@type":"ImageObject","inLanguage":"fr-FR","@id":"https:\/\/revolutionpadelstore.com\/fr\/#\/schema\/logo\/image\/","url":"https:\/\/revolutionpadelstore.com\/wp-content\/uploads\/2026\/02\/revolution-padel-store.jpg","contentUrl":"https:\/\/revolutionpadelstore.com\/wp-content\/uploads\/2026\/02\/revolution-padel-store.jpg","width":2000,"height":2000,"caption":"Revolution Padel Store"},"image":{"@id":"https:\/\/revolutionpadelstore.com\/fr\/#\/schema\/logo\/image\/"},"sameAs":["https:\/\/www.instagram.com\/revolutionpadelstore\/"]}]}},"_links":{"self":[{"href":"https:\/\/revolutionpadelstore.com\/fr\/wp-json\/wp\/v2\/product\/20485","targetHints":{"allow":["GET"]}}],"collection":[{"href":"https:\/\/revolutionpadelstore.com\/fr\/wp-json\/wp\/v2\/product"}],"about":[{"href":"https:\/\/revolutionpadelstore.com\/fr\/wp-json\/wp\/v2\/types\/product"}],"replies":[{"embeddable":true,"href":"https:\/\/revolutionpadelstore.com\/fr\/wp-json\/wp\/v2\/comments?post=20485"}],"wp:featuredmedia":[{"embeddable":true,"href":"https:\/\/revolutionpadelstore.com\/fr\/wp-json\/wp\/v2\/media\/52824"}],"wp:attachment":[{"href":"https:\/\/revolutionpadelstore.com\/fr\/wp-json\/wp\/v2\/media?parent=20485"}],"wp:term":[{"taxonomy":"acabado","embeddable":true,"href":"https:\/\/revolutionpadelstore.com\/fr\/wp-json\/wp\/v2\/acabado?post=20485"},{"taxonomy":"balance","embeddable":true,"href":"https:\/\/revolutionpadelstore.com\/fr\/wp-json\/wp\/v2\/balance?post=20485"},{"taxonomy":"dureza","embeddable":true,"href":"https:\/\/revolutionpadelstore.com\/fr\/wp-json\/wp\/v2\/dureza?post=20485"},{"taxonomy":"forma","embeddable":true,"href":"https:\/\/revolutionpadelstore.com\/fr\/wp-json\/wp\/v2\/forma?post=20485"},{"taxonomy":"jugador","embeddable":true,"href":"https:\/\/revolutionpadelstore.com\/fr\/wp-json\/wp\/v2\/jugador?post=20485"},{"taxonomy":"marca","embeddable":true,"href":"https:\/\/revolutionpadelstore.com\/fr\/wp-json\/wp\/v2\/marca?post=20485"},{"taxonomy":"nivel-de-juego","embeddable":true,"href":"https:\/\/revolutionpadelstore.com\/fr\/wp-json\/wp\/v2\/nivel-de-juego?post=20485"},{"taxonomy":"superficie","embeddable":true,"href":"https:\/\/revolutionpadelstore.com\/fr\/wp-json\/wp\/v2\/superficie?post=20485"},{"taxonomy":"tipo-de-juego","embeddable":true,"href":"https:\/\/revolutionpadelstore.com\/fr\/wp-json\/wp\/v2\/tipo-de-juego?post=20485"},{"taxonomy":"product_brand","embeddable":true,"href":"https:\/\/revolutionpadelstore.com\/fr\/wp-json\/wp\/v2\/product_brand?post=20485"},{"taxonomy":"product_cat","embeddable":true,"href":"https:\/\/revolutionpadelstore.com\/fr\/wp-json\/wp\/v2\/product_cat?post=20485"},{"taxonomy":"product_tag","embeddable":true,"href":"https:\/\/revolutionpadelstore.com\/fr\/wp-json\/wp\/v2\/product_tag?post=20485"}],"curies":[{"name":"wp","href":"https:\/\/api.w.org\/{rel}","templated":true}]}}