{"id":20480,"date":"2024-03-13T15:12:30","date_gmt":"2024-03-13T14:12:30","guid":{"rendered":"https:\/\/revolutionpadelstore.com\/bullpadel-hack-03-24\/"},"modified":"2026-04-08T15:07:42","modified_gmt":"2026-04-08T13:07:42","slug":"bullpadel-hack-03-24-3","status":"publish","type":"product","link":"https:\/\/revolutionpadelstore.com\/fr\/produit\/bullpadel-hack-03-24-3\/","title":{"rendered":"BULLPADEL HACK 03 24"},"content":{"rendered":"<h2>Bullpadel Hack 03 24, la raquette d\u00e9finitive de Paquito Navarro pour 2024<\/h2>\n<p>Le Bullpadel Hack 03 24, qui fait partie de la collection <strong>2024<\/strong> et d\u00e9velopp\u00e9 en collaboration avec le l\u00e9gendaire <strong>Paquito Navarro<\/strong>, incarne la perfection dans chaque coup. Con\u00e7ue pour les <strong>joueurs de niveau avanc\u00e9 et professionnels<\/strong>, cette raquette de padel est le choix d\u00e9finitif pour ceux qui recherchent un jeu puissant et technique.<\/p>\n<p>La forme en diamant est id\u00e9ale pour travailler la technique de puissance, ce qui en fait l&#8217;outil parfait pour dominer le terrain. Sa composition ext\u00e9rieure en Tricarbon et son noyau en MultiEVA de diff\u00e9rentes densit\u00e9s garantissent une combinaison unique de r\u00e9sistance et de r\u00e9ponse, qui se traduit par des performances in\u00e9gal\u00e9es \u00e0 chaque tir.<\/p>\n<p>La technologie <strong><em>Aluminium CW<\/em><\/strong> pr\u00e9sente dans le protecteur de raquette de padel offre une durabilit\u00e9 et une protection suppl\u00e9mentaires, garantissant qu&#8217;elle reste en parfait \u00e9tat m\u00eame apr\u00e8s les matchs les plus intenses. De plus, le syst\u00e8me <em><strong>Air React Channel <\/strong><\/em> et le <strong>tuyau 100% carbone <em>CarbonTube<\/em><\/strong><em> <\/em> Ils rendent cette raquette exceptionnellement l\u00e9g\u00e8re et a\u00e9rodynamique, vous permettant de vous d\u00e9placer rapidement sur le court avec un contr\u00f4le absolu.<\/p>\n<h2>Jouez avec les effets avec la finition brute 3D<\/h2>\n<p>Avec une finition rugueuse <em><strong>3D Grain<\/strong><\/em>, qui offre une adh\u00e9rence exceptionnelle et permet de cr\u00e9er des effets d\u00e9vastateurs sur le ballon. De plus, le cadre <em><strong>Metalshield <\/strong><\/em> int\u00e8gre la technologie <em><strong>CustomWeight<\/strong><\/em>, vous permettant de personnaliser l&#8217;\u00e9quilibre de la raquette en fonction de votre besoins individuels, vous donnant ainsi un contr\u00f4le encore plus grand sur votre jeu.<\/p>\n<p>Avec le syst\u00e8me <em><strong>Vibradrive<\/strong><\/em>, qui r\u00e9duit les vibrations g\u00eanantes dans le bras et vous permet de jouer plus confortablement et sans soucis. Les canaux Hack Heart et Nerve dans le cadre apportent une stabilit\u00e9 et une puissance suppl\u00e9mentaires \u00e0 vos frappes, faisant de chaque point un pas de plus vers la victoire. Il est \u00e9quip\u00e9 du Hesacorre Grip, qui permet de pr\u00e9venir les blessures caus\u00e9es par les vibrations.<\/p>\n<h2>Bullpadel Hack 03 24, la pala definitiva de Paquito Navarro para 2024<\/h2>\n","protected":false},"excerpt":{"rendered":"<p>Bullpadel Hack 03 24, la raquette de Paquito Navarro pour la saison 2024. Une raquette diamant avec les meilleurs mat\u00e9riaux pour les joueurs de padel avanc\u00e9s.<\/p>\n","protected":false},"featured_media":52800,"comment_status":"open","ping_status":"closed","template":"","meta":{"_acf_changed":false,"_joinchat":[]},"acabado":[1082],"balance":[1137],"dureza":[1157],"forma":[1172],"jugador":[1192,1202],"marca":[1257],"nivel-de-juego":[1337],"superficie":[1362],"tipo-de-juego":[1377],"product_brand":[],"product_cat":[302],"product_tag":[],"class_list":{"0":"post-20480","1":"product","2":"type-product","3":"status-publish","4":"has-post-thumbnail","6":"acabado-luminosite","7":"balance-eleve","8":"dureza-media-fr","9":"forma-diamant","10":"jugador-homme","11":"jugador-polivalente-fr","12":"marca-bullpadel-fr","13":"superficie-rugosa-fr","14":"tipo-de-juego-puissance","15":"product_cat-palas-de-padel-fr","17":"first","18":"instock","19":"sale","20":"taxable","21":"shipping-taxable","22":"purchasable","23":"product-type-simple"},"acf":[],"yoast_head":"<!-- This site is optimized with the Yoast SEO plugin v27.4 - https:\/\/yoast.com\/product\/yoast-seo-wordpress\/ -->\n<title>BULLPADEL HACK 03 24 - Revolution Padel Store<\/title>\n<meta name=\"description\" content=\"Bullpadel Hack 03 24, pala de Paquito Navarro para la temporada de 2024. Una pala de diamante con los mejores materiales para jugadores avanzados de p\u00e1del.\" \/>\n<meta name=\"robots\" content=\"index, follow, max-snippet:-1, max-image-preview:large, max-video-preview:-1\" \/>\n<link rel=\"canonical\" href=\"https:\/\/revolutionpadelstore.com\/fr\/produit\/bullpadel-hack-03-24-3\/\" \/>\n<meta property=\"og:locale\" content=\"fr_FR\" \/>\n<meta property=\"og:type\" content=\"article\" \/>\n<meta property=\"og:title\" content=\"BULLPADEL HACK 03 24 - Revolution Padel Store\" \/>\n<meta property=\"og:description\" content=\"Bullpadel Hack 03 24, pala de Paquito Navarro para la temporada de 2024. Una pala de diamante con los mejores materiales para jugadores avanzados de p\u00e1del.\" \/>\n<meta property=\"og:url\" content=\"https:\/\/revolutionpadelstore.com\/fr\/produit\/bullpadel-hack-03-24-3\/\" \/>\n<meta property=\"og:site_name\" content=\"Revolution Padel Store\" \/>\n<meta property=\"article:modified_time\" content=\"2026-04-08T13:07:42+00:00\" \/>\n<meta property=\"og:image\" content=\"https:\/\/revolutionpadelstore.com\/wp-content\/uploads\/2024\/03\/110861_pala_bullpadel_hack_03_24_471602_1500x1500_vista1_0fbc.webp\" \/>\n\t<meta property=\"og:image:width\" content=\"1500\" \/>\n\t<meta property=\"og:image:height\" content=\"1500\" \/>\n\t<meta property=\"og:image:type\" content=\"image\/webp\" \/>\n<meta name=\"twitter:card\" content=\"summary_large_image\" \/>\n<meta name=\"twitter:label1\" content=\"Dur\u00e9e de lecture estim\u00e9e\" \/>\n\t<meta name=\"twitter:data1\" content=\"2 minutes\" \/>\n<script type=\"application\/ld+json\" class=\"yoast-schema-graph\">{\"@context\":\"https:\\\/\\\/schema.org\",\"@graph\":[{\"@type\":\"WebPage\",\"@id\":\"https:\\\/\\\/revolutionpadelstore.com\\\/fr\\\/produit\\\/bullpadel-hack-03-24-3\\\/\",\"url\":\"https:\\\/\\\/revolutionpadelstore.com\\\/fr\\\/produit\\\/bullpadel-hack-03-24-3\\\/\",\"name\":\"BULLPADEL HACK 03 24 - Revolution Padel Store\",\"isPartOf\":{\"@id\":\"https:\\\/\\\/revolutionpadelstore.com\\\/fr\\\/#website\"},\"primaryImageOfPage\":{\"@id\":\"https:\\\/\\\/revolutionpadelstore.com\\\/fr\\\/produit\\\/bullpadel-hack-03-24-3\\\/#primaryimage\"},\"image\":{\"@id\":\"https:\\\/\\\/revolutionpadelstore.com\\\/fr\\\/produit\\\/bullpadel-hack-03-24-3\\\/#primaryimage\"},\"thumbnailUrl\":\"https:\\\/\\\/revolutionpadelstore.com\\\/wp-content\\\/uploads\\\/2024\\\/03\\\/110861_pala_bullpadel_hack_03_24_471602_1500x1500_vista1_0fbc.webp\",\"datePublished\":\"2024-03-13T14:12:30+00:00\",\"dateModified\":\"2026-04-08T13:07:42+00:00\",\"description\":\"Bullpadel Hack 03 24, pala de Paquito Navarro para la temporada de 2024. Una pala de diamante con los mejores materiales para jugadores avanzados de p\u00e1del.\",\"breadcrumb\":{\"@id\":\"https:\\\/\\\/revolutionpadelstore.com\\\/fr\\\/produit\\\/bullpadel-hack-03-24-3\\\/#breadcrumb\"},\"inLanguage\":\"fr-FR\",\"potentialAction\":[{\"@type\":\"ReadAction\",\"target\":[\"https:\\\/\\\/revolutionpadelstore.com\\\/fr\\\/produit\\\/bullpadel-hack-03-24-3\\\/\"]}]},{\"@type\":\"ImageObject\",\"inLanguage\":\"fr-FR\",\"@id\":\"https:\\\/\\\/revolutionpadelstore.com\\\/fr\\\/produit\\\/bullpadel-hack-03-24-3\\\/#primaryimage\",\"url\":\"https:\\\/\\\/revolutionpadelstore.com\\\/wp-content\\\/uploads\\\/2024\\\/03\\\/110861_pala_bullpadel_hack_03_24_471602_1500x1500_vista1_0fbc.webp\",\"contentUrl\":\"https:\\\/\\\/revolutionpadelstore.com\\\/wp-content\\\/uploads\\\/2024\\\/03\\\/110861_pala_bullpadel_hack_03_24_471602_1500x1500_vista1_0fbc.webp\",\"width\":1500,\"height\":1500},{\"@type\":\"BreadcrumbList\",\"@id\":\"https:\\\/\\\/revolutionpadelstore.com\\\/fr\\\/produit\\\/bullpadel-hack-03-24-3\\\/#breadcrumb\",\"itemListElement\":[{\"@type\":\"ListItem\",\"position\":1,\"name\":\"Portada\",\"item\":\"https:\\\/\\\/revolutionpadelstore.com\\\/fr\\\/\"},{\"@type\":\"ListItem\",\"position\":2,\"name\":\"Boutique\",\"item\":\"https:\\\/\\\/revolutionpadelstore.com\\\/fr\\\/tienda\\\/\"},{\"@type\":\"ListItem\",\"position\":3,\"name\":\"BULLPADEL HACK 03 24\"}]},{\"@type\":\"WebSite\",\"@id\":\"https:\\\/\\\/revolutionpadelstore.com\\\/fr\\\/#website\",\"url\":\"https:\\\/\\\/revolutionpadelstore.com\\\/fr\\\/\",\"name\":\"Revolution Padel Store\",\"description\":\"\",\"publisher\":{\"@id\":\"https:\\\/\\\/revolutionpadelstore.com\\\/fr\\\/#organization\"},\"potentialAction\":[{\"@type\":\"SearchAction\",\"target\":{\"@type\":\"EntryPoint\",\"urlTemplate\":\"https:\\\/\\\/revolutionpadelstore.com\\\/fr\\\/?s={search_term_string}\"},\"query-input\":{\"@type\":\"PropertyValueSpecification\",\"valueRequired\":true,\"valueName\":\"search_term_string\"}}],\"inLanguage\":\"fr-FR\"},{\"@type\":\"Organization\",\"@id\":\"https:\\\/\\\/revolutionpadelstore.com\\\/fr\\\/#organization\",\"name\":\"Revolution Padel Store\",\"url\":\"https:\\\/\\\/revolutionpadelstore.com\\\/fr\\\/\",\"logo\":{\"@type\":\"ImageObject\",\"inLanguage\":\"fr-FR\",\"@id\":\"https:\\\/\\\/revolutionpadelstore.com\\\/fr\\\/#\\\/schema\\\/logo\\\/image\\\/\",\"url\":\"https:\\\/\\\/revolutionpadelstore.com\\\/wp-content\\\/uploads\\\/2026\\\/02\\\/revolution-padel-store.jpg\",\"contentUrl\":\"https:\\\/\\\/revolutionpadelstore.com\\\/wp-content\\\/uploads\\\/2026\\\/02\\\/revolution-padel-store.jpg\",\"width\":2000,\"height\":2000,\"caption\":\"Revolution Padel Store\"},\"image\":{\"@id\":\"https:\\\/\\\/revolutionpadelstore.com\\\/fr\\\/#\\\/schema\\\/logo\\\/image\\\/\"},\"sameAs\":[\"https:\\\/\\\/www.instagram.com\\\/revolutionpadelstore\\\/\"]}]}<\/script>\n<!-- \/ Yoast SEO plugin. -->","yoast_head_json":{"title":"BULLPADEL HACK 03 24 - Revolution Padel Store","description":"Bullpadel Hack 03 24, pala de Paquito Navarro para la temporada de 2024. Una pala de diamante con los mejores materiales para jugadores avanzados de p\u00e1del.","robots":{"index":"index","follow":"follow","max-snippet":"max-snippet:-1","max-image-preview":"max-image-preview:large","max-video-preview":"max-video-preview:-1"},"canonical":"https:\/\/revolutionpadelstore.com\/fr\/produit\/bullpadel-hack-03-24-3\/","og_locale":"fr_FR","og_type":"article","og_title":"BULLPADEL HACK 03 24 - Revolution Padel Store","og_description":"Bullpadel Hack 03 24, pala de Paquito Navarro para la temporada de 2024. Una pala de diamante con los mejores materiales para jugadores avanzados de p\u00e1del.","og_url":"https:\/\/revolutionpadelstore.com\/fr\/produit\/bullpadel-hack-03-24-3\/","og_site_name":"Revolution Padel Store","article_modified_time":"2026-04-08T13:07:42+00:00","og_image":[{"width":1500,"height":1500,"url":"https:\/\/revolutionpadelstore.com\/wp-content\/uploads\/2024\/03\/110861_pala_bullpadel_hack_03_24_471602_1500x1500_vista1_0fbc.webp","type":"image\/webp"}],"twitter_card":"summary_large_image","twitter_misc":{"Dur\u00e9e de lecture estim\u00e9e":"2 minutes"},"schema":{"@context":"https:\/\/schema.org","@graph":[{"@type":"WebPage","@id":"https:\/\/revolutionpadelstore.com\/fr\/produit\/bullpadel-hack-03-24-3\/","url":"https:\/\/revolutionpadelstore.com\/fr\/produit\/bullpadel-hack-03-24-3\/","name":"BULLPADEL HACK 03 24 - Revolution Padel Store","isPartOf":{"@id":"https:\/\/revolutionpadelstore.com\/fr\/#website"},"primaryImageOfPage":{"@id":"https:\/\/revolutionpadelstore.com\/fr\/produit\/bullpadel-hack-03-24-3\/#primaryimage"},"image":{"@id":"https:\/\/revolutionpadelstore.com\/fr\/produit\/bullpadel-hack-03-24-3\/#primaryimage"},"thumbnailUrl":"https:\/\/revolutionpadelstore.com\/wp-content\/uploads\/2024\/03\/110861_pala_bullpadel_hack_03_24_471602_1500x1500_vista1_0fbc.webp","datePublished":"2024-03-13T14:12:30+00:00","dateModified":"2026-04-08T13:07:42+00:00","description":"Bullpadel Hack 03 24, pala de Paquito Navarro para la temporada de 2024. Una pala de diamante con los mejores materiales para jugadores avanzados de p\u00e1del.","breadcrumb":{"@id":"https:\/\/revolutionpadelstore.com\/fr\/produit\/bullpadel-hack-03-24-3\/#breadcrumb"},"inLanguage":"fr-FR","potentialAction":[{"@type":"ReadAction","target":["https:\/\/revolutionpadelstore.com\/fr\/produit\/bullpadel-hack-03-24-3\/"]}]},{"@type":"ImageObject","inLanguage":"fr-FR","@id":"https:\/\/revolutionpadelstore.com\/fr\/produit\/bullpadel-hack-03-24-3\/#primaryimage","url":"https:\/\/revolutionpadelstore.com\/wp-content\/uploads\/2024\/03\/110861_pala_bullpadel_hack_03_24_471602_1500x1500_vista1_0fbc.webp","contentUrl":"https:\/\/revolutionpadelstore.com\/wp-content\/uploads\/2024\/03\/110861_pala_bullpadel_hack_03_24_471602_1500x1500_vista1_0fbc.webp","width":1500,"height":1500},{"@type":"BreadcrumbList","@id":"https:\/\/revolutionpadelstore.com\/fr\/produit\/bullpadel-hack-03-24-3\/#breadcrumb","itemListElement":[{"@type":"ListItem","position":1,"name":"Portada","item":"https:\/\/revolutionpadelstore.com\/fr\/"},{"@type":"ListItem","position":2,"name":"Boutique","item":"https:\/\/revolutionpadelstore.com\/fr\/tienda\/"},{"@type":"ListItem","position":3,"name":"BULLPADEL HACK 03 24"}]},{"@type":"WebSite","@id":"https:\/\/revolutionpadelstore.com\/fr\/#website","url":"https:\/\/revolutionpadelstore.com\/fr\/","name":"Revolution Padel Store","description":"","publisher":{"@id":"https:\/\/revolutionpadelstore.com\/fr\/#organization"},"potentialAction":[{"@type":"SearchAction","target":{"@type":"EntryPoint","urlTemplate":"https:\/\/revolutionpadelstore.com\/fr\/?s={search_term_string}"},"query-input":{"@type":"PropertyValueSpecification","valueRequired":true,"valueName":"search_term_string"}}],"inLanguage":"fr-FR"},{"@type":"Organization","@id":"https:\/\/revolutionpadelstore.com\/fr\/#organization","name":"Revolution Padel Store","url":"https:\/\/revolutionpadelstore.com\/fr\/","logo":{"@type":"ImageObject","inLanguage":"fr-FR","@id":"https:\/\/revolutionpadelstore.com\/fr\/#\/schema\/logo\/image\/","url":"https:\/\/revolutionpadelstore.com\/wp-content\/uploads\/2026\/02\/revolution-padel-store.jpg","contentUrl":"https:\/\/revolutionpadelstore.com\/wp-content\/uploads\/2026\/02\/revolution-padel-store.jpg","width":2000,"height":2000,"caption":"Revolution Padel Store"},"image":{"@id":"https:\/\/revolutionpadelstore.com\/fr\/#\/schema\/logo\/image\/"},"sameAs":["https:\/\/www.instagram.com\/revolutionpadelstore\/"]}]}},"_links":{"self":[{"href":"https:\/\/revolutionpadelstore.com\/fr\/wp-json\/wp\/v2\/product\/20480","targetHints":{"allow":["GET"]}}],"collection":[{"href":"https:\/\/revolutionpadelstore.com\/fr\/wp-json\/wp\/v2\/product"}],"about":[{"href":"https:\/\/revolutionpadelstore.com\/fr\/wp-json\/wp\/v2\/types\/product"}],"replies":[{"embeddable":true,"href":"https:\/\/revolutionpadelstore.com\/fr\/wp-json\/wp\/v2\/comments?post=20480"}],"wp:featuredmedia":[{"embeddable":true,"href":"https:\/\/revolutionpadelstore.com\/fr\/wp-json\/wp\/v2\/media\/52800"}],"wp:attachment":[{"href":"https:\/\/revolutionpadelstore.com\/fr\/wp-json\/wp\/v2\/media?parent=20480"}],"wp:term":[{"taxonomy":"acabado","embeddable":true,"href":"https:\/\/revolutionpadelstore.com\/fr\/wp-json\/wp\/v2\/acabado?post=20480"},{"taxonomy":"balance","embeddable":true,"href":"https:\/\/revolutionpadelstore.com\/fr\/wp-json\/wp\/v2\/balance?post=20480"},{"taxonomy":"dureza","embeddable":true,"href":"https:\/\/revolutionpadelstore.com\/fr\/wp-json\/wp\/v2\/dureza?post=20480"},{"taxonomy":"forma","embeddable":true,"href":"https:\/\/revolutionpadelstore.com\/fr\/wp-json\/wp\/v2\/forma?post=20480"},{"taxonomy":"jugador","embeddable":true,"href":"https:\/\/revolutionpadelstore.com\/fr\/wp-json\/wp\/v2\/jugador?post=20480"},{"taxonomy":"marca","embeddable":true,"href":"https:\/\/revolutionpadelstore.com\/fr\/wp-json\/wp\/v2\/marca?post=20480"},{"taxonomy":"nivel-de-juego","embeddable":true,"href":"https:\/\/revolutionpadelstore.com\/fr\/wp-json\/wp\/v2\/nivel-de-juego?post=20480"},{"taxonomy":"superficie","embeddable":true,"href":"https:\/\/revolutionpadelstore.com\/fr\/wp-json\/wp\/v2\/superficie?post=20480"},{"taxonomy":"tipo-de-juego","embeddable":true,"href":"https:\/\/revolutionpadelstore.com\/fr\/wp-json\/wp\/v2\/tipo-de-juego?post=20480"},{"taxonomy":"product_brand","embeddable":true,"href":"https:\/\/revolutionpadelstore.com\/fr\/wp-json\/wp\/v2\/product_brand?post=20480"},{"taxonomy":"product_cat","embeddable":true,"href":"https:\/\/revolutionpadelstore.com\/fr\/wp-json\/wp\/v2\/product_cat?post=20480"},{"taxonomy":"product_tag","embeddable":true,"href":"https:\/\/revolutionpadelstore.com\/fr\/wp-json\/wp\/v2\/product_tag?post=20480"}],"curies":[{"name":"wp","href":"https:\/\/api.w.org\/{rel}","templated":true}]}}