{"id":20470,"date":"2024-03-14T14:41:18","date_gmt":"2024-03-14T13:41:18","guid":{"rendered":"https:\/\/revolutionpadelstore.com\/bullpadel-neuron\/"},"modified":"2026-04-08T15:07:06","modified_gmt":"2026-04-08T13:07:06","slug":"bullpadel-neuron-3","status":"publish","type":"product","link":"https:\/\/revolutionpadelstore.com\/fr\/produit\/bullpadel-neuron-3\/","title":{"rendered":"BULLPADEL NEURON"},"content":{"rendered":"<h2>Bullpadel Neuron, acc\u00e9l\u00e9ration rapide et facile avec peu d&#8217;effort<\/h2>\n<p>La nouvelle Bullpadel Neuron est une raquette con\u00e7ue pour offrir les meilleures performances sur le terrain aux joueurs de padel avanc\u00e9s ou professionnels qui cherchent \u00e0 acc\u00e9l\u00e9rer la balle au moment opportun. Le joueur professionnel <strong>Fede Chingotto<\/strong> affrontera la saison 2024 avec cette raquette Bullpadel.<\/p>\n<p>Concernant sa forme, il pr\u00e9sente un <strong>moule hybride avec un faible \u00e9quilibre<\/strong>, il offre donc un excellent compromis entre puissance et contr\u00f4le, avec une sensation et un d\u00e9bit de balle moyens. Il offre une polyvalence exceptionnelle pour que vous puissiez vous adapter \u00e0 tout moment aux besoins du jeu.<\/p>\n<p>Son poids standard est compris entre 365 et 375 grammes, sa maniabilit\u00e9 et sa facilit\u00e9 de manipulation sont donc acceptables pour les joueurs de haut niveau.<\/p>\n<h2>Stabilit\u00e9 pour \u00e9viter les torsions<\/h2>\n<p>Dans le noyau interne, nous trouvons un caoutchouc Multieva qui combine une couche externe plus compacte qui fournit une grande puissance et une couche interne de densit\u00e9 inf\u00e9rieure qui offre un contr\u00f4le sur les balles lentes.<\/p>\n<p>Les avions ont \u00e9t\u00e9 fabriqu\u00e9s avec du <em>Xtend Carbon 12K<\/em>, un type de carbone entrelac\u00e9 jusqu&#8217;\u00e0 30 % plus l\u00e9ger, qui permet d&#8217;obtenir <strong>une puissance, une rigidit\u00e9 et une durabilit\u00e9 sup\u00e9rieures.<\/strong><\/p>\n<p>De plus, le cadre bidirectionnel CarbonTube 100 % carbone imbriqu\u00e9 offre une excellente r\u00e9activit\u00e9 gr\u00e2ce \u00e0 une combinaison \u00e9quilibr\u00e9e de puissance et de contr\u00f4le.<\/p>\n<h3>R\u00e9duction des flexions de la lame<\/h3>\n<p>De m\u00eame, la technologie <em>Wave System<\/em> a \u00e9t\u00e9 int\u00e9gr\u00e9e au cadre, ce qui offre une plus grande flexibilit\u00e9 \u00e0 la zone dans le but de rendre la transmission d&#8217;\u00e9nergie plus fluide et plus efficace. Un effet catapulte est obtenu, le joueur doit donc exercer moins d&#8217;efforts lorsqu&#8217;il frappe.<\/p>\n<p>De la m\u00eame mani\u00e8re, il poss\u00e8de le c\u0153ur Neuron, un pont horizontal avec une cassure au sommet qui se charge d&#8217;absorber efficacement les vibrations pour r\u00e9duire la fatigue et augmenter le niveau de confort pendant le match.<\/p>\n<p>Il comprend \u00e9galement le syst\u00e8me de montage <em>Vibradrive <\/em>grip et le <em>Hesacore<\/em> Grip, qui r\u00e9duisent les vibrations, les efforts et les risques de blessures.<\/p>\n<h2>Bullpadel Neuron, r\u00e1pida y f\u00e1cil acelaraci\u00f3n con poco esfuerzo<\/h2>\n","protected":false},"excerpt":{"rendered":"<p>La raquette Bullpadel Neuron 2024, de forme hybride et d&#8217;\u00e9quilibre bas, est le mod\u00e8le que Fede Chingotto utilisera pour la nouvelle saison. Offre de la polyvalence pendant le jeu. Avions Xtend Carbon 12K et noyau en caoutchouc Multieva.<\/p>\n","protected":false},"featured_media":52784,"comment_status":"open","ping_status":"closed","template":"","meta":{"_acf_changed":false,"_joinchat":[]},"acabado":[1082],"balance":[1142],"dureza":[1157],"forma":[1177],"jugador":[1192,1202],"marca":[1257],"nivel-de-juego":[1337],"superficie":[1357],"tipo-de-juego":[1387],"product_brand":[],"product_cat":[302],"product_tag":[],"class_list":{"0":"post-20470","1":"product","2":"type-product","3":"status-publish","4":"has-post-thumbnail","6":"acabado-luminosite","7":"balance-moyen","8":"dureza-media-fr","9":"forma-hybride","10":"jugador-homme","11":"jugador-polivalente-fr","12":"marca-bullpadel-fr","13":"superficie-lise","14":"tipo-de-juego-polivalente-fr","15":"product_cat-palas-de-padel-fr","17":"first","18":"instock","19":"sale","20":"taxable","21":"shipping-taxable","22":"purchasable","23":"product-type-simple"},"acf":[],"yoast_head":"<!-- This site is optimized with the Yoast SEO plugin v27.4 - https:\/\/yoast.com\/product\/yoast-seo-wordpress\/ -->\n<title>BULLPADEL NEURON - Revolution Padel Store<\/title>\n<meta name=\"description\" content=\"Pala Bullpadel Neuron 2024, forma h\u00edbrida y balance bajo, es el modelo que empu\u00f1ar\u00e1 Fede Chingotto para la nueva temporada. Aporta polivalencia durante el juego. Planos de Xtend Carbon 12K y n\u00facleo de goma Multieva.\" \/>\n<meta name=\"robots\" content=\"index, follow, max-snippet:-1, max-image-preview:large, max-video-preview:-1\" \/>\n<link rel=\"canonical\" href=\"https:\/\/revolutionpadelstore.com\/fr\/produit\/bullpadel-neuron-3\/\" \/>\n<meta property=\"og:locale\" content=\"fr_FR\" \/>\n<meta property=\"og:type\" content=\"article\" \/>\n<meta property=\"og:title\" content=\"BULLPADEL NEURON - Revolution Padel Store\" \/>\n<meta property=\"og:description\" content=\"Pala Bullpadel Neuron 2024, forma h\u00edbrida y balance bajo, es el modelo que empu\u00f1ar\u00e1 Fede Chingotto para la nueva temporada. Aporta polivalencia durante el juego. Planos de Xtend Carbon 12K y n\u00facleo de goma Multieva.\" \/>\n<meta property=\"og:url\" content=\"https:\/\/revolutionpadelstore.com\/fr\/produit\/bullpadel-neuron-3\/\" \/>\n<meta property=\"og:site_name\" content=\"Revolution Padel Store\" \/>\n<meta property=\"article:modified_time\" content=\"2026-04-08T13:07:06+00:00\" \/>\n<meta property=\"og:image\" content=\"https:\/\/revolutionpadelstore.com\/wp-content\/uploads\/2024\/03\/110864_pala_bullpadel_neuron_24_471611_1500x1500_vista1_076d.webp\" \/>\n\t<meta property=\"og:image:width\" content=\"1500\" \/>\n\t<meta property=\"og:image:height\" content=\"1500\" \/>\n\t<meta property=\"og:image:type\" content=\"image\/webp\" \/>\n<meta name=\"twitter:card\" content=\"summary_large_image\" \/>\n<meta name=\"twitter:label1\" content=\"Dur\u00e9e de lecture estim\u00e9e\" \/>\n\t<meta name=\"twitter:data1\" content=\"2 minutes\" \/>\n<script type=\"application\/ld+json\" class=\"yoast-schema-graph\">{\"@context\":\"https:\\\/\\\/schema.org\",\"@graph\":[{\"@type\":\"WebPage\",\"@id\":\"https:\\\/\\\/revolutionpadelstore.com\\\/fr\\\/produit\\\/bullpadel-neuron-3\\\/\",\"url\":\"https:\\\/\\\/revolutionpadelstore.com\\\/fr\\\/produit\\\/bullpadel-neuron-3\\\/\",\"name\":\"BULLPADEL NEURON - Revolution Padel Store\",\"isPartOf\":{\"@id\":\"https:\\\/\\\/revolutionpadelstore.com\\\/fr\\\/#website\"},\"primaryImageOfPage\":{\"@id\":\"https:\\\/\\\/revolutionpadelstore.com\\\/fr\\\/produit\\\/bullpadel-neuron-3\\\/#primaryimage\"},\"image\":{\"@id\":\"https:\\\/\\\/revolutionpadelstore.com\\\/fr\\\/produit\\\/bullpadel-neuron-3\\\/#primaryimage\"},\"thumbnailUrl\":\"https:\\\/\\\/revolutionpadelstore.com\\\/wp-content\\\/uploads\\\/2024\\\/03\\\/110864_pala_bullpadel_neuron_24_471611_1500x1500_vista1_076d.webp\",\"datePublished\":\"2024-03-14T13:41:18+00:00\",\"dateModified\":\"2026-04-08T13:07:06+00:00\",\"description\":\"Pala Bullpadel Neuron 2024, forma h\u00edbrida y balance bajo, es el modelo que empu\u00f1ar\u00e1 Fede Chingotto para la nueva temporada. Aporta polivalencia durante el juego. Planos de Xtend Carbon 12K y n\u00facleo de goma Multieva.\",\"breadcrumb\":{\"@id\":\"https:\\\/\\\/revolutionpadelstore.com\\\/fr\\\/produit\\\/bullpadel-neuron-3\\\/#breadcrumb\"},\"inLanguage\":\"fr-FR\",\"potentialAction\":[{\"@type\":\"ReadAction\",\"target\":[\"https:\\\/\\\/revolutionpadelstore.com\\\/fr\\\/produit\\\/bullpadel-neuron-3\\\/\"]}]},{\"@type\":\"ImageObject\",\"inLanguage\":\"fr-FR\",\"@id\":\"https:\\\/\\\/revolutionpadelstore.com\\\/fr\\\/produit\\\/bullpadel-neuron-3\\\/#primaryimage\",\"url\":\"https:\\\/\\\/revolutionpadelstore.com\\\/wp-content\\\/uploads\\\/2024\\\/03\\\/110864_pala_bullpadel_neuron_24_471611_1500x1500_vista1_076d.webp\",\"contentUrl\":\"https:\\\/\\\/revolutionpadelstore.com\\\/wp-content\\\/uploads\\\/2024\\\/03\\\/110864_pala_bullpadel_neuron_24_471611_1500x1500_vista1_076d.webp\",\"width\":1500,\"height\":1500},{\"@type\":\"BreadcrumbList\",\"@id\":\"https:\\\/\\\/revolutionpadelstore.com\\\/fr\\\/produit\\\/bullpadel-neuron-3\\\/#breadcrumb\",\"itemListElement\":[{\"@type\":\"ListItem\",\"position\":1,\"name\":\"Portada\",\"item\":\"https:\\\/\\\/revolutionpadelstore.com\\\/fr\\\/\"},{\"@type\":\"ListItem\",\"position\":2,\"name\":\"Boutique\",\"item\":\"https:\\\/\\\/revolutionpadelstore.com\\\/fr\\\/tienda\\\/\"},{\"@type\":\"ListItem\",\"position\":3,\"name\":\"BULLPADEL NEURON\"}]},{\"@type\":\"WebSite\",\"@id\":\"https:\\\/\\\/revolutionpadelstore.com\\\/fr\\\/#website\",\"url\":\"https:\\\/\\\/revolutionpadelstore.com\\\/fr\\\/\",\"name\":\"Revolution Padel Store\",\"description\":\"\",\"publisher\":{\"@id\":\"https:\\\/\\\/revolutionpadelstore.com\\\/fr\\\/#organization\"},\"potentialAction\":[{\"@type\":\"SearchAction\",\"target\":{\"@type\":\"EntryPoint\",\"urlTemplate\":\"https:\\\/\\\/revolutionpadelstore.com\\\/fr\\\/?s={search_term_string}\"},\"query-input\":{\"@type\":\"PropertyValueSpecification\",\"valueRequired\":true,\"valueName\":\"search_term_string\"}}],\"inLanguage\":\"fr-FR\"},{\"@type\":\"Organization\",\"@id\":\"https:\\\/\\\/revolutionpadelstore.com\\\/fr\\\/#organization\",\"name\":\"Revolution Padel Store\",\"url\":\"https:\\\/\\\/revolutionpadelstore.com\\\/fr\\\/\",\"logo\":{\"@type\":\"ImageObject\",\"inLanguage\":\"fr-FR\",\"@id\":\"https:\\\/\\\/revolutionpadelstore.com\\\/fr\\\/#\\\/schema\\\/logo\\\/image\\\/\",\"url\":\"https:\\\/\\\/revolutionpadelstore.com\\\/wp-content\\\/uploads\\\/2026\\\/02\\\/revolution-padel-store.jpg\",\"contentUrl\":\"https:\\\/\\\/revolutionpadelstore.com\\\/wp-content\\\/uploads\\\/2026\\\/02\\\/revolution-padel-store.jpg\",\"width\":2000,\"height\":2000,\"caption\":\"Revolution Padel Store\"},\"image\":{\"@id\":\"https:\\\/\\\/revolutionpadelstore.com\\\/fr\\\/#\\\/schema\\\/logo\\\/image\\\/\"},\"sameAs\":[\"https:\\\/\\\/www.instagram.com\\\/revolutionpadelstore\\\/\"]}]}<\/script>\n<!-- \/ Yoast SEO plugin. -->","yoast_head_json":{"title":"BULLPADEL NEURON - Revolution Padel Store","description":"Pala Bullpadel Neuron 2024, forma h\u00edbrida y balance bajo, es el modelo que empu\u00f1ar\u00e1 Fede Chingotto para la nueva temporada. Aporta polivalencia durante el juego. Planos de Xtend Carbon 12K y n\u00facleo de goma Multieva.","robots":{"index":"index","follow":"follow","max-snippet":"max-snippet:-1","max-image-preview":"max-image-preview:large","max-video-preview":"max-video-preview:-1"},"canonical":"https:\/\/revolutionpadelstore.com\/fr\/produit\/bullpadel-neuron-3\/","og_locale":"fr_FR","og_type":"article","og_title":"BULLPADEL NEURON - Revolution Padel Store","og_description":"Pala Bullpadel Neuron 2024, forma h\u00edbrida y balance bajo, es el modelo que empu\u00f1ar\u00e1 Fede Chingotto para la nueva temporada. Aporta polivalencia durante el juego. Planos de Xtend Carbon 12K y n\u00facleo de goma Multieva.","og_url":"https:\/\/revolutionpadelstore.com\/fr\/produit\/bullpadel-neuron-3\/","og_site_name":"Revolution Padel Store","article_modified_time":"2026-04-08T13:07:06+00:00","og_image":[{"width":1500,"height":1500,"url":"https:\/\/revolutionpadelstore.com\/wp-content\/uploads\/2024\/03\/110864_pala_bullpadel_neuron_24_471611_1500x1500_vista1_076d.webp","type":"image\/webp"}],"twitter_card":"summary_large_image","twitter_misc":{"Dur\u00e9e de lecture estim\u00e9e":"2 minutes"},"schema":{"@context":"https:\/\/schema.org","@graph":[{"@type":"WebPage","@id":"https:\/\/revolutionpadelstore.com\/fr\/produit\/bullpadel-neuron-3\/","url":"https:\/\/revolutionpadelstore.com\/fr\/produit\/bullpadel-neuron-3\/","name":"BULLPADEL NEURON - Revolution Padel Store","isPartOf":{"@id":"https:\/\/revolutionpadelstore.com\/fr\/#website"},"primaryImageOfPage":{"@id":"https:\/\/revolutionpadelstore.com\/fr\/produit\/bullpadel-neuron-3\/#primaryimage"},"image":{"@id":"https:\/\/revolutionpadelstore.com\/fr\/produit\/bullpadel-neuron-3\/#primaryimage"},"thumbnailUrl":"https:\/\/revolutionpadelstore.com\/wp-content\/uploads\/2024\/03\/110864_pala_bullpadel_neuron_24_471611_1500x1500_vista1_076d.webp","datePublished":"2024-03-14T13:41:18+00:00","dateModified":"2026-04-08T13:07:06+00:00","description":"Pala Bullpadel Neuron 2024, forma h\u00edbrida y balance bajo, es el modelo que empu\u00f1ar\u00e1 Fede Chingotto para la nueva temporada. Aporta polivalencia durante el juego. Planos de Xtend Carbon 12K y n\u00facleo de goma Multieva.","breadcrumb":{"@id":"https:\/\/revolutionpadelstore.com\/fr\/produit\/bullpadel-neuron-3\/#breadcrumb"},"inLanguage":"fr-FR","potentialAction":[{"@type":"ReadAction","target":["https:\/\/revolutionpadelstore.com\/fr\/produit\/bullpadel-neuron-3\/"]}]},{"@type":"ImageObject","inLanguage":"fr-FR","@id":"https:\/\/revolutionpadelstore.com\/fr\/produit\/bullpadel-neuron-3\/#primaryimage","url":"https:\/\/revolutionpadelstore.com\/wp-content\/uploads\/2024\/03\/110864_pala_bullpadel_neuron_24_471611_1500x1500_vista1_076d.webp","contentUrl":"https:\/\/revolutionpadelstore.com\/wp-content\/uploads\/2024\/03\/110864_pala_bullpadel_neuron_24_471611_1500x1500_vista1_076d.webp","width":1500,"height":1500},{"@type":"BreadcrumbList","@id":"https:\/\/revolutionpadelstore.com\/fr\/produit\/bullpadel-neuron-3\/#breadcrumb","itemListElement":[{"@type":"ListItem","position":1,"name":"Portada","item":"https:\/\/revolutionpadelstore.com\/fr\/"},{"@type":"ListItem","position":2,"name":"Boutique","item":"https:\/\/revolutionpadelstore.com\/fr\/tienda\/"},{"@type":"ListItem","position":3,"name":"BULLPADEL NEURON"}]},{"@type":"WebSite","@id":"https:\/\/revolutionpadelstore.com\/fr\/#website","url":"https:\/\/revolutionpadelstore.com\/fr\/","name":"Revolution Padel Store","description":"","publisher":{"@id":"https:\/\/revolutionpadelstore.com\/fr\/#organization"},"potentialAction":[{"@type":"SearchAction","target":{"@type":"EntryPoint","urlTemplate":"https:\/\/revolutionpadelstore.com\/fr\/?s={search_term_string}"},"query-input":{"@type":"PropertyValueSpecification","valueRequired":true,"valueName":"search_term_string"}}],"inLanguage":"fr-FR"},{"@type":"Organization","@id":"https:\/\/revolutionpadelstore.com\/fr\/#organization","name":"Revolution Padel Store","url":"https:\/\/revolutionpadelstore.com\/fr\/","logo":{"@type":"ImageObject","inLanguage":"fr-FR","@id":"https:\/\/revolutionpadelstore.com\/fr\/#\/schema\/logo\/image\/","url":"https:\/\/revolutionpadelstore.com\/wp-content\/uploads\/2026\/02\/revolution-padel-store.jpg","contentUrl":"https:\/\/revolutionpadelstore.com\/wp-content\/uploads\/2026\/02\/revolution-padel-store.jpg","width":2000,"height":2000,"caption":"Revolution Padel Store"},"image":{"@id":"https:\/\/revolutionpadelstore.com\/fr\/#\/schema\/logo\/image\/"},"sameAs":["https:\/\/www.instagram.com\/revolutionpadelstore\/"]}]}},"_links":{"self":[{"href":"https:\/\/revolutionpadelstore.com\/fr\/wp-json\/wp\/v2\/product\/20470","targetHints":{"allow":["GET"]}}],"collection":[{"href":"https:\/\/revolutionpadelstore.com\/fr\/wp-json\/wp\/v2\/product"}],"about":[{"href":"https:\/\/revolutionpadelstore.com\/fr\/wp-json\/wp\/v2\/types\/product"}],"replies":[{"embeddable":true,"href":"https:\/\/revolutionpadelstore.com\/fr\/wp-json\/wp\/v2\/comments?post=20470"}],"wp:featuredmedia":[{"embeddable":true,"href":"https:\/\/revolutionpadelstore.com\/fr\/wp-json\/wp\/v2\/media\/52784"}],"wp:attachment":[{"href":"https:\/\/revolutionpadelstore.com\/fr\/wp-json\/wp\/v2\/media?parent=20470"}],"wp:term":[{"taxonomy":"acabado","embeddable":true,"href":"https:\/\/revolutionpadelstore.com\/fr\/wp-json\/wp\/v2\/acabado?post=20470"},{"taxonomy":"balance","embeddable":true,"href":"https:\/\/revolutionpadelstore.com\/fr\/wp-json\/wp\/v2\/balance?post=20470"},{"taxonomy":"dureza","embeddable":true,"href":"https:\/\/revolutionpadelstore.com\/fr\/wp-json\/wp\/v2\/dureza?post=20470"},{"taxonomy":"forma","embeddable":true,"href":"https:\/\/revolutionpadelstore.com\/fr\/wp-json\/wp\/v2\/forma?post=20470"},{"taxonomy":"jugador","embeddable":true,"href":"https:\/\/revolutionpadelstore.com\/fr\/wp-json\/wp\/v2\/jugador?post=20470"},{"taxonomy":"marca","embeddable":true,"href":"https:\/\/revolutionpadelstore.com\/fr\/wp-json\/wp\/v2\/marca?post=20470"},{"taxonomy":"nivel-de-juego","embeddable":true,"href":"https:\/\/revolutionpadelstore.com\/fr\/wp-json\/wp\/v2\/nivel-de-juego?post=20470"},{"taxonomy":"superficie","embeddable":true,"href":"https:\/\/revolutionpadelstore.com\/fr\/wp-json\/wp\/v2\/superficie?post=20470"},{"taxonomy":"tipo-de-juego","embeddable":true,"href":"https:\/\/revolutionpadelstore.com\/fr\/wp-json\/wp\/v2\/tipo-de-juego?post=20470"},{"taxonomy":"product_brand","embeddable":true,"href":"https:\/\/revolutionpadelstore.com\/fr\/wp-json\/wp\/v2\/product_brand?post=20470"},{"taxonomy":"product_cat","embeddable":true,"href":"https:\/\/revolutionpadelstore.com\/fr\/wp-json\/wp\/v2\/product_cat?post=20470"},{"taxonomy":"product_tag","embeddable":true,"href":"https:\/\/revolutionpadelstore.com\/fr\/wp-json\/wp\/v2\/product_tag?post=20470"}],"curies":[{"name":"wp","href":"https:\/\/api.w.org\/{rel}","templated":true}]}}