{"id":20465,"date":"2024-03-14T14:45:11","date_gmt":"2024-03-14T13:45:11","guid":{"rendered":"https:\/\/revolutionpadelstore.com\/bullpadel-flow-w-24\/"},"modified":"2026-04-09T02:01:25","modified_gmt":"2026-04-09T00:01:25","slug":"bullpadel-flow-w-24-3","status":"publish","type":"product","link":"https:\/\/revolutionpadelstore.com\/fr\/produit\/bullpadel-flow-w-24-3\/","title":{"rendered":"BULLPADEL FLOW W 24"},"content":{"rendered":"<h2>Bullpadel Flow W 24, raquette diamant pour joueurs PRO<\/h2>\n<p>La Bullpadel Flow W 24 est une raquette de padel haut de gamme con\u00e7ue pour les joueurs de niveau avanc\u00e9 ou professionnel recherchant des performances exceptionnelles sur le court. Cette raquette fait partie de la gamme PRO de Bullpadel et a \u00e9t\u00e9 d\u00e9velopp\u00e9e en collaboration avec l&#8217;exceptionnelle joueuse de padel <strong>Alejandra Salazar<\/strong> dans le cadre de la passionnante collection <strong>2024<\/strong>.<\/p>\n<p>L&#8217;une des caract\u00e9ristiques marquantes de la raquette est sa forme en diamant, qui la rend exceptionnellement l\u00e9g\u00e8re et maniable. Cela permet aux joueurs de b\u00e9n\u00e9ficier d\u2019une grande maniabilit\u00e9 sur le terrain et d\u2019ex\u00e9cuter facilement des tirs pr\u00e9cis. La combinaison de la forme en diamant et de son poids en fait un choix parfait pour les joueurs qui pr\u00e9f\u00e8rent un jeu agressif et orient\u00e9 vers l&#8217;attaque.<\/p>\n<h2>Course avec une excellente composition<\/h2>\n<p>La construction de cette raquette est de qualit\u00e9 sup\u00e9rieure. Sa composition ext\u00e9rieure est en <em><strong>Fibrix<\/strong><\/em>, qui offre durabilit\u00e9 et r\u00e9sistance \u00e0 l&#8217;usure. Le noyau est compos\u00e9 de<strong><em>MultiEVA<\/em><\/strong>avec plusieurs couches de densit\u00e9s diff\u00e9rentes, pour g\u00e9rer des coups de vitesses diff\u00e9rentes. Le c\u0153ur <strong>FlowForce<\/em><\/strong> contribue \u00e0 la stabilit\u00e9 et \u00e0 la puissance \u00e0 chaque tir.<\/p>\n<p>Les faces pr\u00e9sentent une finition rugueuse en grain 3D, con\u00e7ue pour augmenter la rotation de la balle, permettant aux joueurs de frapper facilement des tirs charg\u00e9s d&#8217;effets. Le cadre est compos\u00e9 de <em><strong>CarbonTube<\/strong><\/em>, une fibre 100 % carbone qui offre rigidit\u00e9 et durabilit\u00e9 sans ajouter de poids inutile.<\/p>\n<p>Un aspect important \u00e0 souligner est le syst\u00e8me <strong>Vibradrive<\/strong><\/em>incorpor\u00e9 \u00e0 cette raquette, qui absorbe les vibrations pour procurer une sensation de confort dans le jeu et r\u00e9duire le risque de microtraumatismes r\u00e9p\u00e9t\u00e9s.<\/p>\n<p>Le design est \u00e9l\u00e9gant et sophistiqu\u00e9, avec une palette de couleurs blanches qui met en valeur le logo de la marque et des d\u00e9tails dor\u00e9s. Cette raquette se distingue non seulement par ses performances exceptionnelles sur le terrain, mais aussi par son esth\u00e9tique saisissante.<\/p>\n<p>Bulllpadel Flow W 24, la raquette d&#8217;Alejandra Salazar pour 2024. Une raquette diamant l\u00e9g\u00e8re pour les joueurs de padel de niveau avanc\u00e9 ou professionnel. Avec noyau MultiEVA.<\/p>\n<h2>Bullpadel Flow W 24, pala de diamante para jugadoras PRO<\/h2>\n","protected":false},"excerpt":{"rendered":"<p>Bullpadel Flow W 24, la raquette d&#8217;Alejandra Salazar pour 2024. Une raquette diamant l\u00e9g\u00e8re pour les joueurs de padel de niveau avanc\u00e9 ou professionnel. Avec noyau MultiEVA.<\/p>\n","protected":false},"featured_media":52760,"comment_status":"open","ping_status":"closed","template":"","meta":{"_acf_changed":false,"_joinchat":[]},"acabado":[1082],"balance":[1137],"dureza":[1157],"forma":[1172],"jugador":[1197],"marca":[1257],"nivel-de-juego":[1337],"superficie":[1362],"tipo-de-juego":[1377],"product_brand":[],"product_cat":[302],"product_tag":[],"class_list":{"0":"post-20465","1":"product","2":"type-product","3":"status-publish","4":"has-post-thumbnail","6":"acabado-luminosite","7":"balance-eleve","8":"dureza-media-fr","9":"forma-diamant","10":"jugador-mujer-fr","11":"marca-bullpadel-fr","12":"superficie-rugosa-fr","13":"tipo-de-juego-puissance","14":"product_cat-palas-de-padel-fr","16":"first","17":"instock","18":"sale","19":"taxable","20":"shipping-taxable","21":"purchasable","22":"product-type-simple"},"acf":[],"yoast_head":"<!-- This site is optimized with the Yoast SEO plugin v27.4 - https:\/\/yoast.com\/product\/yoast-seo-wordpress\/ -->\n<title>BULLPADEL FLOW W 24 - Revolution Padel Store<\/title>\n<meta name=\"description\" content=\"Bulllpadel Flow W 24, la pala de Alejandra Salazar para el 2024. Una pala de diamante ligera para jugadoras de p\u00e1del de nivel avanzado o profesional. Con n\u00facleo de MultiEVA.\" \/>\n<meta name=\"robots\" content=\"index, follow, max-snippet:-1, max-image-preview:large, max-video-preview:-1\" \/>\n<link rel=\"canonical\" href=\"https:\/\/revolutionpadelstore.com\/fr\/produit\/bullpadel-flow-w-24-3\/\" \/>\n<meta property=\"og:locale\" content=\"fr_FR\" \/>\n<meta property=\"og:type\" content=\"article\" \/>\n<meta property=\"og:title\" content=\"BULLPADEL FLOW W 24 - Revolution Padel Store\" \/>\n<meta property=\"og:description\" content=\"Bulllpadel Flow W 24, la pala de Alejandra Salazar para el 2024. Una pala de diamante ligera para jugadoras de p\u00e1del de nivel avanzado o profesional. Con n\u00facleo de MultiEVA.\" \/>\n<meta property=\"og:url\" content=\"https:\/\/revolutionpadelstore.com\/fr\/produit\/bullpadel-flow-w-24-3\/\" \/>\n<meta property=\"og:site_name\" content=\"Revolution Padel Store\" \/>\n<meta property=\"article:modified_time\" content=\"2026-04-09T00:01:25+00:00\" \/>\n<meta property=\"og:image\" content=\"https:\/\/revolutionpadelstore.com\/wp-content\/uploads\/2024\/03\/110860_pala_bullpadel_flow_w_24_471609_mujer_1500x1500_vista1_8153.webp\" \/>\n\t<meta property=\"og:image:width\" content=\"1500\" \/>\n\t<meta property=\"og:image:height\" content=\"1500\" \/>\n\t<meta property=\"og:image:type\" content=\"image\/webp\" \/>\n<meta name=\"twitter:card\" content=\"summary_large_image\" \/>\n<meta name=\"twitter:label1\" content=\"Dur\u00e9e de lecture estim\u00e9e\" \/>\n\t<meta name=\"twitter:data1\" content=\"2 minutes\" \/>\n<script type=\"application\/ld+json\" class=\"yoast-schema-graph\">{\"@context\":\"https:\\\/\\\/schema.org\",\"@graph\":[{\"@type\":\"WebPage\",\"@id\":\"https:\\\/\\\/revolutionpadelstore.com\\\/fr\\\/produit\\\/bullpadel-flow-w-24-3\\\/\",\"url\":\"https:\\\/\\\/revolutionpadelstore.com\\\/fr\\\/produit\\\/bullpadel-flow-w-24-3\\\/\",\"name\":\"BULLPADEL FLOW W 24 - Revolution Padel Store\",\"isPartOf\":{\"@id\":\"https:\\\/\\\/revolutionpadelstore.com\\\/fr\\\/#website\"},\"primaryImageOfPage\":{\"@id\":\"https:\\\/\\\/revolutionpadelstore.com\\\/fr\\\/produit\\\/bullpadel-flow-w-24-3\\\/#primaryimage\"},\"image\":{\"@id\":\"https:\\\/\\\/revolutionpadelstore.com\\\/fr\\\/produit\\\/bullpadel-flow-w-24-3\\\/#primaryimage\"},\"thumbnailUrl\":\"https:\\\/\\\/revolutionpadelstore.com\\\/wp-content\\\/uploads\\\/2024\\\/03\\\/110860_pala_bullpadel_flow_w_24_471609_mujer_1500x1500_vista1_8153.webp\",\"datePublished\":\"2024-03-14T13:45:11+00:00\",\"dateModified\":\"2026-04-09T00:01:25+00:00\",\"description\":\"Bulllpadel Flow W 24, la pala de Alejandra Salazar para el 2024. Una pala de diamante ligera para jugadoras de p\u00e1del de nivel avanzado o profesional. Con n\u00facleo de MultiEVA.\",\"breadcrumb\":{\"@id\":\"https:\\\/\\\/revolutionpadelstore.com\\\/fr\\\/produit\\\/bullpadel-flow-w-24-3\\\/#breadcrumb\"},\"inLanguage\":\"fr-FR\",\"potentialAction\":[{\"@type\":\"ReadAction\",\"target\":[\"https:\\\/\\\/revolutionpadelstore.com\\\/fr\\\/produit\\\/bullpadel-flow-w-24-3\\\/\"]}]},{\"@type\":\"ImageObject\",\"inLanguage\":\"fr-FR\",\"@id\":\"https:\\\/\\\/revolutionpadelstore.com\\\/fr\\\/produit\\\/bullpadel-flow-w-24-3\\\/#primaryimage\",\"url\":\"https:\\\/\\\/revolutionpadelstore.com\\\/wp-content\\\/uploads\\\/2024\\\/03\\\/110860_pala_bullpadel_flow_w_24_471609_mujer_1500x1500_vista1_8153.webp\",\"contentUrl\":\"https:\\\/\\\/revolutionpadelstore.com\\\/wp-content\\\/uploads\\\/2024\\\/03\\\/110860_pala_bullpadel_flow_w_24_471609_mujer_1500x1500_vista1_8153.webp\",\"width\":1500,\"height\":1500},{\"@type\":\"BreadcrumbList\",\"@id\":\"https:\\\/\\\/revolutionpadelstore.com\\\/fr\\\/produit\\\/bullpadel-flow-w-24-3\\\/#breadcrumb\",\"itemListElement\":[{\"@type\":\"ListItem\",\"position\":1,\"name\":\"Portada\",\"item\":\"https:\\\/\\\/revolutionpadelstore.com\\\/fr\\\/\"},{\"@type\":\"ListItem\",\"position\":2,\"name\":\"Boutique\",\"item\":\"https:\\\/\\\/revolutionpadelstore.com\\\/fr\\\/tienda\\\/\"},{\"@type\":\"ListItem\",\"position\":3,\"name\":\"BULLPADEL FLOW W 24\"}]},{\"@type\":\"WebSite\",\"@id\":\"https:\\\/\\\/revolutionpadelstore.com\\\/fr\\\/#website\",\"url\":\"https:\\\/\\\/revolutionpadelstore.com\\\/fr\\\/\",\"name\":\"Revolution Padel Store\",\"description\":\"\",\"publisher\":{\"@id\":\"https:\\\/\\\/revolutionpadelstore.com\\\/fr\\\/#organization\"},\"potentialAction\":[{\"@type\":\"SearchAction\",\"target\":{\"@type\":\"EntryPoint\",\"urlTemplate\":\"https:\\\/\\\/revolutionpadelstore.com\\\/fr\\\/?s={search_term_string}\"},\"query-input\":{\"@type\":\"PropertyValueSpecification\",\"valueRequired\":true,\"valueName\":\"search_term_string\"}}],\"inLanguage\":\"fr-FR\"},{\"@type\":\"Organization\",\"@id\":\"https:\\\/\\\/revolutionpadelstore.com\\\/fr\\\/#organization\",\"name\":\"Revolution Padel Store\",\"url\":\"https:\\\/\\\/revolutionpadelstore.com\\\/fr\\\/\",\"logo\":{\"@type\":\"ImageObject\",\"inLanguage\":\"fr-FR\",\"@id\":\"https:\\\/\\\/revolutionpadelstore.com\\\/fr\\\/#\\\/schema\\\/logo\\\/image\\\/\",\"url\":\"https:\\\/\\\/revolutionpadelstore.com\\\/wp-content\\\/uploads\\\/2026\\\/02\\\/revolution-padel-store.jpg\",\"contentUrl\":\"https:\\\/\\\/revolutionpadelstore.com\\\/wp-content\\\/uploads\\\/2026\\\/02\\\/revolution-padel-store.jpg\",\"width\":2000,\"height\":2000,\"caption\":\"Revolution Padel Store\"},\"image\":{\"@id\":\"https:\\\/\\\/revolutionpadelstore.com\\\/fr\\\/#\\\/schema\\\/logo\\\/image\\\/\"},\"sameAs\":[\"https:\\\/\\\/www.instagram.com\\\/revolutionpadelstore\\\/\"]}]}<\/script>\n<!-- \/ Yoast SEO plugin. -->","yoast_head_json":{"title":"BULLPADEL FLOW W 24 - Revolution Padel Store","description":"Bulllpadel Flow W 24, la pala de Alejandra Salazar para el 2024. Una pala de diamante ligera para jugadoras de p\u00e1del de nivel avanzado o profesional. Con n\u00facleo de MultiEVA.","robots":{"index":"index","follow":"follow","max-snippet":"max-snippet:-1","max-image-preview":"max-image-preview:large","max-video-preview":"max-video-preview:-1"},"canonical":"https:\/\/revolutionpadelstore.com\/fr\/produit\/bullpadel-flow-w-24-3\/","og_locale":"fr_FR","og_type":"article","og_title":"BULLPADEL FLOW W 24 - Revolution Padel Store","og_description":"Bulllpadel Flow W 24, la pala de Alejandra Salazar para el 2024. Una pala de diamante ligera para jugadoras de p\u00e1del de nivel avanzado o profesional. Con n\u00facleo de MultiEVA.","og_url":"https:\/\/revolutionpadelstore.com\/fr\/produit\/bullpadel-flow-w-24-3\/","og_site_name":"Revolution Padel Store","article_modified_time":"2026-04-09T00:01:25+00:00","og_image":[{"width":1500,"height":1500,"url":"https:\/\/revolutionpadelstore.com\/wp-content\/uploads\/2024\/03\/110860_pala_bullpadel_flow_w_24_471609_mujer_1500x1500_vista1_8153.webp","type":"image\/webp"}],"twitter_card":"summary_large_image","twitter_misc":{"Dur\u00e9e de lecture estim\u00e9e":"2 minutes"},"schema":{"@context":"https:\/\/schema.org","@graph":[{"@type":"WebPage","@id":"https:\/\/revolutionpadelstore.com\/fr\/produit\/bullpadel-flow-w-24-3\/","url":"https:\/\/revolutionpadelstore.com\/fr\/produit\/bullpadel-flow-w-24-3\/","name":"BULLPADEL FLOW W 24 - Revolution Padel Store","isPartOf":{"@id":"https:\/\/revolutionpadelstore.com\/fr\/#website"},"primaryImageOfPage":{"@id":"https:\/\/revolutionpadelstore.com\/fr\/produit\/bullpadel-flow-w-24-3\/#primaryimage"},"image":{"@id":"https:\/\/revolutionpadelstore.com\/fr\/produit\/bullpadel-flow-w-24-3\/#primaryimage"},"thumbnailUrl":"https:\/\/revolutionpadelstore.com\/wp-content\/uploads\/2024\/03\/110860_pala_bullpadel_flow_w_24_471609_mujer_1500x1500_vista1_8153.webp","datePublished":"2024-03-14T13:45:11+00:00","dateModified":"2026-04-09T00:01:25+00:00","description":"Bulllpadel Flow W 24, la pala de Alejandra Salazar para el 2024. Una pala de diamante ligera para jugadoras de p\u00e1del de nivel avanzado o profesional. Con n\u00facleo de MultiEVA.","breadcrumb":{"@id":"https:\/\/revolutionpadelstore.com\/fr\/produit\/bullpadel-flow-w-24-3\/#breadcrumb"},"inLanguage":"fr-FR","potentialAction":[{"@type":"ReadAction","target":["https:\/\/revolutionpadelstore.com\/fr\/produit\/bullpadel-flow-w-24-3\/"]}]},{"@type":"ImageObject","inLanguage":"fr-FR","@id":"https:\/\/revolutionpadelstore.com\/fr\/produit\/bullpadel-flow-w-24-3\/#primaryimage","url":"https:\/\/revolutionpadelstore.com\/wp-content\/uploads\/2024\/03\/110860_pala_bullpadel_flow_w_24_471609_mujer_1500x1500_vista1_8153.webp","contentUrl":"https:\/\/revolutionpadelstore.com\/wp-content\/uploads\/2024\/03\/110860_pala_bullpadel_flow_w_24_471609_mujer_1500x1500_vista1_8153.webp","width":1500,"height":1500},{"@type":"BreadcrumbList","@id":"https:\/\/revolutionpadelstore.com\/fr\/produit\/bullpadel-flow-w-24-3\/#breadcrumb","itemListElement":[{"@type":"ListItem","position":1,"name":"Portada","item":"https:\/\/revolutionpadelstore.com\/fr\/"},{"@type":"ListItem","position":2,"name":"Boutique","item":"https:\/\/revolutionpadelstore.com\/fr\/tienda\/"},{"@type":"ListItem","position":3,"name":"BULLPADEL FLOW W 24"}]},{"@type":"WebSite","@id":"https:\/\/revolutionpadelstore.com\/fr\/#website","url":"https:\/\/revolutionpadelstore.com\/fr\/","name":"Revolution Padel Store","description":"","publisher":{"@id":"https:\/\/revolutionpadelstore.com\/fr\/#organization"},"potentialAction":[{"@type":"SearchAction","target":{"@type":"EntryPoint","urlTemplate":"https:\/\/revolutionpadelstore.com\/fr\/?s={search_term_string}"},"query-input":{"@type":"PropertyValueSpecification","valueRequired":true,"valueName":"search_term_string"}}],"inLanguage":"fr-FR"},{"@type":"Organization","@id":"https:\/\/revolutionpadelstore.com\/fr\/#organization","name":"Revolution Padel Store","url":"https:\/\/revolutionpadelstore.com\/fr\/","logo":{"@type":"ImageObject","inLanguage":"fr-FR","@id":"https:\/\/revolutionpadelstore.com\/fr\/#\/schema\/logo\/image\/","url":"https:\/\/revolutionpadelstore.com\/wp-content\/uploads\/2026\/02\/revolution-padel-store.jpg","contentUrl":"https:\/\/revolutionpadelstore.com\/wp-content\/uploads\/2026\/02\/revolution-padel-store.jpg","width":2000,"height":2000,"caption":"Revolution Padel Store"},"image":{"@id":"https:\/\/revolutionpadelstore.com\/fr\/#\/schema\/logo\/image\/"},"sameAs":["https:\/\/www.instagram.com\/revolutionpadelstore\/"]}]}},"_links":{"self":[{"href":"https:\/\/revolutionpadelstore.com\/fr\/wp-json\/wp\/v2\/product\/20465","targetHints":{"allow":["GET"]}}],"collection":[{"href":"https:\/\/revolutionpadelstore.com\/fr\/wp-json\/wp\/v2\/product"}],"about":[{"href":"https:\/\/revolutionpadelstore.com\/fr\/wp-json\/wp\/v2\/types\/product"}],"replies":[{"embeddable":true,"href":"https:\/\/revolutionpadelstore.com\/fr\/wp-json\/wp\/v2\/comments?post=20465"}],"wp:featuredmedia":[{"embeddable":true,"href":"https:\/\/revolutionpadelstore.com\/fr\/wp-json\/wp\/v2\/media\/52760"}],"wp:attachment":[{"href":"https:\/\/revolutionpadelstore.com\/fr\/wp-json\/wp\/v2\/media?parent=20465"}],"wp:term":[{"taxonomy":"acabado","embeddable":true,"href":"https:\/\/revolutionpadelstore.com\/fr\/wp-json\/wp\/v2\/acabado?post=20465"},{"taxonomy":"balance","embeddable":true,"href":"https:\/\/revolutionpadelstore.com\/fr\/wp-json\/wp\/v2\/balance?post=20465"},{"taxonomy":"dureza","embeddable":true,"href":"https:\/\/revolutionpadelstore.com\/fr\/wp-json\/wp\/v2\/dureza?post=20465"},{"taxonomy":"forma","embeddable":true,"href":"https:\/\/revolutionpadelstore.com\/fr\/wp-json\/wp\/v2\/forma?post=20465"},{"taxonomy":"jugador","embeddable":true,"href":"https:\/\/revolutionpadelstore.com\/fr\/wp-json\/wp\/v2\/jugador?post=20465"},{"taxonomy":"marca","embeddable":true,"href":"https:\/\/revolutionpadelstore.com\/fr\/wp-json\/wp\/v2\/marca?post=20465"},{"taxonomy":"nivel-de-juego","embeddable":true,"href":"https:\/\/revolutionpadelstore.com\/fr\/wp-json\/wp\/v2\/nivel-de-juego?post=20465"},{"taxonomy":"superficie","embeddable":true,"href":"https:\/\/revolutionpadelstore.com\/fr\/wp-json\/wp\/v2\/superficie?post=20465"},{"taxonomy":"tipo-de-juego","embeddable":true,"href":"https:\/\/revolutionpadelstore.com\/fr\/wp-json\/wp\/v2\/tipo-de-juego?post=20465"},{"taxonomy":"product_brand","embeddable":true,"href":"https:\/\/revolutionpadelstore.com\/fr\/wp-json\/wp\/v2\/product_brand?post=20465"},{"taxonomy":"product_cat","embeddable":true,"href":"https:\/\/revolutionpadelstore.com\/fr\/wp-json\/wp\/v2\/product_cat?post=20465"},{"taxonomy":"product_tag","embeddable":true,"href":"https:\/\/revolutionpadelstore.com\/fr\/wp-json\/wp\/v2\/product_tag?post=20465"}],"curies":[{"name":"wp","href":"https:\/\/api.w.org\/{rel}","templated":true}]}}