{"id":20460,"date":"2024-03-14T14:49:37","date_gmt":"2024-03-14T13:49:37","guid":{"rendered":"https:\/\/revolutionpadelstore.com\/bullpadel-vertex-04-w\/"},"modified":"2026-04-08T15:05:56","modified_gmt":"2026-04-08T13:05:56","slug":"bullpadel-vertex-04-w","status":"publish","type":"product","link":"https:\/\/revolutionpadelstore.com\/fr\/produit\/bullpadel-vertex-04-w\/","title":{"rendered":"BULLPADEL VERTEX 04 W"},"content":{"rendered":"<h2>Bullpadel Vertex 04 W, approuv\u00e9 par Delfi Brea<\/h2>\n<p>La nouvelle raquette <strong>Bullpadel Vertex 04 W<\/strong> est une raquette sp\u00e9cialement con\u00e7ue pour offrir les meilleures performances sur le terrain aux joueurs de padel les plus exigeants de niveau <strong>avanc\u00e9 ou professionnel<\/strong>. Ce mod\u00e8le est l\u00e9ger mais puissant et limite les pertes de contr\u00f4le gr\u00e2ce \u00e0 des performances \u00e9lev\u00e9es.<\/p>\n<p>Il a une forme de diamant et un \u00e9quilibre \u00e9lev\u00e9, ce qui permet au joueur de frapper la balle avec une puissance maximale. Ce type de moule peut aider \u00e0 g\u00e9n\u00e9rer plus d\u2019effets et un meilleur rendement de balle, ce qui est b\u00e9n\u00e9fique pour les smashs et les layups.<\/p>\n<p>Gr\u00e2ce \u00e0 son poids tr\u00e8s l\u00e9ger, qui varie entre <strong>345 et 360 grammes<\/strong>, l&#8217;athl\u00e8te de haut niveau pourra avoir un contr\u00f4le absolu sur la direction et la pr\u00e9cision du ballon, dans les swings elle atteindra une plus grande vitesse et vous pourrez manipuler la pelle avec facilit\u00e9.<\/p>\n<h2>Avec c\u0153ur Vertex pour des vol\u00e9es solides et puissantes<\/h2>\n<p>Concernant les mat\u00e9riaux, il convient de noter que la surface est r\u00e9alis\u00e9e en Fibrix, qui consiste en un rev\u00eatement qui combine du <strong>X-Glass et du Carbon<\/strong> pour augmenter la flexion et l&#8217;\u00e9lasticit\u00e9 du noyau. Les avions sont dot\u00e9s du TOPSPIN qui, gr\u00e2ce \u00e0 la finition rugueuse, am\u00e9liore l&#8217;adh\u00e9rence et obtient un plus grand effet.<\/p>\n<p>Dans le noyau interne, nous trouvons un <strong>caoutchouc MULTIIEVA<\/strong>, compos\u00e9 de deux densit\u00e9s de caoutchouc EVA de densit\u00e9s diff\u00e9rentes. Ce mat\u00e9riau offre de la polyvalence, am\u00e9liore le contr\u00f4le et offre une sortie de balle puissante.<\/p>\n<h3>Meilleure r\u00e9partition des vibrations<\/h3>\n<p>Le cadre CarbonTube a \u00e9t\u00e9 fabriqu\u00e9 \u00e0 100 % en fibre de carbone bidirectionnelle, ce qui garantit une excellente r\u00e9ponse m\u00e9canique tout en offrant puissance et contr\u00f4le.<\/p>\n<p>De m\u00eame, le cadre int\u00e8gre le syst\u00e8me CURVAKTIV, une structure qui augmente le niveau de r\u00e9sistance aux torsions \u00e9lev\u00e9es. Augmente la rigidit\u00e9 et permet une transmission uniforme des contraintes dans toute la lame.<\/p>\n<p>Il comprend \u00e9galement un protecteur <strong>Sticker<\/em><\/strong>, un protecteur ultra-l\u00e9ger et adh\u00e9sif qui s&#8217;adapte parfaitement au cadre de la raquette et garantit une grande r\u00e9sistance \u00e0 l&#8217;abrasion et \u00e0 l&#8217;usure.<\/p>\n<h2>Bullpadel Vertex 04 W, avalada por Delfi Brea<\/h2>\n","protected":false},"excerpt":{"rendered":"<div class=\"pr\u00e9sentation des attributs du produit\">\n<div>\n<p>Raquette Bullpadel Vertex 04 W pour joueurs de niveau avanc\u00e9 ou professionnel. Avec noyau en caoutchouc Multieva et faces Fibrix. Avec les technologies TOPSPIN et CURVAKTIV. L\u00e9ger pour une bonne maniabilit\u00e9.<\/p>\n<\/div>\n<\/div>\n<div class=\"product-add-form\">\n<div class=\"quantit\u00e9 de champ\"><\/div>\n<\/div>\n","protected":false},"featured_media":52728,"comment_status":"open","ping_status":"closed","template":"","meta":{"_acf_changed":false,"_joinchat":[]},"acabado":[1097],"balance":[1142],"dureza":[1157],"forma":[1172],"jugador":[1197],"marca":[1257],"nivel-de-juego":[1347],"superficie":[1362],"tipo-de-juego":[1387],"product_brand":[],"product_cat":[302],"product_tag":[],"class_list":{"0":"post-20460","1":"product","2":"type-product","3":"status-publish","4":"has-post-thumbnail","6":"acabado-sable","7":"balance-moyen","8":"dureza-media-fr","9":"forma-diamant","10":"jugador-mujer-fr","11":"marca-bullpadel-fr","12":"superficie-rugosa-fr","13":"tipo-de-juego-polivalente-fr","14":"product_cat-palas-de-padel-fr","16":"first","17":"instock","18":"sale","19":"taxable","20":"shipping-taxable","21":"purchasable","22":"product-type-simple"},"acf":[],"yoast_head":"<!-- This site is optimized with the Yoast SEO plugin v27.3 - https:\/\/yoast.com\/product\/yoast-seo-wordpress\/ -->\n<title>BULLPADEL VERTEX 04 W - Revolution Padel Store<\/title>\n<meta name=\"description\" content=\"Pala Bullpadel Vertex 04 W para jugadoras de nivel avanzado o profesional. Con n\u00facleo de goma Multieva y caras de Fibrix. Con las tecnolog\u00edas TOPSPIN y CURVAKTIV. Peso ligero para buena manejabilidad.\" \/>\n<meta name=\"robots\" content=\"index, follow, max-snippet:-1, max-image-preview:large, max-video-preview:-1\" \/>\n<link rel=\"canonical\" href=\"https:\/\/revolutionpadelstore.com\/fr\/produit\/bullpadel-vertex-04-w\/\" \/>\n<meta property=\"og:locale\" content=\"fr_FR\" \/>\n<meta property=\"og:type\" content=\"article\" \/>\n<meta property=\"og:title\" content=\"BULLPADEL VERTEX 04 W - Revolution Padel Store\" \/>\n<meta property=\"og:description\" content=\"Pala Bullpadel Vertex 04 W para jugadoras de nivel avanzado o profesional. Con n\u00facleo de goma Multieva y caras de Fibrix. Con las tecnolog\u00edas TOPSPIN y CURVAKTIV. Peso ligero para buena manejabilidad.\" \/>\n<meta property=\"og:url\" content=\"https:\/\/revolutionpadelstore.com\/fr\/produit\/bullpadel-vertex-04-w\/\" \/>\n<meta property=\"og:site_name\" content=\"Revolution Padel Store\" \/>\n<meta property=\"article:modified_time\" content=\"2026-04-08T13:05:56+00:00\" \/>\n<meta property=\"og:image\" content=\"https:\/\/revolutionpadelstore.com\/wp-content\/uploads\/2024\/03\/110868_pala_bullpadel_vertex_04_w_24_471608_mujer_1500x1500_vista1_9c0a.webp\" \/>\n\t<meta property=\"og:image:width\" content=\"1500\" \/>\n\t<meta property=\"og:image:height\" content=\"1500\" \/>\n\t<meta property=\"og:image:type\" content=\"image\/webp\" \/>\n<meta name=\"twitter:card\" content=\"summary_large_image\" \/>\n<meta name=\"twitter:label1\" content=\"Dur\u00e9e de lecture estim\u00e9e\" \/>\n\t<meta name=\"twitter:data1\" content=\"2 minutes\" \/>\n<script type=\"application\/ld+json\" class=\"yoast-schema-graph\">{\"@context\":\"https:\\\/\\\/schema.org\",\"@graph\":[{\"@type\":\"WebPage\",\"@id\":\"https:\\\/\\\/revolutionpadelstore.com\\\/fr\\\/produit\\\/bullpadel-vertex-04-w\\\/\",\"url\":\"https:\\\/\\\/revolutionpadelstore.com\\\/fr\\\/produit\\\/bullpadel-vertex-04-w\\\/\",\"name\":\"BULLPADEL VERTEX 04 W - Revolution Padel Store\",\"isPartOf\":{\"@id\":\"https:\\\/\\\/revolutionpadelstore.com\\\/fr\\\/#website\"},\"primaryImageOfPage\":{\"@id\":\"https:\\\/\\\/revolutionpadelstore.com\\\/fr\\\/produit\\\/bullpadel-vertex-04-w\\\/#primaryimage\"},\"image\":{\"@id\":\"https:\\\/\\\/revolutionpadelstore.com\\\/fr\\\/produit\\\/bullpadel-vertex-04-w\\\/#primaryimage\"},\"thumbnailUrl\":\"https:\\\/\\\/revolutionpadelstore.com\\\/wp-content\\\/uploads\\\/2024\\\/03\\\/110868_pala_bullpadel_vertex_04_w_24_471608_mujer_1500x1500_vista1_9c0a.webp\",\"datePublished\":\"2024-03-14T13:49:37+00:00\",\"dateModified\":\"2026-04-08T13:05:56+00:00\",\"description\":\"Pala Bullpadel Vertex 04 W para jugadoras de nivel avanzado o profesional. Con n\u00facleo de goma Multieva y caras de Fibrix. Con las tecnolog\u00edas TOPSPIN y CURVAKTIV. Peso ligero para buena manejabilidad.\",\"breadcrumb\":{\"@id\":\"https:\\\/\\\/revolutionpadelstore.com\\\/fr\\\/produit\\\/bullpadel-vertex-04-w\\\/#breadcrumb\"},\"inLanguage\":\"fr-FR\",\"potentialAction\":[{\"@type\":\"ReadAction\",\"target\":[\"https:\\\/\\\/revolutionpadelstore.com\\\/fr\\\/produit\\\/bullpadel-vertex-04-w\\\/\"]}]},{\"@type\":\"ImageObject\",\"inLanguage\":\"fr-FR\",\"@id\":\"https:\\\/\\\/revolutionpadelstore.com\\\/fr\\\/produit\\\/bullpadel-vertex-04-w\\\/#primaryimage\",\"url\":\"https:\\\/\\\/revolutionpadelstore.com\\\/wp-content\\\/uploads\\\/2024\\\/03\\\/110868_pala_bullpadel_vertex_04_w_24_471608_mujer_1500x1500_vista1_9c0a.webp\",\"contentUrl\":\"https:\\\/\\\/revolutionpadelstore.com\\\/wp-content\\\/uploads\\\/2024\\\/03\\\/110868_pala_bullpadel_vertex_04_w_24_471608_mujer_1500x1500_vista1_9c0a.webp\",\"width\":1500,\"height\":1500},{\"@type\":\"BreadcrumbList\",\"@id\":\"https:\\\/\\\/revolutionpadelstore.com\\\/fr\\\/produit\\\/bullpadel-vertex-04-w\\\/#breadcrumb\",\"itemListElement\":[{\"@type\":\"ListItem\",\"position\":1,\"name\":\"Portada\",\"item\":\"https:\\\/\\\/revolutionpadelstore.com\\\/fr\\\/\"},{\"@type\":\"ListItem\",\"position\":2,\"name\":\"Boutique\",\"item\":\"https:\\\/\\\/revolutionpadelstore.com\\\/fr\\\/tienda\\\/\"},{\"@type\":\"ListItem\",\"position\":3,\"name\":\"BULLPADEL VERTEX 04 W\"}]},{\"@type\":\"WebSite\",\"@id\":\"https:\\\/\\\/revolutionpadelstore.com\\\/fr\\\/#website\",\"url\":\"https:\\\/\\\/revolutionpadelstore.com\\\/fr\\\/\",\"name\":\"Revolution Padel Store\",\"description\":\"\",\"publisher\":{\"@id\":\"https:\\\/\\\/revolutionpadelstore.com\\\/fr\\\/#organization\"},\"potentialAction\":[{\"@type\":\"SearchAction\",\"target\":{\"@type\":\"EntryPoint\",\"urlTemplate\":\"https:\\\/\\\/revolutionpadelstore.com\\\/fr\\\/?s={search_term_string}\"},\"query-input\":{\"@type\":\"PropertyValueSpecification\",\"valueRequired\":true,\"valueName\":\"search_term_string\"}}],\"inLanguage\":\"fr-FR\"},{\"@type\":\"Organization\",\"@id\":\"https:\\\/\\\/revolutionpadelstore.com\\\/fr\\\/#organization\",\"name\":\"Revolution Padel Store\",\"url\":\"https:\\\/\\\/revolutionpadelstore.com\\\/fr\\\/\",\"logo\":{\"@type\":\"ImageObject\",\"inLanguage\":\"fr-FR\",\"@id\":\"https:\\\/\\\/revolutionpadelstore.com\\\/fr\\\/#\\\/schema\\\/logo\\\/image\\\/\",\"url\":\"https:\\\/\\\/revolutionpadelstore.com\\\/wp-content\\\/uploads\\\/2026\\\/02\\\/revolution-padel-store.jpg\",\"contentUrl\":\"https:\\\/\\\/revolutionpadelstore.com\\\/wp-content\\\/uploads\\\/2026\\\/02\\\/revolution-padel-store.jpg\",\"width\":2000,\"height\":2000,\"caption\":\"Revolution Padel Store\"},\"image\":{\"@id\":\"https:\\\/\\\/revolutionpadelstore.com\\\/fr\\\/#\\\/schema\\\/logo\\\/image\\\/\"},\"sameAs\":[\"https:\\\/\\\/www.instagram.com\\\/revolutionpadelstore\\\/\"]}]}<\/script>\n<!-- \/ Yoast SEO plugin. -->","yoast_head_json":{"title":"BULLPADEL VERTEX 04 W - Revolution Padel Store","description":"Pala Bullpadel Vertex 04 W para jugadoras de nivel avanzado o profesional. Con n\u00facleo de goma Multieva y caras de Fibrix. Con las tecnolog\u00edas TOPSPIN y CURVAKTIV. Peso ligero para buena manejabilidad.","robots":{"index":"index","follow":"follow","max-snippet":"max-snippet:-1","max-image-preview":"max-image-preview:large","max-video-preview":"max-video-preview:-1"},"canonical":"https:\/\/revolutionpadelstore.com\/fr\/produit\/bullpadel-vertex-04-w\/","og_locale":"fr_FR","og_type":"article","og_title":"BULLPADEL VERTEX 04 W - Revolution Padel Store","og_description":"Pala Bullpadel Vertex 04 W para jugadoras de nivel avanzado o profesional. Con n\u00facleo de goma Multieva y caras de Fibrix. Con las tecnolog\u00edas TOPSPIN y CURVAKTIV. Peso ligero para buena manejabilidad.","og_url":"https:\/\/revolutionpadelstore.com\/fr\/produit\/bullpadel-vertex-04-w\/","og_site_name":"Revolution Padel Store","article_modified_time":"2026-04-08T13:05:56+00:00","og_image":[{"width":1500,"height":1500,"url":"https:\/\/revolutionpadelstore.com\/wp-content\/uploads\/2024\/03\/110868_pala_bullpadel_vertex_04_w_24_471608_mujer_1500x1500_vista1_9c0a.webp","type":"image\/webp"}],"twitter_card":"summary_large_image","twitter_misc":{"Dur\u00e9e de lecture estim\u00e9e":"2 minutes"},"schema":{"@context":"https:\/\/schema.org","@graph":[{"@type":"WebPage","@id":"https:\/\/revolutionpadelstore.com\/fr\/produit\/bullpadel-vertex-04-w\/","url":"https:\/\/revolutionpadelstore.com\/fr\/produit\/bullpadel-vertex-04-w\/","name":"BULLPADEL VERTEX 04 W - Revolution Padel Store","isPartOf":{"@id":"https:\/\/revolutionpadelstore.com\/fr\/#website"},"primaryImageOfPage":{"@id":"https:\/\/revolutionpadelstore.com\/fr\/produit\/bullpadel-vertex-04-w\/#primaryimage"},"image":{"@id":"https:\/\/revolutionpadelstore.com\/fr\/produit\/bullpadel-vertex-04-w\/#primaryimage"},"thumbnailUrl":"https:\/\/revolutionpadelstore.com\/wp-content\/uploads\/2024\/03\/110868_pala_bullpadel_vertex_04_w_24_471608_mujer_1500x1500_vista1_9c0a.webp","datePublished":"2024-03-14T13:49:37+00:00","dateModified":"2026-04-08T13:05:56+00:00","description":"Pala Bullpadel Vertex 04 W para jugadoras de nivel avanzado o profesional. Con n\u00facleo de goma Multieva y caras de Fibrix. Con las tecnolog\u00edas TOPSPIN y CURVAKTIV. Peso ligero para buena manejabilidad.","breadcrumb":{"@id":"https:\/\/revolutionpadelstore.com\/fr\/produit\/bullpadel-vertex-04-w\/#breadcrumb"},"inLanguage":"fr-FR","potentialAction":[{"@type":"ReadAction","target":["https:\/\/revolutionpadelstore.com\/fr\/produit\/bullpadel-vertex-04-w\/"]}]},{"@type":"ImageObject","inLanguage":"fr-FR","@id":"https:\/\/revolutionpadelstore.com\/fr\/produit\/bullpadel-vertex-04-w\/#primaryimage","url":"https:\/\/revolutionpadelstore.com\/wp-content\/uploads\/2024\/03\/110868_pala_bullpadel_vertex_04_w_24_471608_mujer_1500x1500_vista1_9c0a.webp","contentUrl":"https:\/\/revolutionpadelstore.com\/wp-content\/uploads\/2024\/03\/110868_pala_bullpadel_vertex_04_w_24_471608_mujer_1500x1500_vista1_9c0a.webp","width":1500,"height":1500},{"@type":"BreadcrumbList","@id":"https:\/\/revolutionpadelstore.com\/fr\/produit\/bullpadel-vertex-04-w\/#breadcrumb","itemListElement":[{"@type":"ListItem","position":1,"name":"Portada","item":"https:\/\/revolutionpadelstore.com\/fr\/"},{"@type":"ListItem","position":2,"name":"Boutique","item":"https:\/\/revolutionpadelstore.com\/fr\/tienda\/"},{"@type":"ListItem","position":3,"name":"BULLPADEL VERTEX 04 W"}]},{"@type":"WebSite","@id":"https:\/\/revolutionpadelstore.com\/fr\/#website","url":"https:\/\/revolutionpadelstore.com\/fr\/","name":"Revolution Padel Store","description":"","publisher":{"@id":"https:\/\/revolutionpadelstore.com\/fr\/#organization"},"potentialAction":[{"@type":"SearchAction","target":{"@type":"EntryPoint","urlTemplate":"https:\/\/revolutionpadelstore.com\/fr\/?s={search_term_string}"},"query-input":{"@type":"PropertyValueSpecification","valueRequired":true,"valueName":"search_term_string"}}],"inLanguage":"fr-FR"},{"@type":"Organization","@id":"https:\/\/revolutionpadelstore.com\/fr\/#organization","name":"Revolution Padel Store","url":"https:\/\/revolutionpadelstore.com\/fr\/","logo":{"@type":"ImageObject","inLanguage":"fr-FR","@id":"https:\/\/revolutionpadelstore.com\/fr\/#\/schema\/logo\/image\/","url":"https:\/\/revolutionpadelstore.com\/wp-content\/uploads\/2026\/02\/revolution-padel-store.jpg","contentUrl":"https:\/\/revolutionpadelstore.com\/wp-content\/uploads\/2026\/02\/revolution-padel-store.jpg","width":2000,"height":2000,"caption":"Revolution Padel Store"},"image":{"@id":"https:\/\/revolutionpadelstore.com\/fr\/#\/schema\/logo\/image\/"},"sameAs":["https:\/\/www.instagram.com\/revolutionpadelstore\/"]}]}},"_links":{"self":[{"href":"https:\/\/revolutionpadelstore.com\/fr\/wp-json\/wp\/v2\/product\/20460","targetHints":{"allow":["GET"]}}],"collection":[{"href":"https:\/\/revolutionpadelstore.com\/fr\/wp-json\/wp\/v2\/product"}],"about":[{"href":"https:\/\/revolutionpadelstore.com\/fr\/wp-json\/wp\/v2\/types\/product"}],"replies":[{"embeddable":true,"href":"https:\/\/revolutionpadelstore.com\/fr\/wp-json\/wp\/v2\/comments?post=20460"}],"wp:featuredmedia":[{"embeddable":true,"href":"https:\/\/revolutionpadelstore.com\/fr\/wp-json\/wp\/v2\/media\/52728"}],"wp:attachment":[{"href":"https:\/\/revolutionpadelstore.com\/fr\/wp-json\/wp\/v2\/media?parent=20460"}],"wp:term":[{"taxonomy":"acabado","embeddable":true,"href":"https:\/\/revolutionpadelstore.com\/fr\/wp-json\/wp\/v2\/acabado?post=20460"},{"taxonomy":"balance","embeddable":true,"href":"https:\/\/revolutionpadelstore.com\/fr\/wp-json\/wp\/v2\/balance?post=20460"},{"taxonomy":"dureza","embeddable":true,"href":"https:\/\/revolutionpadelstore.com\/fr\/wp-json\/wp\/v2\/dureza?post=20460"},{"taxonomy":"forma","embeddable":true,"href":"https:\/\/revolutionpadelstore.com\/fr\/wp-json\/wp\/v2\/forma?post=20460"},{"taxonomy":"jugador","embeddable":true,"href":"https:\/\/revolutionpadelstore.com\/fr\/wp-json\/wp\/v2\/jugador?post=20460"},{"taxonomy":"marca","embeddable":true,"href":"https:\/\/revolutionpadelstore.com\/fr\/wp-json\/wp\/v2\/marca?post=20460"},{"taxonomy":"nivel-de-juego","embeddable":true,"href":"https:\/\/revolutionpadelstore.com\/fr\/wp-json\/wp\/v2\/nivel-de-juego?post=20460"},{"taxonomy":"superficie","embeddable":true,"href":"https:\/\/revolutionpadelstore.com\/fr\/wp-json\/wp\/v2\/superficie?post=20460"},{"taxonomy":"tipo-de-juego","embeddable":true,"href":"https:\/\/revolutionpadelstore.com\/fr\/wp-json\/wp\/v2\/tipo-de-juego?post=20460"},{"taxonomy":"product_brand","embeddable":true,"href":"https:\/\/revolutionpadelstore.com\/fr\/wp-json\/wp\/v2\/product_brand?post=20460"},{"taxonomy":"product_cat","embeddable":true,"href":"https:\/\/revolutionpadelstore.com\/fr\/wp-json\/wp\/v2\/product_cat?post=20460"},{"taxonomy":"product_tag","embeddable":true,"href":"https:\/\/revolutionpadelstore.com\/fr\/wp-json\/wp\/v2\/product_tag?post=20460"}],"curies":[{"name":"wp","href":"https:\/\/api.w.org\/{rel}","templated":true}]}}