{"id":20450,"date":"2024-03-14T16:53:58","date_gmt":"2024-03-14T15:53:58","guid":{"rendered":"https:\/\/revolutionpadelstore.com\/bullpadel-vertex-04-comfort\/"},"modified":"2026-04-08T15:05:22","modified_gmt":"2026-04-08T13:05:22","slug":"bullpadel-vertex-04-comfort-3","status":"publish","type":"product","link":"https:\/\/revolutionpadelstore.com\/fr\/produit\/bullpadel-vertex-04-comfort-3\/","title":{"rendered":"BULLPADEL VERTEX 04 COMFORT"},"content":{"rendered":"<h2>Bullpadel Vertex 04 Confort, puissance ma\u00eetris\u00e9e<\/h2>\n<p>La nouvelle Bullpadel Vertex 04 Comfort est la raquette de padel choisie par le joueur professionnel Mart\u00edn Di Nenno pour affronter la saison 2024. C&#8217;est un mod\u00e8le qui offre une puissance et un contr\u00f4le exceptionnels aux joueurs de padel avanc\u00e9s ou professionnels.<\/p>\n<p>Il pr\u00e9sente une forme de diamant avec un \u00e9quilibre \u00e9lev\u00e9, de sorte que vos coups seront charg\u00e9s avec une puissance maximale sans aucune perte de contr\u00f4le. Son poids est compris entre 360 \u200b\u200bet 370 grammes et son profil est de 38mm.<\/p>\n<h2>Un meilleur contr\u00f4le lors des frappes<\/h2>\n<p>En termes de mat\u00e9riaux, le cadre CarbonTube est compos\u00e9 \u00e0 100 % de fibre de carbone entrelac\u00e9e bidirectionnelle, qui combine le syst\u00e8me CURVAKTIV avec l&#8217;AIR POWER pour mieux r\u00e9sister \u00e0 la torsion et transmettre uniform\u00e9ment les contraintes dans tout le cadre.<\/p>\n<p>De plus, la surface est r\u00e9alis\u00e9e en Fibrix HybridFiber, un composite bidirectionnel de X-Glass et de Carbone qui, combin\u00e9 \u00e0 une r\u00e9sine \u00e9lastique, apporte une \u00e9lasticit\u00e9 et une flexibilit\u00e9 suppl\u00e9mentaires au noyau.<\/p>\n<p>Le noyau interne, quant \u00e0 lui, est r\u00e9alis\u00e9 avec un <strong>caoutchouc Multieva double densit\u00e9<\/strong>, une couche interne de densit\u00e9 inf\u00e9rieure et une couche externe tr\u00e8s compacte. Il en r\u00e9sulte une raquette polyvalente qui s&#8217;adapte parfaitement aussi bien aux frappes lentes qu&#8217;aux balles rapides.<\/p>\n<h3>Un confort exceptionnel \u00e0 tout moment<\/h3>\n<p>D&#8217;autre part, il convient de mentionner le c\u0153ur Vertex, qui r\u00e9partit le poids de mani\u00e8re \u00e0 minimiser la torsion, \u00e9liminer les vibrations et augmenter la rigidit\u00e9. Vous pourrez r\u00e9aliser des vol\u00e9es solides et puissantes.<\/p>\n<p>De m\u00eame, sur les faces de cette raquette on retrouve la technologie TOPSPIN, une rugosit\u00e9 qui favorise la <strong>frappe avec effets<\/strong> gr\u00e2ce \u00e0 une plus grande adh\u00e9rence. Elle dispose \u00e9galement du <em>Grip Custom Weight<\/em>, situ\u00e9 sur le poing, qui permet de modifier le poids et l&#8217;\u00e9quilibre de la raquette pour s&#8217;adapter aux besoins de chaque joueur.<\/p>\n<h2>Bullpadel Vertex 04 Comfort, potencia controlada<\/h2>\n","protected":false},"excerpt":{"rendered":"<p>Raquette de padel Bullpadel Vertex 04 Comfort pour les joueurs de niveau avanc\u00e9 ou professionnel recherchant un maximum de puissance et de pr\u00e9cision \u00e0 chaque coup. Avec noyau Multieva, avions Fibrix et cadre CarbonTube.<\/p>\n","protected":false},"featured_media":52648,"comment_status":"open","ping_status":"closed","template":"","meta":{"_acf_changed":false,"_joinchat":[]},"acabado":[1097],"balance":[1137],"dureza":[1157],"forma":[1172],"jugador":[1192,1202],"marca":[1257],"nivel-de-juego":[1347],"superficie":[1362],"tipo-de-juego":[1377],"product_brand":[],"product_cat":[302],"product_tag":[],"class_list":{"0":"post-20450","1":"product","2":"type-product","3":"status-publish","4":"has-post-thumbnail","6":"acabado-sable","7":"balance-eleve","8":"dureza-media-fr","9":"forma-diamant","10":"jugador-homme","11":"jugador-polivalente-fr","12":"marca-bullpadel-fr","13":"superficie-rugosa-fr","14":"tipo-de-juego-puissance","15":"product_cat-palas-de-padel-fr","17":"first","18":"instock","19":"sale","20":"taxable","21":"shipping-taxable","22":"purchasable","23":"product-type-simple"},"acf":[],"yoast_head":"<!-- This site is optimized with the Yoast SEO plugin v27.3 - https:\/\/yoast.com\/product\/yoast-seo-wordpress\/ -->\n<title>BULLPADEL VERTEX 04 COMFORT - Revolution Padel Store<\/title>\n<meta name=\"description\" content=\"Pala de p\u00e1del Bullpadel Vertex 04 Comfort para jugadores de nivel avanzado o profesional que busquen la m\u00e1xima potencia y precisi\u00f3n en cada golpe. Con n\u00facleo Multieva, planos de Fibrix y marco CarbonTube.\" \/>\n<meta name=\"robots\" content=\"index, follow, max-snippet:-1, max-image-preview:large, max-video-preview:-1\" \/>\n<link rel=\"canonical\" href=\"https:\/\/revolutionpadelstore.com\/fr\/produit\/bullpadel-vertex-04-comfort-3\/\" \/>\n<meta property=\"og:locale\" content=\"fr_FR\" \/>\n<meta property=\"og:type\" content=\"article\" \/>\n<meta property=\"og:title\" content=\"BULLPADEL VERTEX 04 COMFORT - Revolution Padel Store\" \/>\n<meta property=\"og:description\" content=\"Pala de p\u00e1del Bullpadel Vertex 04 Comfort para jugadores de nivel avanzado o profesional que busquen la m\u00e1xima potencia y precisi\u00f3n en cada golpe. Con n\u00facleo Multieva, planos de Fibrix y marco CarbonTube.\" \/>\n<meta property=\"og:url\" content=\"https:\/\/revolutionpadelstore.com\/fr\/produit\/bullpadel-vertex-04-comfort-3\/\" \/>\n<meta property=\"og:site_name\" content=\"Revolution Padel Store\" \/>\n<meta property=\"article:modified_time\" content=\"2026-04-08T13:05:22+00:00\" \/>\n<meta property=\"og:image\" content=\"https:\/\/revolutionpadelstore.com\/wp-content\/uploads\/2024\/03\/110866_pala_bullpadel_vertex_04_comfort_24_471607_1500x1500_vista1_2c59.webp\" \/>\n\t<meta property=\"og:image:width\" content=\"1500\" \/>\n\t<meta property=\"og:image:height\" content=\"1500\" \/>\n\t<meta property=\"og:image:type\" content=\"image\/webp\" \/>\n<meta name=\"twitter:card\" content=\"summary_large_image\" \/>\n<meta name=\"twitter:label1\" content=\"Dur\u00e9e de lecture estim\u00e9e\" \/>\n\t<meta name=\"twitter:data1\" content=\"2 minutes\" \/>\n<script type=\"application\/ld+json\" class=\"yoast-schema-graph\">{\"@context\":\"https:\\\/\\\/schema.org\",\"@graph\":[{\"@type\":\"WebPage\",\"@id\":\"https:\\\/\\\/revolutionpadelstore.com\\\/fr\\\/produit\\\/bullpadel-vertex-04-comfort-3\\\/\",\"url\":\"https:\\\/\\\/revolutionpadelstore.com\\\/fr\\\/produit\\\/bullpadel-vertex-04-comfort-3\\\/\",\"name\":\"BULLPADEL VERTEX 04 COMFORT - Revolution Padel Store\",\"isPartOf\":{\"@id\":\"https:\\\/\\\/revolutionpadelstore.com\\\/fr\\\/#website\"},\"primaryImageOfPage\":{\"@id\":\"https:\\\/\\\/revolutionpadelstore.com\\\/fr\\\/produit\\\/bullpadel-vertex-04-comfort-3\\\/#primaryimage\"},\"image\":{\"@id\":\"https:\\\/\\\/revolutionpadelstore.com\\\/fr\\\/produit\\\/bullpadel-vertex-04-comfort-3\\\/#primaryimage\"},\"thumbnailUrl\":\"https:\\\/\\\/revolutionpadelstore.com\\\/wp-content\\\/uploads\\\/2024\\\/03\\\/110866_pala_bullpadel_vertex_04_comfort_24_471607_1500x1500_vista1_2c59.webp\",\"datePublished\":\"2024-03-14T15:53:58+00:00\",\"dateModified\":\"2026-04-08T13:05:22+00:00\",\"description\":\"Pala de p\u00e1del Bullpadel Vertex 04 Comfort para jugadores de nivel avanzado o profesional que busquen la m\u00e1xima potencia y precisi\u00f3n en cada golpe. Con n\u00facleo Multieva, planos de Fibrix y marco CarbonTube.\",\"breadcrumb\":{\"@id\":\"https:\\\/\\\/revolutionpadelstore.com\\\/fr\\\/produit\\\/bullpadel-vertex-04-comfort-3\\\/#breadcrumb\"},\"inLanguage\":\"fr-FR\",\"potentialAction\":[{\"@type\":\"ReadAction\",\"target\":[\"https:\\\/\\\/revolutionpadelstore.com\\\/fr\\\/produit\\\/bullpadel-vertex-04-comfort-3\\\/\"]}]},{\"@type\":\"ImageObject\",\"inLanguage\":\"fr-FR\",\"@id\":\"https:\\\/\\\/revolutionpadelstore.com\\\/fr\\\/produit\\\/bullpadel-vertex-04-comfort-3\\\/#primaryimage\",\"url\":\"https:\\\/\\\/revolutionpadelstore.com\\\/wp-content\\\/uploads\\\/2024\\\/03\\\/110866_pala_bullpadel_vertex_04_comfort_24_471607_1500x1500_vista1_2c59.webp\",\"contentUrl\":\"https:\\\/\\\/revolutionpadelstore.com\\\/wp-content\\\/uploads\\\/2024\\\/03\\\/110866_pala_bullpadel_vertex_04_comfort_24_471607_1500x1500_vista1_2c59.webp\",\"width\":1500,\"height\":1500},{\"@type\":\"BreadcrumbList\",\"@id\":\"https:\\\/\\\/revolutionpadelstore.com\\\/fr\\\/produit\\\/bullpadel-vertex-04-comfort-3\\\/#breadcrumb\",\"itemListElement\":[{\"@type\":\"ListItem\",\"position\":1,\"name\":\"Portada\",\"item\":\"https:\\\/\\\/revolutionpadelstore.com\\\/fr\\\/\"},{\"@type\":\"ListItem\",\"position\":2,\"name\":\"Boutique\",\"item\":\"https:\\\/\\\/revolutionpadelstore.com\\\/fr\\\/tienda\\\/\"},{\"@type\":\"ListItem\",\"position\":3,\"name\":\"BULLPADEL VERTEX 04 COMFORT\"}]},{\"@type\":\"WebSite\",\"@id\":\"https:\\\/\\\/revolutionpadelstore.com\\\/fr\\\/#website\",\"url\":\"https:\\\/\\\/revolutionpadelstore.com\\\/fr\\\/\",\"name\":\"Revolution Padel Store\",\"description\":\"\",\"publisher\":{\"@id\":\"https:\\\/\\\/revolutionpadelstore.com\\\/fr\\\/#organization\"},\"potentialAction\":[{\"@type\":\"SearchAction\",\"target\":{\"@type\":\"EntryPoint\",\"urlTemplate\":\"https:\\\/\\\/revolutionpadelstore.com\\\/fr\\\/?s={search_term_string}\"},\"query-input\":{\"@type\":\"PropertyValueSpecification\",\"valueRequired\":true,\"valueName\":\"search_term_string\"}}],\"inLanguage\":\"fr-FR\"},{\"@type\":\"Organization\",\"@id\":\"https:\\\/\\\/revolutionpadelstore.com\\\/fr\\\/#organization\",\"name\":\"Revolution Padel Store\",\"url\":\"https:\\\/\\\/revolutionpadelstore.com\\\/fr\\\/\",\"logo\":{\"@type\":\"ImageObject\",\"inLanguage\":\"fr-FR\",\"@id\":\"https:\\\/\\\/revolutionpadelstore.com\\\/fr\\\/#\\\/schema\\\/logo\\\/image\\\/\",\"url\":\"https:\\\/\\\/revolutionpadelstore.com\\\/wp-content\\\/uploads\\\/2026\\\/02\\\/revolution-padel-store.jpg\",\"contentUrl\":\"https:\\\/\\\/revolutionpadelstore.com\\\/wp-content\\\/uploads\\\/2026\\\/02\\\/revolution-padel-store.jpg\",\"width\":2000,\"height\":2000,\"caption\":\"Revolution Padel Store\"},\"image\":{\"@id\":\"https:\\\/\\\/revolutionpadelstore.com\\\/fr\\\/#\\\/schema\\\/logo\\\/image\\\/\"},\"sameAs\":[\"https:\\\/\\\/www.instagram.com\\\/revolutionpadelstore\\\/\"]}]}<\/script>\n<!-- \/ Yoast SEO plugin. -->","yoast_head_json":{"title":"BULLPADEL VERTEX 04 COMFORT - Revolution Padel Store","description":"Pala de p\u00e1del Bullpadel Vertex 04 Comfort para jugadores de nivel avanzado o profesional que busquen la m\u00e1xima potencia y precisi\u00f3n en cada golpe. Con n\u00facleo Multieva, planos de Fibrix y marco CarbonTube.","robots":{"index":"index","follow":"follow","max-snippet":"max-snippet:-1","max-image-preview":"max-image-preview:large","max-video-preview":"max-video-preview:-1"},"canonical":"https:\/\/revolutionpadelstore.com\/fr\/produit\/bullpadel-vertex-04-comfort-3\/","og_locale":"fr_FR","og_type":"article","og_title":"BULLPADEL VERTEX 04 COMFORT - Revolution Padel Store","og_description":"Pala de p\u00e1del Bullpadel Vertex 04 Comfort para jugadores de nivel avanzado o profesional que busquen la m\u00e1xima potencia y precisi\u00f3n en cada golpe. Con n\u00facleo Multieva, planos de Fibrix y marco CarbonTube.","og_url":"https:\/\/revolutionpadelstore.com\/fr\/produit\/bullpadel-vertex-04-comfort-3\/","og_site_name":"Revolution Padel Store","article_modified_time":"2026-04-08T13:05:22+00:00","og_image":[{"width":1500,"height":1500,"url":"https:\/\/revolutionpadelstore.com\/wp-content\/uploads\/2024\/03\/110866_pala_bullpadel_vertex_04_comfort_24_471607_1500x1500_vista1_2c59.webp","type":"image\/webp"}],"twitter_card":"summary_large_image","twitter_misc":{"Dur\u00e9e de lecture estim\u00e9e":"2 minutes"},"schema":{"@context":"https:\/\/schema.org","@graph":[{"@type":"WebPage","@id":"https:\/\/revolutionpadelstore.com\/fr\/produit\/bullpadel-vertex-04-comfort-3\/","url":"https:\/\/revolutionpadelstore.com\/fr\/produit\/bullpadel-vertex-04-comfort-3\/","name":"BULLPADEL VERTEX 04 COMFORT - Revolution Padel Store","isPartOf":{"@id":"https:\/\/revolutionpadelstore.com\/fr\/#website"},"primaryImageOfPage":{"@id":"https:\/\/revolutionpadelstore.com\/fr\/produit\/bullpadel-vertex-04-comfort-3\/#primaryimage"},"image":{"@id":"https:\/\/revolutionpadelstore.com\/fr\/produit\/bullpadel-vertex-04-comfort-3\/#primaryimage"},"thumbnailUrl":"https:\/\/revolutionpadelstore.com\/wp-content\/uploads\/2024\/03\/110866_pala_bullpadel_vertex_04_comfort_24_471607_1500x1500_vista1_2c59.webp","datePublished":"2024-03-14T15:53:58+00:00","dateModified":"2026-04-08T13:05:22+00:00","description":"Pala de p\u00e1del Bullpadel Vertex 04 Comfort para jugadores de nivel avanzado o profesional que busquen la m\u00e1xima potencia y precisi\u00f3n en cada golpe. Con n\u00facleo Multieva, planos de Fibrix y marco CarbonTube.","breadcrumb":{"@id":"https:\/\/revolutionpadelstore.com\/fr\/produit\/bullpadel-vertex-04-comfort-3\/#breadcrumb"},"inLanguage":"fr-FR","potentialAction":[{"@type":"ReadAction","target":["https:\/\/revolutionpadelstore.com\/fr\/produit\/bullpadel-vertex-04-comfort-3\/"]}]},{"@type":"ImageObject","inLanguage":"fr-FR","@id":"https:\/\/revolutionpadelstore.com\/fr\/produit\/bullpadel-vertex-04-comfort-3\/#primaryimage","url":"https:\/\/revolutionpadelstore.com\/wp-content\/uploads\/2024\/03\/110866_pala_bullpadel_vertex_04_comfort_24_471607_1500x1500_vista1_2c59.webp","contentUrl":"https:\/\/revolutionpadelstore.com\/wp-content\/uploads\/2024\/03\/110866_pala_bullpadel_vertex_04_comfort_24_471607_1500x1500_vista1_2c59.webp","width":1500,"height":1500},{"@type":"BreadcrumbList","@id":"https:\/\/revolutionpadelstore.com\/fr\/produit\/bullpadel-vertex-04-comfort-3\/#breadcrumb","itemListElement":[{"@type":"ListItem","position":1,"name":"Portada","item":"https:\/\/revolutionpadelstore.com\/fr\/"},{"@type":"ListItem","position":2,"name":"Boutique","item":"https:\/\/revolutionpadelstore.com\/fr\/tienda\/"},{"@type":"ListItem","position":3,"name":"BULLPADEL VERTEX 04 COMFORT"}]},{"@type":"WebSite","@id":"https:\/\/revolutionpadelstore.com\/fr\/#website","url":"https:\/\/revolutionpadelstore.com\/fr\/","name":"Revolution Padel Store","description":"","publisher":{"@id":"https:\/\/revolutionpadelstore.com\/fr\/#organization"},"potentialAction":[{"@type":"SearchAction","target":{"@type":"EntryPoint","urlTemplate":"https:\/\/revolutionpadelstore.com\/fr\/?s={search_term_string}"},"query-input":{"@type":"PropertyValueSpecification","valueRequired":true,"valueName":"search_term_string"}}],"inLanguage":"fr-FR"},{"@type":"Organization","@id":"https:\/\/revolutionpadelstore.com\/fr\/#organization","name":"Revolution Padel Store","url":"https:\/\/revolutionpadelstore.com\/fr\/","logo":{"@type":"ImageObject","inLanguage":"fr-FR","@id":"https:\/\/revolutionpadelstore.com\/fr\/#\/schema\/logo\/image\/","url":"https:\/\/revolutionpadelstore.com\/wp-content\/uploads\/2026\/02\/revolution-padel-store.jpg","contentUrl":"https:\/\/revolutionpadelstore.com\/wp-content\/uploads\/2026\/02\/revolution-padel-store.jpg","width":2000,"height":2000,"caption":"Revolution Padel Store"},"image":{"@id":"https:\/\/revolutionpadelstore.com\/fr\/#\/schema\/logo\/image\/"},"sameAs":["https:\/\/www.instagram.com\/revolutionpadelstore\/"]}]}},"_links":{"self":[{"href":"https:\/\/revolutionpadelstore.com\/fr\/wp-json\/wp\/v2\/product\/20450","targetHints":{"allow":["GET"]}}],"collection":[{"href":"https:\/\/revolutionpadelstore.com\/fr\/wp-json\/wp\/v2\/product"}],"about":[{"href":"https:\/\/revolutionpadelstore.com\/fr\/wp-json\/wp\/v2\/types\/product"}],"replies":[{"embeddable":true,"href":"https:\/\/revolutionpadelstore.com\/fr\/wp-json\/wp\/v2\/comments?post=20450"}],"wp:featuredmedia":[{"embeddable":true,"href":"https:\/\/revolutionpadelstore.com\/fr\/wp-json\/wp\/v2\/media\/52648"}],"wp:attachment":[{"href":"https:\/\/revolutionpadelstore.com\/fr\/wp-json\/wp\/v2\/media?parent=20450"}],"wp:term":[{"taxonomy":"acabado","embeddable":true,"href":"https:\/\/revolutionpadelstore.com\/fr\/wp-json\/wp\/v2\/acabado?post=20450"},{"taxonomy":"balance","embeddable":true,"href":"https:\/\/revolutionpadelstore.com\/fr\/wp-json\/wp\/v2\/balance?post=20450"},{"taxonomy":"dureza","embeddable":true,"href":"https:\/\/revolutionpadelstore.com\/fr\/wp-json\/wp\/v2\/dureza?post=20450"},{"taxonomy":"forma","embeddable":true,"href":"https:\/\/revolutionpadelstore.com\/fr\/wp-json\/wp\/v2\/forma?post=20450"},{"taxonomy":"jugador","embeddable":true,"href":"https:\/\/revolutionpadelstore.com\/fr\/wp-json\/wp\/v2\/jugador?post=20450"},{"taxonomy":"marca","embeddable":true,"href":"https:\/\/revolutionpadelstore.com\/fr\/wp-json\/wp\/v2\/marca?post=20450"},{"taxonomy":"nivel-de-juego","embeddable":true,"href":"https:\/\/revolutionpadelstore.com\/fr\/wp-json\/wp\/v2\/nivel-de-juego?post=20450"},{"taxonomy":"superficie","embeddable":true,"href":"https:\/\/revolutionpadelstore.com\/fr\/wp-json\/wp\/v2\/superficie?post=20450"},{"taxonomy":"tipo-de-juego","embeddable":true,"href":"https:\/\/revolutionpadelstore.com\/fr\/wp-json\/wp\/v2\/tipo-de-juego?post=20450"},{"taxonomy":"product_brand","embeddable":true,"href":"https:\/\/revolutionpadelstore.com\/fr\/wp-json\/wp\/v2\/product_brand?post=20450"},{"taxonomy":"product_cat","embeddable":true,"href":"https:\/\/revolutionpadelstore.com\/fr\/wp-json\/wp\/v2\/product_cat?post=20450"},{"taxonomy":"product_tag","embeddable":true,"href":"https:\/\/revolutionpadelstore.com\/fr\/wp-json\/wp\/v2\/product_tag?post=20450"}],"curies":[{"name":"wp","href":"https:\/\/api.w.org\/{rel}","templated":true}]}}