{"id":20445,"date":"2024-03-14T17:07:55","date_gmt":"2024-03-14T16:07:55","guid":{"rendered":"https:\/\/revolutionpadelstore.com\/bullpadel-hack-03-comfort-24\/"},"modified":"2026-04-08T15:04:46","modified_gmt":"2026-04-08T13:04:46","slug":"bullpadel-hack-03-comfort-24-3","status":"publish","type":"product","link":"https:\/\/revolutionpadelstore.com\/fr\/produit\/bullpadel-hack-03-comfort-24-3\/","title":{"rendered":"BULLPADEL HACK 03 COMFORT 24"},"content":{"rendered":"<h2>Bullpadel Hack 03 Comfort 24 pour vos matchs les plus confortables<\/h2>\n<p>Si vous \u00eates un joueur avanc\u00e9 ou professionnel \u00e0 la recherche d&#8217;une raquette performante qui vous permet de dominer le terrain avec puissance et pr\u00e9cision, Bullpadel Hack 03 Comfort 24 est le choix parfait pour vous.<\/p>\n<p>Con\u00e7ue en collaboration avec la l\u00e9gende du padel Paquito Navarro, dans le cadre de la collection Bullpadel 2024, c&#8217;est une raquette qui vous fera passer au niveau sup\u00e9rieur dans votre jeu. Cette raquette pr\u00e9sente une forme <strong>diamant<\/strong>, ce qui en fait un outil id\u00e9al pour ceux qui recherchent un jeu ax\u00e9 sur la puissance.<\/p>\n<h3>Raquette de paddle avec des mat\u00e9riaux de haute qualit\u00e9<\/h3>\n<p>L&#8217;une des caract\u00e9ristiques les plus remarquables de cette raquette est sa construction de haute qualit\u00e9. La face de la raquette est fabriqu\u00e9e en <em><strong>Fibrix<\/strong><\/em>, un mat\u00e9riau qui offre une combinaison parfaite de rigidit\u00e9 et de flexibilit\u00e9 pour des performances exceptionnelles \u00e0 chaque coup. Le noyau est compos\u00e9 de <em><strong>MultiEVA<\/strong><\/em> de deux densit\u00e9s diff\u00e9rentes, offrant des sensations de jeu exceptionnelles et une r\u00e9ponse pr\u00e9cise.<\/p>\n<p>Le cadre est dot\u00e9 du syst\u00e8me <strong>Air React Channel<\/em><\/strong>, qui le rend a\u00e9rodynamique pour le rendre plus l\u00e9ger, vous permettant de vous d\u00e9placer facilement sur le terrain et de r\u00e9agir rapidement \u00e0 chaque jeu. De plus, la surface \u00e0 finition rugueuse <strong>3D Grain<\/em><\/strong> vous offre un meilleur contr\u00f4le et la possibilit\u00e9 d&#8217;ajouter de l&#8217;effet \u00e0 vos tirs, surprenant vos adversaires avec des balles impr\u00e9visibles.<\/p>\n<h3>Pelle r\u00e9sistante et durable<\/h3>\n<p>La raquette int\u00e8gre \u00e9galement le tube CarbonTube 100% carbone, qui garantit une r\u00e9sistance exceptionnelle et une plus grande durabilit\u00e9. Pour la prot\u00e9ger des coups accidentels, elle dispose d&#8217;un <strong>protecteur en aluminium<\/strong> <em><strong>Metalshield<\/strong><\/em>, qui prolonge la dur\u00e9e de vie utile de la raquette et la maintient en parfait \u00e9tat .<\/p>\n<p>Le c\u0153ur Hack et les canaux Nerve sur le c\u00f4t\u00e9 du cadre sont des d\u00e9tails qui d\u00e9montrent l&#8217;attention port\u00e9e aux d\u00e9tails dans la conception de cette raquette. Ce sont des \u00e9l\u00e9ments qui optimisent la r\u00e9partition du poids et de la puissance \u00e0 chaque coup.<\/p>\n<p>En r\u00e9sum\u00e9, la Bullpadel Hack 03 Comfort 24 est une raquette de padel performante qui r\u00e9pond aux besoins des joueurs avanc\u00e9s et professionnels. Avec son design innovant et ses mat\u00e9riaux de haute qualit\u00e9, il vous aidera \u00e0 dominer la piste et \u00e0 surpasser vos rivaux avec puissance et pr\u00e9cision. Obtenez le v\u00f4tre et faites passer votre jeu au niveau sup\u00e9rieur !<\/p>\n<h2>Bullpadel Hack 03 Comfort 24 para tus partidos m\u00e1s c\u00f3modos<\/h2>\n","protected":false},"excerpt":{"rendered":"<p>Bullpadel Hack 03 confort 24, la raquette 2024 de Paquito Navarro. Une raquette diamant pour les joueurs de padel de niveau avanc\u00e9 ou professionnel. Jouez \u00e0 votre jeu le plus confortable.<\/p>\n","protected":false},"featured_media":52614,"comment_status":"open","ping_status":"closed","template":"","meta":{"_acf_changed":false,"_joinchat":[]},"acabado":[1082],"balance":[1137],"dureza":[1157],"forma":[1172],"jugador":[1192,1202],"marca":[1257],"nivel-de-juego":[1337],"superficie":[1362],"tipo-de-juego":[1377],"product_brand":[],"product_cat":[302],"product_tag":[],"class_list":{"0":"post-20445","1":"product","2":"type-product","3":"status-publish","4":"has-post-thumbnail","6":"acabado-luminosite","7":"balance-eleve","8":"dureza-media-fr","9":"forma-diamant","10":"jugador-homme","11":"jugador-polivalente-fr","12":"marca-bullpadel-fr","13":"superficie-rugosa-fr","14":"tipo-de-juego-puissance","15":"product_cat-palas-de-padel-fr","17":"first","18":"instock","19":"sale","20":"taxable","21":"shipping-taxable","22":"purchasable","23":"product-type-simple"},"acf":[],"yoast_head":"<!-- This site is optimized with the Yoast SEO plugin v27.4 - https:\/\/yoast.com\/product\/yoast-seo-wordpress\/ -->\n<title>BULLPADEL HACK 03 COMFORT 24 - Revolution Padel Store<\/title>\n<meta name=\"description\" content=\"Bullpadel Hack 03 comfort 24, la pala de 2024 de Paquito Navarro. Una pala de diamante para jugadores de p\u00e1del de nivel avanzado o profesional. Juega tu partido m\u00e1s confortable.\" \/>\n<meta name=\"robots\" content=\"index, follow, max-snippet:-1, max-image-preview:large, max-video-preview:-1\" \/>\n<link rel=\"canonical\" href=\"https:\/\/revolutionpadelstore.com\/fr\/produit\/bullpadel-hack-03-comfort-24-3\/\" \/>\n<meta property=\"og:locale\" content=\"fr_FR\" \/>\n<meta property=\"og:type\" content=\"article\" \/>\n<meta property=\"og:title\" content=\"BULLPADEL HACK 03 COMFORT 24 - Revolution Padel Store\" \/>\n<meta property=\"og:description\" content=\"Bullpadel Hack 03 comfort 24, la pala de 2024 de Paquito Navarro. Una pala de diamante para jugadores de p\u00e1del de nivel avanzado o profesional. Juega tu partido m\u00e1s confortable.\" \/>\n<meta property=\"og:url\" content=\"https:\/\/revolutionpadelstore.com\/fr\/produit\/bullpadel-hack-03-comfort-24-3\/\" \/>\n<meta property=\"og:site_name\" content=\"Revolution Padel Store\" \/>\n<meta property=\"article:modified_time\" content=\"2026-04-08T13:04:46+00:00\" \/>\n<meta property=\"og:image\" content=\"https:\/\/revolutionpadelstore.com\/wp-content\/uploads\/2024\/03\/110862_pala_bullpadel_hack_03_comfort_24_471604_1500x1500_vista1_aa6a.webp\" \/>\n\t<meta property=\"og:image:width\" content=\"1500\" \/>\n\t<meta property=\"og:image:height\" content=\"1500\" \/>\n\t<meta property=\"og:image:type\" content=\"image\/webp\" \/>\n<meta name=\"twitter:card\" content=\"summary_large_image\" \/>\n<meta name=\"twitter:label1\" content=\"Dur\u00e9e de lecture estim\u00e9e\" \/>\n\t<meta name=\"twitter:data1\" content=\"2 minutes\" \/>\n<script type=\"application\/ld+json\" class=\"yoast-schema-graph\">{\"@context\":\"https:\\\/\\\/schema.org\",\"@graph\":[{\"@type\":\"WebPage\",\"@id\":\"https:\\\/\\\/revolutionpadelstore.com\\\/fr\\\/produit\\\/bullpadel-hack-03-comfort-24-3\\\/\",\"url\":\"https:\\\/\\\/revolutionpadelstore.com\\\/fr\\\/produit\\\/bullpadel-hack-03-comfort-24-3\\\/\",\"name\":\"BULLPADEL HACK 03 COMFORT 24 - Revolution Padel Store\",\"isPartOf\":{\"@id\":\"https:\\\/\\\/revolutionpadelstore.com\\\/fr\\\/#website\"},\"primaryImageOfPage\":{\"@id\":\"https:\\\/\\\/revolutionpadelstore.com\\\/fr\\\/produit\\\/bullpadel-hack-03-comfort-24-3\\\/#primaryimage\"},\"image\":{\"@id\":\"https:\\\/\\\/revolutionpadelstore.com\\\/fr\\\/produit\\\/bullpadel-hack-03-comfort-24-3\\\/#primaryimage\"},\"thumbnailUrl\":\"https:\\\/\\\/revolutionpadelstore.com\\\/wp-content\\\/uploads\\\/2024\\\/03\\\/110862_pala_bullpadel_hack_03_comfort_24_471604_1500x1500_vista1_aa6a.webp\",\"datePublished\":\"2024-03-14T16:07:55+00:00\",\"dateModified\":\"2026-04-08T13:04:46+00:00\",\"description\":\"Bullpadel Hack 03 comfort 24, la pala de 2024 de Paquito Navarro. Una pala de diamante para jugadores de p\u00e1del de nivel avanzado o profesional. Juega tu partido m\u00e1s confortable.\",\"breadcrumb\":{\"@id\":\"https:\\\/\\\/revolutionpadelstore.com\\\/fr\\\/produit\\\/bullpadel-hack-03-comfort-24-3\\\/#breadcrumb\"},\"inLanguage\":\"fr-FR\",\"potentialAction\":[{\"@type\":\"ReadAction\",\"target\":[\"https:\\\/\\\/revolutionpadelstore.com\\\/fr\\\/produit\\\/bullpadel-hack-03-comfort-24-3\\\/\"]}]},{\"@type\":\"ImageObject\",\"inLanguage\":\"fr-FR\",\"@id\":\"https:\\\/\\\/revolutionpadelstore.com\\\/fr\\\/produit\\\/bullpadel-hack-03-comfort-24-3\\\/#primaryimage\",\"url\":\"https:\\\/\\\/revolutionpadelstore.com\\\/wp-content\\\/uploads\\\/2024\\\/03\\\/110862_pala_bullpadel_hack_03_comfort_24_471604_1500x1500_vista1_aa6a.webp\",\"contentUrl\":\"https:\\\/\\\/revolutionpadelstore.com\\\/wp-content\\\/uploads\\\/2024\\\/03\\\/110862_pala_bullpadel_hack_03_comfort_24_471604_1500x1500_vista1_aa6a.webp\",\"width\":1500,\"height\":1500},{\"@type\":\"BreadcrumbList\",\"@id\":\"https:\\\/\\\/revolutionpadelstore.com\\\/fr\\\/produit\\\/bullpadel-hack-03-comfort-24-3\\\/#breadcrumb\",\"itemListElement\":[{\"@type\":\"ListItem\",\"position\":1,\"name\":\"Portada\",\"item\":\"https:\\\/\\\/revolutionpadelstore.com\\\/fr\\\/\"},{\"@type\":\"ListItem\",\"position\":2,\"name\":\"Boutique\",\"item\":\"https:\\\/\\\/revolutionpadelstore.com\\\/fr\\\/tienda\\\/\"},{\"@type\":\"ListItem\",\"position\":3,\"name\":\"BULLPADEL HACK 03 COMFORT 24\"}]},{\"@type\":\"WebSite\",\"@id\":\"https:\\\/\\\/revolutionpadelstore.com\\\/fr\\\/#website\",\"url\":\"https:\\\/\\\/revolutionpadelstore.com\\\/fr\\\/\",\"name\":\"Revolution Padel Store\",\"description\":\"\",\"publisher\":{\"@id\":\"https:\\\/\\\/revolutionpadelstore.com\\\/fr\\\/#organization\"},\"potentialAction\":[{\"@type\":\"SearchAction\",\"target\":{\"@type\":\"EntryPoint\",\"urlTemplate\":\"https:\\\/\\\/revolutionpadelstore.com\\\/fr\\\/?s={search_term_string}\"},\"query-input\":{\"@type\":\"PropertyValueSpecification\",\"valueRequired\":true,\"valueName\":\"search_term_string\"}}],\"inLanguage\":\"fr-FR\"},{\"@type\":\"Organization\",\"@id\":\"https:\\\/\\\/revolutionpadelstore.com\\\/fr\\\/#organization\",\"name\":\"Revolution Padel Store\",\"url\":\"https:\\\/\\\/revolutionpadelstore.com\\\/fr\\\/\",\"logo\":{\"@type\":\"ImageObject\",\"inLanguage\":\"fr-FR\",\"@id\":\"https:\\\/\\\/revolutionpadelstore.com\\\/fr\\\/#\\\/schema\\\/logo\\\/image\\\/\",\"url\":\"https:\\\/\\\/revolutionpadelstore.com\\\/wp-content\\\/uploads\\\/2026\\\/02\\\/revolution-padel-store.jpg\",\"contentUrl\":\"https:\\\/\\\/revolutionpadelstore.com\\\/wp-content\\\/uploads\\\/2026\\\/02\\\/revolution-padel-store.jpg\",\"width\":2000,\"height\":2000,\"caption\":\"Revolution Padel Store\"},\"image\":{\"@id\":\"https:\\\/\\\/revolutionpadelstore.com\\\/fr\\\/#\\\/schema\\\/logo\\\/image\\\/\"},\"sameAs\":[\"https:\\\/\\\/www.instagram.com\\\/revolutionpadelstore\\\/\"]}]}<\/script>\n<!-- \/ Yoast SEO plugin. -->","yoast_head_json":{"title":"BULLPADEL HACK 03 COMFORT 24 - Revolution Padel Store","description":"Bullpadel Hack 03 comfort 24, la pala de 2024 de Paquito Navarro. Una pala de diamante para jugadores de p\u00e1del de nivel avanzado o profesional. Juega tu partido m\u00e1s confortable.","robots":{"index":"index","follow":"follow","max-snippet":"max-snippet:-1","max-image-preview":"max-image-preview:large","max-video-preview":"max-video-preview:-1"},"canonical":"https:\/\/revolutionpadelstore.com\/fr\/produit\/bullpadel-hack-03-comfort-24-3\/","og_locale":"fr_FR","og_type":"article","og_title":"BULLPADEL HACK 03 COMFORT 24 - Revolution Padel Store","og_description":"Bullpadel Hack 03 comfort 24, la pala de 2024 de Paquito Navarro. Una pala de diamante para jugadores de p\u00e1del de nivel avanzado o profesional. Juega tu partido m\u00e1s confortable.","og_url":"https:\/\/revolutionpadelstore.com\/fr\/produit\/bullpadel-hack-03-comfort-24-3\/","og_site_name":"Revolution Padel Store","article_modified_time":"2026-04-08T13:04:46+00:00","og_image":[{"width":1500,"height":1500,"url":"https:\/\/revolutionpadelstore.com\/wp-content\/uploads\/2024\/03\/110862_pala_bullpadel_hack_03_comfort_24_471604_1500x1500_vista1_aa6a.webp","type":"image\/webp"}],"twitter_card":"summary_large_image","twitter_misc":{"Dur\u00e9e de lecture estim\u00e9e":"2 minutes"},"schema":{"@context":"https:\/\/schema.org","@graph":[{"@type":"WebPage","@id":"https:\/\/revolutionpadelstore.com\/fr\/produit\/bullpadel-hack-03-comfort-24-3\/","url":"https:\/\/revolutionpadelstore.com\/fr\/produit\/bullpadel-hack-03-comfort-24-3\/","name":"BULLPADEL HACK 03 COMFORT 24 - Revolution Padel Store","isPartOf":{"@id":"https:\/\/revolutionpadelstore.com\/fr\/#website"},"primaryImageOfPage":{"@id":"https:\/\/revolutionpadelstore.com\/fr\/produit\/bullpadel-hack-03-comfort-24-3\/#primaryimage"},"image":{"@id":"https:\/\/revolutionpadelstore.com\/fr\/produit\/bullpadel-hack-03-comfort-24-3\/#primaryimage"},"thumbnailUrl":"https:\/\/revolutionpadelstore.com\/wp-content\/uploads\/2024\/03\/110862_pala_bullpadel_hack_03_comfort_24_471604_1500x1500_vista1_aa6a.webp","datePublished":"2024-03-14T16:07:55+00:00","dateModified":"2026-04-08T13:04:46+00:00","description":"Bullpadel Hack 03 comfort 24, la pala de 2024 de Paquito Navarro. Una pala de diamante para jugadores de p\u00e1del de nivel avanzado o profesional. Juega tu partido m\u00e1s confortable.","breadcrumb":{"@id":"https:\/\/revolutionpadelstore.com\/fr\/produit\/bullpadel-hack-03-comfort-24-3\/#breadcrumb"},"inLanguage":"fr-FR","potentialAction":[{"@type":"ReadAction","target":["https:\/\/revolutionpadelstore.com\/fr\/produit\/bullpadel-hack-03-comfort-24-3\/"]}]},{"@type":"ImageObject","inLanguage":"fr-FR","@id":"https:\/\/revolutionpadelstore.com\/fr\/produit\/bullpadel-hack-03-comfort-24-3\/#primaryimage","url":"https:\/\/revolutionpadelstore.com\/wp-content\/uploads\/2024\/03\/110862_pala_bullpadel_hack_03_comfort_24_471604_1500x1500_vista1_aa6a.webp","contentUrl":"https:\/\/revolutionpadelstore.com\/wp-content\/uploads\/2024\/03\/110862_pala_bullpadel_hack_03_comfort_24_471604_1500x1500_vista1_aa6a.webp","width":1500,"height":1500},{"@type":"BreadcrumbList","@id":"https:\/\/revolutionpadelstore.com\/fr\/produit\/bullpadel-hack-03-comfort-24-3\/#breadcrumb","itemListElement":[{"@type":"ListItem","position":1,"name":"Portada","item":"https:\/\/revolutionpadelstore.com\/fr\/"},{"@type":"ListItem","position":2,"name":"Boutique","item":"https:\/\/revolutionpadelstore.com\/fr\/tienda\/"},{"@type":"ListItem","position":3,"name":"BULLPADEL HACK 03 COMFORT 24"}]},{"@type":"WebSite","@id":"https:\/\/revolutionpadelstore.com\/fr\/#website","url":"https:\/\/revolutionpadelstore.com\/fr\/","name":"Revolution Padel Store","description":"","publisher":{"@id":"https:\/\/revolutionpadelstore.com\/fr\/#organization"},"potentialAction":[{"@type":"SearchAction","target":{"@type":"EntryPoint","urlTemplate":"https:\/\/revolutionpadelstore.com\/fr\/?s={search_term_string}"},"query-input":{"@type":"PropertyValueSpecification","valueRequired":true,"valueName":"search_term_string"}}],"inLanguage":"fr-FR"},{"@type":"Organization","@id":"https:\/\/revolutionpadelstore.com\/fr\/#organization","name":"Revolution Padel Store","url":"https:\/\/revolutionpadelstore.com\/fr\/","logo":{"@type":"ImageObject","inLanguage":"fr-FR","@id":"https:\/\/revolutionpadelstore.com\/fr\/#\/schema\/logo\/image\/","url":"https:\/\/revolutionpadelstore.com\/wp-content\/uploads\/2026\/02\/revolution-padel-store.jpg","contentUrl":"https:\/\/revolutionpadelstore.com\/wp-content\/uploads\/2026\/02\/revolution-padel-store.jpg","width":2000,"height":2000,"caption":"Revolution Padel Store"},"image":{"@id":"https:\/\/revolutionpadelstore.com\/fr\/#\/schema\/logo\/image\/"},"sameAs":["https:\/\/www.instagram.com\/revolutionpadelstore\/"]}]}},"_links":{"self":[{"href":"https:\/\/revolutionpadelstore.com\/fr\/wp-json\/wp\/v2\/product\/20445","targetHints":{"allow":["GET"]}}],"collection":[{"href":"https:\/\/revolutionpadelstore.com\/fr\/wp-json\/wp\/v2\/product"}],"about":[{"href":"https:\/\/revolutionpadelstore.com\/fr\/wp-json\/wp\/v2\/types\/product"}],"replies":[{"embeddable":true,"href":"https:\/\/revolutionpadelstore.com\/fr\/wp-json\/wp\/v2\/comments?post=20445"}],"wp:featuredmedia":[{"embeddable":true,"href":"https:\/\/revolutionpadelstore.com\/fr\/wp-json\/wp\/v2\/media\/52614"}],"wp:attachment":[{"href":"https:\/\/revolutionpadelstore.com\/fr\/wp-json\/wp\/v2\/media?parent=20445"}],"wp:term":[{"taxonomy":"acabado","embeddable":true,"href":"https:\/\/revolutionpadelstore.com\/fr\/wp-json\/wp\/v2\/acabado?post=20445"},{"taxonomy":"balance","embeddable":true,"href":"https:\/\/revolutionpadelstore.com\/fr\/wp-json\/wp\/v2\/balance?post=20445"},{"taxonomy":"dureza","embeddable":true,"href":"https:\/\/revolutionpadelstore.com\/fr\/wp-json\/wp\/v2\/dureza?post=20445"},{"taxonomy":"forma","embeddable":true,"href":"https:\/\/revolutionpadelstore.com\/fr\/wp-json\/wp\/v2\/forma?post=20445"},{"taxonomy":"jugador","embeddable":true,"href":"https:\/\/revolutionpadelstore.com\/fr\/wp-json\/wp\/v2\/jugador?post=20445"},{"taxonomy":"marca","embeddable":true,"href":"https:\/\/revolutionpadelstore.com\/fr\/wp-json\/wp\/v2\/marca?post=20445"},{"taxonomy":"nivel-de-juego","embeddable":true,"href":"https:\/\/revolutionpadelstore.com\/fr\/wp-json\/wp\/v2\/nivel-de-juego?post=20445"},{"taxonomy":"superficie","embeddable":true,"href":"https:\/\/revolutionpadelstore.com\/fr\/wp-json\/wp\/v2\/superficie?post=20445"},{"taxonomy":"tipo-de-juego","embeddable":true,"href":"https:\/\/revolutionpadelstore.com\/fr\/wp-json\/wp\/v2\/tipo-de-juego?post=20445"},{"taxonomy":"product_brand","embeddable":true,"href":"https:\/\/revolutionpadelstore.com\/fr\/wp-json\/wp\/v2\/product_brand?post=20445"},{"taxonomy":"product_cat","embeddable":true,"href":"https:\/\/revolutionpadelstore.com\/fr\/wp-json\/wp\/v2\/product_cat?post=20445"},{"taxonomy":"product_tag","embeddable":true,"href":"https:\/\/revolutionpadelstore.com\/fr\/wp-json\/wp\/v2\/product_tag?post=20445"}],"curies":[{"name":"wp","href":"https:\/\/api.w.org\/{rel}","templated":true}]}}