{"id":20440,"date":"2024-03-14T17:19:06","date_gmt":"2024-03-14T16:19:06","guid":{"rendered":"https:\/\/revolutionpadelstore.com\/bullpadel-hack-03-master-final-2022\/"},"modified":"2024-10-15T03:55:31","modified_gmt":"2024-10-15T01:55:31","slug":"bullpadel-hack-03-master-final-2022","status":"publish","type":"product","link":"https:\/\/revolutionpadelstore.com\/fr\/produit\/bullpadel-hack-03-master-final-2022\/","title":{"rendered":"BULLPADEL HACK 03 MASTER FINAL 2022"},"content":{"rendered":"<h2>Bullpadel Hack 03 Master Final 2022, une raquette padel haut de gamme<\/h2>\n<p>La marque <strong>Bullpadel<\/strong> revient plus forte avec la nouvelle collection 2022. Le joyau de la couronne est la raquette <strong>Paquito Navarro<\/strong>, la <strong>Hack 03 Master Final<\/strong> strong&gt;. , une raquette en \u00e9dition limit\u00e9e qui vous offrira une puissance incroyable \u00e0 chaque coup.<\/p>\n<p>La nouvelle Hack 03 Master Final est une raquette d&#8217;attaque con\u00e7ue pour les joueurs de niveau avanc\u00e9 ou professionnel qui souhaitent frapper la balle avec une puissance maximale. Il a une <strong>forme de diamant <em>surdimensionn\u00e9<\/em><\/strong><em> <\/em>avec un \u00e9quilibre \u00e9lev\u00e9.<\/p>\n<h3>Structure ferme, l\u00e9g\u00e8re et agile<\/h3>\n<p>\u00c0 la base, nous trouvons le <strong>caoutchouc MultiEva<\/strong>, qui se compose de deux densit\u00e9s, un caoutchouc ext\u00e9rieur plus compact et un caoutchouc int\u00e9rieur de plus faible densit\u00e9. Ces deux couches rendent la raquette capable de r\u00e9pondre aux coups plus lents ainsi qu&#8217;aux balles rapides. De plus, il dispose d&#8217;un cadre Carbon Tube, 100 % fibre de carbone entrelac\u00e9e bidirectionnelle, qui atteint l&#8217;\u00e9quilibre parfait entre contr\u00f4le et puissance. Sur les c\u00f4t\u00e9s du cadre, nous trouvons le syst\u00e8me NERVE, des canaux qui ajoutent de la l\u00e9g\u00e8ret\u00e9, obtiennent une frappe plus contr\u00f4l\u00e9e et plus de rigidit\u00e9.<\/p>\n<p>Sur la surface de la raquette on retrouve le <strong><em>Xtend Carbon<\/em>12K<\/strong>, une fibre d\u00e9velopp\u00e9e uniquement par Bullpadel et qui en fait la premi\u00e8re au monde \u00e0 \u00eatre construite avec du <strong>carbone. 12K haut de gamme. Cela conf\u00e8re \u00e0 la raquette une grande l\u00e9g\u00e8ret\u00e9 et une frappe \u00e0 une vitesse sans pr\u00e9c\u00e9dent.<\/p>\n<h3>Comprend le syst\u00e8me Adaptia, d\u00e9velopp\u00e9 pour les raquettes de padel de la gamme PRO<\/h3>\n<p>Cette raquette int\u00e8gre des technologies de haute qualit\u00e9 qui en font une raquette puissante qui vous aidera \u00e0 gagner chaque match. Parmi les technologies qu&#8217;elle int\u00e8gre, il faut mentionner le <strong>syst\u00e8me Vibradrive<\/strong>, qui absorbe les vibrations que la raquette peut subir apr\u00e8s un impact, notamment lors de coups plus d\u00e9centr\u00e9s. En plus, il int\u00e8gre le Hesacore Grip, qui pr\u00e9sente une conception en nid d&#8217;abeille qui r\u00e9duit les efforts, les blessures et les vibrations.<\/p>\n<h2>Bullpadel Hack 03 Master Final 2022, una pala de alta gama<\/h2>\n","protected":false},"excerpt":{"rendered":"<p>La tant attendue Hack 03 Master Final est maintenant disponible chez Padel Nuestro ! Une raquette de padel exclusive port\u00e9e par l&#8217;un des meilleurs du circuit, Paquito Navarro.<\/p>\n","protected":false},"featured_media":52588,"comment_status":"open","ping_status":"closed","template":"","meta":{"_acf_changed":false,"_joinchat":[]},"acabado":[],"balance":[],"dureza":[],"forma":[],"jugador":[],"marca":[],"nivel-de-juego":[],"superficie":[],"tipo-de-juego":[],"product_brand":[],"product_cat":[],"product_tag":[],"class_list":{"0":"post-20440","1":"product","2":"type-product","3":"status-publish","4":"has-post-thumbnail","7":"first","8":"onbackorder","9":"taxable","10":"shipping-taxable","11":"purchasable","12":"product-type-simple"},"acf":[],"yoast_head":"<!-- This site is optimized with the Yoast SEO plugin v27.5 - https:\/\/yoast.com\/product\/yoast-seo-wordpress\/ -->\n<title>BULLPADEL HACK 03 MASTER FINAL 2022 - Revolution Padel Store<\/title>\n<meta name=\"description\" content=\"\u00a1Ya disponible en Padel Nuestro la tan esperada Hack 03 Master Final! Una pala exclusiva que lleva uno de los mejores del circuito, Paquito Navarro.\" \/>\n<meta name=\"robots\" content=\"index, follow, max-snippet:-1, max-image-preview:large, max-video-preview:-1\" \/>\n<link rel=\"canonical\" href=\"https:\/\/revolutionpadelstore.com\/fr\/produit\/bullpadel-hack-03-master-final-2022\/\" \/>\n<meta property=\"og:locale\" content=\"fr_FR\" \/>\n<meta property=\"og:type\" content=\"article\" \/>\n<meta property=\"og:title\" content=\"BULLPADEL HACK 03 MASTER FINAL 2022 - Revolution Padel Store\" \/>\n<meta property=\"og:description\" content=\"\u00a1Ya disponible en Padel Nuestro la tan esperada Hack 03 Master Final! Una pala exclusiva que lleva uno de los mejores del circuito, Paquito Navarro.\" \/>\n<meta property=\"og:url\" content=\"https:\/\/revolutionpadelstore.com\/fr\/produit\/bullpadel-hack-03-master-final-2022\/\" \/>\n<meta property=\"og:site_name\" content=\"Revolution Padel Store\" \/>\n<meta property=\"article:modified_time\" content=\"2024-10-15T01:55:31+00:00\" \/>\n<meta property=\"og:image\" content=\"https:\/\/revolutionpadelstore.com\/wp-content\/uploads\/2024\/03\/bullpadel_hack_03_mfinal_22_468073_32445_3_1ddf.webp\" \/>\n\t<meta property=\"og:image:width\" content=\"1200\" \/>\n\t<meta property=\"og:image:height\" content=\"1200\" \/>\n\t<meta property=\"og:image:type\" content=\"image\/webp\" \/>\n<meta name=\"twitter:card\" content=\"summary_large_image\" \/>\n<meta name=\"twitter:label1\" content=\"Dur\u00e9e de lecture estim\u00e9e\" \/>\n\t<meta name=\"twitter:data1\" content=\"2 minutes\" \/>\n<script type=\"application\/ld+json\" class=\"yoast-schema-graph\">{\"@context\":\"https:\\\/\\\/schema.org\",\"@graph\":[{\"@type\":\"WebPage\",\"@id\":\"https:\\\/\\\/revolutionpadelstore.com\\\/fr\\\/produit\\\/bullpadel-hack-03-master-final-2022\\\/\",\"url\":\"https:\\\/\\\/revolutionpadelstore.com\\\/fr\\\/produit\\\/bullpadel-hack-03-master-final-2022\\\/\",\"name\":\"BULLPADEL HACK 03 MASTER FINAL 2022 - Revolution Padel Store\",\"isPartOf\":{\"@id\":\"https:\\\/\\\/revolutionpadelstore.com\\\/fr\\\/#website\"},\"primaryImageOfPage\":{\"@id\":\"https:\\\/\\\/revolutionpadelstore.com\\\/fr\\\/produit\\\/bullpadel-hack-03-master-final-2022\\\/#primaryimage\"},\"image\":{\"@id\":\"https:\\\/\\\/revolutionpadelstore.com\\\/fr\\\/produit\\\/bullpadel-hack-03-master-final-2022\\\/#primaryimage\"},\"thumbnailUrl\":\"https:\\\/\\\/revolutionpadelstore.com\\\/wp-content\\\/uploads\\\/2024\\\/03\\\/bullpadel_hack_03_mfinal_22_468073_32445_3_1ddf.webp\",\"datePublished\":\"2024-03-14T16:19:06+00:00\",\"dateModified\":\"2024-10-15T01:55:31+00:00\",\"description\":\"\u00a1Ya disponible en Padel Nuestro la tan esperada Hack 03 Master Final! Una pala exclusiva que lleva uno de los mejores del circuito, Paquito Navarro.\",\"breadcrumb\":{\"@id\":\"https:\\\/\\\/revolutionpadelstore.com\\\/fr\\\/produit\\\/bullpadel-hack-03-master-final-2022\\\/#breadcrumb\"},\"inLanguage\":\"fr-FR\",\"potentialAction\":[{\"@type\":\"ReadAction\",\"target\":[\"https:\\\/\\\/revolutionpadelstore.com\\\/fr\\\/produit\\\/bullpadel-hack-03-master-final-2022\\\/\"]}]},{\"@type\":\"ImageObject\",\"inLanguage\":\"fr-FR\",\"@id\":\"https:\\\/\\\/revolutionpadelstore.com\\\/fr\\\/produit\\\/bullpadel-hack-03-master-final-2022\\\/#primaryimage\",\"url\":\"https:\\\/\\\/revolutionpadelstore.com\\\/wp-content\\\/uploads\\\/2024\\\/03\\\/bullpadel_hack_03_mfinal_22_468073_32445_3_1ddf.webp\",\"contentUrl\":\"https:\\\/\\\/revolutionpadelstore.com\\\/wp-content\\\/uploads\\\/2024\\\/03\\\/bullpadel_hack_03_mfinal_22_468073_32445_3_1ddf.webp\",\"width\":1200,\"height\":1200},{\"@type\":\"BreadcrumbList\",\"@id\":\"https:\\\/\\\/revolutionpadelstore.com\\\/fr\\\/produit\\\/bullpadel-hack-03-master-final-2022\\\/#breadcrumb\",\"itemListElement\":[{\"@type\":\"ListItem\",\"position\":1,\"name\":\"Portada\",\"item\":\"https:\\\/\\\/revolutionpadelstore.com\\\/fr\\\/\"},{\"@type\":\"ListItem\",\"position\":2,\"name\":\"Boutique\",\"item\":\"https:\\\/\\\/revolutionpadelstore.com\\\/fr\\\/tienda\\\/\"},{\"@type\":\"ListItem\",\"position\":3,\"name\":\"BULLPADEL HACK 03 MASTER FINAL 2022\"}]},{\"@type\":\"WebSite\",\"@id\":\"https:\\\/\\\/revolutionpadelstore.com\\\/fr\\\/#website\",\"url\":\"https:\\\/\\\/revolutionpadelstore.com\\\/fr\\\/\",\"name\":\"Revolution Padel Store\",\"description\":\"\",\"publisher\":{\"@id\":\"https:\\\/\\\/revolutionpadelstore.com\\\/fr\\\/#organization\"},\"potentialAction\":[{\"@type\":\"SearchAction\",\"target\":{\"@type\":\"EntryPoint\",\"urlTemplate\":\"https:\\\/\\\/revolutionpadelstore.com\\\/fr\\\/?s={search_term_string}\"},\"query-input\":{\"@type\":\"PropertyValueSpecification\",\"valueRequired\":true,\"valueName\":\"search_term_string\"}}],\"inLanguage\":\"fr-FR\"},{\"@type\":\"Organization\",\"@id\":\"https:\\\/\\\/revolutionpadelstore.com\\\/fr\\\/#organization\",\"name\":\"Revolution Padel Store\",\"url\":\"https:\\\/\\\/revolutionpadelstore.com\\\/fr\\\/\",\"logo\":{\"@type\":\"ImageObject\",\"inLanguage\":\"fr-FR\",\"@id\":\"https:\\\/\\\/revolutionpadelstore.com\\\/fr\\\/#\\\/schema\\\/logo\\\/image\\\/\",\"url\":\"https:\\\/\\\/revolutionpadelstore.com\\\/wp-content\\\/uploads\\\/2026\\\/02\\\/revolution-padel-store.jpg\",\"contentUrl\":\"https:\\\/\\\/revolutionpadelstore.com\\\/wp-content\\\/uploads\\\/2026\\\/02\\\/revolution-padel-store.jpg\",\"width\":2000,\"height\":2000,\"caption\":\"Revolution Padel Store\"},\"image\":{\"@id\":\"https:\\\/\\\/revolutionpadelstore.com\\\/fr\\\/#\\\/schema\\\/logo\\\/image\\\/\"},\"sameAs\":[\"https:\\\/\\\/www.instagram.com\\\/revolutionpadelstore\\\/\"]}]}<\/script>\n<!-- \/ Yoast SEO plugin. -->","yoast_head_json":{"title":"BULLPADEL HACK 03 MASTER FINAL 2022 - Revolution Padel Store","description":"\u00a1Ya disponible en Padel Nuestro la tan esperada Hack 03 Master Final! Una pala exclusiva que lleva uno de los mejores del circuito, Paquito Navarro.","robots":{"index":"index","follow":"follow","max-snippet":"max-snippet:-1","max-image-preview":"max-image-preview:large","max-video-preview":"max-video-preview:-1"},"canonical":"https:\/\/revolutionpadelstore.com\/fr\/produit\/bullpadel-hack-03-master-final-2022\/","og_locale":"fr_FR","og_type":"article","og_title":"BULLPADEL HACK 03 MASTER FINAL 2022 - Revolution Padel Store","og_description":"\u00a1Ya disponible en Padel Nuestro la tan esperada Hack 03 Master Final! Una pala exclusiva que lleva uno de los mejores del circuito, Paquito Navarro.","og_url":"https:\/\/revolutionpadelstore.com\/fr\/produit\/bullpadel-hack-03-master-final-2022\/","og_site_name":"Revolution Padel Store","article_modified_time":"2024-10-15T01:55:31+00:00","og_image":[{"width":1200,"height":1200,"url":"https:\/\/revolutionpadelstore.com\/wp-content\/uploads\/2024\/03\/bullpadel_hack_03_mfinal_22_468073_32445_3_1ddf.webp","type":"image\/webp"}],"twitter_card":"summary_large_image","twitter_misc":{"Dur\u00e9e de lecture estim\u00e9e":"2 minutes"},"schema":{"@context":"https:\/\/schema.org","@graph":[{"@type":"WebPage","@id":"https:\/\/revolutionpadelstore.com\/fr\/produit\/bullpadel-hack-03-master-final-2022\/","url":"https:\/\/revolutionpadelstore.com\/fr\/produit\/bullpadel-hack-03-master-final-2022\/","name":"BULLPADEL HACK 03 MASTER FINAL 2022 - Revolution Padel Store","isPartOf":{"@id":"https:\/\/revolutionpadelstore.com\/fr\/#website"},"primaryImageOfPage":{"@id":"https:\/\/revolutionpadelstore.com\/fr\/produit\/bullpadel-hack-03-master-final-2022\/#primaryimage"},"image":{"@id":"https:\/\/revolutionpadelstore.com\/fr\/produit\/bullpadel-hack-03-master-final-2022\/#primaryimage"},"thumbnailUrl":"https:\/\/revolutionpadelstore.com\/wp-content\/uploads\/2024\/03\/bullpadel_hack_03_mfinal_22_468073_32445_3_1ddf.webp","datePublished":"2024-03-14T16:19:06+00:00","dateModified":"2024-10-15T01:55:31+00:00","description":"\u00a1Ya disponible en Padel Nuestro la tan esperada Hack 03 Master Final! Una pala exclusiva que lleva uno de los mejores del circuito, Paquito Navarro.","breadcrumb":{"@id":"https:\/\/revolutionpadelstore.com\/fr\/produit\/bullpadel-hack-03-master-final-2022\/#breadcrumb"},"inLanguage":"fr-FR","potentialAction":[{"@type":"ReadAction","target":["https:\/\/revolutionpadelstore.com\/fr\/produit\/bullpadel-hack-03-master-final-2022\/"]}]},{"@type":"ImageObject","inLanguage":"fr-FR","@id":"https:\/\/revolutionpadelstore.com\/fr\/produit\/bullpadel-hack-03-master-final-2022\/#primaryimage","url":"https:\/\/revolutionpadelstore.com\/wp-content\/uploads\/2024\/03\/bullpadel_hack_03_mfinal_22_468073_32445_3_1ddf.webp","contentUrl":"https:\/\/revolutionpadelstore.com\/wp-content\/uploads\/2024\/03\/bullpadel_hack_03_mfinal_22_468073_32445_3_1ddf.webp","width":1200,"height":1200},{"@type":"BreadcrumbList","@id":"https:\/\/revolutionpadelstore.com\/fr\/produit\/bullpadel-hack-03-master-final-2022\/#breadcrumb","itemListElement":[{"@type":"ListItem","position":1,"name":"Portada","item":"https:\/\/revolutionpadelstore.com\/fr\/"},{"@type":"ListItem","position":2,"name":"Boutique","item":"https:\/\/revolutionpadelstore.com\/fr\/tienda\/"},{"@type":"ListItem","position":3,"name":"BULLPADEL HACK 03 MASTER FINAL 2022"}]},{"@type":"WebSite","@id":"https:\/\/revolutionpadelstore.com\/fr\/#website","url":"https:\/\/revolutionpadelstore.com\/fr\/","name":"Revolution Padel Store","description":"","publisher":{"@id":"https:\/\/revolutionpadelstore.com\/fr\/#organization"},"potentialAction":[{"@type":"SearchAction","target":{"@type":"EntryPoint","urlTemplate":"https:\/\/revolutionpadelstore.com\/fr\/?s={search_term_string}"},"query-input":{"@type":"PropertyValueSpecification","valueRequired":true,"valueName":"search_term_string"}}],"inLanguage":"fr-FR"},{"@type":"Organization","@id":"https:\/\/revolutionpadelstore.com\/fr\/#organization","name":"Revolution Padel Store","url":"https:\/\/revolutionpadelstore.com\/fr\/","logo":{"@type":"ImageObject","inLanguage":"fr-FR","@id":"https:\/\/revolutionpadelstore.com\/fr\/#\/schema\/logo\/image\/","url":"https:\/\/revolutionpadelstore.com\/wp-content\/uploads\/2026\/02\/revolution-padel-store.jpg","contentUrl":"https:\/\/revolutionpadelstore.com\/wp-content\/uploads\/2026\/02\/revolution-padel-store.jpg","width":2000,"height":2000,"caption":"Revolution Padel Store"},"image":{"@id":"https:\/\/revolutionpadelstore.com\/fr\/#\/schema\/logo\/image\/"},"sameAs":["https:\/\/www.instagram.com\/revolutionpadelstore\/"]}]}},"_links":{"self":[{"href":"https:\/\/revolutionpadelstore.com\/fr\/wp-json\/wp\/v2\/product\/20440","targetHints":{"allow":["GET"]}}],"collection":[{"href":"https:\/\/revolutionpadelstore.com\/fr\/wp-json\/wp\/v2\/product"}],"about":[{"href":"https:\/\/revolutionpadelstore.com\/fr\/wp-json\/wp\/v2\/types\/product"}],"replies":[{"embeddable":true,"href":"https:\/\/revolutionpadelstore.com\/fr\/wp-json\/wp\/v2\/comments?post=20440"}],"wp:featuredmedia":[{"embeddable":true,"href":"https:\/\/revolutionpadelstore.com\/fr\/wp-json\/wp\/v2\/media\/52588"}],"wp:attachment":[{"href":"https:\/\/revolutionpadelstore.com\/fr\/wp-json\/wp\/v2\/media?parent=20440"}],"wp:term":[{"taxonomy":"acabado","embeddable":true,"href":"https:\/\/revolutionpadelstore.com\/fr\/wp-json\/wp\/v2\/acabado?post=20440"},{"taxonomy":"balance","embeddable":true,"href":"https:\/\/revolutionpadelstore.com\/fr\/wp-json\/wp\/v2\/balance?post=20440"},{"taxonomy":"dureza","embeddable":true,"href":"https:\/\/revolutionpadelstore.com\/fr\/wp-json\/wp\/v2\/dureza?post=20440"},{"taxonomy":"forma","embeddable":true,"href":"https:\/\/revolutionpadelstore.com\/fr\/wp-json\/wp\/v2\/forma?post=20440"},{"taxonomy":"jugador","embeddable":true,"href":"https:\/\/revolutionpadelstore.com\/fr\/wp-json\/wp\/v2\/jugador?post=20440"},{"taxonomy":"marca","embeddable":true,"href":"https:\/\/revolutionpadelstore.com\/fr\/wp-json\/wp\/v2\/marca?post=20440"},{"taxonomy":"nivel-de-juego","embeddable":true,"href":"https:\/\/revolutionpadelstore.com\/fr\/wp-json\/wp\/v2\/nivel-de-juego?post=20440"},{"taxonomy":"superficie","embeddable":true,"href":"https:\/\/revolutionpadelstore.com\/fr\/wp-json\/wp\/v2\/superficie?post=20440"},{"taxonomy":"tipo-de-juego","embeddable":true,"href":"https:\/\/revolutionpadelstore.com\/fr\/wp-json\/wp\/v2\/tipo-de-juego?post=20440"},{"taxonomy":"product_brand","embeddable":true,"href":"https:\/\/revolutionpadelstore.com\/fr\/wp-json\/wp\/v2\/product_brand?post=20440"},{"taxonomy":"product_cat","embeddable":true,"href":"https:\/\/revolutionpadelstore.com\/fr\/wp-json\/wp\/v2\/product_cat?post=20440"},{"taxonomy":"product_tag","embeddable":true,"href":"https:\/\/revolutionpadelstore.com\/fr\/wp-json\/wp\/v2\/product_tag?post=20440"}],"curies":[{"name":"wp","href":"https:\/\/api.w.org\/{rel}","templated":true}]}}