{"id":20415,"date":"2024-03-14T17:57:37","date_gmt":"2024-03-14T16:57:37","guid":{"rendered":"https:\/\/revolutionpadelstore.com\/bullpadel-ionic-light-24\/"},"modified":"2026-04-11T02:01:16","modified_gmt":"2026-04-11T00:01:16","slug":"bullpadel-ionic-light-24-3","status":"publish","type":"product","link":"https:\/\/revolutionpadelstore.com\/fr\/produit\/bullpadel-ionic-light-24-3\/","title":{"rendered":"BULLPADEL IONIC LIGHT 24"},"content":{"rendered":"<h2>Bullpadel Ionic Light 24, raquette polyvalente par Claudia Jensen<\/h2>\n<p>La raquette de padel Bullpadel Ionic Light 24, appartenant \u00e0 la collection innovante NextLine 2024, se distingue par son design avant-gardiste et ses caract\u00e9ristiques exceptionnelles, sp\u00e9cialement con\u00e7ues pour r\u00e9pondre aux exigences des joueurs avanc\u00e9s. Avec un poids l\u00e9ger compris entre 350 et 360 grammes, cette raquette offre une maniabilit\u00e9 in\u00e9gal\u00e9e sur le court, permettant des mouvements rapides et pr\u00e9cis. Raquette du joueur Claudia Jensen<\/p>\n<h2><strong>Lame de d\u00e9chirure avec MultiEVA<\/strong><\/h2>\n<p>Sa forme en forme de goutte et son \u00e9quilibre moyen en font un choix polyvalent pour les joueurs recherchant des performances optimales dans diff\u00e9rentes situations de jeu. La raquette est sp\u00e9cifiquement destin\u00e9e aux joueurs avanc\u00e9s qui appr\u00e9cient une combinaison de l\u00e9g\u00e8ret\u00e9 et de maniabilit\u00e9 dans leur \u00e9quipement.<\/p>\n<p>La construction des faces de la pale int\u00e8gre la composition avanc\u00e9e de <em><strong>Glapahite<\/strong><\/em>, une combinaison tress\u00e9e de fibre de verre avec du carbone r\u00e9actif et \u00e9lastique. Le noyau, compos\u00e9 de MultiEVA et de ses diff\u00e9rentes densit\u00e9s d&#8217;EVA, offre un \u00e9quilibre parfait entre puissance et contr\u00f4le.<\/p>\n<p>Le cadre 100% carbone<strong>CarbonTube<\/strong> conf\u00e8re \u00e0 la raquette une r\u00e9sistance exceptionnelle, garantissant durabilit\u00e9 et stabilit\u00e9 pendant le jeu. La surface de la raquette a une finition 3D Grain avec une forme polygonale, am\u00e9liorant l&#8217;adh\u00e9rence et le contact avec la balle, ce qui se traduit par une plus grande pr\u00e9cision dans chaque frappe.<\/p>\n<h3>Raquette de padel au design sup\u00e9rieur<\/h3>\n<p>Le design esth\u00e9tique du Bullpadel Ionic Light 24 allie <strong>\u00e9l\u00e9gance et modernit\u00e9<\/strong>, avec une combinaison saisissante de couleurs noir et bleu. Ce design sportif refl\u00e8te la qualit\u00e9 et les performances qui caract\u00e9risent cette raquette de padel de derni\u00e8re g\u00e9n\u00e9ration, la positionnant comme un choix id\u00e9al pour les joueurs avanc\u00e9s \u00e0 la recherche d&#8217;un \u00e9quilibre parfait entre l\u00e9g\u00e8ret\u00e9, maniabilit\u00e9 et style sur le terrain.<\/p>\n<h2>Bullpadel Ionic Light 24, pala polivalente de Claudia Jensen<\/h2>\n","protected":false},"excerpt":{"rendered":"<p>Bullpadel Ionic Light 24, raquette de padel en forme de larme de Claudia Jensen de la collection 2024 de Bullpadel. Pelle plus l\u00e9g\u00e8re et plus maniable.<\/p>\n","protected":false},"featured_media":52500,"comment_status":"open","ping_status":"closed","template":"","meta":{"_acf_changed":false,"_joinchat":[]},"acabado":[1082,1092],"balance":[1142],"dureza":[1157],"forma":[1187],"jugador":[1192,1202],"marca":[1257],"nivel-de-juego":[1352],"superficie":[1362],"tipo-de-juego":[1387],"product_brand":[],"product_cat":[302],"product_tag":[],"class_list":{"0":"post-20415","1":"product","2":"type-product","3":"status-publish","4":"has-post-thumbnail","6":"acabado-luminosite","7":"acabado-soulager-la-3d","8":"balance-moyen","9":"dureza-media-fr","10":"forma-lagrima-fr","11":"jugador-homme","12":"jugador-polivalente-fr","13":"marca-bullpadel-fr","14":"superficie-rugosa-fr","15":"tipo-de-juego-polivalente-fr","16":"product_cat-palas-de-padel-fr","18":"first","19":"instock","20":"sale","21":"taxable","22":"shipping-taxable","23":"purchasable","24":"product-type-simple"},"acf":[],"yoast_head":"<!-- This site is optimized with the Yoast SEO plugin v27.3 - https:\/\/yoast.com\/product\/yoast-seo-wordpress\/ -->\n<title>BULLPADEL IONIC LIGHT 24 - Revolution Padel Store<\/title>\n<meta name=\"description\" content=\"Bullpadel Ionic Light 24, pala de p\u00e1del de l\u00e1grima de Claudia Jensen de la colecci\u00f3n 2024 de Bullpadel. Pala m\u00e1s ligera y manejable.\" \/>\n<meta name=\"robots\" content=\"index, follow, max-snippet:-1, max-image-preview:large, max-video-preview:-1\" \/>\n<link rel=\"canonical\" href=\"https:\/\/revolutionpadelstore.com\/fr\/produit\/bullpadel-ionic-light-24-3\/\" \/>\n<meta property=\"og:locale\" content=\"fr_FR\" \/>\n<meta property=\"og:type\" content=\"article\" \/>\n<meta property=\"og:title\" content=\"BULLPADEL IONIC LIGHT 24 - Revolution Padel Store\" \/>\n<meta property=\"og:description\" content=\"Bullpadel Ionic Light 24, pala de p\u00e1del de l\u00e1grima de Claudia Jensen de la colecci\u00f3n 2024 de Bullpadel. Pala m\u00e1s ligera y manejable.\" \/>\n<meta property=\"og:url\" content=\"https:\/\/revolutionpadelstore.com\/fr\/produit\/bullpadel-ionic-light-24-3\/\" \/>\n<meta property=\"og:site_name\" content=\"Revolution Padel Store\" \/>\n<meta property=\"article:modified_time\" content=\"2026-04-11T00:01:16+00:00\" \/>\n<meta property=\"og:image\" content=\"https:\/\/revolutionpadelstore.com\/wp-content\/uploads\/2024\/03\/110912_pala_bullpadel_ionic_light_24_471614_1500x1500_1_5368.webp\" \/>\n\t<meta property=\"og:image:width\" content=\"1500\" \/>\n\t<meta property=\"og:image:height\" content=\"1500\" \/>\n\t<meta property=\"og:image:type\" content=\"image\/webp\" \/>\n<meta name=\"twitter:card\" content=\"summary_large_image\" \/>\n<meta name=\"twitter:label1\" content=\"Dur\u00e9e de lecture estim\u00e9e\" \/>\n\t<meta name=\"twitter:data1\" content=\"2 minutes\" \/>\n<script type=\"application\/ld+json\" class=\"yoast-schema-graph\">{\"@context\":\"https:\\\/\\\/schema.org\",\"@graph\":[{\"@type\":\"WebPage\",\"@id\":\"https:\\\/\\\/revolutionpadelstore.com\\\/fr\\\/produit\\\/bullpadel-ionic-light-24-3\\\/\",\"url\":\"https:\\\/\\\/revolutionpadelstore.com\\\/fr\\\/produit\\\/bullpadel-ionic-light-24-3\\\/\",\"name\":\"BULLPADEL IONIC LIGHT 24 - Revolution Padel Store\",\"isPartOf\":{\"@id\":\"https:\\\/\\\/revolutionpadelstore.com\\\/fr\\\/#website\"},\"primaryImageOfPage\":{\"@id\":\"https:\\\/\\\/revolutionpadelstore.com\\\/fr\\\/produit\\\/bullpadel-ionic-light-24-3\\\/#primaryimage\"},\"image\":{\"@id\":\"https:\\\/\\\/revolutionpadelstore.com\\\/fr\\\/produit\\\/bullpadel-ionic-light-24-3\\\/#primaryimage\"},\"thumbnailUrl\":\"https:\\\/\\\/revolutionpadelstore.com\\\/wp-content\\\/uploads\\\/2024\\\/03\\\/110912_pala_bullpadel_ionic_light_24_471614_1500x1500_1_5368.webp\",\"datePublished\":\"2024-03-14T16:57:37+00:00\",\"dateModified\":\"2026-04-11T00:01:16+00:00\",\"description\":\"Bullpadel Ionic Light 24, pala de p\u00e1del de l\u00e1grima de Claudia Jensen de la colecci\u00f3n 2024 de Bullpadel. Pala m\u00e1s ligera y manejable.\",\"breadcrumb\":{\"@id\":\"https:\\\/\\\/revolutionpadelstore.com\\\/fr\\\/produit\\\/bullpadel-ionic-light-24-3\\\/#breadcrumb\"},\"inLanguage\":\"fr-FR\",\"potentialAction\":[{\"@type\":\"ReadAction\",\"target\":[\"https:\\\/\\\/revolutionpadelstore.com\\\/fr\\\/produit\\\/bullpadel-ionic-light-24-3\\\/\"]}]},{\"@type\":\"ImageObject\",\"inLanguage\":\"fr-FR\",\"@id\":\"https:\\\/\\\/revolutionpadelstore.com\\\/fr\\\/produit\\\/bullpadel-ionic-light-24-3\\\/#primaryimage\",\"url\":\"https:\\\/\\\/revolutionpadelstore.com\\\/wp-content\\\/uploads\\\/2024\\\/03\\\/110912_pala_bullpadel_ionic_light_24_471614_1500x1500_1_5368.webp\",\"contentUrl\":\"https:\\\/\\\/revolutionpadelstore.com\\\/wp-content\\\/uploads\\\/2024\\\/03\\\/110912_pala_bullpadel_ionic_light_24_471614_1500x1500_1_5368.webp\",\"width\":1500,\"height\":1500},{\"@type\":\"BreadcrumbList\",\"@id\":\"https:\\\/\\\/revolutionpadelstore.com\\\/fr\\\/produit\\\/bullpadel-ionic-light-24-3\\\/#breadcrumb\",\"itemListElement\":[{\"@type\":\"ListItem\",\"position\":1,\"name\":\"Portada\",\"item\":\"https:\\\/\\\/revolutionpadelstore.com\\\/fr\\\/\"},{\"@type\":\"ListItem\",\"position\":2,\"name\":\"Boutique\",\"item\":\"https:\\\/\\\/revolutionpadelstore.com\\\/fr\\\/tienda\\\/\"},{\"@type\":\"ListItem\",\"position\":3,\"name\":\"BULLPADEL IONIC LIGHT 24\"}]},{\"@type\":\"WebSite\",\"@id\":\"https:\\\/\\\/revolutionpadelstore.com\\\/fr\\\/#website\",\"url\":\"https:\\\/\\\/revolutionpadelstore.com\\\/fr\\\/\",\"name\":\"Revolution Padel Store\",\"description\":\"\",\"publisher\":{\"@id\":\"https:\\\/\\\/revolutionpadelstore.com\\\/fr\\\/#organization\"},\"potentialAction\":[{\"@type\":\"SearchAction\",\"target\":{\"@type\":\"EntryPoint\",\"urlTemplate\":\"https:\\\/\\\/revolutionpadelstore.com\\\/fr\\\/?s={search_term_string}\"},\"query-input\":{\"@type\":\"PropertyValueSpecification\",\"valueRequired\":true,\"valueName\":\"search_term_string\"}}],\"inLanguage\":\"fr-FR\"},{\"@type\":\"Organization\",\"@id\":\"https:\\\/\\\/revolutionpadelstore.com\\\/fr\\\/#organization\",\"name\":\"Revolution Padel Store\",\"url\":\"https:\\\/\\\/revolutionpadelstore.com\\\/fr\\\/\",\"logo\":{\"@type\":\"ImageObject\",\"inLanguage\":\"fr-FR\",\"@id\":\"https:\\\/\\\/revolutionpadelstore.com\\\/fr\\\/#\\\/schema\\\/logo\\\/image\\\/\",\"url\":\"https:\\\/\\\/revolutionpadelstore.com\\\/wp-content\\\/uploads\\\/2026\\\/02\\\/revolution-padel-store.jpg\",\"contentUrl\":\"https:\\\/\\\/revolutionpadelstore.com\\\/wp-content\\\/uploads\\\/2026\\\/02\\\/revolution-padel-store.jpg\",\"width\":2000,\"height\":2000,\"caption\":\"Revolution Padel Store\"},\"image\":{\"@id\":\"https:\\\/\\\/revolutionpadelstore.com\\\/fr\\\/#\\\/schema\\\/logo\\\/image\\\/\"},\"sameAs\":[\"https:\\\/\\\/www.instagram.com\\\/revolutionpadelstore\\\/\"]}]}<\/script>\n<!-- \/ Yoast SEO plugin. -->","yoast_head_json":{"title":"BULLPADEL IONIC LIGHT 24 - Revolution Padel Store","description":"Bullpadel Ionic Light 24, pala de p\u00e1del de l\u00e1grima de Claudia Jensen de la colecci\u00f3n 2024 de Bullpadel. Pala m\u00e1s ligera y manejable.","robots":{"index":"index","follow":"follow","max-snippet":"max-snippet:-1","max-image-preview":"max-image-preview:large","max-video-preview":"max-video-preview:-1"},"canonical":"https:\/\/revolutionpadelstore.com\/fr\/produit\/bullpadel-ionic-light-24-3\/","og_locale":"fr_FR","og_type":"article","og_title":"BULLPADEL IONIC LIGHT 24 - Revolution Padel Store","og_description":"Bullpadel Ionic Light 24, pala de p\u00e1del de l\u00e1grima de Claudia Jensen de la colecci\u00f3n 2024 de Bullpadel. Pala m\u00e1s ligera y manejable.","og_url":"https:\/\/revolutionpadelstore.com\/fr\/produit\/bullpadel-ionic-light-24-3\/","og_site_name":"Revolution Padel Store","article_modified_time":"2026-04-11T00:01:16+00:00","og_image":[{"width":1500,"height":1500,"url":"https:\/\/revolutionpadelstore.com\/wp-content\/uploads\/2024\/03\/110912_pala_bullpadel_ionic_light_24_471614_1500x1500_1_5368.webp","type":"image\/webp"}],"twitter_card":"summary_large_image","twitter_misc":{"Dur\u00e9e de lecture estim\u00e9e":"2 minutes"},"schema":{"@context":"https:\/\/schema.org","@graph":[{"@type":"WebPage","@id":"https:\/\/revolutionpadelstore.com\/fr\/produit\/bullpadel-ionic-light-24-3\/","url":"https:\/\/revolutionpadelstore.com\/fr\/produit\/bullpadel-ionic-light-24-3\/","name":"BULLPADEL IONIC LIGHT 24 - Revolution Padel Store","isPartOf":{"@id":"https:\/\/revolutionpadelstore.com\/fr\/#website"},"primaryImageOfPage":{"@id":"https:\/\/revolutionpadelstore.com\/fr\/produit\/bullpadel-ionic-light-24-3\/#primaryimage"},"image":{"@id":"https:\/\/revolutionpadelstore.com\/fr\/produit\/bullpadel-ionic-light-24-3\/#primaryimage"},"thumbnailUrl":"https:\/\/revolutionpadelstore.com\/wp-content\/uploads\/2024\/03\/110912_pala_bullpadel_ionic_light_24_471614_1500x1500_1_5368.webp","datePublished":"2024-03-14T16:57:37+00:00","dateModified":"2026-04-11T00:01:16+00:00","description":"Bullpadel Ionic Light 24, pala de p\u00e1del de l\u00e1grima de Claudia Jensen de la colecci\u00f3n 2024 de Bullpadel. Pala m\u00e1s ligera y manejable.","breadcrumb":{"@id":"https:\/\/revolutionpadelstore.com\/fr\/produit\/bullpadel-ionic-light-24-3\/#breadcrumb"},"inLanguage":"fr-FR","potentialAction":[{"@type":"ReadAction","target":["https:\/\/revolutionpadelstore.com\/fr\/produit\/bullpadel-ionic-light-24-3\/"]}]},{"@type":"ImageObject","inLanguage":"fr-FR","@id":"https:\/\/revolutionpadelstore.com\/fr\/produit\/bullpadel-ionic-light-24-3\/#primaryimage","url":"https:\/\/revolutionpadelstore.com\/wp-content\/uploads\/2024\/03\/110912_pala_bullpadel_ionic_light_24_471614_1500x1500_1_5368.webp","contentUrl":"https:\/\/revolutionpadelstore.com\/wp-content\/uploads\/2024\/03\/110912_pala_bullpadel_ionic_light_24_471614_1500x1500_1_5368.webp","width":1500,"height":1500},{"@type":"BreadcrumbList","@id":"https:\/\/revolutionpadelstore.com\/fr\/produit\/bullpadel-ionic-light-24-3\/#breadcrumb","itemListElement":[{"@type":"ListItem","position":1,"name":"Portada","item":"https:\/\/revolutionpadelstore.com\/fr\/"},{"@type":"ListItem","position":2,"name":"Boutique","item":"https:\/\/revolutionpadelstore.com\/fr\/tienda\/"},{"@type":"ListItem","position":3,"name":"BULLPADEL IONIC LIGHT 24"}]},{"@type":"WebSite","@id":"https:\/\/revolutionpadelstore.com\/fr\/#website","url":"https:\/\/revolutionpadelstore.com\/fr\/","name":"Revolution Padel Store","description":"","publisher":{"@id":"https:\/\/revolutionpadelstore.com\/fr\/#organization"},"potentialAction":[{"@type":"SearchAction","target":{"@type":"EntryPoint","urlTemplate":"https:\/\/revolutionpadelstore.com\/fr\/?s={search_term_string}"},"query-input":{"@type":"PropertyValueSpecification","valueRequired":true,"valueName":"search_term_string"}}],"inLanguage":"fr-FR"},{"@type":"Organization","@id":"https:\/\/revolutionpadelstore.com\/fr\/#organization","name":"Revolution Padel Store","url":"https:\/\/revolutionpadelstore.com\/fr\/","logo":{"@type":"ImageObject","inLanguage":"fr-FR","@id":"https:\/\/revolutionpadelstore.com\/fr\/#\/schema\/logo\/image\/","url":"https:\/\/revolutionpadelstore.com\/wp-content\/uploads\/2026\/02\/revolution-padel-store.jpg","contentUrl":"https:\/\/revolutionpadelstore.com\/wp-content\/uploads\/2026\/02\/revolution-padel-store.jpg","width":2000,"height":2000,"caption":"Revolution Padel Store"},"image":{"@id":"https:\/\/revolutionpadelstore.com\/fr\/#\/schema\/logo\/image\/"},"sameAs":["https:\/\/www.instagram.com\/revolutionpadelstore\/"]}]}},"_links":{"self":[{"href":"https:\/\/revolutionpadelstore.com\/fr\/wp-json\/wp\/v2\/product\/20415","targetHints":{"allow":["GET"]}}],"collection":[{"href":"https:\/\/revolutionpadelstore.com\/fr\/wp-json\/wp\/v2\/product"}],"about":[{"href":"https:\/\/revolutionpadelstore.com\/fr\/wp-json\/wp\/v2\/types\/product"}],"replies":[{"embeddable":true,"href":"https:\/\/revolutionpadelstore.com\/fr\/wp-json\/wp\/v2\/comments?post=20415"}],"wp:featuredmedia":[{"embeddable":true,"href":"https:\/\/revolutionpadelstore.com\/fr\/wp-json\/wp\/v2\/media\/52500"}],"wp:attachment":[{"href":"https:\/\/revolutionpadelstore.com\/fr\/wp-json\/wp\/v2\/media?parent=20415"}],"wp:term":[{"taxonomy":"acabado","embeddable":true,"href":"https:\/\/revolutionpadelstore.com\/fr\/wp-json\/wp\/v2\/acabado?post=20415"},{"taxonomy":"balance","embeddable":true,"href":"https:\/\/revolutionpadelstore.com\/fr\/wp-json\/wp\/v2\/balance?post=20415"},{"taxonomy":"dureza","embeddable":true,"href":"https:\/\/revolutionpadelstore.com\/fr\/wp-json\/wp\/v2\/dureza?post=20415"},{"taxonomy":"forma","embeddable":true,"href":"https:\/\/revolutionpadelstore.com\/fr\/wp-json\/wp\/v2\/forma?post=20415"},{"taxonomy":"jugador","embeddable":true,"href":"https:\/\/revolutionpadelstore.com\/fr\/wp-json\/wp\/v2\/jugador?post=20415"},{"taxonomy":"marca","embeddable":true,"href":"https:\/\/revolutionpadelstore.com\/fr\/wp-json\/wp\/v2\/marca?post=20415"},{"taxonomy":"nivel-de-juego","embeddable":true,"href":"https:\/\/revolutionpadelstore.com\/fr\/wp-json\/wp\/v2\/nivel-de-juego?post=20415"},{"taxonomy":"superficie","embeddable":true,"href":"https:\/\/revolutionpadelstore.com\/fr\/wp-json\/wp\/v2\/superficie?post=20415"},{"taxonomy":"tipo-de-juego","embeddable":true,"href":"https:\/\/revolutionpadelstore.com\/fr\/wp-json\/wp\/v2\/tipo-de-juego?post=20415"},{"taxonomy":"product_brand","embeddable":true,"href":"https:\/\/revolutionpadelstore.com\/fr\/wp-json\/wp\/v2\/product_brand?post=20415"},{"taxonomy":"product_cat","embeddable":true,"href":"https:\/\/revolutionpadelstore.com\/fr\/wp-json\/wp\/v2\/product_cat?post=20415"},{"taxonomy":"product_tag","embeddable":true,"href":"https:\/\/revolutionpadelstore.com\/fr\/wp-json\/wp\/v2\/product_tag?post=20415"}],"curies":[{"name":"wp","href":"https:\/\/api.w.org\/{rel}","templated":true}]}}