{"id":20380,"date":"2024-03-15T12:43:24","date_gmt":"2024-03-15T11:43:24","guid":{"rendered":"https:\/\/revolutionpadelstore.com\/head-radical-pro-2024\/"},"modified":"2026-04-08T15:03:00","modified_gmt":"2026-04-08T13:03:00","slug":"head-radical-pro-2024-3","status":"publish","type":"product","link":"https:\/\/revolutionpadelstore.com\/fr\/produit\/head-radical-pro-2024-3\/","title":{"rendered":"HEAD RADICAL PRO 2024"},"content":{"rendered":"<h2>Head Radical Pro, attaque et d\u00e9fense exceptionnelles<\/h2>\n<p>La nouvelle <strong>Head Radical Pro<\/strong> est une raquette sp\u00e9cialement con\u00e7ue pour les joueurs strat\u00e9giques qui cherchent \u00e0 contr\u00f4ler le jeu et qui aiment faire des vol\u00e9es, des petits coups et des lay-ups.<\/p>\n<p>Si l&#8217;on se concentre sur son format, son moule en forme de larme se d\u00e9marque avec un sweet spot au centre, il offre donc une maniabilit\u00e9 tr\u00e8s \u00e9quilibr\u00e9e et une puissance ma\u00eetris\u00e9e. Cette forme permet d&#8217;exercer un effet de levier pour ajouter de la puissance \u00e0 vos tirs sans perdre en contr\u00f4le et en pr\u00e9cision.<\/p>\n<p>De plus, il dispose du <strong><em>Optimized Sweet Spot<\/em><\/strong>, qui adapte le mod\u00e8le de forage pour obtenir une plus grande puissance et un meilleur contr\u00f4le. Il p\u00e8se 370 grammes.<\/p>\n<h2>Absorption des vibrations<\/h2>\n<p>D&#8217;autre part, les avions de cette raquette Head Radical sont fabriqu\u00e9s en <strong>Carbon 3K<\/strong>, un mat\u00e9riau rigide et r\u00e9sistant de haute qualit\u00e9 qui vous donne une pr\u00e9cision dans la frappe pour profiter d&#8217;une sensation de balle plus contr\u00f4l\u00e9e et directe. .<\/p>\n<p>Dans le noyau interne, nous trouvons le caoutchouc <strong><em>Control Foam<\/em><\/strong>, c&#8217;est une mousse qui offre un grand confort en r\u00e9duisant les vibrations apr\u00e8s l&#8217;impact de la balle, et en m\u00eame temps, augmente le niveau de puissance lors de la frappe.<\/p>\n<p>Le cadre comprend le <strong><em>Smart Bridge<\/em><\/strong>, qui se charge d&#8217;adapter la zone du pont en fonction des besoins de la lame. Tandis que, gr\u00e2ce au Tailored Tube, chaque section a \u00e9t\u00e9 construite individuellement dans le but d&#8217;am\u00e9liorer les performances de la raquette.<\/p>\n<h3>Design moderne, puissant et impressionnant<\/h3>\n<p>En termes de performances, la <strong>Head Radical Pro<\/strong> int\u00e8gre la technologie <strong><em>Auxetic<\/em><\/strong>, qui consiste en une construction situ\u00e9e dans le pont de cette raquette et qui offre une incroyable sensation d&#8217;impact, un plus grand retour et une \u00e9norme confiance \u00e0 chaque coup.<\/p>\n<p>De m\u00eame, le <strong>Soft Butt Cap<\/strong> parvient \u00e0 fournir une sensation de jeu beaucoup plus douce et plus amortie, en r\u00e9duisant les vibrations apr\u00e8s l&#8217;impact.<\/p>\n<h2>Head Radical Pro, ataque y defensa sobresalientes<\/h2>\n","protected":false},"excerpt":{"rendered":"<p>Raquette Head Radical Pro destin\u00e9e aux joueurs de niveau avanc\u00e9 ou professionnel recherchant contr\u00f4le et puissance. Noyau en mousse de contr\u00f4le et avions en carbone 3K. Avec la technologie Auxetic, Smart Bridge et Optimized Sweet Spot.<\/p>\n","protected":false},"featured_media":52361,"comment_status":"open","ping_status":"closed","template":"","meta":{"_acf_changed":false,"_joinchat":[]},"acabado":[],"balance":[1142],"dureza":[1157],"forma":[1187],"jugador":[1192,1202],"marca":[1222],"nivel-de-juego":[1347],"superficie":[1357],"tipo-de-juego":[1387],"product_brand":[],"product_cat":[302],"product_tag":[],"class_list":{"0":"post-20380","1":"product","2":"type-product","3":"status-publish","4":"has-post-thumbnail","6":"balance-moyen","7":"dureza-media-fr","8":"forma-lagrima-fr","9":"jugador-homme","10":"jugador-polivalente-fr","11":"marca-tete","12":"superficie-lise","13":"tipo-de-juego-polivalente-fr","14":"product_cat-palas-de-padel-fr","16":"first","17":"instock","18":"sale","19":"taxable","20":"shipping-taxable","21":"purchasable","22":"product-type-simple"},"acf":[],"yoast_head":"<!-- This site is optimized with the Yoast SEO plugin v27.4 - https:\/\/yoast.com\/product\/yoast-seo-wordpress\/ -->\n<title>HEAD RADICAL PRO 2024 - Revolution Padel Store<\/title>\n<meta name=\"description\" content=\"Pala Head Radical Pro para jugadores de nivel avanzado o profesional que buscan control y potencia. N\u00facleo de Control Foam y planos de Carbon 3K. Con tecnolog\u00eda Auxetic, Smart Bridge y Optimized Sweet Spot.\" \/>\n<meta name=\"robots\" content=\"index, follow, max-snippet:-1, max-image-preview:large, max-video-preview:-1\" \/>\n<link rel=\"canonical\" href=\"https:\/\/revolutionpadelstore.com\/fr\/produit\/head-radical-pro-2024-3\/\" \/>\n<meta property=\"og:locale\" content=\"fr_FR\" \/>\n<meta property=\"og:type\" content=\"article\" \/>\n<meta property=\"og:title\" content=\"HEAD RADICAL PRO 2024 - Revolution Padel Store\" \/>\n<meta property=\"og:description\" content=\"Pala Head Radical Pro para jugadores de nivel avanzado o profesional que buscan control y potencia. N\u00facleo de Control Foam y planos de Carbon 3K. Con tecnolog\u00eda Auxetic, Smart Bridge y Optimized Sweet Spot.\" \/>\n<meta property=\"og:url\" content=\"https:\/\/revolutionpadelstore.com\/fr\/produit\/head-radical-pro-2024-3\/\" \/>\n<meta property=\"og:site_name\" content=\"Revolution Padel Store\" \/>\n<meta property=\"article:modified_time\" content=\"2026-04-08T13:03:00+00:00\" \/>\n<meta property=\"og:image\" content=\"https:\/\/revolutionpadelstore.com\/wp-content\/uploads\/2024\/03\/111513_pala_head_radical_pro_2024_222034_1500x1500_1_748c.webp\" \/>\n\t<meta property=\"og:image:width\" content=\"1500\" \/>\n\t<meta property=\"og:image:height\" content=\"1500\" \/>\n\t<meta property=\"og:image:type\" content=\"image\/webp\" \/>\n<meta name=\"twitter:card\" content=\"summary_large_image\" \/>\n<meta name=\"twitter:label1\" content=\"Dur\u00e9e de lecture estim\u00e9e\" \/>\n\t<meta name=\"twitter:data1\" content=\"2 minutes\" \/>\n<script type=\"application\/ld+json\" class=\"yoast-schema-graph\">{\"@context\":\"https:\\\/\\\/schema.org\",\"@graph\":[{\"@type\":\"WebPage\",\"@id\":\"https:\\\/\\\/revolutionpadelstore.com\\\/fr\\\/produit\\\/head-radical-pro-2024-3\\\/\",\"url\":\"https:\\\/\\\/revolutionpadelstore.com\\\/fr\\\/produit\\\/head-radical-pro-2024-3\\\/\",\"name\":\"HEAD RADICAL PRO 2024 - Revolution Padel Store\",\"isPartOf\":{\"@id\":\"https:\\\/\\\/revolutionpadelstore.com\\\/fr\\\/#website\"},\"primaryImageOfPage\":{\"@id\":\"https:\\\/\\\/revolutionpadelstore.com\\\/fr\\\/produit\\\/head-radical-pro-2024-3\\\/#primaryimage\"},\"image\":{\"@id\":\"https:\\\/\\\/revolutionpadelstore.com\\\/fr\\\/produit\\\/head-radical-pro-2024-3\\\/#primaryimage\"},\"thumbnailUrl\":\"https:\\\/\\\/revolutionpadelstore.com\\\/wp-content\\\/uploads\\\/2024\\\/03\\\/111513_pala_head_radical_pro_2024_222034_1500x1500_1_748c.webp\",\"datePublished\":\"2024-03-15T11:43:24+00:00\",\"dateModified\":\"2026-04-08T13:03:00+00:00\",\"description\":\"Pala Head Radical Pro para jugadores de nivel avanzado o profesional que buscan control y potencia. N\u00facleo de Control Foam y planos de Carbon 3K. Con tecnolog\u00eda Auxetic, Smart Bridge y Optimized Sweet Spot.\",\"breadcrumb\":{\"@id\":\"https:\\\/\\\/revolutionpadelstore.com\\\/fr\\\/produit\\\/head-radical-pro-2024-3\\\/#breadcrumb\"},\"inLanguage\":\"fr-FR\",\"potentialAction\":[{\"@type\":\"ReadAction\",\"target\":[\"https:\\\/\\\/revolutionpadelstore.com\\\/fr\\\/produit\\\/head-radical-pro-2024-3\\\/\"]}]},{\"@type\":\"ImageObject\",\"inLanguage\":\"fr-FR\",\"@id\":\"https:\\\/\\\/revolutionpadelstore.com\\\/fr\\\/produit\\\/head-radical-pro-2024-3\\\/#primaryimage\",\"url\":\"https:\\\/\\\/revolutionpadelstore.com\\\/wp-content\\\/uploads\\\/2024\\\/03\\\/111513_pala_head_radical_pro_2024_222034_1500x1500_1_748c.webp\",\"contentUrl\":\"https:\\\/\\\/revolutionpadelstore.com\\\/wp-content\\\/uploads\\\/2024\\\/03\\\/111513_pala_head_radical_pro_2024_222034_1500x1500_1_748c.webp\",\"width\":1500,\"height\":1500},{\"@type\":\"BreadcrumbList\",\"@id\":\"https:\\\/\\\/revolutionpadelstore.com\\\/fr\\\/produit\\\/head-radical-pro-2024-3\\\/#breadcrumb\",\"itemListElement\":[{\"@type\":\"ListItem\",\"position\":1,\"name\":\"Portada\",\"item\":\"https:\\\/\\\/revolutionpadelstore.com\\\/fr\\\/\"},{\"@type\":\"ListItem\",\"position\":2,\"name\":\"Boutique\",\"item\":\"https:\\\/\\\/revolutionpadelstore.com\\\/fr\\\/tienda\\\/\"},{\"@type\":\"ListItem\",\"position\":3,\"name\":\"HEAD RADICAL PRO 2024\"}]},{\"@type\":\"WebSite\",\"@id\":\"https:\\\/\\\/revolutionpadelstore.com\\\/fr\\\/#website\",\"url\":\"https:\\\/\\\/revolutionpadelstore.com\\\/fr\\\/\",\"name\":\"Revolution Padel Store\",\"description\":\"\",\"publisher\":{\"@id\":\"https:\\\/\\\/revolutionpadelstore.com\\\/fr\\\/#organization\"},\"potentialAction\":[{\"@type\":\"SearchAction\",\"target\":{\"@type\":\"EntryPoint\",\"urlTemplate\":\"https:\\\/\\\/revolutionpadelstore.com\\\/fr\\\/?s={search_term_string}\"},\"query-input\":{\"@type\":\"PropertyValueSpecification\",\"valueRequired\":true,\"valueName\":\"search_term_string\"}}],\"inLanguage\":\"fr-FR\"},{\"@type\":\"Organization\",\"@id\":\"https:\\\/\\\/revolutionpadelstore.com\\\/fr\\\/#organization\",\"name\":\"Revolution Padel Store\",\"url\":\"https:\\\/\\\/revolutionpadelstore.com\\\/fr\\\/\",\"logo\":{\"@type\":\"ImageObject\",\"inLanguage\":\"fr-FR\",\"@id\":\"https:\\\/\\\/revolutionpadelstore.com\\\/fr\\\/#\\\/schema\\\/logo\\\/image\\\/\",\"url\":\"https:\\\/\\\/revolutionpadelstore.com\\\/wp-content\\\/uploads\\\/2026\\\/02\\\/revolution-padel-store.jpg\",\"contentUrl\":\"https:\\\/\\\/revolutionpadelstore.com\\\/wp-content\\\/uploads\\\/2026\\\/02\\\/revolution-padel-store.jpg\",\"width\":2000,\"height\":2000,\"caption\":\"Revolution Padel Store\"},\"image\":{\"@id\":\"https:\\\/\\\/revolutionpadelstore.com\\\/fr\\\/#\\\/schema\\\/logo\\\/image\\\/\"},\"sameAs\":[\"https:\\\/\\\/www.instagram.com\\\/revolutionpadelstore\\\/\"]}]}<\/script>\n<!-- \/ Yoast SEO plugin. -->","yoast_head_json":{"title":"HEAD RADICAL PRO 2024 - Revolution Padel Store","description":"Pala Head Radical Pro para jugadores de nivel avanzado o profesional que buscan control y potencia. N\u00facleo de Control Foam y planos de Carbon 3K. Con tecnolog\u00eda Auxetic, Smart Bridge y Optimized Sweet Spot.","robots":{"index":"index","follow":"follow","max-snippet":"max-snippet:-1","max-image-preview":"max-image-preview:large","max-video-preview":"max-video-preview:-1"},"canonical":"https:\/\/revolutionpadelstore.com\/fr\/produit\/head-radical-pro-2024-3\/","og_locale":"fr_FR","og_type":"article","og_title":"HEAD RADICAL PRO 2024 - Revolution Padel Store","og_description":"Pala Head Radical Pro para jugadores de nivel avanzado o profesional que buscan control y potencia. N\u00facleo de Control Foam y planos de Carbon 3K. Con tecnolog\u00eda Auxetic, Smart Bridge y Optimized Sweet Spot.","og_url":"https:\/\/revolutionpadelstore.com\/fr\/produit\/head-radical-pro-2024-3\/","og_site_name":"Revolution Padel Store","article_modified_time":"2026-04-08T13:03:00+00:00","og_image":[{"width":1500,"height":1500,"url":"https:\/\/revolutionpadelstore.com\/wp-content\/uploads\/2024\/03\/111513_pala_head_radical_pro_2024_222034_1500x1500_1_748c.webp","type":"image\/webp"}],"twitter_card":"summary_large_image","twitter_misc":{"Dur\u00e9e de lecture estim\u00e9e":"2 minutes"},"schema":{"@context":"https:\/\/schema.org","@graph":[{"@type":"WebPage","@id":"https:\/\/revolutionpadelstore.com\/fr\/produit\/head-radical-pro-2024-3\/","url":"https:\/\/revolutionpadelstore.com\/fr\/produit\/head-radical-pro-2024-3\/","name":"HEAD RADICAL PRO 2024 - Revolution Padel Store","isPartOf":{"@id":"https:\/\/revolutionpadelstore.com\/fr\/#website"},"primaryImageOfPage":{"@id":"https:\/\/revolutionpadelstore.com\/fr\/produit\/head-radical-pro-2024-3\/#primaryimage"},"image":{"@id":"https:\/\/revolutionpadelstore.com\/fr\/produit\/head-radical-pro-2024-3\/#primaryimage"},"thumbnailUrl":"https:\/\/revolutionpadelstore.com\/wp-content\/uploads\/2024\/03\/111513_pala_head_radical_pro_2024_222034_1500x1500_1_748c.webp","datePublished":"2024-03-15T11:43:24+00:00","dateModified":"2026-04-08T13:03:00+00:00","description":"Pala Head Radical Pro para jugadores de nivel avanzado o profesional que buscan control y potencia. N\u00facleo de Control Foam y planos de Carbon 3K. Con tecnolog\u00eda Auxetic, Smart Bridge y Optimized Sweet Spot.","breadcrumb":{"@id":"https:\/\/revolutionpadelstore.com\/fr\/produit\/head-radical-pro-2024-3\/#breadcrumb"},"inLanguage":"fr-FR","potentialAction":[{"@type":"ReadAction","target":["https:\/\/revolutionpadelstore.com\/fr\/produit\/head-radical-pro-2024-3\/"]}]},{"@type":"ImageObject","inLanguage":"fr-FR","@id":"https:\/\/revolutionpadelstore.com\/fr\/produit\/head-radical-pro-2024-3\/#primaryimage","url":"https:\/\/revolutionpadelstore.com\/wp-content\/uploads\/2024\/03\/111513_pala_head_radical_pro_2024_222034_1500x1500_1_748c.webp","contentUrl":"https:\/\/revolutionpadelstore.com\/wp-content\/uploads\/2024\/03\/111513_pala_head_radical_pro_2024_222034_1500x1500_1_748c.webp","width":1500,"height":1500},{"@type":"BreadcrumbList","@id":"https:\/\/revolutionpadelstore.com\/fr\/produit\/head-radical-pro-2024-3\/#breadcrumb","itemListElement":[{"@type":"ListItem","position":1,"name":"Portada","item":"https:\/\/revolutionpadelstore.com\/fr\/"},{"@type":"ListItem","position":2,"name":"Boutique","item":"https:\/\/revolutionpadelstore.com\/fr\/tienda\/"},{"@type":"ListItem","position":3,"name":"HEAD RADICAL PRO 2024"}]},{"@type":"WebSite","@id":"https:\/\/revolutionpadelstore.com\/fr\/#website","url":"https:\/\/revolutionpadelstore.com\/fr\/","name":"Revolution Padel Store","description":"","publisher":{"@id":"https:\/\/revolutionpadelstore.com\/fr\/#organization"},"potentialAction":[{"@type":"SearchAction","target":{"@type":"EntryPoint","urlTemplate":"https:\/\/revolutionpadelstore.com\/fr\/?s={search_term_string}"},"query-input":{"@type":"PropertyValueSpecification","valueRequired":true,"valueName":"search_term_string"}}],"inLanguage":"fr-FR"},{"@type":"Organization","@id":"https:\/\/revolutionpadelstore.com\/fr\/#organization","name":"Revolution Padel Store","url":"https:\/\/revolutionpadelstore.com\/fr\/","logo":{"@type":"ImageObject","inLanguage":"fr-FR","@id":"https:\/\/revolutionpadelstore.com\/fr\/#\/schema\/logo\/image\/","url":"https:\/\/revolutionpadelstore.com\/wp-content\/uploads\/2026\/02\/revolution-padel-store.jpg","contentUrl":"https:\/\/revolutionpadelstore.com\/wp-content\/uploads\/2026\/02\/revolution-padel-store.jpg","width":2000,"height":2000,"caption":"Revolution Padel Store"},"image":{"@id":"https:\/\/revolutionpadelstore.com\/fr\/#\/schema\/logo\/image\/"},"sameAs":["https:\/\/www.instagram.com\/revolutionpadelstore\/"]}]}},"_links":{"self":[{"href":"https:\/\/revolutionpadelstore.com\/fr\/wp-json\/wp\/v2\/product\/20380","targetHints":{"allow":["GET"]}}],"collection":[{"href":"https:\/\/revolutionpadelstore.com\/fr\/wp-json\/wp\/v2\/product"}],"about":[{"href":"https:\/\/revolutionpadelstore.com\/fr\/wp-json\/wp\/v2\/types\/product"}],"replies":[{"embeddable":true,"href":"https:\/\/revolutionpadelstore.com\/fr\/wp-json\/wp\/v2\/comments?post=20380"}],"wp:featuredmedia":[{"embeddable":true,"href":"https:\/\/revolutionpadelstore.com\/fr\/wp-json\/wp\/v2\/media\/52361"}],"wp:attachment":[{"href":"https:\/\/revolutionpadelstore.com\/fr\/wp-json\/wp\/v2\/media?parent=20380"}],"wp:term":[{"taxonomy":"acabado","embeddable":true,"href":"https:\/\/revolutionpadelstore.com\/fr\/wp-json\/wp\/v2\/acabado?post=20380"},{"taxonomy":"balance","embeddable":true,"href":"https:\/\/revolutionpadelstore.com\/fr\/wp-json\/wp\/v2\/balance?post=20380"},{"taxonomy":"dureza","embeddable":true,"href":"https:\/\/revolutionpadelstore.com\/fr\/wp-json\/wp\/v2\/dureza?post=20380"},{"taxonomy":"forma","embeddable":true,"href":"https:\/\/revolutionpadelstore.com\/fr\/wp-json\/wp\/v2\/forma?post=20380"},{"taxonomy":"jugador","embeddable":true,"href":"https:\/\/revolutionpadelstore.com\/fr\/wp-json\/wp\/v2\/jugador?post=20380"},{"taxonomy":"marca","embeddable":true,"href":"https:\/\/revolutionpadelstore.com\/fr\/wp-json\/wp\/v2\/marca?post=20380"},{"taxonomy":"nivel-de-juego","embeddable":true,"href":"https:\/\/revolutionpadelstore.com\/fr\/wp-json\/wp\/v2\/nivel-de-juego?post=20380"},{"taxonomy":"superficie","embeddable":true,"href":"https:\/\/revolutionpadelstore.com\/fr\/wp-json\/wp\/v2\/superficie?post=20380"},{"taxonomy":"tipo-de-juego","embeddable":true,"href":"https:\/\/revolutionpadelstore.com\/fr\/wp-json\/wp\/v2\/tipo-de-juego?post=20380"},{"taxonomy":"product_brand","embeddable":true,"href":"https:\/\/revolutionpadelstore.com\/fr\/wp-json\/wp\/v2\/product_brand?post=20380"},{"taxonomy":"product_cat","embeddable":true,"href":"https:\/\/revolutionpadelstore.com\/fr\/wp-json\/wp\/v2\/product_cat?post=20380"},{"taxonomy":"product_tag","embeddable":true,"href":"https:\/\/revolutionpadelstore.com\/fr\/wp-json\/wp\/v2\/product_tag?post=20380"}],"curies":[{"name":"wp","href":"https:\/\/api.w.org\/{rel}","templated":true}]}}