{"id":20375,"date":"2024-03-15T12:47:15","date_gmt":"2024-03-15T11:47:15","guid":{"rendered":"https:\/\/revolutionpadelstore.com\/head-radical-motion-2024\/"},"modified":"2026-04-08T15:02:27","modified_gmt":"2026-04-08T13:02:27","slug":"head-radical-motion-2024-3","status":"publish","type":"product","link":"https:\/\/revolutionpadelstore.com\/fr\/produit\/head-radical-motion-2024-3\/","title":{"rendered":"HEAD RADICAL MOTION 2024"},"content":{"rendered":"<h2>Head Radical Motion 2024, sentiment de confiance<\/h2>\n<p>Si vous \u00eates un joueur de padel engag\u00e9 et ambitieux, avec un niveau de jeu <strong>interm\u00e9diaire ou avanc\u00e9<\/strong> et qui recherche un \u00e9quilibre parfait entre puissance et contr\u00f4le \u00e0 chaque match ou entra\u00eenement, le <strong>Head Radical Motion 2024<\/strong> strong&gt; est la raquette de padel id\u00e9ale pour vous.<\/p>\n<p>Avec son <strong>format larme avec sweet spot interm\u00e9diaire<\/strong>, cette raquette Bullpadel vous offre une plus grande puissance de frappe et un contr\u00f4le am\u00e9lior\u00e9. Il vous permet une grande maniabilit\u00e9 sur le filet, vous vous d\u00e9marquerez ainsi dans des tirs comme la vol\u00e9e, le tir ou le lay-up.<\/p>\n<p>Son poids r\u00e9duit de <strong>355 grammes<\/strong> favorise une manipulation ais\u00e9e \u00e0 tout moment et une r\u00e9duction consid\u00e9rable de la fatigue des joueurs lors des matchs longs et de la possibilit\u00e9 de subir une blessure aux articulations.<\/p>\n<h2>Polyvalence dans le jeu<\/h2>\n<p>Concernant sa construction, il convient de mentionner que le noyau <em><strong>Control Foam <\/strong><\/em> offre un meilleur contr\u00f4le sur la direction et la pr\u00e9cision des coups, afin que vous puissiez placer la balle o\u00f9 vous le souhaitez. . De plus, les vibrations sont r\u00e9duites et permettent une plus grande adaptabilit\u00e9.<\/p>\n<p>Les avions sont fabriqu\u00e9s en <strong>Carbone 3K<\/strong>, ce qui ajoute une plus grande rigidit\u00e9, durabilit\u00e9 et r\u00e9sistance \u00e0 la raquette. La sensation lors de la frappe sera solide et constante. De plus, il favorise la prise de la balle pour obtenir un plus grand effet lors de sa frappe.<\/p>\n<h3>Excellentes performances<\/h3>\n<p>En revanche, ce mod\u00e8le est tr\u00e8s bien \u00e9quip\u00e9 en termes de technologie, puisqu&#8217;il int\u00e8gre le syst\u00e8me <strong>Auxetic<\/em><\/strong>, qui augmente le sentiment de confiance et permet une plus grande r\u00e9activit\u00e9.<\/p>\n<p>Il comprend \u00e9galement la <strong><em>technologie Soft Butt Cap<\/em><\/strong> qui se charge de r\u00e9duire les vibrations lors de la frappe pour offrir une sensation de confort absolu. En outre, il int\u00e8gre les technologies <em>Smart Bridge<\/em> et <em>Tailored Frame.<\/em><\/p>\n<p>Concernant son design, il pr\u00e9sente une esth\u00e9tique tr\u00e8s puissante, attrayante et moderne, qui combine des d\u00e9tails rouges avec des avions noirs.<\/p>\n<h2>Head Radical Motion 2024, sensaci\u00f3n de confianza<\/h2>\n","protected":false},"excerpt":{"rendered":"<div class=\"pr\u00e9sentation des attributs du produit\">\n<div class=\"value\">Raquette Head Radical Motion 2024, con\u00e7ue pour les joueurs de niveau interm\u00e9diaire ou avanc\u00e9 recherchant polyvalence et polyvalence. Forme de larme avec sweet spot centr\u00e9. Noyau en mousse de contr\u00f4le et avions en carbone 3K.<\/div>\n<\/div>\n<div class=\"product-add-form\">\n<div class=\"quantit\u00e9 de champ\"><\/div>\n<\/div>\n","protected":false},"featured_media":52348,"comment_status":"open","ping_status":"closed","template":"","meta":{"_acf_changed":false,"_joinchat":[]},"acabado":[],"balance":[1142],"dureza":[1157],"forma":[1187],"jugador":[1192,1202],"marca":[1222],"nivel-de-juego":[1337],"superficie":[1367],"tipo-de-juego":[],"product_brand":[],"product_cat":[302],"product_tag":[],"class_list":{"0":"post-20375","1":"product","2":"type-product","3":"status-publish","4":"has-post-thumbnail","6":"balance-moyen","7":"dureza-media-fr","8":"forma-lagrima-fr","9":"jugador-homme","10":"jugador-polivalente-fr","11":"marca-tete","12":"superficie-polyvalent","13":"product_cat-palas-de-padel-fr","15":"first","16":"instock","17":"sale","18":"taxable","19":"shipping-taxable","20":"purchasable","21":"product-type-simple"},"acf":[],"yoast_head":"<!-- This site is optimized with the Yoast SEO plugin v27.4 - https:\/\/yoast.com\/product\/yoast-seo-wordpress\/ -->\n<title>HEAD RADICAL MOTION 2024 - Revolution Padel Store<\/title>\n<meta name=\"description\" content=\"Pala Head Radical Motion 2024, pensada para jugadores de nivel intermedio o avanzado que busquen polivalencia y versatilidad. Forma de l\u00e1grima con punto dulce centrado. N\u00facleo de Control Foam y planos de Carbono 3K.\" \/>\n<meta name=\"robots\" content=\"index, follow, max-snippet:-1, max-image-preview:large, max-video-preview:-1\" \/>\n<link rel=\"canonical\" href=\"https:\/\/revolutionpadelstore.com\/fr\/produit\/head-radical-motion-2024-3\/\" \/>\n<meta property=\"og:locale\" content=\"fr_FR\" \/>\n<meta property=\"og:type\" content=\"article\" \/>\n<meta property=\"og:title\" content=\"HEAD RADICAL MOTION 2024 - Revolution Padel Store\" \/>\n<meta property=\"og:description\" content=\"Pala Head Radical Motion 2024, pensada para jugadores de nivel intermedio o avanzado que busquen polivalencia y versatilidad. Forma de l\u00e1grima con punto dulce centrado. N\u00facleo de Control Foam y planos de Carbono 3K.\" \/>\n<meta property=\"og:url\" content=\"https:\/\/revolutionpadelstore.com\/fr\/produit\/head-radical-motion-2024-3\/\" \/>\n<meta property=\"og:site_name\" content=\"Revolution Padel Store\" \/>\n<meta property=\"article:modified_time\" content=\"2026-04-08T13:02:27+00:00\" \/>\n<meta property=\"og:image\" content=\"https:\/\/revolutionpadelstore.com\/wp-content\/uploads\/2024\/03\/111512_pala_head_radical_motion_2024_222044_1500x1500_1_be98.webp\" \/>\n\t<meta property=\"og:image:width\" content=\"1500\" \/>\n\t<meta property=\"og:image:height\" content=\"1500\" \/>\n\t<meta property=\"og:image:type\" content=\"image\/webp\" \/>\n<meta name=\"twitter:card\" content=\"summary_large_image\" \/>\n<meta name=\"twitter:label1\" content=\"Dur\u00e9e de lecture estim\u00e9e\" \/>\n\t<meta name=\"twitter:data1\" content=\"2 minutes\" \/>\n<script type=\"application\/ld+json\" class=\"yoast-schema-graph\">{\"@context\":\"https:\\\/\\\/schema.org\",\"@graph\":[{\"@type\":\"WebPage\",\"@id\":\"https:\\\/\\\/revolutionpadelstore.com\\\/fr\\\/produit\\\/head-radical-motion-2024-3\\\/\",\"url\":\"https:\\\/\\\/revolutionpadelstore.com\\\/fr\\\/produit\\\/head-radical-motion-2024-3\\\/\",\"name\":\"HEAD RADICAL MOTION 2024 - Revolution Padel Store\",\"isPartOf\":{\"@id\":\"https:\\\/\\\/revolutionpadelstore.com\\\/fr\\\/#website\"},\"primaryImageOfPage\":{\"@id\":\"https:\\\/\\\/revolutionpadelstore.com\\\/fr\\\/produit\\\/head-radical-motion-2024-3\\\/#primaryimage\"},\"image\":{\"@id\":\"https:\\\/\\\/revolutionpadelstore.com\\\/fr\\\/produit\\\/head-radical-motion-2024-3\\\/#primaryimage\"},\"thumbnailUrl\":\"https:\\\/\\\/revolutionpadelstore.com\\\/wp-content\\\/uploads\\\/2024\\\/03\\\/111512_pala_head_radical_motion_2024_222044_1500x1500_1_be98.webp\",\"datePublished\":\"2024-03-15T11:47:15+00:00\",\"dateModified\":\"2026-04-08T13:02:27+00:00\",\"description\":\"Pala Head Radical Motion 2024, pensada para jugadores de nivel intermedio o avanzado que busquen polivalencia y versatilidad. Forma de l\u00e1grima con punto dulce centrado. N\u00facleo de Control Foam y planos de Carbono 3K.\",\"breadcrumb\":{\"@id\":\"https:\\\/\\\/revolutionpadelstore.com\\\/fr\\\/produit\\\/head-radical-motion-2024-3\\\/#breadcrumb\"},\"inLanguage\":\"fr-FR\",\"potentialAction\":[{\"@type\":\"ReadAction\",\"target\":[\"https:\\\/\\\/revolutionpadelstore.com\\\/fr\\\/produit\\\/head-radical-motion-2024-3\\\/\"]}]},{\"@type\":\"ImageObject\",\"inLanguage\":\"fr-FR\",\"@id\":\"https:\\\/\\\/revolutionpadelstore.com\\\/fr\\\/produit\\\/head-radical-motion-2024-3\\\/#primaryimage\",\"url\":\"https:\\\/\\\/revolutionpadelstore.com\\\/wp-content\\\/uploads\\\/2024\\\/03\\\/111512_pala_head_radical_motion_2024_222044_1500x1500_1_be98.webp\",\"contentUrl\":\"https:\\\/\\\/revolutionpadelstore.com\\\/wp-content\\\/uploads\\\/2024\\\/03\\\/111512_pala_head_radical_motion_2024_222044_1500x1500_1_be98.webp\",\"width\":1500,\"height\":1500},{\"@type\":\"BreadcrumbList\",\"@id\":\"https:\\\/\\\/revolutionpadelstore.com\\\/fr\\\/produit\\\/head-radical-motion-2024-3\\\/#breadcrumb\",\"itemListElement\":[{\"@type\":\"ListItem\",\"position\":1,\"name\":\"Portada\",\"item\":\"https:\\\/\\\/revolutionpadelstore.com\\\/fr\\\/\"},{\"@type\":\"ListItem\",\"position\":2,\"name\":\"Boutique\",\"item\":\"https:\\\/\\\/revolutionpadelstore.com\\\/fr\\\/tienda\\\/\"},{\"@type\":\"ListItem\",\"position\":3,\"name\":\"HEAD RADICAL MOTION 2024\"}]},{\"@type\":\"WebSite\",\"@id\":\"https:\\\/\\\/revolutionpadelstore.com\\\/fr\\\/#website\",\"url\":\"https:\\\/\\\/revolutionpadelstore.com\\\/fr\\\/\",\"name\":\"Revolution Padel Store\",\"description\":\"\",\"publisher\":{\"@id\":\"https:\\\/\\\/revolutionpadelstore.com\\\/fr\\\/#organization\"},\"potentialAction\":[{\"@type\":\"SearchAction\",\"target\":{\"@type\":\"EntryPoint\",\"urlTemplate\":\"https:\\\/\\\/revolutionpadelstore.com\\\/fr\\\/?s={search_term_string}\"},\"query-input\":{\"@type\":\"PropertyValueSpecification\",\"valueRequired\":true,\"valueName\":\"search_term_string\"}}],\"inLanguage\":\"fr-FR\"},{\"@type\":\"Organization\",\"@id\":\"https:\\\/\\\/revolutionpadelstore.com\\\/fr\\\/#organization\",\"name\":\"Revolution Padel Store\",\"url\":\"https:\\\/\\\/revolutionpadelstore.com\\\/fr\\\/\",\"logo\":{\"@type\":\"ImageObject\",\"inLanguage\":\"fr-FR\",\"@id\":\"https:\\\/\\\/revolutionpadelstore.com\\\/fr\\\/#\\\/schema\\\/logo\\\/image\\\/\",\"url\":\"https:\\\/\\\/revolutionpadelstore.com\\\/wp-content\\\/uploads\\\/2026\\\/02\\\/revolution-padel-store.jpg\",\"contentUrl\":\"https:\\\/\\\/revolutionpadelstore.com\\\/wp-content\\\/uploads\\\/2026\\\/02\\\/revolution-padel-store.jpg\",\"width\":2000,\"height\":2000,\"caption\":\"Revolution Padel Store\"},\"image\":{\"@id\":\"https:\\\/\\\/revolutionpadelstore.com\\\/fr\\\/#\\\/schema\\\/logo\\\/image\\\/\"},\"sameAs\":[\"https:\\\/\\\/www.instagram.com\\\/revolutionpadelstore\\\/\"]}]}<\/script>\n<!-- \/ Yoast SEO plugin. -->","yoast_head_json":{"title":"HEAD RADICAL MOTION 2024 - Revolution Padel Store","description":"Pala Head Radical Motion 2024, pensada para jugadores de nivel intermedio o avanzado que busquen polivalencia y versatilidad. Forma de l\u00e1grima con punto dulce centrado. N\u00facleo de Control Foam y planos de Carbono 3K.","robots":{"index":"index","follow":"follow","max-snippet":"max-snippet:-1","max-image-preview":"max-image-preview:large","max-video-preview":"max-video-preview:-1"},"canonical":"https:\/\/revolutionpadelstore.com\/fr\/produit\/head-radical-motion-2024-3\/","og_locale":"fr_FR","og_type":"article","og_title":"HEAD RADICAL MOTION 2024 - Revolution Padel Store","og_description":"Pala Head Radical Motion 2024, pensada para jugadores de nivel intermedio o avanzado que busquen polivalencia y versatilidad. Forma de l\u00e1grima con punto dulce centrado. N\u00facleo de Control Foam y planos de Carbono 3K.","og_url":"https:\/\/revolutionpadelstore.com\/fr\/produit\/head-radical-motion-2024-3\/","og_site_name":"Revolution Padel Store","article_modified_time":"2026-04-08T13:02:27+00:00","og_image":[{"width":1500,"height":1500,"url":"https:\/\/revolutionpadelstore.com\/wp-content\/uploads\/2024\/03\/111512_pala_head_radical_motion_2024_222044_1500x1500_1_be98.webp","type":"image\/webp"}],"twitter_card":"summary_large_image","twitter_misc":{"Dur\u00e9e de lecture estim\u00e9e":"2 minutes"},"schema":{"@context":"https:\/\/schema.org","@graph":[{"@type":"WebPage","@id":"https:\/\/revolutionpadelstore.com\/fr\/produit\/head-radical-motion-2024-3\/","url":"https:\/\/revolutionpadelstore.com\/fr\/produit\/head-radical-motion-2024-3\/","name":"HEAD RADICAL MOTION 2024 - Revolution Padel Store","isPartOf":{"@id":"https:\/\/revolutionpadelstore.com\/fr\/#website"},"primaryImageOfPage":{"@id":"https:\/\/revolutionpadelstore.com\/fr\/produit\/head-radical-motion-2024-3\/#primaryimage"},"image":{"@id":"https:\/\/revolutionpadelstore.com\/fr\/produit\/head-radical-motion-2024-3\/#primaryimage"},"thumbnailUrl":"https:\/\/revolutionpadelstore.com\/wp-content\/uploads\/2024\/03\/111512_pala_head_radical_motion_2024_222044_1500x1500_1_be98.webp","datePublished":"2024-03-15T11:47:15+00:00","dateModified":"2026-04-08T13:02:27+00:00","description":"Pala Head Radical Motion 2024, pensada para jugadores de nivel intermedio o avanzado que busquen polivalencia y versatilidad. Forma de l\u00e1grima con punto dulce centrado. N\u00facleo de Control Foam y planos de Carbono 3K.","breadcrumb":{"@id":"https:\/\/revolutionpadelstore.com\/fr\/produit\/head-radical-motion-2024-3\/#breadcrumb"},"inLanguage":"fr-FR","potentialAction":[{"@type":"ReadAction","target":["https:\/\/revolutionpadelstore.com\/fr\/produit\/head-radical-motion-2024-3\/"]}]},{"@type":"ImageObject","inLanguage":"fr-FR","@id":"https:\/\/revolutionpadelstore.com\/fr\/produit\/head-radical-motion-2024-3\/#primaryimage","url":"https:\/\/revolutionpadelstore.com\/wp-content\/uploads\/2024\/03\/111512_pala_head_radical_motion_2024_222044_1500x1500_1_be98.webp","contentUrl":"https:\/\/revolutionpadelstore.com\/wp-content\/uploads\/2024\/03\/111512_pala_head_radical_motion_2024_222044_1500x1500_1_be98.webp","width":1500,"height":1500},{"@type":"BreadcrumbList","@id":"https:\/\/revolutionpadelstore.com\/fr\/produit\/head-radical-motion-2024-3\/#breadcrumb","itemListElement":[{"@type":"ListItem","position":1,"name":"Portada","item":"https:\/\/revolutionpadelstore.com\/fr\/"},{"@type":"ListItem","position":2,"name":"Boutique","item":"https:\/\/revolutionpadelstore.com\/fr\/tienda\/"},{"@type":"ListItem","position":3,"name":"HEAD RADICAL MOTION 2024"}]},{"@type":"WebSite","@id":"https:\/\/revolutionpadelstore.com\/fr\/#website","url":"https:\/\/revolutionpadelstore.com\/fr\/","name":"Revolution Padel Store","description":"","publisher":{"@id":"https:\/\/revolutionpadelstore.com\/fr\/#organization"},"potentialAction":[{"@type":"SearchAction","target":{"@type":"EntryPoint","urlTemplate":"https:\/\/revolutionpadelstore.com\/fr\/?s={search_term_string}"},"query-input":{"@type":"PropertyValueSpecification","valueRequired":true,"valueName":"search_term_string"}}],"inLanguage":"fr-FR"},{"@type":"Organization","@id":"https:\/\/revolutionpadelstore.com\/fr\/#organization","name":"Revolution Padel Store","url":"https:\/\/revolutionpadelstore.com\/fr\/","logo":{"@type":"ImageObject","inLanguage":"fr-FR","@id":"https:\/\/revolutionpadelstore.com\/fr\/#\/schema\/logo\/image\/","url":"https:\/\/revolutionpadelstore.com\/wp-content\/uploads\/2026\/02\/revolution-padel-store.jpg","contentUrl":"https:\/\/revolutionpadelstore.com\/wp-content\/uploads\/2026\/02\/revolution-padel-store.jpg","width":2000,"height":2000,"caption":"Revolution Padel Store"},"image":{"@id":"https:\/\/revolutionpadelstore.com\/fr\/#\/schema\/logo\/image\/"},"sameAs":["https:\/\/www.instagram.com\/revolutionpadelstore\/"]}]}},"_links":{"self":[{"href":"https:\/\/revolutionpadelstore.com\/fr\/wp-json\/wp\/v2\/product\/20375","targetHints":{"allow":["GET"]}}],"collection":[{"href":"https:\/\/revolutionpadelstore.com\/fr\/wp-json\/wp\/v2\/product"}],"about":[{"href":"https:\/\/revolutionpadelstore.com\/fr\/wp-json\/wp\/v2\/types\/product"}],"replies":[{"embeddable":true,"href":"https:\/\/revolutionpadelstore.com\/fr\/wp-json\/wp\/v2\/comments?post=20375"}],"wp:featuredmedia":[{"embeddable":true,"href":"https:\/\/revolutionpadelstore.com\/fr\/wp-json\/wp\/v2\/media\/52348"}],"wp:attachment":[{"href":"https:\/\/revolutionpadelstore.com\/fr\/wp-json\/wp\/v2\/media?parent=20375"}],"wp:term":[{"taxonomy":"acabado","embeddable":true,"href":"https:\/\/revolutionpadelstore.com\/fr\/wp-json\/wp\/v2\/acabado?post=20375"},{"taxonomy":"balance","embeddable":true,"href":"https:\/\/revolutionpadelstore.com\/fr\/wp-json\/wp\/v2\/balance?post=20375"},{"taxonomy":"dureza","embeddable":true,"href":"https:\/\/revolutionpadelstore.com\/fr\/wp-json\/wp\/v2\/dureza?post=20375"},{"taxonomy":"forma","embeddable":true,"href":"https:\/\/revolutionpadelstore.com\/fr\/wp-json\/wp\/v2\/forma?post=20375"},{"taxonomy":"jugador","embeddable":true,"href":"https:\/\/revolutionpadelstore.com\/fr\/wp-json\/wp\/v2\/jugador?post=20375"},{"taxonomy":"marca","embeddable":true,"href":"https:\/\/revolutionpadelstore.com\/fr\/wp-json\/wp\/v2\/marca?post=20375"},{"taxonomy":"nivel-de-juego","embeddable":true,"href":"https:\/\/revolutionpadelstore.com\/fr\/wp-json\/wp\/v2\/nivel-de-juego?post=20375"},{"taxonomy":"superficie","embeddable":true,"href":"https:\/\/revolutionpadelstore.com\/fr\/wp-json\/wp\/v2\/superficie?post=20375"},{"taxonomy":"tipo-de-juego","embeddable":true,"href":"https:\/\/revolutionpadelstore.com\/fr\/wp-json\/wp\/v2\/tipo-de-juego?post=20375"},{"taxonomy":"product_brand","embeddable":true,"href":"https:\/\/revolutionpadelstore.com\/fr\/wp-json\/wp\/v2\/product_brand?post=20375"},{"taxonomy":"product_cat","embeddable":true,"href":"https:\/\/revolutionpadelstore.com\/fr\/wp-json\/wp\/v2\/product_cat?post=20375"},{"taxonomy":"product_tag","embeddable":true,"href":"https:\/\/revolutionpadelstore.com\/fr\/wp-json\/wp\/v2\/product_tag?post=20375"}],"curies":[{"name":"wp","href":"https:\/\/api.w.org\/{rel}","templated":true}]}}